{"id":3370,"date":"2023-10-30T10:32:57","date_gmt":"2023-10-30T10:32:57","guid":{"rendered":"https:\/\/exceladvisor.org\/de\/absatz-in-einer-zelle\/"},"modified":"2023-12-03T11:19:50","modified_gmt":"2023-12-03T11:19:50","slug":"absatz-in-einer-zelle","status":"publish","type":"page","link":"https:\/\/exceladvisor.org\/de\/absatz-in-einer-zelle\/","title":{"rendered":"Wie erstelle ich einen absatz in einer zelle in excel?"},"content":{"rendered":"<div class=\"excel-vor-dem-inhalt\" id=\"excel-2643503237\"><script type=\"text\/javascript\">\r\n\tatOptions = {\r\n\t\t'key' : 'c1158f160081d6540a8409e6925dab94',\r\n\t\t'format' : 'iframe',\r\n\t\t'height' : 250,\r\n\t\t'width' : 300,\r\n\t\t'params' : {}\r\n\t};\r\n<\/script>\r\n<script type=\"text\/javascript\" src=\"\/\/www.highperformanceformat.com\/c1158f160081d6540a8409e6925dab94\/invoke.js\"><\/script><\/div> <p>In Excel gibt es Zellen zum Eingeben und Speichern von Daten. Eine Zelle ist 96 Pixel breit und 24 Pixel hoch, und Sie k\u00f6nnen ihr nur ein oder zwei W\u00f6rter hinzuf\u00fcgen.<\/p><p> Manchmal m\u00fcssen Sie jedoch einen ganzen Absatz zum Arbeitsblatt in Excel hinzuf\u00fcgen. Hierf\u00fcr gibt es einige Optionen, die Sie nutzen k\u00f6nnen. <\/p><div class=\"wp-block-image\"><figure class=\"aligncenter size-full is-resized\"><img loading=\"lazy\" decoding=\"async\" class=\"wp-image-72435\" src=\"https:\/\/exceladvisor.org\/wp-content\/uploads\/2023\/08\/1-cellule-dans-excel.png\" sizes=\"auto, \" srcset=\"\" alt=\"Zelle in Excel\" width=\"463\" height=\"244\"><\/figure><\/div><p> In diesem Tutorial lernen wir alle diese Optionen kennen.<\/p><h2 class=\"wp-block-heading\"> Schritte zur Verwendung von Warp Text zum Hinzuf\u00fcgen eines Absatzes in einer einzelnen Zelle in Excel<\/h2><ol><li> W\u00e4hlen Sie zun\u00e4chst die Zelle aus, in die Sie den Absatz eingeben m\u00f6chten, und bearbeiten Sie ihn. <br><img loading=\"lazy\" decoding=\"async\" title=\"2-Zellenauswahl\" src=\"https:\/\/exceladvisor.org\/wp-content\/uploads\/2023\/08\/2-selectionner-la-cellule.png\" sizes=\"auto, \" srcset=\"\" alt=\"select-the-cell\" width=\"435\" height=\"174\"><\/li><li> F\u00fcgen Sie nun den Absatztext ein, den Sie hinzuf\u00fcgen m\u00f6chten, oder geben Sie ihn ein. Es sieht dann wie folgt aus, wobei Ihr Text \u00fcber die Zelle hinausgeht. <br><img loading=\"lazy\" decoding=\"async\" title=\"3-Absatztext einf\u00fcgen oder eingeben\" src=\"https:\/\/exceladvisor.org\/wp-content\/uploads\/2023\/08\/3-coller-ou-taper-le-texte-du-paragraphe.png\" sizes=\"auto, \" srcset=\"\" alt=\"paste-or-type-paragraph-text\" width=\"477\" height=\"272\"><\/li><li> Als n\u00e4chstes m\u00fcssen Sie die Zellenbreite und -h\u00f6he \u00e4ndern, damit der gesamte Text in eine einzige Zelle passt. <br><img loading=\"lazy\" decoding=\"async\" title=\"4-Zellengr\u00f6\u00dfe \u00e4ndern\" src=\"https:\/\/exceladvisor.org\/wp-content\/uploads\/2023\/08\/4-changer-la-taille-de-la-cellule.png\" sizes=\"auto, \" srcset=\"\" alt=\"change-the-cell-size\" width=\"522\" height=\"298\"><\/li><li> Gehen Sie als N\u00e4chstes zur Registerkarte \u201eStartseite\u201c und zur Ausrichtungsgruppe und klicken Sie auf die Schaltfl\u00e4che \u201eText umbrechen\u201c, um den gesamten Text in der Zelle umzubrechen. <br><img loading=\"lazy\" decoding=\"async\" title=\"5-Klick-Textumbruch-Schaltfl\u00e4che\" src=\"https:\/\/exceladvisor.org\/wp-content\/uploads\/2023\/08\/Bouton-dhabillage-de-texte-en-5-clics.png\" sizes=\"auto, \" srcset=\"\" alt=\"click-wrap-text-button\" width=\"531\" height=\"274\"><\/li><\/ol><p> Auf diese Weise k\u00f6nnen Sie einen langen Textsatz als Absatz in der Zelle erstellen. Und wenn Sie die Breite und H\u00f6he der Zelle \u00e4ndern, \u00e4ndert sich auch der Absatz innerhalb der Zelle.<\/p><h2 class=\"wp-block-heading\"> Geben Sie einen Absatz mit einem Zeilenumbruch ein<\/h2><p> Wenn Sie einen vollst\u00e4ndigen Absatz in eine Zelle eingeben m\u00f6chten, k\u00f6nnen Sie einen Zeilenumbruch verwenden, um zur neuen Zeile in der Zelle zu wechseln. Wenn Sie mit einer Zeile fertig sind, verwenden Sie die Tastenkombination <strong>Alt + Eingabetaste<\/strong> , um eine <a href=\"https:\/\/exceladvisor.org\/de\/neue-zeile-in-der-zelle\/\">neue Zeile in die Zelle<\/a> einzuf\u00fcgen. <\/p><div class=\"wp-block-image\"><figure class=\"aligncenter size-full is-resized\"><img loading=\"lazy\" decoding=\"async\" class=\"wp-image-72440\" src=\"https:\/\/exceladvisor.org\/wp-content\/uploads\/2023\/08\/6-utiliser-un-saut-de-ligne-dans-la-cellule.png\" sizes=\"auto, \" srcset=\"\" alt=\"Zeilenumbruch in Zelle verwenden\" width=\"627\" height=\"150\"><\/figure><\/div><p> Mit dieser <a href=\"https:\/\/exceladvisor.org\/de\/tastaturkurzel\/\">Tastenkombination<\/a> k\u00f6nnen Sie beliebig viele Zeilenumbr\u00fcche in der Zelle erstellen. Und wenn Sie mehrere Abs\u00e4tze hinzuf\u00fcgen m\u00f6chten, funktioniert diese Methode am besten. <\/p><div class=\"wp-block-image\"><figure class=\"aligncenter size-full is-resized\"><img loading=\"lazy\" decoding=\"async\" class=\"wp-image-72441\" src=\"https:\/\/exceladvisor.org\/wp-content\/uploads\/2023\/08\/7-creer-de-nombreux-sauts-de-ligne.png\" sizes=\"auto, \" srcset=\"\" alt=\"mehrere Zeilenumbr\u00fcche erstellen\" width=\"591\" height=\"299\"><\/figure><\/div><p> Nach jedem Absatz m\u00fcssen Sie die Tastenkombination zweimal dr\u00fccken, einmal f\u00fcr den Zeilenabstand und einmal, um zur neuen Zeile zu wechseln.<\/p><h2 class=\"wp-block-heading\"> Verwenden Sie ein Textfeld, um einen Absatz in Excel hinzuzuf\u00fcgen<\/h2><p> In Excel <a href=\"https:\/\/exceladvisor.org\/de\/textzone\/\">k\u00f6nnen Sie ein Textfeld einf\u00fcgen<\/a> und dann den Absatztext hinzuf\u00fcgen.<\/p><ol><li> Gehen Sie zun\u00e4chst zur Registerkarte \u201eEinf\u00fcgen\u201c, klicken Sie dann auf \u201eText\u201c, ziehen Sie nach unten und klicken Sie auf \u201eTextfeld\u201c. <br><img loading=\"lazy\" decoding=\"async\" title=\"8 Textfelder zum Hinzuf\u00fcgen eines Absatzes\" src=\"https:\/\/exceladvisor.org\/wp-content\/uploads\/2023\/08\/8-zone-de-texte-pour-ajouter-un-paragraphe.png\" sizes=\"auto, \" srcset=\"\" alt=\"text-box-to-add-paragraph\" width=\"400\" height=\"315\"><\/li><li> Als n\u00e4chstes m\u00fcssen Sie das Textfeld in die Tabelle einf\u00fcgen.<\/li><li> Bearbeiten Sie nun das Textfeld und f\u00fcgen Sie den Text ein oder f\u00fcgen Sie ihn ein. <br><img loading=\"lazy\" decoding=\"async\" title=\"9-Textfeld bearbeiten\" src=\"https:\/\/exceladvisor.org\/wp-content\/uploads\/2023\/08\/9-modifier-la-zone-de-texte.png\" sizes=\"auto, \" srcset=\"\" alt=\"edit-text-box\" width=\"769\" height=\"237\"><\/li><li> Passen Sie abschlie\u00dfend die Breite des Textfelds an.<\/li><\/ol><h2 class=\"wp-block-heading\"> Erstellen Sie einen Absatz mit \u201eAusf\u00fcllen und ausrichten\u201c.<\/h2><p> Angenommen, Sie haben einen Wert in mehreren Zellen und m\u00f6chten einen einzelnen Absatz erstellen, dann k\u00f6nnen Sie daf\u00fcr <a href=\"https:\/\/exceladvisor.org\/de\/vollig-rechtfertigen\/\">die F\u00fcllausrichtung<\/a> verwenden. F\u00fcllen Sie <a href=\"https:\/\/exceladvisor.org\/de\/eine-reihe-von-zellen-verketten\/\">die Werte aus mehreren Zellen aus, ordnen Sie sie aus und kombinieren Sie sie<\/a> . Im folgenden Beispiel haben wir einen Wert in drei Zellen A1, A2 und A3. <\/p><div class=\"wp-block-image\"><figure class=\"aligncenter size-full is-resized\"><img loading=\"lazy\" decoding=\"async\" class=\"wp-image-72444\" src=\"https:\/\/exceladvisor.org\/wp-content\/uploads\/2023\/08\/10-paragraphe-en-utilisant-le-remplissage-justifie.png\" sizes=\"auto, \" srcset=\"\" alt=\"Absatz-mit-Ausf\u00fcllung-Blocksatz\" width=\"621\" height=\"164\"><\/figure><\/div><p> Um nun einen Absatz dieser Werte in Zelle A1 zu erstellen, stellen Sie zun\u00e4chst die Spaltenbreite so ein, dass alle drei Werte in einer einzigen Zelle zusammengefasst werden. Ich habe die Breite auf 2125 Pixel ge\u00e4ndert.<\/p><ol><li> W\u00e4hlen Sie alle drei Zellen aus.<\/li><li> Gehen Sie zur Registerkarte \u201eStartseite\u201c.<\/li><li> Klicken Sie auf das Dropdown-Men\u00fc \u201eF\u00fcllen\u201c.<\/li><li> W\u00e4hlen Sie die Option \u201eAusrichten\u201c. <\/li><\/ol><div class=\"wp-block-image\"><figure class=\"aligncenter size-full is-resized\"><img loading=\"lazy\" decoding=\"async\" class=\"alignnone  wp-image-13016\" src=\"https:\/\/exceladvisor.org\/wp-content\/uploads\/2023\/11\/justify-excel.png\" alt=\"begr\u00fcnden-excel\" width=\"427\" height=\"347\" srcset=\"https:\/\/exceladvisor.org\/wp-content\/uploads\/2023\/11\/justify-excel.png 675w, https:\/\/exceladvisor.org\/wp-content\/uploads\/2023\/11\/justify-excel-300x244.png 300w\" sizes=\"auto, (max-width: 427px) 100vw, 427px\"><\/figure><\/div><p> Jetzt haben Sie alle Werte in der einzelnen Zelle und klicken nun auf die Option \u201eText umbrechen\u201c und \u00e4ndern die H\u00f6he und Breite der Zelle, um daraus einen Absatz zu machen. <\/p><div class=\"wp-block-image\"><figure class=\"aligncenter size-full is-resized\"><img loading=\"lazy\" decoding=\"async\" class=\"wp-image-72446\" src=\"https:\/\/exceladvisor.org\/wp-content\/uploads\/2023\/08\/12-envelopper-le-texte-et-definir-la-taille-de-la-cellule.png\" sizes=\"auto, \" srcset=\"\" alt=\"Text umbrechen und Zellengr\u00f6\u00dfe festlegen\" width=\"609\" height=\"203\"><\/figure><\/div><div class=\"gb-container gb-container-4db6181c gb-container-mt\"> <a class=\"gb-button gb-button-c5897111 gb-button-text gb-button-mt-button\" href=\"https:\/\/exceladvisor.org\/de\/excel-grundlagen\/\">Microsoft Excel-Grundlagen (Komponenten, Teile und Wissenshinweise)<\/a><h2 class=\"gb-headline gb-headline-665e5f6b gb-headline-text gb-headline-mt-heading\"> Verwandte Tutorials <\/h2><div class=\"gb-grid-wrapper gb-grid-wrapper-a20baf7c gb-grid-wrapper-mt-grid\"><div class=\"gb-grid-column gb-grid-column-65ddf67e\"><div class=\"gb-container gb-container-65ddf67e\"><ul><li> <a href=\"https:\/\/exceladvisor.org\/de\/hyperlinks-hinzufugen-und-entfernen\/\">F\u00fcgen Sie Hyperlinks in Excel hinzu und entfernen Sie sie<\/a><\/li><li> <a href=\"https:\/\/exceladvisor.org\/de\/wasserzeichen-hinzufugen\/\">F\u00fcgen Sie in Excel ein Wasserzeichen hinzu<\/a><\/li><li> <a href=\"https:\/\/exceladvisor.org\/de\/entfernen-sie-ausgeblendete-zeilenspalten\/\">L\u00f6schen Sie ausgeblendete Zeilen in Excel<\/a><\/li><li> <a href=\"https:\/\/exceladvisor.org\/de\/zellen-abwahlen\/\">Zellen in Excel abw\u00e4hlen<\/a> <\/li><\/ul><\/div><\/div><div class=\"gb-grid-column gb-grid-column-50067b57\"><div class=\"gb-container gb-container-50067b57\"><ul><li> <a href=\"https:\/\/exceladvisor.org\/de\/zeilen-loschen\/\">L\u00f6schen Sie eine Zeile oder mehrere Zeilen in Excel<\/a><\/li><li> <a href=\"https:\/\/exceladvisor.org\/de\/spalte-kopieren\/\">Kopieren Sie eine Spalte und f\u00fcgen Sie sie in Excel ein<\/a><\/li><li> <a href=\"https:\/\/exceladvisor.org\/de\/zeilenspalte-verschieben\/\">Verschieben Sie eine Zeile und Spalte in Excel<\/a><\/li><li> <a href=\"https:\/\/exceladvisor.org\/de\/spaltenbreite\/\">So \u00e4ndern Sie die Spaltenbreite in Excel<\/a><\/li><\/ul><\/div><\/div><\/div><\/div>","protected":false},"excerpt":{"rendered":"","protected":false},"author":1,"featured_media":0,"parent":0,"menu_order":0,"comment_status":"open","ping_status":"closed","template":"","meta":{"ub_ctt_via":"","footnotes":""},"class_list":["post-3370","page","type-page","status-publish","hentry"],"featured_image_src":null,"yoast_head":"<!-- This site is optimized with the Yoast SEO plugin v25.4 - https:\/\/yoast.com\/wordpress\/plugins\/seo\/ -->\n<title>Wie erstelle ich einen Absatz in einer Zelle in Excel?<\/title>\n<meta name=\"description\" content=\"In diesem Tutorial erfahren Sie, wie Sie in Excel einen Absatz in einer Zelle erstellen. Wir werden verschiedene Wege und Methoden betrachten\" \/>\n<meta name=\"robots\" content=\"index, follow, max-snippet:-1, max-image-preview:large, max-video-preview:-1\" \/>\n<link rel=\"canonical\" href=\"https:\/\/exceladvisor.org\/de\/absatz-in-einer-zelle\/\" \/>\n<meta property=\"og:locale\" content=\"de_DE\" \/>\n<meta property=\"og:type\" content=\"article\" \/>\n<meta property=\"og:title\" content=\"Wie erstelle ich einen Absatz in einer Zelle in Excel?\" \/>\n<meta property=\"og:description\" content=\"In diesem Tutorial erfahren Sie, wie Sie in Excel einen Absatz in einer Zelle erstellen. Wir werden verschiedene Wege und Methoden betrachten\" \/>\n<meta property=\"og:url\" content=\"https:\/\/exceladvisor.org\/de\/absatz-in-einer-zelle\/\" \/>\n<meta property=\"og:site_name\" content=\"Excel Advisor\" \/>\n<meta property=\"article:modified_time\" content=\"2023-12-03T11:19:50+00:00\" \/>\n<meta property=\"og:image\" content=\"https:\/\/exceladvisor.org\/wp-content\/uploads\/2023\/08\/1-cellule-dans-excel.png\" \/>\n<meta name=\"twitter:card\" content=\"summary_large_image\" \/>\n<meta name=\"twitter:label1\" content=\"Gesch\u00e4tzte Lesezeit\" \/>\n\t<meta name=\"twitter:data1\" content=\"3\u00a0Minuten\" \/>\n<script type=\"application\/ld+json\" class=\"yoast-schema-graph\">{\"@context\":\"https:\/\/schema.org\",\"@graph\":[{\"@type\":\"WebPage\",\"@id\":\"https:\/\/exceladvisor.org\/de\/absatz-in-einer-zelle\/\",\"url\":\"https:\/\/exceladvisor.org\/de\/absatz-in-einer-zelle\/\",\"name\":\"Wie erstelle ich einen Absatz in einer Zelle in Excel?\",\"isPartOf\":{\"@id\":\"https:\/\/exceladvisor.org\/de\/#website\"},\"primaryImageOfPage\":{\"@id\":\"https:\/\/exceladvisor.org\/de\/absatz-in-einer-zelle\/#primaryimage\"},\"image\":{\"@id\":\"https:\/\/exceladvisor.org\/de\/absatz-in-einer-zelle\/#primaryimage\"},\"thumbnailUrl\":\"https:\/\/exceladvisor.org\/wp-content\/uploads\/2023\/08\/1-cellule-dans-excel.png\",\"datePublished\":\"2023-10-30T10:32:57+00:00\",\"dateModified\":\"2023-12-03T11:19:50+00:00\",\"description\":\"In diesem Tutorial erfahren Sie, wie Sie in Excel einen Absatz in einer Zelle erstellen. Wir werden verschiedene Wege und Methoden betrachten\",\"breadcrumb\":{\"@id\":\"https:\/\/exceladvisor.org\/de\/absatz-in-einer-zelle\/#breadcrumb\"},\"inLanguage\":\"de\",\"potentialAction\":[{\"@type\":\"ReadAction\",\"target\":[\"https:\/\/exceladvisor.org\/de\/absatz-in-einer-zelle\/\"]}]},{\"@type\":\"ImageObject\",\"inLanguage\":\"de\",\"@id\":\"https:\/\/exceladvisor.org\/de\/absatz-in-einer-zelle\/#primaryimage\",\"url\":\"https:\/\/exceladvisor.org\/wp-content\/uploads\/2023\/08\/1-cellule-dans-excel.png\",\"contentUrl\":\"https:\/\/exceladvisor.org\/wp-content\/uploads\/2023\/08\/1-cellule-dans-excel.png\"},{\"@type\":\"BreadcrumbList\",\"@id\":\"https:\/\/exceladvisor.org\/de\/absatz-in-einer-zelle\/#breadcrumb\",\"itemListElement\":[{\"@type\":\"ListItem\",\"position\":1,\"name\":\"Accueil\",\"item\":\"https:\/\/exceladvisor.org\/de\/\"},{\"@type\":\"ListItem\",\"position\":2,\"name\":\"Wie erstelle ich einen absatz in einer zelle in excel?\"}]},{\"@type\":\"WebSite\",\"@id\":\"https:\/\/exceladvisor.org\/de\/#website\",\"url\":\"https:\/\/exceladvisor.org\/de\/\",\"name\":\"Excel Advisor\",\"description\":\"Ihr Leitfaden zur Datendominanz\",\"publisher\":{\"@id\":\"https:\/\/exceladvisor.org\/de\/#organization\"},\"potentialAction\":[{\"@type\":\"SearchAction\",\"target\":{\"@type\":\"EntryPoint\",\"urlTemplate\":\"https:\/\/exceladvisor.org\/de\/?s={search_term_string}\"},\"query-input\":{\"@type\":\"PropertyValueSpecification\",\"valueRequired\":true,\"valueName\":\"search_term_string\"}}],\"inLanguage\":\"de\"},{\"@type\":\"Organization\",\"@id\":\"https:\/\/exceladvisor.org\/de\/#organization\",\"name\":\"Excel Advisor\",\"url\":\"https:\/\/exceladvisor.org\/de\/\",\"logo\":{\"@type\":\"ImageObject\",\"inLanguage\":\"de\",\"@id\":\"https:\/\/exceladvisor.org\/de\/#\/schema\/logo\/image\/\",\"url\":\"https:\/\/exceladvisor.org\/de\/wp-content\/uploads\/2023\/11\/exceladvisor.org_.png\",\"contentUrl\":\"https:\/\/exceladvisor.org\/de\/wp-content\/uploads\/2023\/11\/exceladvisor.org_.png\",\"width\":105,\"height\":36,\"caption\":\"Excel Advisor\"},\"image\":{\"@id\":\"https:\/\/exceladvisor.org\/de\/#\/schema\/logo\/image\/\"}}]}<\/script>\n<!-- \/ Yoast SEO plugin. -->","yoast_head_json":{"title":"Wie erstelle ich einen Absatz in einer Zelle in Excel?","description":"In diesem Tutorial erfahren Sie, wie Sie in Excel einen Absatz in einer Zelle erstellen. Wir werden verschiedene Wege und Methoden betrachten","robots":{"index":"index","follow":"follow","max-snippet":"max-snippet:-1","max-image-preview":"max-image-preview:large","max-video-preview":"max-video-preview:-1"},"canonical":"https:\/\/exceladvisor.org\/de\/absatz-in-einer-zelle\/","og_locale":"de_DE","og_type":"article","og_title":"Wie erstelle ich einen Absatz in einer Zelle in Excel?","og_description":"In diesem Tutorial erfahren Sie, wie Sie in Excel einen Absatz in einer Zelle erstellen. Wir werden verschiedene Wege und Methoden betrachten","og_url":"https:\/\/exceladvisor.org\/de\/absatz-in-einer-zelle\/","og_site_name":"Excel Advisor","article_modified_time":"2023-12-03T11:19:50+00:00","og_image":[{"url":"https:\/\/exceladvisor.org\/wp-content\/uploads\/2023\/08\/1-cellule-dans-excel.png","type":"","width":"","height":""}],"twitter_card":"summary_large_image","twitter_misc":{"Gesch\u00e4tzte Lesezeit":"3\u00a0Minuten"},"schema":{"@context":"https:\/\/schema.org","@graph":[{"@type":"WebPage","@id":"https:\/\/exceladvisor.org\/de\/absatz-in-einer-zelle\/","url":"https:\/\/exceladvisor.org\/de\/absatz-in-einer-zelle\/","name":"Wie erstelle ich einen Absatz in einer Zelle in Excel?","isPartOf":{"@id":"https:\/\/exceladvisor.org\/de\/#website"},"primaryImageOfPage":{"@id":"https:\/\/exceladvisor.org\/de\/absatz-in-einer-zelle\/#primaryimage"},"image":{"@id":"https:\/\/exceladvisor.org\/de\/absatz-in-einer-zelle\/#primaryimage"},"thumbnailUrl":"https:\/\/exceladvisor.org\/wp-content\/uploads\/2023\/08\/1-cellule-dans-excel.png","datePublished":"2023-10-30T10:32:57+00:00","dateModified":"2023-12-03T11:19:50+00:00","description":"In diesem Tutorial erfahren Sie, wie Sie in Excel einen Absatz in einer Zelle erstellen. Wir werden verschiedene Wege und Methoden betrachten","breadcrumb":{"@id":"https:\/\/exceladvisor.org\/de\/absatz-in-einer-zelle\/#breadcrumb"},"inLanguage":"de","potentialAction":[{"@type":"ReadAction","target":["https:\/\/exceladvisor.org\/de\/absatz-in-einer-zelle\/"]}]},{"@type":"ImageObject","inLanguage":"de","@id":"https:\/\/exceladvisor.org\/de\/absatz-in-einer-zelle\/#primaryimage","url":"https:\/\/exceladvisor.org\/wp-content\/uploads\/2023\/08\/1-cellule-dans-excel.png","contentUrl":"https:\/\/exceladvisor.org\/wp-content\/uploads\/2023\/08\/1-cellule-dans-excel.png"},{"@type":"BreadcrumbList","@id":"https:\/\/exceladvisor.org\/de\/absatz-in-einer-zelle\/#breadcrumb","itemListElement":[{"@type":"ListItem","position":1,"name":"Accueil","item":"https:\/\/exceladvisor.org\/de\/"},{"@type":"ListItem","position":2,"name":"Wie erstelle ich einen absatz in einer zelle in excel?"}]},{"@type":"WebSite","@id":"https:\/\/exceladvisor.org\/de\/#website","url":"https:\/\/exceladvisor.org\/de\/","name":"Excel Advisor","description":"Ihr Leitfaden zur Datendominanz","publisher":{"@id":"https:\/\/exceladvisor.org\/de\/#organization"},"potentialAction":[{"@type":"SearchAction","target":{"@type":"EntryPoint","urlTemplate":"https:\/\/exceladvisor.org\/de\/?s={search_term_string}"},"query-input":{"@type":"PropertyValueSpecification","valueRequired":true,"valueName":"search_term_string"}}],"inLanguage":"de"},{"@type":"Organization","@id":"https:\/\/exceladvisor.org\/de\/#organization","name":"Excel Advisor","url":"https:\/\/exceladvisor.org\/de\/","logo":{"@type":"ImageObject","inLanguage":"de","@id":"https:\/\/exceladvisor.org\/de\/#\/schema\/logo\/image\/","url":"https:\/\/exceladvisor.org\/de\/wp-content\/uploads\/2023\/11\/exceladvisor.org_.png","contentUrl":"https:\/\/exceladvisor.org\/de\/wp-content\/uploads\/2023\/11\/exceladvisor.org_.png","width":105,"height":36,"caption":"Excel Advisor"},"image":{"@id":"https:\/\/exceladvisor.org\/de\/#\/schema\/logo\/image\/"}}]}},"yoast_meta":{"yoast_wpseo_title":"","yoast_wpseo_metadesc":"","yoast_wpseo_canonical":""},"_links":{"self":[{"href":"https:\/\/exceladvisor.org\/de\/wp-json\/wp\/v2\/pages\/3370","targetHints":{"allow":["GET"]}}],"collection":[{"href":"https:\/\/exceladvisor.org\/de\/wp-json\/wp\/v2\/pages"}],"about":[{"href":"https:\/\/exceladvisor.org\/de\/wp-json\/wp\/v2\/types\/page"}],"author":[{"embeddable":true,"href":"https:\/\/exceladvisor.org\/de\/wp-json\/wp\/v2\/users\/1"}],"replies":[{"embeddable":true,"href":"https:\/\/exceladvisor.org\/de\/wp-json\/wp\/v2\/comments?post=3370"}],"version-history":[{"count":1,"href":"https:\/\/exceladvisor.org\/de\/wp-json\/wp\/v2\/pages\/3370\/revisions"}],"predecessor-version":[{"id":3968,"href":"https:\/\/exceladvisor.org\/de\/wp-json\/wp\/v2\/pages\/3370\/revisions\/3968"}],"wp:attachment":[{"href":"https:\/\/exceladvisor.org\/de\/wp-json\/wp\/v2\/media?parent=3370"}],"curies":[{"name":"wp","href":"https:\/\/api.w.org\/{rel}","templated":true}]}}