{"id":3372,"date":"2023-10-30T09:47:27","date_gmt":"2023-10-30T09:47:27","guid":{"rendered":"https:\/\/exceladvisor.org\/de\/datumsbereich-der-datenvalidierung\/"},"modified":"2023-12-03T11:19:39","modified_gmt":"2023-12-03T11:19:39","slug":"datumsbereich-der-datenvalidierung","status":"publish","type":"page","link":"https:\/\/exceladvisor.org\/de\/datumsbereich-der-datenvalidierung\/","title":{"rendered":"Wie erstelle ich eine datenvalidierung mit einem datumsbereich?"},"content":{"rendered":"<div class=\"excel-vor-dem-inhalt\" id=\"excel-2092120707\"><script type=\"text\/javascript\">\r\n\tatOptions = {\r\n\t\t'key' : 'c1158f160081d6540a8409e6925dab94',\r\n\t\t'format' : 'iframe',\r\n\t\t'height' : 250,\r\n\t\t'width' : 300,\r\n\t\t'params' : {}\r\n\t};\r\n<\/script>\r\n<script type=\"text\/javascript\" src=\"\/\/www.highperformanceformat.com\/c1158f160081d6540a8409e6925dab94\/invoke.js\"><\/script><\/div> <p>Angenommen, Sie m\u00fcssen eine Datenvalidierung f\u00fcr Daten erstellen, in denen Sie einen bestimmten Datumsbereich verwenden m\u00f6chten. Vereinfacht ausgedr\u00fcckt m\u00f6chten Sie, dass ein Benutzer ein Datum in eine Zelle eingibt, das innerhalb eines von Ihnen angegebenen Datumsbereichs liegen muss.<\/p><p> Nun, dies kann mithilfe einer benutzerdefinierten Formel basierend auf der UND-Funktion und einer einfachen M\u00f6glichkeit zum Festlegen von Datumsangaben in der Datumsbereichsoption bei der Datenvalidierung erfolgen. Beide Methoden verhindern, dass ein Benutzer ein Datum au\u00dferhalb des g\u00fcltigen Bereichs eingibt.<\/p><h2 class=\"wp-block-heading\"> Schritte zum Erstellen einer Datumsvalidierung mit einem Datumsbereich<\/h2><ol><li> W\u00e4hlen Sie zun\u00e4chst die Zelle aus, in der Sie diese Datenvalidierungsregel anwenden m\u00f6chten.<\/li><li> Gehen Sie nun zur Registerkarte Daten \u21e2 Datenvalidierung \u21e2 Datenvalidierung.<\/li><li> W\u00e4hlen Sie dort im Datenvalidierungsdialog im Dropdown-Men\u00fc \u201eZulassen\u201c die Option \u201eDatum\u201c aus.<\/li><li> W\u00e4hlen Sie anschlie\u00dfend im Dropdown-Men\u00fc \u201eDaten\u201c die Option \u201eEingaben\u201c aus.<\/li><li> Als n\u00e4chstes m\u00fcssen Sie in den Eingabefeldern \u201eStartdatum\u201c und \u201eEnddatum\u201c zwei Daten eingeben.<\/li><li> Klicken Sie abschlie\u00dfend auf OK. <\/li><\/ol><div class=\"wp-block-image\"><figure class=\"aligncenter\"><img decoding=\"async\" src=\"https:\/\/exceladvisor.org\/wp-content\/uploads\/2023\/08\/creer-une-plage-de-dates-dans-la-validation-des-donnees.png\" sizes=\"\" srcset=\"\" alt=\"\"><\/figure><\/div><p> Jetzt kann der Benutzer in allen von Ihnen ausgew\u00e4hlten Zellen nur ein Datum innerhalb des von Ihnen angegebenen Datumsbereichs eingeben.<\/p><p> Anstatt Daten direkt in die Datenvalidierung einzugeben, k\u00f6nnen Sie auch auf die Zellen verweisen, in denen Sie Daten haben.<\/p><p> Auf diese Weise k\u00f6nnen Sie die Daten jederzeit \u00e4ndern, ohne die Option zu \u00f6ffnen. Mit der TODAY-Funktion k\u00f6nnen Sie einen dynamischen Datumsbereich erstellen.<\/p><h2 class=\"wp-block-heading\"> Verwenden der UND-Funktion zum Erstellen eines Datumsbereichs bei der Datenvalidierung<\/h2><p> Das Gleiche kann auch mit einer benutzerdefinierten Formel basierend auf der UND-Funktion erfolgen.<\/p><ol><li> W\u00e4hlen Sie zun\u00e4chst Zelle A1 aus.<\/li><li> W\u00e4hlen Sie im Datenvalidierungsdialog im Dropdown-Men\u00fc \u201eZulassen\u201c die Option \u201eBenutzerdefiniert\u201c aus.<\/li><li> Geben Sie nun in der Formeleingabeleiste die folgende Formel ein und klicken Sie auf OK. <\/li><\/ol><pre class=\"wp-block-code\"> <code class=\"language-excel-formula\" lang=\"excel-formula\">=AND(A1&gt;=DATE(2016,6,1),A1&lt;=DATE(2016,6,30))<\/code><\/pre><div class=\"wp-block-image\"><figure class=\"aligncenter\"><img decoding=\"async\" src=\"https:\/\/exceladvisor.org\/wp-content\/uploads\/2023\/08\/creer-une-plage-de-dates-dans-la-validation-des-donnees-a-laide-dune-formule-personnalisee.png\" sizes=\"\" srcset=\"\" alt=\"\"><\/figure><\/div><p> Diese Methode ist etwas eingeschr\u00e4nkt und komplex. Wenn Sie Daten jedoch nur einmal angeben m\u00f6chten, k\u00f6nnen Sie diese Methode verwenden.<\/p><div class=\"gb-container gb-container-4db6181c gb-container-mt\"> <a class=\"gb-button gb-button-c5897111 gb-button-text gb-button-mt-button\" href=\"https:\/\/exceladvisor.org\/de\/excel-fortschritt\/\">Erweiterte Excel-Tutorials<\/a><h2 class=\"gb-headline gb-headline-665e5f6b gb-headline-text gb-headline-mt-heading\"> Verwandte Tutorials <\/h2><div class=\"gb-grid-wrapper gb-grid-wrapper-a20baf7c gb-grid-wrapper-mt-grid\"><div class=\"gb-grid-column gb-grid-column-65ddf67e\"><div class=\"gb-container gb-container-65ddf67e\"><ul><li> <a href=\"https:\/\/exceladvisor.org\/de\/abhangige-dropdown-liste\/\">Abh\u00e4ngige Dropdown-Liste in Excel<\/a><\/li><li> <a href=\"https:\/\/exceladvisor.org\/de\/dynamische-liste\/\">Dynamische Dropdown-Liste in Excel<\/a> <\/li><\/ul><\/div><\/div><div class=\"gb-grid-column gb-grid-column-50067b57\"><div class=\"gb-container gb-container-50067b57\"><ul><li> <a href=\"https:\/\/exceladvisor.org\/de\/ja-nein-dropdown-liste\/\">Erstellen Sie in Excel eine Ja-Nein-Dropdown-Liste<\/a><\/li><li> <a href=\"https:\/\/exceladvisor.org\/de\/dropdown-liste-entfernen\/\">Dropdown-Liste (Datenvalidierung) in Excel entfernen<\/a><\/li><\/ul><\/div><\/div><\/div><\/div>","protected":false},"excerpt":{"rendered":"","protected":false},"author":1,"featured_media":0,"parent":0,"menu_order":0,"comment_status":"open","ping_status":"closed","template":"","meta":{"ub_ctt_via":"","footnotes":""},"class_list":["post-3372","page","type-page","status-publish","hentry"],"featured_image_src":null,"yoast_head":"<!-- This site is optimized with the Yoast SEO plugin v25.4 - https:\/\/yoast.com\/wordpress\/plugins\/seo\/ -->\n<title>So erstellen Sie eine Datenvalidierung mit einem Datumsbereich<\/title>\n<meta name=\"description\" content=\"Lernen Sie einen einfachen Schritt-f\u00fcr-Schritt-Prozess zum Erstellen einer Datenvalidierung mithilfe eines Datumsbereichs in Excel.\" \/>\n<meta name=\"robots\" content=\"index, follow, max-snippet:-1, max-image-preview:large, max-video-preview:-1\" \/>\n<link rel=\"canonical\" href=\"https:\/\/exceladvisor.org\/de\/datumsbereich-der-datenvalidierung\/\" \/>\n<meta property=\"og:locale\" content=\"de_DE\" \/>\n<meta property=\"og:type\" content=\"article\" \/>\n<meta property=\"og:title\" content=\"So erstellen Sie eine Datenvalidierung mit einem Datumsbereich\" \/>\n<meta property=\"og:description\" content=\"Lernen Sie einen einfachen Schritt-f\u00fcr-Schritt-Prozess zum Erstellen einer Datenvalidierung mithilfe eines Datumsbereichs in Excel.\" \/>\n<meta property=\"og:url\" content=\"https:\/\/exceladvisor.org\/de\/datumsbereich-der-datenvalidierung\/\" \/>\n<meta property=\"og:site_name\" content=\"Excel Advisor\" \/>\n<meta property=\"article:modified_time\" content=\"2023-12-03T11:19:39+00:00\" \/>\n<meta property=\"og:image\" content=\"https:\/\/exceladvisor.org\/wp-content\/uploads\/2023\/08\/creer-une-plage-de-dates-dans-la-validation-des-donnees.png\" \/>\n<meta name=\"twitter:card\" content=\"summary_large_image\" \/>\n<meta name=\"twitter:label1\" content=\"Gesch\u00e4tzte Lesezeit\" \/>\n\t<meta name=\"twitter:data1\" content=\"2\u00a0Minuten\" \/>\n<script type=\"application\/ld+json\" class=\"yoast-schema-graph\">{\"@context\":\"https:\/\/schema.org\",\"@graph\":[{\"@type\":\"WebPage\",\"@id\":\"https:\/\/exceladvisor.org\/de\/datumsbereich-der-datenvalidierung\/\",\"url\":\"https:\/\/exceladvisor.org\/de\/datumsbereich-der-datenvalidierung\/\",\"name\":\"So erstellen Sie eine Datenvalidierung mit einem Datumsbereich\",\"isPartOf\":{\"@id\":\"https:\/\/exceladvisor.org\/de\/#website\"},\"primaryImageOfPage\":{\"@id\":\"https:\/\/exceladvisor.org\/de\/datumsbereich-der-datenvalidierung\/#primaryimage\"},\"image\":{\"@id\":\"https:\/\/exceladvisor.org\/de\/datumsbereich-der-datenvalidierung\/#primaryimage\"},\"thumbnailUrl\":\"https:\/\/exceladvisor.org\/wp-content\/uploads\/2023\/08\/creer-une-plage-de-dates-dans-la-validation-des-donnees.png\",\"datePublished\":\"2023-10-30T09:47:27+00:00\",\"dateModified\":\"2023-12-03T11:19:39+00:00\",\"description\":\"Lernen Sie einen einfachen Schritt-f\u00fcr-Schritt-Prozess zum Erstellen einer Datenvalidierung mithilfe eines Datumsbereichs in Excel.\",\"breadcrumb\":{\"@id\":\"https:\/\/exceladvisor.org\/de\/datumsbereich-der-datenvalidierung\/#breadcrumb\"},\"inLanguage\":\"de\",\"potentialAction\":[{\"@type\":\"ReadAction\",\"target\":[\"https:\/\/exceladvisor.org\/de\/datumsbereich-der-datenvalidierung\/\"]}]},{\"@type\":\"ImageObject\",\"inLanguage\":\"de\",\"@id\":\"https:\/\/exceladvisor.org\/de\/datumsbereich-der-datenvalidierung\/#primaryimage\",\"url\":\"https:\/\/exceladvisor.org\/wp-content\/uploads\/2023\/08\/creer-une-plage-de-dates-dans-la-validation-des-donnees.png\",\"contentUrl\":\"https:\/\/exceladvisor.org\/wp-content\/uploads\/2023\/08\/creer-une-plage-de-dates-dans-la-validation-des-donnees.png\"},{\"@type\":\"BreadcrumbList\",\"@id\":\"https:\/\/exceladvisor.org\/de\/datumsbereich-der-datenvalidierung\/#breadcrumb\",\"itemListElement\":[{\"@type\":\"ListItem\",\"position\":1,\"name\":\"Accueil\",\"item\":\"https:\/\/exceladvisor.org\/de\/\"},{\"@type\":\"ListItem\",\"position\":2,\"name\":\"Wie erstelle ich eine datenvalidierung mit einem datumsbereich?\"}]},{\"@type\":\"WebSite\",\"@id\":\"https:\/\/exceladvisor.org\/de\/#website\",\"url\":\"https:\/\/exceladvisor.org\/de\/\",\"name\":\"Excel Advisor\",\"description\":\"Ihr Leitfaden zur Datendominanz\",\"publisher\":{\"@id\":\"https:\/\/exceladvisor.org\/de\/#organization\"},\"potentialAction\":[{\"@type\":\"SearchAction\",\"target\":{\"@type\":\"EntryPoint\",\"urlTemplate\":\"https:\/\/exceladvisor.org\/de\/?s={search_term_string}\"},\"query-input\":{\"@type\":\"PropertyValueSpecification\",\"valueRequired\":true,\"valueName\":\"search_term_string\"}}],\"inLanguage\":\"de\"},{\"@type\":\"Organization\",\"@id\":\"https:\/\/exceladvisor.org\/de\/#organization\",\"name\":\"Excel Advisor\",\"url\":\"https:\/\/exceladvisor.org\/de\/\",\"logo\":{\"@type\":\"ImageObject\",\"inLanguage\":\"de\",\"@id\":\"https:\/\/exceladvisor.org\/de\/#\/schema\/logo\/image\/\",\"url\":\"https:\/\/exceladvisor.org\/de\/wp-content\/uploads\/2023\/11\/exceladvisor.org_.png\",\"contentUrl\":\"https:\/\/exceladvisor.org\/de\/wp-content\/uploads\/2023\/11\/exceladvisor.org_.png\",\"width\":105,\"height\":36,\"caption\":\"Excel Advisor\"},\"image\":{\"@id\":\"https:\/\/exceladvisor.org\/de\/#\/schema\/logo\/image\/\"}}]}<\/script>\n<!-- \/ Yoast SEO plugin. -->","yoast_head_json":{"title":"So erstellen Sie eine Datenvalidierung mit einem Datumsbereich","description":"Lernen Sie einen einfachen Schritt-f\u00fcr-Schritt-Prozess zum Erstellen einer Datenvalidierung mithilfe eines Datumsbereichs in Excel.","robots":{"index":"index","follow":"follow","max-snippet":"max-snippet:-1","max-image-preview":"max-image-preview:large","max-video-preview":"max-video-preview:-1"},"canonical":"https:\/\/exceladvisor.org\/de\/datumsbereich-der-datenvalidierung\/","og_locale":"de_DE","og_type":"article","og_title":"So erstellen Sie eine Datenvalidierung mit einem Datumsbereich","og_description":"Lernen Sie einen einfachen Schritt-f\u00fcr-Schritt-Prozess zum Erstellen einer Datenvalidierung mithilfe eines Datumsbereichs in Excel.","og_url":"https:\/\/exceladvisor.org\/de\/datumsbereich-der-datenvalidierung\/","og_site_name":"Excel Advisor","article_modified_time":"2023-12-03T11:19:39+00:00","og_image":[{"url":"https:\/\/exceladvisor.org\/wp-content\/uploads\/2023\/08\/creer-une-plage-de-dates-dans-la-validation-des-donnees.png","type":"","width":"","height":""}],"twitter_card":"summary_large_image","twitter_misc":{"Gesch\u00e4tzte Lesezeit":"2\u00a0Minuten"},"schema":{"@context":"https:\/\/schema.org","@graph":[{"@type":"WebPage","@id":"https:\/\/exceladvisor.org\/de\/datumsbereich-der-datenvalidierung\/","url":"https:\/\/exceladvisor.org\/de\/datumsbereich-der-datenvalidierung\/","name":"So erstellen Sie eine Datenvalidierung mit einem Datumsbereich","isPartOf":{"@id":"https:\/\/exceladvisor.org\/de\/#website"},"primaryImageOfPage":{"@id":"https:\/\/exceladvisor.org\/de\/datumsbereich-der-datenvalidierung\/#primaryimage"},"image":{"@id":"https:\/\/exceladvisor.org\/de\/datumsbereich-der-datenvalidierung\/#primaryimage"},"thumbnailUrl":"https:\/\/exceladvisor.org\/wp-content\/uploads\/2023\/08\/creer-une-plage-de-dates-dans-la-validation-des-donnees.png","datePublished":"2023-10-30T09:47:27+00:00","dateModified":"2023-12-03T11:19:39+00:00","description":"Lernen Sie einen einfachen Schritt-f\u00fcr-Schritt-Prozess zum Erstellen einer Datenvalidierung mithilfe eines Datumsbereichs in Excel.","breadcrumb":{"@id":"https:\/\/exceladvisor.org\/de\/datumsbereich-der-datenvalidierung\/#breadcrumb"},"inLanguage":"de","potentialAction":[{"@type":"ReadAction","target":["https:\/\/exceladvisor.org\/de\/datumsbereich-der-datenvalidierung\/"]}]},{"@type":"ImageObject","inLanguage":"de","@id":"https:\/\/exceladvisor.org\/de\/datumsbereich-der-datenvalidierung\/#primaryimage","url":"https:\/\/exceladvisor.org\/wp-content\/uploads\/2023\/08\/creer-une-plage-de-dates-dans-la-validation-des-donnees.png","contentUrl":"https:\/\/exceladvisor.org\/wp-content\/uploads\/2023\/08\/creer-une-plage-de-dates-dans-la-validation-des-donnees.png"},{"@type":"BreadcrumbList","@id":"https:\/\/exceladvisor.org\/de\/datumsbereich-der-datenvalidierung\/#breadcrumb","itemListElement":[{"@type":"ListItem","position":1,"name":"Accueil","item":"https:\/\/exceladvisor.org\/de\/"},{"@type":"ListItem","position":2,"name":"Wie erstelle ich eine datenvalidierung mit einem datumsbereich?"}]},{"@type":"WebSite","@id":"https:\/\/exceladvisor.org\/de\/#website","url":"https:\/\/exceladvisor.org\/de\/","name":"Excel Advisor","description":"Ihr Leitfaden zur Datendominanz","publisher":{"@id":"https:\/\/exceladvisor.org\/de\/#organization"},"potentialAction":[{"@type":"SearchAction","target":{"@type":"EntryPoint","urlTemplate":"https:\/\/exceladvisor.org\/de\/?s={search_term_string}"},"query-input":{"@type":"PropertyValueSpecification","valueRequired":true,"valueName":"search_term_string"}}],"inLanguage":"de"},{"@type":"Organization","@id":"https:\/\/exceladvisor.org\/de\/#organization","name":"Excel Advisor","url":"https:\/\/exceladvisor.org\/de\/","logo":{"@type":"ImageObject","inLanguage":"de","@id":"https:\/\/exceladvisor.org\/de\/#\/schema\/logo\/image\/","url":"https:\/\/exceladvisor.org\/de\/wp-content\/uploads\/2023\/11\/exceladvisor.org_.png","contentUrl":"https:\/\/exceladvisor.org\/de\/wp-content\/uploads\/2023\/11\/exceladvisor.org_.png","width":105,"height":36,"caption":"Excel Advisor"},"image":{"@id":"https:\/\/exceladvisor.org\/de\/#\/schema\/logo\/image\/"}}]}},"yoast_meta":{"yoast_wpseo_title":"","yoast_wpseo_metadesc":"","yoast_wpseo_canonical":""},"_links":{"self":[{"href":"https:\/\/exceladvisor.org\/de\/wp-json\/wp\/v2\/pages\/3372","targetHints":{"allow":["GET"]}}],"collection":[{"href":"https:\/\/exceladvisor.org\/de\/wp-json\/wp\/v2\/pages"}],"about":[{"href":"https:\/\/exceladvisor.org\/de\/wp-json\/wp\/v2\/types\/page"}],"author":[{"embeddable":true,"href":"https:\/\/exceladvisor.org\/de\/wp-json\/wp\/v2\/users\/1"}],"replies":[{"embeddable":true,"href":"https:\/\/exceladvisor.org\/de\/wp-json\/wp\/v2\/comments?post=3372"}],"version-history":[{"count":1,"href":"https:\/\/exceladvisor.org\/de\/wp-json\/wp\/v2\/pages\/3372\/revisions"}],"predecessor-version":[{"id":3953,"href":"https:\/\/exceladvisor.org\/de\/wp-json\/wp\/v2\/pages\/3372\/revisions\/3953"}],"wp:attachment":[{"href":"https:\/\/exceladvisor.org\/de\/wp-json\/wp\/v2\/media?parent=3372"}],"curies":[{"name":"wp","href":"https:\/\/api.w.org\/{rel}","templated":true}]}}