{"id":3373,"date":"2023-10-30T09:32:29","date_gmt":"2023-10-30T09:32:29","guid":{"rendered":"https:\/\/exceladvisor.org\/de\/dateneingabeformular-3\/"},"modified":"2023-12-03T11:19:29","modified_gmt":"2023-12-03T11:19:29","slug":"dateneingabeformular-3","status":"publish","type":"page","link":"https:\/\/exceladvisor.org\/de\/dateneingabeformular-3\/","title":{"rendered":"Wie erstelle ich ein dateneingabeformular in excel?"},"content":{"rendered":"<div class=\"excel-vor-dem-inhalt\" id=\"excel-48035968\"><script type=\"text\/javascript\">\r\n\tatOptions = {\r\n\t\t'key' : 'c1158f160081d6540a8409e6925dab94',\r\n\t\t'format' : 'iframe',\r\n\t\t'height' : 250,\r\n\t\t'width' : 300,\r\n\t\t'params' : {}\r\n\t};\r\n<\/script>\r\n<script type=\"text\/javascript\" src=\"\/\/www.highperformanceformat.com\/c1158f160081d6540a8409e6925dab94\/invoke.js\"><\/script><\/div> <p>Das Dateneingabeformular ist eine der besten M\u00f6glichkeiten, Daten in eine Tabelle einzugeben. Aber ein Formular zur Dateneingabe zu erstellen ist keine leichte Aufgabe.<\/p><p> Ja, es ist wahr.<\/p><p> W\u00e4hrend ich mit diesem Problem k\u00e4mpfte, entdeckte ich, dass man in Excel mit nur einem Klick ein Formular zur Dateneingabe erstellen kann. Das Beste an diesem Formular ist, dass es vorgefertigt und flexibel ist. Schauen Sie sich einfach das Beispiel unten an. <\/p><div class=\"wp-block-image\"><figure class=\"aligncenter\"><img decoding=\"async\" src=\"https:\/\/exceladvisor.org\/wp-content\/uploads\/2023\/08\/Formulaire-de-saisie-de-donnees4-1.png\" sizes=\"\" srcset=\"\" alt=\"Dateneingabeformular in Excel\"><\/figure><\/div><p> Hier ist die Idee: Um dieses Eingabeformular zu erstellen, m\u00fcssen Sie es nur aktivieren.<\/p><h2 id=\"tab-con-1\" class=\"wp-block-heading\"> Dateneingabeformular \u00f6ffnen<\/h2><p> In kurzer Zeit werden Sie entdecken, wie n\u00fctzlich dieses Tool ist. Es ist jedoch kaum zu glauben, dass dieses Dateneingabeformular im Men\u00fcband nicht aufgef\u00fchrt ist. Sie m\u00fcssen es also spawnen, bevor Sie es verwenden k\u00f6nnen.<\/p><p> Und bevor Sie dieses Formular aktivieren, ben\u00f6tigen Sie eine Tabelle zur Eingabe von Daten oder zumindest Datenk\u00f6pfe. <\/p><div class=\"wp-block-image\"><figure class=\"aligncenter\"><img decoding=\"async\" src=\"https:\/\/exceladvisor.org\/wp-content\/uploads\/2023\/08\/Formulaire-de-saisie-de-donnees-1.png\" sizes=\"\" srcset=\"\" alt=\"Tabellenkopf zur Verwendung des Dateneingabeformulars in Excel\"><\/figure><\/div><p> Um es zu aktivieren, klicken Sie auf eine der Tabellenzellen oder w\u00e4hlen Sie einfach eine der Kopfzeilenzellen aus und verwenden Sie eine der beiden folgenden Methoden.<\/p><ol><li> Verwenden Sie die <a href=\"https:\/\/exceladvisor.org\/de\/tastaturkurzel\/\">Tastenkombination<\/a> : <span style=\"color: #000000;\">Alt \u21e2 D \u21e2 O \u21e2 O.<\/span><\/li><li> F\u00fcgen Sie der Symbolleiste f\u00fcr den Schnellzugriff ein Symbol hinzu.<ol><li> Datei \u279c Optionen \u279c <a href=\"https:\/\/exceladvisor.org\/de\/schnellzugriffsleiste\/\">Symbolleiste f\u00fcr den Schnellzugriff<\/a> .<\/li><li> W\u00e4hlen Sie \u201eBefehl\u201c aus \u279c Befehle, die nicht im Men\u00fcband enthalten sind \u279c Von \u279c Hinzuf\u00fcgen \u279c Klicken Sie auf \u201eOK\u201c. <\/li><\/ol><\/li><\/ol><div class=\"wp-block-image\"><figure class=\"aligncenter\"><img decoding=\"async\" src=\"https:\/\/exceladvisor.org\/wp-content\/uploads\/2023\/08\/Formulaire-de-saisie-de-donnees2-1.png\" sizes=\"\" srcset=\"\" alt=\"F\u00fcgen Sie das Symbol \u201eDatenformular\u201c zur Symbolleiste f\u00fcr den Schnellzugriff in Excel hinzu\"><\/figure><\/div><p> <strong>Nachdem<\/strong> Sie eine der oben genannten Optionen verwendet haben, wird ein Dateneingabeformular wie unten f\u00fcr Sie erstellt. <\/p><div class=\"wp-block-image\"><figure class=\"aligncenter\"><img decoding=\"async\" src=\"https:\/\/exceladvisor.org\/wp-content\/uploads\/2023\/08\/Formulaire-de-saisie-de-donnees3-1.png\" sizes=\"\" srcset=\"\" alt=\"Offenes Dateneingabeformular in Excel\"><\/figure><\/div><p> Und wenn Sie es bemerken, werden alle Kopfzeilen Ihrer Datentabellen automatisch im Formular erfasst.<\/p><h2 class=\"wp-block-heading\"> 1. Erstellen Sie einen neuen Eintrag<\/h2><p> Um einen neuen Dateneintrag zu erstellen, f\u00fcllen Sie alle Eingabefelder mit Daten aus und klicken Sie auf die Schaltfl\u00e4che \u201eNeu\u201c. Wenn Sie sich nun das folgende Beispiel ansehen, werden Sie feststellen, dass es f\u00fcr die Betragsspalte keine Eingabeleiste gibt.<\/p><p> Wir haben in der Betragsspalte eine Formel, um die Menge mit dem Preis zu multiplizieren. Das bedeutet, dass dieses Formular intelligent genug ist, um Spalten zu erkennen, in denen Sie keine Daten eingeben m\u00fcssen. <\/p><div class=\"wp-block-image\"><figure class=\"aligncenter\"><img decoding=\"async\" src=\"https:\/\/exceladvisor.org\/wp-content\/uploads\/2023\/08\/Formulaire-de-saisie-de-donnees5-1.gif\" sizes=\"\" srcset=\"\" alt=\"Geben Sie mit diesem Dateneingabeformular in Excel Daten in eine Tabelle ein\"><\/figure><\/div><h2 class=\"wp-block-heading\"> 2. Eintr\u00e4ge durchsuchen<\/h2><p> Um durch alle Eintr\u00e4ge zu navigieren, die Sie in Ihren Daten eingegeben haben, k\u00f6nnen Sie die Bildlaufleiste verwenden oder die Schaltfl\u00e4chen \u201eVorheriges suchen\u201c und \u201eN\u00e4chstes suchen\u201c verwenden. <\/p><div class=\"wp-block-image\"><figure class=\"aligncenter\"><img decoding=\"async\" src=\"https:\/\/exceladvisor.org\/wp-content\/uploads\/2023\/08\/Formulaire-de-saisie-de-donnees6-1.gif\" sizes=\"\" srcset=\"\" alt=\"Scrollen Sie mit dieser Dateneingabe in Excel durch Eintr\u00e4ge\"><\/figure><\/div><h2 class=\"wp-block-heading\"> 3. Eintr\u00e4ge bearbeiten<\/h2><p> Um einen Eintrag zu bearbeiten, m\u00fcssen Sie zun\u00e4chst mit der oben genannten Methode auf diesen Eintrag zugreifen. Sobald Sie navigiert sind, k\u00f6nnen Sie die \u00c4nderungen in jedem der Eingabefelder vornehmen und anschlie\u00dfend einfach die Eingabetaste dr\u00fccken.<\/p><p> Wenn Sie Ihren Eintrag bearbeiten m\u00f6chten (bevor Sie die Eingabetaste dr\u00fccken oder auf die Schaltfl\u00e4che \u201eSchlie\u00dfen\u201c klicken), k\u00f6nnen Sie dies \u00fcber die Schaltfl\u00e4che \u201eWiederherstellen\u201c tun, wenn Sie Ihren Eintrag wiederherstellen m\u00f6chten. Die vorherigen Daten in allen Eingabefeldern werden wiederhergestellt. <\/p><div class=\"wp-block-image\"><figure class=\"aligncenter\"><img decoding=\"async\" src=\"https:\/\/exceladvisor.org\/wp-content\/uploads\/2023\/08\/Formulaire-de-saisie-de-donnees10-1.gif\" sizes=\"\" srcset=\"\" alt=\"Bearbeiten Sie Eintr\u00e4ge mit diesem Dateneingabeformular in Excel\"><\/figure><\/div><h2 class=\"wp-block-heading\"> 4. Eintr\u00e4ge l\u00f6schen<\/h2><p> Um einen Eintrag zu l\u00f6schen, m\u00fcssen Sie zu diesem Eintrag navigieren und auf die Schaltfl\u00e4che \u201eL\u00f6schen\u201c klicken. Zur Best\u00e4tigung des L\u00f6schvorgangs erscheint ein Popup-Fenster, in dem dieser Eintrag sofort aus Ihrer Datentabelle gel\u00f6scht wird. <\/p><div class=\"wp-block-image\"><figure class=\"aligncenter\"><img decoding=\"async\" src=\"https:\/\/exceladvisor.org\/wp-content\/uploads\/2023\/08\/Formulaire-de-saisie-de-donnees8-1.gif\" sizes=\"\" srcset=\"\" alt=\"L\u00f6schen Sie den Eintrag mithilfe dieses Dateneintrags in Excel aus der Tabelle\"><\/figure><\/div><h2 class=\"wp-block-heading\"> 5. Suchen Sie einen bestimmten Eintrag<\/h2><p> Wenn Sie mit gro\u00dfen Datenmengen arbeiten, k\u00f6nnen Sie \u00fcber die Schaltfl\u00e4che \u201eKriterien\u201c einen bestimmten Eintrag finden.<\/p><p> Wenn Sie <span style=\"color: #000000;\">beispielsweise<\/span> unter der Tabelle nach Eintr\u00e4gen suchen m\u00f6chten, die bestimmten Kriterien entsprechen, klicken Sie einfach auf die Schaltfl\u00e4che \u201eKriterien\u201c, geben Sie die Kriterien in das Eingabefeld ein und dr\u00fccken Sie die Eingabetaste. Sie erhalten die Dateneintr\u00e4ge, die Ihren Kriterien entsprechen. Sie k\u00f6nnen Ihre Kriterien auch in mehreren Eingabefeldern verwenden. <\/p><div class=\"wp-block-image\"><figure class=\"aligncenter\"><img decoding=\"async\" src=\"https:\/\/exceladvisor.org\/wp-content\/uploads\/2023\/08\/Formulaire-de-saisie-de-donnees9.gif\" sizes=\"\" srcset=\"\" alt=\"Finden Sie in diesem Excel-Dateneingabeformular einen bestimmten Eintrag mit einem Kriterium\"><\/figure><\/div><h2 id=\"tab-con-3\" class=\"wp-block-heading\"> Wichtige Punkte zu diesem Dateneingabeformular<\/h2><p> Nun, es gibt ein paar wichtige Punkte, die Sie wissen m\u00fcssen, um diese Form gut spielen zu k\u00f6nnen.<\/p><ol><li> Die maximale Anzahl der Eingabefelder, die Sie im Dateneingabeformular verwenden k\u00f6nnen, betr\u00e4gt 32.<\/li><li> Die Breite des Eingabefelds h\u00e4ngt ausschlie\u00dflich von der zugeh\u00f6rigen Spalte in der Tabelle ab. Wenn die Spalten in Ihrer Tabelle nicht breit genug sind, um Werte anzuzeigen, wird die gleiche Breite auch in Ihrem Datenformular angezeigt.<\/li><li> Wenn andererseits nur eine der Spalten breiter ist, wird die gleiche Breite f\u00fcr alle Eingabefelder als Daten wiedergegeben.<\/li><li> Wenn Sie einen Bereich mit dem Namen \u201eDatenbank\u201c haben, ist es nicht erforderlich, eine Tabellenzelle auszuw\u00e4hlen. Es werden immer Daten in diese Tabelle eingef\u00fcgt.<\/li><li> Wenn Sie Kriterien verwenden, um bestimmte Daten zu extrahieren, k\u00f6nnen Sie in diesem Formular <a href=\"https:\/\/exceladvisor.org\/de\/platzhalter-2\/\" data-wpel-link=\"internal\" data-wpil=\"url\">Excel-Platzhalter<\/a> verwenden.<\/li><li> Wenn Sie beim Erstellen von Dateneintr\u00e4gen versuchen, Daten in der Zelle zu \u00fcberschreiben, wird die Warnmeldung \u201eListe oder Datenbank kann nicht erweitert werden\u201c angezeigt.<\/li><\/ol><div class=\"gb-container gb-container-4db6181c gb-container-mt\"> <a class=\"gb-button gb-button-c5897111 gb-button-text gb-button-mt-button\" href=\"https:\/\/exceladvisor.org\/de\/excel-fortschritt\/\">Erweiterte Excel-Tutorials<\/a><h2 class=\"gb-headline gb-headline-665e5f6b gb-headline-text gb-headline-mt-heading\"> Verwandte Tutorials <\/h2><div class=\"gb-grid-wrapper gb-grid-wrapper-a20baf7c gb-grid-wrapper-mt-grid\"><div class=\"gb-grid-column gb-grid-column-65ddf67e\"><div class=\"gb-container gb-container-65ddf67e\"><ul><li> <a href=\"https:\/\/exceladvisor.org\/de\/konsolidieren\/\" data-wpil=\"url\">Konsolidieren Sie Daten aus mehreren Tabellenkalkulationen<\/a><\/li><li> <a href=\"https:\/\/exceladvisor.org\/de\/hinzufugen\/\" data-wpil=\"url\">F\u00fcgen Sie eine Tabelle in Excel hinzu und entfernen Sie sie<\/a><\/li><li> <a href=\"https:\/\/exceladvisor.org\/de\/gruppe-1\/\" data-wpil=\"url\">Gruppenarbeitsbl\u00e4tter in Excel<\/a> <\/li><\/ul><\/div><\/div><div class=\"gb-grid-column gb-grid-column-50067b57\"><div class=\"gb-container gb-container-50067b57\"><ul><li> <a href=\"https:\/\/exceladvisor.org\/de\/umbenennen\/\" data-wpil=\"url\">Blatt in Excel umbenennen<\/a><\/li><li> <a href=\"https:\/\/exceladvisor.org\/de\/nebeneinander-sehen\/\" data-wpil=\"url\">Zeigen Sie zwei Bl\u00e4tter nebeneinander in Excel an<\/a><\/li><li> <a href=\"https:\/\/exceladvisor.org\/de\/a\/\" data-wpil=\"url\">Tab-Farbe in Excel \u00e4ndern (Hintergrundfarbe der Arbeitsblatt-Tabs)<\/a><\/li><\/ul><\/div><\/div><\/div><\/div>","protected":false},"excerpt":{"rendered":"","protected":false},"author":1,"featured_media":0,"parent":0,"menu_order":0,"comment_status":"open","ping_status":"closed","template":"","meta":{"ub_ctt_via":"","footnotes":""},"class_list":["post-3373","page","type-page","status-publish","hentry"],"featured_image_src":null,"yoast_head":"<!-- This site is optimized with the Yoast SEO plugin v25.4 - https:\/\/yoast.com\/wordpress\/plugins\/seo\/ -->\n<title>Wie erstelle ich ein Dateneingabeformular in Excel?<\/title>\n<meta name=\"description\" content=\"Erfahren Sie, wie Sie mit nur einem Klick ein Dateneingabeformular in Excel erstellen. Es ist vorgefertigt und flexibel. Zahlungsbeispiel hier.\" \/>\n<meta name=\"robots\" content=\"index, follow, max-snippet:-1, max-image-preview:large, max-video-preview:-1\" \/>\n<link rel=\"canonical\" href=\"https:\/\/exceladvisor.org\/de\/dateneingabeformular-3\/\" \/>\n<meta property=\"og:locale\" content=\"de_DE\" \/>\n<meta property=\"og:type\" content=\"article\" \/>\n<meta property=\"og:title\" content=\"Wie erstelle ich ein Dateneingabeformular in Excel?\" \/>\n<meta property=\"og:description\" content=\"Erfahren Sie, wie Sie mit nur einem Klick ein Dateneingabeformular in Excel erstellen. Es ist vorgefertigt und flexibel. Zahlungsbeispiel hier.\" \/>\n<meta property=\"og:url\" content=\"https:\/\/exceladvisor.org\/de\/dateneingabeformular-3\/\" \/>\n<meta property=\"og:site_name\" content=\"Excel Advisor\" \/>\n<meta property=\"article:modified_time\" content=\"2023-12-03T11:19:29+00:00\" \/>\n<meta property=\"og:image\" content=\"https:\/\/exceladvisor.org\/wp-content\/uploads\/2023\/08\/Formulaire-de-saisie-de-donnees4-1.png\" \/>\n<meta name=\"twitter:card\" content=\"summary_large_image\" \/>\n<meta name=\"twitter:label1\" content=\"Gesch\u00e4tzte Lesezeit\" \/>\n\t<meta name=\"twitter:data1\" content=\"4\u00a0Minuten\" \/>\n<script type=\"application\/ld+json\" class=\"yoast-schema-graph\">{\"@context\":\"https:\/\/schema.org\",\"@graph\":[{\"@type\":\"WebPage\",\"@id\":\"https:\/\/exceladvisor.org\/de\/dateneingabeformular-3\/\",\"url\":\"https:\/\/exceladvisor.org\/de\/dateneingabeformular-3\/\",\"name\":\"Wie erstelle ich ein Dateneingabeformular in Excel?\",\"isPartOf\":{\"@id\":\"https:\/\/exceladvisor.org\/de\/#website\"},\"primaryImageOfPage\":{\"@id\":\"https:\/\/exceladvisor.org\/de\/dateneingabeformular-3\/#primaryimage\"},\"image\":{\"@id\":\"https:\/\/exceladvisor.org\/de\/dateneingabeformular-3\/#primaryimage\"},\"thumbnailUrl\":\"https:\/\/exceladvisor.org\/wp-content\/uploads\/2023\/08\/Formulaire-de-saisie-de-donnees4-1.png\",\"datePublished\":\"2023-10-30T09:32:29+00:00\",\"dateModified\":\"2023-12-03T11:19:29+00:00\",\"description\":\"Erfahren Sie, wie Sie mit nur einem Klick ein Dateneingabeformular in Excel erstellen. Es ist vorgefertigt und flexibel. Zahlungsbeispiel hier.\",\"breadcrumb\":{\"@id\":\"https:\/\/exceladvisor.org\/de\/dateneingabeformular-3\/#breadcrumb\"},\"inLanguage\":\"de\",\"potentialAction\":[{\"@type\":\"ReadAction\",\"target\":[\"https:\/\/exceladvisor.org\/de\/dateneingabeformular-3\/\"]}]},{\"@type\":\"ImageObject\",\"inLanguage\":\"de\",\"@id\":\"https:\/\/exceladvisor.org\/de\/dateneingabeformular-3\/#primaryimage\",\"url\":\"https:\/\/exceladvisor.org\/wp-content\/uploads\/2023\/08\/Formulaire-de-saisie-de-donnees4-1.png\",\"contentUrl\":\"https:\/\/exceladvisor.org\/wp-content\/uploads\/2023\/08\/Formulaire-de-saisie-de-donnees4-1.png\"},{\"@type\":\"BreadcrumbList\",\"@id\":\"https:\/\/exceladvisor.org\/de\/dateneingabeformular-3\/#breadcrumb\",\"itemListElement\":[{\"@type\":\"ListItem\",\"position\":1,\"name\":\"Accueil\",\"item\":\"https:\/\/exceladvisor.org\/de\/\"},{\"@type\":\"ListItem\",\"position\":2,\"name\":\"Wie erstelle ich ein dateneingabeformular in excel?\"}]},{\"@type\":\"WebSite\",\"@id\":\"https:\/\/exceladvisor.org\/de\/#website\",\"url\":\"https:\/\/exceladvisor.org\/de\/\",\"name\":\"Excel Advisor\",\"description\":\"Ihr Leitfaden zur Datendominanz\",\"publisher\":{\"@id\":\"https:\/\/exceladvisor.org\/de\/#organization\"},\"potentialAction\":[{\"@type\":\"SearchAction\",\"target\":{\"@type\":\"EntryPoint\",\"urlTemplate\":\"https:\/\/exceladvisor.org\/de\/?s={search_term_string}\"},\"query-input\":{\"@type\":\"PropertyValueSpecification\",\"valueRequired\":true,\"valueName\":\"search_term_string\"}}],\"inLanguage\":\"de\"},{\"@type\":\"Organization\",\"@id\":\"https:\/\/exceladvisor.org\/de\/#organization\",\"name\":\"Excel Advisor\",\"url\":\"https:\/\/exceladvisor.org\/de\/\",\"logo\":{\"@type\":\"ImageObject\",\"inLanguage\":\"de\",\"@id\":\"https:\/\/exceladvisor.org\/de\/#\/schema\/logo\/image\/\",\"url\":\"https:\/\/exceladvisor.org\/de\/wp-content\/uploads\/2023\/11\/exceladvisor.org_.png\",\"contentUrl\":\"https:\/\/exceladvisor.org\/de\/wp-content\/uploads\/2023\/11\/exceladvisor.org_.png\",\"width\":105,\"height\":36,\"caption\":\"Excel Advisor\"},\"image\":{\"@id\":\"https:\/\/exceladvisor.org\/de\/#\/schema\/logo\/image\/\"}}]}<\/script>\n<!-- \/ Yoast SEO plugin. -->","yoast_head_json":{"title":"Wie erstelle ich ein Dateneingabeformular in Excel?","description":"Erfahren Sie, wie Sie mit nur einem Klick ein Dateneingabeformular in Excel erstellen. Es ist vorgefertigt und flexibel. Zahlungsbeispiel hier.","robots":{"index":"index","follow":"follow","max-snippet":"max-snippet:-1","max-image-preview":"max-image-preview:large","max-video-preview":"max-video-preview:-1"},"canonical":"https:\/\/exceladvisor.org\/de\/dateneingabeformular-3\/","og_locale":"de_DE","og_type":"article","og_title":"Wie erstelle ich ein Dateneingabeformular in Excel?","og_description":"Erfahren Sie, wie Sie mit nur einem Klick ein Dateneingabeformular in Excel erstellen. Es ist vorgefertigt und flexibel. Zahlungsbeispiel hier.","og_url":"https:\/\/exceladvisor.org\/de\/dateneingabeformular-3\/","og_site_name":"Excel Advisor","article_modified_time":"2023-12-03T11:19:29+00:00","og_image":[{"url":"https:\/\/exceladvisor.org\/wp-content\/uploads\/2023\/08\/Formulaire-de-saisie-de-donnees4-1.png","type":"","width":"","height":""}],"twitter_card":"summary_large_image","twitter_misc":{"Gesch\u00e4tzte Lesezeit":"4\u00a0Minuten"},"schema":{"@context":"https:\/\/schema.org","@graph":[{"@type":"WebPage","@id":"https:\/\/exceladvisor.org\/de\/dateneingabeformular-3\/","url":"https:\/\/exceladvisor.org\/de\/dateneingabeformular-3\/","name":"Wie erstelle ich ein Dateneingabeformular in Excel?","isPartOf":{"@id":"https:\/\/exceladvisor.org\/de\/#website"},"primaryImageOfPage":{"@id":"https:\/\/exceladvisor.org\/de\/dateneingabeformular-3\/#primaryimage"},"image":{"@id":"https:\/\/exceladvisor.org\/de\/dateneingabeformular-3\/#primaryimage"},"thumbnailUrl":"https:\/\/exceladvisor.org\/wp-content\/uploads\/2023\/08\/Formulaire-de-saisie-de-donnees4-1.png","datePublished":"2023-10-30T09:32:29+00:00","dateModified":"2023-12-03T11:19:29+00:00","description":"Erfahren Sie, wie Sie mit nur einem Klick ein Dateneingabeformular in Excel erstellen. Es ist vorgefertigt und flexibel. Zahlungsbeispiel hier.","breadcrumb":{"@id":"https:\/\/exceladvisor.org\/de\/dateneingabeformular-3\/#breadcrumb"},"inLanguage":"de","potentialAction":[{"@type":"ReadAction","target":["https:\/\/exceladvisor.org\/de\/dateneingabeformular-3\/"]}]},{"@type":"ImageObject","inLanguage":"de","@id":"https:\/\/exceladvisor.org\/de\/dateneingabeformular-3\/#primaryimage","url":"https:\/\/exceladvisor.org\/wp-content\/uploads\/2023\/08\/Formulaire-de-saisie-de-donnees4-1.png","contentUrl":"https:\/\/exceladvisor.org\/wp-content\/uploads\/2023\/08\/Formulaire-de-saisie-de-donnees4-1.png"},{"@type":"BreadcrumbList","@id":"https:\/\/exceladvisor.org\/de\/dateneingabeformular-3\/#breadcrumb","itemListElement":[{"@type":"ListItem","position":1,"name":"Accueil","item":"https:\/\/exceladvisor.org\/de\/"},{"@type":"ListItem","position":2,"name":"Wie erstelle ich ein dateneingabeformular in excel?"}]},{"@type":"WebSite","@id":"https:\/\/exceladvisor.org\/de\/#website","url":"https:\/\/exceladvisor.org\/de\/","name":"Excel Advisor","description":"Ihr Leitfaden zur Datendominanz","publisher":{"@id":"https:\/\/exceladvisor.org\/de\/#organization"},"potentialAction":[{"@type":"SearchAction","target":{"@type":"EntryPoint","urlTemplate":"https:\/\/exceladvisor.org\/de\/?s={search_term_string}"},"query-input":{"@type":"PropertyValueSpecification","valueRequired":true,"valueName":"search_term_string"}}],"inLanguage":"de"},{"@type":"Organization","@id":"https:\/\/exceladvisor.org\/de\/#organization","name":"Excel Advisor","url":"https:\/\/exceladvisor.org\/de\/","logo":{"@type":"ImageObject","inLanguage":"de","@id":"https:\/\/exceladvisor.org\/de\/#\/schema\/logo\/image\/","url":"https:\/\/exceladvisor.org\/de\/wp-content\/uploads\/2023\/11\/exceladvisor.org_.png","contentUrl":"https:\/\/exceladvisor.org\/de\/wp-content\/uploads\/2023\/11\/exceladvisor.org_.png","width":105,"height":36,"caption":"Excel Advisor"},"image":{"@id":"https:\/\/exceladvisor.org\/de\/#\/schema\/logo\/image\/"}}]}},"yoast_meta":{"yoast_wpseo_title":"","yoast_wpseo_metadesc":"","yoast_wpseo_canonical":""},"_links":{"self":[{"href":"https:\/\/exceladvisor.org\/de\/wp-json\/wp\/v2\/pages\/3373","targetHints":{"allow":["GET"]}}],"collection":[{"href":"https:\/\/exceladvisor.org\/de\/wp-json\/wp\/v2\/pages"}],"about":[{"href":"https:\/\/exceladvisor.org\/de\/wp-json\/wp\/v2\/types\/page"}],"author":[{"embeddable":true,"href":"https:\/\/exceladvisor.org\/de\/wp-json\/wp\/v2\/users\/1"}],"replies":[{"embeddable":true,"href":"https:\/\/exceladvisor.org\/de\/wp-json\/wp\/v2\/comments?post=3373"}],"version-history":[{"count":1,"href":"https:\/\/exceladvisor.org\/de\/wp-json\/wp\/v2\/pages\/3373\/revisions"}],"predecessor-version":[{"id":3939,"href":"https:\/\/exceladvisor.org\/de\/wp-json\/wp\/v2\/pages\/3373\/revisions\/3939"}],"wp:attachment":[{"href":"https:\/\/exceladvisor.org\/de\/wp-json\/wp\/v2\/media?parent=3373"}],"curies":[{"name":"wp","href":"https:\/\/api.w.org\/{rel}","templated":true}]}}