{"id":3374,"date":"2023-10-30T09:32:27","date_gmt":"2023-10-30T09:32:27","guid":{"rendered":"https:\/\/exceladvisor.org\/de\/dynamische-tabellen-verweisen-auf-mehrere-dateien\/"},"modified":"2023-12-03T11:19:47","modified_gmt":"2023-12-03T11:19:47","slug":"dynamische-tabellen-verweisen-auf-mehrere-dateien","status":"publish","type":"page","link":"https:\/\/exceladvisor.org\/de\/dynamische-tabellen-verweisen-auf-mehrere-dateien\/","title":{"rendered":"Wie erstelle ich eine pivot-tabelle mit mehreren bl\u00e4ttern?"},"content":{"rendered":"<div class=\"excel-vor-dem-inhalt\" id=\"excel-3759992046\"><script type=\"text\/javascript\">\r\n\tatOptions = {\r\n\t\t'key' : 'c1158f160081d6540a8409e6925dab94',\r\n\t\t'format' : 'iframe',\r\n\t\t'height' : 250,\r\n\t\t'width' : 300,\r\n\t\t'params' : {}\r\n\t};\r\n<\/script>\r\n<script type=\"text\/javascript\" src=\"\/\/www.highperformanceformat.com\/c1158f160081d6540a8409e6925dab94\/invoke.js\"><\/script><\/div> <p>Eine Pivot-Tabelle ist eine der besten M\u00f6glichkeiten, Daten zusammenzufassen.<\/p><p> Sie k\u00f6nnen in Sekundenschnelle einen zusammenfassenden Bericht aus Tausenden von Datenzeilen erstellen. Aber wenn man in der realen Welt mit Daten arbeitet, ist nicht alles perfekt.<\/p><p> Und heute m\u00f6chte ich mit Ihnen ein gemeinsames Problem teilen, mit dem wir alle konfrontiert sind.<\/p><p> Bevor wir beginnen, m\u00f6chte ich Raman Girdhar f\u00fcr seine Frage danken. Er verfolgt mich schon seit geraumer Zeit.<\/p><p> Manchmal empfangen oder erfassen wir unsere Daten in verschiedenen Arbeitsmappen. In diesem Fall erfordert die Erstellung einer Pivot-Tabelle zus\u00e4tzlichen Aufwand, um diese mehreren Arbeitsmappen zu einer zusammenzufassen.<\/p><p> Erst danach k\u00f6nnen wir eine Pivot-Tabelle erstellen.<\/p><p> In diesem Artikel m\u00f6chte ich Ihnen einen dreistufigen Prozess zum Erstellen einer Pivot-Tabelle mit Daten aus mehreren Arbeitsmappen zeigen.<\/p><h2 id=\"tab-con-1\" class=\"wp-block-heading\"> Schritte zum Erstellen einer PivotTable mit Daten aus mehreren Arbeitsmappen<\/h2><p class=\"qt-tip\"> <strong>Wichtig:<\/strong> Dazu m\u00fcssen wir Power Query verwenden. Stellen Sie daher sicher, dass Ihre Excel-Version Power Query enth\u00e4lt. F\u00fcr Excel 2016 befindet es sich auf der Registerkarte \u201eDaten\u201c, und f\u00fcr andere Versionen (2010 und 2013) m\u00fcssen Sie das Add-on <a href=\"https:\/\/www.microsoft.com\/en-in\/download\/details.aspx?id=39379\" target=\"_blank\" rel=\"noreferrer noopener nofollow\">installieren<\/a> .<\/p><p> Hier habe ich vier verschiedene Arbeitsmappen mit Verkaufsdaten f\u00fcr verschiedene Bereiche. Sie k\u00f6nnen <a style=\"outline: none;\" href=\"https:\/\/exceladvisor.org\/wp-content\/uploads\/2023\/08\/donnees-de-vente.zip\" rel=\"nofollow\">diese Dateien hier herunterladen, um sie mitzuverfolgen<\/a> . <\/p><div class=\"wp-block-image\"><figure class=\"aligncenter\"><img decoding=\"async\" src=\"https:\/\/exceladvisor.org\/wp-content\/uploads\/2023\/08\/17-tableau-croise-dynamique-utilisant-plusieurs-fichiers-dossier-1.png\" sizes=\"\" srcset=\"\" alt=\"\"><\/figure><\/div><p> Und stellen Sie sicher, dass Sie alle diese Dateien in einem Ordner haben.<\/p><h3 id=\"tab-con-2\" class=\"wp-block-heading\"> Schritt 1 \u2013 Dateien mit Power Query kombinieren<\/h3><p> Zuerst m\u00fcssen wir alle Dateien mit PowerQuery zu einer Datei zusammenfassen. <\/p><ul id=\"block-981dee7c-6093-413b-ad99-8b6e2839c397\" class=\"block-editor-rich-text__editable block-editor-block-list__block wp-block is-selected rich-text\" tabindex=\"0\" role=\"group\" contenteditable=\"true\" aria-multiline=\"true\" aria-label=\"Block: List\" data-block=\"981dee7c-6093-413b-ad99-8b6e2839c397\" data-type=\"core\/list\" data-title=\"List\"><li> Gehen Sie zur Registerkarte \u201eDaten\u201c -&gt; \u201eTransformation abrufen\u201c -&gt; \u201eNeue Abfrage\u201c -&gt; \u201eAus Datei\u201c -&gt; \u201eAus Ordner\u201c. <br><img decoding=\"async\" title=\"1-Pivot-Tabelle-mit-mehreren-Dateien-Power-Query-Open-Folder-min\" src=\"https:\/\/exceladvisor.org\/wp-content\/uploads\/2023\/08\/1-tableau-croise-dynamique-utilisant-plusieurs-fichiers-power-query-ouvrir-le-dossier-min.png\" sizes=\"\" srcset=\"\" alt=\"\"><\/li><li> Klicken Sie nun im Ordnerauswahlfenster auf \u201eDurchsuchen\u201c und w\u00e4hlen Sie den Ordner aus, in dem Sie alle Dateien haben. <br><img decoding=\"async\" title=\"2-Pivot-Tabelle-mit-mehreren-Dateien-Power-Query-Select-Ordner-min\" src=\"https:\/\/exceladvisor.org\/wp-content\/uploads\/2023\/08\/2-tableau-croise-dynamique-utilisant-plusieurs-fichiers-power-query-select-dossier-min-1.png\" sizes=\"\" srcset=\"\" alt=\"\"><\/li><li> OK klicken.<\/li><li> Von dort aus erhalten Sie ein Fenster \u201eDateien kombinieren\u201c. <br><img decoding=\"async\" title=\"3-Pivot-Tabelle-mit-mehreren-Dateien-Power-Query-Click-Combine-Edit-Min\" src=\"https:\/\/exceladvisor.org\/wp-content\/uploads\/2023\/08\/3-tableau-croise-dynamique-utilisant-plusieurs-fichiers-requete-de-puissance-cliquez-sur-combiner-modifier-min-1.png\" sizes=\"\" srcset=\"\" alt=\"\"><\/li><li> W\u00e4hlen Sie in diesem Fenster das Arbeitsblatt mit Ihren Daten aus allen Arbeitsmappen aus. (Tipp: Stellen Sie sicher, dass Sie in allen Arbeitsmappen denselben Arbeitsblattnamen haben.) <br><img decoding=\"async\" title=\"4-pivottable-using-multiple-files-select-worksheet-to-load-in-editor-min\" src=\"https:\/\/exceladvisor.org\/wp-content\/uploads\/2023\/08\/4-tableau-croise-dynamique-utilisant-plusieurs-fichiers-selectionnez-la-feuille-de-calcul-a-charger-dans-lediteur-min-1.png\" sizes=\"\" srcset=\"\" alt=\"\"><\/li><li> Sobald Sie auf OK klicken, werden alle Daten in den Arbeitsmappen im Power Query-Editor bearbeitet.<\/li><\/ul><h3 id=\"tab-con-3\" class=\"wp-block-heading\"> Schritt 2 \u2013 Daten f\u00fcr die Pivot-Tabelle vorbereiten<\/h3><p> Jetzt m\u00fcssen wir kleine \u00c4nderungen an unseren Daten vornehmen, um sie f\u00fcr eine Pivot-Tabelle vorzubereiten. <\/p><ul id=\"block-83f2d8d7-e333-4eec-901a-bdb4a2315313\" class=\"block-editor-rich-text__editable block-editor-block-list__block wp-block is-selected rich-text\" tabindex=\"0\" role=\"group\" contenteditable=\"true\" aria-multiline=\"true\" aria-label=\"Block: List\" data-block=\"83f2d8d7-e333-4eec-901a-bdb4a2315313\" data-type=\"core\/list\" data-title=\"List\"><li> Wenn Sie sich die Daten ansehen, haben wir hier eine zus\u00e4tzliche Spalte mit dem Namen der Quelldatei. <br><img decoding=\"async\" title=\"5-Pivot-Tabelle-mit-mehreren-Datendateien-im-Power-Query-Editor-min\" src=\"https:\/\/exceladvisor.org\/wp-content\/uploads\/2023\/08\/5-tableau-croise-dynamique-utilisant-plusieurs-fichiers-de-donnees-dans-lediteur-de-requetes-Power-min-1.png\" sizes=\"\" srcset=\"\" alt=\"\"><\/li><li> Klicken Sie mit der rechten Maustaste auf diese Spalte und w\u00e4hlen Sie Spalte teilen -&gt; Nach Trennzeichen. <br><img decoding=\"async\" title=\"6-Pivot-Tabelle-mit-mehreren-Dateien-klicken-auf-Trennzeichen-um-Spalte zu teilen-min\" src=\"https:\/\/exceladvisor.org\/wp-content\/uploads\/2023\/08\/6-tableau-croise-dynamique-utilisant-plusieurs-fichiers-cliquez-sur-le-delimiteur-pour-diviser-la-colonne-min-1.png\" sizes=\"\" srcset=\"\" alt=\"\"><\/li><li> W\u00e4hlen Sie im Trennzeichenfenster \u201eBenutzerdefiniert\u201c aus, f\u00fcgen Sie \u201e\u2013\u201c als Trennzeichen hinzu und w\u00e4hlen Sie \u201eTrennzeichen ganz links\u201c. <br><img decoding=\"async\" title=\"7-Pivot-Tabelle-mit-mehreren-Dateien-Grab-Trennzeichen-zur-Split-Spalte-min\" src=\"https:\/\/exceladvisor.org\/wp-content\/uploads\/2023\/08\/7-tableau-croise-dynamique-utilisant-plusieurs-fichiers-entrez-un-delimiteur-pour-diviser-la-colonne-min-1.png\" sizes=\"\" srcset=\"\" alt=\"\"><\/li><li> OK klicken.<\/li><li> Danach l\u00f6schen Sie die zweite Spalte. <br><img decoding=\"async\" title=\"8-Pivot-Tabelle-mit-mehreren-Dateien-l\u00f6schen-zweite-Spalte-min\" src=\"https:\/\/exceladvisor.org\/wp-content\/uploads\/2023\/08\/8-tableau-croise-dynamique-utilisant-plusieurs-fichiers-supprimer-la-deuxieme-colonne-min-1.png\" sizes=\"\" srcset=\"\" alt=\"\"><\/li><li> Benennen Sie nun die erste Spalte um. <br><img decoding=\"async\" title=\"9-Pivot-Tabelle-mit-mehreren-Dateien-umbenennen-erste-Spalte-min\" src=\"https:\/\/exceladvisor.org\/wp-content\/uploads\/2023\/08\/9-tableau-croise-dynamique-utilisant-plusieurs-fichiers-renommer-la-premiere-colonne-min-1.png\" sizes=\"\" srcset=\"\" alt=\"\"><\/li><li> Noch etwas: Klicken Sie erneut mit der rechten Maustaste auf die erste Spalte und gehen Sie zu \u201eTransformieren\u201c -&gt; \u201eJedes Wort gro\u00df schreiben\u201c. <br><img decoding=\"async\" title=\"10-Pivot-Tabelle-mit-mehreren-Dateien-\u00e4ndern-Fall-erste-Spalte-min\" src=\"https:\/\/exceladvisor.org\/wp-content\/uploads\/2023\/08\/10-tableau-croise-dynamique-utilisant-plusieurs-fichiers-changer-la-casse-de-la-premiere-colonne-min-1.png\" sizes=\"\" srcset=\"\" alt=\"\"><\/li><li> Und jetzt sind Ihre Daten fertig. Klicken Sie also auf \u201eSchlie\u00dfen\u201c und \u201eLaden\u201c. <br><img decoding=\"async\" title=\"11-drehbar-mit-mehreren-Dateien-klicken-schlie\u00dfen-und-laden-min\" src=\"https:\/\/exceladvisor.org\/wp-content\/uploads\/2023\/08\/11-tableau-croise-dynamique-utilisant-plusieurs-fichiers-cliquez-sur-fermer-et-chargez-min-1.png\" sizes=\"\" srcset=\"\" alt=\"\"><\/li><\/ul><h3 id=\"tab-con-4\" class=\"wp-block-heading\"> Schritt 3 \u2013 Einf\u00fcgen der PivotTable<\/h3><p> Zu diesem Zeitpunkt haben wir in unserer Arbeitsmappe ein neues Arbeitsblatt mit den kombinierten Daten aus allen vier Dateien. <\/p><div class=\"wp-block-image\"><figure class=\"aligncenter\"><img decoding=\"async\" src=\"https:\/\/exceladvisor.org\/wp-content\/uploads\/2023\/08\/12-tableau-croise-dynamique-utilisant-plusieurs-fichiers-nouvelle-feuille-de-calcul-avec-donnees-min-1.png\" sizes=\"\" srcset=\"\" alt=\"\"><\/figure><\/div><p> Jetzt ist es an der Zeit, daraus eine Pivot-Tabelle zu erstellen. <\/p><ul id=\"block-63ef554f-b09b-4547-a68b-8466388358b9\" class=\"block-editor-rich-text__editable block-editor-block-list__block wp-block is-selected rich-text\" tabindex=\"0\" role=\"group\" contenteditable=\"true\" aria-multiline=\"true\" aria-label=\"Block: List\" data-block=\"63ef554f-b09b-4547-a68b-8466388358b9\" data-type=\"core\/list\" data-title=\"List\"><li> W\u00e4hlen Sie die Tabelle aus, gehen Sie zur Registerkarte \u201eEinf\u00fcgen\u201c und klicken Sie auf die Schaltfl\u00e4che \u201ePivotTable\u201c. <br><img decoding=\"async\" title=\"13-Pivot-Board-mit-mehreren-Dateien-klicken-auf-die-Pivot-Board-Schaltfl\u00e4che-min\" src=\"https:\/\/exceladvisor.org\/wp-content\/uploads\/2023\/08\/13-tableau-croise-dynamique-utilisant-plusieurs-fichiers-cliquez-sur-le-bouton-du-tableau-croise-dynamique-min-1.png\" sizes=\"\" srcset=\"\" alt=\"\"><\/li><li> Hier erhalten Sie ein Pivot-Tabellen-Einf\u00fcgefenster. <br><img decoding=\"async\" title=\"14-Pivot-Tabelle-mit-mehreren-Dateien-Tabelle-ausw\u00e4hlen-min\" src=\"https:\/\/exceladvisor.org\/wp-content\/uploads\/2023\/08\/14-tableau-croise-dynamique-utilisant-plusieurs-fichiers-selectionner-le-tableau-min-1.png\" sizes=\"\" srcset=\"\" alt=\"\"><\/li><li> Klicken Sie im Fenster \u201ePivotTable einf\u00fcgen\u201c auf \u201eOK\u201c und Sie erhalten eine neue PivotTable in Ihrer Arbeitsmappe. <br><img decoding=\"async\" title=\"15-Pivot-Tabelle-mit-mehreren-Dateien-finale-Pivot-Tabelle-min\" src=\"https:\/\/exceladvisor.org\/wp-content\/uploads\/2023\/08\/15-tableau-croise-dynamique-utilisant-plusieurs-fichiers-tableau-croise-dynamique-final-min-1.png\" sizes=\"\" srcset=\"\" alt=\"\"><\/li><\/ul><p> Gl\u00fcckwunsch! Sie haben erfolgreich eine neue Pivot-Tabelle aus verschiedenen Dateien erstellt.<\/p><h2 id=\"tab-con-5\" class=\"wp-block-heading\"> PivotTable aktualisieren<\/h2><p> Ich bin sicher, Sie denken dar\u00fcber nach, wie Sie Ihre Pivot-Tabelle nach der Aktualisierung der Quelldateien aktualisieren k\u00f6nnen.<\/p><p> Es ist einfach. Um Ihre Pivot-Tabelle zu aktualisieren, m\u00fcssen Sie die Abfrage aktualisieren, damit die Daten in der Quelldatei in der Quelltabelle aktualisiert werden k\u00f6nnen, die Sie mit PowerQuery erstellt haben. Und danach k\u00f6nnen Sie Ihre Pivot-Tabelle aktualisieren.<\/p><p> Der einfachste und beste Weg ist jedoch die Verwendung der Schaltfl\u00e4che \u201eAktualisieren\u201c auf der Registerkarte \u201eDaten\u201c. Es bezieht sich auf beide (Pivot-Tabelle + Abfrage). <\/p><div class=\"wp-block-image\"><figure class=\"aligncenter\"><img decoding=\"async\" src=\"https:\/\/exceladvisor.org\/wp-content\/uploads\/2023\/08\/16-tableau-croise-dynamique-utilisant-plusieurs-fichiers-bouton-dactualisation-min-1.png\" sizes=\"\" srcset=\"\" alt=\"\"><\/figure><\/div><h2 id=\"tab-con-6\" class=\"wp-block-heading\"> Wichtige Punkte<\/h2><p> Hier habe ich einige Punkte aufgelistet, die Sie bei der Verwendung von Power Query f\u00fcr eine Pivot-Tabelle beachten m\u00fcssen.<\/p><ul><li> Dateien m\u00fcssen sich in einem einzigen Ordner befinden.<\/li><li> Die Daten m\u00fcssen in allen Dateien im gleichen Format vorliegen. Andernfalls m\u00fcssen Sie es nach der Kombination nutzbar machen.<\/li><li> Arbeitsblattnamen m\u00fcssen in allen Dateien gleich sein.<\/li><li> Stellen Sie sicher, dass eine Datei keine Fehler enth\u00e4lt. Oder Sie nutzen die Option \u201eFehlerdateien ignorieren\u201c.<\/li><li> Benennen Sie keine Arbeitsmappen um.<\/li><\/ul><h2 class=\"wp-block-heading\"> Muss mehr lesen<\/h2><ul><li> <a href=\"https:\/\/exceladvisor.org\/de\/pivot-tabelle-1\/\" data-wpil=\"url\">So erstellen Sie eine PivotTable mit VBA<\/a><\/li><li> <a href=\"https:\/\/exceladvisor.org\/de\/pivot-aus-mehreren-arbeitsblattern\/\" data-wpil=\"url\">So erstellen Sie eine PivotTable aus mehreren Arbeitsbl\u00e4ttern<\/a><\/li><li> <a href=\"https:\/\/exceladvisor.org\/de\/pivot-tisch\/\">30 PivotTable-Tipps und Tricks<\/a><\/li><li> <a style=\"outline: none;\" href=\"https:\/\/exceladvisor.org\/de\/berechnung-in-der-pivot-tabelle\/\">So f\u00fcgen Sie ein benutzerdefiniertes Feld und Element zu einer Pivot-Tabelle hinzu<\/a><\/li><li> <a style=\"outline: none;\" href=\"https:\/\/exceladvisor.org\/de\/alles-auffrischen\/\">So aktualisieren Sie alle Pivot-Tabellen auf einmal<\/a><\/li><\/ul>","protected":false},"excerpt":{"rendered":"","protected":false},"author":1,"featured_media":0,"parent":0,"menu_order":0,"comment_status":"open","ping_status":"closed","template":"","meta":{"ub_ctt_via":"","footnotes":""},"class_list":["post-3374","page","type-page","status-publish","hentry"],"featured_image_src":null,"yoast_head":"<!-- This site is optimized with the Yoast SEO plugin v25.4 - https:\/\/yoast.com\/wordpress\/plugins\/seo\/ -->\n<title>Erstellen Sie eine Pivot-Tabelle mit mehreren Bl\u00e4ttern<\/title>\n<meta name=\"description\" content=\"Heute m\u00f6chte ich mit Ihnen eine L\u00f6sung f\u00fcr ein gemeinsames Problem teilen, mit dem wir alle konfrontiert sind. Kombinieren Sie mehrere Dateien, um eine Pivot-Tabelle zu erstellen. Eine 3-Stufen-L\u00f6sung.\" \/>\n<meta name=\"robots\" content=\"index, follow, max-snippet:-1, max-image-preview:large, max-video-preview:-1\" \/>\n<link rel=\"canonical\" href=\"https:\/\/exceladvisor.org\/de\/dynamische-tabellen-verweisen-auf-mehrere-dateien\/\" \/>\n<meta property=\"og:locale\" content=\"de_DE\" \/>\n<meta property=\"og:type\" content=\"article\" \/>\n<meta property=\"og:title\" content=\"Erstellen Sie eine Pivot-Tabelle mit mehreren Bl\u00e4ttern\" \/>\n<meta property=\"og:description\" content=\"Heute m\u00f6chte ich mit Ihnen eine L\u00f6sung f\u00fcr ein gemeinsames Problem teilen, mit dem wir alle konfrontiert sind. Kombinieren Sie mehrere Dateien, um eine Pivot-Tabelle zu erstellen. Eine 3-Stufen-L\u00f6sung.\" \/>\n<meta property=\"og:url\" content=\"https:\/\/exceladvisor.org\/de\/dynamische-tabellen-verweisen-auf-mehrere-dateien\/\" \/>\n<meta property=\"og:site_name\" content=\"Excel Advisor\" \/>\n<meta property=\"article:modified_time\" content=\"2023-12-03T11:19:47+00:00\" \/>\n<meta property=\"og:image\" content=\"https:\/\/exceladvisor.org\/wp-content\/uploads\/2023\/08\/17-tableau-croise-dynamique-utilisant-plusieurs-fichiers-dossier-1.png\" \/>\n<meta name=\"twitter:card\" content=\"summary_large_image\" \/>\n<meta name=\"twitter:label1\" content=\"Gesch\u00e4tzte Lesezeit\" \/>\n\t<meta name=\"twitter:data1\" content=\"4\u00a0Minuten\" \/>\n<script type=\"application\/ld+json\" class=\"yoast-schema-graph\">{\"@context\":\"https:\/\/schema.org\",\"@graph\":[{\"@type\":\"WebPage\",\"@id\":\"https:\/\/exceladvisor.org\/de\/dynamische-tabellen-verweisen-auf-mehrere-dateien\/\",\"url\":\"https:\/\/exceladvisor.org\/de\/dynamische-tabellen-verweisen-auf-mehrere-dateien\/\",\"name\":\"Erstellen Sie eine Pivot-Tabelle mit mehreren Bl\u00e4ttern\",\"isPartOf\":{\"@id\":\"https:\/\/exceladvisor.org\/de\/#website\"},\"primaryImageOfPage\":{\"@id\":\"https:\/\/exceladvisor.org\/de\/dynamische-tabellen-verweisen-auf-mehrere-dateien\/#primaryimage\"},\"image\":{\"@id\":\"https:\/\/exceladvisor.org\/de\/dynamische-tabellen-verweisen-auf-mehrere-dateien\/#primaryimage\"},\"thumbnailUrl\":\"https:\/\/exceladvisor.org\/wp-content\/uploads\/2023\/08\/17-tableau-croise-dynamique-utilisant-plusieurs-fichiers-dossier-1.png\",\"datePublished\":\"2023-10-30T09:32:27+00:00\",\"dateModified\":\"2023-12-03T11:19:47+00:00\",\"description\":\"Heute m\u00f6chte ich mit Ihnen eine L\u00f6sung f\u00fcr ein gemeinsames Problem teilen, mit dem wir alle konfrontiert sind. Kombinieren Sie mehrere Dateien, um eine Pivot-Tabelle zu erstellen. Eine 3-Stufen-L\u00f6sung.\",\"breadcrumb\":{\"@id\":\"https:\/\/exceladvisor.org\/de\/dynamische-tabellen-verweisen-auf-mehrere-dateien\/#breadcrumb\"},\"inLanguage\":\"de\",\"potentialAction\":[{\"@type\":\"ReadAction\",\"target\":[\"https:\/\/exceladvisor.org\/de\/dynamische-tabellen-verweisen-auf-mehrere-dateien\/\"]}]},{\"@type\":\"ImageObject\",\"inLanguage\":\"de\",\"@id\":\"https:\/\/exceladvisor.org\/de\/dynamische-tabellen-verweisen-auf-mehrere-dateien\/#primaryimage\",\"url\":\"https:\/\/exceladvisor.org\/wp-content\/uploads\/2023\/08\/17-tableau-croise-dynamique-utilisant-plusieurs-fichiers-dossier-1.png\",\"contentUrl\":\"https:\/\/exceladvisor.org\/wp-content\/uploads\/2023\/08\/17-tableau-croise-dynamique-utilisant-plusieurs-fichiers-dossier-1.png\"},{\"@type\":\"BreadcrumbList\",\"@id\":\"https:\/\/exceladvisor.org\/de\/dynamische-tabellen-verweisen-auf-mehrere-dateien\/#breadcrumb\",\"itemListElement\":[{\"@type\":\"ListItem\",\"position\":1,\"name\":\"Accueil\",\"item\":\"https:\/\/exceladvisor.org\/de\/\"},{\"@type\":\"ListItem\",\"position\":2,\"name\":\"Wie erstelle ich eine pivot-tabelle mit mehreren bl\u00e4ttern?\"}]},{\"@type\":\"WebSite\",\"@id\":\"https:\/\/exceladvisor.org\/de\/#website\",\"url\":\"https:\/\/exceladvisor.org\/de\/\",\"name\":\"Excel Advisor\",\"description\":\"Ihr Leitfaden zur Datendominanz\",\"publisher\":{\"@id\":\"https:\/\/exceladvisor.org\/de\/#organization\"},\"potentialAction\":[{\"@type\":\"SearchAction\",\"target\":{\"@type\":\"EntryPoint\",\"urlTemplate\":\"https:\/\/exceladvisor.org\/de\/?s={search_term_string}\"},\"query-input\":{\"@type\":\"PropertyValueSpecification\",\"valueRequired\":true,\"valueName\":\"search_term_string\"}}],\"inLanguage\":\"de\"},{\"@type\":\"Organization\",\"@id\":\"https:\/\/exceladvisor.org\/de\/#organization\",\"name\":\"Excel Advisor\",\"url\":\"https:\/\/exceladvisor.org\/de\/\",\"logo\":{\"@type\":\"ImageObject\",\"inLanguage\":\"de\",\"@id\":\"https:\/\/exceladvisor.org\/de\/#\/schema\/logo\/image\/\",\"url\":\"https:\/\/exceladvisor.org\/de\/wp-content\/uploads\/2023\/11\/exceladvisor.org_.png\",\"contentUrl\":\"https:\/\/exceladvisor.org\/de\/wp-content\/uploads\/2023\/11\/exceladvisor.org_.png\",\"width\":105,\"height\":36,\"caption\":\"Excel Advisor\"},\"image\":{\"@id\":\"https:\/\/exceladvisor.org\/de\/#\/schema\/logo\/image\/\"}}]}<\/script>\n<!-- \/ Yoast SEO plugin. -->","yoast_head_json":{"title":"Erstellen Sie eine Pivot-Tabelle mit mehreren Bl\u00e4ttern","description":"Heute m\u00f6chte ich mit Ihnen eine L\u00f6sung f\u00fcr ein gemeinsames Problem teilen, mit dem wir alle konfrontiert sind. Kombinieren Sie mehrere Dateien, um eine Pivot-Tabelle zu erstellen. Eine 3-Stufen-L\u00f6sung.","robots":{"index":"index","follow":"follow","max-snippet":"max-snippet:-1","max-image-preview":"max-image-preview:large","max-video-preview":"max-video-preview:-1"},"canonical":"https:\/\/exceladvisor.org\/de\/dynamische-tabellen-verweisen-auf-mehrere-dateien\/","og_locale":"de_DE","og_type":"article","og_title":"Erstellen Sie eine Pivot-Tabelle mit mehreren Bl\u00e4ttern","og_description":"Heute m\u00f6chte ich mit Ihnen eine L\u00f6sung f\u00fcr ein gemeinsames Problem teilen, mit dem wir alle konfrontiert sind. Kombinieren Sie mehrere Dateien, um eine Pivot-Tabelle zu erstellen. Eine 3-Stufen-L\u00f6sung.","og_url":"https:\/\/exceladvisor.org\/de\/dynamische-tabellen-verweisen-auf-mehrere-dateien\/","og_site_name":"Excel Advisor","article_modified_time":"2023-12-03T11:19:47+00:00","og_image":[{"url":"https:\/\/exceladvisor.org\/wp-content\/uploads\/2023\/08\/17-tableau-croise-dynamique-utilisant-plusieurs-fichiers-dossier-1.png","type":"","width":"","height":""}],"twitter_card":"summary_large_image","twitter_misc":{"Gesch\u00e4tzte Lesezeit":"4\u00a0Minuten"},"schema":{"@context":"https:\/\/schema.org","@graph":[{"@type":"WebPage","@id":"https:\/\/exceladvisor.org\/de\/dynamische-tabellen-verweisen-auf-mehrere-dateien\/","url":"https:\/\/exceladvisor.org\/de\/dynamische-tabellen-verweisen-auf-mehrere-dateien\/","name":"Erstellen Sie eine Pivot-Tabelle mit mehreren Bl\u00e4ttern","isPartOf":{"@id":"https:\/\/exceladvisor.org\/de\/#website"},"primaryImageOfPage":{"@id":"https:\/\/exceladvisor.org\/de\/dynamische-tabellen-verweisen-auf-mehrere-dateien\/#primaryimage"},"image":{"@id":"https:\/\/exceladvisor.org\/de\/dynamische-tabellen-verweisen-auf-mehrere-dateien\/#primaryimage"},"thumbnailUrl":"https:\/\/exceladvisor.org\/wp-content\/uploads\/2023\/08\/17-tableau-croise-dynamique-utilisant-plusieurs-fichiers-dossier-1.png","datePublished":"2023-10-30T09:32:27+00:00","dateModified":"2023-12-03T11:19:47+00:00","description":"Heute m\u00f6chte ich mit Ihnen eine L\u00f6sung f\u00fcr ein gemeinsames Problem teilen, mit dem wir alle konfrontiert sind. Kombinieren Sie mehrere Dateien, um eine Pivot-Tabelle zu erstellen. Eine 3-Stufen-L\u00f6sung.","breadcrumb":{"@id":"https:\/\/exceladvisor.org\/de\/dynamische-tabellen-verweisen-auf-mehrere-dateien\/#breadcrumb"},"inLanguage":"de","potentialAction":[{"@type":"ReadAction","target":["https:\/\/exceladvisor.org\/de\/dynamische-tabellen-verweisen-auf-mehrere-dateien\/"]}]},{"@type":"ImageObject","inLanguage":"de","@id":"https:\/\/exceladvisor.org\/de\/dynamische-tabellen-verweisen-auf-mehrere-dateien\/#primaryimage","url":"https:\/\/exceladvisor.org\/wp-content\/uploads\/2023\/08\/17-tableau-croise-dynamique-utilisant-plusieurs-fichiers-dossier-1.png","contentUrl":"https:\/\/exceladvisor.org\/wp-content\/uploads\/2023\/08\/17-tableau-croise-dynamique-utilisant-plusieurs-fichiers-dossier-1.png"},{"@type":"BreadcrumbList","@id":"https:\/\/exceladvisor.org\/de\/dynamische-tabellen-verweisen-auf-mehrere-dateien\/#breadcrumb","itemListElement":[{"@type":"ListItem","position":1,"name":"Accueil","item":"https:\/\/exceladvisor.org\/de\/"},{"@type":"ListItem","position":2,"name":"Wie erstelle ich eine pivot-tabelle mit mehreren bl\u00e4ttern?"}]},{"@type":"WebSite","@id":"https:\/\/exceladvisor.org\/de\/#website","url":"https:\/\/exceladvisor.org\/de\/","name":"Excel Advisor","description":"Ihr Leitfaden zur Datendominanz","publisher":{"@id":"https:\/\/exceladvisor.org\/de\/#organization"},"potentialAction":[{"@type":"SearchAction","target":{"@type":"EntryPoint","urlTemplate":"https:\/\/exceladvisor.org\/de\/?s={search_term_string}"},"query-input":{"@type":"PropertyValueSpecification","valueRequired":true,"valueName":"search_term_string"}}],"inLanguage":"de"},{"@type":"Organization","@id":"https:\/\/exceladvisor.org\/de\/#organization","name":"Excel Advisor","url":"https:\/\/exceladvisor.org\/de\/","logo":{"@type":"ImageObject","inLanguage":"de","@id":"https:\/\/exceladvisor.org\/de\/#\/schema\/logo\/image\/","url":"https:\/\/exceladvisor.org\/de\/wp-content\/uploads\/2023\/11\/exceladvisor.org_.png","contentUrl":"https:\/\/exceladvisor.org\/de\/wp-content\/uploads\/2023\/11\/exceladvisor.org_.png","width":105,"height":36,"caption":"Excel Advisor"},"image":{"@id":"https:\/\/exceladvisor.org\/de\/#\/schema\/logo\/image\/"}}]}},"yoast_meta":{"yoast_wpseo_title":"","yoast_wpseo_metadesc":"","yoast_wpseo_canonical":""},"_links":{"self":[{"href":"https:\/\/exceladvisor.org\/de\/wp-json\/wp\/v2\/pages\/3374","targetHints":{"allow":["GET"]}}],"collection":[{"href":"https:\/\/exceladvisor.org\/de\/wp-json\/wp\/v2\/pages"}],"about":[{"href":"https:\/\/exceladvisor.org\/de\/wp-json\/wp\/v2\/types\/page"}],"author":[{"embeddable":true,"href":"https:\/\/exceladvisor.org\/de\/wp-json\/wp\/v2\/users\/1"}],"replies":[{"embeddable":true,"href":"https:\/\/exceladvisor.org\/de\/wp-json\/wp\/v2\/comments?post=3374"}],"version-history":[{"count":1,"href":"https:\/\/exceladvisor.org\/de\/wp-json\/wp\/v2\/pages\/3374\/revisions"}],"predecessor-version":[{"id":3964,"href":"https:\/\/exceladvisor.org\/de\/wp-json\/wp\/v2\/pages\/3374\/revisions\/3964"}],"wp:attachment":[{"href":"https:\/\/exceladvisor.org\/de\/wp-json\/wp\/v2\/media?parent=3374"}],"curies":[{"name":"wp","href":"https:\/\/api.w.org\/{rel}","templated":true}]}}