{"id":3375,"date":"2023-10-30T09:21:02","date_gmt":"2023-10-30T09:21:02","guid":{"rendered":"https:\/\/exceladvisor.org\/de\/zellen-zusammenfuhren-ohne-daten-zu-verlieren\/"},"modified":"2023-12-03T11:21:28","modified_gmt":"2023-12-03T11:21:28","slug":"zellen-zusammenfuhren-ohne-daten-zu-verlieren","status":"publish","type":"page","link":"https:\/\/exceladvisor.org\/de\/zellen-zusammenfuhren-ohne-daten-zu-verlieren\/","title":{"rendered":"Wie f\u00fcge ich zellen zusammen, ohne daten zu verlieren?"},"content":{"rendered":"<div class=\"excel-vor-dem-inhalt\" id=\"excel-2354055623\"><script type=\"text\/javascript\">\r\n\tatOptions = {\r\n\t\t'key' : 'c1158f160081d6540a8409e6925dab94',\r\n\t\t'format' : 'iframe',\r\n\t\t'height' : 250,\r\n\t\t'width' : 300,\r\n\t\t'params' : {}\r\n\t};\r\n<\/script>\r\n<script type=\"text\/javascript\" src=\"\/\/www.highperformanceformat.com\/c1158f160081d6540a8409e6925dab94\/invoke.js\"><\/script><\/div> <p>Wenn Sie mit Daten in Excel arbeiten, m\u00fcssen Sie manchmal mehrere Zellen zu einer zusammenf\u00fchren. Das Problem hierbei ist jedoch, dass Sie dabei nur den Wert der Zelle oben links von allen Zellen erhalten k\u00f6nnen, die Sie zu einer zusammenf\u00fchren m\u00f6chten. <\/p><div class=\"wp-block-image\"><figure class=\"aligncenter size-full is-resized\"><img loading=\"lazy\" decoding=\"async\" class=\"wp-image-72452\" src=\"https:\/\/exceladvisor.org\/wp-content\/uploads\/2023\/08\/1-fusionner-des-cellules.png\" sizes=\"auto, \" srcset=\"\" alt=\"Zellen verbinden\" width=\"533\" height=\"285\"><\/figure><\/div><p> Um dieses Problem zu l\u00f6sen, gibt es einige Methoden, mit denen Sie Zellen ohne Datenverlust zusammenf\u00fchren k\u00f6nnen, was bedeutet, dass Daten aus mehreren Zellen in einer zusammengefasst werden.<\/p><h2 class=\"wp-block-heading\"> F\u00fcllen Sie \u201eAusrichten\u201c aus, um Zellen mit verlorenen Daten zusammenzuf\u00fchren (Werte in einer Zelle aus mehreren Zellen abrufen)<\/h2><p> Wenn Sie Werte aus mehreren Zellen zusammenf\u00fchren m\u00f6chten, dies einmal tun m\u00f6chten und diese Werte in vertikaler Reihenfolge vorliegen, <a href=\"https:\/\/exceladvisor.org\/de\/vollig-rechtfertigen\/\">ist die Verwendung der Auff\u00fcllausrichtung der beste Weg<\/a> . <\/p><div class=\"wp-block-image\"><figure class=\"aligncenter size-full is-resized\"><img loading=\"lazy\" decoding=\"async\" class=\"wp-image-72453\" src=\"https:\/\/exceladvisor.org\/wp-content\/uploads\/2023\/08\/2-remplir-justifier-pour-fusionner-des-cellules.png\" sizes=\"auto, \" srcset=\"\" alt=\"Ausf\u00fcllen-ausrichten-zum-Zusammenf\u00fchren-von-Zellen\" width=\"329\" height=\"311\"><\/figure><\/div><p> Im obigen Beispiel haben wir Werte im Bereich A1:A5, und jetzt m\u00fcssen Sie diese Werte nur in Zelle A1 zusammenf\u00fchren.<\/p><ol><li> Zun\u00e4chst m\u00fcssen Sie sicherstellen, dass Ihre Spalte breit genug ist, damit bei der Kombination aller f\u00fcnf Werte in Zelle A1 gen\u00fcgend Platz vorhanden ist. <br><img loading=\"lazy\" decoding=\"async\" title=\"3-Satz-Spaltenbreite\" src=\"https:\/\/exceladvisor.org\/wp-content\/uploads\/2023\/08\/3-definir-la-largeur-de-la-colonne.png\" sizes=\"auto, \" srcset=\"\" alt=\"set-the-column-width\" width=\"455\" height=\"352\"><\/li><li> Von hier aus m\u00fcssen Sie zur Registerkarte \u201eStartseite\u201c navigieren. <br><img loading=\"lazy\" decoding=\"async\" title=\"4-Home-Registerkarte\" src=\"https:\/\/exceladvisor.org\/wp-content\/uploads\/2023\/08\/4-onglet-daccueil.png\" sizes=\"auto, \" srcset=\"\" alt=\"home-tab\" width=\"343\" height=\"226\"><\/li><li> Jetzt m\u00fcssen Sie auf der Registerkarte \u201eStartseite\u201c zur Bearbeitungsgruppe gehen und dann auf das Dropdown-Men\u00fc \u201eAusf\u00fcllen\u201c klicken. <br><img loading=\"lazy\" decoding=\"async\" title=\"5-Gruppen-Versammlung\" src=\"https:\/\/exceladvisor.org\/wp-content\/uploads\/2023\/08\/5-groupe-dedition.png\" sizes=\"auto, \" srcset=\"\" alt=\"editing-group\" width=\"447\" height=\"322\"><\/li><li> Anschlie\u00dfend m\u00fcssen Sie in der Dropdown-Liste \u201eAusf\u00fcllen\u201c auf die Option \u201eAusrichten\u201c klicken. <br><img loading=\"lazy\" decoding=\"async\" title=\"Begr\u00fcndungsoption in 6 Klicks\" src=\"https:\/\/exceladvisor.org\/wp-content\/uploads\/2023\/08\/Option-de-justification-en-6-clics.png\" sizes=\"auto, \" srcset=\"\" alt=\"click-justify-option\" width=\"444\" height=\"464\"><\/li><\/ol><p> Sobald Sie auf \u201eAusrichten\u201c klicken, werden die Werte aller Zellen in einer einzigen Zelle, z. B. A1, zusammengef\u00fchrt. <\/p><div class=\"wp-block-image\"><figure class=\"aligncenter size-full is-resized\"><img loading=\"lazy\" decoding=\"async\" class=\"wp-image-72458\" src=\"https:\/\/exceladvisor.org\/wp-content\/uploads\/2023\/08\/7-valeurs-fusionnees-en-utilisant-justifier.png\" sizes=\"auto, \" srcset=\"\" alt=\"Werte-zusammengef\u00fchrt-mit-justify\" width=\"466\" height=\"382\"><\/figure><\/div><p> Wie ich bereits sagte, m\u00fcssen Sie sicherstellen, dass die <strong><mark class=\"has-inline-color\" style=\"background-color: #fdde6c;\">Breite der Spalte ausreichend ist<\/mark><\/strong> , damit alle Werte in einer einzigen Zelle zusammengef\u00fchrt werden k\u00f6nnen. Andernfalls werden die restlichen Werte in die zweite Zelle aufgeteilt. <\/p><div class=\"wp-block-image\"><figure class=\"aligncenter size-full is-resized\"><img loading=\"lazy\" decoding=\"async\" class=\"wp-image-72459\" src=\"https:\/\/exceladvisor.org\/wp-content\/uploads\/2023\/08\/8-valeurs-deplacees-vers-la-deuxieme-cellule.png\" sizes=\"auto, \" srcset=\"\" alt=\"Werte werden in die zweite Zelle verschoben\" width=\"414\" height=\"391\"><\/figure><\/div><h2 class=\"wp-block-heading\"> Formeln zum Zusammenf\u00fchren von Zellen mit verlorenen Daten (CONCATENATE und TEXTJOIN)<\/h2><p> Wenn Sie Zellen in Echtzeit zusammenf\u00fchren und dabei keine Daten verlieren m\u00f6chten. Der beste Weg ist die <a href=\"https:\/\/exceladvisor.org\/de\/eine-reihe-von-zellen-verketten\/\">Verwendung einer Formel<\/a> . Und in Excel haben wir zwei verschiedene Funktionen zum Erstellen dieser Formeln.<\/p><p> Unter diesen beiden ist TEXTJOIN mein Favorit. Es ist eine neue Funktion und im Vergleich zu CONCATENATE einfach zu verwenden. <\/p><div class=\"wp-block-image\"><figure class=\"aligncenter size-full is-resized\"><img loading=\"lazy\" decoding=\"async\" class=\"wp-image-72460\" src=\"https:\/\/exceladvisor.org\/wp-content\/uploads\/2023\/08\/9-textjoin-pour-fusionner-les-valeurs-des-cellules.png\" sizes=\"auto, \" srcset=\"\" alt=\"textjoin-to-merge-cell-values\" width=\"469\" height=\"433\"><\/figure><\/div><pre class=\"wp-block-code\"> <code class=\"language-excel-formula line-numbers\" lang=\"excel-formula\">=TEXTJOIN(\" \",TRUE,A1:A5)<\/code><\/pre><p> TEXTJOIN verf\u00fcgt \u00fcber drei Argumente, die Sie definieren m\u00fcssen:<\/p><ul><li> <strong>Trennzeichen<\/strong> : Sie k\u00f6nnen ein Trennzeichen verwenden, das Sie zwischen den Werten hinzuf\u00fcgen m\u00f6chten, die Sie in einer einzelnen Zelle zusammenf\u00fchren m\u00f6chten.<\/li><li> <strong>ignore_empty<\/strong> : Ein TRUE oder FALSE, um zu definieren, ob Sie leere Zellen ignorieren m\u00f6chten oder nicht.<\/li><li> <strong>range_array<\/strong> : Ein Bereich\/Array, aus dem Sie Werte zusammenf\u00fchren m\u00f6chten.<\/li><\/ul><p> Und auf die gleiche Weise k\u00f6nnen Sie CONCATENATE verwenden, um eine Formel zum Zusammenf\u00fchren von Werten in einer einzelnen Zelle zu erstellen. <\/p><div class=\"wp-block-image\"><figure class=\"aligncenter size-full is-resized\"><img loading=\"lazy\" decoding=\"async\" class=\"wp-image-72461\" src=\"https:\/\/exceladvisor.org\/wp-content\/uploads\/2023\/08\/10-concatener-pour-fusionner-les-valeurs-des-cellules.png\" sizes=\"auto, \" srcset=\"\" alt=\"Zellenwerte verketten, um sie zusammenzuf\u00fchren\" width=\"580\" height=\"349\"><\/figure><\/div><p class=\"formula\"> =CONCATENATE(A1\u201c, \u201e,A2\u201c, \u201e,A3\u201c, \u201e,A4\u201c, \u201e,A5)<\/p><h2 class=\"wp-block-heading\"> VBA-Code zum Zusammenf\u00fchren von Werten in einer Zelle, ohne Daten zu verlieren<\/h2><p> Sie k\u00f6nnen VBA-Code verwenden, um mehrere Zellen zusammenzuf\u00fchren, ohne dass Daten verloren gehen. Unten haben wir einen Code, den Sie verwenden k\u00f6nnen.<\/p><pre class=\"wp-block-code\"> <code class=\"language-visual-basic\" lang=\"visual-basic\">Sub vba_merge_with_values() Dim val As String Dim rng As Range Set rng = Selection For Each Cell In rng val = val &amp; \" \" &amp; Cell.Value Next Cell With rng .Merge .Value = Trim(val) .WrapText = True .HorizontalAlignment = xlCenter .VerticalAlignment = xlCenter End With End Sub<\/code><\/pre><p> Um diesen Code zu verwenden, m\u00fcssen Sie den Bereich ausw\u00e4hlen, den Sie zusammenf\u00fchren m\u00f6chten, und dann <a href=\"https:\/\/exceladvisor.org\/de\/ein-makro-ausfuhren-2\/\">diesen Code ausf\u00fchren<\/a> . <\/p><div class=\"wp-block-image\"><figure class=\"aligncenter size-full is-resized\"><img loading=\"lazy\" decoding=\"async\" class=\"wp-image-72462\" src=\"https:\/\/exceladvisor.org\/wp-content\/uploads\/2023\/08\/11-code-vba-pour-fusionner-les-valeurs.png\" sizes=\"auto, \" srcset=\"\" alt=\"VBA-Code zum Zusammenf\u00fchren von Werten\" width=\"608\" height=\"588\"><\/figure><\/div><p> Dieser Code nimmt nacheinander Werte aus allen Zellen, f\u00fchrt dann alle diese Zellen zusammen und f\u00fcgt dann diesen kombinierten Wert der zusammengef\u00fchrten Zelle hinzu, wie Sie im obigen Beispiel sehen k\u00f6nnen <em>(es gibt eine Sache, die Sie wissen sollten, wenn Sie einen Code ausf\u00fchren, den Sie nicht k\u00f6nnen). verwenden Sie die Option \u201eR\u00fcckg\u00e4ngig machen\u201c)<\/em> .<\/p><div class=\"gb-container gb-container-4db6181c gb-container-mt\"> <a class=\"gb-button gb-button-c5897111 gb-button-text gb-button-mt-button\" href=\"https:\/\/exceladvisor.org\/de\/excel-fortschritt\/\">Erweiterte Excel-Tutorials<\/a><h2 class=\"gb-headline gb-headline-665e5f6b gb-headline-text gb-headline-mt-heading\"> Verwandte Tutorials <\/h2><div class=\"gb-grid-wrapper gb-grid-wrapper-a20baf7c gb-grid-wrapper-mt-grid\"><div class=\"gb-grid-column gb-grid-column-65ddf67e\"><div class=\"gb-container gb-container-65ddf67e\"><ul><li> <a href=\"https:\/\/exceladvisor.org\/de\/schnelles-analysetool\/\">Schnellanalysetool in Excel<\/a><\/li><li> <a href=\"https:\/\/exceladvisor.org\/de\/mehrere-filter-anwenden\/\">Wenden Sie mehrere Filter auf Spalten an<\/a><\/li><li> <a href=\"https:\/\/exceladvisor.org\/de\/markieren-sie-die-oberen-und-unteren-werte\/\">Markieren Sie die oberen und unteren N-Werte in Excel<\/a><\/li><li> <a href=\"https:\/\/exceladvisor.org\/de\/kontrollkastchen\/\">F\u00fcgen Sie ein Kontrollk\u00e4stchen in Excel ein<\/a><\/li><li> <a href=\"https:\/\/exceladvisor.org\/de\/spezielles-multiplizieren-einfugen\/\">Multiplizieren Sie in Excel mit \u201eInhalte einf\u00fcgen\u201c.<\/a><\/li><\/ul><\/div><\/div><\/div><\/div>","protected":false},"excerpt":{"rendered":"","protected":false},"author":1,"featured_media":0,"parent":0,"menu_order":0,"comment_status":"open","ping_status":"closed","template":"","meta":{"ub_ctt_via":"","footnotes":""},"class_list":["post-3375","page","type-page","status-publish","hentry"],"featured_image_src":null,"yoast_head":"<!-- This site is optimized with the Yoast SEO plugin v25.4 - https:\/\/yoast.com\/wordpress\/plugins\/seo\/ -->\n<title>\u25b7 Wie f\u00fcge ich Zellen zusammen, ohne Daten zu verlieren?<\/title>\n<meta name=\"description\" content=\"In diesem Tutorial erfahren Sie, wie Sie mehrere Zellen zu einer zusammenf\u00fchren, ohne Daten zu verlieren \u2026\" \/>\n<meta name=\"robots\" content=\"index, follow, max-snippet:-1, max-image-preview:large, max-video-preview:-1\" \/>\n<link rel=\"canonical\" href=\"https:\/\/exceladvisor.org\/de\/zellen-zusammenfuhren-ohne-daten-zu-verlieren\/\" \/>\n<meta property=\"og:locale\" content=\"de_DE\" \/>\n<meta property=\"og:type\" content=\"article\" \/>\n<meta property=\"og:title\" content=\"\u25b7 Wie f\u00fcge ich Zellen zusammen, ohne Daten zu verlieren?\" \/>\n<meta property=\"og:description\" content=\"In diesem Tutorial erfahren Sie, wie Sie mehrere Zellen zu einer zusammenf\u00fchren, ohne Daten zu verlieren \u2026\" \/>\n<meta property=\"og:url\" content=\"https:\/\/exceladvisor.org\/de\/zellen-zusammenfuhren-ohne-daten-zu-verlieren\/\" \/>\n<meta property=\"og:site_name\" content=\"Excel Advisor\" \/>\n<meta property=\"article:modified_time\" content=\"2023-12-03T11:21:28+00:00\" \/>\n<meta property=\"og:image\" content=\"https:\/\/exceladvisor.org\/wp-content\/uploads\/2023\/08\/1-fusionner-des-cellules.png\" \/>\n<meta name=\"twitter:card\" content=\"summary_large_image\" \/>\n<meta name=\"twitter:label1\" content=\"Gesch\u00e4tzte Lesezeit\" \/>\n\t<meta name=\"twitter:data1\" content=\"3\u00a0Minuten\" \/>\n<script type=\"application\/ld+json\" class=\"yoast-schema-graph\">{\"@context\":\"https:\/\/schema.org\",\"@graph\":[{\"@type\":\"WebPage\",\"@id\":\"https:\/\/exceladvisor.org\/de\/zellen-zusammenfuhren-ohne-daten-zu-verlieren\/\",\"url\":\"https:\/\/exceladvisor.org\/de\/zellen-zusammenfuhren-ohne-daten-zu-verlieren\/\",\"name\":\"\u25b7 Wie f\u00fcge ich Zellen zusammen, ohne Daten zu verlieren?\",\"isPartOf\":{\"@id\":\"https:\/\/exceladvisor.org\/de\/#website\"},\"primaryImageOfPage\":{\"@id\":\"https:\/\/exceladvisor.org\/de\/zellen-zusammenfuhren-ohne-daten-zu-verlieren\/#primaryimage\"},\"image\":{\"@id\":\"https:\/\/exceladvisor.org\/de\/zellen-zusammenfuhren-ohne-daten-zu-verlieren\/#primaryimage\"},\"thumbnailUrl\":\"https:\/\/exceladvisor.org\/wp-content\/uploads\/2023\/08\/1-fusionner-des-cellules.png\",\"datePublished\":\"2023-10-30T09:21:02+00:00\",\"dateModified\":\"2023-12-03T11:21:28+00:00\",\"description\":\"In diesem Tutorial erfahren Sie, wie Sie mehrere Zellen zu einer zusammenf\u00fchren, ohne Daten zu verlieren \u2026\",\"breadcrumb\":{\"@id\":\"https:\/\/exceladvisor.org\/de\/zellen-zusammenfuhren-ohne-daten-zu-verlieren\/#breadcrumb\"},\"inLanguage\":\"de\",\"potentialAction\":[{\"@type\":\"ReadAction\",\"target\":[\"https:\/\/exceladvisor.org\/de\/zellen-zusammenfuhren-ohne-daten-zu-verlieren\/\"]}]},{\"@type\":\"ImageObject\",\"inLanguage\":\"de\",\"@id\":\"https:\/\/exceladvisor.org\/de\/zellen-zusammenfuhren-ohne-daten-zu-verlieren\/#primaryimage\",\"url\":\"https:\/\/exceladvisor.org\/wp-content\/uploads\/2023\/08\/1-fusionner-des-cellules.png\",\"contentUrl\":\"https:\/\/exceladvisor.org\/wp-content\/uploads\/2023\/08\/1-fusionner-des-cellules.png\"},{\"@type\":\"BreadcrumbList\",\"@id\":\"https:\/\/exceladvisor.org\/de\/zellen-zusammenfuhren-ohne-daten-zu-verlieren\/#breadcrumb\",\"itemListElement\":[{\"@type\":\"ListItem\",\"position\":1,\"name\":\"Accueil\",\"item\":\"https:\/\/exceladvisor.org\/de\/\"},{\"@type\":\"ListItem\",\"position\":2,\"name\":\"Wie f\u00fcge ich zellen zusammen, ohne daten zu verlieren?\"}]},{\"@type\":\"WebSite\",\"@id\":\"https:\/\/exceladvisor.org\/de\/#website\",\"url\":\"https:\/\/exceladvisor.org\/de\/\",\"name\":\"Excel Advisor\",\"description\":\"Ihr Leitfaden zur Datendominanz\",\"publisher\":{\"@id\":\"https:\/\/exceladvisor.org\/de\/#organization\"},\"potentialAction\":[{\"@type\":\"SearchAction\",\"target\":{\"@type\":\"EntryPoint\",\"urlTemplate\":\"https:\/\/exceladvisor.org\/de\/?s={search_term_string}\"},\"query-input\":{\"@type\":\"PropertyValueSpecification\",\"valueRequired\":true,\"valueName\":\"search_term_string\"}}],\"inLanguage\":\"de\"},{\"@type\":\"Organization\",\"@id\":\"https:\/\/exceladvisor.org\/de\/#organization\",\"name\":\"Excel Advisor\",\"url\":\"https:\/\/exceladvisor.org\/de\/\",\"logo\":{\"@type\":\"ImageObject\",\"inLanguage\":\"de\",\"@id\":\"https:\/\/exceladvisor.org\/de\/#\/schema\/logo\/image\/\",\"url\":\"https:\/\/exceladvisor.org\/de\/wp-content\/uploads\/2023\/11\/exceladvisor.org_.png\",\"contentUrl\":\"https:\/\/exceladvisor.org\/de\/wp-content\/uploads\/2023\/11\/exceladvisor.org_.png\",\"width\":105,\"height\":36,\"caption\":\"Excel Advisor\"},\"image\":{\"@id\":\"https:\/\/exceladvisor.org\/de\/#\/schema\/logo\/image\/\"}}]}<\/script>\n<!-- \/ Yoast SEO plugin. -->","yoast_head_json":{"title":"\u25b7 Wie f\u00fcge ich Zellen zusammen, ohne Daten zu verlieren?","description":"In diesem Tutorial erfahren Sie, wie Sie mehrere Zellen zu einer zusammenf\u00fchren, ohne Daten zu verlieren \u2026","robots":{"index":"index","follow":"follow","max-snippet":"max-snippet:-1","max-image-preview":"max-image-preview:large","max-video-preview":"max-video-preview:-1"},"canonical":"https:\/\/exceladvisor.org\/de\/zellen-zusammenfuhren-ohne-daten-zu-verlieren\/","og_locale":"de_DE","og_type":"article","og_title":"\u25b7 Wie f\u00fcge ich Zellen zusammen, ohne Daten zu verlieren?","og_description":"In diesem Tutorial erfahren Sie, wie Sie mehrere Zellen zu einer zusammenf\u00fchren, ohne Daten zu verlieren \u2026","og_url":"https:\/\/exceladvisor.org\/de\/zellen-zusammenfuhren-ohne-daten-zu-verlieren\/","og_site_name":"Excel Advisor","article_modified_time":"2023-12-03T11:21:28+00:00","og_image":[{"url":"https:\/\/exceladvisor.org\/wp-content\/uploads\/2023\/08\/1-fusionner-des-cellules.png","type":"","width":"","height":""}],"twitter_card":"summary_large_image","twitter_misc":{"Gesch\u00e4tzte Lesezeit":"3\u00a0Minuten"},"schema":{"@context":"https:\/\/schema.org","@graph":[{"@type":"WebPage","@id":"https:\/\/exceladvisor.org\/de\/zellen-zusammenfuhren-ohne-daten-zu-verlieren\/","url":"https:\/\/exceladvisor.org\/de\/zellen-zusammenfuhren-ohne-daten-zu-verlieren\/","name":"\u25b7 Wie f\u00fcge ich Zellen zusammen, ohne Daten zu verlieren?","isPartOf":{"@id":"https:\/\/exceladvisor.org\/de\/#website"},"primaryImageOfPage":{"@id":"https:\/\/exceladvisor.org\/de\/zellen-zusammenfuhren-ohne-daten-zu-verlieren\/#primaryimage"},"image":{"@id":"https:\/\/exceladvisor.org\/de\/zellen-zusammenfuhren-ohne-daten-zu-verlieren\/#primaryimage"},"thumbnailUrl":"https:\/\/exceladvisor.org\/wp-content\/uploads\/2023\/08\/1-fusionner-des-cellules.png","datePublished":"2023-10-30T09:21:02+00:00","dateModified":"2023-12-03T11:21:28+00:00","description":"In diesem Tutorial erfahren Sie, wie Sie mehrere Zellen zu einer zusammenf\u00fchren, ohne Daten zu verlieren \u2026","breadcrumb":{"@id":"https:\/\/exceladvisor.org\/de\/zellen-zusammenfuhren-ohne-daten-zu-verlieren\/#breadcrumb"},"inLanguage":"de","potentialAction":[{"@type":"ReadAction","target":["https:\/\/exceladvisor.org\/de\/zellen-zusammenfuhren-ohne-daten-zu-verlieren\/"]}]},{"@type":"ImageObject","inLanguage":"de","@id":"https:\/\/exceladvisor.org\/de\/zellen-zusammenfuhren-ohne-daten-zu-verlieren\/#primaryimage","url":"https:\/\/exceladvisor.org\/wp-content\/uploads\/2023\/08\/1-fusionner-des-cellules.png","contentUrl":"https:\/\/exceladvisor.org\/wp-content\/uploads\/2023\/08\/1-fusionner-des-cellules.png"},{"@type":"BreadcrumbList","@id":"https:\/\/exceladvisor.org\/de\/zellen-zusammenfuhren-ohne-daten-zu-verlieren\/#breadcrumb","itemListElement":[{"@type":"ListItem","position":1,"name":"Accueil","item":"https:\/\/exceladvisor.org\/de\/"},{"@type":"ListItem","position":2,"name":"Wie f\u00fcge ich zellen zusammen, ohne daten zu verlieren?"}]},{"@type":"WebSite","@id":"https:\/\/exceladvisor.org\/de\/#website","url":"https:\/\/exceladvisor.org\/de\/","name":"Excel Advisor","description":"Ihr Leitfaden zur Datendominanz","publisher":{"@id":"https:\/\/exceladvisor.org\/de\/#organization"},"potentialAction":[{"@type":"SearchAction","target":{"@type":"EntryPoint","urlTemplate":"https:\/\/exceladvisor.org\/de\/?s={search_term_string}"},"query-input":{"@type":"PropertyValueSpecification","valueRequired":true,"valueName":"search_term_string"}}],"inLanguage":"de"},{"@type":"Organization","@id":"https:\/\/exceladvisor.org\/de\/#organization","name":"Excel Advisor","url":"https:\/\/exceladvisor.org\/de\/","logo":{"@type":"ImageObject","inLanguage":"de","@id":"https:\/\/exceladvisor.org\/de\/#\/schema\/logo\/image\/","url":"https:\/\/exceladvisor.org\/de\/wp-content\/uploads\/2023\/11\/exceladvisor.org_.png","contentUrl":"https:\/\/exceladvisor.org\/de\/wp-content\/uploads\/2023\/11\/exceladvisor.org_.png","width":105,"height":36,"caption":"Excel Advisor"},"image":{"@id":"https:\/\/exceladvisor.org\/de\/#\/schema\/logo\/image\/"}}]}},"yoast_meta":{"yoast_wpseo_title":"","yoast_wpseo_metadesc":"","yoast_wpseo_canonical":""},"_links":{"self":[{"href":"https:\/\/exceladvisor.org\/de\/wp-json\/wp\/v2\/pages\/3375","targetHints":{"allow":["GET"]}}],"collection":[{"href":"https:\/\/exceladvisor.org\/de\/wp-json\/wp\/v2\/pages"}],"about":[{"href":"https:\/\/exceladvisor.org\/de\/wp-json\/wp\/v2\/types\/page"}],"author":[{"embeddable":true,"href":"https:\/\/exceladvisor.org\/de\/wp-json\/wp\/v2\/users\/1"}],"replies":[{"embeddable":true,"href":"https:\/\/exceladvisor.org\/de\/wp-json\/wp\/v2\/comments?post=3375"}],"version-history":[{"count":1,"href":"https:\/\/exceladvisor.org\/de\/wp-json\/wp\/v2\/pages\/3375\/revisions"}],"predecessor-version":[{"id":4066,"href":"https:\/\/exceladvisor.org\/de\/wp-json\/wp\/v2\/pages\/3375\/revisions\/4066"}],"wp:attachment":[{"href":"https:\/\/exceladvisor.org\/de\/wp-json\/wp\/v2\/media?parent=3375"}],"curies":[{"name":"wp","href":"https:\/\/api.w.org\/{rel}","templated":true}]}}