{"id":3376,"date":"2023-10-30T09:18:58","date_gmt":"2023-10-30T09:18:58","guid":{"rendered":"https:\/\/exceladvisor.org\/de\/datumsformat-andern\/"},"modified":"2023-12-03T11:13:38","modified_gmt":"2023-12-03T11:13:38","slug":"datumsformat-andern","status":"publish","type":"page","link":"https:\/\/exceladvisor.org\/de\/datumsformat-andern\/","title":{"rendered":"Wie \u00e4ndere ich das datumsformat in excel?"},"content":{"rendered":"<div class=\"excel-vor-dem-inhalt\" id=\"excel-170155140\"><script type=\"text\/javascript\">\r\n\tatOptions = {\r\n\t\t'key' : 'c1158f160081d6540a8409e6925dab94',\r\n\t\t'format' : 'iframe',\r\n\t\t'height' : 250,\r\n\t\t'width' : 300,\r\n\t\t'params' : {}\r\n\t};\r\n<\/script>\r\n<script type=\"text\/javascript\" src=\"\/\/www.highperformanceformat.com\/c1158f160081d6540a8409e6925dab94\/invoke.js\"><\/script><\/div> <p>Eines der besten Dinge an Excel ist, dass Sie Datumsformate \u00e4ndern und ein Format entsprechend Ihren Anforderungen oder der Art und Weise anwenden k\u00f6nnen, wie Sie es dem Benutzer anzeigen m\u00f6chten.<\/p><p> In diesem Tutorial erfahren Sie, wie Sie das Datumsformat \u00e4ndern, da es sehr wichtig ist, Verk\u00e4ufe, Gewinne und Ereignisse zu analysieren.<\/p><h2 class=\"wp-block-heading\"> <strong>Schritte zum \u00c4ndern des Datumsformats in Excel<\/strong><\/h2><p> Nachfolgend finden Sie die Schritte zum schnellen \u00c4ndern des Datumsformats in Excel.<\/p><ol><li> W\u00e4hlen Sie zun\u00e4chst die Zelle oder den Zellbereich aus, deren Datumsformat Sie \u00e4ndern m\u00f6chten.<\/li><li> Gehen Sie als N\u00e4chstes zur Registerkarte \u201e <strong>Startseite<\/strong> \u201c und klicken Sie auf die Gruppe \u201e <strong>Nummer<\/strong> \u201c.<\/li><li> Klicken Sie anschlie\u00dfend in der Nummerngruppe auf die Dropdown-Liste \u201eBenutzerdefiniert\u201c und die Optionen \u201e <strong>Langes Datum<\/strong> \u201c und \u201e <strong>Kurzes Datum<\/strong> \u201c werden angezeigt. <br><img loading=\"lazy\" decoding=\"async\" title=\"1-Kurz-Lang-Datum ausw\u00e4hlen\" src=\"https:\/\/exceladvisor.org\/wp-content\/uploads\/2023\/08\/1-selectionner-une-date-longue-courte.png\" sizes=\"auto, \" srcset=\"\" alt=\"select-short-long-date-date-format\" width=\"801\" height=\"446\"><\/li><li> Das lange Datumsformat wird als (02. Januar 2000) angezeigt und das kurze Datum sieht aus wie (02.01.22). Sie k\u00f6nnen sich entweder f\u00fcr eines entscheiden.<\/li><\/ol><p> Unten befindet sich die Option \u201e <strong>Weitere Zahlenformate<\/strong> \u201c. Klicken Sie hier, um weitere Datumsformate zu erhalten. <\/p><div class=\"wp-block-image\"><figure class=\"aligncenter size-full is-resized\"><img loading=\"lazy\" decoding=\"async\" class=\"wp-image-70664\" src=\"https:\/\/exceladvisor.org\/wp-content\/uploads\/2023\/08\/2-autres-formats-de-nombres.png\" sizes=\"auto, \" srcset=\"\" alt=\"Klicken Sie auf weitere Zahlenformate\" width=\"726\" height=\"473\"><\/figure><\/div><p> Sobald Sie darauf klicken, wird das Fenster \u201eZellen formatieren\u201c ge\u00f6ffnet und Sie m\u00fcssen dort die Kategorie \u201eDatum\u201c ausw\u00e4hlen. <\/p><div class=\"wp-block-image\"><figure class=\"aligncenter size-full is-resized\"><img loading=\"lazy\" decoding=\"async\" class=\"wp-image-70665\" src=\"https:\/\/exceladvisor.org\/wp-content\/uploads\/2023\/08\/3-boite-de-dialogue-avec-les-formats.png\" sizes=\"auto, \" srcset=\"\" alt=\"Dialogfeld-mit-Datumsformaten\" width=\"548\" height=\"542\"><\/figure><\/div><p> Hier sind die Datumsformattypen, Speicherorte und Sprache anhand eines Beispiels aufgef\u00fchrt. Sie k\u00f6nnen das jeweilige Format ausw\u00e4hlen und es zeigt das Beispiel an, das Ihnen eine Vorstellung davon gibt, wie es in der Tabelle aussehen wird.<\/p><p> Klicken Sie abschlie\u00dfend auf die Schaltfl\u00e4che \u201e <strong>OK<\/strong> \u201c, nachdem Sie das Datumsformat festgelegt haben, das Sie verwenden m\u00f6chten. <\/p><div class=\"wp-block-image\"><figure class=\"aligncenter size-full is-resized\"><img decoding=\"async\" class=\"wp-image-70666\" src=\"https:\/\/exceladvisor.org\/wp-content\/uploads\/2023\/08\/4-format-final-et-ok.png\" sizes=\"\" srcset=\"\" alt=\"select-final-format-date-format\" width=\"-387\" height=\"-249\"><\/figure><\/div><h2 class=\"wp-block-heading\"> <strong>Erstellen Sie Ihr eigenes benutzerdefiniertes Datumsformat<\/strong><\/h2><p> Zweifellos sind standardm\u00e4\u00dfig mehrere Formate verf\u00fcgbar. Wenn Sie das Format jedoch gem\u00e4\u00df Ihren Anforderungen erstellen m\u00f6chten, k\u00f6nnen Sie es mithilfe spezifischer Codes erstellen.<\/p><ol><li style=\"list-style-type: none;\"><ol><li> Dazu m\u00fcssen Sie zun\u00e4chst den Zellbereich ausw\u00e4hlen, der die Datumsangaben enth\u00e4lt.<\/li><li> Dr\u00fccken Sie anschlie\u00dfend <a href=\"https:\/\/exceladvisor.org\/de\/a\/\">( <strong>Strg+1<\/strong> ), um das Dialogfeld \u201eZellen formatieren\u201c zu \u00f6ffnen<\/a> , und klicken Sie auf die Option \u201eBenutzerdefiniert\u201c, die sich unten in der Kategorieliste befindet. <br><img loading=\"lazy\" decoding=\"async\" title=\"5-kundenspezifische Option\" src=\"https:\/\/exceladvisor.org\/wp-content\/uploads\/2023\/08\/5-options-personnalisees.png\" sizes=\"auto, \" srcset=\"\" alt=\"use-custom-option-date-format\" width=\"902\" height=\"662\"><\/li><li> Jetzt werden Sie feststellen, dass sich im <strong>Textfeld \u201eTyp\u201c<\/strong> ein bestimmter Code befindet. Sie k\u00f6nnen diesen Code neu erstellen oder \u00e4ndern, um Ihr eigenes Format zu erstellen.<\/li><li> Klicken Sie anschlie\u00dfend auf \u201eOk\u201c und die ausgew\u00e4hlten Zellen werden in das neue Format ge\u00e4ndert. <\/li><\/ol><\/li><\/ol><p><img loading=\"lazy\" decoding=\"async\" title=\"6-Proben-zeigen-und-ok\" src=\"https:\/\/exceladvisor.org\/wp-content\/uploads\/2023\/08\/6-exemples-de-spectacle-et-ok.png\" sizes=\"auto, \" srcset=\"\" alt=\"check-sample-date-format\" width=\"593\" height=\"591\"><\/p><p> Sobald Sie auf \u201eOK\u201c klicken, \u00e4ndert sich das Datumsformat in das von mir angegebene benutzerdefinierte Format. <\/p><div class=\"wp-block-image\"><figure class=\"aligncenter size-full is-resized\"><img loading=\"lazy\" decoding=\"async\" class=\"wp-image-70669\" src=\"https:\/\/exceladvisor.org\/wp-content\/uploads\/2023\/08\/7-ecran-final.png\" sizes=\"auto, \" srcset=\"\" alt=\"Endg\u00fcltiger Bildschirm mit Datumsformat\" width=\"351\" height=\"316\"><\/figure><\/div><p> Mithilfe der folgenden Tabelle k\u00f6nnen Sie <a href=\"https:\/\/exceladvisor.org\/de\/benutzerdefinierte-datumsformate\/\">Ihr pers\u00f6nliches Datum erstellen<\/a> . <\/p><figure class=\"wp-block-table\"><table class=\"mtr-table mtr-tr-td\"><tbody><tr><td class=\"mtr-td-tag\" data-mtr-content=\"Code\"><div class=\"mtr-cell-content\"> <strong>Codiert<\/strong><\/div><\/td><td class=\"mtr-td-tag\" data-mtr-content=\"Describes:\"><div class=\"mtr-cell-content\"> <strong>Beschreibung:<\/strong><\/div><\/td><td class=\"mtr-td-tag\" data-mtr-content=\"Example\"><div class=\"mtr-cell-content\"><strong>Beispiel<\/strong><\/div><\/td><\/tr><tr><td class=\"mtr-td-tag\" data-mtr-content=\"Code\"><div class=\"mtr-cell-content\"> kein Wort<\/div><\/td><td class=\"mtr-td-tag\" data-mtr-content=\"Describes:\"><div class=\"mtr-cell-content\"> Tagesnummer<\/div><\/td><td class=\"mtr-td-tag\" data-mtr-content=\"Example\"><div class=\"mtr-cell-content\"> 01<\/div><\/td><\/tr><tr><td class=\"mtr-td-tag\" data-mtr-content=\"Code\"><div class=\"mtr-cell-content\"> Millimeter<\/div><\/td><td class=\"mtr-td-tag\" data-mtr-content=\"Describes:\"><div class=\"mtr-cell-content\"> Zahl des Monats<\/div><\/td><td class=\"mtr-td-tag\" data-mtr-content=\"Example\"><div class=\"mtr-cell-content\"> 02<\/div><\/td><\/tr><tr><td class=\"mtr-td-tag\" data-mtr-content=\"Code\"><div class=\"mtr-cell-content\"> aaaa<\/div><\/td><td class=\"mtr-td-tag\" data-mtr-content=\"Describes:\"><div class=\"mtr-cell-content\"> Volles Jahr<\/div><\/td><td class=\"mtr-td-tag\" data-mtr-content=\"Example\"><div class=\"mtr-cell-content\"> 2022<\/div><\/td><\/tr><tr><td class=\"mtr-td-tag\" data-mtr-content=\"Code\"><div class=\"mtr-cell-content\"> mmm<\/div><\/td><td class=\"mtr-td-tag\" data-mtr-content=\"Describes:\"><div class=\"mtr-cell-content\"> Name des Monats (kurz)<\/div><\/td><td class=\"mtr-td-tag\" data-mtr-content=\"Example\"><div class=\"mtr-cell-content\"> Jan<\/div><\/td><\/tr><tr><td class=\"mtr-td-tag\" data-mtr-content=\"Code\"><div class=\"mtr-cell-content\"> aa<\/div><\/td><td class=\"mtr-td-tag\" data-mtr-content=\"Describes:\"><div class=\"mtr-cell-content\"> Die letzten beiden Ziffern des Jahres<\/div><\/td><td class=\"mtr-td-tag\" data-mtr-content=\"Example\"><div class=\"mtr-cell-content\"> 22 <\/div><\/td><\/tr><\/tbody><\/table><\/figure><div class=\"gb-container gb-container-4db6181c gb-container-mt\"> <a class=\"gb-button gb-button-c5897111 gb-button-text gb-button-mt-button\" href=\"https:\/\/exceladvisor.org\/de\/excel-grundlagen\/\">Microsoft Excel-Grundlagen (Komponenten, Teile und Wissenshinweise)<\/a><h2 class=\"gb-headline gb-headline-665e5f6b gb-headline-text gb-headline-mt-heading\"> Verwandte Tutorials <\/h2><div class=\"gb-grid-wrapper gb-grid-wrapper-a20baf7c gb-grid-wrapper-mt-grid\"><div class=\"gb-grid-column gb-grid-column-65ddf67e\"><div class=\"gb-container gb-container-65ddf67e\"><ul><li> <a href=\"https:\/\/exceladvisor.org\/de\/buchhaltungsnummernformat\/\">Wenden Sie das Buchhaltungsnummernformat in Excel an<\/a><\/li><li> <a href=\"https:\/\/exceladvisor.org\/de\/zellfarbe\/\">Wenden Sie eine Hintergrundfarbe auf eine Zelle oder das gesamte Blatt in Excel an<\/a><\/li><li> <a href=\"https:\/\/exceladvisor.org\/de\/das-gitter\/\">Excel-Gitternetzlinien drucken (l\u00f6schen, k\u00fcrzen und Farbe \u00e4ndern)<\/a><\/li><li> <a href=\"https:\/\/exceladvisor.org\/de\/fugen-sie-eine-seitenzahl-hinzu\/\">F\u00fcgen Sie in Excel eine Seitenzahl hinzu<\/a> <\/li><\/ul><\/div><\/div><div class=\"gb-grid-column gb-grid-column-50067b57\"><div class=\"gb-container gb-container-50067b57\"><\/div><\/div><\/div><\/div>","protected":false},"excerpt":{"rendered":"","protected":false},"author":1,"featured_media":0,"parent":0,"menu_order":0,"comment_status":"open","ping_status":"closed","template":"","meta":{"ub_ctt_via":"","footnotes":""},"class_list":["post-3376","page","type-page","status-publish","hentry"],"featured_image_src":null,"yoast_head":"<!-- This site is optimized with the Yoast SEO plugin v25.4 - https:\/\/yoast.com\/wordpress\/plugins\/seo\/ -->\n<title>Datumsformat in Excel \u00e4ndern (kurz, lang und benutzerdefiniert)<\/title>\n<meta name=\"description\" content=\"Eines der besten Dinge an Excel ist, dass Sie Datumsformate \u00e4ndern und ein Format entsprechend Ihren Anforderungen anwenden k\u00f6nnen ...\" \/>\n<meta name=\"robots\" content=\"index, follow, max-snippet:-1, max-image-preview:large, max-video-preview:-1\" \/>\n<link rel=\"canonical\" href=\"https:\/\/exceladvisor.org\/de\/datumsformat-andern\/\" \/>\n<meta property=\"og:locale\" content=\"de_DE\" \/>\n<meta property=\"og:type\" content=\"article\" \/>\n<meta property=\"og:title\" content=\"Datumsformat in Excel \u00e4ndern (kurz, lang und benutzerdefiniert)\" \/>\n<meta property=\"og:description\" content=\"Eines der besten Dinge an Excel ist, dass Sie Datumsformate \u00e4ndern und ein Format entsprechend Ihren Anforderungen anwenden k\u00f6nnen ...\" \/>\n<meta property=\"og:url\" content=\"https:\/\/exceladvisor.org\/de\/datumsformat-andern\/\" \/>\n<meta property=\"og:site_name\" content=\"Excel Advisor\" \/>\n<meta property=\"article:modified_time\" content=\"2023-12-03T11:13:38+00:00\" \/>\n<meta property=\"og:image\" content=\"https:\/\/exceladvisor.org\/wp-content\/uploads\/2023\/08\/1-selectionner-une-date-longue-courte.png\" \/>\n<meta name=\"twitter:card\" content=\"summary_large_image\" \/>\n<meta name=\"twitter:label1\" content=\"Gesch\u00e4tzte Lesezeit\" \/>\n\t<meta name=\"twitter:data1\" content=\"2\u00a0Minuten\" \/>\n<script type=\"application\/ld+json\" class=\"yoast-schema-graph\">{\"@context\":\"https:\/\/schema.org\",\"@graph\":[{\"@type\":\"WebPage\",\"@id\":\"https:\/\/exceladvisor.org\/de\/datumsformat-andern\/\",\"url\":\"https:\/\/exceladvisor.org\/de\/datumsformat-andern\/\",\"name\":\"Datumsformat in Excel \u00e4ndern (kurz, lang und benutzerdefiniert)\",\"isPartOf\":{\"@id\":\"https:\/\/exceladvisor.org\/de\/#website\"},\"primaryImageOfPage\":{\"@id\":\"https:\/\/exceladvisor.org\/de\/datumsformat-andern\/#primaryimage\"},\"image\":{\"@id\":\"https:\/\/exceladvisor.org\/de\/datumsformat-andern\/#primaryimage\"},\"thumbnailUrl\":\"https:\/\/exceladvisor.org\/wp-content\/uploads\/2023\/08\/1-selectionner-une-date-longue-courte.png\",\"datePublished\":\"2023-10-30T09:18:58+00:00\",\"dateModified\":\"2023-12-03T11:13:38+00:00\",\"description\":\"Eines der besten Dinge an Excel ist, dass Sie Datumsformate \u00e4ndern und ein Format entsprechend Ihren Anforderungen anwenden k\u00f6nnen ...\",\"breadcrumb\":{\"@id\":\"https:\/\/exceladvisor.org\/de\/datumsformat-andern\/#breadcrumb\"},\"inLanguage\":\"de\",\"potentialAction\":[{\"@type\":\"ReadAction\",\"target\":[\"https:\/\/exceladvisor.org\/de\/datumsformat-andern\/\"]}]},{\"@type\":\"ImageObject\",\"inLanguage\":\"de\",\"@id\":\"https:\/\/exceladvisor.org\/de\/datumsformat-andern\/#primaryimage\",\"url\":\"https:\/\/exceladvisor.org\/wp-content\/uploads\/2023\/08\/1-selectionner-une-date-longue-courte.png\",\"contentUrl\":\"https:\/\/exceladvisor.org\/wp-content\/uploads\/2023\/08\/1-selectionner-une-date-longue-courte.png\"},{\"@type\":\"BreadcrumbList\",\"@id\":\"https:\/\/exceladvisor.org\/de\/datumsformat-andern\/#breadcrumb\",\"itemListElement\":[{\"@type\":\"ListItem\",\"position\":1,\"name\":\"Accueil\",\"item\":\"https:\/\/exceladvisor.org\/de\/\"},{\"@type\":\"ListItem\",\"position\":2,\"name\":\"Wie \u00e4ndere ich das datumsformat in excel?\"}]},{\"@type\":\"WebSite\",\"@id\":\"https:\/\/exceladvisor.org\/de\/#website\",\"url\":\"https:\/\/exceladvisor.org\/de\/\",\"name\":\"Excel Advisor\",\"description\":\"Ihr Leitfaden zur Datendominanz\",\"publisher\":{\"@id\":\"https:\/\/exceladvisor.org\/de\/#organization\"},\"potentialAction\":[{\"@type\":\"SearchAction\",\"target\":{\"@type\":\"EntryPoint\",\"urlTemplate\":\"https:\/\/exceladvisor.org\/de\/?s={search_term_string}\"},\"query-input\":{\"@type\":\"PropertyValueSpecification\",\"valueRequired\":true,\"valueName\":\"search_term_string\"}}],\"inLanguage\":\"de\"},{\"@type\":\"Organization\",\"@id\":\"https:\/\/exceladvisor.org\/de\/#organization\",\"name\":\"Excel Advisor\",\"url\":\"https:\/\/exceladvisor.org\/de\/\",\"logo\":{\"@type\":\"ImageObject\",\"inLanguage\":\"de\",\"@id\":\"https:\/\/exceladvisor.org\/de\/#\/schema\/logo\/image\/\",\"url\":\"https:\/\/exceladvisor.org\/de\/wp-content\/uploads\/2023\/11\/exceladvisor.org_.png\",\"contentUrl\":\"https:\/\/exceladvisor.org\/de\/wp-content\/uploads\/2023\/11\/exceladvisor.org_.png\",\"width\":105,\"height\":36,\"caption\":\"Excel Advisor\"},\"image\":{\"@id\":\"https:\/\/exceladvisor.org\/de\/#\/schema\/logo\/image\/\"}}]}<\/script>\n<!-- \/ Yoast SEO plugin. -->","yoast_head_json":{"title":"Datumsformat in Excel \u00e4ndern (kurz, lang und benutzerdefiniert)","description":"Eines der besten Dinge an Excel ist, dass Sie Datumsformate \u00e4ndern und ein Format entsprechend Ihren Anforderungen anwenden k\u00f6nnen ...","robots":{"index":"index","follow":"follow","max-snippet":"max-snippet:-1","max-image-preview":"max-image-preview:large","max-video-preview":"max-video-preview:-1"},"canonical":"https:\/\/exceladvisor.org\/de\/datumsformat-andern\/","og_locale":"de_DE","og_type":"article","og_title":"Datumsformat in Excel \u00e4ndern (kurz, lang und benutzerdefiniert)","og_description":"Eines der besten Dinge an Excel ist, dass Sie Datumsformate \u00e4ndern und ein Format entsprechend Ihren Anforderungen anwenden k\u00f6nnen ...","og_url":"https:\/\/exceladvisor.org\/de\/datumsformat-andern\/","og_site_name":"Excel Advisor","article_modified_time":"2023-12-03T11:13:38+00:00","og_image":[{"url":"https:\/\/exceladvisor.org\/wp-content\/uploads\/2023\/08\/1-selectionner-une-date-longue-courte.png","type":"","width":"","height":""}],"twitter_card":"summary_large_image","twitter_misc":{"Gesch\u00e4tzte Lesezeit":"2\u00a0Minuten"},"schema":{"@context":"https:\/\/schema.org","@graph":[{"@type":"WebPage","@id":"https:\/\/exceladvisor.org\/de\/datumsformat-andern\/","url":"https:\/\/exceladvisor.org\/de\/datumsformat-andern\/","name":"Datumsformat in Excel \u00e4ndern (kurz, lang und benutzerdefiniert)","isPartOf":{"@id":"https:\/\/exceladvisor.org\/de\/#website"},"primaryImageOfPage":{"@id":"https:\/\/exceladvisor.org\/de\/datumsformat-andern\/#primaryimage"},"image":{"@id":"https:\/\/exceladvisor.org\/de\/datumsformat-andern\/#primaryimage"},"thumbnailUrl":"https:\/\/exceladvisor.org\/wp-content\/uploads\/2023\/08\/1-selectionner-une-date-longue-courte.png","datePublished":"2023-10-30T09:18:58+00:00","dateModified":"2023-12-03T11:13:38+00:00","description":"Eines der besten Dinge an Excel ist, dass Sie Datumsformate \u00e4ndern und ein Format entsprechend Ihren Anforderungen anwenden k\u00f6nnen ...","breadcrumb":{"@id":"https:\/\/exceladvisor.org\/de\/datumsformat-andern\/#breadcrumb"},"inLanguage":"de","potentialAction":[{"@type":"ReadAction","target":["https:\/\/exceladvisor.org\/de\/datumsformat-andern\/"]}]},{"@type":"ImageObject","inLanguage":"de","@id":"https:\/\/exceladvisor.org\/de\/datumsformat-andern\/#primaryimage","url":"https:\/\/exceladvisor.org\/wp-content\/uploads\/2023\/08\/1-selectionner-une-date-longue-courte.png","contentUrl":"https:\/\/exceladvisor.org\/wp-content\/uploads\/2023\/08\/1-selectionner-une-date-longue-courte.png"},{"@type":"BreadcrumbList","@id":"https:\/\/exceladvisor.org\/de\/datumsformat-andern\/#breadcrumb","itemListElement":[{"@type":"ListItem","position":1,"name":"Accueil","item":"https:\/\/exceladvisor.org\/de\/"},{"@type":"ListItem","position":2,"name":"Wie \u00e4ndere ich das datumsformat in excel?"}]},{"@type":"WebSite","@id":"https:\/\/exceladvisor.org\/de\/#website","url":"https:\/\/exceladvisor.org\/de\/","name":"Excel Advisor","description":"Ihr Leitfaden zur Datendominanz","publisher":{"@id":"https:\/\/exceladvisor.org\/de\/#organization"},"potentialAction":[{"@type":"SearchAction","target":{"@type":"EntryPoint","urlTemplate":"https:\/\/exceladvisor.org\/de\/?s={search_term_string}"},"query-input":{"@type":"PropertyValueSpecification","valueRequired":true,"valueName":"search_term_string"}}],"inLanguage":"de"},{"@type":"Organization","@id":"https:\/\/exceladvisor.org\/de\/#organization","name":"Excel Advisor","url":"https:\/\/exceladvisor.org\/de\/","logo":{"@type":"ImageObject","inLanguage":"de","@id":"https:\/\/exceladvisor.org\/de\/#\/schema\/logo\/image\/","url":"https:\/\/exceladvisor.org\/de\/wp-content\/uploads\/2023\/11\/exceladvisor.org_.png","contentUrl":"https:\/\/exceladvisor.org\/de\/wp-content\/uploads\/2023\/11\/exceladvisor.org_.png","width":105,"height":36,"caption":"Excel Advisor"},"image":{"@id":"https:\/\/exceladvisor.org\/de\/#\/schema\/logo\/image\/"}}]}},"yoast_meta":{"yoast_wpseo_title":"","yoast_wpseo_metadesc":"","yoast_wpseo_canonical":""},"_links":{"self":[{"href":"https:\/\/exceladvisor.org\/de\/wp-json\/wp\/v2\/pages\/3376","targetHints":{"allow":["GET"]}}],"collection":[{"href":"https:\/\/exceladvisor.org\/de\/wp-json\/wp\/v2\/pages"}],"about":[{"href":"https:\/\/exceladvisor.org\/de\/wp-json\/wp\/v2\/types\/page"}],"author":[{"embeddable":true,"href":"https:\/\/exceladvisor.org\/de\/wp-json\/wp\/v2\/users\/1"}],"replies":[{"embeddable":true,"href":"https:\/\/exceladvisor.org\/de\/wp-json\/wp\/v2\/comments?post=3376"}],"version-history":[{"count":1,"href":"https:\/\/exceladvisor.org\/de\/wp-json\/wp\/v2\/pages\/3376\/revisions"}],"predecessor-version":[{"id":3847,"href":"https:\/\/exceladvisor.org\/de\/wp-json\/wp\/v2\/pages\/3376\/revisions\/3847"}],"wp:attachment":[{"href":"https:\/\/exceladvisor.org\/de\/wp-json\/wp\/v2\/media?parent=3376"}],"curies":[{"name":"wp","href":"https:\/\/api.w.org\/{rel}","templated":true}]}}