{"id":3377,"date":"2023-10-30T09:05:14","date_gmt":"2023-10-30T09:05:14","guid":{"rendered":"https:\/\/exceladvisor.org\/de\/titel-drucken\/"},"modified":"2023-12-03T13:05:39","modified_gmt":"2023-12-03T13:05:39","slug":"titel-drucken","status":"publish","type":"page","link":"https:\/\/exceladvisor.org\/de\/titel-drucken\/","title":{"rendered":"Wie wende ich drucktitel in excel an?"},"content":{"rendered":"<div class=\"excel-vor-dem-inhalt\" id=\"excel-2679270537\"><script type=\"text\/javascript\">\r\n\tatOptions = {\r\n\t\t'key' : 'c1158f160081d6540a8409e6925dab94',\r\n\t\t'format' : 'iframe',\r\n\t\t'height' : 250,\r\n\t\t'width' : 300,\r\n\t\t'params' : {}\r\n\t};\r\n<\/script>\r\n<script type=\"text\/javascript\" src=\"\/\/www.highperformanceformat.com\/c1158f160081d6540a8409e6925dab94\/invoke.js\"><\/script><\/div> <p>Wenn Sie in Excel mehrere Seiten drucken m\u00f6chten, aber ab der ersten Zeile eine Kopfzeile oder einen Titel erstellen m\u00f6chten, der oben auf jeder Seite gedruckt wird, k\u00f6nnen Sie in Excel die Option \u201eTitel drucken\u201c verwenden. <\/p><div class=\"wp-block-image\"><figure class=\"aligncenter size-full is-resized\"><img loading=\"lazy\" decoding=\"async\" class=\"wp-image-72469\" src=\"https:\/\/exceladvisor.org\/wp-content\/uploads\/2023\/08\/1-imprimer-plusieurs-pages.png\" sizes=\"auto, \" srcset=\"\" alt=\"mehrere Seiten drucken\" width=\"651\" height=\"403\"><\/figure><\/div><p> Oben haben wir die Daten und m\u00fcssen die erste Zeile als Titel festlegen, der auf jeder Seite gedruckt werden soll. Diese Tabelle enth\u00e4lt \u00fcber 1000 Datenzeilen. Wenn ich versuche, sie zu drucken, m\u00fcssen 23 Seiten gedruckt werden.<\/p><h2 class=\"wp-block-heading\"> Verwenden Sie Drucktitel, um in Ausdrucken eine Zeile als Kopfzeile festzulegen<\/h2><ol><li> Gehen Sie zun\u00e4chst zur Registerkarte \u201eLayout\u201c \u21e2 \u201eSeitensatzgruppe\u201c \u21e2 \u201eTitel drucken\u201c. <br><img loading=\"lazy\" decoding=\"async\" title=\"2-fach bedruckte Fliesen\" src=\"https:\/\/exceladvisor.org\/wp-content\/uploads\/2023\/08\/2-utiliser-des-tuiles-dimpression.png\" sizes=\"auto, \" srcset=\"\" alt=\"use-print-tiles\" width=\"654\" height=\"207\"><\/li><li> Klicken Sie anschlie\u00dfend auf die Schaltfl\u00e4che \u201eTitel drucken\u201c, um das Dialogfeld \u201eSeite einrichten\u201c zu \u00f6ffnen. <br><img loading=\"lazy\" decoding=\"async\" title=\"3-seitiger Konfigurationsdialog\" src=\"https:\/\/exceladvisor.org\/wp-content\/uploads\/2023\/08\/Boite-de-dialogue-de-configuration-a-3-pages.png\" sizes=\"auto, \" srcset=\"\" alt=\"page-setup-dialog-box\" width=\"540\" height=\"521\"><\/li><li> In diesem Dialogfeld m\u00fcssen Sie nun die Option \u201eOben zu wiederholende Zeilen:\u201c verwenden. Klicken Sie also auf den Aufw\u00e4rtspfeil auf der rechten Seite. <br><img loading=\"lazy\" decoding=\"async\" title=\"4 Zeilen ausw\u00e4hlen, die oben wiederholt werden sollen\" src=\"https:\/\/exceladvisor.org\/wp-content\/uploads\/2023\/08\/4-lignes-selectionnees-a-repeter-en-haut.png\" sizes=\"auto, \" srcset=\"\" alt=\"select-rows-to-repeat-at-top\" width=\"541\" height=\"522\"><\/li><li> An diesem Punkt haben Sie eine Eingabeleiste f\u00fcr die Bereichsauswahl und m\u00fcssen die erste Zeile ausw\u00e4hlen, um sie festzulegen. <br><img loading=\"lazy\" decoding=\"async\" title=\"5-Linie angeben\" src=\"https:\/\/exceladvisor.org\/wp-content\/uploads\/2023\/08\/5-specifier-la-ligne.png\" sizes=\"auto, \" srcset=\"\" alt=\"specify-the-row\" width=\"672\" height=\"243\"><\/li><li> Klicken Sie anschlie\u00dfend rechts auf den Abw\u00e4rtspfeil, um zur Einrichtungsseite zur\u00fcckzukehren. <br><img loading=\"lazy\" decoding=\"async\" title=\"6-Return-to-Page-Konfiguration\" src=\"https:\/\/exceladvisor.org\/wp-content\/uploads\/2023\/08\/6-revenir-a-la-configuration-de-la-page.png\" sizes=\"auto, \" srcset=\"\" alt=\"go-back-to-the-page-setup\" width=\"683\" height=\"83\"><\/li><li> Klicken Sie abschlie\u00dfend auf OK, um die Einstellungen zu speichern. <br><img loading=\"lazy\" decoding=\"async\" title=\"7-Speichereinstellungen\" src=\"https:\/\/exceladvisor.org\/wp-content\/uploads\/2023\/08\/7-enregistrer-les-parametres.png\" sizes=\"auto, \" srcset=\"\" alt=\"save-the-settings\" width=\"542\" height=\"523\"><\/li><\/ol><p> Beim Drucken dieser Daten druckt Excel nun die erste Zeile jeder Seite. <\/p><div class=\"wp-block-image\"><figure class=\"aligncenter size-full is-resized\"><img loading=\"lazy\" decoding=\"async\" class=\"wp-image-72476\" src=\"https:\/\/exceladvisor.org\/wp-content\/uploads\/2023\/08\/8-donnees-dapercu-avant-impression.png\" sizes=\"auto, \" srcset=\"\" alt=\"Druckvorschaudaten\" width=\"812\" height=\"433\"><\/figure><\/div><p> Wie Sie im Schnappschuss oben sehen k\u00f6nnen, haben wir in der Druckvorschau insgesamt 23 Seiten und beginnend mit der ersten Zeile werden die von uns angegebenen Seitentitel angezeigt.<\/p><h2 class=\"wp-block-heading\"> Verwendung mehrerer Zeilen als Drucktitel (Kopfzeilen)<\/h2><p> Ebenso k\u00f6nnen Sie dort, wo Sie die erste Zeile angegeben haben, auch mehrere Zeilen angeben, die als Drucktitel festgelegt werden sollen. <\/p><div class=\"wp-block-image\"><figure class=\"aligncenter size-full is-resized\"><img loading=\"lazy\" decoding=\"async\" class=\"wp-image-72477\" src=\"https:\/\/exceladvisor.org\/wp-content\/uploads\/2023\/08\/9-utiliser-plusieurs-lignes-comme-titre-dimpression.png\" sizes=\"auto, \" srcset=\"\" alt=\"Verwenden Sie mehrere Zeilen als Drucktitel\" width=\"665\" height=\"232\"><\/figure><\/div><p> Sie m\u00fcssen nur diese Leitungen ausw\u00e4hlen und ihre Adresse in der Eingabeleiste angeben und dann auf OK klicken. <\/p><div class=\"wp-block-image\"><figure class=\"aligncenter size-full is-resized\"><img loading=\"lazy\" decoding=\"async\" class=\"wp-image-72478\" src=\"https:\/\/exceladvisor.org\/wp-content\/uploads\/2023\/08\/10-selectionner-les-lignes-pour-les-en-tetes.png\" sizes=\"auto, \" srcset=\"\" alt=\"Zeilen f\u00fcr \u00dcberschriften ausw\u00e4hlen\" width=\"500\" height=\"523\"><\/figure><\/div><p> Sie k\u00f6nnen jedoch nur durchgehende Linien angeben. Wenn Sie versuchen, auf nicht durchgehende Linien zu verweisen, wird ein Fehler angezeigt. <\/p><div class=\"wp-block-image\"><figure class=\"aligncenter size-full is-resized\"><img loading=\"lazy\" decoding=\"async\" class=\"wp-image-72479\" src=\"https:\/\/exceladvisor.org\/wp-content\/uploads\/2023\/08\/11-selectionner-uniquement-les-lignes-continues.png\" sizes=\"auto, \" srcset=\"\" alt=\"Nur-Auswahl-Fortsetzungszeilen\" width=\"568\" height=\"497\"><\/figure><\/div><div class=\"gb-container gb-container-4db6181c gb-container-mt\"> <a class=\"gb-button gb-button-c5897111 gb-button-text gb-button-mt-button\" href=\"https:\/\/exceladvisor.org\/de\/excel-fortschritt\/\">Erweiterte Excel-Tutorials<\/a><h2 class=\"gb-headline gb-headline-665e5f6b gb-headline-text gb-headline-mt-heading\"> Verwandte Tutorials <\/h2><div class=\"gb-grid-wrapper gb-grid-wrapper-a20baf7c gb-grid-wrapper-mt-grid\"><div class=\"gb-grid-column gb-grid-column-65ddf67e\"><div class=\"gb-container gb-container-65ddf67e\"><ul><li> <a href=\"https:\/\/exceladvisor.org\/de\/millimeterpapier\/\">Drucken Sie ein Millimeterpapier in Excel (quadratische Rastervorlage)<\/a><\/li><li> <a href=\"https:\/\/exceladvisor.org\/de\/seitenumbruch-entfernen\/\">Seitenumbruch in Excel entfernen<\/a><\/li><li> <a href=\"https:\/\/exceladvisor.org\/de\/druckbereich-festlegen\/\">Legen Sie den Druckbereich in Excel fest<\/a><\/li><li> <a href=\"https:\/\/exceladvisor.org\/de\/zentrieren-sie-das-arbeitsblatt-horizontal\/\">Zentrieren Sie ein Arbeitsblatt in Excel horizontal und vertikal<\/a> <\/li><\/ul><\/div><\/div><div class=\"gb-grid-column gb-grid-column-50067b57\"><div class=\"gb-container gb-container-50067b57\"><\/div><\/div><\/div><\/div>","protected":false},"excerpt":{"rendered":"","protected":false},"author":1,"featured_media":0,"parent":0,"menu_order":0,"comment_status":"open","ping_status":"closed","template":"","meta":{"ub_ctt_via":"","footnotes":""},"class_list":["post-3377","page","type-page","status-publish","hentry"],"featured_image_src":null,"yoast_head":"<!-- This site is optimized with the Yoast SEO plugin v25.4 - https:\/\/yoast.com\/wordpress\/plugins\/seo\/ -->\n<title>Wie wende ich Drucktitel in Excel an?<\/title>\n<meta name=\"description\" content=\"Lernen Sie eine einfache, aber leistungsstarke Option zum Anwenden von Drucktiteln in Excel kennen, bei der wir Zeile 1 so einstellen k\u00f6nnen, dass sie gedruckt wird ...\" \/>\n<meta name=\"robots\" content=\"index, follow, max-snippet:-1, max-image-preview:large, max-video-preview:-1\" \/>\n<link rel=\"canonical\" href=\"https:\/\/exceladvisor.org\/de\/titel-drucken\/\" \/>\n<meta property=\"og:locale\" content=\"de_DE\" \/>\n<meta property=\"og:type\" content=\"article\" \/>\n<meta property=\"og:title\" content=\"Wie wende ich Drucktitel in Excel an?\" \/>\n<meta property=\"og:description\" content=\"Lernen Sie eine einfache, aber leistungsstarke Option zum Anwenden von Drucktiteln in Excel kennen, bei der wir Zeile 1 so einstellen k\u00f6nnen, dass sie gedruckt wird ...\" \/>\n<meta property=\"og:url\" content=\"https:\/\/exceladvisor.org\/de\/titel-drucken\/\" \/>\n<meta property=\"og:site_name\" content=\"Excel Advisor\" \/>\n<meta property=\"article:modified_time\" content=\"2023-12-03T13:05:39+00:00\" \/>\n<meta property=\"og:image\" content=\"https:\/\/exceladvisor.org\/wp-content\/uploads\/2023\/08\/1-imprimer-plusieurs-pages.png\" \/>\n<meta name=\"twitter:card\" content=\"summary_large_image\" \/>\n<meta name=\"twitter:label1\" content=\"Gesch\u00e4tzte Lesezeit\" \/>\n\t<meta name=\"twitter:data1\" content=\"2\u00a0Minuten\" \/>\n<script type=\"application\/ld+json\" class=\"yoast-schema-graph\">{\"@context\":\"https:\/\/schema.org\",\"@graph\":[{\"@type\":\"WebPage\",\"@id\":\"https:\/\/exceladvisor.org\/de\/titel-drucken\/\",\"url\":\"https:\/\/exceladvisor.org\/de\/titel-drucken\/\",\"name\":\"Wie wende ich Drucktitel in Excel an?\",\"isPartOf\":{\"@id\":\"https:\/\/exceladvisor.org\/de\/#website\"},\"primaryImageOfPage\":{\"@id\":\"https:\/\/exceladvisor.org\/de\/titel-drucken\/#primaryimage\"},\"image\":{\"@id\":\"https:\/\/exceladvisor.org\/de\/titel-drucken\/#primaryimage\"},\"thumbnailUrl\":\"https:\/\/exceladvisor.org\/wp-content\/uploads\/2023\/08\/1-imprimer-plusieurs-pages.png\",\"datePublished\":\"2023-10-30T09:05:14+00:00\",\"dateModified\":\"2023-12-03T13:05:39+00:00\",\"description\":\"Lernen Sie eine einfache, aber leistungsstarke Option zum Anwenden von Drucktiteln in Excel kennen, bei der wir Zeile 1 so einstellen k\u00f6nnen, dass sie gedruckt wird ...\",\"breadcrumb\":{\"@id\":\"https:\/\/exceladvisor.org\/de\/titel-drucken\/#breadcrumb\"},\"inLanguage\":\"de\",\"potentialAction\":[{\"@type\":\"ReadAction\",\"target\":[\"https:\/\/exceladvisor.org\/de\/titel-drucken\/\"]}]},{\"@type\":\"ImageObject\",\"inLanguage\":\"de\",\"@id\":\"https:\/\/exceladvisor.org\/de\/titel-drucken\/#primaryimage\",\"url\":\"https:\/\/exceladvisor.org\/wp-content\/uploads\/2023\/08\/1-imprimer-plusieurs-pages.png\",\"contentUrl\":\"https:\/\/exceladvisor.org\/wp-content\/uploads\/2023\/08\/1-imprimer-plusieurs-pages.png\"},{\"@type\":\"BreadcrumbList\",\"@id\":\"https:\/\/exceladvisor.org\/de\/titel-drucken\/#breadcrumb\",\"itemListElement\":[{\"@type\":\"ListItem\",\"position\":1,\"name\":\"Accueil\",\"item\":\"https:\/\/exceladvisor.org\/de\/\"},{\"@type\":\"ListItem\",\"position\":2,\"name\":\"Wie wende ich drucktitel in excel an?\"}]},{\"@type\":\"WebSite\",\"@id\":\"https:\/\/exceladvisor.org\/de\/#website\",\"url\":\"https:\/\/exceladvisor.org\/de\/\",\"name\":\"Excel Advisor\",\"description\":\"Ihr Leitfaden zur Datendominanz\",\"publisher\":{\"@id\":\"https:\/\/exceladvisor.org\/de\/#organization\"},\"potentialAction\":[{\"@type\":\"SearchAction\",\"target\":{\"@type\":\"EntryPoint\",\"urlTemplate\":\"https:\/\/exceladvisor.org\/de\/?s={search_term_string}\"},\"query-input\":{\"@type\":\"PropertyValueSpecification\",\"valueRequired\":true,\"valueName\":\"search_term_string\"}}],\"inLanguage\":\"de\"},{\"@type\":\"Organization\",\"@id\":\"https:\/\/exceladvisor.org\/de\/#organization\",\"name\":\"Excel Advisor\",\"url\":\"https:\/\/exceladvisor.org\/de\/\",\"logo\":{\"@type\":\"ImageObject\",\"inLanguage\":\"de\",\"@id\":\"https:\/\/exceladvisor.org\/de\/#\/schema\/logo\/image\/\",\"url\":\"https:\/\/exceladvisor.org\/de\/wp-content\/uploads\/2023\/11\/exceladvisor.org_.png\",\"contentUrl\":\"https:\/\/exceladvisor.org\/de\/wp-content\/uploads\/2023\/11\/exceladvisor.org_.png\",\"width\":105,\"height\":36,\"caption\":\"Excel Advisor\"},\"image\":{\"@id\":\"https:\/\/exceladvisor.org\/de\/#\/schema\/logo\/image\/\"}}]}<\/script>\n<!-- \/ Yoast SEO plugin. -->","yoast_head_json":{"title":"Wie wende ich Drucktitel in Excel an?","description":"Lernen Sie eine einfache, aber leistungsstarke Option zum Anwenden von Drucktiteln in Excel kennen, bei der wir Zeile 1 so einstellen k\u00f6nnen, dass sie gedruckt wird ...","robots":{"index":"index","follow":"follow","max-snippet":"max-snippet:-1","max-image-preview":"max-image-preview:large","max-video-preview":"max-video-preview:-1"},"canonical":"https:\/\/exceladvisor.org\/de\/titel-drucken\/","og_locale":"de_DE","og_type":"article","og_title":"Wie wende ich Drucktitel in Excel an?","og_description":"Lernen Sie eine einfache, aber leistungsstarke Option zum Anwenden von Drucktiteln in Excel kennen, bei der wir Zeile 1 so einstellen k\u00f6nnen, dass sie gedruckt wird ...","og_url":"https:\/\/exceladvisor.org\/de\/titel-drucken\/","og_site_name":"Excel Advisor","article_modified_time":"2023-12-03T13:05:39+00:00","og_image":[{"url":"https:\/\/exceladvisor.org\/wp-content\/uploads\/2023\/08\/1-imprimer-plusieurs-pages.png","type":"","width":"","height":""}],"twitter_card":"summary_large_image","twitter_misc":{"Gesch\u00e4tzte Lesezeit":"2\u00a0Minuten"},"schema":{"@context":"https:\/\/schema.org","@graph":[{"@type":"WebPage","@id":"https:\/\/exceladvisor.org\/de\/titel-drucken\/","url":"https:\/\/exceladvisor.org\/de\/titel-drucken\/","name":"Wie wende ich Drucktitel in Excel an?","isPartOf":{"@id":"https:\/\/exceladvisor.org\/de\/#website"},"primaryImageOfPage":{"@id":"https:\/\/exceladvisor.org\/de\/titel-drucken\/#primaryimage"},"image":{"@id":"https:\/\/exceladvisor.org\/de\/titel-drucken\/#primaryimage"},"thumbnailUrl":"https:\/\/exceladvisor.org\/wp-content\/uploads\/2023\/08\/1-imprimer-plusieurs-pages.png","datePublished":"2023-10-30T09:05:14+00:00","dateModified":"2023-12-03T13:05:39+00:00","description":"Lernen Sie eine einfache, aber leistungsstarke Option zum Anwenden von Drucktiteln in Excel kennen, bei der wir Zeile 1 so einstellen k\u00f6nnen, dass sie gedruckt wird ...","breadcrumb":{"@id":"https:\/\/exceladvisor.org\/de\/titel-drucken\/#breadcrumb"},"inLanguage":"de","potentialAction":[{"@type":"ReadAction","target":["https:\/\/exceladvisor.org\/de\/titel-drucken\/"]}]},{"@type":"ImageObject","inLanguage":"de","@id":"https:\/\/exceladvisor.org\/de\/titel-drucken\/#primaryimage","url":"https:\/\/exceladvisor.org\/wp-content\/uploads\/2023\/08\/1-imprimer-plusieurs-pages.png","contentUrl":"https:\/\/exceladvisor.org\/wp-content\/uploads\/2023\/08\/1-imprimer-plusieurs-pages.png"},{"@type":"BreadcrumbList","@id":"https:\/\/exceladvisor.org\/de\/titel-drucken\/#breadcrumb","itemListElement":[{"@type":"ListItem","position":1,"name":"Accueil","item":"https:\/\/exceladvisor.org\/de\/"},{"@type":"ListItem","position":2,"name":"Wie wende ich drucktitel in excel an?"}]},{"@type":"WebSite","@id":"https:\/\/exceladvisor.org\/de\/#website","url":"https:\/\/exceladvisor.org\/de\/","name":"Excel Advisor","description":"Ihr Leitfaden zur Datendominanz","publisher":{"@id":"https:\/\/exceladvisor.org\/de\/#organization"},"potentialAction":[{"@type":"SearchAction","target":{"@type":"EntryPoint","urlTemplate":"https:\/\/exceladvisor.org\/de\/?s={search_term_string}"},"query-input":{"@type":"PropertyValueSpecification","valueRequired":true,"valueName":"search_term_string"}}],"inLanguage":"de"},{"@type":"Organization","@id":"https:\/\/exceladvisor.org\/de\/#organization","name":"Excel Advisor","url":"https:\/\/exceladvisor.org\/de\/","logo":{"@type":"ImageObject","inLanguage":"de","@id":"https:\/\/exceladvisor.org\/de\/#\/schema\/logo\/image\/","url":"https:\/\/exceladvisor.org\/de\/wp-content\/uploads\/2023\/11\/exceladvisor.org_.png","contentUrl":"https:\/\/exceladvisor.org\/de\/wp-content\/uploads\/2023\/11\/exceladvisor.org_.png","width":105,"height":36,"caption":"Excel Advisor"},"image":{"@id":"https:\/\/exceladvisor.org\/de\/#\/schema\/logo\/image\/"}}]}},"yoast_meta":{"yoast_wpseo_title":"","yoast_wpseo_metadesc":"","yoast_wpseo_canonical":""},"_links":{"self":[{"href":"https:\/\/exceladvisor.org\/de\/wp-json\/wp\/v2\/pages\/3377","targetHints":{"allow":["GET"]}}],"collection":[{"href":"https:\/\/exceladvisor.org\/de\/wp-json\/wp\/v2\/pages"}],"about":[{"href":"https:\/\/exceladvisor.org\/de\/wp-json\/wp\/v2\/types\/page"}],"author":[{"embeddable":true,"href":"https:\/\/exceladvisor.org\/de\/wp-json\/wp\/v2\/users\/1"}],"replies":[{"embeddable":true,"href":"https:\/\/exceladvisor.org\/de\/wp-json\/wp\/v2\/comments?post=3377"}],"version-history":[{"count":1,"href":"https:\/\/exceladvisor.org\/de\/wp-json\/wp\/v2\/pages\/3377\/revisions"}],"predecessor-version":[{"id":4407,"href":"https:\/\/exceladvisor.org\/de\/wp-json\/wp\/v2\/pages\/3377\/revisions\/4407"}],"wp:attachment":[{"href":"https:\/\/exceladvisor.org\/de\/wp-json\/wp\/v2\/media?parent=3377"}],"curies":[{"name":"wp","href":"https:\/\/api.w.org\/{rel}","templated":true}]}}