{"id":3378,"date":"2023-10-30T08:04:33","date_gmt":"2023-10-30T08:04:33","guid":{"rendered":"https:\/\/exceladvisor.org\/de\/vertikal-schreiben\/"},"modified":"2023-12-03T13:04:53","modified_gmt":"2023-12-03T13:04:53","slug":"vertikal-schreiben","status":"publish","type":"page","link":"https:\/\/exceladvisor.org\/de\/vertikal-schreiben\/","title":{"rendered":"Wie schreibe (tippe) ich vertikal in excel?"},"content":{"rendered":"<div class=\"excel-vor-dem-inhalt\" id=\"excel-3629619761\"><script type=\"text\/javascript\">\r\n\tatOptions = {\r\n\t\t'key' : 'c1158f160081d6540a8409e6925dab94',\r\n\t\t'format' : 'iframe',\r\n\t\t'height' : 250,\r\n\t\t'width' : 300,\r\n\t\t'params' : {}\r\n\t};\r\n<\/script>\r\n<script type=\"text\/javascript\" src=\"\/\/www.highperformanceformat.com\/c1158f160081d6540a8409e6925dab94\/invoke.js\"><\/script><\/div> <p>Wenn Sie in Excel vertikal schreiben m\u00f6chten, k\u00f6nnen Sie mehrere Optionen verwenden und anwenden. Jede dieser Optionen funktioniert anders, liefert jedoch das gleiche Ergebnis. Sie k\u00f6nnen jede der Optionen nutzen, die am besten zu Ihnen passt. <\/p><div class=\"wp-block-image\"><figure class=\"aligncenter size-full is-resized\"><img loading=\"lazy\" decoding=\"async\" class=\"wp-image-72543\" src=\"https:\/\/exceladvisor.org\/wp-content\/uploads\/2023\/08\/1-ecrire-verticalement.png\" sizes=\"auto, \" srcset=\"\" alt=\"vertikal schreiben\" width=\"457\" height=\"437\"><\/figure><\/div><p> In diesem Tutorial erfahren Sie, wie Sie Text in Excel vertikal gestalten und auch vertikal schreiben.<\/p><h2 class=\"wp-block-heading\"> Schreiben (tippen) Sie vertikal in Excel <\/h2><div class=\"wp-block-image\"><figure class=\"aligncenter size-full is-resized\"><img loading=\"lazy\" decoding=\"async\" class=\"wp-image-72544\" src=\"https:\/\/exceladvisor.org\/wp-content\/uploads\/2023\/08\/2-selectionnez-loption-de-texte-vertical.png\" sizes=\"auto, \" srcset=\"\" alt=\"Option f\u00fcr vertikalen Text ausw\u00e4hlen\" width=\"668\" height=\"453\"><\/figure><\/div><ol type=\"1\"><li> W\u00e4hlen Sie zun\u00e4chst die Zelle aus, in die Sie vertikal schreiben m\u00f6chten.<\/li><li> Gehen Sie anschlie\u00dfend auf der Registerkarte \u201eStartseite\u201c zur Gruppe \u201eAusrichtung\u201c.<\/li><li> Klicken Sie dort auf die Dropdown-Option <a href=\"https:\/\/exceladvisor.org\/de\/text-drehen\/\">\u201eAusrichtung\u201c<\/a> .<\/li><li> W\u00e4hlen Sie dort dann die \u201evertikale Option\u201c aus.<\/li><li> Schreiben Sie am Ende den Wert und geben Sie ihn in die ausgew\u00e4hlte Zelle ein.<\/li><\/ol><p> Sobald Sie die vertikale Ausrichtung anwenden, wird der Wert, den Sie in die Zelle schreiben, vertikal. Abgesehen davon gibt es noch einige zus\u00e4tzliche Optionen, die Sie nutzen k\u00f6nnen:<\/p><ul><li> Text nach oben drehen<\/li><li> Text nach unten drehen <\/li><\/ul><div class=\"wp-block-image\"><figure class=\"aligncenter size-full is-resized\"><img loading=\"lazy\" decoding=\"async\" class=\"wp-image-72545\" src=\"https:\/\/exceladvisor.org\/wp-content\/uploads\/2023\/08\/3-faire-pivoter-le-texte-de-haut-en-bas.png\" sizes=\"auto, \" srcset=\"\" alt=\"Text nach oben und unten drehen\" width=\"684\" height=\"450\"><\/figure><\/div><h2 class=\"wp-block-heading\"> Geben Sie in Excel vertikal in die Zelle ein<\/h2><p> Sie k\u00f6nnen beim Eingeben eines Werts in eine Zelle auch vertikal tippen. Dazu m\u00fcssen Sie bei der Werteingabe \u00fcber die <a href=\"https:\/\/exceladvisor.org\/de\/tastaturkurzel\/\">Tastenkombination<\/a> <a href=\"https:\/\/exceladvisor.org\/de\/neue-zeile-in-der-zelle\/\">einen Zeilenumbruch einf\u00fcgen<\/a> .<\/p><p> Nehmen wir an, Sie m\u00fcssen \u201eExcel\u201c in Zelle A1 eingeben. <a href=\"https:\/\/exceladvisor.org\/de\/zelle-bearbeiten\/\">Bearbeiten Sie die Zelle<\/a> , geben Sie das erste Alphabet ein und dr\u00fccken Sie dann die Tastenkombination <kbd>Alt<\/kbd> + <kbd>Eingabetaste<\/kbd> . Dadurch wird der Cursor in die n\u00e4chste Zeile bewegt, und Sie m\u00fcssen dies f\u00fcr jedes Alphabet tun. <\/p><div class=\"wp-block-image\"><figure class=\"aligncenter size-full is-resized\"><img loading=\"lazy\" decoding=\"async\" class=\"wp-image-72546\" src=\"https:\/\/exceladvisor.org\/wp-content\/uploads\/2023\/08\/4-type-verticalement-a-linterieur-de-la-cellule.png\" sizes=\"auto, \" srcset=\"\" alt=\"Geben Sie vertikal in die Zelle ein\" width=\"362\" height=\"257\"><\/figure><\/div><h2 class=\"wp-block-heading\"> Machen Sie den Text mit \u201eText umbrechen\u201c vertikal<\/h2><p> In Excel gibt es eine Option namens Textumbruch , mit der Sie Ihren Text in einer Zelle vertikal gestalten k\u00f6nnen.<\/p><ol><li> Zuerst m\u00fcssen Sie den Wert in die Zelle eingeben.<\/li><li> Gehen Sie danach zur Registerkarte \u201eStartseite\u201c und klicken Sie auf die Schaltfl\u00e4che \u201eText umbrechen\u201c.<\/li><li> Geben Sie nun die Werte in die Zelle ein. <br><img loading=\"lazy\" decoding=\"async\" title=\"5-Taste \u201eTextumbruch ausw\u00e4hlen\u201c.\" src=\"https:\/\/exceladvisor.org\/wp-content\/uploads\/2023\/08\/5-selectionnez-le-bouton-dhabillage-du-texte.png\" sizes=\"auto, \" srcset=\"\" alt=\"select-wrap-text-button\" width=\"624\" height=\"295\"><\/li><li> Von hier aus m\u00fcssen Sie die Spaltenbreite anpassen, sodass pro Zeile nur ein Alphabet vorhanden sein kann. <br><img loading=\"lazy\" decoding=\"async\" title=\"6-Zellenbreite anpassen\" src=\"https:\/\/exceladvisor.org\/wp-content\/uploads\/2023\/08\/6-ajuster-la-largeur-de-la-cellule.png\" sizes=\"auto, \" srcset=\"\" alt=\"adjust-cell-width\" width=\"630\" height=\"328\"><\/li><li> Klicken Sie am Ende zwischen die Zeilen 1 und 2, um Zeile 1 automatisch anzupassen. <br><img loading=\"lazy\" decoding=\"async\" title=\"7 Klicks zwischen den Zeilen\" src=\"https:\/\/exceladvisor.org\/wp-content\/uploads\/2023\/08\/7-clic-entre-les-lignes.png\" sizes=\"auto, \" srcset=\"\" alt=\"click-between-rows\" width=\"629\" height=\"320\"><\/li><\/ol><p> Sobald Sie die Linie <a href=\"https:\/\/exceladvisor.org\/de\/automatische-anpassung\/\">automatisch anpassen<\/a> , erhalten Sie den gesamten Wert in vertikaler Richtung. <\/p><div class=\"wp-block-image\"><figure class=\"aligncenter size-full is-resized\"><img loading=\"lazy\" decoding=\"async\" class=\"wp-image-72550\" src=\"https:\/\/exceladvisor.org\/wp-content\/uploads\/2023\/08\/8-valeur-dans-le-sens-vertical.png\" sizes=\"auto, \" srcset=\"\" alt=\"Wert-in-vertikaler-Richtung\" width=\"660\" height=\"427\"><\/figure><\/div><h2 class=\"wp-block-heading\"> F\u00fcgen Sie ein Textfeld hinzu und geben Sie vertikal Text in Excel ein<\/h2><p> Sie k\u00f6nnen auch <a href=\"https:\/\/exceladvisor.org\/de\/textzone\/\">ein Textfeld in die Zelle einf\u00fcgen<\/a> und dann die Textrichtung in vertikal \u00e4ndern, um dort vertikal zu schreiben.<\/p><ol><li> F\u00fcgen Sie zun\u00e4chst ein Textfeld in das Arbeitsblatt Einf\u00fcgen \u21e2 Text \u21e2 Textfeld ein. <br><img loading=\"lazy\" decoding=\"async\" title=\"9-Textbereich hinzuf\u00fcgen\" src=\"https:\/\/exceladvisor.org\/wp-content\/uploads\/2023\/08\/9-ajouter-une-zone-de-texte.png\" sizes=\"auto, \" srcset=\"\" alt=\"add-a-text-box\" width=\"576\" height=\"296\"><\/li><li> W\u00e4hlen Sie anschlie\u00dfend das Textfeld aus, klicken Sie mit der rechten Maustaste darauf und \u00f6ffnen Sie \u201eForm formatieren\u201c oder dr\u00fccken Sie <a href=\"https:\/\/exceladvisor.org\/de\/optionen-zum-offnen-von-zellenformaten\/\">Strg + 1<\/a> . <br><img loading=\"lazy\" decoding=\"async\" title=\"10-Open-the-Shape-Format\" src=\"https:\/\/exceladvisor.org\/wp-content\/uploads\/2023\/08\/10-ouvrir-le-format-de-forme.png\" sizes=\"auto, \" srcset=\"\" alt=\"open-the-shape-format\" width=\"404\" height=\"444\"><\/li><li> Gehen Sie in der Option \u201eForm formatieren\u201c zu \u201eTextoptionen\u201c und dann zu \u201eTextBox\u201c. <br><img loading=\"lazy\" decoding=\"async\" title=\"11-Textoptionen-Textfeld\" src=\"https:\/\/exceladvisor.org\/wp-content\/uploads\/2023\/08\/Zone-de-texte-de-11-options-de-texte.png\" sizes=\"auto, \" srcset=\"\" alt=\"text-options-textbox\" width=\"281\" height=\"122\"><\/li><li> W\u00e4hlen Sie nun unter der Option \u201eTextrichtung\u201c die Option \u201eGestapelt\u201c aus. <br><img loading=\"lazy\" decoding=\"async\" title=\"12-Auswahl-Stacked-Option\" src=\"https:\/\/exceladvisor.org\/wp-content\/uploads\/2023\/08\/12-selectionnez-loption-empilee.png\" sizes=\"auto, \" srcset=\"\" alt=\"select-the-stacked-option\" width=\"336\" height=\"264\"><\/li><\/ol><p> Sobald Sie diese \u00c4nderung vorgenommen haben, k\u00f6nnen Sie vertikal in das Textfeld schreiben. <\/p><div class=\"wp-block-image\"><figure class=\"aligncenter size-full is-resized\"><img loading=\"lazy\" decoding=\"async\" class=\"wp-image-72555\" src=\"https:\/\/exceladvisor.org\/wp-content\/uploads\/2023\/08\/13-ecrire-verticalement-a-linterieur-de-la-boite.png\" sizes=\"auto, \" srcset=\"\" alt=\"Vertikal-in-die-Box schreiben\" width=\"432\" height=\"364\"><\/figure><\/div><p> Auf diese Weise k\u00f6nnen Sie die gleichen \u00c4nderungen auch an der Wortkunst vornehmen und dann vertikal darauf schreiben.<\/p><p> Von allen Optionen, die Sie in diesem Tutorial gesehen haben, ist die \u00c4nderung der Textausrichtung die n\u00fctzlichste. Aber wie gesagt, Sie k\u00f6nnen jede davon je nach Bedarf verwenden.<\/p><div class=\"gb-container gb-container-4db6181c gb-container-mt\"> <a class=\"gb-button gb-button-c5897111 gb-button-text gb-button-mt-button\" href=\"https:\/\/exceladvisor.org\/de\/excel-grundlagen\/\">Microsoft Excel-Grundlagen (Komponenten, Teile und Wissenshinweise)<\/a><h2 class=\"gb-headline gb-headline-665e5f6b gb-headline-text gb-headline-mt-heading\"> Verwandte Tutorials <\/h2><div class=\"gb-grid-wrapper gb-grid-wrapper-a20baf7c gb-grid-wrapper-mt-grid\"><div class=\"gb-grid-column gb-grid-column-65ddf67e\"><div class=\"gb-container gb-container-65ddf67e\"><ul><li> <a href=\"https:\/\/exceladvisor.org\/de\/fugen-sie-eine-spalte-hinzu\/\">F\u00fcgen Sie eine Spalte in Excel hinzu<\/a><\/li><li> <a href=\"https:\/\/exceladvisor.org\/de\/wahlen-sie-nicht-zusammenhangende-zellen-aus\/\">W\u00e4hlen Sie nicht zusammenh\u00e4ngende Zellen in Excel aus<\/a><\/li><li> <a href=\"https:\/\/exceladvisor.org\/de\/zeile-vs.-spalte\/\">Zeile vs. Spalte in Excel (Unterschied)<\/a><\/li><li> <a href=\"https:\/\/exceladvisor.org\/de\/leerzeilen-entfernen\/\">Leere Zeilen in Excel l\u00f6schen<\/a><\/li><li> <a href=\"https:\/\/exceladvisor.org\/de\/die-zelle-austauschen\/\">Tauschen Sie schnell zwei Zellen in Excel aus<\/a><\/li><li> <a href=\"https:\/\/exceladvisor.org\/de\/spalte-2\/\">Was ist eine Spalte in Excel?<\/a> <\/li><\/ul><\/div><\/div><div class=\"gb-grid-column gb-grid-column-50067b57\"><div class=\"gb-container gb-container-50067b57\"><\/div><\/div><\/div><\/div>","protected":false},"excerpt":{"rendered":"","protected":false},"author":1,"featured_media":0,"parent":0,"menu_order":0,"comment_status":"open","ping_status":"closed","template":"","meta":{"ub_ctt_via":"","footnotes":""},"class_list":["post-3378","page","type-page","status-publish","hentry"],"featured_image_src":null,"yoast_head":"<!-- This site is optimized with the Yoast SEO plugin v25.4 - https:\/\/yoast.com\/wordpress\/plugins\/seo\/ -->\n<title>Wie schreibe (tippe) ich vertikal in Excel? (Tutorial 2023)<\/title>\n<meta name=\"description\" content=\"In diesem Tutorial lernen wir verschiedene Optionen zum vertikalen Schreiben oder Tippen in Excel kennen. Sie k\u00f6nnen alles verwenden\" \/>\n<meta name=\"robots\" content=\"index, follow, max-snippet:-1, max-image-preview:large, max-video-preview:-1\" \/>\n<link rel=\"canonical\" href=\"https:\/\/exceladvisor.org\/de\/vertikal-schreiben\/\" \/>\n<meta property=\"og:locale\" content=\"de_DE\" \/>\n<meta property=\"og:type\" content=\"article\" \/>\n<meta property=\"og:title\" content=\"Wie schreibe (tippe) ich vertikal in Excel? (Tutorial 2023)\" \/>\n<meta property=\"og:description\" content=\"In diesem Tutorial lernen wir verschiedene Optionen zum vertikalen Schreiben oder Tippen in Excel kennen. Sie k\u00f6nnen alles verwenden\" \/>\n<meta property=\"og:url\" content=\"https:\/\/exceladvisor.org\/de\/vertikal-schreiben\/\" \/>\n<meta property=\"og:site_name\" content=\"Excel Advisor\" \/>\n<meta property=\"article:modified_time\" content=\"2023-12-03T13:04:53+00:00\" \/>\n<meta property=\"og:image\" content=\"https:\/\/exceladvisor.org\/wp-content\/uploads\/2023\/08\/1-ecrire-verticalement.png\" \/>\n<meta name=\"twitter:card\" content=\"summary_large_image\" \/>\n<meta name=\"twitter:label1\" content=\"Gesch\u00e4tzte Lesezeit\" \/>\n\t<meta name=\"twitter:data1\" content=\"3\u00a0Minuten\" \/>\n<script type=\"application\/ld+json\" class=\"yoast-schema-graph\">{\"@context\":\"https:\/\/schema.org\",\"@graph\":[{\"@type\":\"WebPage\",\"@id\":\"https:\/\/exceladvisor.org\/de\/vertikal-schreiben\/\",\"url\":\"https:\/\/exceladvisor.org\/de\/vertikal-schreiben\/\",\"name\":\"Wie schreibe (tippe) ich vertikal in Excel? (Tutorial 2023)\",\"isPartOf\":{\"@id\":\"https:\/\/exceladvisor.org\/de\/#website\"},\"primaryImageOfPage\":{\"@id\":\"https:\/\/exceladvisor.org\/de\/vertikal-schreiben\/#primaryimage\"},\"image\":{\"@id\":\"https:\/\/exceladvisor.org\/de\/vertikal-schreiben\/#primaryimage\"},\"thumbnailUrl\":\"https:\/\/exceladvisor.org\/wp-content\/uploads\/2023\/08\/1-ecrire-verticalement.png\",\"datePublished\":\"2023-10-30T08:04:33+00:00\",\"dateModified\":\"2023-12-03T13:04:53+00:00\",\"description\":\"In diesem Tutorial lernen wir verschiedene Optionen zum vertikalen Schreiben oder Tippen in Excel kennen. Sie k\u00f6nnen alles verwenden\",\"breadcrumb\":{\"@id\":\"https:\/\/exceladvisor.org\/de\/vertikal-schreiben\/#breadcrumb\"},\"inLanguage\":\"de\",\"potentialAction\":[{\"@type\":\"ReadAction\",\"target\":[\"https:\/\/exceladvisor.org\/de\/vertikal-schreiben\/\"]}]},{\"@type\":\"ImageObject\",\"inLanguage\":\"de\",\"@id\":\"https:\/\/exceladvisor.org\/de\/vertikal-schreiben\/#primaryimage\",\"url\":\"https:\/\/exceladvisor.org\/wp-content\/uploads\/2023\/08\/1-ecrire-verticalement.png\",\"contentUrl\":\"https:\/\/exceladvisor.org\/wp-content\/uploads\/2023\/08\/1-ecrire-verticalement.png\"},{\"@type\":\"BreadcrumbList\",\"@id\":\"https:\/\/exceladvisor.org\/de\/vertikal-schreiben\/#breadcrumb\",\"itemListElement\":[{\"@type\":\"ListItem\",\"position\":1,\"name\":\"Accueil\",\"item\":\"https:\/\/exceladvisor.org\/de\/\"},{\"@type\":\"ListItem\",\"position\":2,\"name\":\"Wie schreibe (tippe) ich vertikal in excel?\"}]},{\"@type\":\"WebSite\",\"@id\":\"https:\/\/exceladvisor.org\/de\/#website\",\"url\":\"https:\/\/exceladvisor.org\/de\/\",\"name\":\"Excel Advisor\",\"description\":\"Ihr Leitfaden zur Datendominanz\",\"publisher\":{\"@id\":\"https:\/\/exceladvisor.org\/de\/#organization\"},\"potentialAction\":[{\"@type\":\"SearchAction\",\"target\":{\"@type\":\"EntryPoint\",\"urlTemplate\":\"https:\/\/exceladvisor.org\/de\/?s={search_term_string}\"},\"query-input\":{\"@type\":\"PropertyValueSpecification\",\"valueRequired\":true,\"valueName\":\"search_term_string\"}}],\"inLanguage\":\"de\"},{\"@type\":\"Organization\",\"@id\":\"https:\/\/exceladvisor.org\/de\/#organization\",\"name\":\"Excel Advisor\",\"url\":\"https:\/\/exceladvisor.org\/de\/\",\"logo\":{\"@type\":\"ImageObject\",\"inLanguage\":\"de\",\"@id\":\"https:\/\/exceladvisor.org\/de\/#\/schema\/logo\/image\/\",\"url\":\"https:\/\/exceladvisor.org\/de\/wp-content\/uploads\/2023\/11\/exceladvisor.org_.png\",\"contentUrl\":\"https:\/\/exceladvisor.org\/de\/wp-content\/uploads\/2023\/11\/exceladvisor.org_.png\",\"width\":105,\"height\":36,\"caption\":\"Excel Advisor\"},\"image\":{\"@id\":\"https:\/\/exceladvisor.org\/de\/#\/schema\/logo\/image\/\"}}]}<\/script>\n<!-- \/ Yoast SEO plugin. -->","yoast_head_json":{"title":"Wie schreibe (tippe) ich vertikal in Excel? (Tutorial 2023)","description":"In diesem Tutorial lernen wir verschiedene Optionen zum vertikalen Schreiben oder Tippen in Excel kennen. Sie k\u00f6nnen alles verwenden","robots":{"index":"index","follow":"follow","max-snippet":"max-snippet:-1","max-image-preview":"max-image-preview:large","max-video-preview":"max-video-preview:-1"},"canonical":"https:\/\/exceladvisor.org\/de\/vertikal-schreiben\/","og_locale":"de_DE","og_type":"article","og_title":"Wie schreibe (tippe) ich vertikal in Excel? (Tutorial 2023)","og_description":"In diesem Tutorial lernen wir verschiedene Optionen zum vertikalen Schreiben oder Tippen in Excel kennen. Sie k\u00f6nnen alles verwenden","og_url":"https:\/\/exceladvisor.org\/de\/vertikal-schreiben\/","og_site_name":"Excel Advisor","article_modified_time":"2023-12-03T13:04:53+00:00","og_image":[{"url":"https:\/\/exceladvisor.org\/wp-content\/uploads\/2023\/08\/1-ecrire-verticalement.png","type":"","width":"","height":""}],"twitter_card":"summary_large_image","twitter_misc":{"Gesch\u00e4tzte Lesezeit":"3\u00a0Minuten"},"schema":{"@context":"https:\/\/schema.org","@graph":[{"@type":"WebPage","@id":"https:\/\/exceladvisor.org\/de\/vertikal-schreiben\/","url":"https:\/\/exceladvisor.org\/de\/vertikal-schreiben\/","name":"Wie schreibe (tippe) ich vertikal in Excel? (Tutorial 2023)","isPartOf":{"@id":"https:\/\/exceladvisor.org\/de\/#website"},"primaryImageOfPage":{"@id":"https:\/\/exceladvisor.org\/de\/vertikal-schreiben\/#primaryimage"},"image":{"@id":"https:\/\/exceladvisor.org\/de\/vertikal-schreiben\/#primaryimage"},"thumbnailUrl":"https:\/\/exceladvisor.org\/wp-content\/uploads\/2023\/08\/1-ecrire-verticalement.png","datePublished":"2023-10-30T08:04:33+00:00","dateModified":"2023-12-03T13:04:53+00:00","description":"In diesem Tutorial lernen wir verschiedene Optionen zum vertikalen Schreiben oder Tippen in Excel kennen. Sie k\u00f6nnen alles verwenden","breadcrumb":{"@id":"https:\/\/exceladvisor.org\/de\/vertikal-schreiben\/#breadcrumb"},"inLanguage":"de","potentialAction":[{"@type":"ReadAction","target":["https:\/\/exceladvisor.org\/de\/vertikal-schreiben\/"]}]},{"@type":"ImageObject","inLanguage":"de","@id":"https:\/\/exceladvisor.org\/de\/vertikal-schreiben\/#primaryimage","url":"https:\/\/exceladvisor.org\/wp-content\/uploads\/2023\/08\/1-ecrire-verticalement.png","contentUrl":"https:\/\/exceladvisor.org\/wp-content\/uploads\/2023\/08\/1-ecrire-verticalement.png"},{"@type":"BreadcrumbList","@id":"https:\/\/exceladvisor.org\/de\/vertikal-schreiben\/#breadcrumb","itemListElement":[{"@type":"ListItem","position":1,"name":"Accueil","item":"https:\/\/exceladvisor.org\/de\/"},{"@type":"ListItem","position":2,"name":"Wie schreibe (tippe) ich vertikal in excel?"}]},{"@type":"WebSite","@id":"https:\/\/exceladvisor.org\/de\/#website","url":"https:\/\/exceladvisor.org\/de\/","name":"Excel Advisor","description":"Ihr Leitfaden zur Datendominanz","publisher":{"@id":"https:\/\/exceladvisor.org\/de\/#organization"},"potentialAction":[{"@type":"SearchAction","target":{"@type":"EntryPoint","urlTemplate":"https:\/\/exceladvisor.org\/de\/?s={search_term_string}"},"query-input":{"@type":"PropertyValueSpecification","valueRequired":true,"valueName":"search_term_string"}}],"inLanguage":"de"},{"@type":"Organization","@id":"https:\/\/exceladvisor.org\/de\/#organization","name":"Excel Advisor","url":"https:\/\/exceladvisor.org\/de\/","logo":{"@type":"ImageObject","inLanguage":"de","@id":"https:\/\/exceladvisor.org\/de\/#\/schema\/logo\/image\/","url":"https:\/\/exceladvisor.org\/de\/wp-content\/uploads\/2023\/11\/exceladvisor.org_.png","contentUrl":"https:\/\/exceladvisor.org\/de\/wp-content\/uploads\/2023\/11\/exceladvisor.org_.png","width":105,"height":36,"caption":"Excel Advisor"},"image":{"@id":"https:\/\/exceladvisor.org\/de\/#\/schema\/logo\/image\/"}}]}},"yoast_meta":{"yoast_wpseo_title":"","yoast_wpseo_metadesc":"","yoast_wpseo_canonical":""},"_links":{"self":[{"href":"https:\/\/exceladvisor.org\/de\/wp-json\/wp\/v2\/pages\/3378","targetHints":{"allow":["GET"]}}],"collection":[{"href":"https:\/\/exceladvisor.org\/de\/wp-json\/wp\/v2\/pages"}],"about":[{"href":"https:\/\/exceladvisor.org\/de\/wp-json\/wp\/v2\/types\/page"}],"author":[{"embeddable":true,"href":"https:\/\/exceladvisor.org\/de\/wp-json\/wp\/v2\/users\/1"}],"replies":[{"embeddable":true,"href":"https:\/\/exceladvisor.org\/de\/wp-json\/wp\/v2\/comments?post=3378"}],"version-history":[{"count":1,"href":"https:\/\/exceladvisor.org\/de\/wp-json\/wp\/v2\/pages\/3378\/revisions"}],"predecessor-version":[{"id":4183,"href":"https:\/\/exceladvisor.org\/de\/wp-json\/wp\/v2\/pages\/3378\/revisions\/4183"}],"wp:attachment":[{"href":"https:\/\/exceladvisor.org\/de\/wp-json\/wp\/v2\/media?parent=3378"}],"curies":[{"name":"wp","href":"https:\/\/api.w.org\/{rel}","templated":true}]}}