{"id":3379,"date":"2023-10-30T06:52:08","date_gmt":"2023-10-30T06:52:08","guid":{"rendered":"https:\/\/exceladvisor.org\/de\/zeilenspalte-verschieben\/"},"modified":"2023-12-03T13:05:31","modified_gmt":"2023-12-03T13:05:31","slug":"zeilenspalte-verschieben","status":"publish","type":"page","link":"https:\/\/exceladvisor.org\/de\/zeilenspalte-verschieben\/","title":{"rendered":"Wie verschiebe ich eine zeile und spalte in excel?"},"content":{"rendered":"<div class=\"excel-vor-dem-inhalt\" id=\"excel-882063903\"><script type=\"text\/javascript\">\r\n\tatOptions = {\r\n\t\t'key' : 'c1158f160081d6540a8409e6925dab94',\r\n\t\t'format' : 'iframe',\r\n\t\t'height' : 250,\r\n\t\t'width' : 300,\r\n\t\t'params' : {}\r\n\t};\r\n<\/script>\r\n<script type=\"text\/javascript\" src=\"\/\/www.highperformanceformat.com\/c1158f160081d6540a8409e6925dab94\/invoke.js\"><\/script><\/div> <p>In Excel m\u00fcssen Sie manchmal eine Zeile und Spalte verschieben, um deren Reihenfolge im Arbeitsblatt zu \u00e4ndern. Es hilft Ihnen sogar, Fehler auf dem Blatt zu korrigieren und die Lesbarkeit zu verbessern. In diesem Tutorial betrachten wir verschiedene Methoden zum Verschieben einer Zeile und einer Spalte.<\/p><h2 class=\"wp-block-heading\"> Schritte zum Verschieben einer Zeile in Excel<\/h2><p> Sie k\u00f6nnen eine Zeile ganz einfach verschieben, ohne die vorhandene Zeile zu \u00fcberschreiben, indem Sie die Umschalttaste gedr\u00fcckt halten.<\/p><ol><li> W\u00e4hlen Sie zun\u00e4chst die Zeile aus, die Sie nach oben oder unten verschieben m\u00f6chten. <br><img loading=\"lazy\" decoding=\"async\" title=\"1-Zug-Reihe\" src=\"https:\/\/exceladvisor.org\/wp-content\/uploads\/2023\/08\/1-ligne-de-deplacement.png\" sizes=\"auto, \" srcset=\"\" alt=\"move-row\" width=\"379\" height=\"222\"><\/li><li> Bewegen Sie dann den Cursor an den Rand der Linie und Sie sehen das Symbol mit den vierseitigen Pfeilen.<\/li><li> Ziehen Sie nun bei gedr\u00fcckter Umschalttaste und linker Maustaste die ausgew\u00e4hlte Linie an die gew\u00fcnschte Stelle.<\/li><li> Wenn Sie den richtigen Punkt f\u00fcr die Linie gefunden haben, lassen Sie die Umschalttaste los und klicken Sie mit der Maus.<\/li><\/ol><p> Im Bild unten wird Zeile 7 auf Zeile 5 verschoben und die vorhandene Zeile 5 wird automatisch nach unten verschoben. <\/p><div class=\"wp-block-image\"><figure class=\"aligncenter size-full is-resized\"><img loading=\"lazy\" decoding=\"async\" class=\"wp-image-75194\" src=\"https:\/\/exceladvisor.org\/wp-content\/uploads\/2023\/08\/2-lignes-deplacees.png\" sizes=\"auto, \" srcset=\"\" alt=\"Linie verschoben\" width=\"370\" height=\"219\"><\/figure><\/div><h2 class=\"wp-block-heading\"> Schritte zum Verschieben einer Spalte<\/h2><p> Um eine Spalte in Excel schnell zu verschieben, f\u00fchren Sie die folgenden Schritte aus.<\/p><ol><li> W\u00e4hlen Sie zun\u00e4chst die Spalte aus, die Sie in der Tabelle verschieben m\u00f6chten. <br><img loading=\"lazy\" decoding=\"async\" title=\"15 Spalten ausgew\u00e4hlt\" src=\"https:\/\/exceladvisor.org\/wp-content\/uploads\/2023\/08\/15-colonne-selectionnee.png\" sizes=\"auto, \" srcset=\"\" alt=\"\" width=\"408\" height=\"202\"><\/li><li> Als n\u00e4chstes bewegen Sie den Cursor auf den Rand der ausgew\u00e4hlten Spalte und nun erscheint dort <strong>der vierseitige Pfeil<\/strong> . <br><img loading=\"lazy\" decoding=\"async\" title=\"16 vierseitige Pfeile zum Bewegen\" src=\"https:\/\/exceladvisor.org\/wp-content\/uploads\/2023\/08\/16-fleche-a-quatre-cotes-pour-se-deplacer.png\" sizes=\"auto, \" srcset=\"\" alt=\"\" width=\"406\" height=\"201\"><\/li><li> Halten Sie anschlie\u00dfend gleichzeitig die <strong>Umschalttaste<\/strong> und die <strong>linke Maustaste<\/strong> gedr\u00fcckt.<\/li><li> Ziehen Sie nun den Schieberegler an die neue Position, an die Sie die Spalte verschieben m\u00f6chten.<\/li><\/ol><p> Im folgenden Beispiel sehen wir, dass die Spalte \u201eStudent Abschnitt A\u201c anstelle von Abschnitt B verschoben wird. <\/p><div class=\"wp-block-image\"><figure class=\"aligncenter size-full is-resized\"><img loading=\"lazy\" decoding=\"async\" class=\"wp-image-77058\" src=\"https:\/\/exceladvisor.org\/wp-content\/uploads\/2023\/08\/17-la-colonne-a-se-deplace-a-la-place-de-la-colonne-b.png\" sizes=\"auto, \" srcset=\"\" alt=\"Spalte-A-bewegt-sich-an-Platz-Spalte-B\" width=\"423\" height=\"209\"><\/figure><\/div><h2 class=\"wp-block-heading\"> Mehrere Zeilen verschieben<\/h2><p> Wenn Sie mehrere Zeilen zusammen verschieben m\u00f6chten, k\u00f6nnen Sie dies ganz einfach tun. Hier finden Sie die Schritte dazu.<\/p><ol><li> Dazu m\u00fcssen Sie wiederum alle diese Linien in einer Reihenfolge ausw\u00e4hlen, die Sie verschieben m\u00f6chten, und Sie k\u00f6nnen Linien ausw\u00e4hlen, indem Sie mit der Maus dar\u00fcber ziehen. <br><img loading=\"lazy\" decoding=\"async\" title=\"3-mehrere Zeilen ausw\u00e4hlen\" src=\"https:\/\/exceladvisor.org\/wp-content\/uploads\/2023\/08\/3-selectionner-plusieurs-lignes.png\" sizes=\"auto, \" srcset=\"\" alt=\"select-multiple-rows\" width=\"413\" height=\"231\"><\/li><li> Bewegen Sie anschlie\u00dfend den Mauszeiger an den Rand einer der ausgew\u00e4hlten Linien.<\/li><li> Jetzt k\u00f6nnen Sie die Linien bei gedr\u00fcckter Umschalttaste bis zu der Stelle ziehen, an der Sie sie verschieben m\u00f6chten.<\/li><\/ol><p> Wie Sie sehen k\u00f6nnen, werden die ausgew\u00e4hlten Zeilen 5, 6, 7 nach oben auf 2, 3, 4 und die urspr\u00fcnglichen Zeilen nach unten verschoben. <\/p><div class=\"wp-block-image\"><figure class=\"aligncenter size-full is-resized\"><img loading=\"lazy\" decoding=\"async\" class=\"wp-image-75196\" src=\"https:\/\/exceladvisor.org\/wp-content\/uploads\/2023\/08\/4-lignes-multiples-deplacees.png\" sizes=\"auto, \" srcset=\"\" alt=\"mehrere Zeilen verschoben\" width=\"373\" height=\"219\"><\/figure><\/div><h3 class=\"wp-block-heading\"> Imbissbuden<\/h3><ul><li> Bei mehreren Zeilen k\u00f6nnen Sie benachbarte Zeilen nur nach oben oder unten verschieben. Diese Methode wird jedoch nicht auf mehrere nicht benachbarte Zeilen angewendet.<\/li><li> Und ohne die Umschalttaste gedr\u00fcckt zu halten, werden Zeilen \u00fcberschrieben, anstatt sie zu verschieben.<\/li><\/ul><h2 class=\"wp-block-heading\"> Verschieben Sie mehrere Spalten in Excel<\/h2><p> Um mehrere Spalten zu verschieben, ohne vorhandene Daten zu \u00fcberschreiben.<\/p><ol><li> W\u00e4hlen Sie zwei oder mehr Spalten aus, indem Sie den Cursor \u00fcber die Spalten\u00fcberschriften ziehen. <br><img loading=\"lazy\" decoding=\"async\" title=\"18-spaltig-mehrfach ausgew\u00e4hlt\" src=\"https:\/\/exceladvisor.org\/wp-content\/uploads\/2023\/08\/18-colonnes-multiples-selectionnees.png\" sizes=\"auto, \" srcset=\"\" alt=\"\" width=\"411\" height=\"201\"><\/li><li> Platzieren Sie dann Ihren Cursor auf dem Rand einer der ausgew\u00e4hlten Spalten. Nun ist der Pfeil vorhanden, der Ihnen beim Ziehen der Spalten hilft.<\/li><li> Bewegen Sie den Cursor an eine neue Position, w\u00e4hrend Sie die Umschalttaste und die linke Maustaste gedr\u00fcckt halten.<\/li><\/ol><p> Im folgenden Beispiel werden die Spalten mit den Studentennamen zu den F\u00e4chern weitergeleitet. <\/p><div class=\"wp-block-image\"><figure class=\"aligncenter size-full is-resized\"><img loading=\"lazy\" decoding=\"async\" class=\"wp-image-77060\" src=\"https:\/\/exceladvisor.org\/wp-content\/uploads\/2023\/08\/19-sections-detudiants-se-deplacent-au-dessus-des-matieres.png\" sizes=\"auto, \" srcset=\"\" alt=\"\" width=\"416\" height=\"206\"><\/figure><\/div><h2 class=\"wp-block-heading\"> Verschieben Sie eine Zeile durch Ausschneiden und Einf\u00fcgen<\/h2><p> Der einfachste Weg, eine Zeile zu verschieben, besteht darin, die Methode \u201eKopieren und Einf\u00fcgen\u201c zu verwenden.<\/p><ol><li> W\u00e4hlen Sie die Zeile anhand ihrer Kopfzeile aus, klicken Sie dann mit der rechten Maustaste darauf und klicken Sie auf die Option \u201eAusschneiden\u201c. <br><img loading=\"lazy\" decoding=\"async\" title=\"5-Zeilen-f\u00fcr-Ausschneiden-und-Einf\u00fcgen\" src=\"https:\/\/exceladvisor.org\/wp-content\/uploads\/2023\/08\/5-deplacer-la-ligne-par-copier-coller.png\" sizes=\"auto, \" srcset=\"\" alt=\"move-row-by-cut-and-paste\" width=\"394\" height=\"238\"><\/li><li> Sobald Sie darauf klicken, wird die Zeile <strong>gr\u00fcn hervorgehoben<\/strong> . <br><img loading=\"lazy\" decoding=\"async\" title=\"6 hervorgehobene Zeilen\" src=\"https:\/\/exceladvisor.org\/wp-content\/uploads\/2023\/08\/6-ligne-en-surbrillance.png\" sizes=\"auto, \" srcset=\"\" alt=\"highlighted-row\" width=\"385\" height=\"226\"><\/li><li> Klicken Sie anschlie\u00dfend auf die Zeile, in die Sie diese ausgew\u00e4hlte Zeile verschieben m\u00f6chten. <br><img loading=\"lazy\" decoding=\"async\" title=\"7-Klicken Sie auf die Zeile\" src=\"https:\/\/exceladvisor.org\/wp-content\/uploads\/2023\/08\/7-cliquez-sur-la-ligne.png\" sizes=\"auto, \" srcset=\"\" alt=\"click-the-row\" width=\"385\" height=\"226\"><\/li><li> Klicken Sie hier mit der rechten Maustaste darauf und w\u00e4hlen Sie im Dialogfeld die Option \u201eAusgeschnittene Zellen einf\u00fcgen\u201c. <br><img loading=\"lazy\" decoding=\"async\" title=\"8 Zellen ausw\u00e4hlen, ausschneiden, einf\u00fcgen\" src=\"https:\/\/exceladvisor.org\/wp-content\/uploads\/2023\/08\/8-selectionnez-les-cellules-dinsertion-coupees.png\" sizes=\"auto, \" srcset=\"\" alt=\"select-the-insert-cut-cells\" width=\"373\" height=\"285\"><\/li><li> Schlie\u00dflich sehen Sie, wie sich die ausgew\u00e4hlte Linie nach oben und die urspr\u00fcngliche Linie nach unten bewegt. <br><img loading=\"lazy\" decoding=\"async\" title=\"9-ausgew\u00e4hlte-Zeile-nach-oben verschoben\" src=\"https:\/\/exceladvisor.org\/wp-content\/uploads\/2023\/08\/9-ligne-selectionnee-deplacee-vers-le-haut.png\" sizes=\"auto, \" srcset=\"\" alt=\"selected-row-moved-up\" width=\"369\" height=\"216\"><\/li><\/ol><h2 class=\"wp-block-heading\"> Verschieben Sie eine Spalte durch Ausschneiden und Einf\u00fcgen<\/h2><ol><li> W\u00e4hlen Sie zun\u00e4chst die Spalte, die Sie verschieben m\u00f6chten, anhand ihrer \u00dcberschrift aus und w\u00e4hlen Sie die Option \u201eAusschneiden\u201c, indem Sie mit der rechten Maustaste darauf klicken. <br><img loading=\"lazy\" decoding=\"async\" title=\"20-Ausschneiden-Option per Rechtsklick ausw\u00e4hlen\" src=\"https:\/\/exceladvisor.org\/wp-content\/uploads\/2023\/08\/20-selectionnez-loption-de-coupe-a-partir-dun-clic-droit.png\" sizes=\"auto, \" srcset=\"\" alt=\"\" width=\"478\" height=\"215\"><\/li><li> Sie k\u00f6nnen jetzt sehen, dass die Spalte gr\u00fcn hervorgehoben ist. <br><img loading=\"lazy\" decoding=\"async\" title=\"21 ausgew\u00e4hlte Spalten werden gr\u00fcn hervorgehoben\" src=\"https:\/\/exceladvisor.org\/wp-content\/uploads\/2023\/08\/21-colonnes-selectionnees-surlignees-en-vert.png\" sizes=\"auto, \" srcset=\"\" alt=\"\" width=\"407\" height=\"202\"><\/li><li> Klicken Sie nun auf die Spalte, in die Sie diese verschieben m\u00f6chten, und w\u00e4hlen Sie per Rechtsklick die Option \u201eAusgeschnittene Zellen einf\u00fcgen\u201c. <br><img loading=\"lazy\" decoding=\"async\" title=\"22 Optionen zum Einf\u00fcgen ausgeschnittener Zellen\" src=\"https:\/\/exceladvisor.org\/wp-content\/uploads\/2023\/08\/22-choisir-loption-dinsertion-de-cellules-coupees.png\" sizes=\"auto, \" srcset=\"\" alt=\"\" width=\"415\" height=\"284\"><\/li><li> Und Sie werden sehen, wie die ausgew\u00e4hlte Spalte von Abschnitt A ihre Position \u00e4ndert und die Sch\u00fcler von Abschnitt B zur n\u00e4chsten Spalte wechseln. <br><img loading=\"lazy\" decoding=\"async\" title=\"23-Abschnitt-A-bewegt-sich-zu-Abschnitt-B vor\" src=\"https:\/\/exceladvisor.org\/wp-content\/uploads\/2023\/08\/23-la-section-a-passe-a-la-section-b.png\" sizes=\"auto, \" srcset=\"\" alt=\"\" width=\"415\" height=\"201\"><\/li><\/ol><p class=\"qt-tip\"> <strong>Hinweis:<\/strong> Mit dieser Methode k\u00f6nnen Sie mithilfe der Option \u201eAusgeschnittene Zelle einf\u00fcgen\u201c sogar eine Zeile oder Spalte auf das andere Blatt der Arbeitsmappe verschieben.<\/p><h2 class=\"wp-block-heading\"> Eine Zeile in Excel verschieben (Ersetzen)<\/h2><ol><li> W\u00e4hlen Sie zun\u00e4chst die gesamte Zeile aus, beginnend mit der Zeilennummer, die Sie nach oben verschieben m\u00f6chten. <br><img loading=\"lazy\" decoding=\"async\" title=\"10-gesamte-Zeile ausw\u00e4hlen\" src=\"https:\/\/exceladvisor.org\/wp-content\/uploads\/2023\/08\/10-selectionner-la-ligne-entiere.png\" sizes=\"auto, \" srcset=\"\" alt=\"select-the-entire-row\" width=\"385\" height=\"222\"><\/li><li> Bewegen Sie anschlie\u00dfend den Cursor \u00fcber den Rand der Zeilen\u00fcberschrift. Daraufhin wird ein Symbol mit vierseitigen Pfeilen angezeigt.<\/li><li> Halten Sie dann die linke Maustaste gedr\u00fcckt und ziehen Sie die Linie an den Punkt, zu dem Sie sie verschieben m\u00f6chten. Sie wird gr\u00fcn hervorgehoben. <br><img loading=\"lazy\" decoding=\"async\" title=\"11-Swipe-the-Line\" src=\"https:\/\/exceladvisor.org\/wp-content\/uploads\/2023\/08\/11-faites-glisser-la-ligne.png\" sizes=\"auto, \" srcset=\"\" alt=\"drag-the-row\" width=\"384\" height=\"224\"><\/li><li> Sobald Sie die Zeile in eine andere Zeile ziehen, die bereits Daten enth\u00e4lt, wird ein Popup-Fenster mit einer Frage zum Ersetzen angezeigt. <br><img loading=\"lazy\" decoding=\"async\" title=\"12-Pop-up-on-Replace-Zeile\" src=\"https:\/\/exceladvisor.org\/wp-content\/uploads\/2023\/08\/12-pop-up-lors-du-remplacement-de-la-ligne.png\" sizes=\"auto, \" srcset=\"\" alt=\"pop-up-on-replacing-row\" width=\"571\" height=\"173\"><\/li><li> Wenn Sie nun auf \u201eOK\u201c klicken, wird die Zeile ersetzt und die vorhandene Position der Zeile bleibt leer. <br><img loading=\"lazy\" decoding=\"async\" title=\"13-ersetzt-die-vorhandene-Linie\" src=\"https:\/\/exceladvisor.org\/wp-content\/uploads\/2023\/08\/13-a-remplace-la-ligne-existante.png\" sizes=\"auto, \" srcset=\"\" alt=\"replaced-the-existing-row\" width=\"389\" height=\"224\"><\/li><\/ol><h2 class=\"wp-block-heading\"> Verschieben Sie eine Spalte durch Ersetzen<\/h2><ol><li> W\u00e4hlen Sie die Spalte aus, die Sie an die neue Position verschieben m\u00f6chten.<\/li><li> Bewegen Sie den Cursor an den Rand der Spalte und Sie sehen dort den vierseitigen Pfeil.<\/li><li> Halten Sie nun die linke Maustaste gedr\u00fcckt und ziehen Sie die Spalte mit dem Pfeil an die Stelle, an der Sie sie platzieren m\u00f6chten. Die Spalte wird dann gr\u00fcn hervorgehoben. <br><img loading=\"lazy\" decoding=\"async\" title=\"24-Spalten-ausgew\u00e4hltes-Drag-to-new-position\" src=\"https:\/\/exceladvisor.org\/wp-content\/uploads\/2023\/08\/24-colonnes-selectionnees-faites-glisser-vers-la-nouvelle-position.png\" sizes=\"auto, \" srcset=\"\" alt=\"\" width=\"443\" height=\"190\"><\/li><li> Wenn in der Spalte bereits Daten vorhanden sind, werden Sie in einem Popup-Fenster aufgefordert, diese zu ersetzen. <br><img loading=\"lazy\" decoding=\"async\" title=\"25 Popup-Bildschirme\" src=\"https:\/\/exceladvisor.org\/wp-content\/uploads\/2023\/08\/25-affichages-contextuels.png\" sizes=\"auto, \" srcset=\"\" alt=\"\" width=\"339\" height=\"135\"><\/li><li> Wenn Sie auf die Schaltfl\u00e4che \u201eOK\u201c klicken, wird die Spalte ersetzt und die vorherige Position der Spalte bleibt jetzt leer. <br><img loading=\"lazy\" decoding=\"async\" title=\"26-Spalte-b-bleibt-leer\" src=\"https:\/\/exceladvisor.org\/wp-content\/uploads\/2023\/08\/26-la-colonne-b-reste-vide.png\" sizes=\"auto, \" srcset=\"\" alt=\"\" width=\"386\" height=\"201\"><\/li><\/ol><p class=\"qt-tip\"> Wichtig: Wenn Sie eine Zeile oder Spalte in eine leere Zeile verschieben, zeigt Excel dieses Dialogfeld nicht im Fenster an. Die Daten werden einfach in die leere Zeile oder Spalte verschoben.<\/p><div class=\"gb-container gb-container-4db6181c gb-container-mt\"> <a class=\"gb-button gb-button-c5897111 gb-button-text gb-button-mt-button\" href=\"https:\/\/exceladvisor.org\/de\/excel-grundlagen\/\">Microsoft Excel-Grundlagen (Komponenten, Teile und Wissenshinweise)<\/a><h2 class=\"gb-headline gb-headline-665e5f6b gb-headline-text gb-headline-mt-heading\"> Verwandte Tutorials <\/h2><div class=\"gb-grid-wrapper gb-grid-wrapper-a20baf7c gb-grid-wrapper-mt-grid\"><div class=\"gb-grid-column gb-grid-column-65ddf67e\"><div class=\"gb-container gb-container-65ddf67e\"><ul><li> <a href=\"https:\/\/exceladvisor.org\/de\/hyperlinks-hinzufugen-und-entfernen\/\">F\u00fcgen Sie Hyperlinks in Excel hinzu und entfernen Sie sie<\/a><\/li><li> <a href=\"https:\/\/exceladvisor.org\/de\/wasserzeichen-hinzufugen\/\">F\u00fcgen Sie in Excel ein Wasserzeichen hinzu<\/a><\/li><li> <a href=\"https:\/\/exceladvisor.org\/de\/entfernen-sie-ausgeblendete-zeilenspalten\/\">L\u00f6schen Sie ausgeblendete Zeilen in Excel<\/a><\/li><li> <a href=\"https:\/\/exceladvisor.org\/de\/zellen-abwahlen\/\">Zellen in Excel abw\u00e4hlen<\/a> <\/li><\/ul><\/div><\/div><div class=\"gb-grid-column gb-grid-column-50067b57\"><div class=\"gb-container gb-container-50067b57\"><ul><li> <a href=\"https:\/\/exceladvisor.org\/de\/zeilen-loschen\/\">L\u00f6schen Sie eine Zeile oder mehrere Zeilen in Excel<\/a><\/li><li> <a href=\"https:\/\/exceladvisor.org\/de\/spalte-kopieren\/\">Kopieren Sie eine Spalte und f\u00fcgen Sie sie in Excel ein<\/a><\/li><li> <a href=\"https:\/\/exceladvisor.org\/de\/spaltenbreite\/\">Spaltenbreite in Excel \u00e4ndern<\/a><\/li><li> <a href=\"https:\/\/exceladvisor.org\/de\/die-zelle-austauschen\/\">Tauschen Sie schnell zwei Zellen in Excel aus<\/a><\/li><\/ul><\/div><\/div><\/div><\/div>","protected":false},"excerpt":{"rendered":"","protected":false},"author":1,"featured_media":0,"parent":0,"menu_order":0,"comment_status":"open","ping_status":"closed","template":"","meta":{"ub_ctt_via":"","footnotes":""},"class_list":["post-3379","page","type-page","status-publish","hentry"],"featured_image_src":null,"yoast_head":"<!-- This site is optimized with the Yoast SEO plugin v25.4 - https:\/\/yoast.com\/wordpress\/plugins\/seo\/ -->\n<title>\u25b7 Wie verschiebe ich eine Zeile und Spalte in Excel?<\/title>\n<meta name=\"description\" content=\"In diesem Tutorial sehen wir uns eine schnelle und einfache Methode zum Verschieben einer Zeile und Spalte an. Und die vielen Zeilen und...\" \/>\n<meta name=\"robots\" content=\"index, follow, max-snippet:-1, max-image-preview:large, max-video-preview:-1\" \/>\n<link rel=\"canonical\" href=\"https:\/\/exceladvisor.org\/de\/zeilenspalte-verschieben\/\" \/>\n<meta property=\"og:locale\" content=\"de_DE\" \/>\n<meta property=\"og:type\" content=\"article\" \/>\n<meta property=\"og:title\" content=\"\u25b7 Wie verschiebe ich eine Zeile und Spalte in Excel?\" \/>\n<meta property=\"og:description\" content=\"In diesem Tutorial sehen wir uns eine schnelle und einfache Methode zum Verschieben einer Zeile und Spalte an. Und die vielen Zeilen und...\" \/>\n<meta property=\"og:url\" content=\"https:\/\/exceladvisor.org\/de\/zeilenspalte-verschieben\/\" \/>\n<meta property=\"og:site_name\" content=\"Excel Advisor\" \/>\n<meta property=\"article:modified_time\" content=\"2023-12-03T13:05:31+00:00\" \/>\n<meta property=\"og:image\" content=\"https:\/\/exceladvisor.org\/wp-content\/uploads\/2023\/08\/1-ligne-de-deplacement.png\" \/>\n<meta name=\"twitter:card\" content=\"summary_large_image\" \/>\n<meta name=\"twitter:label1\" content=\"Gesch\u00e4tzte Lesezeit\" \/>\n\t<meta name=\"twitter:data1\" content=\"5\u00a0Minuten\" \/>\n<script type=\"application\/ld+json\" class=\"yoast-schema-graph\">{\"@context\":\"https:\/\/schema.org\",\"@graph\":[{\"@type\":\"WebPage\",\"@id\":\"https:\/\/exceladvisor.org\/de\/zeilenspalte-verschieben\/\",\"url\":\"https:\/\/exceladvisor.org\/de\/zeilenspalte-verschieben\/\",\"name\":\"\u25b7 Wie verschiebe ich eine Zeile und Spalte in Excel?\",\"isPartOf\":{\"@id\":\"https:\/\/exceladvisor.org\/de\/#website\"},\"primaryImageOfPage\":{\"@id\":\"https:\/\/exceladvisor.org\/de\/zeilenspalte-verschieben\/#primaryimage\"},\"image\":{\"@id\":\"https:\/\/exceladvisor.org\/de\/zeilenspalte-verschieben\/#primaryimage\"},\"thumbnailUrl\":\"https:\/\/exceladvisor.org\/wp-content\/uploads\/2023\/08\/1-ligne-de-deplacement.png\",\"datePublished\":\"2023-10-30T06:52:08+00:00\",\"dateModified\":\"2023-12-03T13:05:31+00:00\",\"description\":\"In diesem Tutorial sehen wir uns eine schnelle und einfache Methode zum Verschieben einer Zeile und Spalte an. Und die vielen Zeilen und...\",\"breadcrumb\":{\"@id\":\"https:\/\/exceladvisor.org\/de\/zeilenspalte-verschieben\/#breadcrumb\"},\"inLanguage\":\"de\",\"potentialAction\":[{\"@type\":\"ReadAction\",\"target\":[\"https:\/\/exceladvisor.org\/de\/zeilenspalte-verschieben\/\"]}]},{\"@type\":\"ImageObject\",\"inLanguage\":\"de\",\"@id\":\"https:\/\/exceladvisor.org\/de\/zeilenspalte-verschieben\/#primaryimage\",\"url\":\"https:\/\/exceladvisor.org\/wp-content\/uploads\/2023\/08\/1-ligne-de-deplacement.png\",\"contentUrl\":\"https:\/\/exceladvisor.org\/wp-content\/uploads\/2023\/08\/1-ligne-de-deplacement.png\"},{\"@type\":\"BreadcrumbList\",\"@id\":\"https:\/\/exceladvisor.org\/de\/zeilenspalte-verschieben\/#breadcrumb\",\"itemListElement\":[{\"@type\":\"ListItem\",\"position\":1,\"name\":\"Accueil\",\"item\":\"https:\/\/exceladvisor.org\/de\/\"},{\"@type\":\"ListItem\",\"position\":2,\"name\":\"Wie verschiebe ich eine zeile und spalte in excel?\"}]},{\"@type\":\"WebSite\",\"@id\":\"https:\/\/exceladvisor.org\/de\/#website\",\"url\":\"https:\/\/exceladvisor.org\/de\/\",\"name\":\"Excel Advisor\",\"description\":\"Ihr Leitfaden zur Datendominanz\",\"publisher\":{\"@id\":\"https:\/\/exceladvisor.org\/de\/#organization\"},\"potentialAction\":[{\"@type\":\"SearchAction\",\"target\":{\"@type\":\"EntryPoint\",\"urlTemplate\":\"https:\/\/exceladvisor.org\/de\/?s={search_term_string}\"},\"query-input\":{\"@type\":\"PropertyValueSpecification\",\"valueRequired\":true,\"valueName\":\"search_term_string\"}}],\"inLanguage\":\"de\"},{\"@type\":\"Organization\",\"@id\":\"https:\/\/exceladvisor.org\/de\/#organization\",\"name\":\"Excel Advisor\",\"url\":\"https:\/\/exceladvisor.org\/de\/\",\"logo\":{\"@type\":\"ImageObject\",\"inLanguage\":\"de\",\"@id\":\"https:\/\/exceladvisor.org\/de\/#\/schema\/logo\/image\/\",\"url\":\"https:\/\/exceladvisor.org\/de\/wp-content\/uploads\/2023\/11\/exceladvisor.org_.png\",\"contentUrl\":\"https:\/\/exceladvisor.org\/de\/wp-content\/uploads\/2023\/11\/exceladvisor.org_.png\",\"width\":105,\"height\":36,\"caption\":\"Excel Advisor\"},\"image\":{\"@id\":\"https:\/\/exceladvisor.org\/de\/#\/schema\/logo\/image\/\"}}]}<\/script>\n<!-- \/ Yoast SEO plugin. -->","yoast_head_json":{"title":"\u25b7 Wie verschiebe ich eine Zeile und Spalte in Excel?","description":"In diesem Tutorial sehen wir uns eine schnelle und einfache Methode zum Verschieben einer Zeile und Spalte an. Und die vielen Zeilen und...","robots":{"index":"index","follow":"follow","max-snippet":"max-snippet:-1","max-image-preview":"max-image-preview:large","max-video-preview":"max-video-preview:-1"},"canonical":"https:\/\/exceladvisor.org\/de\/zeilenspalte-verschieben\/","og_locale":"de_DE","og_type":"article","og_title":"\u25b7 Wie verschiebe ich eine Zeile und Spalte in Excel?","og_description":"In diesem Tutorial sehen wir uns eine schnelle und einfache Methode zum Verschieben einer Zeile und Spalte an. Und die vielen Zeilen und...","og_url":"https:\/\/exceladvisor.org\/de\/zeilenspalte-verschieben\/","og_site_name":"Excel Advisor","article_modified_time":"2023-12-03T13:05:31+00:00","og_image":[{"url":"https:\/\/exceladvisor.org\/wp-content\/uploads\/2023\/08\/1-ligne-de-deplacement.png","type":"","width":"","height":""}],"twitter_card":"summary_large_image","twitter_misc":{"Gesch\u00e4tzte Lesezeit":"5\u00a0Minuten"},"schema":{"@context":"https:\/\/schema.org","@graph":[{"@type":"WebPage","@id":"https:\/\/exceladvisor.org\/de\/zeilenspalte-verschieben\/","url":"https:\/\/exceladvisor.org\/de\/zeilenspalte-verschieben\/","name":"\u25b7 Wie verschiebe ich eine Zeile und Spalte in Excel?","isPartOf":{"@id":"https:\/\/exceladvisor.org\/de\/#website"},"primaryImageOfPage":{"@id":"https:\/\/exceladvisor.org\/de\/zeilenspalte-verschieben\/#primaryimage"},"image":{"@id":"https:\/\/exceladvisor.org\/de\/zeilenspalte-verschieben\/#primaryimage"},"thumbnailUrl":"https:\/\/exceladvisor.org\/wp-content\/uploads\/2023\/08\/1-ligne-de-deplacement.png","datePublished":"2023-10-30T06:52:08+00:00","dateModified":"2023-12-03T13:05:31+00:00","description":"In diesem Tutorial sehen wir uns eine schnelle und einfache Methode zum Verschieben einer Zeile und Spalte an. Und die vielen Zeilen und...","breadcrumb":{"@id":"https:\/\/exceladvisor.org\/de\/zeilenspalte-verschieben\/#breadcrumb"},"inLanguage":"de","potentialAction":[{"@type":"ReadAction","target":["https:\/\/exceladvisor.org\/de\/zeilenspalte-verschieben\/"]}]},{"@type":"ImageObject","inLanguage":"de","@id":"https:\/\/exceladvisor.org\/de\/zeilenspalte-verschieben\/#primaryimage","url":"https:\/\/exceladvisor.org\/wp-content\/uploads\/2023\/08\/1-ligne-de-deplacement.png","contentUrl":"https:\/\/exceladvisor.org\/wp-content\/uploads\/2023\/08\/1-ligne-de-deplacement.png"},{"@type":"BreadcrumbList","@id":"https:\/\/exceladvisor.org\/de\/zeilenspalte-verschieben\/#breadcrumb","itemListElement":[{"@type":"ListItem","position":1,"name":"Accueil","item":"https:\/\/exceladvisor.org\/de\/"},{"@type":"ListItem","position":2,"name":"Wie verschiebe ich eine zeile und spalte in excel?"}]},{"@type":"WebSite","@id":"https:\/\/exceladvisor.org\/de\/#website","url":"https:\/\/exceladvisor.org\/de\/","name":"Excel Advisor","description":"Ihr Leitfaden zur Datendominanz","publisher":{"@id":"https:\/\/exceladvisor.org\/de\/#organization"},"potentialAction":[{"@type":"SearchAction","target":{"@type":"EntryPoint","urlTemplate":"https:\/\/exceladvisor.org\/de\/?s={search_term_string}"},"query-input":{"@type":"PropertyValueSpecification","valueRequired":true,"valueName":"search_term_string"}}],"inLanguage":"de"},{"@type":"Organization","@id":"https:\/\/exceladvisor.org\/de\/#organization","name":"Excel Advisor","url":"https:\/\/exceladvisor.org\/de\/","logo":{"@type":"ImageObject","inLanguage":"de","@id":"https:\/\/exceladvisor.org\/de\/#\/schema\/logo\/image\/","url":"https:\/\/exceladvisor.org\/de\/wp-content\/uploads\/2023\/11\/exceladvisor.org_.png","contentUrl":"https:\/\/exceladvisor.org\/de\/wp-content\/uploads\/2023\/11\/exceladvisor.org_.png","width":105,"height":36,"caption":"Excel Advisor"},"image":{"@id":"https:\/\/exceladvisor.org\/de\/#\/schema\/logo\/image\/"}}]}},"yoast_meta":{"yoast_wpseo_title":"","yoast_wpseo_metadesc":"","yoast_wpseo_canonical":""},"_links":{"self":[{"href":"https:\/\/exceladvisor.org\/de\/wp-json\/wp\/v2\/pages\/3379","targetHints":{"allow":["GET"]}}],"collection":[{"href":"https:\/\/exceladvisor.org\/de\/wp-json\/wp\/v2\/pages"}],"about":[{"href":"https:\/\/exceladvisor.org\/de\/wp-json\/wp\/v2\/types\/page"}],"author":[{"embeddable":true,"href":"https:\/\/exceladvisor.org\/de\/wp-json\/wp\/v2\/users\/1"}],"replies":[{"embeddable":true,"href":"https:\/\/exceladvisor.org\/de\/wp-json\/wp\/v2\/comments?post=3379"}],"version-history":[{"count":1,"href":"https:\/\/exceladvisor.org\/de\/wp-json\/wp\/v2\/pages\/3379\/revisions"}],"predecessor-version":[{"id":4221,"href":"https:\/\/exceladvisor.org\/de\/wp-json\/wp\/v2\/pages\/3379\/revisions\/4221"}],"wp:attachment":[{"href":"https:\/\/exceladvisor.org\/de\/wp-json\/wp\/v2\/media?parent=3379"}],"curies":[{"name":"wp","href":"https:\/\/api.w.org\/{rel}","templated":true}]}}