{"id":3380,"date":"2023-10-30T06:00:23","date_gmt":"2023-10-30T06:00:23","guid":{"rendered":"https:\/\/exceladvisor.org\/de\/formatierung-kopieren\/"},"modified":"2023-12-03T13:03:59","modified_gmt":"2023-12-03T13:03:59","slug":"formatierung-kopieren","status":"publish","type":"page","link":"https:\/\/exceladvisor.org\/de\/formatierung-kopieren\/","title":{"rendered":"Wie kopiere ich formatierungen in excel?"},"content":{"rendered":"<div class=\"excel-vor-dem-inhalt\" id=\"excel-3529672964\"><script type=\"text\/javascript\">\r\n\tatOptions = {\r\n\t\t'key' : 'c1158f160081d6540a8409e6925dab94',\r\n\t\t'format' : 'iframe',\r\n\t\t'height' : 250,\r\n\t\t'width' : 300,\r\n\t\t'params' : {}\r\n\t};\r\n<\/script>\r\n<script type=\"text\/javascript\" src=\"\/\/www.highperformanceformat.com\/c1158f160081d6540a8409e6925dab94\/invoke.js\"><\/script><\/div> <p>Um die Formatierung einer Zelle oder eines Bereichs mehrerer Zellen zu kopieren, m\u00fcssen Sie diese zun\u00e4chst ausw\u00e4hlen und dann kopieren. W\u00e4hlen Sie anschlie\u00dfend die Zelle oder den Bereich aus, in den Sie die Formatierung einf\u00fcgen m\u00f6chten. Hier k\u00f6nnen Sie die spezielle Option \u201eEinf\u00fcgen\u201c verwenden, um nur die Formatierung einzuf\u00fcgen und den Rest zu belassen. <\/p><div class=\"wp-block-image\"><figure class=\"aligncenter size-full is-resized\"><img loading=\"lazy\" decoding=\"async\" class=\"wp-image-77671\" src=\"https:\/\/exceladvisor.org\/wp-content\/uploads\/2023\/08\/1-copie-mise-en-forme-sous-excel.png\" sizes=\"auto, \" srcset=\"\" alt=\"Formatierung-in-Excel kopieren\" width=\"762\" height=\"483\"><\/figure><\/div><p> In diesem Tutorial lernen wir verschiedene M\u00f6glichkeiten kennen, nur die Formatierung einer Zelle oder eines Zellbereichs in Excel zu kopieren und einzuf\u00fcgen.<\/p><h2 class=\"wp-block-heading\"> Kopieren Sie die Zellformatierung in Excel mit \u201eInhalte einf\u00fcgen\u201c.<\/h2><ol><li> W\u00e4hlen Sie zun\u00e4chst die Zelle oder den Bereich aus und dr\u00fccken Sie Strg + C, um die Zelle zu kopieren. <br><img loading=\"lazy\" decoding=\"async\" title=\"2-Kopieren-Formatieren-mit-Einf\u00fcgen-Spezial\" src=\"https:\/\/exceladvisor.org\/wp-content\/uploads\/2023\/08\/2-formatage-de-copie-avec-collage-special.png\" sizes=\"auto, \" srcset=\"\" alt=\"copy-formatting-using-paste-special\" width=\"292\" height=\"209\"><\/li><li> W\u00e4hlen Sie anschlie\u00dfend die Zellen aus, in die Sie die Formatierung einf\u00fcgen m\u00f6chten. <br><img loading=\"lazy\" decoding=\"async\" title=\"3-Zellen ausw\u00e4hlen, um die Formatierung einzuf\u00fcgen\" src=\"https:\/\/exceladvisor.org\/wp-content\/uploads\/2023\/08\/3-selectionnez-les-cellules-pour-coller-la-mise-en-forme.png\" sizes=\"auto, \" srcset=\"\" alt=\"select-cells-to-paste-formatting\" width=\"275\" height=\"284\"><\/li><li> Gehen Sie nun zur Registerkarte \u201eStartseite\u201c und \u00f6ffnen Sie von dort aus die Einf\u00fcgeoption oder verwenden Sie die Tastenkombination Alt + H + S, um die spezielle Einf\u00fcgefunktion zu \u00f6ffnen. <br><img loading=\"lazy\" decoding=\"async\" title=\"Sonderoption 4 offene Nudeln\" src=\"https:\/\/exceladvisor.org\/wp-content\/uploads\/2023\/08\/4-option-speciale-pate-ouverte.png\" sizes=\"auto, \" srcset=\"\" alt=\"open-paste-special-option\" width=\"299\" height=\"422\"><\/li><li> W\u00e4hlen Sie dann das Format aus und klicken Sie auf OK, um nur die Formate einzuf\u00fcgen. <br><img loading=\"lazy\" decoding=\"async\" title=\"Nur 5 Formate zur Auswahl\" src=\"https:\/\/exceladvisor.org\/wp-content\/uploads\/2023\/08\/5-choisir-les-formats-uniquement.png\" sizes=\"auto, \" srcset=\"\" alt=\"choose-formats-only\" width=\"614\" height=\"393\"><\/li><\/ol><p> Und sobald Sie auf OK klicken, erhalten Sie die Formatierung der ausgew\u00e4hlten Zelle. Auf diese Weise k\u00f6nnen Sie die Formatierung einer Zelle oder eines Zellbereichs schnell kopieren und einf\u00fcgen.<\/p><h2 class=\"wp-block-heading\"> Kopieren Sie die Zellformatierung mit Format Painter<\/h2><p> Unten befindet sich Zelle A1 mit einem <a href=\"https:\/\/exceladvisor.org\/de\/buchhaltungsnummernformat\/\">Wert- und Buchhaltungsnummernformat<\/a> . Und jetzt m\u00fcssen Sie die gleiche Formatierung f\u00fcr Zelle B1 erhalten. <\/p><div class=\"wp-block-image\"><figure class=\"aligncenter size-full is-resized\"><img loading=\"lazy\" decoding=\"async\" class=\"wp-image-77677\" src=\"https:\/\/exceladvisor.org\/wp-content\/uploads\/2023\/08\/6-Copier-la-mise-en-forme-des-cellules-a-laide-de-Format-Painter.png\" sizes=\"auto, \" srcset=\"\" alt=\"Zelle-Formatierung-mit-Format-Painter kopieren\" width=\"386\" height=\"170\"><\/figure><\/div><ol><li> W\u00e4hlen Sie Zelle A1 aus. <br><img loading=\"lazy\" decoding=\"async\" title=\"7-Zellenauswahl\" src=\"https:\/\/exceladvisor.org\/wp-content\/uploads\/2023\/08\/7-selectionnez-la-cellule.png\" sizes=\"auto, \" srcset=\"\" alt=\"select-the-cell\" width=\"391\" height=\"171\"><\/li><li> Gehen Sie zur Registerkarte \u201eStartseite\u201c und klicken Sie auf die Schaltfl\u00e4che \u201eFormat Painter\u201c. <br><img loading=\"lazy\" decoding=\"async\" title=\"8-Klick-Format-Painter-Schaltfl\u00e4che\" src=\"https:\/\/exceladvisor.org\/wp-content\/uploads\/2023\/08\/Bouton-peintre-de-format-en-8-clics.png\" sizes=\"auto, \" srcset=\"\" alt=\"click-format-painter-button\" width=\"397\" height=\"318\"><\/li><li> Dadurch wird der Mauszeiger in einen Pinsel umgewandelt. <br><img loading=\"lazy\" decoding=\"async\" title=\"9-Maus-Cursor-zu-Pinsel\" src=\"https:\/\/exceladvisor.org\/wp-content\/uploads\/2023\/08\/9-curseur-de-la-souris-au-pinceau.png\" sizes=\"auto, \" srcset=\"\" alt=\"mouse-cursor-to-paintbrush\" width=\"353\" height=\"381\"><\/li><li> Klicken Sie auf Zelle B1, ohne dass andere Zellen oder Optionen ausgew\u00e4hlt sind. Die Zellformatierung wird sofort auf Zelle B1 angewendet. <br><img loading=\"lazy\" decoding=\"async\" title=\"10-Zelle zum Einf\u00fcgen ausw\u00e4hlen\" src=\"https:\/\/exceladvisor.org\/wp-content\/uploads\/2023\/08\/10-selectionner-la-cellule-a-coller.png\" sizes=\"auto, \" srcset=\"\" alt=\"select-the-cell-to-paste\" width=\"387\" height=\"114\"><\/li><\/ol><h2 class=\"wp-block-heading\"> Tastenkombination zum Kopieren und Anwenden der Formatierung<\/h2><p> Sie k\u00f6nnen die Formatierung auch \u00fcber eine Tastenkombination kopieren und einf\u00fcgen.<\/p><ul><li> W\u00e4hlen Sie die Zelle aus und dr\u00fccken Sie die Tastenkombination Strg + C.<\/li><li> W\u00e4hlen Sie die Zelle aus, in der Sie die Formatierung anwenden m\u00f6chten, und dr\u00fccken Sie Alt \u21e2 H \u21e2 V \u21e2 R.<\/li><\/ul><h2 class=\"wp-block-heading\"> Verwenden Sie das Drag-and-Drop-Men\u00fc, um das Zellenformat zu kopieren<\/h2><ol><li> W\u00e4hlen Sie Zelle A1 oder den Ort aus, an dem Sie die Formatierung haben. <br><img loading=\"lazy\" decoding=\"async\" title=\"11-Kopieren-Zellenformatierung-per-Drag-Drop\" src=\"https:\/\/exceladvisor.org\/wp-content\/uploads\/2023\/08\/11-copier-la-mise-en-forme-des-cellules-par-glisser-deposer.png\" sizes=\"auto, \" srcset=\"\" alt=\"copy-cell-formatting-using-drag-drop\" width=\"366\" height=\"149\"><\/li><li> Bewegen Sie die Maus \u00fcber den Zellrand und halten Sie die rechte Maustaste gedr\u00fcckt. <br><img loading=\"lazy\" decoding=\"async\" title=\"12-Punkt-Maus auf Zellrand\" src=\"https:\/\/exceladvisor.org\/wp-content\/uploads\/2023\/08\/12-pointez-la-souris-sur-la-bordure-de-la-cellule.png\" sizes=\"auto, \" srcset=\"\" alt=\"hover-mouse-on-the-cell-border\" width=\"362\" height=\"148\"><\/li><li> Legen Sie es in der Zelle ab, in die Sie die Formatierung einf\u00fcgen m\u00f6chten. <br><img loading=\"lazy\" decoding=\"async\" title=\"13-Drag-where-paste-formatting\" src=\"https:\/\/exceladvisor.org\/wp-content\/uploads\/2023\/08\/13-faites-glisser-ou-coller-la-mise-en-forme.png\" sizes=\"auto, \" srcset=\"\" alt=\"drag-where-to-paste-formatting\" width=\"425\" height=\"140\"><\/li><li> Lassen Sie die Taste los, um das Men\u00fc aufzurufen. <br><img loading=\"lazy\" decoding=\"async\" title=\"14 Ausl\u00f6setasten f\u00fcr Men\u00fc\" src=\"https:\/\/exceladvisor.org\/wp-content\/uploads\/2023\/08\/14-bouton-de-deverrouillage-pour-le-menu.png\" sizes=\"auto, \" srcset=\"\" alt=\"release-button-for-menu\" width=\"514\" height=\"344\"><\/li><li> W\u00e4hlen Sie die Option \u201eNur als Formate hierher kopieren\u201c. <br><img loading=\"lazy\" decoding=\"async\" title=\"Nur 15 Kopien als Formate\" src=\"https:\/\/exceladvisor.org\/wp-content\/uploads\/2023\/08\/15-copies-en-tant-que-formats-uniquement.png\" sizes=\"auto, \" srcset=\"\" alt=\"copy-as-formats-only\" width=\"421\" height=\"114\"><\/li><\/ol><h2 class=\"wp-block-heading\"> Formatierung mit F\u00fcllpunkt kopieren<\/h2><p> Wenn Sie eine Zelle formatiert haben und diese Formatierung kopieren und in die Zellen einf\u00fcgen m\u00f6chten, k\u00f6nnen Sie daf\u00fcr den F\u00fcllpunkt verwenden.<\/p><ol><li> W\u00e4hlen Sie Zelle A1 aus und bewegen Sie die Maus \u00fcber die untere rechte Ecke der Zelle. <br><img loading=\"lazy\" decoding=\"async\" title=\"16-Kopie-Formatierung mit F\u00fcllpunkt\" src=\"https:\/\/exceladvisor.org\/wp-content\/uploads\/2023\/08\/Formatage-de-16-copies-avec-poignee-de-remplissage.png\" sizes=\"auto, \" srcset=\"\" alt=\"copy-formatting-with-fill-handle\" width=\"329\" height=\"130\"><\/li><li> Halten Sie die linke Maustaste gedr\u00fcckt und ziehen Sie es in die Zelle A2. <br><img loading=\"lazy\" decoding=\"async\" title=\"17 Halten Sie die Maus gedr\u00fcckt und ziehen Sie\" src=\"https:\/\/exceladvisor.org\/wp-content\/uploads\/2023\/08\/17-maintenez-la-souris-enfoncee-et-faites-glisser.png\" sizes=\"auto, \" srcset=\"\" alt=\"hold-mouse-and-drag\" width=\"340\" height=\"168\"><\/li><li> Unten in der Zelle werden die Optionen zum automatischen Ausf\u00fcllen angezeigt. <br><img loading=\"lazy\" decoding=\"async\" title=\"18 Optionen zum automatischen Ausf\u00fcllen\" src=\"https:\/\/exceladvisor.org\/wp-content\/uploads\/2023\/08\/18-options-de-remplissage-automatique.png\" sizes=\"auto, \" srcset=\"\" alt=\"autofill-options\" width=\"338\" height=\"174\"><\/li><li> Klicken Sie auf das Dropdown-Men\u00fc und w\u00e4hlen Sie \u201eNur F\u00fcllformatierung\u201c. <br><img loading=\"lazy\" decoding=\"async\" title=\"19 W\u00e4hlen Sie die Formatierung \u201eNur Ausf\u00fcllen\u201c.\" src=\"https:\/\/exceladvisor.org\/wp-content\/uploads\/2023\/08\/19-choisir-le-formatage-de-remplissage-uniquement.png\" sizes=\"auto, \" srcset=\"\" alt=\"choose-fill-formatting-only\" width=\"390\" height=\"245\"><\/li><\/ol><p> Wenn das Dropdown-Men\u00fc \u201eAutoFill\u201c nicht angezeigt wird, gehen Sie zur Registerkarte \u201eDatei\u201c \u21e2 <a href=\"https:\/\/exceladvisor.org\/de\/optionen\/\">Excel-Optionen<\/a> \u21e2 Erweitert \u21e2 Bearbeitungsoptionen \u21e2 <a href=\"https:\/\/exceladvisor.org\/de\/fullgriff\/\">F\u00fcllpunkt<\/a> aktivieren. Und wenn Sie es immer noch nicht sehen, gehen Sie zur Registerkarte \u201eDatei\u201c \u21e2 Excel-Optionen \u21e2 Ausschneiden, Kopieren und Einf\u00fcgen \u21e2 Schaltfl\u00e4che \u201eEinf\u00fcgeoptionen anzeigen\u201c, wenn Inhalte eingef\u00fcgt werden.<\/p><div class=\"gb-container gb-container-4db6181c gb-container-mt\"> <a class=\"gb-button gb-button-c5897111 gb-button-text gb-button-mt-button\" href=\"https:\/\/exceladvisor.org\/de\/excel-grundlagen\/\">Microsoft Excel-Grundlagen (Komponenten, Teile und Wissenshinweise)<\/a><h2 class=\"gb-headline gb-headline-665e5f6b gb-headline-text gb-headline-mt-heading\"> Verwandte Tutorials <\/h2><div class=\"gb-grid-wrapper gb-grid-wrapper-a20baf7c gb-grid-wrapper-mt-grid\"><div class=\"gb-grid-column gb-grid-column-65ddf67e\"><div class=\"gb-container gb-container-65ddf67e\"><ul><li> <a href=\"https:\/\/exceladvisor.org\/de\/buchhaltungsnummernformat\/\">Wenden Sie das Buchhaltungsnummernformat in Excel an<\/a><\/li><li> <a href=\"https:\/\/exceladvisor.org\/de\/zellfarbe\/\">Wenden Sie eine Hintergrundfarbe auf eine Zelle oder das gesamte Blatt in Excel an<\/a><\/li><li> <a href=\"https:\/\/exceladvisor.org\/de\/das-gitter\/\">Excel-Gitternetzlinien drucken (l\u00f6schen, k\u00fcrzen und Farbe \u00e4ndern)<\/a><\/li><li> <a href=\"https:\/\/exceladvisor.org\/de\/fugen-sie-eine-seitenzahl-hinzu\/\">F\u00fcgen Sie in Excel eine Seitenzahl hinzu<\/a><\/li><li> <a href=\"https:\/\/exceladvisor.org\/de\/komma-stil-anwenden\/\">Wenden Sie den Kommastil in Excel an<\/a><\/li><\/ul><\/div><\/div><\/div><\/div>","protected":false},"excerpt":{"rendered":"","protected":false},"author":1,"featured_media":0,"parent":0,"menu_order":0,"comment_status":"open","ping_status":"closed","template":"","meta":{"ub_ctt_via":"","footnotes":""},"class_list":["post-3380","page","type-page","status-publish","hentry"],"featured_image_src":null,"yoast_head":"<!-- This site is optimized with the Yoast SEO plugin v25.4 - https:\/\/yoast.com\/wordpress\/plugins\/seo\/ -->\n<title>Wie kopiere ich Formatierungen in Excel? (Tutorial 2023)<\/title>\n<meta name=\"description\" content=\"In diesem Tutorial erfahren Sie, wie Sie Formatierungen in Excel kopieren. Excel bietet mehrere M\u00f6glichkeiten, Formatierungen schnell zu kopieren\" \/>\n<meta name=\"robots\" content=\"index, follow, max-snippet:-1, max-image-preview:large, max-video-preview:-1\" \/>\n<link rel=\"canonical\" href=\"https:\/\/exceladvisor.org\/de\/formatierung-kopieren\/\" \/>\n<meta property=\"og:locale\" content=\"de_DE\" \/>\n<meta property=\"og:type\" content=\"article\" \/>\n<meta property=\"og:title\" content=\"Wie kopiere ich Formatierungen in Excel? (Tutorial 2023)\" \/>\n<meta property=\"og:description\" content=\"In diesem Tutorial erfahren Sie, wie Sie Formatierungen in Excel kopieren. Excel bietet mehrere M\u00f6glichkeiten, Formatierungen schnell zu kopieren\" \/>\n<meta property=\"og:url\" content=\"https:\/\/exceladvisor.org\/de\/formatierung-kopieren\/\" \/>\n<meta property=\"og:site_name\" content=\"Excel Advisor\" \/>\n<meta property=\"article:modified_time\" content=\"2023-12-03T13:03:59+00:00\" \/>\n<meta property=\"og:image\" content=\"https:\/\/exceladvisor.org\/wp-content\/uploads\/2023\/08\/1-copie-mise-en-forme-sous-excel.png\" \/>\n<meta name=\"twitter:card\" content=\"summary_large_image\" \/>\n<meta name=\"twitter:label1\" content=\"Gesch\u00e4tzte Lesezeit\" \/>\n\t<meta name=\"twitter:data1\" content=\"3\u00a0Minuten\" \/>\n<script type=\"application\/ld+json\" class=\"yoast-schema-graph\">{\"@context\":\"https:\/\/schema.org\",\"@graph\":[{\"@type\":\"WebPage\",\"@id\":\"https:\/\/exceladvisor.org\/de\/formatierung-kopieren\/\",\"url\":\"https:\/\/exceladvisor.org\/de\/formatierung-kopieren\/\",\"name\":\"Wie kopiere ich Formatierungen in Excel? (Tutorial 2023)\",\"isPartOf\":{\"@id\":\"https:\/\/exceladvisor.org\/de\/#website\"},\"primaryImageOfPage\":{\"@id\":\"https:\/\/exceladvisor.org\/de\/formatierung-kopieren\/#primaryimage\"},\"image\":{\"@id\":\"https:\/\/exceladvisor.org\/de\/formatierung-kopieren\/#primaryimage\"},\"thumbnailUrl\":\"https:\/\/exceladvisor.org\/wp-content\/uploads\/2023\/08\/1-copie-mise-en-forme-sous-excel.png\",\"datePublished\":\"2023-10-30T06:00:23+00:00\",\"dateModified\":\"2023-12-03T13:03:59+00:00\",\"description\":\"In diesem Tutorial erfahren Sie, wie Sie Formatierungen in Excel kopieren. Excel bietet mehrere M\u00f6glichkeiten, Formatierungen schnell zu kopieren\",\"breadcrumb\":{\"@id\":\"https:\/\/exceladvisor.org\/de\/formatierung-kopieren\/#breadcrumb\"},\"inLanguage\":\"de\",\"potentialAction\":[{\"@type\":\"ReadAction\",\"target\":[\"https:\/\/exceladvisor.org\/de\/formatierung-kopieren\/\"]}]},{\"@type\":\"ImageObject\",\"inLanguage\":\"de\",\"@id\":\"https:\/\/exceladvisor.org\/de\/formatierung-kopieren\/#primaryimage\",\"url\":\"https:\/\/exceladvisor.org\/wp-content\/uploads\/2023\/08\/1-copie-mise-en-forme-sous-excel.png\",\"contentUrl\":\"https:\/\/exceladvisor.org\/wp-content\/uploads\/2023\/08\/1-copie-mise-en-forme-sous-excel.png\"},{\"@type\":\"BreadcrumbList\",\"@id\":\"https:\/\/exceladvisor.org\/de\/formatierung-kopieren\/#breadcrumb\",\"itemListElement\":[{\"@type\":\"ListItem\",\"position\":1,\"name\":\"Accueil\",\"item\":\"https:\/\/exceladvisor.org\/de\/\"},{\"@type\":\"ListItem\",\"position\":2,\"name\":\"Wie kopiere ich formatierungen in excel?\"}]},{\"@type\":\"WebSite\",\"@id\":\"https:\/\/exceladvisor.org\/de\/#website\",\"url\":\"https:\/\/exceladvisor.org\/de\/\",\"name\":\"Excel Advisor\",\"description\":\"Ihr Leitfaden zur Datendominanz\",\"publisher\":{\"@id\":\"https:\/\/exceladvisor.org\/de\/#organization\"},\"potentialAction\":[{\"@type\":\"SearchAction\",\"target\":{\"@type\":\"EntryPoint\",\"urlTemplate\":\"https:\/\/exceladvisor.org\/de\/?s={search_term_string}\"},\"query-input\":{\"@type\":\"PropertyValueSpecification\",\"valueRequired\":true,\"valueName\":\"search_term_string\"}}],\"inLanguage\":\"de\"},{\"@type\":\"Organization\",\"@id\":\"https:\/\/exceladvisor.org\/de\/#organization\",\"name\":\"Excel Advisor\",\"url\":\"https:\/\/exceladvisor.org\/de\/\",\"logo\":{\"@type\":\"ImageObject\",\"inLanguage\":\"de\",\"@id\":\"https:\/\/exceladvisor.org\/de\/#\/schema\/logo\/image\/\",\"url\":\"https:\/\/exceladvisor.org\/de\/wp-content\/uploads\/2023\/11\/exceladvisor.org_.png\",\"contentUrl\":\"https:\/\/exceladvisor.org\/de\/wp-content\/uploads\/2023\/11\/exceladvisor.org_.png\",\"width\":105,\"height\":36,\"caption\":\"Excel Advisor\"},\"image\":{\"@id\":\"https:\/\/exceladvisor.org\/de\/#\/schema\/logo\/image\/\"}}]}<\/script>\n<!-- \/ Yoast SEO plugin. -->","yoast_head_json":{"title":"Wie kopiere ich Formatierungen in Excel? (Tutorial 2023)","description":"In diesem Tutorial erfahren Sie, wie Sie Formatierungen in Excel kopieren. Excel bietet mehrere M\u00f6glichkeiten, Formatierungen schnell zu kopieren","robots":{"index":"index","follow":"follow","max-snippet":"max-snippet:-1","max-image-preview":"max-image-preview:large","max-video-preview":"max-video-preview:-1"},"canonical":"https:\/\/exceladvisor.org\/de\/formatierung-kopieren\/","og_locale":"de_DE","og_type":"article","og_title":"Wie kopiere ich Formatierungen in Excel? (Tutorial 2023)","og_description":"In diesem Tutorial erfahren Sie, wie Sie Formatierungen in Excel kopieren. Excel bietet mehrere M\u00f6glichkeiten, Formatierungen schnell zu kopieren","og_url":"https:\/\/exceladvisor.org\/de\/formatierung-kopieren\/","og_site_name":"Excel Advisor","article_modified_time":"2023-12-03T13:03:59+00:00","og_image":[{"url":"https:\/\/exceladvisor.org\/wp-content\/uploads\/2023\/08\/1-copie-mise-en-forme-sous-excel.png","type":"","width":"","height":""}],"twitter_card":"summary_large_image","twitter_misc":{"Gesch\u00e4tzte Lesezeit":"3\u00a0Minuten"},"schema":{"@context":"https:\/\/schema.org","@graph":[{"@type":"WebPage","@id":"https:\/\/exceladvisor.org\/de\/formatierung-kopieren\/","url":"https:\/\/exceladvisor.org\/de\/formatierung-kopieren\/","name":"Wie kopiere ich Formatierungen in Excel? (Tutorial 2023)","isPartOf":{"@id":"https:\/\/exceladvisor.org\/de\/#website"},"primaryImageOfPage":{"@id":"https:\/\/exceladvisor.org\/de\/formatierung-kopieren\/#primaryimage"},"image":{"@id":"https:\/\/exceladvisor.org\/de\/formatierung-kopieren\/#primaryimage"},"thumbnailUrl":"https:\/\/exceladvisor.org\/wp-content\/uploads\/2023\/08\/1-copie-mise-en-forme-sous-excel.png","datePublished":"2023-10-30T06:00:23+00:00","dateModified":"2023-12-03T13:03:59+00:00","description":"In diesem Tutorial erfahren Sie, wie Sie Formatierungen in Excel kopieren. Excel bietet mehrere M\u00f6glichkeiten, Formatierungen schnell zu kopieren","breadcrumb":{"@id":"https:\/\/exceladvisor.org\/de\/formatierung-kopieren\/#breadcrumb"},"inLanguage":"de","potentialAction":[{"@type":"ReadAction","target":["https:\/\/exceladvisor.org\/de\/formatierung-kopieren\/"]}]},{"@type":"ImageObject","inLanguage":"de","@id":"https:\/\/exceladvisor.org\/de\/formatierung-kopieren\/#primaryimage","url":"https:\/\/exceladvisor.org\/wp-content\/uploads\/2023\/08\/1-copie-mise-en-forme-sous-excel.png","contentUrl":"https:\/\/exceladvisor.org\/wp-content\/uploads\/2023\/08\/1-copie-mise-en-forme-sous-excel.png"},{"@type":"BreadcrumbList","@id":"https:\/\/exceladvisor.org\/de\/formatierung-kopieren\/#breadcrumb","itemListElement":[{"@type":"ListItem","position":1,"name":"Accueil","item":"https:\/\/exceladvisor.org\/de\/"},{"@type":"ListItem","position":2,"name":"Wie kopiere ich formatierungen in excel?"}]},{"@type":"WebSite","@id":"https:\/\/exceladvisor.org\/de\/#website","url":"https:\/\/exceladvisor.org\/de\/","name":"Excel Advisor","description":"Ihr Leitfaden zur Datendominanz","publisher":{"@id":"https:\/\/exceladvisor.org\/de\/#organization"},"potentialAction":[{"@type":"SearchAction","target":{"@type":"EntryPoint","urlTemplate":"https:\/\/exceladvisor.org\/de\/?s={search_term_string}"},"query-input":{"@type":"PropertyValueSpecification","valueRequired":true,"valueName":"search_term_string"}}],"inLanguage":"de"},{"@type":"Organization","@id":"https:\/\/exceladvisor.org\/de\/#organization","name":"Excel Advisor","url":"https:\/\/exceladvisor.org\/de\/","logo":{"@type":"ImageObject","inLanguage":"de","@id":"https:\/\/exceladvisor.org\/de\/#\/schema\/logo\/image\/","url":"https:\/\/exceladvisor.org\/de\/wp-content\/uploads\/2023\/11\/exceladvisor.org_.png","contentUrl":"https:\/\/exceladvisor.org\/de\/wp-content\/uploads\/2023\/11\/exceladvisor.org_.png","width":105,"height":36,"caption":"Excel Advisor"},"image":{"@id":"https:\/\/exceladvisor.org\/de\/#\/schema\/logo\/image\/"}}]}},"yoast_meta":{"yoast_wpseo_title":"","yoast_wpseo_metadesc":"","yoast_wpseo_canonical":""},"_links":{"self":[{"href":"https:\/\/exceladvisor.org\/de\/wp-json\/wp\/v2\/pages\/3380","targetHints":{"allow":["GET"]}}],"collection":[{"href":"https:\/\/exceladvisor.org\/de\/wp-json\/wp\/v2\/pages"}],"about":[{"href":"https:\/\/exceladvisor.org\/de\/wp-json\/wp\/v2\/types\/page"}],"author":[{"embeddable":true,"href":"https:\/\/exceladvisor.org\/de\/wp-json\/wp\/v2\/users\/1"}],"replies":[{"embeddable":true,"href":"https:\/\/exceladvisor.org\/de\/wp-json\/wp\/v2\/comments?post=3380"}],"version-history":[{"count":1,"href":"https:\/\/exceladvisor.org\/de\/wp-json\/wp\/v2\/pages\/3380\/revisions"}],"predecessor-version":[{"id":4130,"href":"https:\/\/exceladvisor.org\/de\/wp-json\/wp\/v2\/pages\/3380\/revisions\/4130"}],"wp:attachment":[{"href":"https:\/\/exceladvisor.org\/de\/wp-json\/wp\/v2\/media?parent=3380"}],"curies":[{"name":"wp","href":"https:\/\/api.w.org\/{rel}","templated":true}]}}