{"id":3381,"date":"2023-10-30T01:52:26","date_gmt":"2023-10-30T01:52:26","guid":{"rendered":"https:\/\/exceladvisor.org\/de\/formel-zum-wert\/"},"modified":"2023-12-03T13:03:47","modified_gmt":"2023-12-03T13:03:47","slug":"formel-zum-wert","status":"publish","type":"page","link":"https:\/\/exceladvisor.org\/de\/formel-zum-wert\/","title":{"rendered":"Wie konvertiere ich eine formel in einen wert in excel?"},"content":{"rendered":"<div class=\"excel-vor-dem-inhalt\" id=\"excel-3224100621\"><script type=\"text\/javascript\">\r\n\tatOptions = {\r\n\t\t'key' : 'c1158f160081d6540a8409e6925dab94',\r\n\t\t'format' : 'iframe',\r\n\t\t'height' : 250,\r\n\t\t'width' : 300,\r\n\t\t'params' : {}\r\n\t};\r\n<\/script>\r\n<script type=\"text\/javascript\" src=\"\/\/www.highperformanceformat.com\/c1158f160081d6540a8409e6925dab94\/invoke.js\"><\/script><\/div> <p>Von den ersten Tagen meines Jobs an habe ich eines auf die harte Tour gelernt:<\/p><p> Bevor wir einen Bericht (in Excel) an jemanden senden <span style=\"font-size: 1em;\">, m\u00fcssen wir eine Formel in einen Wert umwandeln. Es bedeutet einfach, eine Formel durch ihren Ergebniswert zu ersetzen.<\/span> Stellen Sie sich das einfach so vor: Wenn Sie jemandem einen Bericht senden, geht es ihm nicht um die Formeln, sondern um die Werte, und es kommt eine Formel zur\u00fcck.<\/p><p> Lassen Sie mich Ihnen einige der interessanten M\u00f6glichkeiten nennen, dies zu tun, aber vorher.<\/p><h2 class=\"wp-block-heading\"> Warum Sie eine Formel in einen Wert umwandeln sollten<\/h2><p> Hier sind einige Gr\u00fcnde, warum Sie eine Formel durch ihren Ergebniswert ersetzen sollten.<\/p><ol><li> Wenn Sie einen Bericht an jemanden senden, dessen Quelldaten nicht bekannt sind, ist es am besten, alle Formeln in statische Werte umzuwandeln.<\/li><li> Einige Funktionen sind fl\u00fcchtig und wenn Sie Ihre Tabelle aktualisieren, wird ihr Wert neu berechnet.<\/li><li> Verhindern Sie, dass der Endbenutzer die Berechnung \u00e4ndert.<\/li><li> Statische Werte k\u00f6nnen leicht bearbeitet werden und jeder kann sie einfach <a href=\"https:\/\/exceladvisor.org\/de\/kopieren-einfugen\/\">kopieren und einf\u00fcgen<\/a> .<\/li><li> Sie m\u00f6chten den Endbenutzer nicht mit komplexen Formeln verwirren.<\/li><li> Oder <a style=\"outline: none;\" href=\"https:\/\/exceladvisor.org\/de\/formel-ausblenden\/\" data-wpel-link=\"internal\">Sie m\u00f6chten die Formeln einfach nicht anzeigen<\/a> .<\/li><\/ol><p class=\"qt-tip\"> <strong>Kurzer Hinweis:<\/strong> Dies ist einer dieser <a style=\"outline: none;\" href=\"https:\/\/exceladvisor.org\/de\/beratung\/\" data-wpil=\"url\">Excel-Tipps<\/a> , die dabei helfen k\u00f6nnen, <a href=\"https:\/\/exceladvisor.org\/de\/hervorragende-fahigkeiten\/\">grundlegende Excel-Kenntnisse<\/a> zu verbessern<\/p><h2 class=\"wp-block-heading\"> 1. F\u00fcgen Sie Werte mit einer einfachen Tastenkombination ein<\/h2><p> Im Hinblick auf Geschwindigkeit und Benutzerfreundlichkeit sind <a href=\"https:\/\/exceladvisor.org\/de\/tastaturkurzel\/\">Tastenkombinationen<\/a> am besten, und um Formeln in Werte umzuwandeln, ist die Verwendung einer Tastenkombination am einfachsten.<\/p><p> Alles was Sie tun m\u00fcssen:<\/p><ul><li> W\u00e4hlen Sie den Zellbereich aus, in dem Sie Formeln haben.<\/li><li> Dr\u00fccken Sie Strg + C, um die Zellen zu kopieren. <\/li><\/ul><div class=\"wp-block-image\"><figure class=\"aligncenter\"><img decoding=\"async\" src=\"https:\/\/exceladvisor.org\/wp-content\/uploads\/2023\/08\/1-copier-des-cellules-pour-convertir-des-formules-en-une-valeur-statique-min-1.png\" sizes=\"\" srcset=\"\" alt=\"1 Zellen kopieren, um Formeln in einen statischen Mindestwert umzuwandeln\"><\/figure><\/div><ul><li> Und dann Alt + ES V. <\/li><\/ul><div class=\"wp-block-image\"><figure class=\"aligncenter\"><img decoding=\"async\" src=\"https:\/\/exceladvisor.org\/wp-content\/uploads\/2023\/08\/2-touche-de-raccourci-pour-convertir-la-formule-en-une-valeur-statique-min-1.png\" sizes=\"\" srcset=\"\" alt=\"2 Tastenkombination zum Konvertieren der Formel in einen statischen Mindestwert\"><\/figure><\/div><p> Mit diesem Hotkey werden alle Formeln durch ihren statischen Ergebniswert ersetzt.<\/p><p class=\"qt-tip\"> <strong>Hinweis:<\/strong> Wenn Sie die Originalformeln <a href=\"https:\/\/exceladvisor.org\/de\/nicht-gespeicherte-dateien-wiederherstellen\/\">nicht verlieren m\u00f6chten<\/a> , m\u00fcssen Sie eine Sicherungsdatei erstellen.<\/p><h2 class=\"wp-block-heading\"> 2. Verwenden von Paste Special zum Konvertieren in Werte<\/h2><p> Wenn Sie keine Tastenkombination verwenden m\u00f6chten, k\u00f6nnen Sie diese einfach mit der Option \u201eSpezial einf\u00fcgen\u201c ersetzen.<\/p><ul><li> W\u00e4hlen Sie zun\u00e4chst Ihren Datumsbereich oder die gesamte Spalte aus.<\/li><li> Und dann klicken Sie mit der rechten Maustaste und kopieren Sie es.<\/li><li> Gehen Sie zur Registerkarte \u201eStartseite\u201c \u279c Zwischenablage \u279c Einf\u00fcgen \u279c Inhalte einf\u00fcgen. <\/li><\/ul><div class=\"wp-block-image\"><figure class=\"aligncenter\"><img decoding=\"async\" src=\"https:\/\/exceladvisor.org\/wp-content\/uploads\/2023\/08\/3-allez-a-longlet-daccueil-pour-utiliser-le-collage-special-pour-convertir-une-formule-en-une-valeur-statique-min-1.png\" sizes=\"\" srcset=\"\" alt=\"3 Gehen Sie zur Registerkarte \u201eStartseite\u201c, um mit \u201eEinf\u00fcgen Spezial\u201c eine Formel in einen statischen Mindestwert umzuwandeln\"><\/figure><\/div><ul><li> Alternativ k\u00f6nnen Sie auch mit der rechten Maustaste klicken und zu \u201eInhalte einf\u00fcgen\u201c -&gt; \u201eWerte\u201c gehen. <\/li><\/ul><div class=\"wp-block-image\"><figure class=\"aligncenter\"><img decoding=\"async\" src=\"https:\/\/exceladvisor.org\/wp-content\/uploads\/2023\/08\/4-clic-droit-pour-utiliser-le-collage-special-pour-convertir-la-formule-en-une-valeur-statique-min-1.png\" sizes=\"\" srcset=\"\" alt=\"4 Klicken Sie mit der rechten Maustaste, um mit \u201eEinf\u00fcgen Spezial\u201c die Formel in einen statischen Mindestwert umzuwandeln\"><\/figure><\/div><p> Diese Methode funktioniert wie die Hotkey-Methode und ersetzt alle Formeln durch ihre statischen Ergebniswerte.<\/p><h2 class=\"wp-block-heading\"> 3. \u00dcber das Kontextmen\u00fc<\/h2><p> Und wenn Sie das spezielle Einf\u00fcgen nicht verwenden m\u00f6chten, k\u00f6nnen Sie f\u00fcr diese Konvertierung die <a href=\"https:\/\/www.myexcelonline.com\/blog\/power-right-click-excel\/\" target=\"_blank\" rel=\"noreferrer noopener nofollow\">Drag-and-Drop-Methode mit der rechten Maustaste<\/a> verwenden. <\/p><div class=\"wp-block-image\"><figure class=\"aligncenter\"><img decoding=\"async\" src=\"https:\/\/exceladvisor.org\/wp-content\/uploads\/2023\/08\/11-convertir-la-formule-en-une-valeur-statique-en-utilisant-la-methode-du-clic-droit-1.gif\" sizes=\"\" srcset=\"\" alt=\"11 Konvertieren Sie die Formel mit der Rechtsklick-Methode in einen statischen Wert\"><\/figure><\/div><ol><li> W\u00e4hlen Sie zun\u00e4chst den Zellbereich aus, in dem Sie Formeln haben.<\/li><li> Klicken Sie nun mit der rechten Maustaste auf den Rand der Auswahl.<\/li><li> Und indem Sie die rechte Maustaste gedr\u00fcckt halten, ziehen Sie den Bereich nach rechts und bringen ihn sofort wieder an die urspr\u00fcngliche Position zur\u00fcck und legen ihn dort ab.<\/li><li> Hier gelangen Sie zum Optionsmen\u00fc.<\/li><li> W\u00e4hlen Sie in diesem Optionsmen\u00fc \u201eNur als Werte hierher kopieren\u201c.<\/li><\/ol><p> Dadurch werden alle Formeln in diesen Zellen sofort in statische Ergebniswerte umgewandelt.<\/p><h2 class=\"wp-block-heading\"> 4. Konvertieren Sie Formeln mit VBA-Code in Werte<\/h2><p> Wenn Sie alle Formeln automatisch in Text- oder Zahlenwerte umwandeln m\u00f6chten, k\u00f6nnen Sie daf\u00fcr VBA verwenden. Hier habe ich einen einfachen VBA-Code erw\u00e4hnt, in dem Sie einfach den Zellbereich ausw\u00e4hlen und dieses Makro ausf\u00fchren.<\/p><pre class=\"wp-block-code\"> <code class=\"language-visual-basic line-numbers\" lang=\"visual-basic\">Sub ConvertToValues() Dim MyRange As Range Dim MyCell As Range Select Case MsgBox(\"You Can't Undo This Action. \" &amp; _ \"Save Workbook First?\", _ vbYesNoCancel, \"Alert\") Case Is = vbYes ThisWorkbook.Save Case Is = vbCancel Exit Sub End Select Set MyRange = Selection For Each MyCell In MyRange If MyCell.HasFormula Then MyCell.Formula = MyCell.Value End If Next MyCell End Sub<\/code><\/pre><p> <strong>Verwandt:<\/strong> <a style=\"outline: none;\" href=\"https:\/\/exceladvisor.org\/de\/vba\/\" data-wpel-link=\"internal\">Excel VBA-Tutorial<\/a><\/p><h2 class=\"wp-block-heading\"> 5. Konvertieren Sie in Werte innerhalb der Formel<\/h2><p> Lasst uns anders denken. Sie haben eine komplexe Formel, die eine Kombination aus zwei oder drei Funktionen ist. Hier haben Sie eine lange Formel, um einen Textwert zu bereinigen und ihn dann in die richtige Gro\u00df-\/Kleinschreibung umzuwandeln. <\/p><div class=\"wp-block-image\"><figure class=\"aligncenter\"><img decoding=\"async\" src=\"https:\/\/exceladvisor.org\/wp-content\/uploads\/2023\/08\/5-modifier-la-formule-pour-convertir-une-formule-en-une-valeur-statique-min-1.png\" sizes=\"\" srcset=\"\" alt=\"5 Bearbeiten Sie die Formel, um eine Formel in einen statischen Mindestwert umzuwandeln\"><\/figure><\/div><p> Wenn Sie nun das Ergebnis zweier Substitutionsfunktionen in statische Textwerte umwandeln m\u00f6chten, gehen Sie wie folgt vor.<\/p><ol><li> <a href=\"https:\/\/exceladvisor.org\/de\/zelle-bearbeiten\/\">Bearbeiten Sie<\/a> die Formel mit F2.<\/li><li> W\u00e4hlen Sie nur den Teil der Formel aus, den Sie in einen statischen Wert umwandeln m\u00fcssen.<\/li><li> Dr\u00fccken Sie F9. <\/li><\/ol><div class=\"wp-block-image\"><figure class=\"aligncenter\"><img decoding=\"async\" src=\"https:\/\/exceladvisor.org\/wp-content\/uploads\/2023\/08\/6-appuyez-sur-f9-pour-convertir-une-formule-en-un-texte-de-valeur-statique-min-1.png\" sizes=\"\" srcset=\"\" alt=\"6 Dr\u00fccken Sie F9, um eine Formel in einen Text mit einem minimalen statischen Wert umzuwandeln\"><\/figure><\/div><p> Sie m\u00fcssen jetzt nur noch einen Textwert in die entsprechende Gro\u00df-\/Kleinschreibung umwandeln.<\/p><h2 class=\"wp-block-heading\"> 6. Erhalten Sie den Formelergebniswert mit Power Query<\/h2><p> Es kann vorkommen, dass Sie den Ergebniswert einer Formel in einer separaten Zelle abrufen m\u00fcssen, anstatt ihn nur umzuwandeln. Und in diesem Fall k\u00f6nnen Sie eine Leistungsabfrage verwenden.<\/p><p> Sie m\u00fcssen es in Werte umwandeln, bevor Sie es an Ihren Kunden senden. Aber die Sache ist, Sie wollen nicht alle Formeln verlieren. Hier sind die einfachen Schritte zum Abrufen von Werten aus Formeln mithilfe der Leistungsabfrage.<\/p><ul><li> W\u00e4hlen Sie die Tabelle aus und navigieren Sie zur Registerkarte \u201eDaten\u201c \u279c Abrufen und Transformieren \u279c Aus Tabelle. <\/li><\/ul><div class=\"wp-block-image\"><figure class=\"aligncenter\"><img decoding=\"async\" src=\"https:\/\/exceladvisor.org\/wp-content\/uploads\/2023\/08\/7-charger-des-donnees-dans-une-requete-de-puissance-pour-convertir-la-formule-en-une-valeur-min-1.png\" sizes=\"\" srcset=\"\" alt=\"7 Laden Sie Daten in eine Leistungsabfrage, um die Formel in einen Mindestwert umzuwandeln\"><\/figure><\/div><ul><li> Dadurch wird Ihre Tabelle im Power Query-Editor ge\u00f6ffnet. <\/li><\/ul><div class=\"wp-block-image\"><figure class=\"aligncenter\"><img decoding=\"async\" src=\"https:\/\/exceladvisor.org\/wp-content\/uploads\/2023\/08\/8-donnees-dans-lediteur-de-requete-de-puissance-pour-convertir-la-formule-en-une-valeur-statique-min-1.png\" sizes=\"\" srcset=\"\" alt=\"8 Daten im Power-Query-Editor, um die Formel in einen statischen Mindestwert umzuwandeln\"><\/figure><\/div><ul><li> Klicken Sie dort einfach auf \u201eSchlie\u00dfen und laden\u201c. <\/li><\/ul><div class=\"wp-block-image\"><figure class=\"aligncenter\"><img decoding=\"async\" src=\"https:\/\/exceladvisor.org\/wp-content\/uploads\/2023\/08\/9-fermez-et-chargez-les-donnees-dans-une-feuille-Excel-pour-convertir-la-formule-en-une-valeur-statique-min-1.png\" sizes=\"\" srcset=\"\" alt=\"9 Schlie\u00dfen Sie und laden Sie die Daten in eine Excel-Tabelle, um die Formel in einen statischen Mindestwert umzuwandeln\"><\/figure><\/div><ul><li> Jetzt f\u00fcgt Power Query eine neue Tabelle in ein neues Blatt ein, in dem Sie Preiswerte anstelle von Formeln haben. <\/li><\/ul><div class=\"wp-block-image\"><figure class=\"aligncenter\"><img decoding=\"async\" src=\"https:\/\/exceladvisor.org\/wp-content\/uploads\/2023\/08\/10-obtenir-des-donnees-dans-une-feuille-separee-apres-avoir-converti-une-formule-en-une-valeur-min-1.png\" sizes=\"\" srcset=\"\" alt=\"10 Erhalten Sie Daten in einem separaten Blatt, nachdem Sie eine Formel in einen Mindestwert konvertiert haben\"><\/figure><\/div><p> Das Beste daran ist, dass Sie bei \u00c4nderungen an Ihrer Formeltabelle einfach die Power-Query-Tabelle aktualisieren. Mit dieser Methode m\u00fcssen Sie die Daten nicht jedes Mal kopieren und einf\u00fcgen.<\/p><h2 class=\"wp-block-heading\"> Fazit<\/h2><p> Manchmal vergr\u00f6\u00dfert die Verwendung komplexer und umfangreicher Formeln die Gr\u00f6\u00dfe Ihrer Arbeitsmappe. Daher ist es besser, sie in absolute Werte umzuwandeln, bevor Sie sie mit anderen teilen.<\/p><p> Und alle oben besprochenen Methoden k\u00f6nnen Ihnen in verschiedenen Situationen helfen. Wenn Sie mich fragen, ist mein Favorit die Tastenkombination, aber manchmal verwende ich auch gerne PowerQuery.<\/p><p> Ich hoffe, Sie fanden diesen Tipp n\u00fctzlich, aber jetzt sagen Sie mir noch etwas.<\/p><p> Was ist Deine liebste? Haben Sie eine andere Methode, mit der Sie Formeln in Werte umwandeln?<\/p><p> Bitte teilen Sie es mir im Kommentarbereich mit. Ich w\u00fcrde mich freuen, von Ihnen zu h\u00f6ren. Vergessen Sie nicht, diesen Tipp auch mit Ihren Freunden zu teilen. Ich bin sicher, sie werden es zu sch\u00e4tzen wissen.<\/p><div class=\"gb-container gb-container-4db6181c gb-container-mt\"> <a class=\"gb-button gb-button-c5897111 gb-button-text gb-button-mt-button\" href=\"https:\/\/exceladvisor.org\/de\/excel-grundlagen\/\">Microsoft Excel-Grundlagen (Komponenten, Teile und Wissenshinweise)<\/a><h2 class=\"gb-headline gb-headline-665e5f6b gb-headline-text gb-headline-mt-heading\"> Verwandte Tutorials <\/h2><div class=\"gb-grid-wrapper gb-grid-wrapper-a20baf7c gb-grid-wrapper-mt-grid\"><div class=\"gb-grid-column gb-grid-column-65ddf67e\"><div class=\"gb-container gb-container-65ddf67e\"><ul><li> <a href=\"https:\/\/exceladvisor.org\/de\/andern-sie-die-negative-zahl-in-eine-positive\/\">Wandeln Sie in Excel eine negative Zahl in eine positive um<\/a><\/li><li> <a href=\"https:\/\/exceladvisor.org\/de\/zeitstempel\/\">F\u00fcgen Sie einen Zeitstempel in Excel ein<\/a><\/li><li> <a href=\"https:\/\/exceladvisor.org\/de\/flohe\/\">F\u00fcgen Sie Aufz\u00e4hlungszeichen in Excel ein<\/a><\/li><li> <a href=\"https:\/\/exceladvisor.org\/de\/fuge-einen-pfeil-ein\/\">F\u00fcgen Sie in Excel einen Pfeil in eine Zelle ein<\/a><\/li><li> Seriennummern automatisch in Excel hinzuf\u00fcgen <\/li><\/ul><\/div><\/div><div class=\"gb-grid-column gb-grid-column-50067b57\"><div class=\"gb-container gb-container-50067b57\"><\/div><\/div><\/div><\/div>","protected":false},"excerpt":{"rendered":"","protected":false},"author":1,"featured_media":0,"parent":0,"menu_order":0,"comment_status":"open","ping_status":"closed","template":"","meta":{"ub_ctt_via":"","footnotes":""},"class_list":["post-3381","page","type-page","status-publish","hentry"],"featured_image_src":null,"yoast_head":"<!-- This site is optimized with the Yoast SEO plugin v25.4 - https:\/\/yoast.com\/wordpress\/plugins\/seo\/ -->\n<title>6 M\u00f6glichkeiten, Formeln in Excel in Werte umzuwandeln (2023)<\/title>\n<meta name=\"description\" content=\"Von den ersten Tagen meiner Arbeit an habe ich etwas Schwieriges gelernt. Die Idee besteht darin, eine Formel einfach durch ihren Wert zu ersetzen\" \/>\n<meta name=\"robots\" content=\"index, follow, max-snippet:-1, max-image-preview:large, max-video-preview:-1\" \/>\n<link rel=\"canonical\" href=\"https:\/\/exceladvisor.org\/de\/formel-zum-wert\/\" \/>\n<meta property=\"og:locale\" content=\"de_DE\" \/>\n<meta property=\"og:type\" content=\"article\" \/>\n<meta property=\"og:title\" content=\"6 M\u00f6glichkeiten, Formeln in Excel in Werte umzuwandeln (2023)\" \/>\n<meta property=\"og:description\" content=\"Von den ersten Tagen meiner Arbeit an habe ich etwas Schwieriges gelernt. Die Idee besteht darin, eine Formel einfach durch ihren Wert zu ersetzen\" \/>\n<meta property=\"og:url\" content=\"https:\/\/exceladvisor.org\/de\/formel-zum-wert\/\" \/>\n<meta property=\"og:site_name\" content=\"Excel Advisor\" \/>\n<meta property=\"article:modified_time\" content=\"2023-12-03T13:03:47+00:00\" \/>\n<meta property=\"og:image\" content=\"https:\/\/exceladvisor.org\/wp-content\/uploads\/2023\/08\/1-copier-des-cellules-pour-convertir-des-formules-en-une-valeur-statique-min-1.png\" \/>\n<meta name=\"twitter:card\" content=\"summary_large_image\" \/>\n<meta name=\"twitter:label1\" content=\"Gesch\u00e4tzte Lesezeit\" \/>\n\t<meta name=\"twitter:data1\" content=\"5\u00a0Minuten\" \/>\n<script type=\"application\/ld+json\" class=\"yoast-schema-graph\">{\"@context\":\"https:\/\/schema.org\",\"@graph\":[{\"@type\":\"WebPage\",\"@id\":\"https:\/\/exceladvisor.org\/de\/formel-zum-wert\/\",\"url\":\"https:\/\/exceladvisor.org\/de\/formel-zum-wert\/\",\"name\":\"6 M\u00f6glichkeiten, Formeln in Excel in Werte umzuwandeln (2023)\",\"isPartOf\":{\"@id\":\"https:\/\/exceladvisor.org\/de\/#website\"},\"primaryImageOfPage\":{\"@id\":\"https:\/\/exceladvisor.org\/de\/formel-zum-wert\/#primaryimage\"},\"image\":{\"@id\":\"https:\/\/exceladvisor.org\/de\/formel-zum-wert\/#primaryimage\"},\"thumbnailUrl\":\"https:\/\/exceladvisor.org\/wp-content\/uploads\/2023\/08\/1-copier-des-cellules-pour-convertir-des-formules-en-une-valeur-statique-min-1.png\",\"datePublished\":\"2023-10-30T01:52:26+00:00\",\"dateModified\":\"2023-12-03T13:03:47+00:00\",\"description\":\"Von den ersten Tagen meiner Arbeit an habe ich etwas Schwieriges gelernt. Die Idee besteht darin, eine Formel einfach durch ihren Wert zu ersetzen\",\"breadcrumb\":{\"@id\":\"https:\/\/exceladvisor.org\/de\/formel-zum-wert\/#breadcrumb\"},\"inLanguage\":\"de\",\"potentialAction\":[{\"@type\":\"ReadAction\",\"target\":[\"https:\/\/exceladvisor.org\/de\/formel-zum-wert\/\"]}]},{\"@type\":\"ImageObject\",\"inLanguage\":\"de\",\"@id\":\"https:\/\/exceladvisor.org\/de\/formel-zum-wert\/#primaryimage\",\"url\":\"https:\/\/exceladvisor.org\/wp-content\/uploads\/2023\/08\/1-copier-des-cellules-pour-convertir-des-formules-en-une-valeur-statique-min-1.png\",\"contentUrl\":\"https:\/\/exceladvisor.org\/wp-content\/uploads\/2023\/08\/1-copier-des-cellules-pour-convertir-des-formules-en-une-valeur-statique-min-1.png\"},{\"@type\":\"BreadcrumbList\",\"@id\":\"https:\/\/exceladvisor.org\/de\/formel-zum-wert\/#breadcrumb\",\"itemListElement\":[{\"@type\":\"ListItem\",\"position\":1,\"name\":\"Accueil\",\"item\":\"https:\/\/exceladvisor.org\/de\/\"},{\"@type\":\"ListItem\",\"position\":2,\"name\":\"Wie konvertiere ich eine formel in einen wert in excel?\"}]},{\"@type\":\"WebSite\",\"@id\":\"https:\/\/exceladvisor.org\/de\/#website\",\"url\":\"https:\/\/exceladvisor.org\/de\/\",\"name\":\"Excel Advisor\",\"description\":\"Ihr Leitfaden zur Datendominanz\",\"publisher\":{\"@id\":\"https:\/\/exceladvisor.org\/de\/#organization\"},\"potentialAction\":[{\"@type\":\"SearchAction\",\"target\":{\"@type\":\"EntryPoint\",\"urlTemplate\":\"https:\/\/exceladvisor.org\/de\/?s={search_term_string}\"},\"query-input\":{\"@type\":\"PropertyValueSpecification\",\"valueRequired\":true,\"valueName\":\"search_term_string\"}}],\"inLanguage\":\"de\"},{\"@type\":\"Organization\",\"@id\":\"https:\/\/exceladvisor.org\/de\/#organization\",\"name\":\"Excel Advisor\",\"url\":\"https:\/\/exceladvisor.org\/de\/\",\"logo\":{\"@type\":\"ImageObject\",\"inLanguage\":\"de\",\"@id\":\"https:\/\/exceladvisor.org\/de\/#\/schema\/logo\/image\/\",\"url\":\"https:\/\/exceladvisor.org\/de\/wp-content\/uploads\/2023\/11\/exceladvisor.org_.png\",\"contentUrl\":\"https:\/\/exceladvisor.org\/de\/wp-content\/uploads\/2023\/11\/exceladvisor.org_.png\",\"width\":105,\"height\":36,\"caption\":\"Excel Advisor\"},\"image\":{\"@id\":\"https:\/\/exceladvisor.org\/de\/#\/schema\/logo\/image\/\"}}]}<\/script>\n<!-- \/ Yoast SEO plugin. -->","yoast_head_json":{"title":"6 M\u00f6glichkeiten, Formeln in Excel in Werte umzuwandeln (2023)","description":"Von den ersten Tagen meiner Arbeit an habe ich etwas Schwieriges gelernt. Die Idee besteht darin, eine Formel einfach durch ihren Wert zu ersetzen","robots":{"index":"index","follow":"follow","max-snippet":"max-snippet:-1","max-image-preview":"max-image-preview:large","max-video-preview":"max-video-preview:-1"},"canonical":"https:\/\/exceladvisor.org\/de\/formel-zum-wert\/","og_locale":"de_DE","og_type":"article","og_title":"6 M\u00f6glichkeiten, Formeln in Excel in Werte umzuwandeln (2023)","og_description":"Von den ersten Tagen meiner Arbeit an habe ich etwas Schwieriges gelernt. Die Idee besteht darin, eine Formel einfach durch ihren Wert zu ersetzen","og_url":"https:\/\/exceladvisor.org\/de\/formel-zum-wert\/","og_site_name":"Excel Advisor","article_modified_time":"2023-12-03T13:03:47+00:00","og_image":[{"url":"https:\/\/exceladvisor.org\/wp-content\/uploads\/2023\/08\/1-copier-des-cellules-pour-convertir-des-formules-en-une-valeur-statique-min-1.png","type":"","width":"","height":""}],"twitter_card":"summary_large_image","twitter_misc":{"Gesch\u00e4tzte Lesezeit":"5\u00a0Minuten"},"schema":{"@context":"https:\/\/schema.org","@graph":[{"@type":"WebPage","@id":"https:\/\/exceladvisor.org\/de\/formel-zum-wert\/","url":"https:\/\/exceladvisor.org\/de\/formel-zum-wert\/","name":"6 M\u00f6glichkeiten, Formeln in Excel in Werte umzuwandeln (2023)","isPartOf":{"@id":"https:\/\/exceladvisor.org\/de\/#website"},"primaryImageOfPage":{"@id":"https:\/\/exceladvisor.org\/de\/formel-zum-wert\/#primaryimage"},"image":{"@id":"https:\/\/exceladvisor.org\/de\/formel-zum-wert\/#primaryimage"},"thumbnailUrl":"https:\/\/exceladvisor.org\/wp-content\/uploads\/2023\/08\/1-copier-des-cellules-pour-convertir-des-formules-en-une-valeur-statique-min-1.png","datePublished":"2023-10-30T01:52:26+00:00","dateModified":"2023-12-03T13:03:47+00:00","description":"Von den ersten Tagen meiner Arbeit an habe ich etwas Schwieriges gelernt. Die Idee besteht darin, eine Formel einfach durch ihren Wert zu ersetzen","breadcrumb":{"@id":"https:\/\/exceladvisor.org\/de\/formel-zum-wert\/#breadcrumb"},"inLanguage":"de","potentialAction":[{"@type":"ReadAction","target":["https:\/\/exceladvisor.org\/de\/formel-zum-wert\/"]}]},{"@type":"ImageObject","inLanguage":"de","@id":"https:\/\/exceladvisor.org\/de\/formel-zum-wert\/#primaryimage","url":"https:\/\/exceladvisor.org\/wp-content\/uploads\/2023\/08\/1-copier-des-cellules-pour-convertir-des-formules-en-une-valeur-statique-min-1.png","contentUrl":"https:\/\/exceladvisor.org\/wp-content\/uploads\/2023\/08\/1-copier-des-cellules-pour-convertir-des-formules-en-une-valeur-statique-min-1.png"},{"@type":"BreadcrumbList","@id":"https:\/\/exceladvisor.org\/de\/formel-zum-wert\/#breadcrumb","itemListElement":[{"@type":"ListItem","position":1,"name":"Accueil","item":"https:\/\/exceladvisor.org\/de\/"},{"@type":"ListItem","position":2,"name":"Wie konvertiere ich eine formel in einen wert in excel?"}]},{"@type":"WebSite","@id":"https:\/\/exceladvisor.org\/de\/#website","url":"https:\/\/exceladvisor.org\/de\/","name":"Excel Advisor","description":"Ihr Leitfaden zur Datendominanz","publisher":{"@id":"https:\/\/exceladvisor.org\/de\/#organization"},"potentialAction":[{"@type":"SearchAction","target":{"@type":"EntryPoint","urlTemplate":"https:\/\/exceladvisor.org\/de\/?s={search_term_string}"},"query-input":{"@type":"PropertyValueSpecification","valueRequired":true,"valueName":"search_term_string"}}],"inLanguage":"de"},{"@type":"Organization","@id":"https:\/\/exceladvisor.org\/de\/#organization","name":"Excel Advisor","url":"https:\/\/exceladvisor.org\/de\/","logo":{"@type":"ImageObject","inLanguage":"de","@id":"https:\/\/exceladvisor.org\/de\/#\/schema\/logo\/image\/","url":"https:\/\/exceladvisor.org\/de\/wp-content\/uploads\/2023\/11\/exceladvisor.org_.png","contentUrl":"https:\/\/exceladvisor.org\/de\/wp-content\/uploads\/2023\/11\/exceladvisor.org_.png","width":105,"height":36,"caption":"Excel Advisor"},"image":{"@id":"https:\/\/exceladvisor.org\/de\/#\/schema\/logo\/image\/"}}]}},"yoast_meta":{"yoast_wpseo_title":"","yoast_wpseo_metadesc":"","yoast_wpseo_canonical":""},"_links":{"self":[{"href":"https:\/\/exceladvisor.org\/de\/wp-json\/wp\/v2\/pages\/3381","targetHints":{"allow":["GET"]}}],"collection":[{"href":"https:\/\/exceladvisor.org\/de\/wp-json\/wp\/v2\/pages"}],"about":[{"href":"https:\/\/exceladvisor.org\/de\/wp-json\/wp\/v2\/types\/page"}],"author":[{"embeddable":true,"href":"https:\/\/exceladvisor.org\/de\/wp-json\/wp\/v2\/users\/1"}],"replies":[{"embeddable":true,"href":"https:\/\/exceladvisor.org\/de\/wp-json\/wp\/v2\/comments?post=3381"}],"version-history":[{"count":1,"href":"https:\/\/exceladvisor.org\/de\/wp-json\/wp\/v2\/pages\/3381\/revisions"}],"predecessor-version":[{"id":4120,"href":"https:\/\/exceladvisor.org\/de\/wp-json\/wp\/v2\/pages\/3381\/revisions\/4120"}],"wp:attachment":[{"href":"https:\/\/exceladvisor.org\/de\/wp-json\/wp\/v2\/media?parent=3381"}],"curies":[{"name":"wp","href":"https:\/\/api.w.org\/{rel}","templated":true}]}}