{"id":3382,"date":"2023-10-29T23:32:03","date_gmt":"2023-10-29T23:32:03","guid":{"rendered":"https:\/\/exceladvisor.org\/de\/datei-speichern\/"},"modified":"2023-12-03T13:05:02","modified_gmt":"2023-12-03T13:05:02","slug":"datei-speichern","status":"publish","type":"page","link":"https:\/\/exceladvisor.org\/de\/datei-speichern\/","title":{"rendered":"Wie speichere ich eine datei in excel?"},"content":{"rendered":"<div class=\"excel-vor-dem-inhalt\" id=\"excel-1093020367\"><script type=\"text\/javascript\">\r\n\tatOptions = {\r\n\t\t'key' : 'c1158f160081d6540a8409e6925dab94',\r\n\t\t'format' : 'iframe',\r\n\t\t'height' : 250,\r\n\t\t'width' : 300,\r\n\t\t'params' : {}\r\n\t};\r\n<\/script>\r\n<script type=\"text\/javascript\" src=\"\/\/www.highperformanceformat.com\/c1158f160081d6540a8409e6925dab94\/invoke.js\"><\/script><\/div> <p>Wenn Sie ein Excel-Benutzer sind, ist es wichtig zu wissen, wie man eine Datei dort speichert. In Excel m\u00fcssen Sie m\u00f6glicherweise eine Datei speichern, um Datens\u00e4tze zu erstellen. Und das Standarddateiformat in Excel ist XLSX. Sie k\u00f6nnen Ihre Daten auf jedem lokalen Laufwerk, Ordner (z. B. Desktop, \u201eMein Dokument\u201c), Festplatte oder USB-Laufwerk sichern.<\/p><p> In diesem Tutorial lernen wir die verschiedenen Methoden zum Speichern von Excel-Dokumenten kennen.<\/p><h2 id=\"h-save-a-file-using-the-file-tab-on-the-ribbon\" class=\"wp-block-heading\"> Speichern Sie eine Datei \u00fcber die Registerkarte \u201eDatei\u201c der Multifunktionsleiste<\/h2><p> Dies ist eine der einfachsten und einfachsten M\u00f6glichkeiten, eine Excel-Datei auf Ihrem Laufwerk oder einem beliebigen Ordner zu speichern. Hier sind die Schritte dazu:<\/p><ul><li> \u00d6ffnen Sie zun\u00e4chst die Excel-Tabelle und Sie k\u00f6nnen sehen, dass der Standardname \u201eBook1\u201c lautet. Geben Sie nun die Daten ein, die Sie speichern m\u00f6chten. <\/li><\/ul><div class=\"wp-block-image\"><figure class=\"aligncenter size-full is-resized\"><img loading=\"lazy\" decoding=\"async\" class=\"wp-image-80044\" src=\"https:\/\/exceladvisor.org\/wp-content\/uploads\/2023\/08\/1-nouveau-classeur-excel.png\" sizes=\"auto, \" srcset=\"\" alt=\"Neue-Arbeitsmappe-Excel\" width=\"412\" height=\"414\"><\/figure><\/div><ul><li> Klicken Sie auf die Registerkarte \u201eDatei\u201c und Sie erhalten einen Blick hinter die Kulissen der Liste der Optionen. <\/li><\/ul><div class=\"wp-block-image\"><figure class=\"aligncenter size-full is-resized\"><img loading=\"lazy\" decoding=\"async\" class=\"wp-image-80046\" src=\"https:\/\/exceladvisor.org\/wp-content\/uploads\/2023\/08\/2-cliquez-sur-longlet-fichier-1.png\" sizes=\"auto, \" srcset=\"\" alt=\"Klicken Sie auf die Registerkarte \u201eDatei\u201c.\" width=\"411\" height=\"440\"><\/figure><\/div><ul><li> Klicken Sie nun auf die Option \u201eSpeichern unter\u201c und das Dialogfeld \u201eSpeichern unter\u201c wird ge\u00f6ffnet. <\/li><\/ul><div class=\"wp-block-image\"><figure class=\"aligncenter size-full is-resized\"><img loading=\"lazy\" decoding=\"async\" class=\"wp-image-80047\" src=\"https:\/\/exceladvisor.org\/wp-content\/uploads\/2023\/08\/3-selectionnez-loption-Enregistrer-sous.png\" sizes=\"auto, \" srcset=\"\" alt=\"W\u00e4hlen Sie die Option Speichern unter\" width=\"422\" height=\"190\"><\/figure><\/div><ul><li> Als N\u00e4chstes m\u00fcssen Sie zu dem Speicherort navigieren, an dem Sie Ihre Tabelle speichern m\u00f6chten.<\/li><\/ul><p> Angenommen, Sie m\u00f6chten Ihre Datei im Excel-Dateien-Ordner speichern, der sich auf dem Desktop befindet.<\/p><ul><li> Nachdem Sie den Speicherort ausgew\u00e4hlt haben, geben Sie den Dateinamen in das Feld ein und klicken Sie unten auf die Schaltfl\u00e4che \u201eSpeichern\u201c. <\/li><\/ul><div class=\"wp-block-image\"><figure class=\"aligncenter size-full is-resized\"><img loading=\"lazy\" decoding=\"async\" class=\"wp-image-80048\" src=\"https:\/\/exceladvisor.org\/wp-content\/uploads\/2023\/08\/4-entrez-lemplacement-du-nom-de-fichier-et-cliquez-sur-enregistrer.png\" sizes=\"auto, \" srcset=\"\" alt=\"Geben Sie den Dateinamen und den Speicherort ein und klicken Sie auf \u201eSpeichern\u201c.\" width=\"601\" height=\"476\"><\/figure><\/div><ul><li> Schlie\u00dflich k\u00f6nnen Sie auch sehen, dass sich der Dateiname auf dem Blatt ge\u00e4ndert hat. <\/li><\/ul><div class=\"wp-block-image\"><figure class=\"aligncenter size-full is-resized\"><img loading=\"lazy\" decoding=\"async\" class=\"wp-image-80049\" src=\"https:\/\/exceladvisor.org\/wp-content\/uploads\/2023\/08\/5-nom-de-feuille-mis-a-jour.png\" sizes=\"auto, \" srcset=\"\" alt=\"Blattname-aktualisiert\" width=\"564\" height=\"223\"><\/figure><\/div><h2 id=\"h-keyboard-shortcut-to-save-excel-file\" class=\"wp-block-heading\"> Tastenkombination zum Speichern einer Excel-Datei<\/h2><p> Sie k\u00f6nnen die Datei auch \u00fcber die Tastenkombination im XLSX-Format speichern.<\/p><ul><li> Auch hier m\u00fcssen Sie das Blatt vorbereiten, das Sie f\u00fcr die Zukunft aufbewahren m\u00f6chten. <\/li><\/ul><div class=\"wp-block-image\"><figure class=\"aligncenter size-full is-resized\"><img loading=\"lazy\" decoding=\"async\" class=\"wp-image-80050\" src=\"https:\/\/exceladvisor.org\/wp-content\/uploads\/2023\/08\/6-cliquez-sur-le-bouton-enregistrer-sous.png\" sizes=\"auto, \" srcset=\"\" alt=\"Klicken Sie auf die Schaltfl\u00e4che Speichern unter\" width=\"375\" height=\"359\"><\/figure><\/div><ul><li> Dr\u00fccken Sie die Tasten Strg + S oder klicken Sie auf das Speichersymbol oben. Daraufhin wird das unten abgebildete Dialogfeld \u201eDatei speichern\u201c angezeigt.<\/li><li> Geben Sie nun der Arbeitsmappe einen Namen und w\u00e4hlen Sie im Feld \u201eSicherungstyp\u201c die Option \u201eExcel-Arbeitsmappe\u201c aus. <\/li><\/ul><div class=\"wp-block-image\"><figure class=\"aligncenter size-full is-resized\"><img loading=\"lazy\" decoding=\"async\" class=\"wp-image-80051\" src=\"https:\/\/exceladvisor.org\/wp-content\/uploads\/2023\/08\/7-entrez-le-nom-du-fichier-et-choisissez-le-format.png\" sizes=\"auto, \" srcset=\"\" alt=\"Geben Sie den Dateinamen ein und w\u00e4hlen Sie das Format aus\" width=\"620\" height=\"483\"><\/figure><\/div><ul><li> W\u00e4hlen Sie den Speicherort aus, an dem Sie Ihre Datei speichern m\u00f6chten, und klicken Sie auf die Schaltfl\u00e4che \u201eSpeichern\u201c. <\/li><\/ul><div class=\"wp-block-image\"><figure class=\"aligncenter size-full is-resized\"><img loading=\"lazy\" decoding=\"async\" class=\"wp-image-80052\" src=\"https:\/\/exceladvisor.org\/wp-content\/uploads\/2023\/08\/8-finaliser-lemplacement-et-enregistrer-le-fichier.png\" sizes=\"auto, \" srcset=\"\" alt=\"Ort-und-Speichern-Datei finalisieren\" width=\"444\" height=\"369\"><\/figure><\/div><h2 id=\"h-save-excel-file-in-other-formats\" class=\"wp-block-heading\"> Speichern Sie Excel-Dateien in anderen Formaten<\/h2><p> Im Allgemeinen speichert Excel seine Dateien in Excel-Arbeitsmappen, Sie k\u00f6nnen die Dateien jedoch auch in anderen Formaten speichern. Beispielsweise k\u00f6nnen Sie Ihre bestehende Datei im PDF-Format speichern. Hier sind die Schritte, die Sie befolgen m\u00fcssen:<\/p><p class=\"qt-tip\"> Hinweis: Sie k\u00f6nnen die neue Excel-Datei sowie alle vorhandenen Excel-Dateien in anderen Formaten speichern.<\/p><ul><li> Sie m\u00fcssen eine vorhandene Datei \u00f6ffnen, die Sie als PDF speichern m\u00f6chten. <\/li><\/ul><div class=\"wp-block-image\"><figure class=\"aligncenter size-full is-resized\"><img loading=\"lazy\" decoding=\"async\" class=\"wp-image-80053\" src=\"https:\/\/exceladvisor.org\/wp-content\/uploads\/2023\/08\/9-fichier-existant-enregistrer-au-format-pdf.png\" sizes=\"auto, \" srcset=\"\" alt=\"Vorhandene Datei als PDF speichern\" width=\"435\" height=\"457\"><\/figure><\/div><ul><li> Klicken Sie nun auf die Registerkarte \u201eDatei\u201c und w\u00e4hlen Sie die Option \u201eSpeichern unter\u201c.<\/li><li> Klicken Sie auf \u201eDurchsuchen\u201c und es \u00f6ffnet sich das gleiche Dialogfeld \u201eSpeichern unter\u201c. <\/li><\/ul><div class=\"wp-block-image\"><figure class=\"aligncenter size-full is-resized\"><img loading=\"lazy\" decoding=\"async\" class=\"wp-image-80054\" src=\"https:\/\/exceladvisor.org\/wp-content\/uploads\/2023\/08\/10-cliquez-sur-enregistrer-sous-parcourir-lemplacement.png\" sizes=\"auto, \" srcset=\"\" alt=\"click-save-sub-browse-location\" width=\"501\" height=\"389\"><\/figure><\/div><ul><li> W\u00e4hlen Sie nun den Speicherort aus, an dem Sie Ihre Excel-Datei speichern m\u00f6chten.<\/li><li> Anschlie\u00dfend k\u00f6nnen Sie bei Bedarf den Dateinamen \u00e4ndern und aus der Dropdown-Liste \u201eDateityp\u201c die Option \u201ePDF\u201c ausw\u00e4hlen und dann speichern. <\/li><\/ul><div class=\"wp-block-image\"><figure class=\"aligncenter size-full is-resized\"><img loading=\"lazy\" decoding=\"async\" class=\"wp-image-80055\" src=\"https:\/\/exceladvisor.org\/wp-content\/uploads\/2023\/08\/11-selectionnez-le-type-de-fichier-et-enregistrez-avec-le-meme-nom.png\" sizes=\"auto, \" srcset=\"\" alt=\"Dateityp ausw\u00e4hlen und mit demselben Namen speichern\" width=\"618\" height=\"579\"><\/figure><\/div><div class=\"gb-container gb-container-4db6181c gb-container-mt\"> <a class=\"gb-button gb-button-c5897111 gb-button-text gb-button-mt-button\" href=\"https:\/\/exceladvisor.org\/de\/excel-grundlagen\/\">Microsoft Excel-Grundlagen (Komponenten, Teile und Wissenshinweise)<\/a><h2 class=\"gb-headline gb-headline-665e5f6b gb-headline-text gb-headline-mt-heading\"> Verwandte Tutorials <\/h2><div class=\"gb-grid-wrapper gb-grid-wrapper-a20baf7c gb-grid-wrapper-mt-grid\"><div class=\"gb-grid-column gb-grid-column-65ddf67e\"><div class=\"gb-container gb-container-65ddf67e\"><ul><li> <a href=\"https:\/\/exceladvisor.org\/de\/vollig-rechtfertigen\/\">F\u00fcllen Sie \u201eAusrichten\u201c in Excel aus<\/a><\/li><li> <a href=\"https:\/\/exceladvisor.org\/de\/excel-formelleiste\/\">Formelleiste in Excel<\/a><\/li><li> <a href=\"https:\/\/exceladvisor.org\/de\/fugen-sie-eine-fusszeile-hinzu\/\">F\u00fcgen Sie in Excel eine Kopf- und Fu\u00dfzeile hinzu<\/a><\/li><li> <a href=\"https:\/\/exceladvisor.org\/de\/herrscher\/\">Lineal in Excel anzeigen<\/a><\/li><li> <a href=\"https:\/\/exceladvisor.org\/de\/fullgriff\/\">Handle in Excel ausf\u00fcllen<\/a> <\/li><\/ul><\/div><\/div><div class=\"gb-grid-column gb-grid-column-50067b57\"><div class=\"gb-container gb-container-50067b57\"><\/div><\/div><\/div><\/div>","protected":false},"excerpt":{"rendered":"","protected":false},"author":1,"featured_media":0,"parent":0,"menu_order":0,"comment_status":"open","ping_status":"closed","template":"","meta":{"ub_ctt_via":"","footnotes":""},"class_list":["post-3382","page","type-page","status-publish","hentry"],"featured_image_src":null,"yoast_head":"<!-- This site is optimized with the Yoast SEO plugin v25.4 - https:\/\/yoast.com\/wordpress\/plugins\/seo\/ -->\n<title>\u25b7Wie speichere ich eine Datei in Excel? (Tutorial 2023)<\/title>\n<meta name=\"description\" content=\"Dies ist ein grundlegendes Microsoft Excel-Tutorial zum Speichern einer Excel-Datei (Arbeitsmappe). In diesem Tutorial erfahren Sie, wie das geht\" \/>\n<meta name=\"robots\" content=\"index, follow, max-snippet:-1, max-image-preview:large, max-video-preview:-1\" \/>\n<link rel=\"canonical\" href=\"https:\/\/exceladvisor.org\/de\/datei-speichern\/\" \/>\n<meta property=\"og:locale\" content=\"de_DE\" \/>\n<meta property=\"og:type\" content=\"article\" \/>\n<meta property=\"og:title\" content=\"\u25b7Wie speichere ich eine Datei in Excel? (Tutorial 2023)\" \/>\n<meta property=\"og:description\" content=\"Dies ist ein grundlegendes Microsoft Excel-Tutorial zum Speichern einer Excel-Datei (Arbeitsmappe). In diesem Tutorial erfahren Sie, wie das geht\" \/>\n<meta property=\"og:url\" content=\"https:\/\/exceladvisor.org\/de\/datei-speichern\/\" \/>\n<meta property=\"og:site_name\" content=\"Excel Advisor\" \/>\n<meta property=\"article:modified_time\" content=\"2023-12-03T13:05:02+00:00\" \/>\n<meta property=\"og:image\" content=\"https:\/\/exceladvisor.org\/wp-content\/uploads\/2023\/08\/1-nouveau-classeur-excel.png\" \/>\n<meta name=\"twitter:card\" content=\"summary_large_image\" \/>\n<meta name=\"twitter:label1\" content=\"Gesch\u00e4tzte Lesezeit\" \/>\n\t<meta name=\"twitter:data1\" content=\"3\u00a0Minuten\" \/>\n<script type=\"application\/ld+json\" class=\"yoast-schema-graph\">{\"@context\":\"https:\/\/schema.org\",\"@graph\":[{\"@type\":\"WebPage\",\"@id\":\"https:\/\/exceladvisor.org\/de\/datei-speichern\/\",\"url\":\"https:\/\/exceladvisor.org\/de\/datei-speichern\/\",\"name\":\"\u25b7Wie speichere ich eine Datei in Excel? (Tutorial 2023)\",\"isPartOf\":{\"@id\":\"https:\/\/exceladvisor.org\/de\/#website\"},\"primaryImageOfPage\":{\"@id\":\"https:\/\/exceladvisor.org\/de\/datei-speichern\/#primaryimage\"},\"image\":{\"@id\":\"https:\/\/exceladvisor.org\/de\/datei-speichern\/#primaryimage\"},\"thumbnailUrl\":\"https:\/\/exceladvisor.org\/wp-content\/uploads\/2023\/08\/1-nouveau-classeur-excel.png\",\"datePublished\":\"2023-10-29T23:32:03+00:00\",\"dateModified\":\"2023-12-03T13:05:02+00:00\",\"description\":\"Dies ist ein grundlegendes Microsoft Excel-Tutorial zum Speichern einer Excel-Datei (Arbeitsmappe). In diesem Tutorial erfahren Sie, wie das geht\",\"breadcrumb\":{\"@id\":\"https:\/\/exceladvisor.org\/de\/datei-speichern\/#breadcrumb\"},\"inLanguage\":\"de\",\"potentialAction\":[{\"@type\":\"ReadAction\",\"target\":[\"https:\/\/exceladvisor.org\/de\/datei-speichern\/\"]}]},{\"@type\":\"ImageObject\",\"inLanguage\":\"de\",\"@id\":\"https:\/\/exceladvisor.org\/de\/datei-speichern\/#primaryimage\",\"url\":\"https:\/\/exceladvisor.org\/wp-content\/uploads\/2023\/08\/1-nouveau-classeur-excel.png\",\"contentUrl\":\"https:\/\/exceladvisor.org\/wp-content\/uploads\/2023\/08\/1-nouveau-classeur-excel.png\"},{\"@type\":\"BreadcrumbList\",\"@id\":\"https:\/\/exceladvisor.org\/de\/datei-speichern\/#breadcrumb\",\"itemListElement\":[{\"@type\":\"ListItem\",\"position\":1,\"name\":\"Accueil\",\"item\":\"https:\/\/exceladvisor.org\/de\/\"},{\"@type\":\"ListItem\",\"position\":2,\"name\":\"Wie speichere ich eine datei in excel?\"}]},{\"@type\":\"WebSite\",\"@id\":\"https:\/\/exceladvisor.org\/de\/#website\",\"url\":\"https:\/\/exceladvisor.org\/de\/\",\"name\":\"Excel Advisor\",\"description\":\"Ihr Leitfaden zur Datendominanz\",\"publisher\":{\"@id\":\"https:\/\/exceladvisor.org\/de\/#organization\"},\"potentialAction\":[{\"@type\":\"SearchAction\",\"target\":{\"@type\":\"EntryPoint\",\"urlTemplate\":\"https:\/\/exceladvisor.org\/de\/?s={search_term_string}\"},\"query-input\":{\"@type\":\"PropertyValueSpecification\",\"valueRequired\":true,\"valueName\":\"search_term_string\"}}],\"inLanguage\":\"de\"},{\"@type\":\"Organization\",\"@id\":\"https:\/\/exceladvisor.org\/de\/#organization\",\"name\":\"Excel Advisor\",\"url\":\"https:\/\/exceladvisor.org\/de\/\",\"logo\":{\"@type\":\"ImageObject\",\"inLanguage\":\"de\",\"@id\":\"https:\/\/exceladvisor.org\/de\/#\/schema\/logo\/image\/\",\"url\":\"https:\/\/exceladvisor.org\/de\/wp-content\/uploads\/2023\/11\/exceladvisor.org_.png\",\"contentUrl\":\"https:\/\/exceladvisor.org\/de\/wp-content\/uploads\/2023\/11\/exceladvisor.org_.png\",\"width\":105,\"height\":36,\"caption\":\"Excel Advisor\"},\"image\":{\"@id\":\"https:\/\/exceladvisor.org\/de\/#\/schema\/logo\/image\/\"}}]}<\/script>\n<!-- \/ Yoast SEO plugin. -->","yoast_head_json":{"title":"\u25b7Wie speichere ich eine Datei in Excel? (Tutorial 2023)","description":"Dies ist ein grundlegendes Microsoft Excel-Tutorial zum Speichern einer Excel-Datei (Arbeitsmappe). In diesem Tutorial erfahren Sie, wie das geht","robots":{"index":"index","follow":"follow","max-snippet":"max-snippet:-1","max-image-preview":"max-image-preview:large","max-video-preview":"max-video-preview:-1"},"canonical":"https:\/\/exceladvisor.org\/de\/datei-speichern\/","og_locale":"de_DE","og_type":"article","og_title":"\u25b7Wie speichere ich eine Datei in Excel? (Tutorial 2023)","og_description":"Dies ist ein grundlegendes Microsoft Excel-Tutorial zum Speichern einer Excel-Datei (Arbeitsmappe). In diesem Tutorial erfahren Sie, wie das geht","og_url":"https:\/\/exceladvisor.org\/de\/datei-speichern\/","og_site_name":"Excel Advisor","article_modified_time":"2023-12-03T13:05:02+00:00","og_image":[{"url":"https:\/\/exceladvisor.org\/wp-content\/uploads\/2023\/08\/1-nouveau-classeur-excel.png","type":"","width":"","height":""}],"twitter_card":"summary_large_image","twitter_misc":{"Gesch\u00e4tzte Lesezeit":"3\u00a0Minuten"},"schema":{"@context":"https:\/\/schema.org","@graph":[{"@type":"WebPage","@id":"https:\/\/exceladvisor.org\/de\/datei-speichern\/","url":"https:\/\/exceladvisor.org\/de\/datei-speichern\/","name":"\u25b7Wie speichere ich eine Datei in Excel? (Tutorial 2023)","isPartOf":{"@id":"https:\/\/exceladvisor.org\/de\/#website"},"primaryImageOfPage":{"@id":"https:\/\/exceladvisor.org\/de\/datei-speichern\/#primaryimage"},"image":{"@id":"https:\/\/exceladvisor.org\/de\/datei-speichern\/#primaryimage"},"thumbnailUrl":"https:\/\/exceladvisor.org\/wp-content\/uploads\/2023\/08\/1-nouveau-classeur-excel.png","datePublished":"2023-10-29T23:32:03+00:00","dateModified":"2023-12-03T13:05:02+00:00","description":"Dies ist ein grundlegendes Microsoft Excel-Tutorial zum Speichern einer Excel-Datei (Arbeitsmappe). In diesem Tutorial erfahren Sie, wie das geht","breadcrumb":{"@id":"https:\/\/exceladvisor.org\/de\/datei-speichern\/#breadcrumb"},"inLanguage":"de","potentialAction":[{"@type":"ReadAction","target":["https:\/\/exceladvisor.org\/de\/datei-speichern\/"]}]},{"@type":"ImageObject","inLanguage":"de","@id":"https:\/\/exceladvisor.org\/de\/datei-speichern\/#primaryimage","url":"https:\/\/exceladvisor.org\/wp-content\/uploads\/2023\/08\/1-nouveau-classeur-excel.png","contentUrl":"https:\/\/exceladvisor.org\/wp-content\/uploads\/2023\/08\/1-nouveau-classeur-excel.png"},{"@type":"BreadcrumbList","@id":"https:\/\/exceladvisor.org\/de\/datei-speichern\/#breadcrumb","itemListElement":[{"@type":"ListItem","position":1,"name":"Accueil","item":"https:\/\/exceladvisor.org\/de\/"},{"@type":"ListItem","position":2,"name":"Wie speichere ich eine datei in excel?"}]},{"@type":"WebSite","@id":"https:\/\/exceladvisor.org\/de\/#website","url":"https:\/\/exceladvisor.org\/de\/","name":"Excel Advisor","description":"Ihr Leitfaden zur Datendominanz","publisher":{"@id":"https:\/\/exceladvisor.org\/de\/#organization"},"potentialAction":[{"@type":"SearchAction","target":{"@type":"EntryPoint","urlTemplate":"https:\/\/exceladvisor.org\/de\/?s={search_term_string}"},"query-input":{"@type":"PropertyValueSpecification","valueRequired":true,"valueName":"search_term_string"}}],"inLanguage":"de"},{"@type":"Organization","@id":"https:\/\/exceladvisor.org\/de\/#organization","name":"Excel Advisor","url":"https:\/\/exceladvisor.org\/de\/","logo":{"@type":"ImageObject","inLanguage":"de","@id":"https:\/\/exceladvisor.org\/de\/#\/schema\/logo\/image\/","url":"https:\/\/exceladvisor.org\/de\/wp-content\/uploads\/2023\/11\/exceladvisor.org_.png","contentUrl":"https:\/\/exceladvisor.org\/de\/wp-content\/uploads\/2023\/11\/exceladvisor.org_.png","width":105,"height":36,"caption":"Excel Advisor"},"image":{"@id":"https:\/\/exceladvisor.org\/de\/#\/schema\/logo\/image\/"}}]}},"yoast_meta":{"yoast_wpseo_title":"","yoast_wpseo_metadesc":"","yoast_wpseo_canonical":""},"_links":{"self":[{"href":"https:\/\/exceladvisor.org\/de\/wp-json\/wp\/v2\/pages\/3382","targetHints":{"allow":["GET"]}}],"collection":[{"href":"https:\/\/exceladvisor.org\/de\/wp-json\/wp\/v2\/pages"}],"about":[{"href":"https:\/\/exceladvisor.org\/de\/wp-json\/wp\/v2\/types\/page"}],"author":[{"embeddable":true,"href":"https:\/\/exceladvisor.org\/de\/wp-json\/wp\/v2\/users\/1"}],"replies":[{"embeddable":true,"href":"https:\/\/exceladvisor.org\/de\/wp-json\/wp\/v2\/comments?post=3382"}],"version-history":[{"count":1,"href":"https:\/\/exceladvisor.org\/de\/wp-json\/wp\/v2\/pages\/3382\/revisions"}],"predecessor-version":[{"id":4192,"href":"https:\/\/exceladvisor.org\/de\/wp-json\/wp\/v2\/pages\/3382\/revisions\/4192"}],"wp:attachment":[{"href":"https:\/\/exceladvisor.org\/de\/wp-json\/wp\/v2\/media?parent=3382"}],"curies":[{"name":"wp","href":"https:\/\/api.w.org\/{rel}","templated":true}]}}