{"id":3383,"date":"2023-10-29T19:00:16","date_gmt":"2023-10-29T19:00:16","guid":{"rendered":"https:\/\/exceladvisor.org\/de\/google-suche\/"},"modified":"2023-12-03T13:05:08","modified_gmt":"2023-12-03T13:05:08","slug":"google-suche","status":"publish","type":"page","link":"https:\/\/exceladvisor.org\/de\/google-suche\/","title":{"rendered":"Wie suche ich mit vba bei google?"},"content":{"rendered":"<div class=\"excel-vor-dem-inhalt\" id=\"excel-787045885\"><script type=\"text\/javascript\">\r\n\tatOptions = {\r\n\t\t'key' : 'c1158f160081d6540a8409e6925dab94',\r\n\t\t'format' : 'iframe',\r\n\t\t'height' : 250,\r\n\t\t'width' : 300,\r\n\t\t'params' : {}\r\n\t};\r\n<\/script>\r\n<script type=\"text\/javascript\" src=\"\/\/www.highperformanceformat.com\/c1158f160081d6540a8409e6925dab94\/invoke.js\"><\/script><\/div> <p>Es gibt viele wichtige Dinge, die wir alle neben der Verwendung von Excel tun. Habe ich recht?<\/p><p> Eines dieser Dinge ist die Verwendung von Google, um nach etwas zu suchen. In meiner Liste n\u00fctzlicher Makrocodes habe ich einen Code, den Sie verwenden k\u00f6nnen, um mit Chrome eine Suchanfrage bei Google durchzuf\u00fchren.<\/p><p> Und heute werde ich diesen Code mit Ihnen teilen. Sie k\u00f6nnen diesen Code zu Ihrer <a href=\"https:\/\/exceladvisor.org\/de\/personliches-makro-notizbuch\/\" target=\"_blank\" rel=\"noopener noreferrer\">pers\u00f6nlichen Makro-Arbeitsmappe<\/a> hinzuf\u00fcgen und ihn jederzeit verwenden, wenn Sie etwas googeln m\u00f6chten.<\/p><h2 class=\"wp-block-heading\"> VBA-Code zum \u00d6ffnen von Google Chrome f\u00fcr die Suche<\/h2><p> Hier ist der Code unten, den Sie verwenden k\u00f6nnen, um Google mit Chrome zu durchsuchen.<\/p><h3 class=\"wp-block-heading\"> Windows 32-Version<\/h3><pre class=\"wp-block-code\"> <code class=\"language-visual-basic\" lang=\"visual-basic\">Sub Google_Search_32() Dim chromePath As String Dim search_string As String Dim query As String query = InputBox(\"Enter here your search here\", \"Google Search\") search_string = query search_string = Replace(search_string, \" \", \"+\") chromePath = \"\"\"C:\\Program Files (x86)\\Google\\Chrome\\Application\\chrome.exe\"\"\" Shell (chromePath &amp; \" -url http:\/\/google.com\/search?q=\" &amp; search_string) End Sub<\/code><\/pre><h3 class=\"wp-block-heading\"> Windows 64-Version<\/h3><pre class=\"wp-block-code\"> <code class=\"language-visual-basic\" lang=\"visual-basic\">Sub Google_Search_64() Dim chromePath As String Dim search_string As String Dim query As String query = InputBox(\"Enter here your search here\", \"Google Search\") search_string = Replace(query, \" \", \"+\") chromePath = \"\"\"C:\\Program Files\\Google\\Chrome\\Application\\chrome.exe\"\"\" Shell (chromePath &amp; \" -url http:\/\/google.com\/search?q=\" &amp; search_string) End Sub<\/code><\/pre><h2 class=\"wp-block-heading\"> So verwenden Sie diesen VBA-Code f\u00fcr die Suche bei Google<\/h2><p> Hier ist der einfache Schritt, den Sie befolgen m\u00fcssen, um diesen Code einzul\u00f6sen.<\/p><ul><li> \u00d6ffnen Sie den VB-Editor mit der Tastenkombination Alt + F11 oder gehen Sie zur Registerkarte \u201eEntwickler\u201c. <\/li><\/ul><div class=\"wp-block-image\"><figure class=\"aligncenter\"><img decoding=\"async\" src=\"https:\/\/exceladvisor.org\/wp-content\/uploads\/2023\/08\/ouvrir-lediteur-vb-pour-coller-le-code-vba-pour-ouvrir-google-chrome-pour-rechercher-min.png\" sizes=\"\" srcset=\"\" alt=\"\"><\/figure><\/div><ul><li> F\u00fcgen Sie ein neues Modul ein und f\u00fcgen Sie den obigen Code ein. <\/li><\/ul><div class=\"wp-block-image\"><figure class=\"aligncenter\"><img decoding=\"async\" src=\"https:\/\/exceladvisor.org\/wp-content\/uploads\/2023\/08\/coller-le-code-vba-dans-lediteur-vb-pour-ouvrir-google-chrome-pour-rechercher-min.png\" sizes=\"\" srcset=\"\" alt=\"\"><\/figure><\/div><p> Schlie\u00dfen Sie nun den VB-Editor und f\u00fchren Sie dieses Makro \u00fcber die Option \u201eMakros\u201c auf der Registerkarte \u201eEntwickler\u201c aus.<\/p><h3 class=\"wp-block-heading\"> Wie es funktioniert<\/h3><p> Wenn Sie diesen Code ausf\u00fchren, wird ein Eingabefeld zur Eingabe Ihrer Abfrage angezeigt. Und Sie m\u00fcssen Ihre Anfrage in dieses Eingabefeld eingeben und auf OK klicken. <\/p><div class=\"wp-block-image\"><figure class=\"aligncenter\"><img decoding=\"async\" src=\"https:\/\/exceladvisor.org\/wp-content\/uploads\/2023\/08\/executer-la-macro-ouvrir-google-chrome-pour-rechercher-min.png\" sizes=\"\" srcset=\"\" alt=\"\"><\/figure><\/div><p> Nachdem Sie auf \u201eOK\u201c geklickt haben, erstellt dieser Code anhand des von Ihnen eingegebenen Textes eine Such-URL-Syntax. <\/p><div class=\"wp-block-image\"><figure class=\"aligncenter\"><img decoding=\"async\" src=\"https:\/\/exceladvisor.org\/wp-content\/uploads\/2023\/08\/url-ouvrir-google-chrome-pour-rechercher-min.png\" sizes=\"\" srcset=\"\" alt=\"\"><\/figure><\/div><p> Und am Ende leitet Chrome zu dieser URL weiter, um Ihnen Ergebnisse f\u00fcr die von Ihnen eingegebene Abfrage zu liefern.<\/p><div class=\"gb-container gb-container-4db6181c gb-container-mt\"> <a class=\"gb-button gb-button-c5897111 gb-button-text gb-button-mt-button\" href=\"https:\/\/exceladvisor.org\/de\/vba\/\">Was ist VBA<\/a><h2 class=\"gb-headline gb-headline-665e5f6b gb-headline-text gb-headline-mt-heading\"> Verwandte Tutorials <\/h2><div class=\"gb-grid-wrapper gb-grid-wrapper-a20baf7c gb-grid-wrapper-mt-grid\"><div class=\"gb-grid-column gb-grid-column-65ddf67e\"><div class=\"gb-container gb-container-65ddf67e\"><ul><li> <a href=\"https:\/\/exceladvisor.org\/de\/markieren-sie-doppelte-werte\/\">Markieren Sie doppelte Werte mit VBA<\/a><\/li><li> <a href=\"https:\/\/exceladvisor.org\/de\/hyperlink-extrahieren\/\">Extrahieren Sie die Hyperlink-Adresse (URL) per VBA<\/a><\/li><li> <a href=\"https:\/\/exceladvisor.org\/de\/eingabefeld\/\">Eingabefeld in VBA<\/a><\/li><li> <a href=\"https:\/\/exceladvisor.org\/de\/textdateien\/\">VBA erstellen und in eine Textdatei schreiben<\/a><\/li><li> <a href=\"https:\/\/exceladvisor.org\/de\/bildschirmaktualisierung\/\">VBA-Bildschirmaktualisierung<\/a> <\/li><\/ul><\/div><\/div><div class=\"gb-grid-column gb-grid-column-50067b57\"><div class=\"gb-container gb-container-50067b57\"><\/div><\/div><\/div><\/div>","protected":false},"excerpt":{"rendered":"","protected":false},"author":1,"featured_media":0,"parent":0,"menu_order":0,"comment_status":"open","ping_status":"closed","template":"","meta":{"ub_ctt_via":"","footnotes":""},"class_list":["post-3383","page","type-page","status-publish","hentry"],"featured_image_src":null,"yoast_head":"<!-- This site is optimized with the Yoast SEO plugin v25.4 - https:\/\/yoast.com\/wordpress\/plugins\/seo\/ -->\n<title>Wie suche ich mit VBA bei Google?<\/title>\n<meta name=\"description\" content=\"Ich habe Code, den Sie verwenden k\u00f6nnen, um mit Chrome eine Suchabfrage bei Google durchzuf\u00fchren. Und heute werde ich es teilen\" \/>\n<meta name=\"robots\" content=\"index, follow, max-snippet:-1, max-image-preview:large, max-video-preview:-1\" \/>\n<link rel=\"canonical\" href=\"https:\/\/exceladvisor.org\/de\/google-suche\/\" \/>\n<meta property=\"og:locale\" content=\"de_DE\" \/>\n<meta property=\"og:type\" content=\"article\" \/>\n<meta property=\"og:title\" content=\"Wie suche ich mit VBA bei Google?\" \/>\n<meta property=\"og:description\" content=\"Ich habe Code, den Sie verwenden k\u00f6nnen, um mit Chrome eine Suchabfrage bei Google durchzuf\u00fchren. Und heute werde ich es teilen\" \/>\n<meta property=\"og:url\" content=\"https:\/\/exceladvisor.org\/de\/google-suche\/\" \/>\n<meta property=\"og:site_name\" content=\"Excel Advisor\" \/>\n<meta property=\"article:modified_time\" content=\"2023-12-03T13:05:08+00:00\" \/>\n<meta property=\"og:image\" content=\"https:\/\/exceladvisor.org\/wp-content\/uploads\/2023\/08\/ouvrir-lediteur-vb-pour-coller-le-code-vba-pour-ouvrir-google-chrome-pour-rechercher-min.png\" \/>\n<meta name=\"twitter:card\" content=\"summary_large_image\" \/>\n<meta name=\"twitter:label1\" content=\"Gesch\u00e4tzte Lesezeit\" \/>\n\t<meta name=\"twitter:data1\" content=\"2\u00a0Minuten\" \/>\n<script type=\"application\/ld+json\" class=\"yoast-schema-graph\">{\"@context\":\"https:\/\/schema.org\",\"@graph\":[{\"@type\":\"WebPage\",\"@id\":\"https:\/\/exceladvisor.org\/de\/google-suche\/\",\"url\":\"https:\/\/exceladvisor.org\/de\/google-suche\/\",\"name\":\"Wie suche ich mit VBA bei Google?\",\"isPartOf\":{\"@id\":\"https:\/\/exceladvisor.org\/de\/#website\"},\"primaryImageOfPage\":{\"@id\":\"https:\/\/exceladvisor.org\/de\/google-suche\/#primaryimage\"},\"image\":{\"@id\":\"https:\/\/exceladvisor.org\/de\/google-suche\/#primaryimage\"},\"thumbnailUrl\":\"https:\/\/exceladvisor.org\/wp-content\/uploads\/2023\/08\/ouvrir-lediteur-vb-pour-coller-le-code-vba-pour-ouvrir-google-chrome-pour-rechercher-min.png\",\"datePublished\":\"2023-10-29T19:00:16+00:00\",\"dateModified\":\"2023-12-03T13:05:08+00:00\",\"description\":\"Ich habe Code, den Sie verwenden k\u00f6nnen, um mit Chrome eine Suchabfrage bei Google durchzuf\u00fchren. Und heute werde ich es teilen\",\"breadcrumb\":{\"@id\":\"https:\/\/exceladvisor.org\/de\/google-suche\/#breadcrumb\"},\"inLanguage\":\"de\",\"potentialAction\":[{\"@type\":\"ReadAction\",\"target\":[\"https:\/\/exceladvisor.org\/de\/google-suche\/\"]}]},{\"@type\":\"ImageObject\",\"inLanguage\":\"de\",\"@id\":\"https:\/\/exceladvisor.org\/de\/google-suche\/#primaryimage\",\"url\":\"https:\/\/exceladvisor.org\/wp-content\/uploads\/2023\/08\/ouvrir-lediteur-vb-pour-coller-le-code-vba-pour-ouvrir-google-chrome-pour-rechercher-min.png\",\"contentUrl\":\"https:\/\/exceladvisor.org\/wp-content\/uploads\/2023\/08\/ouvrir-lediteur-vb-pour-coller-le-code-vba-pour-ouvrir-google-chrome-pour-rechercher-min.png\"},{\"@type\":\"BreadcrumbList\",\"@id\":\"https:\/\/exceladvisor.org\/de\/google-suche\/#breadcrumb\",\"itemListElement\":[{\"@type\":\"ListItem\",\"position\":1,\"name\":\"Accueil\",\"item\":\"https:\/\/exceladvisor.org\/de\/\"},{\"@type\":\"ListItem\",\"position\":2,\"name\":\"Wie suche ich mit vba bei google?\"}]},{\"@type\":\"WebSite\",\"@id\":\"https:\/\/exceladvisor.org\/de\/#website\",\"url\":\"https:\/\/exceladvisor.org\/de\/\",\"name\":\"Excel Advisor\",\"description\":\"Ihr Leitfaden zur Datendominanz\",\"publisher\":{\"@id\":\"https:\/\/exceladvisor.org\/de\/#organization\"},\"potentialAction\":[{\"@type\":\"SearchAction\",\"target\":{\"@type\":\"EntryPoint\",\"urlTemplate\":\"https:\/\/exceladvisor.org\/de\/?s={search_term_string}\"},\"query-input\":{\"@type\":\"PropertyValueSpecification\",\"valueRequired\":true,\"valueName\":\"search_term_string\"}}],\"inLanguage\":\"de\"},{\"@type\":\"Organization\",\"@id\":\"https:\/\/exceladvisor.org\/de\/#organization\",\"name\":\"Excel Advisor\",\"url\":\"https:\/\/exceladvisor.org\/de\/\",\"logo\":{\"@type\":\"ImageObject\",\"inLanguage\":\"de\",\"@id\":\"https:\/\/exceladvisor.org\/de\/#\/schema\/logo\/image\/\",\"url\":\"https:\/\/exceladvisor.org\/de\/wp-content\/uploads\/2023\/11\/exceladvisor.org_.png\",\"contentUrl\":\"https:\/\/exceladvisor.org\/de\/wp-content\/uploads\/2023\/11\/exceladvisor.org_.png\",\"width\":105,\"height\":36,\"caption\":\"Excel Advisor\"},\"image\":{\"@id\":\"https:\/\/exceladvisor.org\/de\/#\/schema\/logo\/image\/\"}}]}<\/script>\n<!-- \/ Yoast SEO plugin. -->","yoast_head_json":{"title":"Wie suche ich mit VBA bei Google?","description":"Ich habe Code, den Sie verwenden k\u00f6nnen, um mit Chrome eine Suchabfrage bei Google durchzuf\u00fchren. Und heute werde ich es teilen","robots":{"index":"index","follow":"follow","max-snippet":"max-snippet:-1","max-image-preview":"max-image-preview:large","max-video-preview":"max-video-preview:-1"},"canonical":"https:\/\/exceladvisor.org\/de\/google-suche\/","og_locale":"de_DE","og_type":"article","og_title":"Wie suche ich mit VBA bei Google?","og_description":"Ich habe Code, den Sie verwenden k\u00f6nnen, um mit Chrome eine Suchabfrage bei Google durchzuf\u00fchren. Und heute werde ich es teilen","og_url":"https:\/\/exceladvisor.org\/de\/google-suche\/","og_site_name":"Excel Advisor","article_modified_time":"2023-12-03T13:05:08+00:00","og_image":[{"url":"https:\/\/exceladvisor.org\/wp-content\/uploads\/2023\/08\/ouvrir-lediteur-vb-pour-coller-le-code-vba-pour-ouvrir-google-chrome-pour-rechercher-min.png","type":"","width":"","height":""}],"twitter_card":"summary_large_image","twitter_misc":{"Gesch\u00e4tzte Lesezeit":"2\u00a0Minuten"},"schema":{"@context":"https:\/\/schema.org","@graph":[{"@type":"WebPage","@id":"https:\/\/exceladvisor.org\/de\/google-suche\/","url":"https:\/\/exceladvisor.org\/de\/google-suche\/","name":"Wie suche ich mit VBA bei Google?","isPartOf":{"@id":"https:\/\/exceladvisor.org\/de\/#website"},"primaryImageOfPage":{"@id":"https:\/\/exceladvisor.org\/de\/google-suche\/#primaryimage"},"image":{"@id":"https:\/\/exceladvisor.org\/de\/google-suche\/#primaryimage"},"thumbnailUrl":"https:\/\/exceladvisor.org\/wp-content\/uploads\/2023\/08\/ouvrir-lediteur-vb-pour-coller-le-code-vba-pour-ouvrir-google-chrome-pour-rechercher-min.png","datePublished":"2023-10-29T19:00:16+00:00","dateModified":"2023-12-03T13:05:08+00:00","description":"Ich habe Code, den Sie verwenden k\u00f6nnen, um mit Chrome eine Suchabfrage bei Google durchzuf\u00fchren. Und heute werde ich es teilen","breadcrumb":{"@id":"https:\/\/exceladvisor.org\/de\/google-suche\/#breadcrumb"},"inLanguage":"de","potentialAction":[{"@type":"ReadAction","target":["https:\/\/exceladvisor.org\/de\/google-suche\/"]}]},{"@type":"ImageObject","inLanguage":"de","@id":"https:\/\/exceladvisor.org\/de\/google-suche\/#primaryimage","url":"https:\/\/exceladvisor.org\/wp-content\/uploads\/2023\/08\/ouvrir-lediteur-vb-pour-coller-le-code-vba-pour-ouvrir-google-chrome-pour-rechercher-min.png","contentUrl":"https:\/\/exceladvisor.org\/wp-content\/uploads\/2023\/08\/ouvrir-lediteur-vb-pour-coller-le-code-vba-pour-ouvrir-google-chrome-pour-rechercher-min.png"},{"@type":"BreadcrumbList","@id":"https:\/\/exceladvisor.org\/de\/google-suche\/#breadcrumb","itemListElement":[{"@type":"ListItem","position":1,"name":"Accueil","item":"https:\/\/exceladvisor.org\/de\/"},{"@type":"ListItem","position":2,"name":"Wie suche ich mit vba bei google?"}]},{"@type":"WebSite","@id":"https:\/\/exceladvisor.org\/de\/#website","url":"https:\/\/exceladvisor.org\/de\/","name":"Excel Advisor","description":"Ihr Leitfaden zur Datendominanz","publisher":{"@id":"https:\/\/exceladvisor.org\/de\/#organization"},"potentialAction":[{"@type":"SearchAction","target":{"@type":"EntryPoint","urlTemplate":"https:\/\/exceladvisor.org\/de\/?s={search_term_string}"},"query-input":{"@type":"PropertyValueSpecification","valueRequired":true,"valueName":"search_term_string"}}],"inLanguage":"de"},{"@type":"Organization","@id":"https:\/\/exceladvisor.org\/de\/#organization","name":"Excel Advisor","url":"https:\/\/exceladvisor.org\/de\/","logo":{"@type":"ImageObject","inLanguage":"de","@id":"https:\/\/exceladvisor.org\/de\/#\/schema\/logo\/image\/","url":"https:\/\/exceladvisor.org\/de\/wp-content\/uploads\/2023\/11\/exceladvisor.org_.png","contentUrl":"https:\/\/exceladvisor.org\/de\/wp-content\/uploads\/2023\/11\/exceladvisor.org_.png","width":105,"height":36,"caption":"Excel Advisor"},"image":{"@id":"https:\/\/exceladvisor.org\/de\/#\/schema\/logo\/image\/"}}]}},"yoast_meta":{"yoast_wpseo_title":"","yoast_wpseo_metadesc":"","yoast_wpseo_canonical":""},"_links":{"self":[{"href":"https:\/\/exceladvisor.org\/de\/wp-json\/wp\/v2\/pages\/3383","targetHints":{"allow":["GET"]}}],"collection":[{"href":"https:\/\/exceladvisor.org\/de\/wp-json\/wp\/v2\/pages"}],"about":[{"href":"https:\/\/exceladvisor.org\/de\/wp-json\/wp\/v2\/types\/page"}],"author":[{"embeddable":true,"href":"https:\/\/exceladvisor.org\/de\/wp-json\/wp\/v2\/users\/1"}],"replies":[{"embeddable":true,"href":"https:\/\/exceladvisor.org\/de\/wp-json\/wp\/v2\/comments?post=3383"}],"version-history":[{"count":1,"href":"https:\/\/exceladvisor.org\/de\/wp-json\/wp\/v2\/pages\/3383\/revisions"}],"predecessor-version":[{"id":4198,"href":"https:\/\/exceladvisor.org\/de\/wp-json\/wp\/v2\/pages\/3383\/revisions\/4198"}],"wp:attachment":[{"href":"https:\/\/exceladvisor.org\/de\/wp-json\/wp\/v2\/media?parent=3383"}],"curies":[{"name":"wp","href":"https:\/\/api.w.org\/{rel}","templated":true}]}}