{"id":3384,"date":"2023-10-29T18:40:55","date_gmt":"2023-10-29T18:40:55","guid":{"rendered":"https:\/\/exceladvisor.org\/de\/hyperlink-extrahieren\/"},"modified":"2023-12-03T11:20:06","modified_gmt":"2023-12-03T11:20:06","slug":"hyperlink-extrahieren","status":"publish","type":"page","link":"https:\/\/exceladvisor.org\/de\/hyperlink-extrahieren\/","title":{"rendered":"Wie extrahiere ich webadressen in excel?"},"content":{"rendered":"<div class=\"excel-vor-dem-inhalt\" id=\"excel-2783038975\"><script type=\"text\/javascript\">\r\n\tatOptions = {\r\n\t\t'key' : 'c1158f160081d6540a8409e6925dab94',\r\n\t\t'format' : 'iframe',\r\n\t\t'height' : 250,\r\n\t\t'width' : 300,\r\n\t\t'params' : {}\r\n\t};\r\n<\/script>\r\n<script type=\"text\/javascript\" src=\"\/\/www.highperformanceformat.com\/c1158f160081d6540a8409e6925dab94\/invoke.js\"><\/script><\/div> <p class=\"has-text-align-left\">Angenommen, Sie erhalten von Ihrem Kollegen eine Excel-Arbeitsmappe, in der Sie in einer Spalte eine Liste mit Hyperlinks haben. Aus dieser Liste m\u00f6chten Sie nun alle Hyperlink-URLs extrahieren.<\/p><p> Die manuelle Methode bereitet echte Kopfschmerzen, Sie m\u00fcssen jede URL einzeln kopieren und einf\u00fcgen. Der beste Weg ist also <a href=\"https:\/\/exceladvisor.org\/de\/benutzerdefinierte-funktion-2\/\" data-wpel-link=\"internal\">, eine UDF in VBA zu erstellen<\/a> . Und heute m\u00f6chte ich Ihnen einen einfachen Code f\u00fcr diese UDF mitteilen.<\/p><h2 class=\"wp-block-heading\"> VBA-Code zum Extrahieren von Hyperlink-URLs<\/h2><pre class=\"wp-block-code\"> <code class=\"language-visual-basic\" lang=\"visual-basic\">Function GiveMeURL(rng As Range) As String On Error Resume Next GiveMeURL = rng.Hyperlinks(1).Address End Function<\/code><\/pre><h2 class=\"wp-block-heading\"> So verwenden Sie diesen Code<\/h2><p> Um diese UDF zu verwenden, m\u00fcssen Sie die folgenden Schritte ausf\u00fchren:<\/p><ol><li> \u00d6ffnen Sie den Visual Basic-Editor \u00fcber die Registerkarte \u201eEntwickler\u201c oder verwenden Sie die Tastenkombination ALT+F11.<\/li><li> F\u00fcgen Sie ein neues Modul ein, f\u00fcgen Sie den obigen Code ein und schlie\u00dfen Sie es.<\/li><li> Geben Sie nun in Ihrer Tabelle die Funktion <strong><mark class=\"has-inline-color\" style=\"background-color: #f5e053;\">=GiveMeURL(A1)<\/mark><\/strong> ein und dr\u00fccken Sie die Eingabetaste.<\/li><\/ol><div class=\"gb-container gb-container-4db6181c gb-container-mt\"> <a class=\"gb-button gb-button-c5897111 gb-button-text gb-button-mt-button\" href=\"https:\/\/exceladvisor.org\/de\/vba\/\">Was ist VBA<\/a><h2 class=\"gb-headline gb-headline-665e5f6b gb-headline-text gb-headline-mt-heading\"> Verwandte Tutorials <\/h2><div class=\"gb-grid-wrapper gb-grid-wrapper-a20baf7c gb-grid-wrapper-mt-grid\"><div class=\"gb-grid-column gb-grid-column-65ddf67e\"><div class=\"gb-container gb-container-65ddf67e\"><ul><li> <a href=\"https:\/\/exceladvisor.org\/de\/markieren-sie-doppelte-werte\/\">Markieren Sie doppelte Werte mit VBA<\/a><\/li><li> <a href=\"https:\/\/exceladvisor.org\/de\/eingabefeld\/\">Eingabefeld in VBA<\/a><\/li><li> <a href=\"https:\/\/exceladvisor.org\/de\/textdateien\/\">VBA erstellen und in eine Textdatei schreiben<\/a><\/li><li> <a href=\"https:\/\/exceladvisor.org\/de\/bildschirmaktualisierung\/\">VBA-Bildschirmaktualisierung<\/a> <\/li><\/ul><\/div><\/div><div class=\"gb-grid-column gb-grid-column-50067b57\"><div class=\"gb-container gb-container-50067b57\"><\/div><\/div><\/div><\/div>","protected":false},"excerpt":{"rendered":"","protected":false},"author":1,"featured_media":0,"parent":0,"menu_order":0,"comment_status":"open","ping_status":"closed","template":"","meta":{"ub_ctt_via":"","footnotes":""},"class_list":["post-3384","page","type-page","status-publish","hentry"],"featured_image_src":null,"yoast_head":"<!-- This site is optimized with the Yoast SEO plugin v25.4 - https:\/\/yoast.com\/wordpress\/plugins\/seo\/ -->\n<title>Wie extrahiere ich Webadressen in Excel? (Tutorial 2023)<\/title>\n<meta name=\"description\" content=\"Angenommen, Sie haben von Ihrem Kollegen eine Arbeitsmappe erhalten, in der Sie eine Liste mit Hyperlinks haben, und m\u00f6chten dies tun\" \/>\n<meta name=\"robots\" content=\"index, follow, max-snippet:-1, max-image-preview:large, max-video-preview:-1\" \/>\n<link rel=\"canonical\" href=\"https:\/\/exceladvisor.org\/de\/hyperlink-extrahieren\/\" \/>\n<meta property=\"og:locale\" content=\"de_DE\" \/>\n<meta property=\"og:type\" content=\"article\" \/>\n<meta property=\"og:title\" content=\"Wie extrahiere ich Webadressen in Excel? (Tutorial 2023)\" \/>\n<meta property=\"og:description\" content=\"Angenommen, Sie haben von Ihrem Kollegen eine Arbeitsmappe erhalten, in der Sie eine Liste mit Hyperlinks haben, und m\u00f6chten dies tun\" \/>\n<meta property=\"og:url\" content=\"https:\/\/exceladvisor.org\/de\/hyperlink-extrahieren\/\" \/>\n<meta property=\"og:site_name\" content=\"Excel Advisor\" \/>\n<meta property=\"article:modified_time\" content=\"2023-12-03T11:20:06+00:00\" \/>\n<meta name=\"twitter:card\" content=\"summary_large_image\" \/>\n<meta name=\"twitter:label1\" content=\"Gesch\u00e4tzte Lesezeit\" \/>\n\t<meta name=\"twitter:data1\" content=\"1\u00a0Minute\" \/>\n<script type=\"application\/ld+json\" class=\"yoast-schema-graph\">{\"@context\":\"https:\/\/schema.org\",\"@graph\":[{\"@type\":\"WebPage\",\"@id\":\"https:\/\/exceladvisor.org\/de\/hyperlink-extrahieren\/\",\"url\":\"https:\/\/exceladvisor.org\/de\/hyperlink-extrahieren\/\",\"name\":\"Wie extrahiere ich Webadressen in Excel? (Tutorial 2023)\",\"isPartOf\":{\"@id\":\"https:\/\/exceladvisor.org\/de\/#website\"},\"datePublished\":\"2023-10-29T18:40:55+00:00\",\"dateModified\":\"2023-12-03T11:20:06+00:00\",\"description\":\"Angenommen, Sie haben von Ihrem Kollegen eine Arbeitsmappe erhalten, in der Sie eine Liste mit Hyperlinks haben, und m\u00f6chten dies tun\",\"breadcrumb\":{\"@id\":\"https:\/\/exceladvisor.org\/de\/hyperlink-extrahieren\/#breadcrumb\"},\"inLanguage\":\"de\",\"potentialAction\":[{\"@type\":\"ReadAction\",\"target\":[\"https:\/\/exceladvisor.org\/de\/hyperlink-extrahieren\/\"]}]},{\"@type\":\"BreadcrumbList\",\"@id\":\"https:\/\/exceladvisor.org\/de\/hyperlink-extrahieren\/#breadcrumb\",\"itemListElement\":[{\"@type\":\"ListItem\",\"position\":1,\"name\":\"Accueil\",\"item\":\"https:\/\/exceladvisor.org\/de\/\"},{\"@type\":\"ListItem\",\"position\":2,\"name\":\"Wie extrahiere ich webadressen in excel?\"}]},{\"@type\":\"WebSite\",\"@id\":\"https:\/\/exceladvisor.org\/de\/#website\",\"url\":\"https:\/\/exceladvisor.org\/de\/\",\"name\":\"Excel Advisor\",\"description\":\"Ihr Leitfaden zur Datendominanz\",\"publisher\":{\"@id\":\"https:\/\/exceladvisor.org\/de\/#organization\"},\"potentialAction\":[{\"@type\":\"SearchAction\",\"target\":{\"@type\":\"EntryPoint\",\"urlTemplate\":\"https:\/\/exceladvisor.org\/de\/?s={search_term_string}\"},\"query-input\":{\"@type\":\"PropertyValueSpecification\",\"valueRequired\":true,\"valueName\":\"search_term_string\"}}],\"inLanguage\":\"de\"},{\"@type\":\"Organization\",\"@id\":\"https:\/\/exceladvisor.org\/de\/#organization\",\"name\":\"Excel Advisor\",\"url\":\"https:\/\/exceladvisor.org\/de\/\",\"logo\":{\"@type\":\"ImageObject\",\"inLanguage\":\"de\",\"@id\":\"https:\/\/exceladvisor.org\/de\/#\/schema\/logo\/image\/\",\"url\":\"https:\/\/exceladvisor.org\/de\/wp-content\/uploads\/2023\/11\/exceladvisor.org_.png\",\"contentUrl\":\"https:\/\/exceladvisor.org\/de\/wp-content\/uploads\/2023\/11\/exceladvisor.org_.png\",\"width\":105,\"height\":36,\"caption\":\"Excel Advisor\"},\"image\":{\"@id\":\"https:\/\/exceladvisor.org\/de\/#\/schema\/logo\/image\/\"}}]}<\/script>\n<!-- \/ Yoast SEO plugin. -->","yoast_head_json":{"title":"Wie extrahiere ich Webadressen in Excel? (Tutorial 2023)","description":"Angenommen, Sie haben von Ihrem Kollegen eine Arbeitsmappe erhalten, in der Sie eine Liste mit Hyperlinks haben, und m\u00f6chten dies tun","robots":{"index":"index","follow":"follow","max-snippet":"max-snippet:-1","max-image-preview":"max-image-preview:large","max-video-preview":"max-video-preview:-1"},"canonical":"https:\/\/exceladvisor.org\/de\/hyperlink-extrahieren\/","og_locale":"de_DE","og_type":"article","og_title":"Wie extrahiere ich Webadressen in Excel? (Tutorial 2023)","og_description":"Angenommen, Sie haben von Ihrem Kollegen eine Arbeitsmappe erhalten, in der Sie eine Liste mit Hyperlinks haben, und m\u00f6chten dies tun","og_url":"https:\/\/exceladvisor.org\/de\/hyperlink-extrahieren\/","og_site_name":"Excel Advisor","article_modified_time":"2023-12-03T11:20:06+00:00","twitter_card":"summary_large_image","twitter_misc":{"Gesch\u00e4tzte Lesezeit":"1\u00a0Minute"},"schema":{"@context":"https:\/\/schema.org","@graph":[{"@type":"WebPage","@id":"https:\/\/exceladvisor.org\/de\/hyperlink-extrahieren\/","url":"https:\/\/exceladvisor.org\/de\/hyperlink-extrahieren\/","name":"Wie extrahiere ich Webadressen in Excel? (Tutorial 2023)","isPartOf":{"@id":"https:\/\/exceladvisor.org\/de\/#website"},"datePublished":"2023-10-29T18:40:55+00:00","dateModified":"2023-12-03T11:20:06+00:00","description":"Angenommen, Sie haben von Ihrem Kollegen eine Arbeitsmappe erhalten, in der Sie eine Liste mit Hyperlinks haben, und m\u00f6chten dies tun","breadcrumb":{"@id":"https:\/\/exceladvisor.org\/de\/hyperlink-extrahieren\/#breadcrumb"},"inLanguage":"de","potentialAction":[{"@type":"ReadAction","target":["https:\/\/exceladvisor.org\/de\/hyperlink-extrahieren\/"]}]},{"@type":"BreadcrumbList","@id":"https:\/\/exceladvisor.org\/de\/hyperlink-extrahieren\/#breadcrumb","itemListElement":[{"@type":"ListItem","position":1,"name":"Accueil","item":"https:\/\/exceladvisor.org\/de\/"},{"@type":"ListItem","position":2,"name":"Wie extrahiere ich webadressen in excel?"}]},{"@type":"WebSite","@id":"https:\/\/exceladvisor.org\/de\/#website","url":"https:\/\/exceladvisor.org\/de\/","name":"Excel Advisor","description":"Ihr Leitfaden zur Datendominanz","publisher":{"@id":"https:\/\/exceladvisor.org\/de\/#organization"},"potentialAction":[{"@type":"SearchAction","target":{"@type":"EntryPoint","urlTemplate":"https:\/\/exceladvisor.org\/de\/?s={search_term_string}"},"query-input":{"@type":"PropertyValueSpecification","valueRequired":true,"valueName":"search_term_string"}}],"inLanguage":"de"},{"@type":"Organization","@id":"https:\/\/exceladvisor.org\/de\/#organization","name":"Excel Advisor","url":"https:\/\/exceladvisor.org\/de\/","logo":{"@type":"ImageObject","inLanguage":"de","@id":"https:\/\/exceladvisor.org\/de\/#\/schema\/logo\/image\/","url":"https:\/\/exceladvisor.org\/de\/wp-content\/uploads\/2023\/11\/exceladvisor.org_.png","contentUrl":"https:\/\/exceladvisor.org\/de\/wp-content\/uploads\/2023\/11\/exceladvisor.org_.png","width":105,"height":36,"caption":"Excel Advisor"},"image":{"@id":"https:\/\/exceladvisor.org\/de\/#\/schema\/logo\/image\/"}}]}},"yoast_meta":{"yoast_wpseo_title":"","yoast_wpseo_metadesc":"","yoast_wpseo_canonical":""},"_links":{"self":[{"href":"https:\/\/exceladvisor.org\/de\/wp-json\/wp\/v2\/pages\/3384","targetHints":{"allow":["GET"]}}],"collection":[{"href":"https:\/\/exceladvisor.org\/de\/wp-json\/wp\/v2\/pages"}],"about":[{"href":"https:\/\/exceladvisor.org\/de\/wp-json\/wp\/v2\/types\/page"}],"author":[{"embeddable":true,"href":"https:\/\/exceladvisor.org\/de\/wp-json\/wp\/v2\/users\/1"}],"replies":[{"embeddable":true,"href":"https:\/\/exceladvisor.org\/de\/wp-json\/wp\/v2\/comments?post=3384"}],"version-history":[{"count":1,"href":"https:\/\/exceladvisor.org\/de\/wp-json\/wp\/v2\/pages\/3384\/revisions"}],"predecessor-version":[{"id":3986,"href":"https:\/\/exceladvisor.org\/de\/wp-json\/wp\/v2\/pages\/3384\/revisions\/3986"}],"wp:attachment":[{"href":"https:\/\/exceladvisor.org\/de\/wp-json\/wp\/v2\/media?parent=3384"}],"curies":[{"name":"wp","href":"https:\/\/api.w.org\/{rel}","templated":true}]}}