{"id":3385,"date":"2023-10-29T17:51:23","date_gmt":"2023-10-29T17:51:23","guid":{"rendered":"https:\/\/exceladvisor.org\/de\/fugen-sie-ein-neues-blatt-hinzu-1\/"},"modified":"2023-12-03T11:19:32","modified_gmt":"2023-12-03T11:19:32","slug":"fugen-sie-ein-neues-blatt-hinzu-1","status":"publish","type":"page","link":"https:\/\/exceladvisor.org\/de\/fugen-sie-ein-neues-blatt-hinzu-1\/","title":{"rendered":"Wie erstelle ich ein neues blatt mit vba-code?"},"content":{"rendered":"<div class=\"excel-vor-dem-inhalt\" id=\"excel-2268679943\"><script type=\"text\/javascript\">\r\n\tatOptions = {\r\n\t\t'key' : 'c1158f160081d6540a8409e6925dab94',\r\n\t\t'format' : 'iframe',\r\n\t\t'height' : 250,\r\n\t\t'width' : 300,\r\n\t\t'params' : {}\r\n\t};\r\n<\/script>\r\n<script type=\"text\/javascript\" src=\"\/\/www.highperformanceformat.com\/c1158f160081d6540a8409e6925dab94\/invoke.js\"><\/script><\/div> <p>Sobald Sie mit dem Erlernen von VBA beginnen, ist es eines der coolsten Dinge, die Sie tun k\u00f6nnen, VBA-Code zu schreiben, um ein neues Arbeitsblatt in eine Arbeitsmappe einzuf\u00fcgen.<\/p><p> Nun, es gibt bereits eine Tastenkombination zum Einf\u00fcgen eines neuen Arbeitsblatts oder Sie k\u00f6nnen auch die normale Option verwenden, aber der Vorteil der Verwendung von VBA-Code besteht darin, dass Sie mehrere Arbeitsbl\u00e4tter mit nur einem Klick hinzuf\u00fcgen k\u00f6nnen und auch definieren k\u00f6nnen, wo Sie hinzuf\u00fcgen m\u00f6chten Es.<\/p><p> Dazu m\u00fcssen Sie die Sheets.Add-Methode verwenden. In diesem Artikel erfahren Sie, wie Sie damit ein oder mehrere Arbeitsbl\u00e4tter zu einer Arbeitsmappe hinzuf\u00fcgen.<\/p><h2 class=\"wp-block-heading\"> Sheets.Add-Methode<\/h2><pre class=\"wp-block-code\"> <code class=\"language-visual-basic\" lang=\"visual-basic\">Sheets.Add ([Before], [After], [Count], [Type])<\/code><\/pre><ul><li> Vorher: um ein neues Blatt vor einem Blatt hinzuzuf\u00fcgen.<\/li><li> Nachher: Um das neue Blatt vor einem Blatt hinzuzuf\u00fcgen.<\/li><li> Anzahl: Anzahl der hinzuzuf\u00fcgenden Bl\u00e4tter.<\/li><li> Typ: Art des Blatts, das Sie hinzuf\u00fcgen m\u00f6chten ( <a href=\"https:\/\/docs.microsoft.com\/en-us\/office\/vba\/api\/excel.xlsheettype\" target=\"_blank\" rel=\"noreferrer noopener\" aria-label=\"LINK (opens in a new tab)\">LINK<\/a> )<\/li><\/ul><h2 class=\"wp-block-heading\"> Schreiben Sie VBA-Code, um einer Arbeitsmappe ein neues Blatt hinzuzuf\u00fcgen<\/h2><p> \u00d6ffnen Sie den Visual Basic-Editor und befolgen Sie diese Schritte.<\/p><ul><li> Zuerst m\u00fcssen Sie die Sheets.Add-Methode eingeben.<\/li><li> Als n\u00e4chstes m\u00fcssen Sie definieren, wo das neue Blatt hinzugef\u00fcgt werden soll (Vorher oder Nachher).<\/li><li> Als n\u00e4chstes geben Sie die Anzahl der Arbeitsbl\u00e4tter ein.<\/li><li> Letztendlich die Art des Blattes. <\/li><\/ul><div class=\"wp-block-image\"><figure class=\"aligncenter size-large is-resized\"><img loading=\"lazy\" decoding=\"async\" class=\"wp-image-47897\" src=\"https:\/\/exceladvisor.org\/wp-content\/uploads\/2023\/08\/ajouter-des-feuilles-ajouter-une-methode-vba.png\" sizes=\"auto, \" srcset=\"\" alt=\"Add-Sheets-Add-VBA-Methode\" width=\"597\" height=\"161\"><\/figure><\/div><h2 class=\"wp-block-heading\"> Verschiedene M\u00f6glichkeiten zum Hinzuf\u00fcgen neuer Bl\u00e4tter zu einer Arbeitsmappe mithilfe von VBA-Code<\/h2><p> Im Folgenden finden Sie verschiedene M\u00f6glichkeiten, ein neues Blatt zu einer Arbeitsmappe hinzuzuf\u00fcgen:<\/p><h3 class=\"wp-block-heading\"> 1. F\u00fcgen Sie ein einzelnes Blatt hinzu<\/h3><p> Um ein einzelnes Blatt hinzuzuf\u00fcgen, k\u00f6nnen Sie den folgenden Code verwenden, wobei Sie keine Argumente angegeben haben.<\/p><pre class=\"wp-block-code\"> <code class=\"language-visual-basic\" lang=\"visual-basic\">Sub SheetAddExample1() ActiveWorkbook.Sheets.Add End Sub<\/code><\/pre><p> Dieser Code weist Excel an, ein Blatt zur aktiven Arbeitsmappe hinzuzuf\u00fcgen. Da Sie jedoch keine Argumente haben, verwendet es die Standardeinstellungen und f\u00fcgt vor dem aktiven Blatt ein Arbeitsblatt (xlWorksheet) hinzu.<\/p><p> Hier ist eine andere M\u00f6glichkeit, dies zu schreiben, siehe den Code unten.<\/p><pre class=\"wp-block-code\"> <code class=\"language-visual-basic\" lang=\"visual-basic\">Sub SheetAddExample2() Sheets.Add End Sub<\/code><\/pre><p> Da Sie sich bereits in der aktiven Arbeitsmappe befinden, k\u00f6nnen Sie auch den folgenden Code verwenden. Er macht das Gleiche.<\/p><h3 class=\"wp-block-heading\"> 2. F\u00fcgen Sie mehrere Bl\u00e4tter hinzu<\/h3><p> Um mehrere Bl\u00e4tter auf einmal hinzuzuf\u00fcgen, setzen Sie einfach das COUNT-Argument auf die Anzahl der Bl\u00e4tter, die Sie hinzuf\u00fcgen m\u00f6chten.<\/p><pre class=\"wp-block-code\"> <code class=\"language-visual-basic\" lang=\"visual-basic\">Sub AddSheets3() Sheets.Add Count:=5 End Sub<\/code><\/pre><p> Jetzt betr\u00e4gt die Anzahl der von Ihnen festgelegten Bl\u00e4tter 5. Wenn Sie diesen Code ausf\u00fchren, werden die f\u00fcnf neuen Bl\u00e4tter sofort zur Arbeitsmappe hinzugef\u00fcgt.<\/p><h3 class=\"wp-block-heading\"> 3. F\u00fcgen Sie ein Blatt mit einem Namen hinzu<\/h3><p> Wenn Sie das Blatt nach dem Hinzuf\u00fcgen umbenennen m\u00f6chten, k\u00f6nnen Sie den folgenden Code verwenden:<\/p><pre class=\"wp-block-code\"> <code class=\"language-visual-basic\" lang=\"visual-basic\">Sub AddNewSheetswithNameExample1() Sheets.Add.Name = \"myNewSHeet\" End Sub<\/code><\/pre><p> Im obigen Code haben wir das Namensobjekt ( <a href=\"https:\/\/docs.microsoft.com\/en-us\/office\/vba\/api\/excel.names\">LINK<\/a> ) verwendet, mit dessen Hilfe Sie den Namen eines Blatts angeben k\u00f6nnen.<\/p><h3 class=\"wp-block-heading\"> 4. F\u00fcgen Sie ein Blatt mit einem Namen aus einer Zelle hinzu<\/h3><p> Sie k\u00f6nnen den Wert, der als Blattname verwendet werden soll, auch aus einer Zelle \u00fcbernehmen.<\/p><pre class=\"wp-block-code\"> <code class=\"language-visual-basic\" lang=\"visual-basic\">Sub AddNewSheetswithNameExample2() Sheets.Add.Name = Range(\"A1\") End Sub<\/code><\/pre><p> Im obigen Code wird Zelle A1 verwendet, um den Namen des neuen Blatts abzurufen.<\/p><h3 class=\"wp-block-heading\"> 5. F\u00fcgen Sie ein Blatt nach\/vor einem bestimmten Blatt hinzu<\/h3><p> Da diese Argumente bereits in Sheets.Add vorhanden sind, k\u00f6nnen Sie das Blatt angeben, um davor oder danach ein neues Blatt hinzuzuf\u00fcgen.<\/p><pre class=\"wp-block-code\"> <code class=\"language-visual-basic\" lang=\"visual-basic\">Sub AddSheetsExample5() Sheets.Add Before:=Worksheets(\"mySheet\") Sheets.Add After:=Worksheets(\"mySheet\") End Sub<\/code><\/pre><p> Im obigen Code haben Sie nun zwei Codezeilen, die Sie vor und nach einem Argument in der Sheet.Add-Methode verwendet haben. Wenn Sie diesen Code ausf\u00fchren, werden also zwei Bl\u00e4tter hinzugef\u00fcgt, eines vor und eines nach \u201emySheet\u201c.<\/p><h3 class=\"wp-block-heading\"> 6. F\u00fcgen Sie am Anfang ein neues Blatt hinzu<\/h3><p> Mit dem Argument before using k\u00f6nnen Sie auch ein Blatt am Anfang der Bl\u00e4tter in der Arbeitsmappe hinzuf\u00fcgen.<\/p><p> Im Grunde werden wir also die Blattnummer anstelle des Blattnamens angeben.<\/p><pre class=\"wp-block-code\"> <code class=\"language-visual-basic\" lang=\"visual-basic\">Sub AddSheetsExample6() Sheets.Add Before:=Sheets(1) End Sub<\/code><\/pre><p> Im obigen Code haben Sie die Blattnummer (1) verwendet, die VBA anweist, das Blatt vor dem Blatt einzuf\u00fcgen, das sich in allen Arbeitsbl\u00e4ttern an der ersten Position befindet. Auf diese Weise wird das neue Blatt immer am Anfang hinzugef\u00fcgt.<\/p><h3 class=\"wp-block-heading\"> 7. F\u00fcgen Sie am Ende (nach dem letzten Blatt) ein neues Blatt hinzu.<\/h3><p> Um am Ende ein neues Blatt hinzuzuf\u00fcgen, m\u00fcssen Sie den Code anders schreiben. Dazu m\u00fcssen Sie also wissen, wie viele Bl\u00e4tter sich in der Arbeitsmappe befinden, damit Sie am Ende ein neues Blatt hinzuf\u00fcgen k\u00f6nnen.<\/p><pre class=\"wp-block-code\"> <code class=\"language-visual-basic line-numbers\" lang=\"visual-basic\">Sub AddSheetsExample8() Sheets.Add After:=Sheets(Sheets.Count) End Sub<\/code><\/pre><p> Im obigen Code gibt Sheet.Count die Anzahl der Bl\u00e4tter in der Arbeitsmappe zur\u00fcck, und da Sie das Argument \u201eafter\u201c festlegen, wird das neue Blatt nach dem letzten Blatt in der Arbeitsmappe hinzugef\u00fcgt.<\/p><h3 class=\"wp-block-heading\"> 8. F\u00fcgen Sie mehrere Bl\u00e4tter hinzu und verwenden Sie Bereichsnamen<\/h3><p> Der folgende Code z\u00e4hlt Zeilen im Bereich A1:A7. Danach f\u00fchrt es eine Schleife aus, um Bl\u00e4tter basierend auf der Bereichsanzahl hinzuzuf\u00fcgen, und verwendet die Bereichswerte, um das Blatt beim Hinzuf\u00fcgen zu benennen.<\/p><pre class=\"wp-block-code\"> <code class=\"language-visual-basic\" lang=\"visual-basic\">Sub AddSheetsExample9() Dim sheets_count As Integer Dim sheet_name As String Dim i As Integer sheet_count = Range(\"A1:A7\").Rows.Count For i = 1 To sheet_count sheet_name = Sheets(\"mySheet\").Range(\"A1:A7\").Cells(i, 1).Value Worksheets.Add().Name = sheet_name Next i End Sub<\/code><\/pre><p> Mit dem obigen Code ist es jedoch m\u00f6glich, dass der Name des Blatts, das Sie hinzuf\u00fcgen m\u00f6chten, bereits vorhanden ist oder dass sich im Namensbereich eine leere Zelle befindet.<\/p><p> In diesem Fall m\u00fcssen Sie einen Code schreiben, der pr\u00fcfen kann, ob das Blatt mit demselben Namen bereits existiert oder nicht und ob die Zelle, aus der Sie den Blattnamen \u00fcbernehmen m\u00f6chten, leer ist oder nicht.<\/p><p> Nur wenn beide Bedingungen erf\u00fcllt sind, sollte ein neues Blatt hinzugef\u00fcgt werden. Lassen Sie es mich in zwei Schritten formulieren:<\/p><p> <strong>Zun\u00e4chst<\/strong> m\u00fcssen Sie eine <a href=\"https:\/\/exceladvisor.org\/de\/benutzerdefinierte-funktion-2\/\">benutzerdefinierte Excel-Funktion<\/a> schreiben, um zu \u00fcberpr\u00fcfen, ob ein Blatt mit demselben Namen bereits vorhanden ist oder nicht.<\/p><pre class=\"wp-block-code\"> <code class=\"language-visual-basic\" lang=\"visual-basic\">Function SheetCheck(sheet_name As String) As Boolean Dim ws As Worksheet SheetCheck = False For Each ws In ThisWorkbook.Worksheets If ws.Name = sheet_name Then SheetCheck = True End If Next End Function<\/code><\/pre><p> Zweitens m\u00fcssen Sie mit dieser Funktion Code schreiben und dieser Code muss auch pr\u00fcfen, ob die Namenszelle leer ist oder nicht.<\/p><pre class=\"wp-block-code\"> <code class=\"language-visual-basic\" lang=\"visual-basic\">Sub AddMultipleSheet2() Dim sheets_count As Integer Dim sheet_name As String Dim i As Integer sheet_count = Range(\"A1:A7\").Rows.Count For i = 1 To sheet_count sheet_name = Sheets(\"mySheet\").Range(\"A1:A10\").Cells(i, 1).Value If SheetCheck(sheet_name) = False And sheet_name &lt;&gt; \"\" Then Worksheets.Add().Name = sheet_name End If Next i End Sub<\/code><\/pre><p> Im obigen Code haben Sie nun <a href=\"https:\/\/exceladvisor.org\/de\/wenn-2\/\" target=\"_blank\" rel=\"noreferrer noopener\" aria-label=\"VBA IF Statement (opens in a new tab)\">die VBA-IF-Anweisung<\/a> verwendet und in dieser Anweisung haben Sie eine Blattpr\u00fcffunktion, die den Blattnamen pr\u00fcft, und dann haben Sie eine Bedingung, um zu pr\u00fcfen, ob die Namenszelle einen leeren Wert hat.<\/p><p> <strong><a href=\"https:\/\/exceladvisor.org\/wp-content\/uploads\/2023\/11\/add-sheet-using-vba.zip\" target=\"_blank\" rel=\"noreferrer noopener nofollow\" aria-label=\"Sample File (opens in a new tab)\">Beispieldatei<\/a><\/strong><\/p><div class=\"gb-container gb-container-4db6181c gb-container-mt\"> <a class=\"gb-button gb-button-c5897111 gb-button-text gb-button-mt-button\" href=\"https:\/\/exceladvisor.org\/de\/vba\/\">Was ist VBA<\/a><h2 class=\"gb-headline gb-headline-665e5f6b gb-headline-text gb-headline-mt-heading\"> Verwandte Tutorials <\/h2><div class=\"gb-grid-wrapper gb-grid-wrapper-a20baf7c gb-grid-wrapper-mt-grid\"><div class=\"gb-grid-column gb-grid-column-65ddf67e\"><div class=\"gb-container gb-container-65ddf67e\"><ul><li> <a href=\"https:\/\/exceladvisor.org\/de\/klares-blatt\/\">L\u00d6SCHEN Sie ein ganzes Blatt mit VBA in Excel<\/a><\/li><li> <a href=\"https:\/\/exceladvisor.org\/de\/kopierblatt\/\">Kopieren und verschieben Sie ein Blatt in Excel mit VBA<\/a><\/li><li> <a href=\"https:\/\/exceladvisor.org\/de\/zahle-die-blatter\/\">COUNT Sheets mit VBA in Excel<\/a> <\/li><\/ul><\/div><\/div><div class=\"gb-grid-column gb-grid-column-50067b57\"><div class=\"gb-container gb-container-50067b57\"><ul><li> <a href=\"https:\/\/exceladvisor.org\/de\/arbeitsblatt-1\/\">VBA-Arbeitsblattobjekt<\/a><\/li><li> <a href=\"https:\/\/exceladvisor.org\/de\/blatt-aktivieren\/\">Aktivieren Sie ein Blatt mit VBA<\/a><\/li><li> <a href=\"https:\/\/exceladvisor.org\/de\/das-kontrollblatt-existiert\/\">VBA \u00dcberpr\u00fcfen Sie, ob ein Blatt vorhanden ist<\/a><\/li><\/ul><\/div><\/div><\/div><\/div>","protected":false},"excerpt":{"rendered":"","protected":false},"author":1,"featured_media":0,"parent":0,"menu_order":0,"comment_status":"open","ping_status":"closed","template":"","meta":{"ub_ctt_via":"","footnotes":""},"class_list":["post-3385","page","type-page","status-publish","hentry"],"featured_image_src":null,"yoast_head":"<!-- This site is optimized with the Yoast SEO plugin v25.4 - https:\/\/yoast.com\/wordpress\/plugins\/seo\/ -->\n<title>Wie erstelle ich ein neues Blatt mit VBA-Code?<\/title>\n<meta name=\"description\" content=\"Es gibt eine spezielle Methode namens SHEETS.ADD. Diese Methode \u00e4hnelt im Grunde einer Funktion, die wir\" \/>\n<meta name=\"robots\" content=\"index, follow, max-snippet:-1, max-image-preview:large, max-video-preview:-1\" \/>\n<link rel=\"canonical\" href=\"https:\/\/exceladvisor.org\/de\/fugen-sie-ein-neues-blatt-hinzu-1\/\" \/>\n<meta property=\"og:locale\" content=\"de_DE\" \/>\n<meta property=\"og:type\" content=\"article\" \/>\n<meta property=\"og:title\" content=\"Wie erstelle ich ein neues Blatt mit VBA-Code?\" \/>\n<meta property=\"og:description\" content=\"Es gibt eine spezielle Methode namens SHEETS.ADD. Diese Methode \u00e4hnelt im Grunde einer Funktion, die wir\" \/>\n<meta property=\"og:url\" content=\"https:\/\/exceladvisor.org\/de\/fugen-sie-ein-neues-blatt-hinzu-1\/\" \/>\n<meta property=\"og:site_name\" content=\"Excel Advisor\" \/>\n<meta property=\"article:modified_time\" content=\"2023-12-03T11:19:32+00:00\" \/>\n<meta property=\"og:image\" content=\"https:\/\/exceladvisor.org\/wp-content\/uploads\/2023\/08\/ajouter-des-feuilles-ajouter-une-methode-vba.png\" \/>\n<meta name=\"twitter:card\" content=\"summary_large_image\" \/>\n<meta name=\"twitter:label1\" content=\"Gesch\u00e4tzte Lesezeit\" \/>\n\t<meta name=\"twitter:data1\" content=\"6\u00a0Minuten\" \/>\n<script type=\"application\/ld+json\" class=\"yoast-schema-graph\">{\"@context\":\"https:\/\/schema.org\",\"@graph\":[{\"@type\":\"WebPage\",\"@id\":\"https:\/\/exceladvisor.org\/de\/fugen-sie-ein-neues-blatt-hinzu-1\/\",\"url\":\"https:\/\/exceladvisor.org\/de\/fugen-sie-ein-neues-blatt-hinzu-1\/\",\"name\":\"Wie erstelle ich ein neues Blatt mit VBA-Code?\",\"isPartOf\":{\"@id\":\"https:\/\/exceladvisor.org\/de\/#website\"},\"primaryImageOfPage\":{\"@id\":\"https:\/\/exceladvisor.org\/de\/fugen-sie-ein-neues-blatt-hinzu-1\/#primaryimage\"},\"image\":{\"@id\":\"https:\/\/exceladvisor.org\/de\/fugen-sie-ein-neues-blatt-hinzu-1\/#primaryimage\"},\"thumbnailUrl\":\"https:\/\/exceladvisor.org\/wp-content\/uploads\/2023\/08\/ajouter-des-feuilles-ajouter-une-methode-vba.png\",\"datePublished\":\"2023-10-29T17:51:23+00:00\",\"dateModified\":\"2023-12-03T11:19:32+00:00\",\"description\":\"Es gibt eine spezielle Methode namens SHEETS.ADD. Diese Methode \u00e4hnelt im Grunde einer Funktion, die wir\",\"breadcrumb\":{\"@id\":\"https:\/\/exceladvisor.org\/de\/fugen-sie-ein-neues-blatt-hinzu-1\/#breadcrumb\"},\"inLanguage\":\"de\",\"potentialAction\":[{\"@type\":\"ReadAction\",\"target\":[\"https:\/\/exceladvisor.org\/de\/fugen-sie-ein-neues-blatt-hinzu-1\/\"]}]},{\"@type\":\"ImageObject\",\"inLanguage\":\"de\",\"@id\":\"https:\/\/exceladvisor.org\/de\/fugen-sie-ein-neues-blatt-hinzu-1\/#primaryimage\",\"url\":\"https:\/\/exceladvisor.org\/wp-content\/uploads\/2023\/08\/ajouter-des-feuilles-ajouter-une-methode-vba.png\",\"contentUrl\":\"https:\/\/exceladvisor.org\/wp-content\/uploads\/2023\/08\/ajouter-des-feuilles-ajouter-une-methode-vba.png\"},{\"@type\":\"BreadcrumbList\",\"@id\":\"https:\/\/exceladvisor.org\/de\/fugen-sie-ein-neues-blatt-hinzu-1\/#breadcrumb\",\"itemListElement\":[{\"@type\":\"ListItem\",\"position\":1,\"name\":\"Accueil\",\"item\":\"https:\/\/exceladvisor.org\/de\/\"},{\"@type\":\"ListItem\",\"position\":2,\"name\":\"Wie erstelle ich ein neues blatt mit vba-code?\"}]},{\"@type\":\"WebSite\",\"@id\":\"https:\/\/exceladvisor.org\/de\/#website\",\"url\":\"https:\/\/exceladvisor.org\/de\/\",\"name\":\"Excel Advisor\",\"description\":\"Ihr Leitfaden zur Datendominanz\",\"publisher\":{\"@id\":\"https:\/\/exceladvisor.org\/de\/#organization\"},\"potentialAction\":[{\"@type\":\"SearchAction\",\"target\":{\"@type\":\"EntryPoint\",\"urlTemplate\":\"https:\/\/exceladvisor.org\/de\/?s={search_term_string}\"},\"query-input\":{\"@type\":\"PropertyValueSpecification\",\"valueRequired\":true,\"valueName\":\"search_term_string\"}}],\"inLanguage\":\"de\"},{\"@type\":\"Organization\",\"@id\":\"https:\/\/exceladvisor.org\/de\/#organization\",\"name\":\"Excel Advisor\",\"url\":\"https:\/\/exceladvisor.org\/de\/\",\"logo\":{\"@type\":\"ImageObject\",\"inLanguage\":\"de\",\"@id\":\"https:\/\/exceladvisor.org\/de\/#\/schema\/logo\/image\/\",\"url\":\"https:\/\/exceladvisor.org\/de\/wp-content\/uploads\/2023\/11\/exceladvisor.org_.png\",\"contentUrl\":\"https:\/\/exceladvisor.org\/de\/wp-content\/uploads\/2023\/11\/exceladvisor.org_.png\",\"width\":105,\"height\":36,\"caption\":\"Excel Advisor\"},\"image\":{\"@id\":\"https:\/\/exceladvisor.org\/de\/#\/schema\/logo\/image\/\"}}]}<\/script>\n<!-- \/ Yoast SEO plugin. -->","yoast_head_json":{"title":"Wie erstelle ich ein neues Blatt mit VBA-Code?","description":"Es gibt eine spezielle Methode namens SHEETS.ADD. Diese Methode \u00e4hnelt im Grunde einer Funktion, die wir","robots":{"index":"index","follow":"follow","max-snippet":"max-snippet:-1","max-image-preview":"max-image-preview:large","max-video-preview":"max-video-preview:-1"},"canonical":"https:\/\/exceladvisor.org\/de\/fugen-sie-ein-neues-blatt-hinzu-1\/","og_locale":"de_DE","og_type":"article","og_title":"Wie erstelle ich ein neues Blatt mit VBA-Code?","og_description":"Es gibt eine spezielle Methode namens SHEETS.ADD. Diese Methode \u00e4hnelt im Grunde einer Funktion, die wir","og_url":"https:\/\/exceladvisor.org\/de\/fugen-sie-ein-neues-blatt-hinzu-1\/","og_site_name":"Excel Advisor","article_modified_time":"2023-12-03T11:19:32+00:00","og_image":[{"url":"https:\/\/exceladvisor.org\/wp-content\/uploads\/2023\/08\/ajouter-des-feuilles-ajouter-une-methode-vba.png","type":"","width":"","height":""}],"twitter_card":"summary_large_image","twitter_misc":{"Gesch\u00e4tzte Lesezeit":"6\u00a0Minuten"},"schema":{"@context":"https:\/\/schema.org","@graph":[{"@type":"WebPage","@id":"https:\/\/exceladvisor.org\/de\/fugen-sie-ein-neues-blatt-hinzu-1\/","url":"https:\/\/exceladvisor.org\/de\/fugen-sie-ein-neues-blatt-hinzu-1\/","name":"Wie erstelle ich ein neues Blatt mit VBA-Code?","isPartOf":{"@id":"https:\/\/exceladvisor.org\/de\/#website"},"primaryImageOfPage":{"@id":"https:\/\/exceladvisor.org\/de\/fugen-sie-ein-neues-blatt-hinzu-1\/#primaryimage"},"image":{"@id":"https:\/\/exceladvisor.org\/de\/fugen-sie-ein-neues-blatt-hinzu-1\/#primaryimage"},"thumbnailUrl":"https:\/\/exceladvisor.org\/wp-content\/uploads\/2023\/08\/ajouter-des-feuilles-ajouter-une-methode-vba.png","datePublished":"2023-10-29T17:51:23+00:00","dateModified":"2023-12-03T11:19:32+00:00","description":"Es gibt eine spezielle Methode namens SHEETS.ADD. Diese Methode \u00e4hnelt im Grunde einer Funktion, die wir","breadcrumb":{"@id":"https:\/\/exceladvisor.org\/de\/fugen-sie-ein-neues-blatt-hinzu-1\/#breadcrumb"},"inLanguage":"de","potentialAction":[{"@type":"ReadAction","target":["https:\/\/exceladvisor.org\/de\/fugen-sie-ein-neues-blatt-hinzu-1\/"]}]},{"@type":"ImageObject","inLanguage":"de","@id":"https:\/\/exceladvisor.org\/de\/fugen-sie-ein-neues-blatt-hinzu-1\/#primaryimage","url":"https:\/\/exceladvisor.org\/wp-content\/uploads\/2023\/08\/ajouter-des-feuilles-ajouter-une-methode-vba.png","contentUrl":"https:\/\/exceladvisor.org\/wp-content\/uploads\/2023\/08\/ajouter-des-feuilles-ajouter-une-methode-vba.png"},{"@type":"BreadcrumbList","@id":"https:\/\/exceladvisor.org\/de\/fugen-sie-ein-neues-blatt-hinzu-1\/#breadcrumb","itemListElement":[{"@type":"ListItem","position":1,"name":"Accueil","item":"https:\/\/exceladvisor.org\/de\/"},{"@type":"ListItem","position":2,"name":"Wie erstelle ich ein neues blatt mit vba-code?"}]},{"@type":"WebSite","@id":"https:\/\/exceladvisor.org\/de\/#website","url":"https:\/\/exceladvisor.org\/de\/","name":"Excel Advisor","description":"Ihr Leitfaden zur Datendominanz","publisher":{"@id":"https:\/\/exceladvisor.org\/de\/#organization"},"potentialAction":[{"@type":"SearchAction","target":{"@type":"EntryPoint","urlTemplate":"https:\/\/exceladvisor.org\/de\/?s={search_term_string}"},"query-input":{"@type":"PropertyValueSpecification","valueRequired":true,"valueName":"search_term_string"}}],"inLanguage":"de"},{"@type":"Organization","@id":"https:\/\/exceladvisor.org\/de\/#organization","name":"Excel Advisor","url":"https:\/\/exceladvisor.org\/de\/","logo":{"@type":"ImageObject","inLanguage":"de","@id":"https:\/\/exceladvisor.org\/de\/#\/schema\/logo\/image\/","url":"https:\/\/exceladvisor.org\/de\/wp-content\/uploads\/2023\/11\/exceladvisor.org_.png","contentUrl":"https:\/\/exceladvisor.org\/de\/wp-content\/uploads\/2023\/11\/exceladvisor.org_.png","width":105,"height":36,"caption":"Excel Advisor"},"image":{"@id":"https:\/\/exceladvisor.org\/de\/#\/schema\/logo\/image\/"}}]}},"yoast_meta":{"yoast_wpseo_title":"","yoast_wpseo_metadesc":"","yoast_wpseo_canonical":""},"_links":{"self":[{"href":"https:\/\/exceladvisor.org\/de\/wp-json\/wp\/v2\/pages\/3385","targetHints":{"allow":["GET"]}}],"collection":[{"href":"https:\/\/exceladvisor.org\/de\/wp-json\/wp\/v2\/pages"}],"about":[{"href":"https:\/\/exceladvisor.org\/de\/wp-json\/wp\/v2\/types\/page"}],"author":[{"embeddable":true,"href":"https:\/\/exceladvisor.org\/de\/wp-json\/wp\/v2\/users\/1"}],"replies":[{"embeddable":true,"href":"https:\/\/exceladvisor.org\/de\/wp-json\/wp\/v2\/comments?post=3385"}],"version-history":[{"count":1,"href":"https:\/\/exceladvisor.org\/de\/wp-json\/wp\/v2\/pages\/3385\/revisions"}],"predecessor-version":[{"id":3942,"href":"https:\/\/exceladvisor.org\/de\/wp-json\/wp\/v2\/pages\/3385\/revisions\/3942"}],"wp:attachment":[{"href":"https:\/\/exceladvisor.org\/de\/wp-json\/wp\/v2\/media?parent=3385"}],"curies":[{"name":"wp","href":"https:\/\/api.w.org\/{rel}","templated":true}]}}