{"id":3386,"date":"2023-10-29T08:44:46","date_gmt":"2023-10-29T08:44:46","guid":{"rendered":"https:\/\/exceladvisor.org\/de\/dropdown-liste-entfernen\/"},"modified":"2023-12-03T11:14:27","modified_gmt":"2023-12-03T11:14:27","slug":"dropdown-liste-entfernen","status":"publish","type":"page","link":"https:\/\/exceladvisor.org\/de\/dropdown-liste-entfernen\/","title":{"rendered":"Wie entferne ich eine dropdown-liste in excel?"},"content":{"rendered":"<div class=\"excel-vor-dem-inhalt\" id=\"excel-205198409\"><script type=\"text\/javascript\">\r\n\tatOptions = {\r\n\t\t'key' : 'c1158f160081d6540a8409e6925dab94',\r\n\t\t'format' : 'iframe',\r\n\t\t'height' : 250,\r\n\t\t'width' : 300,\r\n\t\t'params' : {}\r\n\t};\r\n<\/script>\r\n<script type=\"text\/javascript\" src=\"\/\/www.highperformanceformat.com\/c1158f160081d6540a8409e6925dab94\/invoke.js\"><\/script><\/div> <p>Wenn Sie in Excel eine Dropdown-Liste verwenden und diese nicht mehr ben\u00f6tigen, l\u00f6schen Sie sie am besten, um die Zelle f\u00fcr die Eingabe aller Arten von Daten freizugeben. Wir haben in diesem Tutorial drei Methoden besprochen:<\/p><ul><li> Die erste Methode <strong>l\u00f6scht nur das Dropdown-Men\u00fc<\/strong> , nicht den Wert, den Sie in der Zelle haben.<\/li><li> Die zweite Methode <strong>l\u00f6scht die Dropdown-Liste sowie den Zellenwert<\/strong> .<\/li><li> Die dritte Methode <strong>l\u00f6scht die Zelle vollst\u00e4ndig<\/strong> .<\/li><\/ul><p> Der schnellste Weg, die Dropdown-Liste zu entfernen, ist die Verwendung der Tastenkombination Alt \u21e2 H \u21e2 E \u21e2 A.<\/p><h2 class=\"wp-block-heading\"> Schritte zum L\u00f6schen einer Dropdown-Liste<\/h2><p> Gehen Sie folgenderma\u00dfen vor, um eine Dropdown-Liste zu entfernen:<\/p><ol><li> W\u00e4hlen Sie zun\u00e4chst die Zelle oder den Zellbereich aus, in der sich das Dropdown-Men\u00fc zur Datenvalidierung befindet. <br><img loading=\"lazy\" decoding=\"async\" title=\"1-Zelle oder Zellbereich ausw\u00e4hlen\" src=\"https:\/\/exceladvisor.org\/wp-content\/uploads\/2023\/08\/1-selectionner-une-cellule-ou-une-plage-de-cellules.png\" sizes=\"auto, \" srcset=\"\" alt=\"select-cell-or-range-of-cells\" width=\"345\" height=\"210\"><\/li><li> Gehen Sie danach zur Registerkarte \u201eDaten\u201c \u21e2 Daten \u21e2 Datenvalidierung \u21e2 Datenvalidierung (Sie k\u00f6nnen auch die Tastenkombination Alt \u21e2 A \u21e2 V \u21e2 V verwenden). <br><img loading=\"lazy\" decoding=\"async\" title=\"2-Datenvalidierungsoption\" src=\"https:\/\/exceladvisor.org\/wp-content\/uploads\/2023\/08\/2-options-de-validation-des-donnees.png\" sizes=\"auto, \" srcset=\"\" alt=\"data-validation-option\" width=\"588\" height=\"297\"><\/li><li> Jetzt haben Sie das Dialogfeld \u201eDatenvalidierung\u201c und m\u00fcssen auf die Schaltfl\u00e4che \u201eAlle l\u00f6schen\u201c klicken. <br><img loading=\"lazy\" decoding=\"async\" title=\"3-Datenvalidierungsdialogfeld\" src=\"https:\/\/exceladvisor.org\/wp-content\/uploads\/2023\/08\/3-boite-de-dialogue-de-validation-des-donnees.png\" sizes=\"auto, \" srcset=\"\" alt=\"data-validation-dialog-box\" width=\"585\" height=\"437\"><\/li><li> Klicken Sie abschlie\u00dfend auf OK, um das Dialogfeld zur Datenvalidierung zu schlie\u00dfen. <br><img loading=\"lazy\" decoding=\"async\" title=\"4-Datenvalidierungsdialog schlie\u00dfen\" src=\"https:\/\/exceladvisor.org\/wp-content\/uploads\/2023\/08\/4-fermer-la-boite-de-dialogue-de-validation-des-donnees.png\" sizes=\"auto, \" srcset=\"\" alt=\"close-the-data-validation-dialog-box\" width=\"319\" height=\"251\"><\/li><\/ol><p> Wie Sie sehen, ist der Wert in der Zelle immer noch vorhanden und nicht gel\u00f6scht.<\/p><h2 class=\"wp-block-heading\"> Entfernen Sie die Dropdown-Liste mit der Option \u201eAlle l\u00f6schen\u201c.<\/h2><ol><li> W\u00e4hlen Sie zun\u00e4chst die Zelle mit der Dropdown-Liste aus. <br><img loading=\"lazy\" decoding=\"async\" title=\"5-Auswahl-Zellen-haben-Dropdown-Liste\" src=\"https:\/\/exceladvisor.org\/wp-content\/uploads\/2023\/08\/5-selectionner-une-cellule-avec-une-liste-deroulante.png\" sizes=\"auto, \" srcset=\"\" alt=\"select-cell-have-dropdown-list\" width=\"369\" height=\"224\"><\/li><li> Gehen Sie anschlie\u00dfend zur Registerkarte \u201eStartseite\u201c \u21e2 Bearbeiten \u21e2 Alle l\u00f6schen. <br><img loading=\"lazy\" decoding=\"async\" title=\"Option, alles mit 6 Klicks zu l\u00f6schen\" src=\"https:\/\/exceladvisor.org\/wp-content\/uploads\/2023\/08\/6-cliquez-sur-Effacer-toutes-les-options.png\" sizes=\"auto, \" srcset=\"\" alt=\"click-clear-all-option\" width=\"402\" height=\"324\"><\/li><li> Klicken Sie nun hier auf die Option \u201eAlle l\u00f6schen\u201c.<\/li><\/ol><p> Sobald Sie auf die Option klicken, wird alles aus der Zelle gel\u00f6scht, einschlie\u00dflich der Dropdown-Liste, die Sie in der Zelle haben. <\/p><div class=\"wp-block-image\"><figure class=\"aligncenter size-full is-resized\"><img loading=\"lazy\" decoding=\"async\" class=\"wp-image-72490\" src=\"https:\/\/exceladvisor.org\/wp-content\/uploads\/2023\/08\/7-tout-est-efface-de-la-cellule.png\" sizes=\"auto, \" srcset=\"\" alt=\"alles-wird-aus-der-zelle-eliminiert\" width=\"278\" height=\"202\"><\/figure><\/div><p class=\"mynote\"> Sie <kbd>k\u00f6nnen<\/kbd> <kbd>den<\/kbd> <a href=\"https:\/\/exceladvisor.org\/de\/klarer-inhalt\/\">Zelleninhalt<\/a> auch mit <kbd>der<\/kbd> <a href=\"https:\/\/exceladvisor.org\/de\/tastaturkurzel\/\">Tastenkombination<\/a> <kbd>Alt\u21e2H\u21e2E\u21e2A<\/kbd> l\u00f6schen. Dar\u00fcber hinaus k\u00f6nnen Sie im Kontextmen\u00fc mit der Option \u201eInhalt l\u00f6schen\u201c die Dropdown-Liste aus der Zelle entfernen. <\/p><div class=\"wp-block-image\"><figure class=\"aligncenter size-full is-resized\"><img loading=\"lazy\" decoding=\"async\" class=\"wp-image-72491\" src=\"https:\/\/exceladvisor.org\/wp-content\/uploads\/2023\/08\/8-clic-droit-effacer-le-contenu.png\" sizes=\"auto, \" srcset=\"\" alt=\"Rechtsklick-Inhalte l\u00f6schen\" width=\"325\" height=\"438\"><\/figure><\/div><h2 class=\"wp-block-heading\"> L\u00f6schen Sie die Zelle vollst\u00e4ndig, um die Dropdown-Liste zu entfernen<\/h2><p> Es kann vorkommen, dass Sie die Zelle l\u00f6schen m\u00f6chten, um die Dropdown-Liste zu entfernen.<\/p><ol><li> W\u00e4hlen Sie zun\u00e4chst die Zelle aus und klicken Sie mit der rechten Maustaste darauf.<\/li><li> Klicken Sie im Kontextmen\u00fc auf die Option \u201eL\u00f6schen\u201c. <br><img loading=\"lazy\" decoding=\"async\" title=\"9-Zelle vollst\u00e4ndig l\u00f6schen\" src=\"https:\/\/exceladvisor.org\/wp-content\/uploads\/2023\/08\/9-supprimer-entierement-la-cellule.png\" sizes=\"auto, \" srcset=\"\" alt=\"delete-cell-entirely\" width=\"393\" height=\"414\"><\/li><li> Hier haben Sie nun das Dialogfeld zum L\u00f6schen der Zelle. <br><img loading=\"lazy\" decoding=\"async\" title=\"10-Dialog-L\u00f6schen\" src=\"https:\/\/exceladvisor.org\/wp-content\/uploads\/2023\/08\/10-boite-de-dialogue-de-suppression.png\" sizes=\"auto, \" srcset=\"\" alt=\"delete-dialog-box\" width=\"241\" height=\"239\"><\/li><li> W\u00e4hlen Sie dort eine der beiden oben genannten Optionen und klicken Sie auf OK, um die Zelle zu l\u00f6schen.<\/li><\/ol><p> Dadurch wird die Datenvalidierung aus der ausgew\u00e4hlten Zelle entfernt, die ebenfalls verschwindet.<\/p><div class=\"gb-container gb-container-4db6181c gb-container-mt\"> <a class=\"gb-button gb-button-c5897111 gb-button-text gb-button-mt-button\" href=\"https:\/\/exceladvisor.org\/de\/excel-fortschritt\/\">Erweiterte Excel-Tutorials<\/a><h2 class=\"gb-headline gb-headline-665e5f6b gb-headline-text gb-headline-mt-heading\"> Verwandte Tutorials <\/h2><div class=\"gb-grid-wrapper gb-grid-wrapper-a20baf7c gb-grid-wrapper-mt-grid\"><div class=\"gb-grid-column gb-grid-column-65ddf67e\"><div class=\"gb-container gb-container-65ddf67e\"><ul><li> <a href=\"https:\/\/exceladvisor.org\/de\/datumsbereich-der-datenvalidierung\/\">Datenvalidierung mit Datumsbereich<\/a><\/li><li> <a href=\"https:\/\/exceladvisor.org\/de\/abhangige-dropdown-liste\/\">Abh\u00e4ngige Dropdown-Liste in Excel<\/a><\/li><li> <a href=\"https:\/\/exceladvisor.org\/de\/dynamische-liste\/\">Dynamische Dropdown-Liste in Excel<\/a> <\/li><\/ul><\/div><\/div><div class=\"gb-grid-column gb-grid-column-50067b57\"><div class=\"gb-container gb-container-50067b57\"><\/div><\/div><\/div><\/div>","protected":false},"excerpt":{"rendered":"","protected":false},"author":1,"featured_media":0,"parent":0,"menu_order":0,"comment_status":"open","ping_status":"closed","template":"","meta":{"ub_ctt_via":"","footnotes":""},"class_list":["post-3386","page","type-page","status-publish","hentry"],"featured_image_src":null,"yoast_head":"<!-- This site is optimized with the Yoast SEO plugin v25.4 - https:\/\/yoast.com\/wordpress\/plugins\/seo\/ -->\n<title>Wie entferne ich eine Dropdown-Liste in Excel?<\/title>\n<meta name=\"description\" content=\"In diesem Tutorial erfahren Sie, wie Sie mit verschiedenen Methoden eine Dropdown-Liste aus einer Zelle in Excel entfernen.\" \/>\n<meta name=\"robots\" content=\"index, follow, max-snippet:-1, max-image-preview:large, max-video-preview:-1\" \/>\n<link rel=\"canonical\" href=\"https:\/\/exceladvisor.org\/de\/dropdown-liste-entfernen\/\" \/>\n<meta property=\"og:locale\" content=\"de_DE\" \/>\n<meta property=\"og:type\" content=\"article\" \/>\n<meta property=\"og:title\" content=\"Wie entferne ich eine Dropdown-Liste in Excel?\" \/>\n<meta property=\"og:description\" content=\"In diesem Tutorial erfahren Sie, wie Sie mit verschiedenen Methoden eine Dropdown-Liste aus einer Zelle in Excel entfernen.\" \/>\n<meta property=\"og:url\" content=\"https:\/\/exceladvisor.org\/de\/dropdown-liste-entfernen\/\" \/>\n<meta property=\"og:site_name\" content=\"Excel Advisor\" \/>\n<meta property=\"article:modified_time\" content=\"2023-12-03T11:14:27+00:00\" \/>\n<meta property=\"og:image\" content=\"https:\/\/exceladvisor.org\/wp-content\/uploads\/2023\/08\/1-selectionner-une-cellule-ou-une-plage-de-cellules.png\" \/>\n<meta name=\"twitter:card\" content=\"summary_large_image\" \/>\n<meta name=\"twitter:label1\" content=\"Gesch\u00e4tzte Lesezeit\" \/>\n\t<meta name=\"twitter:data1\" content=\"2\u00a0Minuten\" \/>\n<script type=\"application\/ld+json\" class=\"yoast-schema-graph\">{\"@context\":\"https:\/\/schema.org\",\"@graph\":[{\"@type\":\"WebPage\",\"@id\":\"https:\/\/exceladvisor.org\/de\/dropdown-liste-entfernen\/\",\"url\":\"https:\/\/exceladvisor.org\/de\/dropdown-liste-entfernen\/\",\"name\":\"Wie entferne ich eine Dropdown-Liste in Excel?\",\"isPartOf\":{\"@id\":\"https:\/\/exceladvisor.org\/de\/#website\"},\"primaryImageOfPage\":{\"@id\":\"https:\/\/exceladvisor.org\/de\/dropdown-liste-entfernen\/#primaryimage\"},\"image\":{\"@id\":\"https:\/\/exceladvisor.org\/de\/dropdown-liste-entfernen\/#primaryimage\"},\"thumbnailUrl\":\"https:\/\/exceladvisor.org\/wp-content\/uploads\/2023\/08\/1-selectionner-une-cellule-ou-une-plage-de-cellules.png\",\"datePublished\":\"2023-10-29T08:44:46+00:00\",\"dateModified\":\"2023-12-03T11:14:27+00:00\",\"description\":\"In diesem Tutorial erfahren Sie, wie Sie mit verschiedenen Methoden eine Dropdown-Liste aus einer Zelle in Excel entfernen.\",\"breadcrumb\":{\"@id\":\"https:\/\/exceladvisor.org\/de\/dropdown-liste-entfernen\/#breadcrumb\"},\"inLanguage\":\"de\",\"potentialAction\":[{\"@type\":\"ReadAction\",\"target\":[\"https:\/\/exceladvisor.org\/de\/dropdown-liste-entfernen\/\"]}]},{\"@type\":\"ImageObject\",\"inLanguage\":\"de\",\"@id\":\"https:\/\/exceladvisor.org\/de\/dropdown-liste-entfernen\/#primaryimage\",\"url\":\"https:\/\/exceladvisor.org\/wp-content\/uploads\/2023\/08\/1-selectionner-une-cellule-ou-une-plage-de-cellules.png\",\"contentUrl\":\"https:\/\/exceladvisor.org\/wp-content\/uploads\/2023\/08\/1-selectionner-une-cellule-ou-une-plage-de-cellules.png\"},{\"@type\":\"BreadcrumbList\",\"@id\":\"https:\/\/exceladvisor.org\/de\/dropdown-liste-entfernen\/#breadcrumb\",\"itemListElement\":[{\"@type\":\"ListItem\",\"position\":1,\"name\":\"Accueil\",\"item\":\"https:\/\/exceladvisor.org\/de\/\"},{\"@type\":\"ListItem\",\"position\":2,\"name\":\"Wie entferne ich eine dropdown-liste in excel?\"}]},{\"@type\":\"WebSite\",\"@id\":\"https:\/\/exceladvisor.org\/de\/#website\",\"url\":\"https:\/\/exceladvisor.org\/de\/\",\"name\":\"Excel Advisor\",\"description\":\"Ihr Leitfaden zur Datendominanz\",\"publisher\":{\"@id\":\"https:\/\/exceladvisor.org\/de\/#organization\"},\"potentialAction\":[{\"@type\":\"SearchAction\",\"target\":{\"@type\":\"EntryPoint\",\"urlTemplate\":\"https:\/\/exceladvisor.org\/de\/?s={search_term_string}\"},\"query-input\":{\"@type\":\"PropertyValueSpecification\",\"valueRequired\":true,\"valueName\":\"search_term_string\"}}],\"inLanguage\":\"de\"},{\"@type\":\"Organization\",\"@id\":\"https:\/\/exceladvisor.org\/de\/#organization\",\"name\":\"Excel Advisor\",\"url\":\"https:\/\/exceladvisor.org\/de\/\",\"logo\":{\"@type\":\"ImageObject\",\"inLanguage\":\"de\",\"@id\":\"https:\/\/exceladvisor.org\/de\/#\/schema\/logo\/image\/\",\"url\":\"https:\/\/exceladvisor.org\/de\/wp-content\/uploads\/2023\/11\/exceladvisor.org_.png\",\"contentUrl\":\"https:\/\/exceladvisor.org\/de\/wp-content\/uploads\/2023\/11\/exceladvisor.org_.png\",\"width\":105,\"height\":36,\"caption\":\"Excel Advisor\"},\"image\":{\"@id\":\"https:\/\/exceladvisor.org\/de\/#\/schema\/logo\/image\/\"}}]}<\/script>\n<!-- \/ Yoast SEO plugin. -->","yoast_head_json":{"title":"Wie entferne ich eine Dropdown-Liste in Excel?","description":"In diesem Tutorial erfahren Sie, wie Sie mit verschiedenen Methoden eine Dropdown-Liste aus einer Zelle in Excel entfernen.","robots":{"index":"index","follow":"follow","max-snippet":"max-snippet:-1","max-image-preview":"max-image-preview:large","max-video-preview":"max-video-preview:-1"},"canonical":"https:\/\/exceladvisor.org\/de\/dropdown-liste-entfernen\/","og_locale":"de_DE","og_type":"article","og_title":"Wie entferne ich eine Dropdown-Liste in Excel?","og_description":"In diesem Tutorial erfahren Sie, wie Sie mit verschiedenen Methoden eine Dropdown-Liste aus einer Zelle in Excel entfernen.","og_url":"https:\/\/exceladvisor.org\/de\/dropdown-liste-entfernen\/","og_site_name":"Excel Advisor","article_modified_time":"2023-12-03T11:14:27+00:00","og_image":[{"url":"https:\/\/exceladvisor.org\/wp-content\/uploads\/2023\/08\/1-selectionner-une-cellule-ou-une-plage-de-cellules.png","type":"","width":"","height":""}],"twitter_card":"summary_large_image","twitter_misc":{"Gesch\u00e4tzte Lesezeit":"2\u00a0Minuten"},"schema":{"@context":"https:\/\/schema.org","@graph":[{"@type":"WebPage","@id":"https:\/\/exceladvisor.org\/de\/dropdown-liste-entfernen\/","url":"https:\/\/exceladvisor.org\/de\/dropdown-liste-entfernen\/","name":"Wie entferne ich eine Dropdown-Liste in Excel?","isPartOf":{"@id":"https:\/\/exceladvisor.org\/de\/#website"},"primaryImageOfPage":{"@id":"https:\/\/exceladvisor.org\/de\/dropdown-liste-entfernen\/#primaryimage"},"image":{"@id":"https:\/\/exceladvisor.org\/de\/dropdown-liste-entfernen\/#primaryimage"},"thumbnailUrl":"https:\/\/exceladvisor.org\/wp-content\/uploads\/2023\/08\/1-selectionner-une-cellule-ou-une-plage-de-cellules.png","datePublished":"2023-10-29T08:44:46+00:00","dateModified":"2023-12-03T11:14:27+00:00","description":"In diesem Tutorial erfahren Sie, wie Sie mit verschiedenen Methoden eine Dropdown-Liste aus einer Zelle in Excel entfernen.","breadcrumb":{"@id":"https:\/\/exceladvisor.org\/de\/dropdown-liste-entfernen\/#breadcrumb"},"inLanguage":"de","potentialAction":[{"@type":"ReadAction","target":["https:\/\/exceladvisor.org\/de\/dropdown-liste-entfernen\/"]}]},{"@type":"ImageObject","inLanguage":"de","@id":"https:\/\/exceladvisor.org\/de\/dropdown-liste-entfernen\/#primaryimage","url":"https:\/\/exceladvisor.org\/wp-content\/uploads\/2023\/08\/1-selectionner-une-cellule-ou-une-plage-de-cellules.png","contentUrl":"https:\/\/exceladvisor.org\/wp-content\/uploads\/2023\/08\/1-selectionner-une-cellule-ou-une-plage-de-cellules.png"},{"@type":"BreadcrumbList","@id":"https:\/\/exceladvisor.org\/de\/dropdown-liste-entfernen\/#breadcrumb","itemListElement":[{"@type":"ListItem","position":1,"name":"Accueil","item":"https:\/\/exceladvisor.org\/de\/"},{"@type":"ListItem","position":2,"name":"Wie entferne ich eine dropdown-liste in excel?"}]},{"@type":"WebSite","@id":"https:\/\/exceladvisor.org\/de\/#website","url":"https:\/\/exceladvisor.org\/de\/","name":"Excel Advisor","description":"Ihr Leitfaden zur Datendominanz","publisher":{"@id":"https:\/\/exceladvisor.org\/de\/#organization"},"potentialAction":[{"@type":"SearchAction","target":{"@type":"EntryPoint","urlTemplate":"https:\/\/exceladvisor.org\/de\/?s={search_term_string}"},"query-input":{"@type":"PropertyValueSpecification","valueRequired":true,"valueName":"search_term_string"}}],"inLanguage":"de"},{"@type":"Organization","@id":"https:\/\/exceladvisor.org\/de\/#organization","name":"Excel Advisor","url":"https:\/\/exceladvisor.org\/de\/","logo":{"@type":"ImageObject","inLanguage":"de","@id":"https:\/\/exceladvisor.org\/de\/#\/schema\/logo\/image\/","url":"https:\/\/exceladvisor.org\/de\/wp-content\/uploads\/2023\/11\/exceladvisor.org_.png","contentUrl":"https:\/\/exceladvisor.org\/de\/wp-content\/uploads\/2023\/11\/exceladvisor.org_.png","width":105,"height":36,"caption":"Excel Advisor"},"image":{"@id":"https:\/\/exceladvisor.org\/de\/#\/schema\/logo\/image\/"}}]}},"yoast_meta":{"yoast_wpseo_title":"","yoast_wpseo_metadesc":"","yoast_wpseo_canonical":""},"_links":{"self":[{"href":"https:\/\/exceladvisor.org\/de\/wp-json\/wp\/v2\/pages\/3386","targetHints":{"allow":["GET"]}}],"collection":[{"href":"https:\/\/exceladvisor.org\/de\/wp-json\/wp\/v2\/pages"}],"about":[{"href":"https:\/\/exceladvisor.org\/de\/wp-json\/wp\/v2\/types\/page"}],"author":[{"embeddable":true,"href":"https:\/\/exceladvisor.org\/de\/wp-json\/wp\/v2\/users\/1"}],"replies":[{"embeddable":true,"href":"https:\/\/exceladvisor.org\/de\/wp-json\/wp\/v2\/comments?post=3386"}],"version-history":[{"count":1,"href":"https:\/\/exceladvisor.org\/de\/wp-json\/wp\/v2\/pages\/3386\/revisions"}],"predecessor-version":[{"id":3911,"href":"https:\/\/exceladvisor.org\/de\/wp-json\/wp\/v2\/pages\/3386\/revisions\/3911"}],"wp:attachment":[{"href":"https:\/\/exceladvisor.org\/de\/wp-json\/wp\/v2\/media?parent=3386"}],"curies":[{"name":"wp","href":"https:\/\/api.w.org\/{rel}","templated":true}]}}