{"id":3387,"date":"2023-10-29T08:32:47","date_gmt":"2023-10-29T08:32:47","guid":{"rendered":"https:\/\/exceladvisor.org\/de\/ja-nein-dropdown-liste\/"},"modified":"2023-12-03T11:19:42","modified_gmt":"2023-12-03T11:19:42","slug":"ja-nein-dropdown-liste","status":"publish","type":"page","link":"https:\/\/exceladvisor.org\/de\/ja-nein-dropdown-liste\/","title":{"rendered":"Wie erstelle ich eine ja\/nein-dropdown-liste in excel?"},"content":{"rendered":"<div class=\"excel-vor-dem-inhalt\" id=\"excel-416569708\"><script type=\"text\/javascript\">\r\n\tatOptions = {\r\n\t\t'key' : 'c1158f160081d6540a8409e6925dab94',\r\n\t\t'format' : 'iframe',\r\n\t\t'height' : 250,\r\n\t\t'width' : 300,\r\n\t\t'params' : {}\r\n\t};\r\n<\/script>\r\n<script type=\"text\/javascript\" src=\"\/\/www.highperformanceformat.com\/c1158f160081d6540a8409e6925dab94\/invoke.js\"><\/script><\/div> <p>In Excel k\u00f6nnen Sie eine einfache Dropdown-Liste mit Ja- und Nein-Werten erstellen, die Sie in der Statusspalte verwenden k\u00f6nnen. Im folgenden Beispiel haben wir eine Liste von Studierenden und nun m\u00fcssen Sie eine Dropdown-Liste erstellen, mit der wir in der Spalte \u201eBestanden\u201c Ja oder Nein eingeben k\u00f6nnen. <\/p><div class=\"wp-block-image\"><figure class=\"aligncenter size-full is-resized\"><img loading=\"lazy\" decoding=\"async\" class=\"wp-image-72560\" src=\"https:\/\/exceladvisor.org\/wp-content\/uploads\/2023\/08\/1-exemple-de-donnees-dans-les-cellules.png\" sizes=\"auto, \" srcset=\"\" alt=\"Beispieldaten-in-Zellen\" width=\"387\" height=\"325\"><\/figure><\/div><h2 class=\"wp-block-heading\"> Schritte zum Erstellen einer Dropdown-Liste mit Ja und Nein<\/h2><ol><li> W\u00e4hlen Sie zun\u00e4chst die Zellen oder den Zellbereich aus, in denen Sie diese Dropdown-Liste erstellen m\u00f6chten. <br><img loading=\"lazy\" decoding=\"async\" title=\"2-ein-Dropdown erstellen\" src=\"https:\/\/exceladvisor.org\/wp-content\/uploads\/2023\/08\/2-creer-une-liste-deroulante.png\" sizes=\"auto, \" srcset=\"\" alt=\"create-a-drop-down\" width=\"382\" height=\"340\"><\/li><li> Gehen Sie nun zur Registerkarte Daten \u21e2 Datentools \u21e2 Datenvalidierung \u21e2 Datenvalidierung. <br><img loading=\"lazy\" decoding=\"async\" title=\"Option zur Validierung der 3 Daten\" src=\"https:\/\/exceladvisor.org\/wp-content\/uploads\/2023\/08\/3-options-de-validation-des-donnees.png\" sizes=\"auto, \" srcset=\"\" alt=\"data-validation-option\" width=\"601\" height=\"265\"><\/li><li> W\u00e4hlen Sie dort im Datenvalidierungsdialog die Option \u201eListe\u201c aus der Dropdown-Liste \u201eZulassen\u201c aus. <br><img loading=\"lazy\" decoding=\"async\" title=\"4-Auswahl-Listenoption\" src=\"https:\/\/exceladvisor.org\/wp-content\/uploads\/2023\/08\/4-selectionner-loption-de-liste.png\" sizes=\"auto, \" srcset=\"\" alt=\"select-list-option\" width=\"423\" height=\"329\"><\/li><li> Geben Sie als N\u00e4chstes (Ja, Nein) in die Quelleneingabeleiste ein. <br><img loading=\"lazy\" decoding=\"async\" title=\"5-Enter-Ja-Nein-in-Quelle-Eingabeleiste\" src=\"https:\/\/exceladvisor.org\/wp-content\/uploads\/2023\/08\/5-entrez-oui-non-dans-la-barre-dentree-source.png\" sizes=\"auto, \" srcset=\"\" alt=\"enter-yes-no-in-source-input-bar\" width=\"473\" height=\"368\"><\/li><li> Klicken Sie abschlie\u00dfend auf \u201eOK\u201c, um diese Dropdown-Liste mit den Listenwerten \u201eJa\u201c und \u201eNein\u201c zu erstellen.<\/li><\/ol><p> Sobald Sie nun auf \u201eOK\u201c klicken, wird eine Dropdown-Liste aller von Ihnen ausgew\u00e4hlten Zellen angezeigt. <\/p><div class=\"wp-block-image\"><figure class=\"aligncenter size-full is-resized\"><img loading=\"lazy\" decoding=\"async\" class=\"wp-image-72565\" src=\"https:\/\/exceladvisor.org\/wp-content\/uploads\/2023\/08\/6-liste-deroulante-creee.png\" sizes=\"auto, \" srcset=\"\" alt=\"Dropdown-Liste erstellt\" width=\"333\" height=\"296\"><\/figure><\/div><p> Wenn Sie diese Dropdown-Liste mit Ja und Nein erstellen, m\u00fcssen Sie sicherstellen, dass Sie die folgenden beiden Optionen im Dialogfeld aktiviert haben. <\/p><div class=\"wp-block-image\"><figure class=\"aligncenter size-full is-resized\"><img loading=\"lazy\" decoding=\"async\" class=\"wp-image-72566\" src=\"https:\/\/exceladvisor.org\/wp-content\/uploads\/2023\/08\/7-coche-ignorer-le-blanc-dans-la-liste-deroulante-des-cellules.png\" sizes=\"auto, \" srcset=\"\" alt=\"Dropdown-Liste \u201egecheckt-ignorieren-leer-in-Zelle\u201c.\" width=\"494\" height=\"384\"><\/figure><\/div><ol><li> <strong>Leerzeichen ignorieren:<\/strong> Wenn diese Option aktiviert ist, k\u00f6nnen Sie eine Zelle leer lassen. Wenn sie jedoch nicht aktiviert ist, wird ein Fehler angezeigt, wenn Sie eine Zelle verlassen haben, ohne einen Wert auszuw\u00e4hlen (Ja-Nein).<\/li><li> <strong>Dropdown in Zelle<\/strong> : Dieses Kontrollk\u00e4stchen muss aktiviert sein, damit ein Dropdown-Men\u00fc vorhanden ist, sodass Sie Werte damit eingeben k\u00f6nnen, nicht durch Eingabe in die Zelle oder durch Kopieren und Einf\u00fcgen.<\/li><\/ol><h2 class=\"wp-block-heading\"> Erstellen Sie eine Mobilfunknachricht mit Ja-Nein-Dropdown<\/h2><p> Wenn Sie eine Dropdown-Liste mit Ja- und Nein-Werten erstellen, k\u00f6nnen Sie der Zelle auch eine Nachricht hinzuf\u00fcgen, um den vom Benutzer angegebenen Wert in der Zelle zu erfahren, entweder \u201eJa\u201c oder \u201eNein\u201c. <\/p><div class=\"wp-block-image\"><figure class=\"aligncenter size-full is-resized\"><img loading=\"lazy\" decoding=\"async\" class=\"wp-image-72567\" src=\"https:\/\/exceladvisor.org\/wp-content\/uploads\/2023\/08\/8-creer-un-message-cellulaire.png\" sizes=\"auto, \" srcset=\"\" alt=\"Erstelle eine Zellnachricht\" width=\"522\" height=\"329\"><\/figure><\/div><ol><li> \u00d6ffnen Sie zun\u00e4chst das Dialogfeld \u201eDatenvalidierung\u201c und navigieren Sie zur Registerkarte \u201eEingabenachricht\u201c. <br><img loading=\"lazy\" decoding=\"async\" title=\"Registerkarte \u201eNachricht mit 9 Eintr\u00e4gen\u201c.\" src=\"https:\/\/exceladvisor.org\/wp-content\/uploads\/2023\/08\/9-onglet-de-message-dentree.png\" sizes=\"auto, \" srcset=\"\" alt=\"input-message-tab\" width=\"476\" height=\"370\"><\/li><li> Geben Sie nun in der Titelleiste einen Titel f\u00fcr den Beitrag ein. <br><img loading=\"lazy\" decoding=\"async\" title=\"10-Geben Sie den Titel f\u00fcr die Nachricht ein\" src=\"https:\/\/exceladvisor.org\/wp-content\/uploads\/2023\/08\/10-entrer-le-titre-du-message.png\" sizes=\"auto, \" srcset=\"\" alt=\"enter-title-for-message\" width=\"477\" height=\"371\"><\/li><li> Geben Sie anschlie\u00dfend im Feld \u201eEingabenachricht:\u201c die Hauptnachricht ein. <br><img loading=\"lazy\" decoding=\"async\" title=\"11-Eingabe-Nachricht eingeben\" src=\"https:\/\/exceladvisor.org\/wp-content\/uploads\/2023\/08\/11-entrer-le-message-dentree.png\" sizes=\"auto, \" srcset=\"\" alt=\"enter-the-input-message\" width=\"477\" height=\"340\"><\/li><li> Klicken Sie am Ende auf OK, um es zu speichern.<\/li><\/ol><p> Wenn ein Benutzer versucht, einen anderen Wert als \u201eJa\u201c oder \u201eNein\u201c hinzuzuf\u00fcgen, erh\u00e4lt er eine Fehlermeldung wie die folgende: <\/p><div class=\"wp-block-image\"><figure class=\"aligncenter size-full is-resized\"><img loading=\"lazy\" decoding=\"async\" class=\"wp-image-72571\" src=\"https:\/\/exceladvisor.org\/wp-content\/uploads\/2023\/08\/12-message-derreur-lors-de-la-saisie-dune-autre-valeur.png\" sizes=\"auto, \" srcset=\"\" alt=\"Fehlermeldung bei Eingabe eines anderen Wertes\" width=\"711\" height=\"318\"><\/figure><\/div><div class=\"gb-container gb-container-4db6181c gb-container-mt\"> <a class=\"gb-button gb-button-c5897111 gb-button-text gb-button-mt-button\" href=\"https:\/\/exceladvisor.org\/de\/excel-fortschritt\/\">Erweiterte Excel-Tutorials<\/a><h2 class=\"gb-headline gb-headline-665e5f6b gb-headline-text gb-headline-mt-heading\"> Verwandte Tutorials <\/h2><div class=\"gb-grid-wrapper gb-grid-wrapper-a20baf7c gb-grid-wrapper-mt-grid\"><div class=\"gb-grid-column gb-grid-column-65ddf67e\"><div class=\"gb-container gb-container-65ddf67e\"><ul><li> <a href=\"https:\/\/exceladvisor.org\/de\/datumsbereich-der-datenvalidierung\/\">Datenvalidierung mit Datumsbereich<\/a><\/li><li> <a href=\"https:\/\/exceladvisor.org\/de\/abhangige-dropdown-liste\/\">Abh\u00e4ngige Dropdown-Liste in Excel<\/a><\/li><li> <a href=\"https:\/\/exceladvisor.org\/de\/dynamische-liste\/\">Dynamische Dropdown-Liste in Excel<\/a> <\/li><\/ul><\/div><\/div><div class=\"gb-grid-column gb-grid-column-50067b57\"><div class=\"gb-container gb-container-50067b57\"><\/div><\/div><\/div><\/div>","protected":false},"excerpt":{"rendered":"","protected":false},"author":1,"featured_media":0,"parent":0,"menu_order":0,"comment_status":"open","ping_status":"closed","template":"","meta":{"ub_ctt_via":"","footnotes":""},"class_list":["post-3387","page","type-page","status-publish","hentry"],"featured_image_src":null,"yoast_head":"<!-- This site is optimized with the Yoast SEO plugin v25.4 - https:\/\/yoast.com\/wordpress\/plugins\/seo\/ -->\n<title>Wie erstelle ich eine Ja\/Nein-Dropdown-Liste in Excel?<\/title>\n<meta name=\"description\" content=\"In diesem Tutorial erfahren Sie, wie Sie eine Dropdown-Liste mit Ja- und Nein-Werten erstellen, die ganz einfach zu erstellen ist.\" \/>\n<meta name=\"robots\" content=\"index, follow, max-snippet:-1, max-image-preview:large, max-video-preview:-1\" \/>\n<link rel=\"canonical\" href=\"https:\/\/exceladvisor.org\/de\/ja-nein-dropdown-liste\/\" \/>\n<meta property=\"og:locale\" content=\"de_DE\" \/>\n<meta property=\"og:type\" content=\"article\" \/>\n<meta property=\"og:title\" content=\"Wie erstelle ich eine Ja\/Nein-Dropdown-Liste in Excel?\" \/>\n<meta property=\"og:description\" content=\"In diesem Tutorial erfahren Sie, wie Sie eine Dropdown-Liste mit Ja- und Nein-Werten erstellen, die ganz einfach zu erstellen ist.\" \/>\n<meta property=\"og:url\" content=\"https:\/\/exceladvisor.org\/de\/ja-nein-dropdown-liste\/\" \/>\n<meta property=\"og:site_name\" content=\"Excel Advisor\" \/>\n<meta property=\"article:modified_time\" content=\"2023-12-03T11:19:42+00:00\" \/>\n<meta property=\"og:image\" content=\"https:\/\/exceladvisor.org\/wp-content\/uploads\/2023\/08\/1-exemple-de-donnees-dans-les-cellules.png\" \/>\n<meta name=\"twitter:card\" content=\"summary_large_image\" \/>\n<meta name=\"twitter:label1\" content=\"Gesch\u00e4tzte Lesezeit\" \/>\n\t<meta name=\"twitter:data1\" content=\"2\u00a0Minuten\" \/>\n<script type=\"application\/ld+json\" class=\"yoast-schema-graph\">{\"@context\":\"https:\/\/schema.org\",\"@graph\":[{\"@type\":\"WebPage\",\"@id\":\"https:\/\/exceladvisor.org\/de\/ja-nein-dropdown-liste\/\",\"url\":\"https:\/\/exceladvisor.org\/de\/ja-nein-dropdown-liste\/\",\"name\":\"Wie erstelle ich eine Ja\/Nein-Dropdown-Liste in Excel?\",\"isPartOf\":{\"@id\":\"https:\/\/exceladvisor.org\/de\/#website\"},\"primaryImageOfPage\":{\"@id\":\"https:\/\/exceladvisor.org\/de\/ja-nein-dropdown-liste\/#primaryimage\"},\"image\":{\"@id\":\"https:\/\/exceladvisor.org\/de\/ja-nein-dropdown-liste\/#primaryimage\"},\"thumbnailUrl\":\"https:\/\/exceladvisor.org\/wp-content\/uploads\/2023\/08\/1-exemple-de-donnees-dans-les-cellules.png\",\"datePublished\":\"2023-10-29T08:32:47+00:00\",\"dateModified\":\"2023-12-03T11:19:42+00:00\",\"description\":\"In diesem Tutorial erfahren Sie, wie Sie eine Dropdown-Liste mit Ja- und Nein-Werten erstellen, die ganz einfach zu erstellen ist.\",\"breadcrumb\":{\"@id\":\"https:\/\/exceladvisor.org\/de\/ja-nein-dropdown-liste\/#breadcrumb\"},\"inLanguage\":\"de\",\"potentialAction\":[{\"@type\":\"ReadAction\",\"target\":[\"https:\/\/exceladvisor.org\/de\/ja-nein-dropdown-liste\/\"]}]},{\"@type\":\"ImageObject\",\"inLanguage\":\"de\",\"@id\":\"https:\/\/exceladvisor.org\/de\/ja-nein-dropdown-liste\/#primaryimage\",\"url\":\"https:\/\/exceladvisor.org\/wp-content\/uploads\/2023\/08\/1-exemple-de-donnees-dans-les-cellules.png\",\"contentUrl\":\"https:\/\/exceladvisor.org\/wp-content\/uploads\/2023\/08\/1-exemple-de-donnees-dans-les-cellules.png\"},{\"@type\":\"BreadcrumbList\",\"@id\":\"https:\/\/exceladvisor.org\/de\/ja-nein-dropdown-liste\/#breadcrumb\",\"itemListElement\":[{\"@type\":\"ListItem\",\"position\":1,\"name\":\"Accueil\",\"item\":\"https:\/\/exceladvisor.org\/de\/\"},{\"@type\":\"ListItem\",\"position\":2,\"name\":\"Wie erstelle ich eine ja\/nein-dropdown-liste in excel?\"}]},{\"@type\":\"WebSite\",\"@id\":\"https:\/\/exceladvisor.org\/de\/#website\",\"url\":\"https:\/\/exceladvisor.org\/de\/\",\"name\":\"Excel Advisor\",\"description\":\"Ihr Leitfaden zur Datendominanz\",\"publisher\":{\"@id\":\"https:\/\/exceladvisor.org\/de\/#organization\"},\"potentialAction\":[{\"@type\":\"SearchAction\",\"target\":{\"@type\":\"EntryPoint\",\"urlTemplate\":\"https:\/\/exceladvisor.org\/de\/?s={search_term_string}\"},\"query-input\":{\"@type\":\"PropertyValueSpecification\",\"valueRequired\":true,\"valueName\":\"search_term_string\"}}],\"inLanguage\":\"de\"},{\"@type\":\"Organization\",\"@id\":\"https:\/\/exceladvisor.org\/de\/#organization\",\"name\":\"Excel Advisor\",\"url\":\"https:\/\/exceladvisor.org\/de\/\",\"logo\":{\"@type\":\"ImageObject\",\"inLanguage\":\"de\",\"@id\":\"https:\/\/exceladvisor.org\/de\/#\/schema\/logo\/image\/\",\"url\":\"https:\/\/exceladvisor.org\/de\/wp-content\/uploads\/2023\/11\/exceladvisor.org_.png\",\"contentUrl\":\"https:\/\/exceladvisor.org\/de\/wp-content\/uploads\/2023\/11\/exceladvisor.org_.png\",\"width\":105,\"height\":36,\"caption\":\"Excel Advisor\"},\"image\":{\"@id\":\"https:\/\/exceladvisor.org\/de\/#\/schema\/logo\/image\/\"}}]}<\/script>\n<!-- \/ Yoast SEO plugin. -->","yoast_head_json":{"title":"Wie erstelle ich eine Ja\/Nein-Dropdown-Liste in Excel?","description":"In diesem Tutorial erfahren Sie, wie Sie eine Dropdown-Liste mit Ja- und Nein-Werten erstellen, die ganz einfach zu erstellen ist.","robots":{"index":"index","follow":"follow","max-snippet":"max-snippet:-1","max-image-preview":"max-image-preview:large","max-video-preview":"max-video-preview:-1"},"canonical":"https:\/\/exceladvisor.org\/de\/ja-nein-dropdown-liste\/","og_locale":"de_DE","og_type":"article","og_title":"Wie erstelle ich eine Ja\/Nein-Dropdown-Liste in Excel?","og_description":"In diesem Tutorial erfahren Sie, wie Sie eine Dropdown-Liste mit Ja- und Nein-Werten erstellen, die ganz einfach zu erstellen ist.","og_url":"https:\/\/exceladvisor.org\/de\/ja-nein-dropdown-liste\/","og_site_name":"Excel Advisor","article_modified_time":"2023-12-03T11:19:42+00:00","og_image":[{"url":"https:\/\/exceladvisor.org\/wp-content\/uploads\/2023\/08\/1-exemple-de-donnees-dans-les-cellules.png","type":"","width":"","height":""}],"twitter_card":"summary_large_image","twitter_misc":{"Gesch\u00e4tzte Lesezeit":"2\u00a0Minuten"},"schema":{"@context":"https:\/\/schema.org","@graph":[{"@type":"WebPage","@id":"https:\/\/exceladvisor.org\/de\/ja-nein-dropdown-liste\/","url":"https:\/\/exceladvisor.org\/de\/ja-nein-dropdown-liste\/","name":"Wie erstelle ich eine Ja\/Nein-Dropdown-Liste in Excel?","isPartOf":{"@id":"https:\/\/exceladvisor.org\/de\/#website"},"primaryImageOfPage":{"@id":"https:\/\/exceladvisor.org\/de\/ja-nein-dropdown-liste\/#primaryimage"},"image":{"@id":"https:\/\/exceladvisor.org\/de\/ja-nein-dropdown-liste\/#primaryimage"},"thumbnailUrl":"https:\/\/exceladvisor.org\/wp-content\/uploads\/2023\/08\/1-exemple-de-donnees-dans-les-cellules.png","datePublished":"2023-10-29T08:32:47+00:00","dateModified":"2023-12-03T11:19:42+00:00","description":"In diesem Tutorial erfahren Sie, wie Sie eine Dropdown-Liste mit Ja- und Nein-Werten erstellen, die ganz einfach zu erstellen ist.","breadcrumb":{"@id":"https:\/\/exceladvisor.org\/de\/ja-nein-dropdown-liste\/#breadcrumb"},"inLanguage":"de","potentialAction":[{"@type":"ReadAction","target":["https:\/\/exceladvisor.org\/de\/ja-nein-dropdown-liste\/"]}]},{"@type":"ImageObject","inLanguage":"de","@id":"https:\/\/exceladvisor.org\/de\/ja-nein-dropdown-liste\/#primaryimage","url":"https:\/\/exceladvisor.org\/wp-content\/uploads\/2023\/08\/1-exemple-de-donnees-dans-les-cellules.png","contentUrl":"https:\/\/exceladvisor.org\/wp-content\/uploads\/2023\/08\/1-exemple-de-donnees-dans-les-cellules.png"},{"@type":"BreadcrumbList","@id":"https:\/\/exceladvisor.org\/de\/ja-nein-dropdown-liste\/#breadcrumb","itemListElement":[{"@type":"ListItem","position":1,"name":"Accueil","item":"https:\/\/exceladvisor.org\/de\/"},{"@type":"ListItem","position":2,"name":"Wie erstelle ich eine ja\/nein-dropdown-liste in excel?"}]},{"@type":"WebSite","@id":"https:\/\/exceladvisor.org\/de\/#website","url":"https:\/\/exceladvisor.org\/de\/","name":"Excel Advisor","description":"Ihr Leitfaden zur Datendominanz","publisher":{"@id":"https:\/\/exceladvisor.org\/de\/#organization"},"potentialAction":[{"@type":"SearchAction","target":{"@type":"EntryPoint","urlTemplate":"https:\/\/exceladvisor.org\/de\/?s={search_term_string}"},"query-input":{"@type":"PropertyValueSpecification","valueRequired":true,"valueName":"search_term_string"}}],"inLanguage":"de"},{"@type":"Organization","@id":"https:\/\/exceladvisor.org\/de\/#organization","name":"Excel Advisor","url":"https:\/\/exceladvisor.org\/de\/","logo":{"@type":"ImageObject","inLanguage":"de","@id":"https:\/\/exceladvisor.org\/de\/#\/schema\/logo\/image\/","url":"https:\/\/exceladvisor.org\/de\/wp-content\/uploads\/2023\/11\/exceladvisor.org_.png","contentUrl":"https:\/\/exceladvisor.org\/de\/wp-content\/uploads\/2023\/11\/exceladvisor.org_.png","width":105,"height":36,"caption":"Excel Advisor"},"image":{"@id":"https:\/\/exceladvisor.org\/de\/#\/schema\/logo\/image\/"}}]}},"yoast_meta":{"yoast_wpseo_title":"","yoast_wpseo_metadesc":"","yoast_wpseo_canonical":""},"_links":{"self":[{"href":"https:\/\/exceladvisor.org\/de\/wp-json\/wp\/v2\/pages\/3387","targetHints":{"allow":["GET"]}}],"collection":[{"href":"https:\/\/exceladvisor.org\/de\/wp-json\/wp\/v2\/pages"}],"about":[{"href":"https:\/\/exceladvisor.org\/de\/wp-json\/wp\/v2\/types\/page"}],"author":[{"embeddable":true,"href":"https:\/\/exceladvisor.org\/de\/wp-json\/wp\/v2\/users\/1"}],"replies":[{"embeddable":true,"href":"https:\/\/exceladvisor.org\/de\/wp-json\/wp\/v2\/comments?post=3387"}],"version-history":[{"count":1,"href":"https:\/\/exceladvisor.org\/de\/wp-json\/wp\/v2\/pages\/3387\/revisions"}],"predecessor-version":[{"id":3957,"href":"https:\/\/exceladvisor.org\/de\/wp-json\/wp\/v2\/pages\/3387\/revisions\/3957"}],"wp:attachment":[{"href":"https:\/\/exceladvisor.org\/de\/wp-json\/wp\/v2\/media?parent=3387"}],"curies":[{"name":"wp","href":"https:\/\/api.w.org\/{rel}","templated":true}]}}