{"id":3388,"date":"2023-10-29T08:17:45","date_gmt":"2023-10-29T08:17:45","guid":{"rendered":"https:\/\/exceladvisor.org\/de\/xlsx-in-csv\/"},"modified":"2023-12-03T13:05:03","modified_gmt":"2023-12-03T13:05:03","slug":"xlsx-in-csv","status":"publish","type":"page","link":"https:\/\/exceladvisor.org\/de\/xlsx-in-csv\/","title":{"rendered":"Wie speichere ich eine excel-datei im csv-format?"},"content":{"rendered":"<div class=\"excel-vor-dem-inhalt\" id=\"excel-1164832773\"><script type=\"text\/javascript\">\r\n\tatOptions = {\r\n\t\t'key' : 'c1158f160081d6540a8409e6925dab94',\r\n\t\t'format' : 'iframe',\r\n\t\t'height' : 250,\r\n\t\t'width' : 300,\r\n\t\t'params' : {}\r\n\t};\r\n<\/script>\r\n<script type=\"text\/javascript\" src=\"\/\/www.highperformanceformat.com\/c1158f160081d6540a8409e6925dab94\/invoke.js\"><\/script><\/div> <p>Sie k\u00f6nnen eine Excel-Datei in verschiedenen Formaten speichern. Unter all diesen Formaten ist CSV sehr beliebt. Ja, Sie k\u00f6nnen Ihre Excel-Datei im CSV-Format (XLSX und CSV) speichern. CSV steht f\u00fcr Comma Separated Values, wobei die Werte durch <a href=\"https:\/\/exceladvisor.org\/de\/verketten-sie-zellen-mit-einem-komma\/\">Komma<\/a> getrennt werden, wie Sie im folgenden Beispiel sehen k\u00f6nnen. <\/p><div class=\"wp-block-image\"><figure class=\"aligncenter size-full is-resized\"><img loading=\"lazy\" decoding=\"async\" class=\"wp-image-72497\" src=\"https:\/\/exceladvisor.org\/wp-content\/uploads\/2023\/08\/1-enregistrer-excel-au-format-csv.png\" sizes=\"auto, \" srcset=\"\" alt=\"Excel als CSV speichern\" width=\"707\" height=\"416\"><\/figure><\/div><h2 class=\"wp-block-heading\"> Speichern Sie eine Excel-Datei (Arbeitsmappe) im CSV-Format (Comma Separated Value Format).<\/h2><ol><li> \u00d6ffnen Sie zun\u00e4chst die Datei, die Sie im CSV-Format speichern m\u00f6chten. <br><img loading=\"lazy\" decoding=\"async\" title=\"2-\u00d6ffnen-Sie-die-Datei-zum-Speichern-als-CSV\" src=\"https:\/\/exceladvisor.org\/wp-content\/uploads\/2023\/08\/2-ouvrir-le-fichier-a-enregistrer-au-format-csv.png\" sizes=\"auto, \" srcset=\"\" alt=\"open-file-to-save-as-csv\" width=\"621\" height=\"394\"><\/li><li> Gehen Sie anschlie\u00dfend zur Registerkarte \u201eDatei\u201c und klicken Sie auf die Option \u201eSpeichern unter\u201c. <br><img loading=\"lazy\" decoding=\"async\" title=\"3-Klick-Registrierungsoption\" src=\"https:\/\/exceladvisor.org\/wp-content\/uploads\/2023\/08\/3-cliquez-sur-enregistrer-en-tant-quoption.png\" sizes=\"auto, \" srcset=\"\" alt=\"click-save-as-option\" width=\"457\" height=\"419\"><\/li><li> Geben Sie nun den Speicherort an, an dem Sie die Datei speichern m\u00f6chten, und w\u00e4hlen Sie unter \u201eDateityp\u201c die Option \u201eCSV UTF-8 (durch Kommas getrennt)\u201c aus. <br><img loading=\"lazy\" decoding=\"async\" title=\"4-w\u00e4hlen-csv-utf-8-um-die-datei-zu-speichern\" src=\"https:\/\/exceladvisor.org\/wp-content\/uploads\/2023\/08\/4-selectionnez-csv-utf-8-pour-enregistrer-le-fichier.png\" sizes=\"auto, \" srcset=\"\" alt=\"select-csv-utf-8-to-save-file\" width=\"550\" height=\"493\"><\/li><li> Klicken Sie am Ende auf OK, um die Datei zu speichern.<\/li><\/ol><p> Jetzt k\u00f6nnen Sie sehen, dass beide Dateien (XLSX und CSV) auf dem Desktop gespeichert sind. Es gibt jedoch einen kleinen Unterschied zwischen den Symbolen, anhand derer Sie erkennen k\u00f6nnen, welches Symbol im CSV-Format vorliegt. <\/p><div class=\"wp-block-image\"><figure class=\"aligncenter size-full is-resized\"><img loading=\"lazy\" decoding=\"async\" class=\"wp-image-72501\" src=\"https:\/\/exceladvisor.org\/wp-content\/uploads\/2023\/08\/5-icones-excel-xlxs-et-csv.png\" sizes=\"auto, \" srcset=\"\" alt=\"Excel-XLXS- und CSV-Symbole\" width=\"282\" height=\"166\"><\/figure><\/div><p> Sobald Sie eine Arbeitsmappe im CSV-Format gespeichert haben, k\u00f6nnen Sie sie in Excel weiterhin \u00f6ffnen, da das CSV-Format vollst\u00e4ndig unterst\u00fctzt wird. Es ist jedoch nicht m\u00f6glich, die Daten zu formatieren und Funktionen wie Formeln und Funktionen zu verwenden.<\/p><p> Wenn Sie au\u00dferdem die CSV-Datei, die Sie gerade aus Excel gespeichert haben, mit einer Notizblockanwendung \u00f6ffnen, k\u00f6nnen Sie im folgenden Beispiel sehen, dass zwischen den Werten, die wir als Tabelle im Excel-Format haben, Kommas stehen. <\/p><div class=\"wp-block-image\"><figure class=\"aligncenter size-full is-resized\"><img loading=\"lazy\" decoding=\"async\" class=\"wp-image-72502\" src=\"https:\/\/exceladvisor.org\/wp-content\/uploads\/2023\/08\/6-ouvrir-csv-avec-bloc-notes.png\" sizes=\"auto, \" srcset=\"\" alt=\"\u00f6ffne-csv-mit-notepad\" width=\"641\" height=\"420\"><\/figure><\/div><p> Beim Konvertieren Ihrer Datei von XLSX in CSV m\u00fcssen Sie eines beachten: Wenn die Arbeitsmappe mehr als ein Blatt enth\u00e4lt, speichert Excel nur das aktuelle (aktive) Blatt im CSV-Format. Der Rest der Bl\u00e4tter wird ignoriert und Sie m\u00fcssen sie einzeln einzeln speichern. <\/p><div class=\"wp-block-image\"><figure class=\"aligncenter size-full is-resized\"><img loading=\"lazy\" decoding=\"async\" class=\"wp-image-72503\" src=\"https:\/\/exceladvisor.org\/wp-content\/uploads\/2023\/08\/7-Excel-convertit-la-feuille-actuelle-en-csv-uniquement.png\" sizes=\"auto, \" srcset=\"\" alt=\"Excel konvertiert nur das aktuelle Blatt in CSV\" width=\"722\" height=\"201\"><\/figure><\/div><h2 class=\"wp-block-heading\"> VBA-Code zum Konvertieren einer XLSX-Datei in eine CSV-Datei<\/h2><p> Sie k\u00f6nnen auch den folgenden VBA-Code verwenden, um eine Excel-Datei im CSV-Format zu speichern.<\/p><pre class=\"wp-block-code\"> <code class=\"language-visual-basic\" lang=\"visual-basic\">Sub xlsx_to_csv() Dim myPath As String, myName As String, myTime As String Dim myAddress As String myPath = ActiveWorkbook.Path myName = Left(ActiveWorkbook.Name, InStr(ActiveWorkbook.Name, \".\") - 1) myTime = Format(Now, \"DD_MM_YY_HH_MM_SS\") myAddress = myPath &amp; \"\" &amp; myName &amp; \"_\" &amp; myTime ActiveWorkbook.SaveAs Filename:=myAddress, FileFormat:=xlCSVUTF8 End Sub<\/code><\/pre><p> Dieser Code speichert die aktive Arbeitsmappe als CSV am selben Ort mit demselben Namen und dem aktuellen Datum und der aktuellen Uhrzeit.<\/p><div class=\"gb-container gb-container-4db6181c gb-container-mt\"> <a class=\"gb-button gb-button-c5897111 gb-button-text gb-button-mt-button\" href=\"https:\/\/exceladvisor.org\/de\/excel-fortschritt\/\">Erweiterte Excel-Tutorials<\/a><h2 class=\"gb-headline gb-headline-665e5f6b gb-headline-text gb-headline-mt-heading\"> Verwandte Tutorials <\/h2><div class=\"gb-grid-wrapper gb-grid-wrapper-a20baf7c gb-grid-wrapper-mt-grid\"><div class=\"gb-grid-column gb-grid-column-65ddf67e\"><div class=\"gb-container gb-container-65ddf67e\"><ul><li> <a href=\"https:\/\/exceladvisor.org\/de\/reparieren-sie-beschadigte-excel-dateien\/\">Besch\u00e4digte Excel-Datei reparieren<\/a><\/li><li> <a href=\"https:\/\/exceladvisor.org\/de\/nicht-gespeicherte-dateien-wiederherstellen\/\">Stellen Sie nicht gespeicherte Excel-Dateien wieder her, wenn Excel abst\u00fcrzt<\/a><\/li><li> <a href=\"https:\/\/exceladvisor.org\/de\/ausblenden-arbeitsmappe-anzeigen\/\">Eine Arbeitsmappe in Excel ein- und ausblenden<\/a><\/li><li> <a href=\"https:\/\/exceladvisor.org\/de\/arbeitsmappe-kopieren\/\">Erstellen Sie eine Kopie der Excel-Arbeitsmappe (Datei).<\/a><\/li><li> <a href=\"https:\/\/exceladvisor.org\/de\/textdatei-offnen\/\">\u00d6ffnen Sie eine Textdatei in Excel (.TXT)<\/a> <\/li><\/ul><\/div><\/div><div class=\"gb-grid-column gb-grid-column-50067b57\"><div class=\"gb-container gb-container-50067b57\"><\/div><\/div><\/div><\/div>","protected":false},"excerpt":{"rendered":"","protected":false},"author":1,"featured_media":0,"parent":0,"menu_order":0,"comment_status":"open","ping_status":"closed","template":"","meta":{"ub_ctt_via":"","footnotes":""},"class_list":["post-3388","page","type-page","status-publish","hentry"],"featured_image_src":null,"yoast_head":"<!-- This site is optimized with the Yoast SEO plugin v25.4 - https:\/\/yoast.com\/wordpress\/plugins\/seo\/ -->\n<title>\u25b7 Wie speichere ich eine Excel-Datei im CSV-Format?<\/title>\n<meta name=\"description\" content=\"In diesem Tutorial erfahren Sie, wie Sie eine Excel-Datei (Arbeitsmappe) im CSV-Format (XLSX zu CSV) speichern.\" \/>\n<meta name=\"robots\" content=\"index, follow, max-snippet:-1, max-image-preview:large, max-video-preview:-1\" \/>\n<link rel=\"canonical\" href=\"https:\/\/exceladvisor.org\/de\/xlsx-in-csv\/\" \/>\n<meta property=\"og:locale\" content=\"de_DE\" \/>\n<meta property=\"og:type\" content=\"article\" \/>\n<meta property=\"og:title\" content=\"\u25b7 Wie speichere ich eine Excel-Datei im CSV-Format?\" \/>\n<meta property=\"og:description\" content=\"In diesem Tutorial erfahren Sie, wie Sie eine Excel-Datei (Arbeitsmappe) im CSV-Format (XLSX zu CSV) speichern.\" \/>\n<meta property=\"og:url\" content=\"https:\/\/exceladvisor.org\/de\/xlsx-in-csv\/\" \/>\n<meta property=\"og:site_name\" content=\"Excel Advisor\" \/>\n<meta property=\"article:modified_time\" content=\"2023-12-03T13:05:03+00:00\" \/>\n<meta property=\"og:image\" content=\"https:\/\/exceladvisor.org\/wp-content\/uploads\/2023\/08\/1-enregistrer-excel-au-format-csv.png\" \/>\n<meta name=\"twitter:card\" content=\"summary_large_image\" \/>\n<meta name=\"twitter:label1\" content=\"Gesch\u00e4tzte Lesezeit\" \/>\n\t<meta name=\"twitter:data1\" content=\"2\u00a0Minuten\" \/>\n<script type=\"application\/ld+json\" class=\"yoast-schema-graph\">{\"@context\":\"https:\/\/schema.org\",\"@graph\":[{\"@type\":\"WebPage\",\"@id\":\"https:\/\/exceladvisor.org\/de\/xlsx-in-csv\/\",\"url\":\"https:\/\/exceladvisor.org\/de\/xlsx-in-csv\/\",\"name\":\"\u25b7 Wie speichere ich eine Excel-Datei im CSV-Format?\",\"isPartOf\":{\"@id\":\"https:\/\/exceladvisor.org\/de\/#website\"},\"primaryImageOfPage\":{\"@id\":\"https:\/\/exceladvisor.org\/de\/xlsx-in-csv\/#primaryimage\"},\"image\":{\"@id\":\"https:\/\/exceladvisor.org\/de\/xlsx-in-csv\/#primaryimage\"},\"thumbnailUrl\":\"https:\/\/exceladvisor.org\/wp-content\/uploads\/2023\/08\/1-enregistrer-excel-au-format-csv.png\",\"datePublished\":\"2023-10-29T08:17:45+00:00\",\"dateModified\":\"2023-12-03T13:05:03+00:00\",\"description\":\"In diesem Tutorial erfahren Sie, wie Sie eine Excel-Datei (Arbeitsmappe) im CSV-Format (XLSX zu CSV) speichern.\",\"breadcrumb\":{\"@id\":\"https:\/\/exceladvisor.org\/de\/xlsx-in-csv\/#breadcrumb\"},\"inLanguage\":\"de\",\"potentialAction\":[{\"@type\":\"ReadAction\",\"target\":[\"https:\/\/exceladvisor.org\/de\/xlsx-in-csv\/\"]}]},{\"@type\":\"ImageObject\",\"inLanguage\":\"de\",\"@id\":\"https:\/\/exceladvisor.org\/de\/xlsx-in-csv\/#primaryimage\",\"url\":\"https:\/\/exceladvisor.org\/wp-content\/uploads\/2023\/08\/1-enregistrer-excel-au-format-csv.png\",\"contentUrl\":\"https:\/\/exceladvisor.org\/wp-content\/uploads\/2023\/08\/1-enregistrer-excel-au-format-csv.png\"},{\"@type\":\"BreadcrumbList\",\"@id\":\"https:\/\/exceladvisor.org\/de\/xlsx-in-csv\/#breadcrumb\",\"itemListElement\":[{\"@type\":\"ListItem\",\"position\":1,\"name\":\"Accueil\",\"item\":\"https:\/\/exceladvisor.org\/de\/\"},{\"@type\":\"ListItem\",\"position\":2,\"name\":\"Wie speichere ich eine excel-datei im csv-format?\"}]},{\"@type\":\"WebSite\",\"@id\":\"https:\/\/exceladvisor.org\/de\/#website\",\"url\":\"https:\/\/exceladvisor.org\/de\/\",\"name\":\"Excel Advisor\",\"description\":\"Ihr Leitfaden zur Datendominanz\",\"publisher\":{\"@id\":\"https:\/\/exceladvisor.org\/de\/#organization\"},\"potentialAction\":[{\"@type\":\"SearchAction\",\"target\":{\"@type\":\"EntryPoint\",\"urlTemplate\":\"https:\/\/exceladvisor.org\/de\/?s={search_term_string}\"},\"query-input\":{\"@type\":\"PropertyValueSpecification\",\"valueRequired\":true,\"valueName\":\"search_term_string\"}}],\"inLanguage\":\"de\"},{\"@type\":\"Organization\",\"@id\":\"https:\/\/exceladvisor.org\/de\/#organization\",\"name\":\"Excel Advisor\",\"url\":\"https:\/\/exceladvisor.org\/de\/\",\"logo\":{\"@type\":\"ImageObject\",\"inLanguage\":\"de\",\"@id\":\"https:\/\/exceladvisor.org\/de\/#\/schema\/logo\/image\/\",\"url\":\"https:\/\/exceladvisor.org\/de\/wp-content\/uploads\/2023\/11\/exceladvisor.org_.png\",\"contentUrl\":\"https:\/\/exceladvisor.org\/de\/wp-content\/uploads\/2023\/11\/exceladvisor.org_.png\",\"width\":105,\"height\":36,\"caption\":\"Excel Advisor\"},\"image\":{\"@id\":\"https:\/\/exceladvisor.org\/de\/#\/schema\/logo\/image\/\"}}]}<\/script>\n<!-- \/ Yoast SEO plugin. -->","yoast_head_json":{"title":"\u25b7 Wie speichere ich eine Excel-Datei im CSV-Format?","description":"In diesem Tutorial erfahren Sie, wie Sie eine Excel-Datei (Arbeitsmappe) im CSV-Format (XLSX zu CSV) speichern.","robots":{"index":"index","follow":"follow","max-snippet":"max-snippet:-1","max-image-preview":"max-image-preview:large","max-video-preview":"max-video-preview:-1"},"canonical":"https:\/\/exceladvisor.org\/de\/xlsx-in-csv\/","og_locale":"de_DE","og_type":"article","og_title":"\u25b7 Wie speichere ich eine Excel-Datei im CSV-Format?","og_description":"In diesem Tutorial erfahren Sie, wie Sie eine Excel-Datei (Arbeitsmappe) im CSV-Format (XLSX zu CSV) speichern.","og_url":"https:\/\/exceladvisor.org\/de\/xlsx-in-csv\/","og_site_name":"Excel Advisor","article_modified_time":"2023-12-03T13:05:03+00:00","og_image":[{"url":"https:\/\/exceladvisor.org\/wp-content\/uploads\/2023\/08\/1-enregistrer-excel-au-format-csv.png","type":"","width":"","height":""}],"twitter_card":"summary_large_image","twitter_misc":{"Gesch\u00e4tzte Lesezeit":"2\u00a0Minuten"},"schema":{"@context":"https:\/\/schema.org","@graph":[{"@type":"WebPage","@id":"https:\/\/exceladvisor.org\/de\/xlsx-in-csv\/","url":"https:\/\/exceladvisor.org\/de\/xlsx-in-csv\/","name":"\u25b7 Wie speichere ich eine Excel-Datei im CSV-Format?","isPartOf":{"@id":"https:\/\/exceladvisor.org\/de\/#website"},"primaryImageOfPage":{"@id":"https:\/\/exceladvisor.org\/de\/xlsx-in-csv\/#primaryimage"},"image":{"@id":"https:\/\/exceladvisor.org\/de\/xlsx-in-csv\/#primaryimage"},"thumbnailUrl":"https:\/\/exceladvisor.org\/wp-content\/uploads\/2023\/08\/1-enregistrer-excel-au-format-csv.png","datePublished":"2023-10-29T08:17:45+00:00","dateModified":"2023-12-03T13:05:03+00:00","description":"In diesem Tutorial erfahren Sie, wie Sie eine Excel-Datei (Arbeitsmappe) im CSV-Format (XLSX zu CSV) speichern.","breadcrumb":{"@id":"https:\/\/exceladvisor.org\/de\/xlsx-in-csv\/#breadcrumb"},"inLanguage":"de","potentialAction":[{"@type":"ReadAction","target":["https:\/\/exceladvisor.org\/de\/xlsx-in-csv\/"]}]},{"@type":"ImageObject","inLanguage":"de","@id":"https:\/\/exceladvisor.org\/de\/xlsx-in-csv\/#primaryimage","url":"https:\/\/exceladvisor.org\/wp-content\/uploads\/2023\/08\/1-enregistrer-excel-au-format-csv.png","contentUrl":"https:\/\/exceladvisor.org\/wp-content\/uploads\/2023\/08\/1-enregistrer-excel-au-format-csv.png"},{"@type":"BreadcrumbList","@id":"https:\/\/exceladvisor.org\/de\/xlsx-in-csv\/#breadcrumb","itemListElement":[{"@type":"ListItem","position":1,"name":"Accueil","item":"https:\/\/exceladvisor.org\/de\/"},{"@type":"ListItem","position":2,"name":"Wie speichere ich eine excel-datei im csv-format?"}]},{"@type":"WebSite","@id":"https:\/\/exceladvisor.org\/de\/#website","url":"https:\/\/exceladvisor.org\/de\/","name":"Excel Advisor","description":"Ihr Leitfaden zur Datendominanz","publisher":{"@id":"https:\/\/exceladvisor.org\/de\/#organization"},"potentialAction":[{"@type":"SearchAction","target":{"@type":"EntryPoint","urlTemplate":"https:\/\/exceladvisor.org\/de\/?s={search_term_string}"},"query-input":{"@type":"PropertyValueSpecification","valueRequired":true,"valueName":"search_term_string"}}],"inLanguage":"de"},{"@type":"Organization","@id":"https:\/\/exceladvisor.org\/de\/#organization","name":"Excel Advisor","url":"https:\/\/exceladvisor.org\/de\/","logo":{"@type":"ImageObject","inLanguage":"de","@id":"https:\/\/exceladvisor.org\/de\/#\/schema\/logo\/image\/","url":"https:\/\/exceladvisor.org\/de\/wp-content\/uploads\/2023\/11\/exceladvisor.org_.png","contentUrl":"https:\/\/exceladvisor.org\/de\/wp-content\/uploads\/2023\/11\/exceladvisor.org_.png","width":105,"height":36,"caption":"Excel Advisor"},"image":{"@id":"https:\/\/exceladvisor.org\/de\/#\/schema\/logo\/image\/"}}]}},"yoast_meta":{"yoast_wpseo_title":"","yoast_wpseo_metadesc":"","yoast_wpseo_canonical":""},"_links":{"self":[{"href":"https:\/\/exceladvisor.org\/de\/wp-json\/wp\/v2\/pages\/3388","targetHints":{"allow":["GET"]}}],"collection":[{"href":"https:\/\/exceladvisor.org\/de\/wp-json\/wp\/v2\/pages"}],"about":[{"href":"https:\/\/exceladvisor.org\/de\/wp-json\/wp\/v2\/types\/page"}],"author":[{"embeddable":true,"href":"https:\/\/exceladvisor.org\/de\/wp-json\/wp\/v2\/users\/1"}],"replies":[{"embeddable":true,"href":"https:\/\/exceladvisor.org\/de\/wp-json\/wp\/v2\/comments?post=3388"}],"version-history":[{"count":1,"href":"https:\/\/exceladvisor.org\/de\/wp-json\/wp\/v2\/pages\/3388\/revisions"}],"predecessor-version":[{"id":4193,"href":"https:\/\/exceladvisor.org\/de\/wp-json\/wp\/v2\/pages\/3388\/revisions\/4193"}],"wp:attachment":[{"href":"https:\/\/exceladvisor.org\/de\/wp-json\/wp\/v2\/media?parent=3388"}],"curies":[{"name":"wp","href":"https:\/\/api.w.org\/{rel}","templated":true}]}}