{"id":3389,"date":"2023-10-29T08:03:11","date_gmt":"2023-10-29T08:03:11","guid":{"rendered":"https:\/\/exceladvisor.org\/de\/mehrere-filter-anwenden\/"},"modified":"2023-12-03T13:05:44","modified_gmt":"2023-12-03T13:05:44","slug":"mehrere-filter-anwenden","status":"publish","type":"page","link":"https:\/\/exceladvisor.org\/de\/mehrere-filter-anwenden\/","title":{"rendered":"Wie wende ich mehrere filter auf spalten in excel an?"},"content":{"rendered":"<div class=\"excel-vor-dem-inhalt\" id=\"excel-1447240732\"><script type=\"text\/javascript\">\r\n\tatOptions = {\r\n\t\t'key' : 'c1158f160081d6540a8409e6925dab94',\r\n\t\t'format' : 'iframe',\r\n\t\t'height' : 250,\r\n\t\t'width' : 300,\r\n\t\t'params' : {}\r\n\t};\r\n<\/script>\r\n<script type=\"text\/javascript\" src=\"\/\/www.highperformanceformat.com\/c1158f160081d6540a8409e6925dab94\/invoke.js\"><\/script><\/div> <p>Wenn Sie in Excel mehrere Spalten in den Daten haben und mehrere Spalten filtern m\u00f6chten, k\u00f6nnen Sie dies ganz einfach tun. Wenn Sie einen Filter auf einen kontinuierlichen Datenbereich anwenden, k\u00f6nnen Sie in Excel mehrere Spalten filtern.<\/p><p> In diesem Tutorial sehen wir uns die einfachen Schritte zum Anwenden mehrspaltiger Filter an. <\/p><div class=\"wp-block-image\"><figure class=\"aligncenter size-full is-resized\"><img loading=\"lazy\" decoding=\"async\" class=\"wp-image-72663\" src=\"https:\/\/exceladvisor.org\/wp-content\/uploads\/2023\/08\/1-appliquer-plusieurs-filtres.png\" sizes=\"auto, \" srcset=\"\" alt=\"mehrere Filter anwenden\" width=\"685\" height=\"296\"><\/figure><\/div><p> In den obigen Daten m\u00fcssen wir einen Filter auf zwei Spalten \u201etype\u201c und \u201econtributed_by\u201c anwenden.<\/p><h2 class=\"wp-block-heading\"> Schritte zum Anwenden mehrerer Filter in Excel<\/h2><ol><li> Verwenden Sie zun\u00e4chst die <a href=\"https:\/\/exceladvisor.org\/de\/tastaturkurzel\/\">Tastenkombination<\/a> (Alt \u21e2 D \u21e2 F \u21e2 F), um <a href=\"https:\/\/exceladvisor.org\/de\/filter-1\/\">den Filter anzuwenden<\/a> , oder Sie k\u00f6nnen auch zu Start \u21e2 Sortieren &amp; Filter \u21e2 Filter gehen. <br><img loading=\"lazy\" decoding=\"async\" title=\"2-Apply-Filter\" src=\"https:\/\/exceladvisor.org\/wp-content\/uploads\/2023\/08\/2-appliquer-le-filtre.png\" sizes=\"auto, \" srcset=\"\" alt=\"apply-filter\" width=\"717\" height=\"184\"><\/li><li> Als n\u00e4chstes m\u00fcssen Sie auf das Filter-Dropdown-Men\u00fc f\u00fcr die Spalte \u201eTyp\u201c klicken und von dort aus alle Werte au\u00dfer \u201eStadt\u201c deaktivieren. <br><img loading=\"lazy\" decoding=\"async\" title=\"Filter-Dropdown mit 3 Klicks\" src=\"https:\/\/exceladvisor.org\/wp-content\/uploads\/2023\/08\/3-cliquez-sur-la-liste-deroulante-des-filtres.png\" sizes=\"auto, \" srcset=\"\" alt=\"click-on-filter-dropdown\" width=\"507\" height=\"390\"><\/li><li> Klicken Sie anschlie\u00dfend auf OK, um den Filter anzuwenden. Und wenn Sie das tun, werden alle Daten basierend auf der Spalte \u201eStadt\u201c aus der Spalte \u201eTyp\u201c gefiltert. <br><img loading=\"lazy\" decoding=\"async\" title=\"4-ok-to-apply-filter\" src=\"https:\/\/exceladvisor.org\/wp-content\/uploads\/2023\/08\/4-ok-pour-appliquer-le-filtre.png\" sizes=\"auto, \" srcset=\"\" alt=\"ok-to-apply-filter\" width=\"576\" height=\"199\"><\/li><li> Gehen Sie als N\u00e4chstes zur Spalte \u201econtributed_by\u201c, \u00f6ffnen Sie das Filter-Dropdown-Men\u00fc und deaktivieren Sie alle Werte au\u00dfer \u201eKenny Cunanan\u201c. <br><img loading=\"lazy\" decoding=\"async\" title=\"5-Filter-Dropdown \u00f6ffnen\" src=\"https:\/\/exceladvisor.org\/wp-content\/uploads\/2023\/08\/5-ouvrir-la-liste-deroulante-des-filtres.png\" sizes=\"auto, \" srcset=\"\" alt=\"open-the-filter-dropdown\" width=\"520\" height=\"398\"><\/li><li> Klicken Sie abschlie\u00dfend auf OK, um den Filter anzuwenden.<\/li><\/ol><p> Sobald dies erledigt ist, werden mehrere Filter auf Ihre Daten angewendet. Einer befindet sich in der Spalte \u201eTyp\u201c und der andere in der Spalte \u201eBeitrag_von\u201c. <\/p><div class=\"wp-block-image\"><figure class=\"aligncenter size-full is-resized\"><img loading=\"lazy\" decoding=\"async\" class=\"wp-image-72669\" src=\"https:\/\/exceladvisor.org\/wp-content\/uploads\/2023\/08\/6-filtres-multiples-appliques.png\" sizes=\"auto, \" srcset=\"\" alt=\"mehrere Filter angewendet\" width=\"643\" height=\"345\"><\/figure><\/div><p> Sie k\u00f6nnen nicht nur zwei, sondern auch mehrere Filter auf beliebig viele Spalten anwenden. Sie k\u00f6nnen noch weiter gehen und einen zus\u00e4tzlichen Filter auf die Spalte \u201eStatus\u201c anwenden. <\/p><div class=\"wp-block-image\"><figure class=\"aligncenter size-full is-resized\"><img loading=\"lazy\" decoding=\"async\" class=\"wp-image-72670\" src=\"https:\/\/exceladvisor.org\/wp-content\/uploads\/2023\/08\/7-appliquer-plusieurs-filtres.png\" sizes=\"auto, \" srcset=\"\" alt=\"mehrere Filter anwenden\" width=\"778\" height=\"163\"><\/figure><\/div><p> Im obigen Beispiel haben wir den dritten Filter in der Spalte \u201eStatus\u201c, in der wir alle Werte mit CA gefiltert haben.<\/p><div class=\"gb-container gb-container-4db6181c gb-container-mt\"> <a class=\"gb-button gb-button-c5897111 gb-button-text gb-button-mt-button\" href=\"https:\/\/exceladvisor.org\/de\/excel-fortschritt\/\">Erweiterte Excel-Tutorials<\/a><h2 class=\"gb-headline gb-headline-665e5f6b gb-headline-text gb-headline-mt-heading\"> Verwandte Tutorials <\/h2><div class=\"gb-grid-wrapper gb-grid-wrapper-a20baf7c gb-grid-wrapper-mt-grid\"><div class=\"gb-grid-column gb-grid-column-65ddf67e\"><div class=\"gb-container gb-container-65ddf67e\"><ul><li> <a href=\"https:\/\/exceladvisor.org\/de\/schnelles-analysetool\/\">Schnellanalysetool in Excel<\/a><\/li><li> <a href=\"https:\/\/exceladvisor.org\/de\/markieren-sie-die-oberen-und-unteren-werte\/\">Markieren Sie die oberen und unteren N-Werte in Excel<\/a><\/li><li> <a href=\"https:\/\/exceladvisor.org\/de\/kontrollkastchen\/\">F\u00fcgen Sie ein Kontrollk\u00e4stchen in Excel ein<\/a><\/li><li> <a href=\"https:\/\/exceladvisor.org\/de\/zellen-zusammenfuhren-ohne-daten-zu-verlieren\/\">F\u00fchren Sie Zellen zusammen, ohne Daten in Excel zu verlieren<\/a><\/li><li> <a href=\"https:\/\/exceladvisor.org\/de\/spezielles-multiplizieren-einfugen\/\">Multiplizieren Sie in Excel mit \u201eInhalte einf\u00fcgen\u201c.<\/a><\/li><\/ul><\/div><\/div><\/div><\/div>","protected":false},"excerpt":{"rendered":"","protected":false},"author":1,"featured_media":0,"parent":0,"menu_order":0,"comment_status":"open","ping_status":"closed","template":"","meta":{"ub_ctt_via":"","footnotes":""},"class_list":["post-3389","page","type-page","status-publish","hentry"],"featured_image_src":null,"yoast_head":"<!-- This site is optimized with the Yoast SEO plugin v25.4 - https:\/\/yoast.com\/wordpress\/plugins\/seo\/ -->\n<title>Wie wende ich mehrere Filter auf Spalten in Excel an?<\/title>\n<meta name=\"description\" content=\"In diesem Tutorial erfahren Sie, wie Sie mit einfach zu befolgenden Schritten mehrere Filter auf Spalten in Excel anwenden.\" \/>\n<meta name=\"robots\" content=\"index, follow, max-snippet:-1, max-image-preview:large, max-video-preview:-1\" \/>\n<link rel=\"canonical\" href=\"https:\/\/exceladvisor.org\/de\/mehrere-filter-anwenden\/\" \/>\n<meta property=\"og:locale\" content=\"de_DE\" \/>\n<meta property=\"og:type\" content=\"article\" \/>\n<meta property=\"og:title\" content=\"Wie wende ich mehrere Filter auf Spalten in Excel an?\" \/>\n<meta property=\"og:description\" content=\"In diesem Tutorial erfahren Sie, wie Sie mit einfach zu befolgenden Schritten mehrere Filter auf Spalten in Excel anwenden.\" \/>\n<meta property=\"og:url\" content=\"https:\/\/exceladvisor.org\/de\/mehrere-filter-anwenden\/\" \/>\n<meta property=\"og:site_name\" content=\"Excel Advisor\" \/>\n<meta property=\"article:modified_time\" content=\"2023-12-03T13:05:44+00:00\" \/>\n<meta property=\"og:image\" content=\"https:\/\/exceladvisor.org\/wp-content\/uploads\/2023\/08\/1-appliquer-plusieurs-filtres.png\" \/>\n<meta name=\"twitter:card\" content=\"summary_large_image\" \/>\n<meta name=\"twitter:label1\" content=\"Gesch\u00e4tzte Lesezeit\" \/>\n\t<meta name=\"twitter:data1\" content=\"2\u00a0Minuten\" \/>\n<script type=\"application\/ld+json\" class=\"yoast-schema-graph\">{\"@context\":\"https:\/\/schema.org\",\"@graph\":[{\"@type\":\"WebPage\",\"@id\":\"https:\/\/exceladvisor.org\/de\/mehrere-filter-anwenden\/\",\"url\":\"https:\/\/exceladvisor.org\/de\/mehrere-filter-anwenden\/\",\"name\":\"Wie wende ich mehrere Filter auf Spalten in Excel an?\",\"isPartOf\":{\"@id\":\"https:\/\/exceladvisor.org\/de\/#website\"},\"primaryImageOfPage\":{\"@id\":\"https:\/\/exceladvisor.org\/de\/mehrere-filter-anwenden\/#primaryimage\"},\"image\":{\"@id\":\"https:\/\/exceladvisor.org\/de\/mehrere-filter-anwenden\/#primaryimage\"},\"thumbnailUrl\":\"https:\/\/exceladvisor.org\/wp-content\/uploads\/2023\/08\/1-appliquer-plusieurs-filtres.png\",\"datePublished\":\"2023-10-29T08:03:11+00:00\",\"dateModified\":\"2023-12-03T13:05:44+00:00\",\"description\":\"In diesem Tutorial erfahren Sie, wie Sie mit einfach zu befolgenden Schritten mehrere Filter auf Spalten in Excel anwenden.\",\"breadcrumb\":{\"@id\":\"https:\/\/exceladvisor.org\/de\/mehrere-filter-anwenden\/#breadcrumb\"},\"inLanguage\":\"de\",\"potentialAction\":[{\"@type\":\"ReadAction\",\"target\":[\"https:\/\/exceladvisor.org\/de\/mehrere-filter-anwenden\/\"]}]},{\"@type\":\"ImageObject\",\"inLanguage\":\"de\",\"@id\":\"https:\/\/exceladvisor.org\/de\/mehrere-filter-anwenden\/#primaryimage\",\"url\":\"https:\/\/exceladvisor.org\/wp-content\/uploads\/2023\/08\/1-appliquer-plusieurs-filtres.png\",\"contentUrl\":\"https:\/\/exceladvisor.org\/wp-content\/uploads\/2023\/08\/1-appliquer-plusieurs-filtres.png\"},{\"@type\":\"BreadcrumbList\",\"@id\":\"https:\/\/exceladvisor.org\/de\/mehrere-filter-anwenden\/#breadcrumb\",\"itemListElement\":[{\"@type\":\"ListItem\",\"position\":1,\"name\":\"Accueil\",\"item\":\"https:\/\/exceladvisor.org\/de\/\"},{\"@type\":\"ListItem\",\"position\":2,\"name\":\"Wie wende ich mehrere filter auf spalten in excel an?\"}]},{\"@type\":\"WebSite\",\"@id\":\"https:\/\/exceladvisor.org\/de\/#website\",\"url\":\"https:\/\/exceladvisor.org\/de\/\",\"name\":\"Excel Advisor\",\"description\":\"Ihr Leitfaden zur Datendominanz\",\"publisher\":{\"@id\":\"https:\/\/exceladvisor.org\/de\/#organization\"},\"potentialAction\":[{\"@type\":\"SearchAction\",\"target\":{\"@type\":\"EntryPoint\",\"urlTemplate\":\"https:\/\/exceladvisor.org\/de\/?s={search_term_string}\"},\"query-input\":{\"@type\":\"PropertyValueSpecification\",\"valueRequired\":true,\"valueName\":\"search_term_string\"}}],\"inLanguage\":\"de\"},{\"@type\":\"Organization\",\"@id\":\"https:\/\/exceladvisor.org\/de\/#organization\",\"name\":\"Excel Advisor\",\"url\":\"https:\/\/exceladvisor.org\/de\/\",\"logo\":{\"@type\":\"ImageObject\",\"inLanguage\":\"de\",\"@id\":\"https:\/\/exceladvisor.org\/de\/#\/schema\/logo\/image\/\",\"url\":\"https:\/\/exceladvisor.org\/de\/wp-content\/uploads\/2023\/11\/exceladvisor.org_.png\",\"contentUrl\":\"https:\/\/exceladvisor.org\/de\/wp-content\/uploads\/2023\/11\/exceladvisor.org_.png\",\"width\":105,\"height\":36,\"caption\":\"Excel Advisor\"},\"image\":{\"@id\":\"https:\/\/exceladvisor.org\/de\/#\/schema\/logo\/image\/\"}}]}<\/script>\n<!-- \/ Yoast SEO plugin. -->","yoast_head_json":{"title":"Wie wende ich mehrere Filter auf Spalten in Excel an?","description":"In diesem Tutorial erfahren Sie, wie Sie mit einfach zu befolgenden Schritten mehrere Filter auf Spalten in Excel anwenden.","robots":{"index":"index","follow":"follow","max-snippet":"max-snippet:-1","max-image-preview":"max-image-preview:large","max-video-preview":"max-video-preview:-1"},"canonical":"https:\/\/exceladvisor.org\/de\/mehrere-filter-anwenden\/","og_locale":"de_DE","og_type":"article","og_title":"Wie wende ich mehrere Filter auf Spalten in Excel an?","og_description":"In diesem Tutorial erfahren Sie, wie Sie mit einfach zu befolgenden Schritten mehrere Filter auf Spalten in Excel anwenden.","og_url":"https:\/\/exceladvisor.org\/de\/mehrere-filter-anwenden\/","og_site_name":"Excel Advisor","article_modified_time":"2023-12-03T13:05:44+00:00","og_image":[{"url":"https:\/\/exceladvisor.org\/wp-content\/uploads\/2023\/08\/1-appliquer-plusieurs-filtres.png","type":"","width":"","height":""}],"twitter_card":"summary_large_image","twitter_misc":{"Gesch\u00e4tzte Lesezeit":"2\u00a0Minuten"},"schema":{"@context":"https:\/\/schema.org","@graph":[{"@type":"WebPage","@id":"https:\/\/exceladvisor.org\/de\/mehrere-filter-anwenden\/","url":"https:\/\/exceladvisor.org\/de\/mehrere-filter-anwenden\/","name":"Wie wende ich mehrere Filter auf Spalten in Excel an?","isPartOf":{"@id":"https:\/\/exceladvisor.org\/de\/#website"},"primaryImageOfPage":{"@id":"https:\/\/exceladvisor.org\/de\/mehrere-filter-anwenden\/#primaryimage"},"image":{"@id":"https:\/\/exceladvisor.org\/de\/mehrere-filter-anwenden\/#primaryimage"},"thumbnailUrl":"https:\/\/exceladvisor.org\/wp-content\/uploads\/2023\/08\/1-appliquer-plusieurs-filtres.png","datePublished":"2023-10-29T08:03:11+00:00","dateModified":"2023-12-03T13:05:44+00:00","description":"In diesem Tutorial erfahren Sie, wie Sie mit einfach zu befolgenden Schritten mehrere Filter auf Spalten in Excel anwenden.","breadcrumb":{"@id":"https:\/\/exceladvisor.org\/de\/mehrere-filter-anwenden\/#breadcrumb"},"inLanguage":"de","potentialAction":[{"@type":"ReadAction","target":["https:\/\/exceladvisor.org\/de\/mehrere-filter-anwenden\/"]}]},{"@type":"ImageObject","inLanguage":"de","@id":"https:\/\/exceladvisor.org\/de\/mehrere-filter-anwenden\/#primaryimage","url":"https:\/\/exceladvisor.org\/wp-content\/uploads\/2023\/08\/1-appliquer-plusieurs-filtres.png","contentUrl":"https:\/\/exceladvisor.org\/wp-content\/uploads\/2023\/08\/1-appliquer-plusieurs-filtres.png"},{"@type":"BreadcrumbList","@id":"https:\/\/exceladvisor.org\/de\/mehrere-filter-anwenden\/#breadcrumb","itemListElement":[{"@type":"ListItem","position":1,"name":"Accueil","item":"https:\/\/exceladvisor.org\/de\/"},{"@type":"ListItem","position":2,"name":"Wie wende ich mehrere filter auf spalten in excel an?"}]},{"@type":"WebSite","@id":"https:\/\/exceladvisor.org\/de\/#website","url":"https:\/\/exceladvisor.org\/de\/","name":"Excel Advisor","description":"Ihr Leitfaden zur Datendominanz","publisher":{"@id":"https:\/\/exceladvisor.org\/de\/#organization"},"potentialAction":[{"@type":"SearchAction","target":{"@type":"EntryPoint","urlTemplate":"https:\/\/exceladvisor.org\/de\/?s={search_term_string}"},"query-input":{"@type":"PropertyValueSpecification","valueRequired":true,"valueName":"search_term_string"}}],"inLanguage":"de"},{"@type":"Organization","@id":"https:\/\/exceladvisor.org\/de\/#organization","name":"Excel Advisor","url":"https:\/\/exceladvisor.org\/de\/","logo":{"@type":"ImageObject","inLanguage":"de","@id":"https:\/\/exceladvisor.org\/de\/#\/schema\/logo\/image\/","url":"https:\/\/exceladvisor.org\/de\/wp-content\/uploads\/2023\/11\/exceladvisor.org_.png","contentUrl":"https:\/\/exceladvisor.org\/de\/wp-content\/uploads\/2023\/11\/exceladvisor.org_.png","width":105,"height":36,"caption":"Excel Advisor"},"image":{"@id":"https:\/\/exceladvisor.org\/de\/#\/schema\/logo\/image\/"}}]}},"yoast_meta":{"yoast_wpseo_title":"","yoast_wpseo_metadesc":"","yoast_wpseo_canonical":""},"_links":{"self":[{"href":"https:\/\/exceladvisor.org\/de\/wp-json\/wp\/v2\/pages\/3389","targetHints":{"allow":["GET"]}}],"collection":[{"href":"https:\/\/exceladvisor.org\/de\/wp-json\/wp\/v2\/pages"}],"about":[{"href":"https:\/\/exceladvisor.org\/de\/wp-json\/wp\/v2\/types\/page"}],"author":[{"embeddable":true,"href":"https:\/\/exceladvisor.org\/de\/wp-json\/wp\/v2\/users\/1"}],"replies":[{"embeddable":true,"href":"https:\/\/exceladvisor.org\/de\/wp-json\/wp\/v2\/comments?post=3389"}],"version-history":[{"count":1,"href":"https:\/\/exceladvisor.org\/de\/wp-json\/wp\/v2\/pages\/3389\/revisions"}],"predecessor-version":[{"id":4412,"href":"https:\/\/exceladvisor.org\/de\/wp-json\/wp\/v2\/pages\/3389\/revisions\/4412"}],"wp:attachment":[{"href":"https:\/\/exceladvisor.org\/de\/wp-json\/wp\/v2\/media?parent=3389"}],"curies":[{"name":"wp","href":"https:\/\/api.w.org\/{rel}","templated":true}]}}