{"id":3390,"date":"2023-10-29T07:46:09","date_gmt":"2023-10-29T07:46:09","guid":{"rendered":"https:\/\/exceladvisor.org\/de\/millimeterpapier\/"},"modified":"2023-12-03T11:14:23","modified_gmt":"2023-12-03T11:14:23","slug":"millimeterpapier","status":"publish","type":"page","link":"https:\/\/exceladvisor.org\/de\/millimeterpapier\/","title":{"rendered":"Wie drucke ich millimeterpapier in excel?"},"content":{"rendered":"<div class=\"excel-vor-dem-inhalt\" id=\"excel-72776319\"><script type=\"text\/javascript\">\r\n\tatOptions = {\r\n\t\t'key' : 'c1158f160081d6540a8409e6925dab94',\r\n\t\t'format' : 'iframe',\r\n\t\t'height' : 250,\r\n\t\t'width' : 300,\r\n\t\t'params' : {}\r\n\t};\r\n<\/script>\r\n<script type=\"text\/javascript\" src=\"\/\/www.highperformanceformat.com\/c1158f160081d6540a8409e6925dab94\/invoke.js\"><\/script><\/div> <p>In Excel k\u00f6nnen Sie Millimeterpapier erstellen und eine Kopie ausdrucken, um sie sp\u00e4ter zu verwenden. In diesem Tutorial erfahren Sie, wie Sie diese Vorlage mithilfe einfacher und leicht verst\u00e4ndlicher Schritte erstellen. In dieser Millimeterpapier-Vorlage haben Sie kleine quadratische K\u00e4stchen (mit gleicher H\u00f6he und Breite). <\/p><div class=\"wp-block-image\"><figure class=\"aligncenter size-full is-resized\"><img loading=\"lazy\" decoding=\"async\" class=\"wp-image-72679\" src=\"https:\/\/exceladvisor.org\/wp-content\/uploads\/2023\/08\/1-imprimer-un-papier-millimetre.png\" sizes=\"auto, \" srcset=\"\" alt=\"Drucken Sie ein Grafikpapier\" width=\"582\" height=\"341\"><\/figure><\/div><h2 class=\"wp-block-heading\"> Erstellen Sie ein Millimeterpapier in Excel<\/h2><ol><li> Klicken Sie zun\u00e4chst auf die obere rechte Ecke des Arbeitsblatts oder verwenden Sie die <a href=\"https:\/\/exceladvisor.org\/de\/tastaturkurzel\/\">Tastenkombination<\/a> Strg + A, um alle Zellen auszuw\u00e4hlen. <br><img loading=\"lazy\" decoding=\"async\" title=\"2 \u2013 obere rechte Ecke der Tabelle\" src=\"https:\/\/exceladvisor.org\/wp-content\/uploads\/2023\/08\/2-coin-superieur-droit-de-la-feuille-de-calcul.png\" sizes=\"auto, \" srcset=\"\" alt=\"top-right-corner-of-worksheet\" width=\"362\" height=\"442\"><\/li><li> Gehen Sie zur Registerkarte \u201eStartseite\u201c und klicken Sie in der Gruppe \u201eZellen\u201c auf das Dropdown-Men\u00fc \u201eFormat\u201c. <br><img loading=\"lazy\" decoding=\"async\" title=\"Dropdown-Liste mit 3 Formaten\" src=\"https:\/\/exceladvisor.org\/wp-content\/uploads\/2023\/08\/3-formats-deroulants.png\" sizes=\"auto, \" srcset=\"\" alt=\"format-dropdown\" width=\"432\" height=\"168\"><\/li><li> Klicken Sie dort auf die Option \u201eSpaltenbreite\u201c. <br><img loading=\"lazy\" decoding=\"async\" title=\"4-Spaltenbreite ausw\u00e4hlen\" src=\"https:\/\/exceladvisor.org\/wp-content\/uploads\/2023\/08\/4-selectionnez-la-largeur-de-la-colonne.png\" sizes=\"auto, \" srcset=\"\" alt=\"select-the-column-width\" width=\"279\" height=\"298\"><\/li><li> Geben Sie in der Spaltenbreite \u201e3\u201c ein und klicken Sie zum Speichern auf \u201eOK\u201c. <br><img loading=\"lazy\" decoding=\"async\" title=\"5-Spaltenbreite eingeben\" src=\"https:\/\/exceladvisor.org\/wp-content\/uploads\/2023\/08\/5-entrez-la-largeur-de-la-colonne.png\" sizes=\"auto, \" srcset=\"\" alt=\"enter-the-column-width\" width=\"248\" height=\"135\"><\/li><li> Jetzt haben Sie in Ihrer Tabelle K\u00e4stchen, die wie Millimeterpapier aussehen. <br><img loading=\"lazy\" decoding=\"async\" title=\"6 Schachteln aus Millimeterpapier\" src=\"https:\/\/exceladvisor.org\/wp-content\/uploads\/2023\/08\/6-papier-millimetre-comme-des-boites.png\" sizes=\"auto, \" srcset=\"\" alt=\"graph-paper-like-boxes\" width=\"600\" height=\"290\"><\/li><li> Dr\u00fccken Sie <a href=\"https:\/\/exceladvisor.org\/de\/druckvorschau-1\/\">Strg+P, um die Druckvorschau zu \u00f6ffnen<\/a> , und klicken Sie dann auf \u201eSeite einrichten\u201c. <br><img loading=\"lazy\" decoding=\"async\" title=\"7-Seiten-Setup\" src=\"https:\/\/exceladvisor.org\/wp-content\/uploads\/2023\/08\/Configuration-de-7-pages.png\" sizes=\"auto, \" srcset=\"\" alt=\"page-setup\" width=\"303\" height=\"434\"><\/li><li> Gehen Sie dann unter \u201eSeite einrichten\u201c zur Registerkarte \u201eRand\u201c und stellen Sie <a href=\"https:\/\/exceladvisor.org\/de\/fugen-sie-eine-fusszeile-hinzu\/\">\u201eKopf- und Fu\u00dfzeile\u201c<\/a> auf 0 sowie \u201eOberer, unterer, linker und rechter Rand\u201c auf 0 oder 0,5 ein. <br><img loading=\"lazy\" decoding=\"async\" title=\"8-make-header-and-footer-0\" src=\"https:\/\/exceladvisor.org\/wp-content\/uploads\/2023\/08\/8-faire-en-tete-et-pied-de-page-0.png\" sizes=\"auto, \" srcset=\"\" alt=\"make-header-and-footer-0\" width=\"536\" height=\"517\"><\/li><li> Klicken Sie <a href=\"https:\/\/exceladvisor.org\/de\/zentrieren-sie-das-arbeitsblatt-horizontal\/\">unter \u201eAuf Seite zentrieren\u201c auf beide Kontrollk\u00e4stchen (Horizontal und Vertikal)<\/a> . <br><img loading=\"lazy\" decoding=\"async\" title=\"9-w\u00e4hlen-horizontale-und-vertikale-Optionen\" src=\"https:\/\/exceladvisor.org\/wp-content\/uploads\/2023\/08\/9-selectionner-les-options-horizontales-et-verticales.png\" sizes=\"auto, \" srcset=\"\" alt=\"select-horizontal-and-vertical-options\" width=\"535\" height=\"516\"><\/li><li> Gehen Sie als N\u00e4chstes zur Registerkarte \u201eBlatt\u201c im Dialogfeld \u201eSeite einrichten\u201c und aktivieren Sie in der Gruppe \u201eDrucken\u201c das Kontrollk\u00e4stchen \u201eGitternetzlinien\u201c, um <a href=\"https:\/\/exceladvisor.org\/de\/das-gitter\/\">die Gitternetzlinien zu drucken<\/a> , und klicken Sie zum Speichern auf \u201eOK\u201c. <br><img loading=\"lazy\" decoding=\"async\" title=\"10-tick-the-gridlines\" src=\"https:\/\/exceladvisor.org\/wp-content\/uploads\/2023\/08\/10-cochez-les-lignes-de-la-grille.png\" sizes=\"auto, \" srcset=\"\" alt=\"tickmark-the-gridlines\" width=\"538\" height=\"518\"><\/li><\/ol><p> An diesem Punkt ist die gesamte Einrichtung abgeschlossen und der n\u00e4chste Schritt besteht darin, das Millimeterpapier zu drucken.<\/p><h2 class=\"wp-block-heading\"> Drucken Sie Millimeterpapier in Excel<\/h2><p> Obwohl wir alle Einstellungen vorgenommen haben, ist unser Blatt immer noch leer und Excel druckt kein leeres Blatt. Daher m\u00fcssen wir einer einzelnen Seite Leerzeichen hinzuf\u00fcgen, damit sie beim Drucken funktioniert.<\/p><ol><li> Gehen Sie zun\u00e4chst in die Ansicht und klicken Sie auf die Schaltfl\u00e4che \u201eLayout\u201c. <br><img loading=\"lazy\" decoding=\"async\" title=\"Layout in 11 Klicks\" src=\"https:\/\/exceladvisor.org\/wp-content\/uploads\/2023\/08\/11-clic-sur-mise-en-page.png\" sizes=\"auto, \" srcset=\"\" alt=\"click-on-page-layout\" width=\"752\" height=\"349\"><\/li><li> Geben Sie nun ein Leerzeichen in die erste Zelle ein, <a href=\"https:\/\/exceladvisor.org\/de\/kopieren-einfugen\/\">kopieren Sie dann dieses Leerzeichen und f\u00fcgen Sie<\/a> es in die Zellen ein, die Sie auf der einzelnen Seite haben. <br><img loading=\"lazy\" decoding=\"async\" title=\"12-Geben Sie ein Leerzeichen in die erste Zelle ein\" src=\"https:\/\/exceladvisor.org\/wp-content\/uploads\/2023\/08\/12-entrer-un-espace-dans-la-premiere-cellule.png\" sizes=\"auto, \" srcset=\"\" alt=\"enter-a-space-in-first-cell\" width=\"791\" height=\"278\"><\/li><li> Gehen Sie zur\u00fcck zur Registerkarte \u201eAnsicht\u201c und klicken Sie dort auf die Schaltfl\u00e4che \u201eNormale Ansicht\u201c. <br><img loading=\"lazy\" decoding=\"async\" title=\"13-Wechseln Sie zur Normalansicht\" src=\"https:\/\/exceladvisor.org\/wp-content\/uploads\/2023\/08\/13-aller-a-la-vue-normale.png\" sizes=\"auto, \" srcset=\"\" alt=\"go-to-normal-view\" width=\"388\" height=\"225\"><\/li><li> Gehen Sie am Ende zur\u00fcck zur Druckoption \u201eDatei &amp; Tab\u201c, um die Druckvorschau anzuzeigen, oder verwenden Sie einfach die Tastenkombination Strg + P, um die Druckvorschau zu \u00fcberpr\u00fcfen. <br><img loading=\"lazy\" decoding=\"async\" title=\"14-siehe-die-Vorschau\" src=\"https:\/\/exceladvisor.org\/wp-content\/uploads\/2023\/08\/14-voir-lapercu-avant-impression.png\" sizes=\"auto, \" srcset=\"\" alt=\"see-the-print-preview\" width=\"530\" height=\"634\"><\/li><\/ol><p> Und sobald Sie auf die Schaltfl\u00e4che \u201eDrucken\u201c klicken, erhalten Sie einen Ausdruck des Millimeterpapiers wie oben. Sie k\u00f6nnen auch eine PDF-Datei aus Ihrer Excel-Arbeitsmappe speichern (Datei \u21e2 Exportieren \u21e2 PDF\/XPS-Format erstellen \u21e2 PDF\/XPS-Format erstellen). <\/p><div class=\"wp-block-image\"><figure class=\"aligncenter size-full is-resized\"><img loading=\"lazy\" decoding=\"async\" class=\"wp-image-72693\" src=\"https:\/\/exceladvisor.org\/wp-content\/uploads\/2023\/08\/15-enregistrer-le-fichier-au-format-pdf.png\" sizes=\"auto, \" srcset=\"\" alt=\"Speichern Sie die Datei im PDF-Format\" width=\"668\" height=\"336\"><\/figure><\/div><div class=\"gb-container gb-container-4db6181c gb-container-mt\"> <a class=\"gb-button gb-button-c5897111 gb-button-text gb-button-mt-button\" href=\"https:\/\/exceladvisor.org\/de\/excel-fortschritt\/\">Fortgeschrittenes Excel-Tutorial<\/a><h2 class=\"gb-headline gb-headline-665e5f6b gb-headline-text gb-headline-mt-heading\"> Verwandte Tutorials <\/h2><div class=\"gb-grid-wrapper gb-grid-wrapper-a20baf7c gb-grid-wrapper-mt-grid\"><div class=\"gb-grid-column gb-grid-column-65ddf67e\"><div class=\"gb-container gb-container-65ddf67e\"><ul><li> <a href=\"https:\/\/exceladvisor.org\/de\/titel-drucken\/\">Anwenden von Drucktiteln in Excel (Zeile 1 so einstellen, dass sie auf jeder Seite gedruckt wird)<\/a><\/li><li> <a href=\"https:\/\/exceladvisor.org\/de\/seitenumbruch-entfernen\/\">Seitenumbruch in Excel entfernen<\/a><\/li><li> <a href=\"https:\/\/exceladvisor.org\/de\/druckbereich-festlegen\/\">Legen Sie den Druckbereich in Excel fest<\/a><\/li><li> <a href=\"https:\/\/exceladvisor.org\/de\/zentrieren-sie-das-arbeitsblatt-horizontal\/\">Zentrieren Sie ein Arbeitsblatt in Excel horizontal und vertikal<\/a> <\/li><\/ul><\/div><\/div><div class=\"gb-grid-column gb-grid-column-50067b57\"><div class=\"gb-container gb-container-50067b57\"><\/div><\/div><\/div><\/div>","protected":false},"excerpt":{"rendered":"","protected":false},"author":1,"featured_media":0,"parent":0,"menu_order":0,"comment_status":"open","ping_status":"closed","template":"","meta":{"ub_ctt_via":"","footnotes":""},"class_list":["post-3390","page","type-page","status-publish","hentry"],"featured_image_src":null,"yoast_head":"<!-- This site is optimized with the Yoast SEO plugin v25.4 - https:\/\/yoast.com\/wordpress\/plugins\/seo\/ -->\n<title>\u25b7 Wie drucke ich Millimeterpapier in Excel?<\/title>\n<meta name=\"description\" content=\"In diesem Tutorial lernen wir, wie man in Excel ein Millimeterpapier mit kleinen quadratischen K\u00e4stchen erstellt.\" \/>\n<meta name=\"robots\" content=\"index, follow, max-snippet:-1, max-image-preview:large, max-video-preview:-1\" \/>\n<link rel=\"canonical\" href=\"https:\/\/exceladvisor.org\/de\/millimeterpapier\/\" \/>\n<meta property=\"og:locale\" content=\"de_DE\" \/>\n<meta property=\"og:type\" content=\"article\" \/>\n<meta property=\"og:title\" content=\"\u25b7 Wie drucke ich Millimeterpapier in Excel?\" \/>\n<meta property=\"og:description\" content=\"In diesem Tutorial lernen wir, wie man in Excel ein Millimeterpapier mit kleinen quadratischen K\u00e4stchen erstellt.\" \/>\n<meta property=\"og:url\" content=\"https:\/\/exceladvisor.org\/de\/millimeterpapier\/\" \/>\n<meta property=\"og:site_name\" content=\"Excel Advisor\" \/>\n<meta property=\"article:modified_time\" content=\"2023-12-03T11:14:23+00:00\" \/>\n<meta property=\"og:image\" content=\"https:\/\/exceladvisor.org\/wp-content\/uploads\/2023\/08\/1-imprimer-un-papier-millimetre.png\" \/>\n<meta name=\"twitter:card\" content=\"summary_large_image\" \/>\n<meta name=\"twitter:label1\" content=\"Gesch\u00e4tzte Lesezeit\" \/>\n\t<meta name=\"twitter:data1\" content=\"2\u00a0Minuten\" \/>\n<script type=\"application\/ld+json\" class=\"yoast-schema-graph\">{\"@context\":\"https:\/\/schema.org\",\"@graph\":[{\"@type\":\"WebPage\",\"@id\":\"https:\/\/exceladvisor.org\/de\/millimeterpapier\/\",\"url\":\"https:\/\/exceladvisor.org\/de\/millimeterpapier\/\",\"name\":\"\u25b7 Wie drucke ich Millimeterpapier in Excel?\",\"isPartOf\":{\"@id\":\"https:\/\/exceladvisor.org\/de\/#website\"},\"primaryImageOfPage\":{\"@id\":\"https:\/\/exceladvisor.org\/de\/millimeterpapier\/#primaryimage\"},\"image\":{\"@id\":\"https:\/\/exceladvisor.org\/de\/millimeterpapier\/#primaryimage\"},\"thumbnailUrl\":\"https:\/\/exceladvisor.org\/wp-content\/uploads\/2023\/08\/1-imprimer-un-papier-millimetre.png\",\"datePublished\":\"2023-10-29T07:46:09+00:00\",\"dateModified\":\"2023-12-03T11:14:23+00:00\",\"description\":\"In diesem Tutorial lernen wir, wie man in Excel ein Millimeterpapier mit kleinen quadratischen K\u00e4stchen erstellt.\",\"breadcrumb\":{\"@id\":\"https:\/\/exceladvisor.org\/de\/millimeterpapier\/#breadcrumb\"},\"inLanguage\":\"de\",\"potentialAction\":[{\"@type\":\"ReadAction\",\"target\":[\"https:\/\/exceladvisor.org\/de\/millimeterpapier\/\"]}]},{\"@type\":\"ImageObject\",\"inLanguage\":\"de\",\"@id\":\"https:\/\/exceladvisor.org\/de\/millimeterpapier\/#primaryimage\",\"url\":\"https:\/\/exceladvisor.org\/wp-content\/uploads\/2023\/08\/1-imprimer-un-papier-millimetre.png\",\"contentUrl\":\"https:\/\/exceladvisor.org\/wp-content\/uploads\/2023\/08\/1-imprimer-un-papier-millimetre.png\"},{\"@type\":\"BreadcrumbList\",\"@id\":\"https:\/\/exceladvisor.org\/de\/millimeterpapier\/#breadcrumb\",\"itemListElement\":[{\"@type\":\"ListItem\",\"position\":1,\"name\":\"Accueil\",\"item\":\"https:\/\/exceladvisor.org\/de\/\"},{\"@type\":\"ListItem\",\"position\":2,\"name\":\"Wie drucke ich millimeterpapier in excel?\"}]},{\"@type\":\"WebSite\",\"@id\":\"https:\/\/exceladvisor.org\/de\/#website\",\"url\":\"https:\/\/exceladvisor.org\/de\/\",\"name\":\"Excel Advisor\",\"description\":\"Ihr Leitfaden zur Datendominanz\",\"publisher\":{\"@id\":\"https:\/\/exceladvisor.org\/de\/#organization\"},\"potentialAction\":[{\"@type\":\"SearchAction\",\"target\":{\"@type\":\"EntryPoint\",\"urlTemplate\":\"https:\/\/exceladvisor.org\/de\/?s={search_term_string}\"},\"query-input\":{\"@type\":\"PropertyValueSpecification\",\"valueRequired\":true,\"valueName\":\"search_term_string\"}}],\"inLanguage\":\"de\"},{\"@type\":\"Organization\",\"@id\":\"https:\/\/exceladvisor.org\/de\/#organization\",\"name\":\"Excel Advisor\",\"url\":\"https:\/\/exceladvisor.org\/de\/\",\"logo\":{\"@type\":\"ImageObject\",\"inLanguage\":\"de\",\"@id\":\"https:\/\/exceladvisor.org\/de\/#\/schema\/logo\/image\/\",\"url\":\"https:\/\/exceladvisor.org\/de\/wp-content\/uploads\/2023\/11\/exceladvisor.org_.png\",\"contentUrl\":\"https:\/\/exceladvisor.org\/de\/wp-content\/uploads\/2023\/11\/exceladvisor.org_.png\",\"width\":105,\"height\":36,\"caption\":\"Excel Advisor\"},\"image\":{\"@id\":\"https:\/\/exceladvisor.org\/de\/#\/schema\/logo\/image\/\"}}]}<\/script>\n<!-- \/ Yoast SEO plugin. -->","yoast_head_json":{"title":"\u25b7 Wie drucke ich Millimeterpapier in Excel?","description":"In diesem Tutorial lernen wir, wie man in Excel ein Millimeterpapier mit kleinen quadratischen K\u00e4stchen erstellt.","robots":{"index":"index","follow":"follow","max-snippet":"max-snippet:-1","max-image-preview":"max-image-preview:large","max-video-preview":"max-video-preview:-1"},"canonical":"https:\/\/exceladvisor.org\/de\/millimeterpapier\/","og_locale":"de_DE","og_type":"article","og_title":"\u25b7 Wie drucke ich Millimeterpapier in Excel?","og_description":"In diesem Tutorial lernen wir, wie man in Excel ein Millimeterpapier mit kleinen quadratischen K\u00e4stchen erstellt.","og_url":"https:\/\/exceladvisor.org\/de\/millimeterpapier\/","og_site_name":"Excel Advisor","article_modified_time":"2023-12-03T11:14:23+00:00","og_image":[{"url":"https:\/\/exceladvisor.org\/wp-content\/uploads\/2023\/08\/1-imprimer-un-papier-millimetre.png","type":"","width":"","height":""}],"twitter_card":"summary_large_image","twitter_misc":{"Gesch\u00e4tzte Lesezeit":"2\u00a0Minuten"},"schema":{"@context":"https:\/\/schema.org","@graph":[{"@type":"WebPage","@id":"https:\/\/exceladvisor.org\/de\/millimeterpapier\/","url":"https:\/\/exceladvisor.org\/de\/millimeterpapier\/","name":"\u25b7 Wie drucke ich Millimeterpapier in Excel?","isPartOf":{"@id":"https:\/\/exceladvisor.org\/de\/#website"},"primaryImageOfPage":{"@id":"https:\/\/exceladvisor.org\/de\/millimeterpapier\/#primaryimage"},"image":{"@id":"https:\/\/exceladvisor.org\/de\/millimeterpapier\/#primaryimage"},"thumbnailUrl":"https:\/\/exceladvisor.org\/wp-content\/uploads\/2023\/08\/1-imprimer-un-papier-millimetre.png","datePublished":"2023-10-29T07:46:09+00:00","dateModified":"2023-12-03T11:14:23+00:00","description":"In diesem Tutorial lernen wir, wie man in Excel ein Millimeterpapier mit kleinen quadratischen K\u00e4stchen erstellt.","breadcrumb":{"@id":"https:\/\/exceladvisor.org\/de\/millimeterpapier\/#breadcrumb"},"inLanguage":"de","potentialAction":[{"@type":"ReadAction","target":["https:\/\/exceladvisor.org\/de\/millimeterpapier\/"]}]},{"@type":"ImageObject","inLanguage":"de","@id":"https:\/\/exceladvisor.org\/de\/millimeterpapier\/#primaryimage","url":"https:\/\/exceladvisor.org\/wp-content\/uploads\/2023\/08\/1-imprimer-un-papier-millimetre.png","contentUrl":"https:\/\/exceladvisor.org\/wp-content\/uploads\/2023\/08\/1-imprimer-un-papier-millimetre.png"},{"@type":"BreadcrumbList","@id":"https:\/\/exceladvisor.org\/de\/millimeterpapier\/#breadcrumb","itemListElement":[{"@type":"ListItem","position":1,"name":"Accueil","item":"https:\/\/exceladvisor.org\/de\/"},{"@type":"ListItem","position":2,"name":"Wie drucke ich millimeterpapier in excel?"}]},{"@type":"WebSite","@id":"https:\/\/exceladvisor.org\/de\/#website","url":"https:\/\/exceladvisor.org\/de\/","name":"Excel Advisor","description":"Ihr Leitfaden zur Datendominanz","publisher":{"@id":"https:\/\/exceladvisor.org\/de\/#organization"},"potentialAction":[{"@type":"SearchAction","target":{"@type":"EntryPoint","urlTemplate":"https:\/\/exceladvisor.org\/de\/?s={search_term_string}"},"query-input":{"@type":"PropertyValueSpecification","valueRequired":true,"valueName":"search_term_string"}}],"inLanguage":"de"},{"@type":"Organization","@id":"https:\/\/exceladvisor.org\/de\/#organization","name":"Excel Advisor","url":"https:\/\/exceladvisor.org\/de\/","logo":{"@type":"ImageObject","inLanguage":"de","@id":"https:\/\/exceladvisor.org\/de\/#\/schema\/logo\/image\/","url":"https:\/\/exceladvisor.org\/de\/wp-content\/uploads\/2023\/11\/exceladvisor.org_.png","contentUrl":"https:\/\/exceladvisor.org\/de\/wp-content\/uploads\/2023\/11\/exceladvisor.org_.png","width":105,"height":36,"caption":"Excel Advisor"},"image":{"@id":"https:\/\/exceladvisor.org\/de\/#\/schema\/logo\/image\/"}}]}},"yoast_meta":{"yoast_wpseo_title":"","yoast_wpseo_metadesc":"","yoast_wpseo_canonical":""},"_links":{"self":[{"href":"https:\/\/exceladvisor.org\/de\/wp-json\/wp\/v2\/pages\/3390","targetHints":{"allow":["GET"]}}],"collection":[{"href":"https:\/\/exceladvisor.org\/de\/wp-json\/wp\/v2\/pages"}],"about":[{"href":"https:\/\/exceladvisor.org\/de\/wp-json\/wp\/v2\/types\/page"}],"author":[{"embeddable":true,"href":"https:\/\/exceladvisor.org\/de\/wp-json\/wp\/v2\/users\/1"}],"replies":[{"embeddable":true,"href":"https:\/\/exceladvisor.org\/de\/wp-json\/wp\/v2\/comments?post=3390"}],"version-history":[{"count":1,"href":"https:\/\/exceladvisor.org\/de\/wp-json\/wp\/v2\/pages\/3390\/revisions"}],"predecessor-version":[{"id":3906,"href":"https:\/\/exceladvisor.org\/de\/wp-json\/wp\/v2\/pages\/3390\/revisions\/3906"}],"wp:attachment":[{"href":"https:\/\/exceladvisor.org\/de\/wp-json\/wp\/v2\/media?parent=3390"}],"curies":[{"name":"wp","href":"https:\/\/api.w.org\/{rel}","templated":true}]}}