{"id":3391,"date":"2023-10-29T07:33:14","date_gmt":"2023-10-29T07:33:14","guid":{"rendered":"https:\/\/exceladvisor.org\/de\/zoomen\/"},"modified":"2023-12-03T11:22:15","modified_gmt":"2023-12-03T11:22:15","slug":"zoomen","status":"publish","type":"page","link":"https:\/\/exceladvisor.org\/de\/zoomen\/","title":{"rendered":"Wie kann man in excel hinein-\/herauszoomen?"},"content":{"rendered":"<div class=\"excel-vor-dem-inhalt\" id=\"excel-2848514308\"><script type=\"text\/javascript\">\r\n\tatOptions = {\r\n\t\t'key' : 'c1158f160081d6540a8409e6925dab94',\r\n\t\t'format' : 'iframe',\r\n\t\t'height' : 250,\r\n\t\t'width' : 300,\r\n\t\t'params' : {}\r\n\t};\r\n<\/script>\r\n<script type=\"text\/javascript\" src=\"\/\/www.highperformanceformat.com\/c1158f160081d6540a8409e6925dab94\/invoke.js\"><\/script><\/div> <p>Wenn Sie mit Daten in Excel arbeiten, m\u00fcssen Sie sich diese m\u00f6glicherweise genauer ansehen oder m\u00f6chten einen gro\u00dfen Datensatz in Ihrem Excel-Fenster untersuchen. In diesem Szenario m\u00fcssen Sie die Optionen \u201eVergr\u00f6\u00dfern\u201c und \u201eVerkleinern\u201c verwenden.<\/p><p> In diesem Tutorial werden wir uns beide Zoomoptionen im Detail ansehen.<\/p><h2 class=\"wp-block-heading\"> Schritte zum Vergr\u00f6\u00dfern und Verkleinern des Men\u00fcbands<\/h2><p> In Excel k\u00f6nnen Sie \u00fcber die Registerkarte \u201eAnsicht\u201c ganz einfach in das Arbeitsblatt hinein- und herauszoomen. Befolgen Sie dazu die folgenden Schritte.<\/p><ol><li> Gehen Sie zun\u00e4chst im Men\u00fcband auf die Registerkarte \u201eAnsicht\u201c und klicken Sie dann auf die Gruppe \u201eZoom\u201c. <br><img loading=\"lazy\" decoding=\"async\" title=\"1-Ansicht-Registerkarte\" src=\"https:\/\/exceladvisor.org\/wp-content\/uploads\/2023\/08\/1-onglet-de-vue.png\" sizes=\"auto, \" srcset=\"\" alt=\"view-tab\" width=\"577\" height=\"121\"><\/li><li> Klicken Sie anschlie\u00dfend auf <strong>\u201eZoom\u201c<\/strong> und das Dialogfeld in der Tabelle wird ge\u00f6ffnet. In diesem Fall k\u00f6nnen Sie eine beliebige vorhandene Prozentoption ausw\u00e4hlen oder die <strong>Option \u201eBenutzerdefiniert\u201c<\/strong> ausw\u00e4hlen, um den gew\u00fcnschten Prozentsatz einzugeben. <br><img loading=\"lazy\" decoding=\"async\" title=\"Zoom-Symbol mit 2 Klicks\" src=\"https:\/\/exceladvisor.org\/wp-content\/uploads\/2023\/08\/icone-zoom-2-clics.png\" sizes=\"auto, \" srcset=\"\" alt=\"click-zoom-icon\" width=\"238\" height=\"384\"><\/li><li> Nachdem Sie den Prozentsatz ausgew\u00e4hlt haben, klicken Sie auf \u201eOK\u201c, um ihn anzuwenden. <br><img loading=\"lazy\" decoding=\"async\" title=\"3-Zoom-Prozentsatz ausw\u00e4hlen\" src=\"https:\/\/exceladvisor.org\/wp-content\/uploads\/2023\/08\/3-selectionnez-le-pourcentage-de-zoom.png\" sizes=\"auto, \" srcset=\"\" alt=\"select-the-zoom-percentage\" width=\"469\" height=\"287\"><\/li><li> Die <strong>zweite Option ist 100 %<\/strong> , mit der Sie Ihre Tabelle mit nur einem Klick auf 100 % vergr\u00f6\u00dfern k\u00f6nnen. <br><img loading=\"lazy\" decoding=\"async\" title=\"4-100_-Zoom-Option\" src=\"https:\/\/exceladvisor.org\/wp-content\/uploads\/2023\/08\/4-Option-zoom-100_.png\" sizes=\"auto, \" srcset=\"\" alt=\"100_-zoom-option\" width=\"380\" height=\"304\"><\/li><\/ol><h2 class=\"wp-block-heading\"> Vergr\u00f6\u00dfern Sie die Auswahl<\/h2><p> In Excel wird diese Funktion zum Zoomen des Blattes verwendet, da <strong>der ausgew\u00e4hlte Zellbereich<\/strong> das gesamte Fenster ausf\u00fcllt. Dadurch k\u00f6nnen Sie sich ganz einfach auf einen bestimmten Bereich des Blattes konzentrieren. Befolgen Sie nun die folgenden Schritte.<\/p><ol><li> <strong>W\u00e4hlen Sie zun\u00e4chst die Zelle<\/strong> oder den Zellbereich aus, auf den Sie sich konzentrieren m\u00f6chten. <br><img loading=\"lazy\" decoding=\"async\" title=\"5-Zellenbereich ausw\u00e4hlen\" src=\"https:\/\/exceladvisor.org\/wp-content\/uploads\/2023\/08\/5-selectionner-une-plage-de-cellules.png\" sizes=\"auto, \" srcset=\"\" alt=\"select-range-of-cells\" width=\"331\" height=\"283\"><\/li><li> Klicken Sie anschlie\u00dfend in der Zoomgruppe auf die Option <strong>\u201eZoom to Selection\u201c<\/strong> . <br><img loading=\"lazy\" decoding=\"async\" title=\"6 Zoom-Symbole bei Auswahl\" src=\"https:\/\/exceladvisor.org\/wp-content\/uploads\/2023\/08\/6-zoom-sur-licone-de-selection.png\" sizes=\"auto, \" srcset=\"\" alt=\"zoom-to-selection-icon\" width=\"177\" height=\"119\"><\/li><li> Jetzt deckt der ausgew\u00e4hlte Zellbereich das gesamte Fenster ab und Sie k\u00f6nnen es im folgenden Bild sehen. <br><img loading=\"lazy\" decoding=\"async\" title=\"7-gezoomte Zellen ausw\u00e4hlen\" src=\"https:\/\/exceladvisor.org\/wp-content\/uploads\/2023\/08\/7-cellules-selectionnees-agrandies.png\" sizes=\"auto, \" srcset=\"\" alt=\"select-cells-zoomed\" width=\"508\" height=\"129\"><\/li><\/ol><h2 class=\"wp-block-heading\"> Vergr\u00f6\u00dfern und verkleinern Sie mit der Maus<\/h2><p> Eine weitere Methode zum Vergr\u00f6\u00dfern und Verkleinern ist die Verwendung der Maus. Sie m\u00fcssen lediglich die STRG-Taste auf Ihrer Tastatur gedr\u00fcckt halten und mit dem Mausrad vorw\u00e4rts scrollen, um in die Excel-Tabelle hineinzuzoomen, und r\u00fcckw\u00e4rts, um herauszuzoomen. <\/p><div class=\"wp-block-image\"><figure class=\"aligncenter size-full is-resized\"><img loading=\"lazy\" decoding=\"async\" class=\"wp-image-75267\" src=\"https:\/\/exceladvisor.org\/wp-content\/uploads\/2023\/08\/8-zoom-avant-a-laide-de-la-souris.png\" sizes=\"auto, \" srcset=\"\" alt=\"mit der Maus heranzoomen\" width=\"213\" height=\"140\"><\/figure><\/div><p class=\"content-box-green\"> Mit einem einzigen Bildlauf k\u00f6nnen Sie den Wert um 15 % erh\u00f6hen oder verringern.<\/p><h2 class=\"wp-block-heading\"> Tastenkombination zum Vergr\u00f6\u00dfern und Verkleinern<\/h2><p> Hier <a href=\"https:\/\/exceladvisor.org\/de\/tastaturkurzel\/\">haben wir Ihnen die Tastenkombinationen zur Verf\u00fcgung gestellt<\/a> , mit denen Sie das Arbeitsblatt schnell vergr\u00f6\u00dfern und verkleinern k\u00f6nnen. Jetzt sind die Tastenkombinationen:<\/p><ol><li> <strong>Vergr\u00f6\u00dfern:<\/strong> <kbd class=\"dark\">STRG<\/kbd> + <kbd class=\"dark\">ALT<\/kbd> <kbd class=\"dark\">++<\/kbd> <br><img loading=\"lazy\" decoding=\"async\" title=\"9-Zoom-\u00fcber-die-Tastatur\" src=\"https:\/\/exceladvisor.org\/wp-content\/uploads\/2023\/08\/9-zoom-avant-a-laide-du-clavier.png\" sizes=\"auto, \" srcset=\"\" alt=\"zoom-in-using-keyboard\" width=\"592\" height=\"195\"><\/li><li> <strong>Verkleinern:<\/strong> <kbd class=\"dark\">STRG<\/kbd> + <code>ALT<\/code> + <code>-<\/code> <br><img loading=\"lazy\" decoding=\"async\" title=\"10-faches Herauszoomen \u00fcber die Tastatur\" src=\"https:\/\/exceladvisor.org\/wp-content\/uploads\/2023\/08\/10-zoom-arriere-a-laide-du-clavier.png\" sizes=\"auto, \" srcset=\"\" alt=\"zoom-out-using-keyboard\" width=\"589\" height=\"194\"><\/li><\/ol><h2 class=\"wp-block-heading\"> Vergr\u00f6\u00dfern und verkleinern Sie per Schieberegler<\/h2><p> Diese <a href=\"https:\/\/exceladvisor.org\/de\/beratung\/\" data-wpil=\"url\">Option wird von Excel-Benutzern h\u00e4ufig verwendet<\/a> und ist in der <strong>rechten Ecke der Statusleiste<\/strong> sichtbar.<\/p><ol><li> Der Zoom-Schieberegler verf\u00fcgt \u00fcber (-) (+) diese beiden Tasten, die zum \u201eHerauszoomen\u201c und \u201eHinzoomen\u201c verwendet werden k\u00f6nnen.<\/li><li> Mit der Funktion \u201eAuszoomen\u201c k\u00f6nnen Sie die Gr\u00f6\u00dfe des Blatts, an dem Sie arbeiten, verkleinern. W\u00e4hrend das Vergr\u00f6\u00dfern Ihnen hilft, die Daten genau zu betrachten. <br><img loading=\"lazy\" decoding=\"async\" title=\"11-Vergr\u00f6\u00dfern-Verkleinern-mit-Cursor\" src=\"https:\/\/exceladvisor.org\/wp-content\/uploads\/2023\/08\/11-zoom-avant-a-laide-du-curseur.png\" sizes=\"auto, \" srcset=\"\" alt=\"zoom-in-out-using-slider\" width=\"200\" height=\"102\"><\/li><li> Dar\u00fcber hinaus k\u00f6nnen Sie die Sichtbarkeit der Seite anpassen, indem Sie die <strong>zentrale Zoomtaste<\/strong> hin und her schieben. <br><img loading=\"lazy\" decoding=\"async\" title=\"12-fache Anpassung per zentraler Zoomtaste\" src=\"https:\/\/exceladvisor.org\/wp-content\/uploads\/2023\/08\/12-reglage-par-touche-centrale-de-zoom.png\" sizes=\"auto, \" srcset=\"\" alt=\"adjust-by-central-zoom-key\" width=\"201\" height=\"103\"><\/li><\/ol><p class=\"qt-tip\"> <strong>Hinweis:<\/strong> Sie erh\u00f6ht oder verringert sich um (10 %), sobald Sie die Schaltfl\u00e4chen zum Vergr\u00f6\u00dfern (-) oder Verkleinern (+) dr\u00fccken.<\/p><h2 class=\"wp-block-heading\"> Zoomen Sie prozentual<\/h2><p> In Excel funktioniert der Zoom-Prozentsatz auch genauso wie der Zoom-Schieberegler. Es ist neben dem Zoom-Schieberegler auf der <strong>linken Seite der Statusleiste<\/strong> zu sehen. <\/p><div class=\"wp-block-image\"><figure class=\"aligncenter size-full is-resized\"><img loading=\"lazy\" decoding=\"async\" class=\"wp-image-75272\" src=\"https:\/\/exceladvisor.org\/wp-content\/uploads\/2023\/08\/13-zoom-par-pourcentage.png\" sizes=\"auto, \" srcset=\"\" alt=\"Zoomen Sie prozentual\" width=\"397\" height=\"36\"><\/figure><\/div><p> Sobald Sie darauf klicken, wird ein Zoom-Dialogfeld angezeigt, in dem Sie den Vergr\u00f6\u00dferungsprozentsatz f\u00fcr das aktuelle Arbeitsblatt festlegen k\u00f6nnen, an dem Sie arbeiten. <\/p><div class=\"wp-block-image\"><figure class=\"aligncenter size-full is-resized\"><img loading=\"lazy\" decoding=\"async\" class=\"wp-image-75273\" src=\"https:\/\/exceladvisor.org\/wp-content\/uploads\/2023\/08\/14-boite-de-dialogue-de-zoom.png\" sizes=\"auto, \" srcset=\"\" alt=\"Zoom-Dialog\" width=\"189\" height=\"257\"><\/figure><\/div><h2 class=\"wp-block-heading\"> Imbissbuden<\/h2><ul><li> Sobald Sie die Option \u201eVergr\u00f6\u00dfern\u201c oder \u201eVerkleinern\u201c ausw\u00e4hlen, wird nur das aktuelle Arbeitsblatt vergr\u00f6\u00dfert und verkleinert, w\u00e4hrend andere Arbeitsbl\u00e4tter gleich bleiben.<\/li><li> Wenn Sie mehrere Arbeitsbl\u00e4tter gleichzeitig vergr\u00f6\u00dfern und verkleinern m\u00f6chten. Dazu m\u00fcssen Sie zun\u00e4chst alle Bl\u00e4tter ausw\u00e4hlen und dann die Tastenkombination zum Vergr\u00f6\u00dfern oder Verkleinern verwenden.<\/li><\/ul><div class=\"gb-container gb-container-4db6181c gb-container-mt\"> <a class=\"gb-button gb-button-c5897111 gb-button-text gb-button-mt-button\" href=\"https:\/\/exceladvisor.org\/de\/excel-grundlagen\/\">Microsoft Excel-Grundlagen (Komponenten, Teile und Wissenshinweise)<\/a><h2 class=\"gb-headline gb-headline-665e5f6b gb-headline-text gb-headline-mt-heading\"> Verwandte Tutorials <\/h2><div class=\"gb-grid-wrapper gb-grid-wrapper-a20baf7c gb-grid-wrapper-mt-grid\"><div class=\"gb-grid-column gb-grid-column-65ddf67e\"><div class=\"gb-container gb-container-65ddf67e\"><ul><li> <a href=\"https:\/\/exceladvisor.org\/de\/vollig-rechtfertigen\/\">F\u00fcllen Sie \u201eAusrichten\u201c in Excel aus<\/a><\/li><li> <a href=\"https:\/\/exceladvisor.org\/de\/excel-formelleiste\/\">Formelleiste in Excel<\/a><\/li><li> <a href=\"https:\/\/exceladvisor.org\/de\/fugen-sie-eine-fusszeile-hinzu\/\">F\u00fcgen Sie in Excel eine Kopf- und Fu\u00dfzeile hinzu<\/a><\/li><li> <a href=\"https:\/\/exceladvisor.org\/de\/herrscher\/\">Lineal in Excel anzeigen<\/a> <\/li><\/ul><\/div><\/div><div class=\"gb-grid-column gb-grid-column-50067b57\"><div class=\"gb-container gb-container-50067b57\"><\/div><\/div><\/div><\/div>","protected":false},"excerpt":{"rendered":"","protected":false},"author":1,"featured_media":0,"parent":0,"menu_order":0,"comment_status":"open","ping_status":"closed","template":"","meta":{"ub_ctt_via":"","footnotes":""},"class_list":["post-3391","page","type-page","status-publish","hentry"],"featured_image_src":null,"yoast_head":"<!-- This site is optimized with the Yoast SEO plugin v25.4 - https:\/\/yoast.com\/wordpress\/plugins\/seo\/ -->\n<title>\u25b7 Wie kann ich in Excel hinein-\/herauszoomen? (Tutorial 2023)<\/title>\n<meta name=\"description\" content=\"In diesem Tutorial erfahren Sie, wie Sie mit allen Funktionen ein Arbeitsblatt in Excel vergr\u00f6\u00dfern und verkleinern\" \/>\n<meta name=\"robots\" content=\"index, follow, max-snippet:-1, max-image-preview:large, max-video-preview:-1\" \/>\n<link rel=\"canonical\" href=\"https:\/\/exceladvisor.org\/de\/zoomen\/\" \/>\n<meta property=\"og:locale\" content=\"de_DE\" \/>\n<meta property=\"og:type\" content=\"article\" \/>\n<meta property=\"og:title\" content=\"\u25b7 Wie kann ich in Excel hinein-\/herauszoomen? (Tutorial 2023)\" \/>\n<meta property=\"og:description\" content=\"In diesem Tutorial erfahren Sie, wie Sie mit allen Funktionen ein Arbeitsblatt in Excel vergr\u00f6\u00dfern und verkleinern\" \/>\n<meta property=\"og:url\" content=\"https:\/\/exceladvisor.org\/de\/zoomen\/\" \/>\n<meta property=\"og:site_name\" content=\"Excel Advisor\" \/>\n<meta property=\"article:modified_time\" content=\"2023-12-03T11:22:15+00:00\" \/>\n<meta property=\"og:image\" content=\"https:\/\/exceladvisor.org\/wp-content\/uploads\/2023\/08\/1-onglet-de-vue.png\" \/>\n<meta name=\"twitter:card\" content=\"summary_large_image\" \/>\n<meta name=\"twitter:label1\" content=\"Gesch\u00e4tzte Lesezeit\" \/>\n\t<meta name=\"twitter:data1\" content=\"3\u00a0Minuten\" \/>\n<script type=\"application\/ld+json\" class=\"yoast-schema-graph\">{\"@context\":\"https:\/\/schema.org\",\"@graph\":[{\"@type\":\"WebPage\",\"@id\":\"https:\/\/exceladvisor.org\/de\/zoomen\/\",\"url\":\"https:\/\/exceladvisor.org\/de\/zoomen\/\",\"name\":\"\u25b7 Wie kann ich in Excel hinein-\/herauszoomen? (Tutorial 2023)\",\"isPartOf\":{\"@id\":\"https:\/\/exceladvisor.org\/de\/#website\"},\"primaryImageOfPage\":{\"@id\":\"https:\/\/exceladvisor.org\/de\/zoomen\/#primaryimage\"},\"image\":{\"@id\":\"https:\/\/exceladvisor.org\/de\/zoomen\/#primaryimage\"},\"thumbnailUrl\":\"https:\/\/exceladvisor.org\/wp-content\/uploads\/2023\/08\/1-onglet-de-vue.png\",\"datePublished\":\"2023-10-29T07:33:14+00:00\",\"dateModified\":\"2023-12-03T11:22:15+00:00\",\"description\":\"In diesem Tutorial erfahren Sie, wie Sie mit allen Funktionen ein Arbeitsblatt in Excel vergr\u00f6\u00dfern und verkleinern\",\"breadcrumb\":{\"@id\":\"https:\/\/exceladvisor.org\/de\/zoomen\/#breadcrumb\"},\"inLanguage\":\"de\",\"potentialAction\":[{\"@type\":\"ReadAction\",\"target\":[\"https:\/\/exceladvisor.org\/de\/zoomen\/\"]}]},{\"@type\":\"ImageObject\",\"inLanguage\":\"de\",\"@id\":\"https:\/\/exceladvisor.org\/de\/zoomen\/#primaryimage\",\"url\":\"https:\/\/exceladvisor.org\/wp-content\/uploads\/2023\/08\/1-onglet-de-vue.png\",\"contentUrl\":\"https:\/\/exceladvisor.org\/wp-content\/uploads\/2023\/08\/1-onglet-de-vue.png\"},{\"@type\":\"BreadcrumbList\",\"@id\":\"https:\/\/exceladvisor.org\/de\/zoomen\/#breadcrumb\",\"itemListElement\":[{\"@type\":\"ListItem\",\"position\":1,\"name\":\"Accueil\",\"item\":\"https:\/\/exceladvisor.org\/de\/\"},{\"@type\":\"ListItem\",\"position\":2,\"name\":\"Wie kann man in excel hinein-\/herauszoomen?\"}]},{\"@type\":\"WebSite\",\"@id\":\"https:\/\/exceladvisor.org\/de\/#website\",\"url\":\"https:\/\/exceladvisor.org\/de\/\",\"name\":\"Excel Advisor\",\"description\":\"Ihr Leitfaden zur Datendominanz\",\"publisher\":{\"@id\":\"https:\/\/exceladvisor.org\/de\/#organization\"},\"potentialAction\":[{\"@type\":\"SearchAction\",\"target\":{\"@type\":\"EntryPoint\",\"urlTemplate\":\"https:\/\/exceladvisor.org\/de\/?s={search_term_string}\"},\"query-input\":{\"@type\":\"PropertyValueSpecification\",\"valueRequired\":true,\"valueName\":\"search_term_string\"}}],\"inLanguage\":\"de\"},{\"@type\":\"Organization\",\"@id\":\"https:\/\/exceladvisor.org\/de\/#organization\",\"name\":\"Excel Advisor\",\"url\":\"https:\/\/exceladvisor.org\/de\/\",\"logo\":{\"@type\":\"ImageObject\",\"inLanguage\":\"de\",\"@id\":\"https:\/\/exceladvisor.org\/de\/#\/schema\/logo\/image\/\",\"url\":\"https:\/\/exceladvisor.org\/de\/wp-content\/uploads\/2023\/11\/exceladvisor.org_.png\",\"contentUrl\":\"https:\/\/exceladvisor.org\/de\/wp-content\/uploads\/2023\/11\/exceladvisor.org_.png\",\"width\":105,\"height\":36,\"caption\":\"Excel Advisor\"},\"image\":{\"@id\":\"https:\/\/exceladvisor.org\/de\/#\/schema\/logo\/image\/\"}}]}<\/script>\n<!-- \/ Yoast SEO plugin. -->","yoast_head_json":{"title":"\u25b7 Wie kann ich in Excel hinein-\/herauszoomen? (Tutorial 2023)","description":"In diesem Tutorial erfahren Sie, wie Sie mit allen Funktionen ein Arbeitsblatt in Excel vergr\u00f6\u00dfern und verkleinern","robots":{"index":"index","follow":"follow","max-snippet":"max-snippet:-1","max-image-preview":"max-image-preview:large","max-video-preview":"max-video-preview:-1"},"canonical":"https:\/\/exceladvisor.org\/de\/zoomen\/","og_locale":"de_DE","og_type":"article","og_title":"\u25b7 Wie kann ich in Excel hinein-\/herauszoomen? (Tutorial 2023)","og_description":"In diesem Tutorial erfahren Sie, wie Sie mit allen Funktionen ein Arbeitsblatt in Excel vergr\u00f6\u00dfern und verkleinern","og_url":"https:\/\/exceladvisor.org\/de\/zoomen\/","og_site_name":"Excel Advisor","article_modified_time":"2023-12-03T11:22:15+00:00","og_image":[{"url":"https:\/\/exceladvisor.org\/wp-content\/uploads\/2023\/08\/1-onglet-de-vue.png","type":"","width":"","height":""}],"twitter_card":"summary_large_image","twitter_misc":{"Gesch\u00e4tzte Lesezeit":"3\u00a0Minuten"},"schema":{"@context":"https:\/\/schema.org","@graph":[{"@type":"WebPage","@id":"https:\/\/exceladvisor.org\/de\/zoomen\/","url":"https:\/\/exceladvisor.org\/de\/zoomen\/","name":"\u25b7 Wie kann ich in Excel hinein-\/herauszoomen? (Tutorial 2023)","isPartOf":{"@id":"https:\/\/exceladvisor.org\/de\/#website"},"primaryImageOfPage":{"@id":"https:\/\/exceladvisor.org\/de\/zoomen\/#primaryimage"},"image":{"@id":"https:\/\/exceladvisor.org\/de\/zoomen\/#primaryimage"},"thumbnailUrl":"https:\/\/exceladvisor.org\/wp-content\/uploads\/2023\/08\/1-onglet-de-vue.png","datePublished":"2023-10-29T07:33:14+00:00","dateModified":"2023-12-03T11:22:15+00:00","description":"In diesem Tutorial erfahren Sie, wie Sie mit allen Funktionen ein Arbeitsblatt in Excel vergr\u00f6\u00dfern und verkleinern","breadcrumb":{"@id":"https:\/\/exceladvisor.org\/de\/zoomen\/#breadcrumb"},"inLanguage":"de","potentialAction":[{"@type":"ReadAction","target":["https:\/\/exceladvisor.org\/de\/zoomen\/"]}]},{"@type":"ImageObject","inLanguage":"de","@id":"https:\/\/exceladvisor.org\/de\/zoomen\/#primaryimage","url":"https:\/\/exceladvisor.org\/wp-content\/uploads\/2023\/08\/1-onglet-de-vue.png","contentUrl":"https:\/\/exceladvisor.org\/wp-content\/uploads\/2023\/08\/1-onglet-de-vue.png"},{"@type":"BreadcrumbList","@id":"https:\/\/exceladvisor.org\/de\/zoomen\/#breadcrumb","itemListElement":[{"@type":"ListItem","position":1,"name":"Accueil","item":"https:\/\/exceladvisor.org\/de\/"},{"@type":"ListItem","position":2,"name":"Wie kann man in excel hinein-\/herauszoomen?"}]},{"@type":"WebSite","@id":"https:\/\/exceladvisor.org\/de\/#website","url":"https:\/\/exceladvisor.org\/de\/","name":"Excel Advisor","description":"Ihr Leitfaden zur Datendominanz","publisher":{"@id":"https:\/\/exceladvisor.org\/de\/#organization"},"potentialAction":[{"@type":"SearchAction","target":{"@type":"EntryPoint","urlTemplate":"https:\/\/exceladvisor.org\/de\/?s={search_term_string}"},"query-input":{"@type":"PropertyValueSpecification","valueRequired":true,"valueName":"search_term_string"}}],"inLanguage":"de"},{"@type":"Organization","@id":"https:\/\/exceladvisor.org\/de\/#organization","name":"Excel Advisor","url":"https:\/\/exceladvisor.org\/de\/","logo":{"@type":"ImageObject","inLanguage":"de","@id":"https:\/\/exceladvisor.org\/de\/#\/schema\/logo\/image\/","url":"https:\/\/exceladvisor.org\/de\/wp-content\/uploads\/2023\/11\/exceladvisor.org_.png","contentUrl":"https:\/\/exceladvisor.org\/de\/wp-content\/uploads\/2023\/11\/exceladvisor.org_.png","width":105,"height":36,"caption":"Excel Advisor"},"image":{"@id":"https:\/\/exceladvisor.org\/de\/#\/schema\/logo\/image\/"}}]}},"yoast_meta":{"yoast_wpseo_title":"","yoast_wpseo_metadesc":"","yoast_wpseo_canonical":""},"_links":{"self":[{"href":"https:\/\/exceladvisor.org\/de\/wp-json\/wp\/v2\/pages\/3391","targetHints":{"allow":["GET"]}}],"collection":[{"href":"https:\/\/exceladvisor.org\/de\/wp-json\/wp\/v2\/pages"}],"about":[{"href":"https:\/\/exceladvisor.org\/de\/wp-json\/wp\/v2\/types\/page"}],"author":[{"embeddable":true,"href":"https:\/\/exceladvisor.org\/de\/wp-json\/wp\/v2\/users\/1"}],"replies":[{"embeddable":true,"href":"https:\/\/exceladvisor.org\/de\/wp-json\/wp\/v2\/comments?post=3391"}],"version-history":[{"count":1,"href":"https:\/\/exceladvisor.org\/de\/wp-json\/wp\/v2\/pages\/3391\/revisions"}],"predecessor-version":[{"id":4109,"href":"https:\/\/exceladvisor.org\/de\/wp-json\/wp\/v2\/pages\/3391\/revisions\/4109"}],"wp:attachment":[{"href":"https:\/\/exceladvisor.org\/de\/wp-json\/wp\/v2\/media?parent=3391"}],"curies":[{"name":"wp","href":"https:\/\/api.w.org\/{rel}","templated":true}]}}