{"id":3393,"date":"2023-10-29T07:03:01","date_gmt":"2023-10-29T07:03:01","guid":{"rendered":"https:\/\/exceladvisor.org\/de\/reparieren-sie-beschadigte-excel-dateien\/"},"modified":"2023-12-03T13:04:46","modified_gmt":"2023-12-03T13:04:46","slug":"reparieren-sie-beschadigte-excel-dateien","status":"publish","type":"page","link":"https:\/\/exceladvisor.org\/de\/reparieren-sie-beschadigte-excel-dateien\/","title":{"rendered":"Wie repariert man eine besch\u00e4digte excel-datei?"},"content":{"rendered":"<div class=\"excel-vor-dem-inhalt\" id=\"excel-768254949\"><script type=\"text\/javascript\">\r\n\tatOptions = {\r\n\t\t'key' : 'c1158f160081d6540a8409e6925dab94',\r\n\t\t'format' : 'iframe',\r\n\t\t'height' : 250,\r\n\t\t'width' : 300,\r\n\t\t'params' : {}\r\n\t};\r\n<\/script>\r\n<script type=\"text\/javascript\" src=\"\/\/www.highperformanceformat.com\/c1158f160081d6540a8409e6925dab94\/invoke.js\"><\/script><\/div> <p>Es gibt eine Sache an Microsoft Excel, die den meisten Excel-Benutzern nicht gef\u00e4llt: Es kann jederzeit und ohne vorherige Warnung besch\u00e4digt werden. Ich bin sicher, dass Sie dieses Problem verstehen k\u00f6nnen. Es gibt mehrere M\u00f6glichkeiten, dieses Problem zu l\u00f6sen, aber heute m\u00f6chte ich Details zu einem Tool mitteilen.<\/p><p> <a href=\"https:\/\/www.stellarinfo.com\/repair-excel-file.php\" target=\"_blank\" rel=\"nofollow noopener noreferrer\"><strong>Excel-Reparatursoftware von Stellar<\/strong><\/a> <\/p><div class=\"wp-block-image\"><figure class=\"aligncenter\"><img decoding=\"async\" title=\"Excel-Reparatur\" src=\"https:\/\/exceladvisor.org\/wp-content\/uploads\/2023\/08\/reparation-excel.png\" sizes=\"\" srcset=\"\" alt=\"excel repair\"><\/figure><\/div><p> Ich teile es nicht nur mit Ihnen, sondern pr\u00fcfe es auch anhand aller Funktionen, die Ihnen bei der Entscheidung helfen, ob Sie sich bei Ihren Excel-Dateien darauf verlassen k\u00f6nnen. Also lasst uns anfangen. <\/p><div class=\"wp-block-image\"><figure class=\"aligncenter is-resized\"><img loading=\"lazy\" decoding=\"async\" title=\"Reparatur-besch\u00e4digte-Excel-Datei\" src=\"https:\/\/exceladvisor.org\/wp-content\/uploads\/2023\/08\/reparer-le-fichier-excel-corrompu-2.jpg\" sizes=\"auto, \" srcset=\"\" alt=\"fix corrupt excel file\" width=\"632\" height=\"421\"><\/figure><\/div><h2 class=\"wp-block-heading\"> <strong>So installieren Sie es<\/strong><\/h2><p> Sie k\u00f6nnen eine kostenlose Testversion von der STELLAR-Website herunterladen. Sobald Sie es heruntergeladen haben, m\u00fcssen Sie es nur noch installieren, indem Sie die Datei \u00f6ffnen.<\/p><h2 class=\"wp-block-heading\"> <strong>Haupteigenschaften<\/strong><\/h2><p> Nachfolgend sind einige der Hauptfunktionen von Stellar Excel Repair aufgef\u00fchrt:<\/p><ol><li> <strong>Behebt alle Korruptionsfehler:<\/strong> Es kann mehrere Gr\u00fcnde daf\u00fcr geben, dass eine Excel-Datei besch\u00e4digt wird, und es behebt sie alle.<\/li><li> <strong>Stellt die meisten Arbeitsmappenfunktionen wieder her:<\/strong> Normalerweise enth\u00e4lt Ihre Arbeitsmappe mehrere Elemente, z. B. Diagramme, Pivot-Tabellen und Formeln. Es sammelt all diese Dinge f\u00fcr Sie.<\/li><li> <strong>Arbeitsmappeneigenschaften sch\u00fctzen:<\/strong> Es beh\u00e4lt auch alle Eigenschaften Ihrer Excel-Arbeitsmappe bei, wie z. B. die Zellenformatierung.<\/li><li> <strong>Funktioniert mit allen Excel-Versionen:<\/strong> Es kann Excel-Dateien f\u00fcr alle Excel-Versionen (2019, 2016, 2013, 2010, 2007, 2003 und 2000) wiederherstellen.<\/li><li> <strong>Mehrere Dateien reparieren:<\/strong> Wenn Sie mehrere besch\u00e4digte Excel-Dateien haben, k\u00f6nnen Sie sie alle auf einmal reparieren.<\/li><\/ol><h2 class=\"wp-block-heading\"> <strong>So reparieren Sie besch\u00e4digte Excel-Dateien mit Stellar Repair for Excel<\/strong><\/h2><p> Um Ihre besch\u00e4digte Excel-Datei mit der Stellar-Anwendung zu reparieren, m\u00fcssen Sie die folgenden Schritte ausf\u00fchren.<\/p><ul><li> \u00d6ffnen Sie zun\u00e4chst die Anwendung Stellar Repair for Excel und klicken Sie auf die Schaltfl\u00e4che zur Dateiauswahl. <\/li><\/ul><div class=\"wp-block-image\"><figure class=\"aligncenter is-resized\"><img loading=\"lazy\" decoding=\"async\" title=\"01-Datei-in-stellarer-Reparaturanwendung ausw\u00e4hlen\" src=\"https:\/\/exceladvisor.org\/wp-content\/uploads\/2023\/08\/01-selectionnez-le-fichier-dans-lapplication-de-reparation-stellaire.png\" sizes=\"auto, \" srcset=\"\" alt=\"01-select-file-in-stellar-repair-application\" width=\"290\" height=\"130\"><\/figure><\/div><ul><li> Navigieren Sie im Dateiauswahlfenster zur Datei, w\u00e4hlen Sie sie aus und klicken Sie auf \u201e\u00d6ffnen\u201c, um sie zur Reparaturliste hinzuzuf\u00fcgen. <\/li><\/ul><div class=\"wp-block-image\"><figure class=\"aligncenter is-resized\"><img loading=\"lazy\" decoding=\"async\" title=\"02-Datei-\u00f6ffnen-mit-Datei-\u00f6ffnen-Dialog\" src=\"https:\/\/exceladvisor.org\/wp-content\/uploads\/2023\/08\/02-ouvrir-le-fichier-avec-la-boite-de-dialogue-douverture-de-fichier.png\" sizes=\"auto, \" srcset=\"\" alt=\"02-open-the-file-with-open-file-dialogbox\" width=\"688\" height=\"339\"><\/figure><\/div><ul><li> An dieser Stelle wird ein Dialogfeld angezeigt, in dem Sie bei Bedarf weitere Dateien hinzuf\u00fcgen k\u00f6nnen. (Wie ich bereits erw\u00e4hnt habe, k\u00f6nnen Sie mit dieser Anwendung die Reparatur mehrerer Dateien verwenden.) <\/li><\/ul><div class=\"wp-block-image\"><figure class=\"aligncenter is-resized\"><img loading=\"lazy\" decoding=\"async\" title=\"03-Liste der zu reparierenden Dateien\" src=\"https:\/\/exceladvisor.org\/wp-content\/uploads\/2023\/08\/03-liste-des-fichiers-a-reparer.png\" sizes=\"auto, \" srcset=\"\" alt=\"03-list-of-files-to-repair\" width=\"543\" height=\"470\"><\/figure><\/div><ul><li> Klicken Sie dort auf die Schaltfl\u00e4che \u201eReparieren\u201c, um die Datei zu reparieren. Die Reparatur Ihrer Datei dauert einige Sekunden. <\/li><\/ul><div class=\"wp-block-image\"><figure class=\"aligncenter is-resized\"><img loading=\"lazy\" decoding=\"async\" title=\"04-Verarbeitung-zur-Reparatur-einer-Excel-Datei'\" src=\"https:\/\/exceladvisor.org\/wp-content\/uploads\/2023\/08\/04-traitement-pour-reparer-un-fichier-excel.png\" sizes=\"auto, \" srcset=\"\" alt=\"04-processing-to-repair-an-excel-file'\" width=\"446\" height=\"58\"><\/figure><\/div><ul><li> Sobald Sie fertig sind, k\u00f6nnen Sie die Meldung im Protokollbericht sehen. <\/li><\/ul><div class=\"wp-block-image\"><figure class=\"aligncenter is-resized\"><img loading=\"lazy\" decoding=\"async\" title=\"05-Protokollbericht, wenn die Datei repariert wird\" src=\"https:\/\/exceladvisor.org\/wp-content\/uploads\/2023\/08\/05-rapport-de-journal-lorsque-le-fichier-est-repare.png\" sizes=\"auto, \" srcset=\"\" alt=\"05-log-report-when-file-get-repaired\" width=\"396\" height=\"142\"><\/figure><\/div><ul><li> Sobald Sie fertig sind, k\u00f6nnen Sie die Meldung im Protokollbericht sehen.<\/li><\/ul><h2 class=\"wp-block-heading\"> <strong>Ist es wirklich 39 $ wert?<\/strong><\/h2><p> Wie gesagt, Sie k\u00f6nnen die KOSTENLOSE Testversion von der STELLER-Website herunterladen und wenn Sie eine Vollversion haben m\u00f6chten, m\u00fcssen Sie sie f\u00fcr 39 $ kaufen. Die Frage ist nun: <strong>Ist es wirklich 39 $ wert?<\/strong> K\u00fcrzlich haben wir im Excel-Berater unseren Lesern eine kurze Frage gestellt, ob ihre Excel-Dateien jemals besch\u00e4digt waren. <\/p><div class=\"wp-block-image\"><figure class=\"aligncenter\"><img decoding=\"async\" title=\"Untersuchung besch\u00e4digter Excel-Dateien\" src=\"https:\/\/exceladvisor.org\/wp-content\/uploads\/2023\/08\/enquete-sur-les-fichiers-excel-corrompus.png\" sizes=\"\" srcset=\"\" alt=\"survey about corrupt excel files\"><\/figure><\/div><p> Nun, 50 % der Leute sagten \u201eJA\u201c, sie haben sich damit befasst. Was ich damit sagen m\u00f6chte, ist, dass Sie, obwohl Sie eine Excel-Datei wiederherstellen k\u00f6nnen, immer noch Angst haben, Daten zu verlieren. Aber mit Stellar k\u00f6nnen Sie Ihre Excel-Datei mit allen darin enthaltenen Daten wiederherstellen. Das ist ein GROSSER GEWINN.<\/p><p> Und vergessen Sie nicht, diesen Beitrag mit Ihren Freunden zu teilen, ich bin sicher, sie werden es genie\u00dfen.<\/p><div class=\"gb-container gb-container-4db6181c gb-container-mt\"> <a class=\"gb-button gb-button-c5897111 gb-button-text gb-button-mt-button\" href=\"https:\/\/exceladvisor.org\/de\/excel-fortschritt\/\">Erweiterte Excel-Tutorials<\/a><h2 class=\"gb-headline gb-headline-665e5f6b gb-headline-text gb-headline-mt-heading\"> Verwandte Tutorials <\/h2><div class=\"gb-grid-wrapper gb-grid-wrapper-a20baf7c gb-grid-wrapper-mt-grid\"><div class=\"gb-grid-column gb-grid-column-65ddf67e\"><div class=\"gb-container gb-container-65ddf67e\"><ul><li> <a href=\"https:\/\/exceladvisor.org\/de\/nicht-gespeicherte-dateien-wiederherstellen\/\">Stellen Sie nicht gespeicherte Excel-Dateien wieder her, wenn Excel abst\u00fcrzt<\/a><\/li><li> <a href=\"https:\/\/exceladvisor.org\/de\/xlsx-in-csv\/\">Excel-Datei (Arbeitsmappe) im CSV-Format speichern (XLSX TO CSV)<\/a><\/li><li> <a href=\"https:\/\/exceladvisor.org\/de\/ausblenden-arbeitsmappe-anzeigen\/\">Eine Arbeitsmappe in Excel ein- und ausblenden<\/a> <\/li><\/ul><\/div><\/div><div class=\"gb-grid-column gb-grid-column-50067b57\"><div class=\"gb-container gb-container-50067b57\"><ul><li> <a href=\"https:\/\/exceladvisor.org\/de\/arbeitsmappe-kopieren\/\">Erstellen Sie eine Kopie der Excel-Arbeitsmappe (Datei).<\/a><\/li><li> <a href=\"https:\/\/exceladvisor.org\/de\/textdatei-offnen\/\">\u00d6ffnen Sie eine Textdatei in Excel (.TXT)<\/a><\/li><li> <a href=\"https:\/\/exceladvisor.org\/de\/excel-datei-auf-dem-mac-speichern\/\">Speichern Sie eine Excel-Datei auf dem Mac (Arbeitsmappe)<\/a><\/li><\/ul><\/div><\/div><\/div><\/div>","protected":false},"excerpt":{"rendered":"","protected":false},"author":1,"featured_media":0,"parent":0,"menu_order":0,"comment_status":"open","ping_status":"closed","template":"","meta":{"ub_ctt_via":"","footnotes":""},"class_list":["post-3393","page","type-page","status-publish","hentry"],"featured_image_src":null,"yoast_head":"<!-- This site is optimized with the Yoast SEO plugin v25.4 - https:\/\/yoast.com\/wordpress\/plugins\/seo\/ -->\n<title>Schritte zur Reparatur besch\u00e4digter Excel-Dateien in k\u00fcrzester Zeit<\/title>\n<meta name=\"description\" content=\"Ist Ihre Excel-Datei besch\u00e4digt? Erfahren Sie jetzt, wie Sie besch\u00e4digte Excel-Dateien schnell und einfach reparieren k\u00f6nnen.\" \/>\n<meta name=\"robots\" content=\"index, follow, max-snippet:-1, max-image-preview:large, max-video-preview:-1\" \/>\n<link rel=\"canonical\" href=\"https:\/\/exceladvisor.org\/de\/reparieren-sie-beschadigte-excel-dateien\/\" \/>\n<meta property=\"og:locale\" content=\"de_DE\" \/>\n<meta property=\"og:type\" content=\"article\" \/>\n<meta property=\"og:title\" content=\"Schritte zur Reparatur besch\u00e4digter Excel-Dateien in k\u00fcrzester Zeit\" \/>\n<meta property=\"og:description\" content=\"Ist Ihre Excel-Datei besch\u00e4digt? Erfahren Sie jetzt, wie Sie besch\u00e4digte Excel-Dateien schnell und einfach reparieren k\u00f6nnen.\" \/>\n<meta property=\"og:url\" content=\"https:\/\/exceladvisor.org\/de\/reparieren-sie-beschadigte-excel-dateien\/\" \/>\n<meta property=\"og:site_name\" content=\"Excel Advisor\" \/>\n<meta property=\"article:modified_time\" content=\"2023-12-03T13:04:46+00:00\" \/>\n<meta property=\"og:image\" content=\"https:\/\/exceladvisor.org\/wp-content\/uploads\/2023\/08\/reparation-excel.png\" \/>\n<meta name=\"twitter:card\" content=\"summary_large_image\" \/>\n<meta name=\"twitter:label1\" content=\"Gesch\u00e4tzte Lesezeit\" \/>\n\t<meta name=\"twitter:data1\" content=\"3\u00a0Minuten\" \/>\n<script type=\"application\/ld+json\" class=\"yoast-schema-graph\">{\"@context\":\"https:\/\/schema.org\",\"@graph\":[{\"@type\":\"WebPage\",\"@id\":\"https:\/\/exceladvisor.org\/de\/reparieren-sie-beschadigte-excel-dateien\/\",\"url\":\"https:\/\/exceladvisor.org\/de\/reparieren-sie-beschadigte-excel-dateien\/\",\"name\":\"Schritte zur Reparatur besch\u00e4digter Excel-Dateien in k\u00fcrzester Zeit\",\"isPartOf\":{\"@id\":\"https:\/\/exceladvisor.org\/de\/#website\"},\"primaryImageOfPage\":{\"@id\":\"https:\/\/exceladvisor.org\/de\/reparieren-sie-beschadigte-excel-dateien\/#primaryimage\"},\"image\":{\"@id\":\"https:\/\/exceladvisor.org\/de\/reparieren-sie-beschadigte-excel-dateien\/#primaryimage\"},\"thumbnailUrl\":\"https:\/\/exceladvisor.org\/wp-content\/uploads\/2023\/08\/reparation-excel.png\",\"datePublished\":\"2023-10-29T07:03:01+00:00\",\"dateModified\":\"2023-12-03T13:04:46+00:00\",\"description\":\"Ist Ihre Excel-Datei besch\u00e4digt? Erfahren Sie jetzt, wie Sie besch\u00e4digte Excel-Dateien schnell und einfach reparieren k\u00f6nnen.\",\"breadcrumb\":{\"@id\":\"https:\/\/exceladvisor.org\/de\/reparieren-sie-beschadigte-excel-dateien\/#breadcrumb\"},\"inLanguage\":\"de\",\"potentialAction\":[{\"@type\":\"ReadAction\",\"target\":[\"https:\/\/exceladvisor.org\/de\/reparieren-sie-beschadigte-excel-dateien\/\"]}]},{\"@type\":\"ImageObject\",\"inLanguage\":\"de\",\"@id\":\"https:\/\/exceladvisor.org\/de\/reparieren-sie-beschadigte-excel-dateien\/#primaryimage\",\"url\":\"https:\/\/exceladvisor.org\/wp-content\/uploads\/2023\/08\/reparation-excel.png\",\"contentUrl\":\"https:\/\/exceladvisor.org\/wp-content\/uploads\/2023\/08\/reparation-excel.png\"},{\"@type\":\"BreadcrumbList\",\"@id\":\"https:\/\/exceladvisor.org\/de\/reparieren-sie-beschadigte-excel-dateien\/#breadcrumb\",\"itemListElement\":[{\"@type\":\"ListItem\",\"position\":1,\"name\":\"Accueil\",\"item\":\"https:\/\/exceladvisor.org\/de\/\"},{\"@type\":\"ListItem\",\"position\":2,\"name\":\"Wie repariert man eine besch\u00e4digte excel-datei?\"}]},{\"@type\":\"WebSite\",\"@id\":\"https:\/\/exceladvisor.org\/de\/#website\",\"url\":\"https:\/\/exceladvisor.org\/de\/\",\"name\":\"Excel Advisor\",\"description\":\"Ihr Leitfaden zur Datendominanz\",\"publisher\":{\"@id\":\"https:\/\/exceladvisor.org\/de\/#organization\"},\"potentialAction\":[{\"@type\":\"SearchAction\",\"target\":{\"@type\":\"EntryPoint\",\"urlTemplate\":\"https:\/\/exceladvisor.org\/de\/?s={search_term_string}\"},\"query-input\":{\"@type\":\"PropertyValueSpecification\",\"valueRequired\":true,\"valueName\":\"search_term_string\"}}],\"inLanguage\":\"de\"},{\"@type\":\"Organization\",\"@id\":\"https:\/\/exceladvisor.org\/de\/#organization\",\"name\":\"Excel Advisor\",\"url\":\"https:\/\/exceladvisor.org\/de\/\",\"logo\":{\"@type\":\"ImageObject\",\"inLanguage\":\"de\",\"@id\":\"https:\/\/exceladvisor.org\/de\/#\/schema\/logo\/image\/\",\"url\":\"https:\/\/exceladvisor.org\/de\/wp-content\/uploads\/2023\/11\/exceladvisor.org_.png\",\"contentUrl\":\"https:\/\/exceladvisor.org\/de\/wp-content\/uploads\/2023\/11\/exceladvisor.org_.png\",\"width\":105,\"height\":36,\"caption\":\"Excel Advisor\"},\"image\":{\"@id\":\"https:\/\/exceladvisor.org\/de\/#\/schema\/logo\/image\/\"}}]}<\/script>\n<!-- \/ Yoast SEO plugin. -->","yoast_head_json":{"title":"Schritte zur Reparatur besch\u00e4digter Excel-Dateien in k\u00fcrzester Zeit","description":"Ist Ihre Excel-Datei besch\u00e4digt? Erfahren Sie jetzt, wie Sie besch\u00e4digte Excel-Dateien schnell und einfach reparieren k\u00f6nnen.","robots":{"index":"index","follow":"follow","max-snippet":"max-snippet:-1","max-image-preview":"max-image-preview:large","max-video-preview":"max-video-preview:-1"},"canonical":"https:\/\/exceladvisor.org\/de\/reparieren-sie-beschadigte-excel-dateien\/","og_locale":"de_DE","og_type":"article","og_title":"Schritte zur Reparatur besch\u00e4digter Excel-Dateien in k\u00fcrzester Zeit","og_description":"Ist Ihre Excel-Datei besch\u00e4digt? Erfahren Sie jetzt, wie Sie besch\u00e4digte Excel-Dateien schnell und einfach reparieren k\u00f6nnen.","og_url":"https:\/\/exceladvisor.org\/de\/reparieren-sie-beschadigte-excel-dateien\/","og_site_name":"Excel Advisor","article_modified_time":"2023-12-03T13:04:46+00:00","og_image":[{"url":"https:\/\/exceladvisor.org\/wp-content\/uploads\/2023\/08\/reparation-excel.png","type":"","width":"","height":""}],"twitter_card":"summary_large_image","twitter_misc":{"Gesch\u00e4tzte Lesezeit":"3\u00a0Minuten"},"schema":{"@context":"https:\/\/schema.org","@graph":[{"@type":"WebPage","@id":"https:\/\/exceladvisor.org\/de\/reparieren-sie-beschadigte-excel-dateien\/","url":"https:\/\/exceladvisor.org\/de\/reparieren-sie-beschadigte-excel-dateien\/","name":"Schritte zur Reparatur besch\u00e4digter Excel-Dateien in k\u00fcrzester Zeit","isPartOf":{"@id":"https:\/\/exceladvisor.org\/de\/#website"},"primaryImageOfPage":{"@id":"https:\/\/exceladvisor.org\/de\/reparieren-sie-beschadigte-excel-dateien\/#primaryimage"},"image":{"@id":"https:\/\/exceladvisor.org\/de\/reparieren-sie-beschadigte-excel-dateien\/#primaryimage"},"thumbnailUrl":"https:\/\/exceladvisor.org\/wp-content\/uploads\/2023\/08\/reparation-excel.png","datePublished":"2023-10-29T07:03:01+00:00","dateModified":"2023-12-03T13:04:46+00:00","description":"Ist Ihre Excel-Datei besch\u00e4digt? Erfahren Sie jetzt, wie Sie besch\u00e4digte Excel-Dateien schnell und einfach reparieren k\u00f6nnen.","breadcrumb":{"@id":"https:\/\/exceladvisor.org\/de\/reparieren-sie-beschadigte-excel-dateien\/#breadcrumb"},"inLanguage":"de","potentialAction":[{"@type":"ReadAction","target":["https:\/\/exceladvisor.org\/de\/reparieren-sie-beschadigte-excel-dateien\/"]}]},{"@type":"ImageObject","inLanguage":"de","@id":"https:\/\/exceladvisor.org\/de\/reparieren-sie-beschadigte-excel-dateien\/#primaryimage","url":"https:\/\/exceladvisor.org\/wp-content\/uploads\/2023\/08\/reparation-excel.png","contentUrl":"https:\/\/exceladvisor.org\/wp-content\/uploads\/2023\/08\/reparation-excel.png"},{"@type":"BreadcrumbList","@id":"https:\/\/exceladvisor.org\/de\/reparieren-sie-beschadigte-excel-dateien\/#breadcrumb","itemListElement":[{"@type":"ListItem","position":1,"name":"Accueil","item":"https:\/\/exceladvisor.org\/de\/"},{"@type":"ListItem","position":2,"name":"Wie repariert man eine besch\u00e4digte excel-datei?"}]},{"@type":"WebSite","@id":"https:\/\/exceladvisor.org\/de\/#website","url":"https:\/\/exceladvisor.org\/de\/","name":"Excel Advisor","description":"Ihr Leitfaden zur Datendominanz","publisher":{"@id":"https:\/\/exceladvisor.org\/de\/#organization"},"potentialAction":[{"@type":"SearchAction","target":{"@type":"EntryPoint","urlTemplate":"https:\/\/exceladvisor.org\/de\/?s={search_term_string}"},"query-input":{"@type":"PropertyValueSpecification","valueRequired":true,"valueName":"search_term_string"}}],"inLanguage":"de"},{"@type":"Organization","@id":"https:\/\/exceladvisor.org\/de\/#organization","name":"Excel Advisor","url":"https:\/\/exceladvisor.org\/de\/","logo":{"@type":"ImageObject","inLanguage":"de","@id":"https:\/\/exceladvisor.org\/de\/#\/schema\/logo\/image\/","url":"https:\/\/exceladvisor.org\/de\/wp-content\/uploads\/2023\/11\/exceladvisor.org_.png","contentUrl":"https:\/\/exceladvisor.org\/de\/wp-content\/uploads\/2023\/11\/exceladvisor.org_.png","width":105,"height":36,"caption":"Excel Advisor"},"image":{"@id":"https:\/\/exceladvisor.org\/de\/#\/schema\/logo\/image\/"}}]}},"yoast_meta":{"yoast_wpseo_title":"","yoast_wpseo_metadesc":"","yoast_wpseo_canonical":""},"_links":{"self":[{"href":"https:\/\/exceladvisor.org\/de\/wp-json\/wp\/v2\/pages\/3393","targetHints":{"allow":["GET"]}}],"collection":[{"href":"https:\/\/exceladvisor.org\/de\/wp-json\/wp\/v2\/pages"}],"about":[{"href":"https:\/\/exceladvisor.org\/de\/wp-json\/wp\/v2\/types\/page"}],"author":[{"embeddable":true,"href":"https:\/\/exceladvisor.org\/de\/wp-json\/wp\/v2\/users\/1"}],"replies":[{"embeddable":true,"href":"https:\/\/exceladvisor.org\/de\/wp-json\/wp\/v2\/comments?post=3393"}],"version-history":[{"count":1,"href":"https:\/\/exceladvisor.org\/de\/wp-json\/wp\/v2\/pages\/3393\/revisions"}],"predecessor-version":[{"id":4176,"href":"https:\/\/exceladvisor.org\/de\/wp-json\/wp\/v2\/pages\/3393\/revisions\/4176"}],"wp:attachment":[{"href":"https:\/\/exceladvisor.org\/de\/wp-json\/wp\/v2\/media?parent=3393"}],"curies":[{"name":"wp","href":"https:\/\/api.w.org\/{rel}","templated":true}]}}