{"id":3394,"date":"2023-10-29T06:51:37","date_gmt":"2023-10-29T06:51:37","guid":{"rendered":"https:\/\/exceladvisor.org\/de\/benennen-sie-die-tabelle-um\/"},"modified":"2023-12-03T11:14:05","modified_gmt":"2023-12-03T11:14:05","slug":"benennen-sie-die-tabelle-um","status":"publish","type":"page","link":"https:\/\/exceladvisor.org\/de\/benennen-sie-die-tabelle-um\/","title":{"rendered":"Wie benenne ich eine tabelle in excel um?"},"content":{"rendered":"<div class=\"excel-vor-dem-inhalt\" id=\"excel-713402699\"><script type=\"text\/javascript\">\r\n\tatOptions = {\r\n\t\t'key' : 'c1158f160081d6540a8409e6925dab94',\r\n\t\t'format' : 'iframe',\r\n\t\t'height' : 250,\r\n\t\t'width' : 300,\r\n\t\t'params' : {}\r\n\t};\r\n<\/script>\r\n<script type=\"text\/javascript\" src=\"\/\/www.highperformanceformat.com\/c1158f160081d6540a8409e6925dab94\/invoke.js\"><\/script><\/div> <p>Wenn Sie eine Excel-Tabelle auf einen Datensatz anwenden, k\u00f6nnen Sie ihn in Excel benennen. Standardm\u00e4\u00dfig wird einer Tabelle jedoch ein generischer Name zugewiesen. <\/p><div class=\"wp-block-image\"><figure class=\"aligncenter size-full is-resized\"><img loading=\"lazy\" decoding=\"async\" class=\"wp-image-75234\" src=\"https:\/\/exceladvisor.org\/wp-content\/uploads\/2023\/08\/1-renommer-table-excel.png\" sizes=\"auto, \" srcset=\"\" alt=\"Excel-Tabelle umbenennen\" width=\"735\" height=\"250\"><\/figure><\/div><p> In diesem Tutorial lernen wir jedoch schnelle Schritte zum Umbenennen einer Tabelle mit einem benutzerdefinierten Namen.<\/p><h2 class=\"wp-block-heading\"> \u00c4ndern Sie den Namen einer Excel-Tabelle<\/h2><ol type=\"1\"><li> W\u00e4hlen Sie zun\u00e4chst eine der Tabellenzellen aus.<\/li><li> Gehen Sie anschlie\u00dfend zur Registerkarte \u201eTabellendesign\u201c.<\/li><li> Klicken Sie anschlie\u00dfend in die Eingabeleiste f\u00fcr den Tabellennamen und geben Sie den Namen ein, den Sie anwenden m\u00f6chten.<\/li><li> Dr\u00fccken Sie am Ende die Eingabetaste, um den eingegebenen Namen zu \u00fcbernehmen. <\/li><\/ol><div class=\"wp-block-image\"><figure class=\"aligncenter size-full is-resized\"><img loading=\"lazy\" decoding=\"async\" class=\"wp-image-75235\" src=\"https:\/\/exceladvisor.org\/wp-content\/uploads\/2023\/08\/2-onglet-de-conception-de-table.png\" sizes=\"auto, \" srcset=\"\" alt=\"Tischdesign-Registerkarte\" width=\"719\" height=\"425\"><\/figure><\/div><p class=\"qt-tip\"> Achtung: Sie k\u00f6nnen den Namen einer Tabelle nicht einfach l\u00f6schen, Sie m\u00fcssen ihn umbenennen.<\/p><h2 class=\"wp-block-heading\"> Verwenden Sie den Namensmanager, um eine Excel-Tabelle umzubenennen<\/h2><ol><li> Gehen Sie zun\u00e4chst zur Registerkarte \u201eFormeln\u201c und klicken Sie auf die Option \u201eNamensmanager\u201c. <br><img loading=\"lazy\" decoding=\"async\" title=\"3-Klick-Namensmanager-Option\" src=\"https:\/\/exceladvisor.org\/wp-content\/uploads\/2023\/08\/Option-de-gestionnaire-de-nom-en-3-clics.png\" sizes=\"auto, \" srcset=\"\" alt=\"click-name-manager-option\" width=\"544\" height=\"148\"><\/li><li> W\u00e4hlen Sie dort die Tabelle aus, die Sie umbenennen m\u00f6chten, und klicken Sie auf Bearbeiten. <br><img loading=\"lazy\" decoding=\"async\" title=\"4-W\u00e4hlen Sie die Tabelle aus, die umbenannt werden soll\" src=\"https:\/\/exceladvisor.org\/wp-content\/uploads\/2023\/08\/4-selectionnez-la-table-a-renommer.png\" sizes=\"auto, \" srcset=\"\" alt=\"select-the-table-to-rename\" width=\"511\" height=\"191\"><\/li><li> Bearbeiten Sie nun den Namen in der Namenseingabeleiste. <br><img loading=\"lazy\" decoding=\"async\" title=\"5-Geben Sie einen neuen Namen ein\" src=\"https:\/\/exceladvisor.org\/wp-content\/uploads\/2023\/08\/5-entrez-le-nouveau-nom.png\" sizes=\"auto, \" srcset=\"\" alt=\"enter-the-new-name\" width=\"353\" height=\"272\"><\/li><li> Klicken Sie abschlie\u00dfend zum Speichern auf \u201eOK\u201c und dann auf \u201eSchlie\u00dfen\u201c. <br><img loading=\"lazy\" decoding=\"async\" title=\"Mit 6 Klicks schlie\u00dfen\" src=\"https:\/\/exceladvisor.org\/wp-content\/uploads\/2023\/08\/6-cliquez-sur-fermer.png\" sizes=\"auto, \" srcset=\"\" alt=\"click-on-close\" width=\"340\" height=\"210\"><\/li><\/ol><p class=\"qt-tip\"> <strong>Tipp:<\/strong> Mit dem Namensmanager k\u00f6nnen Sie alle Tabellen verwalten, die Sie in einer Arbeitsmappe haben.<\/p><h2 class=\"wp-block-heading\"> Hinweise zum Tabellennamen<\/h2><ol type=\"1\"><li> Der Name einer Tabelle <strong>muss ein fest codierter Wert sein<\/strong> . Sie k\u00f6nnen f\u00fcr den Namen nicht auf eine Zelle verweisen.<\/li><li> Zwischen dem Tabellennamen <strong>d\u00fcrfen keine Leerzeichen verwendet werden<\/strong> . Sie k\u00f6nnen jedoch zur besseren Lesbarkeit einen Bindestrich oder Unterstrich verwenden.<\/li><li> Sie m\u00fcssen <strong>den Namen mit einem Buchstaben, einem Unterstrich (_) oder einem Backslash (\/) beginnen<\/strong> .<\/li><li> Der Name kann bis zu <strong>255 Zeichen<\/strong> lang sein, Sie m\u00fcssen jedoch keinen so langen Namen verwenden.<\/li><li> Der Name jeder Tabelle in einer Arbeitsmappe muss eindeutig sein (wenn Sie mehrere Tabellen haben).<\/li><\/ol><div class=\"gb-container gb-container-4db6181c gb-container-mt\"> <a class=\"gb-button gb-button-c5897111 gb-button-text gb-button-mt-button\" href=\"https:\/\/exceladvisor.org\/de\/excel-fortschritt\/\">Erweiterte Excel-Tutorials<\/a><h2 class=\"gb-headline gb-headline-665e5f6b gb-headline-text gb-headline-mt-heading\"> Verwandte Tutorials <\/h2><div class=\"gb-grid-wrapper gb-grid-wrapper-a20baf7c gb-grid-wrapper-mt-grid\"><div class=\"gb-grid-column gb-grid-column-65ddf67e\"><div class=\"gb-container gb-container-65ddf67e\"><ul><li> <a href=\"https:\/\/exceladvisor.org\/de\/schnelles-analysetool\/\">Schnellanalysetool in Excel<\/a><\/li><li> <a href=\"https:\/\/exceladvisor.org\/de\/mehrere-filter-anwenden\/\">Wenden Sie mehrere Filter auf Spalten an<\/a><\/li><li> <a href=\"https:\/\/exceladvisor.org\/de\/markieren-sie-die-oberen-und-unteren-werte\/\">Markieren Sie die oberen und unteren N-Werte in Excel<\/a><\/li><li> <a href=\"https:\/\/exceladvisor.org\/de\/kontrollkastchen\/\">F\u00fcgen Sie ein Kontrollk\u00e4stchen in Excel ein<\/a><\/li><li> <a href=\"https:\/\/exceladvisor.org\/de\/zellen-zusammenfuhren-ohne-daten-zu-verlieren\/\">F\u00fchren Sie Zellen zusammen, ohne Daten in Excel zu verlieren<\/a><\/li><\/ul><\/div><\/div><\/div><\/div>","protected":false},"excerpt":{"rendered":"","protected":false},"author":1,"featured_media":0,"parent":0,"menu_order":0,"comment_status":"open","ping_status":"closed","template":"","meta":{"ub_ctt_via":"","footnotes":""},"class_list":["post-3394","page","type-page","status-publish","hentry"],"featured_image_src":null,"yoast_head":"<!-- This site is optimized with the Yoast SEO plugin v25.4 - https:\/\/yoast.com\/wordpress\/plugins\/seo\/ -->\n<title>Wie benenne ich eine Tabelle in Excel um? (Leitfaden 2023)<\/title>\n<meta name=\"description\" content=\"In diesem Tutorial erfahren Sie, wie Sie eine Excel-Tabelle umbenennen. Und wir werden auch einige wichtige Punkte in diesem Zusammenhang erfahren.\" \/>\n<meta name=\"robots\" content=\"index, follow, max-snippet:-1, max-image-preview:large, max-video-preview:-1\" \/>\n<link rel=\"canonical\" href=\"https:\/\/exceladvisor.org\/de\/benennen-sie-die-tabelle-um\/\" \/>\n<meta property=\"og:locale\" content=\"de_DE\" \/>\n<meta property=\"og:type\" content=\"article\" \/>\n<meta property=\"og:title\" content=\"Wie benenne ich eine Tabelle in Excel um? (Leitfaden 2023)\" \/>\n<meta property=\"og:description\" content=\"In diesem Tutorial erfahren Sie, wie Sie eine Excel-Tabelle umbenennen. Und wir werden auch einige wichtige Punkte in diesem Zusammenhang erfahren.\" \/>\n<meta property=\"og:url\" content=\"https:\/\/exceladvisor.org\/de\/benennen-sie-die-tabelle-um\/\" \/>\n<meta property=\"og:site_name\" content=\"Excel Advisor\" \/>\n<meta property=\"article:modified_time\" content=\"2023-12-03T11:14:05+00:00\" \/>\n<meta property=\"og:image\" content=\"https:\/\/exceladvisor.org\/wp-content\/uploads\/2023\/08\/1-renommer-table-excel.png\" \/>\n<meta name=\"twitter:card\" content=\"summary_large_image\" \/>\n<meta name=\"twitter:label1\" content=\"Gesch\u00e4tzte Lesezeit\" \/>\n\t<meta name=\"twitter:data1\" content=\"2\u00a0Minuten\" \/>\n<script type=\"application\/ld+json\" class=\"yoast-schema-graph\">{\"@context\":\"https:\/\/schema.org\",\"@graph\":[{\"@type\":\"WebPage\",\"@id\":\"https:\/\/exceladvisor.org\/de\/benennen-sie-die-tabelle-um\/\",\"url\":\"https:\/\/exceladvisor.org\/de\/benennen-sie-die-tabelle-um\/\",\"name\":\"Wie benenne ich eine Tabelle in Excel um? (Leitfaden 2023)\",\"isPartOf\":{\"@id\":\"https:\/\/exceladvisor.org\/de\/#website\"},\"primaryImageOfPage\":{\"@id\":\"https:\/\/exceladvisor.org\/de\/benennen-sie-die-tabelle-um\/#primaryimage\"},\"image\":{\"@id\":\"https:\/\/exceladvisor.org\/de\/benennen-sie-die-tabelle-um\/#primaryimage\"},\"thumbnailUrl\":\"https:\/\/exceladvisor.org\/wp-content\/uploads\/2023\/08\/1-renommer-table-excel.png\",\"datePublished\":\"2023-10-29T06:51:37+00:00\",\"dateModified\":\"2023-12-03T11:14:05+00:00\",\"description\":\"In diesem Tutorial erfahren Sie, wie Sie eine Excel-Tabelle umbenennen. Und wir werden auch einige wichtige Punkte in diesem Zusammenhang erfahren.\",\"breadcrumb\":{\"@id\":\"https:\/\/exceladvisor.org\/de\/benennen-sie-die-tabelle-um\/#breadcrumb\"},\"inLanguage\":\"de\",\"potentialAction\":[{\"@type\":\"ReadAction\",\"target\":[\"https:\/\/exceladvisor.org\/de\/benennen-sie-die-tabelle-um\/\"]}]},{\"@type\":\"ImageObject\",\"inLanguage\":\"de\",\"@id\":\"https:\/\/exceladvisor.org\/de\/benennen-sie-die-tabelle-um\/#primaryimage\",\"url\":\"https:\/\/exceladvisor.org\/wp-content\/uploads\/2023\/08\/1-renommer-table-excel.png\",\"contentUrl\":\"https:\/\/exceladvisor.org\/wp-content\/uploads\/2023\/08\/1-renommer-table-excel.png\"},{\"@type\":\"BreadcrumbList\",\"@id\":\"https:\/\/exceladvisor.org\/de\/benennen-sie-die-tabelle-um\/#breadcrumb\",\"itemListElement\":[{\"@type\":\"ListItem\",\"position\":1,\"name\":\"Accueil\",\"item\":\"https:\/\/exceladvisor.org\/de\/\"},{\"@type\":\"ListItem\",\"position\":2,\"name\":\"Wie benenne ich eine tabelle in excel um?\"}]},{\"@type\":\"WebSite\",\"@id\":\"https:\/\/exceladvisor.org\/de\/#website\",\"url\":\"https:\/\/exceladvisor.org\/de\/\",\"name\":\"Excel Advisor\",\"description\":\"Ihr Leitfaden zur Datendominanz\",\"publisher\":{\"@id\":\"https:\/\/exceladvisor.org\/de\/#organization\"},\"potentialAction\":[{\"@type\":\"SearchAction\",\"target\":{\"@type\":\"EntryPoint\",\"urlTemplate\":\"https:\/\/exceladvisor.org\/de\/?s={search_term_string}\"},\"query-input\":{\"@type\":\"PropertyValueSpecification\",\"valueRequired\":true,\"valueName\":\"search_term_string\"}}],\"inLanguage\":\"de\"},{\"@type\":\"Organization\",\"@id\":\"https:\/\/exceladvisor.org\/de\/#organization\",\"name\":\"Excel Advisor\",\"url\":\"https:\/\/exceladvisor.org\/de\/\",\"logo\":{\"@type\":\"ImageObject\",\"inLanguage\":\"de\",\"@id\":\"https:\/\/exceladvisor.org\/de\/#\/schema\/logo\/image\/\",\"url\":\"https:\/\/exceladvisor.org\/de\/wp-content\/uploads\/2023\/11\/exceladvisor.org_.png\",\"contentUrl\":\"https:\/\/exceladvisor.org\/de\/wp-content\/uploads\/2023\/11\/exceladvisor.org_.png\",\"width\":105,\"height\":36,\"caption\":\"Excel Advisor\"},\"image\":{\"@id\":\"https:\/\/exceladvisor.org\/de\/#\/schema\/logo\/image\/\"}}]}<\/script>\n<!-- \/ Yoast SEO plugin. -->","yoast_head_json":{"title":"Wie benenne ich eine Tabelle in Excel um? (Leitfaden 2023)","description":"In diesem Tutorial erfahren Sie, wie Sie eine Excel-Tabelle umbenennen. Und wir werden auch einige wichtige Punkte in diesem Zusammenhang erfahren.","robots":{"index":"index","follow":"follow","max-snippet":"max-snippet:-1","max-image-preview":"max-image-preview:large","max-video-preview":"max-video-preview:-1"},"canonical":"https:\/\/exceladvisor.org\/de\/benennen-sie-die-tabelle-um\/","og_locale":"de_DE","og_type":"article","og_title":"Wie benenne ich eine Tabelle in Excel um? (Leitfaden 2023)","og_description":"In diesem Tutorial erfahren Sie, wie Sie eine Excel-Tabelle umbenennen. Und wir werden auch einige wichtige Punkte in diesem Zusammenhang erfahren.","og_url":"https:\/\/exceladvisor.org\/de\/benennen-sie-die-tabelle-um\/","og_site_name":"Excel Advisor","article_modified_time":"2023-12-03T11:14:05+00:00","og_image":[{"url":"https:\/\/exceladvisor.org\/wp-content\/uploads\/2023\/08\/1-renommer-table-excel.png","type":"","width":"","height":""}],"twitter_card":"summary_large_image","twitter_misc":{"Gesch\u00e4tzte Lesezeit":"2\u00a0Minuten"},"schema":{"@context":"https:\/\/schema.org","@graph":[{"@type":"WebPage","@id":"https:\/\/exceladvisor.org\/de\/benennen-sie-die-tabelle-um\/","url":"https:\/\/exceladvisor.org\/de\/benennen-sie-die-tabelle-um\/","name":"Wie benenne ich eine Tabelle in Excel um? (Leitfaden 2023)","isPartOf":{"@id":"https:\/\/exceladvisor.org\/de\/#website"},"primaryImageOfPage":{"@id":"https:\/\/exceladvisor.org\/de\/benennen-sie-die-tabelle-um\/#primaryimage"},"image":{"@id":"https:\/\/exceladvisor.org\/de\/benennen-sie-die-tabelle-um\/#primaryimage"},"thumbnailUrl":"https:\/\/exceladvisor.org\/wp-content\/uploads\/2023\/08\/1-renommer-table-excel.png","datePublished":"2023-10-29T06:51:37+00:00","dateModified":"2023-12-03T11:14:05+00:00","description":"In diesem Tutorial erfahren Sie, wie Sie eine Excel-Tabelle umbenennen. Und wir werden auch einige wichtige Punkte in diesem Zusammenhang erfahren.","breadcrumb":{"@id":"https:\/\/exceladvisor.org\/de\/benennen-sie-die-tabelle-um\/#breadcrumb"},"inLanguage":"de","potentialAction":[{"@type":"ReadAction","target":["https:\/\/exceladvisor.org\/de\/benennen-sie-die-tabelle-um\/"]}]},{"@type":"ImageObject","inLanguage":"de","@id":"https:\/\/exceladvisor.org\/de\/benennen-sie-die-tabelle-um\/#primaryimage","url":"https:\/\/exceladvisor.org\/wp-content\/uploads\/2023\/08\/1-renommer-table-excel.png","contentUrl":"https:\/\/exceladvisor.org\/wp-content\/uploads\/2023\/08\/1-renommer-table-excel.png"},{"@type":"BreadcrumbList","@id":"https:\/\/exceladvisor.org\/de\/benennen-sie-die-tabelle-um\/#breadcrumb","itemListElement":[{"@type":"ListItem","position":1,"name":"Accueil","item":"https:\/\/exceladvisor.org\/de\/"},{"@type":"ListItem","position":2,"name":"Wie benenne ich eine tabelle in excel um?"}]},{"@type":"WebSite","@id":"https:\/\/exceladvisor.org\/de\/#website","url":"https:\/\/exceladvisor.org\/de\/","name":"Excel Advisor","description":"Ihr Leitfaden zur Datendominanz","publisher":{"@id":"https:\/\/exceladvisor.org\/de\/#organization"},"potentialAction":[{"@type":"SearchAction","target":{"@type":"EntryPoint","urlTemplate":"https:\/\/exceladvisor.org\/de\/?s={search_term_string}"},"query-input":{"@type":"PropertyValueSpecification","valueRequired":true,"valueName":"search_term_string"}}],"inLanguage":"de"},{"@type":"Organization","@id":"https:\/\/exceladvisor.org\/de\/#organization","name":"Excel Advisor","url":"https:\/\/exceladvisor.org\/de\/","logo":{"@type":"ImageObject","inLanguage":"de","@id":"https:\/\/exceladvisor.org\/de\/#\/schema\/logo\/image\/","url":"https:\/\/exceladvisor.org\/de\/wp-content\/uploads\/2023\/11\/exceladvisor.org_.png","contentUrl":"https:\/\/exceladvisor.org\/de\/wp-content\/uploads\/2023\/11\/exceladvisor.org_.png","width":105,"height":36,"caption":"Excel Advisor"},"image":{"@id":"https:\/\/exceladvisor.org\/de\/#\/schema\/logo\/image\/"}}]}},"yoast_meta":{"yoast_wpseo_title":"","yoast_wpseo_metadesc":"","yoast_wpseo_canonical":""},"_links":{"self":[{"href":"https:\/\/exceladvisor.org\/de\/wp-json\/wp\/v2\/pages\/3394","targetHints":{"allow":["GET"]}}],"collection":[{"href":"https:\/\/exceladvisor.org\/de\/wp-json\/wp\/v2\/pages"}],"about":[{"href":"https:\/\/exceladvisor.org\/de\/wp-json\/wp\/v2\/types\/page"}],"author":[{"embeddable":true,"href":"https:\/\/exceladvisor.org\/de\/wp-json\/wp\/v2\/users\/1"}],"replies":[{"embeddable":true,"href":"https:\/\/exceladvisor.org\/de\/wp-json\/wp\/v2\/comments?post=3394"}],"version-history":[{"count":1,"href":"https:\/\/exceladvisor.org\/de\/wp-json\/wp\/v2\/pages\/3394\/revisions"}],"predecessor-version":[{"id":3881,"href":"https:\/\/exceladvisor.org\/de\/wp-json\/wp\/v2\/pages\/3394\/revisions\/3881"}],"wp:attachment":[{"href":"https:\/\/exceladvisor.org\/de\/wp-json\/wp\/v2\/media?parent=3394"}],"curies":[{"name":"wp","href":"https:\/\/api.w.org\/{rel}","templated":true}]}}