{"id":3395,"date":"2023-10-29T06:40:28","date_gmt":"2023-10-29T06:40:28","guid":{"rendered":"https:\/\/exceladvisor.org\/de\/formatierung-entfernen\/"},"modified":"2023-12-03T13:04:09","modified_gmt":"2023-12-03T13:04:09","slug":"formatierung-entfernen","status":"publish","type":"page","link":"https:\/\/exceladvisor.org\/de\/formatierung-entfernen\/","title":{"rendered":"Wie l\u00f6sche ich die formatierung in excel?"},"content":{"rendered":"<div class=\"excel-vor-dem-inhalt\" id=\"excel-4043212057\"><script type=\"text\/javascript\">\r\n\tatOptions = {\r\n\t\t'key' : 'c1158f160081d6540a8409e6925dab94',\r\n\t\t'format' : 'iframe',\r\n\t\t'height' : 250,\r\n\t\t'width' : 300,\r\n\t\t'params' : {}\r\n\t};\r\n<\/script>\r\n<script type=\"text\/javascript\" src=\"\/\/www.highperformanceformat.com\/c1158f160081d6540a8409e6925dab94\/invoke.js\"><\/script><\/div> <p>In Excel wird Formatierung verwendet, um Zellen oder Zellbereiche hervorzuheben und relevante Daten leicht sichtbar zu machen. Dies kann durch Anwenden von Zellen- oder Schriftfarbe, Rahmen, Ausrichtung, Schriftstil und anderen Formatierungen erfolgen.<\/p><p> Und manchmal m\u00fcssen Sie Formatierungen aus bestimmten Zellbereichen oder dem gesamten Arbeitsblatt l\u00f6schen. Dies manuell zu tun ist eine m\u00fchsame Aufgabe und kann dazu f\u00fchren, dass bei gro\u00dfen Daten m\u00f6glicherweise einige Formatierungen zum L\u00f6schen fehlen.<\/p><p> Aber seien Sie beruhigt, Excel bietet mehrere M\u00f6glichkeiten, Formatierungen schnell und einfach zu l\u00f6schen. Einige davon werden im Folgenden f\u00fcr Sie beschrieben.<\/p><h2 class=\"wp-block-heading\"> Schritte zum L\u00f6schen der Formatierung mithilfe der Option \u201eFormate l\u00f6schen\u201c.<\/h2><ol><li> W\u00e4hlen Sie zun\u00e4chst die Zellen oder Zellbereiche aus, aus denen Sie die Formatierung l\u00f6schen m\u00f6chten, oder das gesamte Blatt, wenn Sie die Formatierung aus dem gesamten Blatt l\u00f6schen m\u00f6chten.<\/li><li> Gehen Sie anschlie\u00dfend zur Registerkarte \u201eStartseite\u201c und klicken Sie in der Gruppe \u201eBearbeiten\u201c auf das Dropdown-Symbol \u201eL\u00f6schen\u201c. <br><img loading=\"lazy\" decoding=\"async\" title=\"1-Home-Tab-L\u00f6schsymbol\" src=\"https:\/\/exceladvisor.org\/wp-content\/uploads\/2023\/08\/1-icone-deffacement-de-longlet-daccueil.png\" sizes=\"auto, \" srcset=\"\" alt=\"home-tab-clear-icon\" width=\"495\" height=\"395\"><\/li><li> W\u00e4hlen Sie nun die Option Formate l\u00f6schen aus der Dropdown-Liste aus. <br><img loading=\"lazy\" decoding=\"async\" title=\"2-Formate-ausw\u00e4hlen-l\u00f6schen\" src=\"https:\/\/exceladvisor.org\/wp-content\/uploads\/2023\/08\/2-selectionnez-des-formats-clairs.png\" sizes=\"auto, \" srcset=\"\" alt=\"select-clear-formats\" width=\"196\" height=\"259\"><\/li><li> Sobald Sie auf \u201eFormate l\u00f6schen\u201c klicken, werden alle Arten der angewendeten Formatierung, einschlie\u00dflich Zellenfarben, Schriftfarben, Randausrichtung, bedingte Formatierung usw., gel\u00f6scht. <br><img loading=\"lazy\" decoding=\"async\" title=\"3-Format-gel\u00f6scht\" src=\"https:\/\/exceladvisor.org\/wp-content\/uploads\/2023\/08\/3-formatage-efface.png\" sizes=\"auto, \" srcset=\"\" alt=\"formatting-cleared\" width=\"302\" height=\"294\"><\/li><\/ol><div class=\"wp-block-group more-box is-layout-constrained\"><div class=\"wp-block-group__inner-container\"><ul id=\"ub_styled_list-fc5e0c8e-1a81-4ae0-81ad-53d21f6fae54\" class=\"ub_styled_list\"><li class=\"ub_styled_list_item\"> Wenn die Zellen nur wenige farbige W\u00f6rter oder Zeichen enthalten, kann Excel diese Farbformatierung mit keinem der oben beschriebenen Schritte entfernen. <\/li><\/ul><div class=\"wp-block-image\"><figure class=\"aligncenter size-full is-resized\"><img loading=\"lazy\" decoding=\"async\" class=\"wp-image-77424\" src=\"https:\/\/exceladvisor.org\/wp-content\/uploads\/2023\/08\/6-quelques-caracteres-colores-en-valeur.png\" sizes=\"auto, \" srcset=\"\" alt=\"wenige farbige Zeichen im Wert\" width=\"177\" height=\"188\"><\/figure><\/div><\/div><\/div><h2 class=\"wp-block-heading\"> Klare Formatierung mit Format Painter<\/h2><ol><li> Navigieren Sie zun\u00e4chst zu einer beliebigen unformatierten Zelle.<\/li><li> Gehen Sie anschlie\u00dfend zur Registerkarte \u201eStartseite\u201c und klicken Sie in der Gruppe \u201eZwischenablage\u201c auf \u201eFormat Painter\u201c.<\/li><li> W\u00e4hlen Sie nun die Zelle oder den Zellbereich aus, aus dem Sie die Formatierung l\u00f6schen m\u00f6chten. <br><img loading=\"lazy\" decoding=\"async\" title=\"painter-format-4-uses\" src=\"https:\/\/exceladvisor.org\/wp-content\/uploads\/2023\/08\/4-utiliser-format-peintre.png\" sizes=\"auto, \" srcset=\"\" alt=\"use-format-painter\" width=\"430\" height=\"425\"><\/li><li> An diesem Punkt werden alle angewendeten Formatierungen gel\u00f6scht. <br><img loading=\"lazy\" decoding=\"async\" title=\"5-Alle-Formatierungen-gel\u00f6scht\" src=\"https:\/\/exceladvisor.org\/wp-content\/uploads\/2023\/08\/5-tout-formatage-efface.png\" sizes=\"auto, \" srcset=\"\" alt=\"all-formatting-cleared\" width=\"287\" height=\"279\"><\/li><\/ol><h2 class=\"wp-block-heading\"> Formatierung mit Tastenkombination l\u00f6schen<\/h2><p> Excel verf\u00fcgt au\u00dferdem \u00fcber eine Tastenkombination zum L\u00f6schen der Formatierung. Dazu m\u00fcssen Sie lediglich die beiden unten aufgef\u00fchrten Schritte ausf\u00fchren.<\/p><ul><li> W\u00e4hlen Sie zun\u00e4chst die Zellen oder Zellbereiche aus, aus denen Sie die Formatierung l\u00f6schen m\u00f6chten, oder das gesamte Blatt, wenn Sie die Formatierung aus dem gesamten Blatt l\u00f6schen m\u00f6chten.<\/li><li> Danach dr\u00fccken Sie einfach der Reihe nach <kbd>Alt<\/kbd> \u2192 <kbd>H<\/kbd> \u2192 <kbd>E<\/kbd> \u2192 <kbd>F<\/kbd> und die Formatierung wird gel\u00f6scht.<\/li><\/ul><h2 class=\"wp-block-heading\"> Klare Formatierung mit VBA-Code<\/h2><p> Sie k\u00f6nnen die Formatierung auch mit VBA-Code l\u00f6schen.<\/p><pre class=\"wp-block-code\"> <code class=\"language-visual-basic\" lang=\"visual-basic\">Range(\u201cA1\u201d).ClearFormats<\/code><\/pre><div class=\"gb-container gb-container-4db6181c gb-container-mt\"> <a class=\"gb-button gb-button-c5897111 gb-button-text gb-button-mt-button\" href=\"https:\/\/exceladvisor.org\/de\/excel-grundlagen\/\">Microsoft Excel-Grundlagen (Komponenten, Teile und Wissenshinweise)<\/a><h2 class=\"gb-headline gb-headline-665e5f6b gb-headline-text gb-headline-mt-heading\"> Verwandte Tutorials <\/h2><div class=\"gb-grid-wrapper gb-grid-wrapper-a20baf7c gb-grid-wrapper-mt-grid\"><div class=\"gb-grid-column gb-grid-column-65ddf67e\"><div class=\"gb-container gb-container-65ddf67e\"><ul><li> <a href=\"https:\/\/exceladvisor.org\/de\/buchhaltungsnummernformat\/\">Wenden Sie das Buchhaltungsnummernformat in Excel an<\/a><\/li><li> <a href=\"https:\/\/exceladvisor.org\/de\/fugen-sie-eine-seitenzahl-hinzu\/\">F\u00fcgen Sie in Excel eine Seitenzahl hinzu<\/a><\/li><li> <a href=\"https:\/\/exceladvisor.org\/de\/komma-stil-anwenden\/\">Wenden Sie den Kommastil in Excel an<\/a><\/li><li> <a href=\"https:\/\/exceladvisor.org\/de\/stange\/\">Durchstreichen in Excel anwenden<\/a><\/li><li> <a href=\"https:\/\/exceladvisor.org\/de\/markieren-sie-leere-zellen\/\">Markieren Sie leere Zellen in Excel<\/a> <\/li><\/ul><\/div><\/div><div class=\"gb-grid-column gb-grid-column-50067b57\"><div class=\"gb-container gb-container-50067b57\"><\/div><\/div><\/div><\/div>","protected":false},"excerpt":{"rendered":"","protected":false},"author":1,"featured_media":0,"parent":0,"menu_order":0,"comment_status":"open","ping_status":"closed","template":"","meta":{"ub_ctt_via":"","footnotes":""},"class_list":["post-3395","page","type-page","status-publish","hentry"],"featured_image_src":null,"yoast_head":"<!-- This site is optimized with the Yoast SEO plugin v25.4 - https:\/\/yoast.com\/wordpress\/plugins\/seo\/ -->\n<title>Wie l\u00f6sche ich die Formatierung in Excel? (Tutorial 2023)<\/title>\n<meta name=\"description\" content=\"In diesem Tutorial erfahren Sie, wie Sie Formatierungen in Excel l\u00f6schen. Excel bietet mehrere M\u00f6glichkeiten, Formatierungen schnell zu l\u00f6schen ...\" \/>\n<meta name=\"robots\" content=\"index, follow, max-snippet:-1, max-image-preview:large, max-video-preview:-1\" \/>\n<link rel=\"canonical\" href=\"https:\/\/exceladvisor.org\/de\/formatierung-entfernen\/\" \/>\n<meta property=\"og:locale\" content=\"de_DE\" \/>\n<meta property=\"og:type\" content=\"article\" \/>\n<meta property=\"og:title\" content=\"Wie l\u00f6sche ich die Formatierung in Excel? (Tutorial 2023)\" \/>\n<meta property=\"og:description\" content=\"In diesem Tutorial erfahren Sie, wie Sie Formatierungen in Excel l\u00f6schen. Excel bietet mehrere M\u00f6glichkeiten, Formatierungen schnell zu l\u00f6schen ...\" \/>\n<meta property=\"og:url\" content=\"https:\/\/exceladvisor.org\/de\/formatierung-entfernen\/\" \/>\n<meta property=\"og:site_name\" content=\"Excel Advisor\" \/>\n<meta property=\"article:modified_time\" content=\"2023-12-03T13:04:09+00:00\" \/>\n<meta property=\"og:image\" content=\"https:\/\/exceladvisor.org\/wp-content\/uploads\/2023\/08\/1-icone-deffacement-de-longlet-daccueil.png\" \/>\n<meta name=\"twitter:card\" content=\"summary_large_image\" \/>\n<meta name=\"twitter:label1\" content=\"Gesch\u00e4tzte Lesezeit\" \/>\n\t<meta name=\"twitter:data1\" content=\"2\u00a0Minuten\" \/>\n<script type=\"application\/ld+json\" class=\"yoast-schema-graph\">{\"@context\":\"https:\/\/schema.org\",\"@graph\":[{\"@type\":\"WebPage\",\"@id\":\"https:\/\/exceladvisor.org\/de\/formatierung-entfernen\/\",\"url\":\"https:\/\/exceladvisor.org\/de\/formatierung-entfernen\/\",\"name\":\"Wie l\u00f6sche ich die Formatierung in Excel? (Tutorial 2023)\",\"isPartOf\":{\"@id\":\"https:\/\/exceladvisor.org\/de\/#website\"},\"primaryImageOfPage\":{\"@id\":\"https:\/\/exceladvisor.org\/de\/formatierung-entfernen\/#primaryimage\"},\"image\":{\"@id\":\"https:\/\/exceladvisor.org\/de\/formatierung-entfernen\/#primaryimage\"},\"thumbnailUrl\":\"https:\/\/exceladvisor.org\/wp-content\/uploads\/2023\/08\/1-icone-deffacement-de-longlet-daccueil.png\",\"datePublished\":\"2023-10-29T06:40:28+00:00\",\"dateModified\":\"2023-12-03T13:04:09+00:00\",\"description\":\"In diesem Tutorial erfahren Sie, wie Sie Formatierungen in Excel l\u00f6schen. Excel bietet mehrere M\u00f6glichkeiten, Formatierungen schnell zu l\u00f6schen ...\",\"breadcrumb\":{\"@id\":\"https:\/\/exceladvisor.org\/de\/formatierung-entfernen\/#breadcrumb\"},\"inLanguage\":\"de\",\"potentialAction\":[{\"@type\":\"ReadAction\",\"target\":[\"https:\/\/exceladvisor.org\/de\/formatierung-entfernen\/\"]}]},{\"@type\":\"ImageObject\",\"inLanguage\":\"de\",\"@id\":\"https:\/\/exceladvisor.org\/de\/formatierung-entfernen\/#primaryimage\",\"url\":\"https:\/\/exceladvisor.org\/wp-content\/uploads\/2023\/08\/1-icone-deffacement-de-longlet-daccueil.png\",\"contentUrl\":\"https:\/\/exceladvisor.org\/wp-content\/uploads\/2023\/08\/1-icone-deffacement-de-longlet-daccueil.png\"},{\"@type\":\"BreadcrumbList\",\"@id\":\"https:\/\/exceladvisor.org\/de\/formatierung-entfernen\/#breadcrumb\",\"itemListElement\":[{\"@type\":\"ListItem\",\"position\":1,\"name\":\"Accueil\",\"item\":\"https:\/\/exceladvisor.org\/de\/\"},{\"@type\":\"ListItem\",\"position\":2,\"name\":\"Wie l\u00f6sche ich die formatierung in excel?\"}]},{\"@type\":\"WebSite\",\"@id\":\"https:\/\/exceladvisor.org\/de\/#website\",\"url\":\"https:\/\/exceladvisor.org\/de\/\",\"name\":\"Excel Advisor\",\"description\":\"Ihr Leitfaden zur Datendominanz\",\"publisher\":{\"@id\":\"https:\/\/exceladvisor.org\/de\/#organization\"},\"potentialAction\":[{\"@type\":\"SearchAction\",\"target\":{\"@type\":\"EntryPoint\",\"urlTemplate\":\"https:\/\/exceladvisor.org\/de\/?s={search_term_string}\"},\"query-input\":{\"@type\":\"PropertyValueSpecification\",\"valueRequired\":true,\"valueName\":\"search_term_string\"}}],\"inLanguage\":\"de\"},{\"@type\":\"Organization\",\"@id\":\"https:\/\/exceladvisor.org\/de\/#organization\",\"name\":\"Excel Advisor\",\"url\":\"https:\/\/exceladvisor.org\/de\/\",\"logo\":{\"@type\":\"ImageObject\",\"inLanguage\":\"de\",\"@id\":\"https:\/\/exceladvisor.org\/de\/#\/schema\/logo\/image\/\",\"url\":\"https:\/\/exceladvisor.org\/de\/wp-content\/uploads\/2023\/11\/exceladvisor.org_.png\",\"contentUrl\":\"https:\/\/exceladvisor.org\/de\/wp-content\/uploads\/2023\/11\/exceladvisor.org_.png\",\"width\":105,\"height\":36,\"caption\":\"Excel Advisor\"},\"image\":{\"@id\":\"https:\/\/exceladvisor.org\/de\/#\/schema\/logo\/image\/\"}}]}<\/script>\n<!-- \/ Yoast SEO plugin. -->","yoast_head_json":{"title":"Wie l\u00f6sche ich die Formatierung in Excel? (Tutorial 2023)","description":"In diesem Tutorial erfahren Sie, wie Sie Formatierungen in Excel l\u00f6schen. Excel bietet mehrere M\u00f6glichkeiten, Formatierungen schnell zu l\u00f6schen ...","robots":{"index":"index","follow":"follow","max-snippet":"max-snippet:-1","max-image-preview":"max-image-preview:large","max-video-preview":"max-video-preview:-1"},"canonical":"https:\/\/exceladvisor.org\/de\/formatierung-entfernen\/","og_locale":"de_DE","og_type":"article","og_title":"Wie l\u00f6sche ich die Formatierung in Excel? (Tutorial 2023)","og_description":"In diesem Tutorial erfahren Sie, wie Sie Formatierungen in Excel l\u00f6schen. Excel bietet mehrere M\u00f6glichkeiten, Formatierungen schnell zu l\u00f6schen ...","og_url":"https:\/\/exceladvisor.org\/de\/formatierung-entfernen\/","og_site_name":"Excel Advisor","article_modified_time":"2023-12-03T13:04:09+00:00","og_image":[{"url":"https:\/\/exceladvisor.org\/wp-content\/uploads\/2023\/08\/1-icone-deffacement-de-longlet-daccueil.png","type":"","width":"","height":""}],"twitter_card":"summary_large_image","twitter_misc":{"Gesch\u00e4tzte Lesezeit":"2\u00a0Minuten"},"schema":{"@context":"https:\/\/schema.org","@graph":[{"@type":"WebPage","@id":"https:\/\/exceladvisor.org\/de\/formatierung-entfernen\/","url":"https:\/\/exceladvisor.org\/de\/formatierung-entfernen\/","name":"Wie l\u00f6sche ich die Formatierung in Excel? (Tutorial 2023)","isPartOf":{"@id":"https:\/\/exceladvisor.org\/de\/#website"},"primaryImageOfPage":{"@id":"https:\/\/exceladvisor.org\/de\/formatierung-entfernen\/#primaryimage"},"image":{"@id":"https:\/\/exceladvisor.org\/de\/formatierung-entfernen\/#primaryimage"},"thumbnailUrl":"https:\/\/exceladvisor.org\/wp-content\/uploads\/2023\/08\/1-icone-deffacement-de-longlet-daccueil.png","datePublished":"2023-10-29T06:40:28+00:00","dateModified":"2023-12-03T13:04:09+00:00","description":"In diesem Tutorial erfahren Sie, wie Sie Formatierungen in Excel l\u00f6schen. Excel bietet mehrere M\u00f6glichkeiten, Formatierungen schnell zu l\u00f6schen ...","breadcrumb":{"@id":"https:\/\/exceladvisor.org\/de\/formatierung-entfernen\/#breadcrumb"},"inLanguage":"de","potentialAction":[{"@type":"ReadAction","target":["https:\/\/exceladvisor.org\/de\/formatierung-entfernen\/"]}]},{"@type":"ImageObject","inLanguage":"de","@id":"https:\/\/exceladvisor.org\/de\/formatierung-entfernen\/#primaryimage","url":"https:\/\/exceladvisor.org\/wp-content\/uploads\/2023\/08\/1-icone-deffacement-de-longlet-daccueil.png","contentUrl":"https:\/\/exceladvisor.org\/wp-content\/uploads\/2023\/08\/1-icone-deffacement-de-longlet-daccueil.png"},{"@type":"BreadcrumbList","@id":"https:\/\/exceladvisor.org\/de\/formatierung-entfernen\/#breadcrumb","itemListElement":[{"@type":"ListItem","position":1,"name":"Accueil","item":"https:\/\/exceladvisor.org\/de\/"},{"@type":"ListItem","position":2,"name":"Wie l\u00f6sche ich die formatierung in excel?"}]},{"@type":"WebSite","@id":"https:\/\/exceladvisor.org\/de\/#website","url":"https:\/\/exceladvisor.org\/de\/","name":"Excel Advisor","description":"Ihr Leitfaden zur Datendominanz","publisher":{"@id":"https:\/\/exceladvisor.org\/de\/#organization"},"potentialAction":[{"@type":"SearchAction","target":{"@type":"EntryPoint","urlTemplate":"https:\/\/exceladvisor.org\/de\/?s={search_term_string}"},"query-input":{"@type":"PropertyValueSpecification","valueRequired":true,"valueName":"search_term_string"}}],"inLanguage":"de"},{"@type":"Organization","@id":"https:\/\/exceladvisor.org\/de\/#organization","name":"Excel Advisor","url":"https:\/\/exceladvisor.org\/de\/","logo":{"@type":"ImageObject","inLanguage":"de","@id":"https:\/\/exceladvisor.org\/de\/#\/schema\/logo\/image\/","url":"https:\/\/exceladvisor.org\/de\/wp-content\/uploads\/2023\/11\/exceladvisor.org_.png","contentUrl":"https:\/\/exceladvisor.org\/de\/wp-content\/uploads\/2023\/11\/exceladvisor.org_.png","width":105,"height":36,"caption":"Excel Advisor"},"image":{"@id":"https:\/\/exceladvisor.org\/de\/#\/schema\/logo\/image\/"}}]}},"yoast_meta":{"yoast_wpseo_title":"","yoast_wpseo_metadesc":"","yoast_wpseo_canonical":""},"_links":{"self":[{"href":"https:\/\/exceladvisor.org\/de\/wp-json\/wp\/v2\/pages\/3395","targetHints":{"allow":["GET"]}}],"collection":[{"href":"https:\/\/exceladvisor.org\/de\/wp-json\/wp\/v2\/pages"}],"about":[{"href":"https:\/\/exceladvisor.org\/de\/wp-json\/wp\/v2\/types\/page"}],"author":[{"embeddable":true,"href":"https:\/\/exceladvisor.org\/de\/wp-json\/wp\/v2\/users\/1"}],"replies":[{"embeddable":true,"href":"https:\/\/exceladvisor.org\/de\/wp-json\/wp\/v2\/comments?post=3395"}],"version-history":[{"count":1,"href":"https:\/\/exceladvisor.org\/de\/wp-json\/wp\/v2\/pages\/3395\/revisions"}],"predecessor-version":[{"id":4139,"href":"https:\/\/exceladvisor.org\/de\/wp-json\/wp\/v2\/pages\/3395\/revisions\/4139"}],"wp:attachment":[{"href":"https:\/\/exceladvisor.org\/de\/wp-json\/wp\/v2\/media?parent=3395"}],"curies":[{"name":"wp","href":"https:\/\/api.w.org\/{rel}","templated":true}]}}