{"id":3396,"date":"2023-10-29T06:25:17","date_gmt":"2023-10-29T06:25:17","guid":{"rendered":"https:\/\/exceladvisor.org\/de\/excel-sicherheitsmodus\/"},"modified":"2023-12-03T13:04:34","modified_gmt":"2023-12-03T13:04:34","slug":"excel-sicherheitsmodus","status":"publish","type":"page","link":"https:\/\/exceladvisor.org\/de\/excel-sicherheitsmodus\/","title":{"rendered":"Wie \u00f6ffne ich excel im abgesicherten modus?"},"content":{"rendered":"<div class=\"excel-vor-dem-inhalt\" id=\"excel-3419332073\"><script type=\"text\/javascript\">\r\n\tatOptions = {\r\n\t\t'key' : 'c1158f160081d6540a8409e6925dab94',\r\n\t\t'format' : 'iframe',\r\n\t\t'height' : 250,\r\n\t\t'width' : 300,\r\n\t\t'params' : {}\r\n\t};\r\n<\/script>\r\n<script type=\"text\/javascript\" src=\"\/\/www.highperformanceformat.com\/c1158f160081d6540a8409e6925dab94\/invoke.js\"><\/script><\/div> <p>Wenn Sie Excel im abgesicherten Modus \u00f6ffnen, k\u00f6nnen Sie Fehler in der Datei beheben. Dies ist n\u00fctzlich, wenn eine Excel-Datei beim \u00d6ffnen abst\u00fcrzt, beim Berechnen oder Speichern h\u00e4ngen bleibt. Im abgesicherten Modus k\u00f6nnen Sie eine Datei mit Einschr\u00e4nkungen \u00f6ffnen und Fehler beheben. <\/p><div class=\"wp-block-image\"><figure class=\"aligncenter size-full is-resized\"><img loading=\"lazy\" decoding=\"async\" class=\"wp-image-75213\" src=\"https:\/\/exceladvisor.org\/wp-content\/uploads\/2023\/08\/1-ouvrir-le-mode-sans-echec-excel.png\" sizes=\"auto, \" srcset=\"\" alt=\"open-excel-safe-mode\" width=\"535\" height=\"296\"><\/figure><\/div><h2 class=\"wp-block-heading\"> Schritte zum \u00d6ffnen von Excel im abgesicherten Modus<\/h2><ol><li> Halten Sie zun\u00e4chst die Strg-Taste gedr\u00fcckt. <br><img loading=\"lazy\" decoding=\"async\" title=\"2 Steuertasten\" src=\"https:\/\/exceladvisor.org\/wp-content\/uploads\/2023\/08\/2-touches-de-controle.png\" sizes=\"auto, \" srcset=\"\" alt=\"control-key\" width=\"115\" height=\"79\"><\/li><li> Doppelklicken Sie nun bei gedr\u00fcckter Strg-Taste auf die Excel-Datei, die Sie im abgesicherten Modus \u00f6ffnen m\u00f6chten. <br><img loading=\"lazy\" decoding=\"async\" title=\"3-Doppelklick auf die Excel-Datei\" src=\"https:\/\/exceladvisor.org\/wp-content\/uploads\/2023\/08\/3-double-cliquez-sur-le-fichier-excel.png\" sizes=\"auto, \" srcset=\"\" alt=\"double-click-on-excel-file\" width=\"302\" height=\"206\"><\/li><li> Von dort erhalten Sie eine Nachricht von Excel, ob Sie es im abgesicherten Modus \u00f6ffnen m\u00f6chten oder nicht. <br><img loading=\"lazy\" decoding=\"async\" title=\"4 Nachrichten zum \u00d6ffnen im abgesicherten Modus\" src=\"https:\/\/exceladvisor.org\/wp-content\/uploads\/2023\/08\/4-message-a-ouvrir-en-mode-sans-echec.png\" sizes=\"auto, \" srcset=\"\" alt=\"message-to-open-in-safe-mode\" width=\"430\" height=\"178\"><\/li><li> Am Ende wird Excel wie unten im abgesicherten Modus ge\u00f6ffnet. <br><img loading=\"lazy\" decoding=\"async\" title=\"5-Excel-im-abgesicherten-Modus \u00f6ffnen\" src=\"https:\/\/exceladvisor.org\/wp-content\/uploads\/2023\/08\/5-excel-ouvert-en-mode-sans-echec.png\" sizes=\"auto, \" srcset=\"\" alt=\"excel-opened-in-safe-mode\" width=\"471\" height=\"295\"><\/li><\/ol><p> Wenn Sie Excel im abgesicherten Modus \u00f6ffnen, werden, wie gesagt, viele Optionen eingeschr\u00e4nkt, die Sie in Excel im normalen Modus haben.<\/p><h2 class=\"wp-block-heading\"> \u00d6ffnen Sie Excel im abgesicherten Modus mit dem Befehlsmodus<\/h2><ol><li> \u00d6ffnen Sie zun\u00e4chst die Windows-Suchleiste und geben Sie \u201eAusf\u00fchren\u201c ein. Klicken Sie dann auf \u201eAusf\u00fchren\u201c, um die Anwendung \u201eAusf\u00fchren\u201c zu \u00f6ffnen. <br><img loading=\"lazy\" decoding=\"async\" title=\"6-Open-Run-Anwendung\" src=\"https:\/\/exceladvisor.org\/wp-content\/uploads\/2023\/08\/6-candidatures-ouvertes.png\" sizes=\"auto, \" srcset=\"\" alt=\"open-run-application\" width=\"516\" height=\"229\"><\/li><li> Sie k\u00f6nnen auch die Tastenkombination Fenster + R verwenden, um \u201eAusf\u00fchren\u201c zu \u00f6ffnen.<\/li><li> Geben Sie nun in der Eingabeleiste \u201e\u00d6ffnen\u201c \u201eexcel\/safe\u201c ein. <br><img loading=\"lazy\" decoding=\"async\" title=\"7-enter-exce-safe\" src=\"https:\/\/exceladvisor.org\/wp-content\/uploads\/2023\/08\/7-entrez-dans-le-coffre-fort.png\" sizes=\"auto, \" srcset=\"\" alt=\"enter-excel-safe\" width=\"399\" height=\"237\"><\/li><li> Sobald Sie auf OK klicken, wird Excel im abgesicherten Modus ge\u00f6ffnet. <br><img loading=\"lazy\" decoding=\"async\" title=\"8-Excel-im-abgesicherten-Modus-\" src=\"https:\/\/exceladvisor.org\/wp-content\/uploads\/2023\/08\/8-excel-en-mode-sans-echec.png\" sizes=\"auto, \" srcset=\"\" alt=\"excel-in-safe-mode\" width=\"450\" height=\"281\"><\/li><\/ol><h2 class=\"wp-block-heading\"> Erstellen Sie ein bestimmtes Excel-Symbol, um es im abgesicherten Modus zu \u00f6ffnen<\/h2><p> Sie k\u00f6nnen auch ein Symbol angeben, um Excel jederzeit im abgesicherten Modus zu \u00f6ffnen.<\/p><ol><li> Gehen Sie zun\u00e4chst \u00fcber Ihr Startmen\u00fc zur Excel-Anwendung, klicken Sie mit der rechten Maustaste und \u00f6ffnen Sie den Dateispeicherort. <br><img loading=\"lazy\" decoding=\"async\" title=\"9-Dateispeicherort \u00f6ffnen\" src=\"https:\/\/exceladvisor.org\/wp-content\/uploads\/2023\/08\/9-ouvrir-lemplacement-du-fichier.png\" sizes=\"auto, \" srcset=\"\" alt=\"open-file-location\" width=\"304\" height=\"348\"><\/li><li> Nun finden Sie am Dateispeicherort ein Symbol f\u00fcr die Excel-Anwendung. <br><img loading=\"lazy\" decoding=\"async\" title=\"10-Symbole-f\u00fcr-Excel-Anwendung\" src=\"https:\/\/exceladvisor.org\/wp-content\/uploads\/2023\/08\/10-icone-pour-lapplication-excel.png\" sizes=\"auto, \" srcset=\"\" alt=\"icon-for-excel-application\" width=\"386\" height=\"90\"><\/li><li> Kopieren Sie dieses Symbol und f\u00fcgen Sie es auf Ihrem Desktop ein. <br><img loading=\"lazy\" decoding=\"async\" title=\"11-Kopieren-Einf\u00fcgen-Symbol\" src=\"https:\/\/exceladvisor.org\/wp-content\/uploads\/2023\/08\/11-copier-et-coller-licone.png\" sizes=\"auto, \" srcset=\"\" alt=\"copy-and-paste-icon\" width=\"296\" height=\"250\"><\/li><li> Klicken Sie nun mit der rechten Maustaste auf das Symbol und klicken Sie auf Eigenschaften. <br><img loading=\"lazy\" decoding=\"async\" title=\"Immobilien mit 12 Klicks\" src=\"https:\/\/exceladvisor.org\/wp-content\/uploads\/2023\/08\/12-cliquez-sur-les-proprietes.png\" sizes=\"auto, \" srcset=\"\" alt=\"click-on-properties\" width=\"294\" height=\"324\"><\/li><li> Gehen Sie von dort aus in den Eigenschaften zur Registerkarte \u201eVerkn\u00fcpfung\u201c und klicken Sie auf die Eingabeleiste \u201eZiel\u201c. <br><img loading=\"lazy\" decoding=\"async\" title=\"13-Klick-Zieleingabeleiste\" src=\"https:\/\/exceladvisor.org\/wp-content\/uploads\/2023\/08\/Barre-de-saisie-cible-a-13-clics.png\" sizes=\"auto, \" srcset=\"\" alt=\"click-target-input-bar\" width=\"377\" height=\"243\"><\/li><li> Gehen Sie nun, ohne einen Wert zu \u00e4ndern, zum Ende des Werts und geben Sie \u201esicher\u201c ein. <br><img loading=\"lazy\" decoding=\"async\" title=\"14-go-to-end-enter-safe\" src=\"https:\/\/exceladvisor.org\/wp-content\/uploads\/2023\/08\/14-aller-a-la-fin-entrer-en-toute-securite.png\" sizes=\"auto, \" srcset=\"\" alt=\"go-to-end-enter-safe\" width=\"450\" height=\"59\"><\/li><li> Und auf der Registerkarte \u201eAllgemein\u201c k\u00f6nnen Sie auch den Namen Ihrer Referenz \u00e4ndern. <br><img loading=\"lazy\" decoding=\"async\" title=\"15-Allgemein-Tab-zum-\u00c4ndern-des-Namens\" src=\"https:\/\/exceladvisor.org\/wp-content\/uploads\/2023\/08\/15-onglet-general-pour-changer-de-nom.png\" sizes=\"auto, \" srcset=\"\" alt=\"general-tab-to-change-name\" width=\"379\" height=\"209\"><\/li><li> Klicken Sie am Ende auf OK.<\/li><\/ol><p> Auf Ihrem Desktop befindet sich jetzt ein Symbol, mit dem Sie Excel jederzeit im abgesicherten Modus \u00f6ffnen k\u00f6nnen. <\/p><div class=\"wp-block-image\"><figure class=\"aligncenter size-full is-resized\"><img loading=\"lazy\" decoding=\"async\" class=\"wp-image-75228\" src=\"https:\/\/exceladvisor.org\/wp-content\/uploads\/2023\/08\/16-icone-sur-le-bureau.png\" sizes=\"auto, \" srcset=\"\" alt=\"Symbol auf dem Desktop\" width=\"301\" height=\"270\"><\/figure><\/div><div class=\"gb-container gb-container-4db6181c gb-container-mt\"> <a class=\"gb-button gb-button-c5897111 gb-button-text gb-button-mt-button\" href=\"https:\/\/exceladvisor.org\/de\/excel-fortschritt\/\">Erweiterte Excel-Tutorials<\/a><h2 class=\"gb-headline gb-headline-665e5f6b gb-headline-text gb-headline-mt-heading\"> Verwandte Tutorials <\/h2><div class=\"gb-grid-wrapper gb-grid-wrapper-a20baf7c gb-grid-wrapper-mt-grid\"><div class=\"gb-grid-column gb-grid-column-65ddf67e\"><div class=\"gb-container gb-container-65ddf67e\"><ul><li> <a href=\"https:\/\/exceladvisor.org\/de\/kamera-tool\/\">Excel-Kamera-Tool<\/a><\/li><li> <a href=\"https:\/\/exceladvisor.org\/de\/ziel-suchen\/\">Zielfinder in Excel<\/a><\/li><li> <a href=\"https:\/\/exceladvisor.org\/de\/uhrfenster\/\">Beobachtungsfenster in Excel<\/a><\/li><li> <a href=\"https:\/\/exceladvisor.org\/de\/excel-slicer\/\">Excel Slicer (vollst\u00e4ndige Anleitung)<\/a><\/li><li> <a href=\"https:\/\/exceladvisor.org\/de\/excel-standardmassig-auf-dem-mac\/\">Machen Sie Excel auf dem Mac zum Standard<\/a><\/li><\/ul><\/div><\/div><\/div><\/div>","protected":false},"excerpt":{"rendered":"","protected":false},"author":1,"featured_media":0,"parent":0,"menu_order":0,"comment_status":"open","ping_status":"closed","template":"","meta":{"ub_ctt_via":"","footnotes":""},"class_list":["post-3396","page","type-page","status-publish","hentry"],"featured_image_src":null,"yoast_head":"<!-- This site is optimized with the Yoast SEO plugin v25.4 - https:\/\/yoast.com\/wordpress\/plugins\/seo\/ -->\n<title>Wie \u00f6ffne ich Excel im abgesicherten Modus?<\/title>\n<meta name=\"description\" content=\"In diesem Tutorial erfahren Sie Schritt f\u00fcr Schritt, wie Sie Excel im abgesicherten Modus \u00f6ffnen.\" \/>\n<meta name=\"robots\" content=\"index, follow, max-snippet:-1, max-image-preview:large, max-video-preview:-1\" \/>\n<link rel=\"canonical\" href=\"https:\/\/exceladvisor.org\/de\/excel-sicherheitsmodus\/\" \/>\n<meta property=\"og:locale\" content=\"de_DE\" \/>\n<meta property=\"og:type\" content=\"article\" \/>\n<meta property=\"og:title\" content=\"Wie \u00f6ffne ich Excel im abgesicherten Modus?\" \/>\n<meta property=\"og:description\" content=\"In diesem Tutorial erfahren Sie Schritt f\u00fcr Schritt, wie Sie Excel im abgesicherten Modus \u00f6ffnen.\" \/>\n<meta property=\"og:url\" content=\"https:\/\/exceladvisor.org\/de\/excel-sicherheitsmodus\/\" \/>\n<meta property=\"og:site_name\" content=\"Excel Advisor\" \/>\n<meta property=\"article:modified_time\" content=\"2023-12-03T13:04:34+00:00\" \/>\n<meta property=\"og:image\" content=\"https:\/\/exceladvisor.org\/wp-content\/uploads\/2023\/08\/1-ouvrir-le-mode-sans-echec-excel.png\" \/>\n<meta name=\"twitter:card\" content=\"summary_large_image\" \/>\n<meta name=\"twitter:label1\" content=\"Gesch\u00e4tzte Lesezeit\" \/>\n\t<meta name=\"twitter:data1\" content=\"2\u00a0Minuten\" \/>\n<script type=\"application\/ld+json\" class=\"yoast-schema-graph\">{\"@context\":\"https:\/\/schema.org\",\"@graph\":[{\"@type\":\"WebPage\",\"@id\":\"https:\/\/exceladvisor.org\/de\/excel-sicherheitsmodus\/\",\"url\":\"https:\/\/exceladvisor.org\/de\/excel-sicherheitsmodus\/\",\"name\":\"Wie \u00f6ffne ich Excel im abgesicherten Modus?\",\"isPartOf\":{\"@id\":\"https:\/\/exceladvisor.org\/de\/#website\"},\"primaryImageOfPage\":{\"@id\":\"https:\/\/exceladvisor.org\/de\/excel-sicherheitsmodus\/#primaryimage\"},\"image\":{\"@id\":\"https:\/\/exceladvisor.org\/de\/excel-sicherheitsmodus\/#primaryimage\"},\"thumbnailUrl\":\"https:\/\/exceladvisor.org\/wp-content\/uploads\/2023\/08\/1-ouvrir-le-mode-sans-echec-excel.png\",\"datePublished\":\"2023-10-29T06:25:17+00:00\",\"dateModified\":\"2023-12-03T13:04:34+00:00\",\"description\":\"In diesem Tutorial erfahren Sie Schritt f\u00fcr Schritt, wie Sie Excel im abgesicherten Modus \u00f6ffnen.\",\"breadcrumb\":{\"@id\":\"https:\/\/exceladvisor.org\/de\/excel-sicherheitsmodus\/#breadcrumb\"},\"inLanguage\":\"de\",\"potentialAction\":[{\"@type\":\"ReadAction\",\"target\":[\"https:\/\/exceladvisor.org\/de\/excel-sicherheitsmodus\/\"]}]},{\"@type\":\"ImageObject\",\"inLanguage\":\"de\",\"@id\":\"https:\/\/exceladvisor.org\/de\/excel-sicherheitsmodus\/#primaryimage\",\"url\":\"https:\/\/exceladvisor.org\/wp-content\/uploads\/2023\/08\/1-ouvrir-le-mode-sans-echec-excel.png\",\"contentUrl\":\"https:\/\/exceladvisor.org\/wp-content\/uploads\/2023\/08\/1-ouvrir-le-mode-sans-echec-excel.png\"},{\"@type\":\"BreadcrumbList\",\"@id\":\"https:\/\/exceladvisor.org\/de\/excel-sicherheitsmodus\/#breadcrumb\",\"itemListElement\":[{\"@type\":\"ListItem\",\"position\":1,\"name\":\"Accueil\",\"item\":\"https:\/\/exceladvisor.org\/de\/\"},{\"@type\":\"ListItem\",\"position\":2,\"name\":\"Wie \u00f6ffne ich excel im abgesicherten modus?\"}]},{\"@type\":\"WebSite\",\"@id\":\"https:\/\/exceladvisor.org\/de\/#website\",\"url\":\"https:\/\/exceladvisor.org\/de\/\",\"name\":\"Excel Advisor\",\"description\":\"Ihr Leitfaden zur Datendominanz\",\"publisher\":{\"@id\":\"https:\/\/exceladvisor.org\/de\/#organization\"},\"potentialAction\":[{\"@type\":\"SearchAction\",\"target\":{\"@type\":\"EntryPoint\",\"urlTemplate\":\"https:\/\/exceladvisor.org\/de\/?s={search_term_string}\"},\"query-input\":{\"@type\":\"PropertyValueSpecification\",\"valueRequired\":true,\"valueName\":\"search_term_string\"}}],\"inLanguage\":\"de\"},{\"@type\":\"Organization\",\"@id\":\"https:\/\/exceladvisor.org\/de\/#organization\",\"name\":\"Excel Advisor\",\"url\":\"https:\/\/exceladvisor.org\/de\/\",\"logo\":{\"@type\":\"ImageObject\",\"inLanguage\":\"de\",\"@id\":\"https:\/\/exceladvisor.org\/de\/#\/schema\/logo\/image\/\",\"url\":\"https:\/\/exceladvisor.org\/de\/wp-content\/uploads\/2023\/11\/exceladvisor.org_.png\",\"contentUrl\":\"https:\/\/exceladvisor.org\/de\/wp-content\/uploads\/2023\/11\/exceladvisor.org_.png\",\"width\":105,\"height\":36,\"caption\":\"Excel Advisor\"},\"image\":{\"@id\":\"https:\/\/exceladvisor.org\/de\/#\/schema\/logo\/image\/\"}}]}<\/script>\n<!-- \/ Yoast SEO plugin. -->","yoast_head_json":{"title":"Wie \u00f6ffne ich Excel im abgesicherten Modus?","description":"In diesem Tutorial erfahren Sie Schritt f\u00fcr Schritt, wie Sie Excel im abgesicherten Modus \u00f6ffnen.","robots":{"index":"index","follow":"follow","max-snippet":"max-snippet:-1","max-image-preview":"max-image-preview:large","max-video-preview":"max-video-preview:-1"},"canonical":"https:\/\/exceladvisor.org\/de\/excel-sicherheitsmodus\/","og_locale":"de_DE","og_type":"article","og_title":"Wie \u00f6ffne ich Excel im abgesicherten Modus?","og_description":"In diesem Tutorial erfahren Sie Schritt f\u00fcr Schritt, wie Sie Excel im abgesicherten Modus \u00f6ffnen.","og_url":"https:\/\/exceladvisor.org\/de\/excel-sicherheitsmodus\/","og_site_name":"Excel Advisor","article_modified_time":"2023-12-03T13:04:34+00:00","og_image":[{"url":"https:\/\/exceladvisor.org\/wp-content\/uploads\/2023\/08\/1-ouvrir-le-mode-sans-echec-excel.png","type":"","width":"","height":""}],"twitter_card":"summary_large_image","twitter_misc":{"Gesch\u00e4tzte Lesezeit":"2\u00a0Minuten"},"schema":{"@context":"https:\/\/schema.org","@graph":[{"@type":"WebPage","@id":"https:\/\/exceladvisor.org\/de\/excel-sicherheitsmodus\/","url":"https:\/\/exceladvisor.org\/de\/excel-sicherheitsmodus\/","name":"Wie \u00f6ffne ich Excel im abgesicherten Modus?","isPartOf":{"@id":"https:\/\/exceladvisor.org\/de\/#website"},"primaryImageOfPage":{"@id":"https:\/\/exceladvisor.org\/de\/excel-sicherheitsmodus\/#primaryimage"},"image":{"@id":"https:\/\/exceladvisor.org\/de\/excel-sicherheitsmodus\/#primaryimage"},"thumbnailUrl":"https:\/\/exceladvisor.org\/wp-content\/uploads\/2023\/08\/1-ouvrir-le-mode-sans-echec-excel.png","datePublished":"2023-10-29T06:25:17+00:00","dateModified":"2023-12-03T13:04:34+00:00","description":"In diesem Tutorial erfahren Sie Schritt f\u00fcr Schritt, wie Sie Excel im abgesicherten Modus \u00f6ffnen.","breadcrumb":{"@id":"https:\/\/exceladvisor.org\/de\/excel-sicherheitsmodus\/#breadcrumb"},"inLanguage":"de","potentialAction":[{"@type":"ReadAction","target":["https:\/\/exceladvisor.org\/de\/excel-sicherheitsmodus\/"]}]},{"@type":"ImageObject","inLanguage":"de","@id":"https:\/\/exceladvisor.org\/de\/excel-sicherheitsmodus\/#primaryimage","url":"https:\/\/exceladvisor.org\/wp-content\/uploads\/2023\/08\/1-ouvrir-le-mode-sans-echec-excel.png","contentUrl":"https:\/\/exceladvisor.org\/wp-content\/uploads\/2023\/08\/1-ouvrir-le-mode-sans-echec-excel.png"},{"@type":"BreadcrumbList","@id":"https:\/\/exceladvisor.org\/de\/excel-sicherheitsmodus\/#breadcrumb","itemListElement":[{"@type":"ListItem","position":1,"name":"Accueil","item":"https:\/\/exceladvisor.org\/de\/"},{"@type":"ListItem","position":2,"name":"Wie \u00f6ffne ich excel im abgesicherten modus?"}]},{"@type":"WebSite","@id":"https:\/\/exceladvisor.org\/de\/#website","url":"https:\/\/exceladvisor.org\/de\/","name":"Excel Advisor","description":"Ihr Leitfaden zur Datendominanz","publisher":{"@id":"https:\/\/exceladvisor.org\/de\/#organization"},"potentialAction":[{"@type":"SearchAction","target":{"@type":"EntryPoint","urlTemplate":"https:\/\/exceladvisor.org\/de\/?s={search_term_string}"},"query-input":{"@type":"PropertyValueSpecification","valueRequired":true,"valueName":"search_term_string"}}],"inLanguage":"de"},{"@type":"Organization","@id":"https:\/\/exceladvisor.org\/de\/#organization","name":"Excel Advisor","url":"https:\/\/exceladvisor.org\/de\/","logo":{"@type":"ImageObject","inLanguage":"de","@id":"https:\/\/exceladvisor.org\/de\/#\/schema\/logo\/image\/","url":"https:\/\/exceladvisor.org\/de\/wp-content\/uploads\/2023\/11\/exceladvisor.org_.png","contentUrl":"https:\/\/exceladvisor.org\/de\/wp-content\/uploads\/2023\/11\/exceladvisor.org_.png","width":105,"height":36,"caption":"Excel Advisor"},"image":{"@id":"https:\/\/exceladvisor.org\/de\/#\/schema\/logo\/image\/"}}]}},"yoast_meta":{"yoast_wpseo_title":"","yoast_wpseo_metadesc":"","yoast_wpseo_canonical":""},"_links":{"self":[{"href":"https:\/\/exceladvisor.org\/de\/wp-json\/wp\/v2\/pages\/3396","targetHints":{"allow":["GET"]}}],"collection":[{"href":"https:\/\/exceladvisor.org\/de\/wp-json\/wp\/v2\/pages"}],"about":[{"href":"https:\/\/exceladvisor.org\/de\/wp-json\/wp\/v2\/types\/page"}],"author":[{"embeddable":true,"href":"https:\/\/exceladvisor.org\/de\/wp-json\/wp\/v2\/users\/1"}],"replies":[{"embeddable":true,"href":"https:\/\/exceladvisor.org\/de\/wp-json\/wp\/v2\/comments?post=3396"}],"version-history":[{"count":1,"href":"https:\/\/exceladvisor.org\/de\/wp-json\/wp\/v2\/pages\/3396\/revisions"}],"predecessor-version":[{"id":4165,"href":"https:\/\/exceladvisor.org\/de\/wp-json\/wp\/v2\/pages\/3396\/revisions\/4165"}],"wp:attachment":[{"href":"https:\/\/exceladvisor.org\/de\/wp-json\/wp\/v2\/media?parent=3396"}],"curies":[{"name":"wp","href":"https:\/\/api.w.org\/{rel}","templated":true}]}}