{"id":3397,"date":"2023-10-29T06:14:20","date_gmt":"2023-10-29T06:14:20","guid":{"rendered":"https:\/\/exceladvisor.org\/de\/standardschriftart\/"},"modified":"2023-12-03T11:13:11","modified_gmt":"2023-12-03T11:13:11","slug":"standardschriftart","status":"publish","type":"page","link":"https:\/\/exceladvisor.org\/de\/standardschriftart\/","title":{"rendered":"Was ist die standardschriftart in excel?"},"content":{"rendered":"<div class=\"excel-vor-dem-inhalt\" id=\"excel-1434677311\"><script type=\"text\/javascript\">\r\n\tatOptions = {\r\n\t\t'key' : 'c1158f160081d6540a8409e6925dab94',\r\n\t\t'format' : 'iframe',\r\n\t\t'height' : 250,\r\n\t\t'width' : 300,\r\n\t\t'params' : {}\r\n\t};\r\n<\/script>\r\n<script type=\"text\/javascript\" src=\"\/\/www.highperformanceformat.com\/c1158f160081d6540a8409e6925dab94\/invoke.js\"><\/script><\/div> <p>Calibri ist der Standardschriftstil in Excel mit einer Schriftgr\u00f6\u00dfe von 11 und einer schwarzen Schriftfarbe. Und wenn Sie einen Mac verwenden, ist es auch Calibri mit einer Schriftgr\u00f6\u00dfe von 11.<\/p><p> In Excel gibt es jedoch die M\u00f6glichkeit, den Standardschriftstil bei Bedarf zu \u00e4ndern. Sie k\u00f6nnen sie f\u00fcr die aktuelle Arbeitsmappe oder die Standardschriftart f\u00fcr die gesamte Anwendung \u00e4ndern. <\/p><div class=\"wp-block-image\"><figure class=\"aligncenter size-full is-resized\"><img loading=\"lazy\" decoding=\"async\" class=\"wp-image-74874\" src=\"https:\/\/exceladvisor.org\/wp-content\/uploads\/2023\/08\/1-couleur-de-style-de-taille-de-police-par-defaut.png\" sizes=\"auto, \" srcset=\"\" alt=\"Standardfarbe f\u00fcr die Schriftgr\u00f6\u00dfe\" width=\"494\" height=\"192\"><\/figure><\/div><p> In diesem Tutorial erfahren Sie, wie Sie die Standardschriftart \u00e4ndern.<\/p><h2 class=\"wp-block-heading\"> \u00c4ndern Sie die Standardschriftart in den Excel-Optionen<\/h2><ol><li> Klicken Sie zun\u00e4chst auf die Registerkarte \u201eDatei\u201c. <br><img loading=\"lazy\" decoding=\"async\" title=\"Tab 2-Gehe zu Datei\" src=\"https:\/\/exceladvisor.org\/wp-content\/uploads\/2023\/08\/2-aller-a-longlet-fichier.png\" sizes=\"auto, \" srcset=\"\" alt=\"go-to-file-tab\" width=\"387\" height=\"263\"><\/li><li> Klicken Sie anschlie\u00dfend auf \u201eExcel-Optionen\u201c. <br><img loading=\"lazy\" decoding=\"async\" title=\"Excel-Optionen mit 3 Klicks\" src=\"https:\/\/exceladvisor.org\/wp-content\/uploads\/2023\/08\/Options-Excel-en-3-clics.png\" sizes=\"auto, \" srcset=\"\" alt=\"click-excel-options\" width=\"333\" height=\"235\"><\/li><li> Gehen Sie nun in den Optionen \u201eAllgemein\u201c zu \u201eBeim Erstellen neuer Arbeitsmappen\u201c. <br><img loading=\"lazy\" decoding=\"async\" title=\"4 Schritte zum Erstellen neuer Ordner\" src=\"https:\/\/exceladvisor.org\/wp-content\/uploads\/2023\/08\/4-aller-a-lors-de-la-creation-de-nouveaux-classeurs.png\" sizes=\"auto, \" srcset=\"\" alt=\"go-to-when-creating-new-workbooks\" width=\"521\" height=\"484\"><\/li><li> W\u00e4hlen Sie dort die Schriftart unter \u201eAls Standardschriftart verwenden\u201c aus. <br><img loading=\"lazy\" decoding=\"async\" title=\"5-Schriftart ausw\u00e4hlen\" src=\"https:\/\/exceladvisor.org\/wp-content\/uploads\/2023\/08\/5-selectionnez-la-police.png\" sizes=\"auto, \" srcset=\"\" alt=\"select-the-font\" width=\"484\" height=\"162\"><\/li><li> Als n\u00e4chstes \u00e4ndern Sie die Gr\u00f6\u00dfe der \u201eSchriftgr\u00f6\u00dfe\u201c. <br><img loading=\"lazy\" decoding=\"async\" title=\"6-Schriftgr\u00f6\u00dfe \u00e4ndern\" src=\"https:\/\/exceladvisor.org\/wp-content\/uploads\/2023\/08\/6-changer-la-taille-de-la-police.png\" sizes=\"auto, \" srcset=\"\" alt=\"change-size-of-font\" width=\"483\" height=\"165\"><\/li><li> Klicken Sie abschlie\u00dfend auf \u201eOK\u201c, um die Einstellungen zu speichern. Excel fordert Sie dann auf, Ihre Excel-Anwendung zu schlie\u00dfen und neu zu starten. <br><img loading=\"lazy\" decoding=\"async\" title=\"7-Speichereinstellungen\" src=\"https:\/\/exceladvisor.org\/wp-content\/uploads\/2023\/08\/7-enregistrer-les-parametres-2.png\" sizes=\"auto, \" srcset=\"\" alt=\"save-the-settings\" width=\"449\" height=\"163\"><\/li><\/ol><p> Und sobald Sie die Excel-Anwendung neu starten, erhalten Sie bei jeder neuen Arbeitsmappe, die Sie erstellen, die neue Standardschriftart. <\/p><div class=\"wp-block-image\"><figure class=\"aligncenter size-full is-resized\"><img loading=\"lazy\" decoding=\"async\" class=\"wp-image-74881\" src=\"https:\/\/exceladvisor.org\/wp-content\/uploads\/2023\/08\/8-nouvelles-polices-par-defaut.png\" sizes=\"auto, \" srcset=\"\" alt=\"neue Standardschriftart\" width=\"478\" height=\"296\"><\/figure><\/div><p> Durch diese \u00c4nderung der Einstellungen werden keine \u00c4nderungen an der vorhandenen, bereits gespeicherten Datei vorgenommen.<\/p><h2 class=\"wp-block-heading\"> Verwenden Sie Schriftarten f\u00fcr mehrere Standardschriftarten<\/h2><p> Wenn Sie mehrere Standardschriftarten haben m\u00f6chten, k\u00f6nnen Sie ein Schriftartenthema erstellen, mit dem Sie die Standardschriftart jederzeit \u00e4ndern k\u00f6nnen.<\/p><ol><li> Gehen Sie zun\u00e4chst zu Layout \u21e2 Design \u21e2 Schriftarten. <br><img loading=\"lazy\" decoding=\"async\" title=\"9 Registerkarte \u201eRound-Trip-Layout\u201c.\" src=\"https:\/\/exceladvisor.org\/wp-content\/uploads\/2023\/08\/9-aller-a-longlet-mise-en-page.png\" sizes=\"auto, \" srcset=\"\" alt=\"go-to-page-layout-tab\" width=\"529\" height=\"136\"><\/li><li> Klicken Sie nun auf das Dropdown-Men\u00fc \u201eSchriftarten\u201c und dann auf \u201eSchriftarten anpassen\u201c. <br><img loading=\"lazy\" decoding=\"async\" title=\"Passen Sie Schriftarten mit 10 Klicks an\" src=\"https:\/\/exceladvisor.org\/wp-content\/uploads\/2023\/08\/Personnalisez-les-polices-en-10-clics.png\" sizes=\"auto, \" srcset=\"\" alt=\"click-customize-fonts\" width=\"373\" height=\"293\"><\/li><li> Geben Sie unter \u201eNeue Designschriftarten erstellen\u201c die Textk\u00f6rperschriftart an, die Sie verwenden m\u00f6chten. <br><img loading=\"lazy\" decoding=\"async\" title=\"11-Neue-Theme-Schriftarten erstellen\" src=\"https:\/\/exceladvisor.org\/wp-content\/uploads\/2023\/08\/11-creer-de-nouvelles-polices-de-theme.png\" sizes=\"auto, \" srcset=\"\" alt=\"create-new-theme-fonts\" width=\"446\" height=\"172\"><\/li><li> Geben Sie am Ende einen Namen f\u00fcr das Thema ein und klicken Sie auf die Schaltfl\u00e4che \u201eSpeichern\u201c, um das Schriftartenthema zu speichern.<\/li><\/ol><p> Sie k\u00f6nnen mit nur einem Klick mehrere Designs erstellen und die Standardschriftart \u00e4ndern. <\/p><div class=\"wp-block-image\"><figure class=\"aligncenter size-full is-resized\"><img loading=\"lazy\" decoding=\"async\" class=\"wp-image-74885\" src=\"https:\/\/exceladvisor.org\/wp-content\/uploads\/2023\/08\/12-creer-plusieurs-themes.png\" sizes=\"auto, \" srcset=\"\" alt=\"Erstellen Sie mehrere Themen\" width=\"394\" height=\"365\"><\/figure><\/div><h2 class=\"wp-block-heading\"> Erstellen Sie eine Vorlage mit der Standardschriftart<\/h2><p> Wenn Sie beim Erstellen bestimmter Arbeitsmappen die Standardschriftart \u00e4ndern m\u00fcssen, k\u00f6nnen Sie die Schriftart \u00e4ndern und als Vorlage speichern. Und wann immer Sie diese spezielle Schriftart als Standard ben\u00f6tigen, k\u00f6nnen Sie mit dieser Vorlage eine neue Arbeitsmappe erstellen.<\/p><ol><li> \u00c4ndern Sie zun\u00e4chst die Standardschriftart mithilfe der oben beschriebenen Schritte.<\/li><li> Gehen Sie als N\u00e4chstes zur Registerkarte \u201eDatei\u201c und verwenden Sie die Option \u201eSpeichern unter\u201c. <br><img loading=\"lazy\" decoding=\"async\" title=\"13 Registerkarten gehen in die Datei\" src=\"https:\/\/exceladvisor.org\/wp-content\/uploads\/2023\/08\/13-aller-a-longlet-fichier.png\" sizes=\"auto, \" srcset=\"\" alt=\"go-to-file-tab\" width=\"360\" height=\"243\"><\/li><li> W\u00e4hlen Sie anschlie\u00dfend unter \u201eSpeichern als Typ\u201c die Option \u201eVorlage\u201c aus. <br><img loading=\"lazy\" decoding=\"async\" title=\"14-Dateityp-Vorlage ausw\u00e4hlen\" src=\"https:\/\/exceladvisor.org\/wp-content\/uploads\/2023\/08\/14-selectionnez-enregistrer-en-tant-que-modele-de-type.png\" sizes=\"auto, \" srcset=\"\" alt=\"select-save-as-type-template\" width=\"314\" height=\"191\"><\/li><li> Wenn Sie nun \u201eExcel-Vorlage\u201c ausw\u00e4hlen, gelangen Sie zu einem Ort, an dem Sie benutzerdefinierte Office-Vorlagen speichern k\u00f6nnen. <br><img loading=\"lazy\" decoding=\"async\" title=\"15 W\u00e4hlen Sie Excel-Vorlage\" src=\"https:\/\/exceladvisor.org\/wp-content\/uploads\/2023\/08\/15-selectionner-un-modele-Excel.png\" sizes=\"auto, \" srcset=\"\" alt=\"select-excel-template\" width=\"720\" height=\"67\"><\/li><li> Geben Sie am Ende der Vorlage einen Namen und klicken Sie auf die Schaltfl\u00e4che Speichern. <br><img loading=\"lazy\" decoding=\"async\" title=\"16-Geben-Sie-der-Vorlage-einen-Namen\" src=\"https:\/\/exceladvisor.org\/wp-content\/uploads\/2023\/08\/16-donner-un-nom-au-modele.png\" sizes=\"auto, \" srcset=\"\" alt=\"give-name-to-template\" width=\"575\" height=\"271\"><\/li><\/ol><p> Wann immer Sie es jetzt ben\u00f6tigen, \u00f6ffnen Sie es einfach und speichern Sie es erneut als neue Datei. Sie m\u00fcssen den Schriftstil und die Schriftgr\u00f6\u00dfe \u00fcberhaupt nicht \u00e4ndern.<\/p><div class=\"gb-container gb-container-4db6181c gb-container-mt\"> <a class=\"gb-button gb-button-c5897111 gb-button-text gb-button-mt-button\" href=\"https:\/\/exceladvisor.org\/de\/excel-fortschritt\/\">Erweiterte Excel-Tutorials<\/a><h2 class=\"gb-headline gb-headline-665e5f6b gb-headline-text gb-headline-mt-heading\"> Verwandte Tutorials <\/h2><div class=\"gb-grid-wrapper gb-grid-wrapper-a20baf7c gb-grid-wrapper-mt-grid\"><div class=\"gb-grid-column gb-grid-column-50067b57\"><div class=\"gb-container gb-container-50067b57\"><ul><li> <a href=\"https:\/\/exceladvisor.org\/de\/zellen-grosser-machen\/\">Zellen in Excel vergr\u00f6\u00dfern<\/a><\/li><li> <a href=\"https:\/\/exceladvisor.org\/de\/bindestriche-entfernen\/\">Entfernen Sie Bindestriche in Excel<\/a><\/li><li> <a href=\"https:\/\/exceladvisor.org\/de\/zusammengefuhrte-zellen-finden\/\">Finden Sie verbundene Zellen in Excel<\/a><\/li><li> <a href=\"https:\/\/exceladvisor.org\/de\/zellen-sperren-1\/\">Zellen in Excel sperren<\/a><\/li><li> <a href=\"https:\/\/exceladvisor.org\/de\/namensbereich-finden\/\">Suchen Sie in Excel nach einer Reihe von Namen<\/a><\/li><\/ul><\/div><\/div><\/div><\/div>","protected":false},"excerpt":{"rendered":"","protected":false},"author":1,"featured_media":0,"parent":0,"menu_order":0,"comment_status":"open","ping_status":"closed","template":"","meta":{"ub_ctt_via":"","footnotes":""},"class_list":["post-3397","page","type-page","status-publish","hentry"],"featured_image_src":null,"yoast_head":"<!-- This site is optimized with the Yoast SEO plugin v25.4 - https:\/\/yoast.com\/wordpress\/plugins\/seo\/ -->\n<title>\u25b7 Wie \u00e4ndere ich die Standardschriftart in Excel?<\/title>\n<meta name=\"description\" content=\"In diesem Tutorial erfahren Sie, wie Sie die Standardschriftart in Excel (Stil, Gr\u00f6\u00dfe und Farbe) \u00e4ndern.\" \/>\n<meta name=\"robots\" content=\"index, follow, max-snippet:-1, max-image-preview:large, max-video-preview:-1\" \/>\n<link rel=\"canonical\" href=\"https:\/\/exceladvisor.org\/de\/standardschriftart\/\" \/>\n<meta property=\"og:locale\" content=\"de_DE\" \/>\n<meta property=\"og:type\" content=\"article\" \/>\n<meta property=\"og:title\" content=\"\u25b7 Wie \u00e4ndere ich die Standardschriftart in Excel?\" \/>\n<meta property=\"og:description\" content=\"In diesem Tutorial erfahren Sie, wie Sie die Standardschriftart in Excel (Stil, Gr\u00f6\u00dfe und Farbe) \u00e4ndern.\" \/>\n<meta property=\"og:url\" content=\"https:\/\/exceladvisor.org\/de\/standardschriftart\/\" \/>\n<meta property=\"og:site_name\" content=\"Excel Advisor\" \/>\n<meta property=\"article:modified_time\" content=\"2023-12-03T11:13:11+00:00\" \/>\n<meta property=\"og:image\" content=\"https:\/\/exceladvisor.org\/wp-content\/uploads\/2023\/08\/1-couleur-de-style-de-taille-de-police-par-defaut.png\" \/>\n<meta name=\"twitter:card\" content=\"summary_large_image\" \/>\n<meta name=\"twitter:label1\" content=\"Gesch\u00e4tzte Lesezeit\" \/>\n\t<meta name=\"twitter:data1\" content=\"2\u00a0Minuten\" \/>\n<script type=\"application\/ld+json\" class=\"yoast-schema-graph\">{\"@context\":\"https:\/\/schema.org\",\"@graph\":[{\"@type\":\"WebPage\",\"@id\":\"https:\/\/exceladvisor.org\/de\/standardschriftart\/\",\"url\":\"https:\/\/exceladvisor.org\/de\/standardschriftart\/\",\"name\":\"\u25b7 Wie \u00e4ndere ich die Standardschriftart in Excel?\",\"isPartOf\":{\"@id\":\"https:\/\/exceladvisor.org\/de\/#website\"},\"primaryImageOfPage\":{\"@id\":\"https:\/\/exceladvisor.org\/de\/standardschriftart\/#primaryimage\"},\"image\":{\"@id\":\"https:\/\/exceladvisor.org\/de\/standardschriftart\/#primaryimage\"},\"thumbnailUrl\":\"https:\/\/exceladvisor.org\/wp-content\/uploads\/2023\/08\/1-couleur-de-style-de-taille-de-police-par-defaut.png\",\"datePublished\":\"2023-10-29T06:14:20+00:00\",\"dateModified\":\"2023-12-03T11:13:11+00:00\",\"description\":\"In diesem Tutorial erfahren Sie, wie Sie die Standardschriftart in Excel (Stil, Gr\u00f6\u00dfe und Farbe) \u00e4ndern.\",\"breadcrumb\":{\"@id\":\"https:\/\/exceladvisor.org\/de\/standardschriftart\/#breadcrumb\"},\"inLanguage\":\"de\",\"potentialAction\":[{\"@type\":\"ReadAction\",\"target\":[\"https:\/\/exceladvisor.org\/de\/standardschriftart\/\"]}]},{\"@type\":\"ImageObject\",\"inLanguage\":\"de\",\"@id\":\"https:\/\/exceladvisor.org\/de\/standardschriftart\/#primaryimage\",\"url\":\"https:\/\/exceladvisor.org\/wp-content\/uploads\/2023\/08\/1-couleur-de-style-de-taille-de-police-par-defaut.png\",\"contentUrl\":\"https:\/\/exceladvisor.org\/wp-content\/uploads\/2023\/08\/1-couleur-de-style-de-taille-de-police-par-defaut.png\"},{\"@type\":\"BreadcrumbList\",\"@id\":\"https:\/\/exceladvisor.org\/de\/standardschriftart\/#breadcrumb\",\"itemListElement\":[{\"@type\":\"ListItem\",\"position\":1,\"name\":\"Accueil\",\"item\":\"https:\/\/exceladvisor.org\/de\/\"},{\"@type\":\"ListItem\",\"position\":2,\"name\":\"Was ist die standardschriftart in excel?\"}]},{\"@type\":\"WebSite\",\"@id\":\"https:\/\/exceladvisor.org\/de\/#website\",\"url\":\"https:\/\/exceladvisor.org\/de\/\",\"name\":\"Excel Advisor\",\"description\":\"Ihr Leitfaden zur Datendominanz\",\"publisher\":{\"@id\":\"https:\/\/exceladvisor.org\/de\/#organization\"},\"potentialAction\":[{\"@type\":\"SearchAction\",\"target\":{\"@type\":\"EntryPoint\",\"urlTemplate\":\"https:\/\/exceladvisor.org\/de\/?s={search_term_string}\"},\"query-input\":{\"@type\":\"PropertyValueSpecification\",\"valueRequired\":true,\"valueName\":\"search_term_string\"}}],\"inLanguage\":\"de\"},{\"@type\":\"Organization\",\"@id\":\"https:\/\/exceladvisor.org\/de\/#organization\",\"name\":\"Excel Advisor\",\"url\":\"https:\/\/exceladvisor.org\/de\/\",\"logo\":{\"@type\":\"ImageObject\",\"inLanguage\":\"de\",\"@id\":\"https:\/\/exceladvisor.org\/de\/#\/schema\/logo\/image\/\",\"url\":\"https:\/\/exceladvisor.org\/de\/wp-content\/uploads\/2023\/11\/exceladvisor.org_.png\",\"contentUrl\":\"https:\/\/exceladvisor.org\/de\/wp-content\/uploads\/2023\/11\/exceladvisor.org_.png\",\"width\":105,\"height\":36,\"caption\":\"Excel Advisor\"},\"image\":{\"@id\":\"https:\/\/exceladvisor.org\/de\/#\/schema\/logo\/image\/\"}}]}<\/script>\n<!-- \/ Yoast SEO plugin. -->","yoast_head_json":{"title":"\u25b7 Wie \u00e4ndere ich die Standardschriftart in Excel?","description":"In diesem Tutorial erfahren Sie, wie Sie die Standardschriftart in Excel (Stil, Gr\u00f6\u00dfe und Farbe) \u00e4ndern.","robots":{"index":"index","follow":"follow","max-snippet":"max-snippet:-1","max-image-preview":"max-image-preview:large","max-video-preview":"max-video-preview:-1"},"canonical":"https:\/\/exceladvisor.org\/de\/standardschriftart\/","og_locale":"de_DE","og_type":"article","og_title":"\u25b7 Wie \u00e4ndere ich die Standardschriftart in Excel?","og_description":"In diesem Tutorial erfahren Sie, wie Sie die Standardschriftart in Excel (Stil, Gr\u00f6\u00dfe und Farbe) \u00e4ndern.","og_url":"https:\/\/exceladvisor.org\/de\/standardschriftart\/","og_site_name":"Excel Advisor","article_modified_time":"2023-12-03T11:13:11+00:00","og_image":[{"url":"https:\/\/exceladvisor.org\/wp-content\/uploads\/2023\/08\/1-couleur-de-style-de-taille-de-police-par-defaut.png","type":"","width":"","height":""}],"twitter_card":"summary_large_image","twitter_misc":{"Gesch\u00e4tzte Lesezeit":"2\u00a0Minuten"},"schema":{"@context":"https:\/\/schema.org","@graph":[{"@type":"WebPage","@id":"https:\/\/exceladvisor.org\/de\/standardschriftart\/","url":"https:\/\/exceladvisor.org\/de\/standardschriftart\/","name":"\u25b7 Wie \u00e4ndere ich die Standardschriftart in Excel?","isPartOf":{"@id":"https:\/\/exceladvisor.org\/de\/#website"},"primaryImageOfPage":{"@id":"https:\/\/exceladvisor.org\/de\/standardschriftart\/#primaryimage"},"image":{"@id":"https:\/\/exceladvisor.org\/de\/standardschriftart\/#primaryimage"},"thumbnailUrl":"https:\/\/exceladvisor.org\/wp-content\/uploads\/2023\/08\/1-couleur-de-style-de-taille-de-police-par-defaut.png","datePublished":"2023-10-29T06:14:20+00:00","dateModified":"2023-12-03T11:13:11+00:00","description":"In diesem Tutorial erfahren Sie, wie Sie die Standardschriftart in Excel (Stil, Gr\u00f6\u00dfe und Farbe) \u00e4ndern.","breadcrumb":{"@id":"https:\/\/exceladvisor.org\/de\/standardschriftart\/#breadcrumb"},"inLanguage":"de","potentialAction":[{"@type":"ReadAction","target":["https:\/\/exceladvisor.org\/de\/standardschriftart\/"]}]},{"@type":"ImageObject","inLanguage":"de","@id":"https:\/\/exceladvisor.org\/de\/standardschriftart\/#primaryimage","url":"https:\/\/exceladvisor.org\/wp-content\/uploads\/2023\/08\/1-couleur-de-style-de-taille-de-police-par-defaut.png","contentUrl":"https:\/\/exceladvisor.org\/wp-content\/uploads\/2023\/08\/1-couleur-de-style-de-taille-de-police-par-defaut.png"},{"@type":"BreadcrumbList","@id":"https:\/\/exceladvisor.org\/de\/standardschriftart\/#breadcrumb","itemListElement":[{"@type":"ListItem","position":1,"name":"Accueil","item":"https:\/\/exceladvisor.org\/de\/"},{"@type":"ListItem","position":2,"name":"Was ist die standardschriftart in excel?"}]},{"@type":"WebSite","@id":"https:\/\/exceladvisor.org\/de\/#website","url":"https:\/\/exceladvisor.org\/de\/","name":"Excel Advisor","description":"Ihr Leitfaden zur Datendominanz","publisher":{"@id":"https:\/\/exceladvisor.org\/de\/#organization"},"potentialAction":[{"@type":"SearchAction","target":{"@type":"EntryPoint","urlTemplate":"https:\/\/exceladvisor.org\/de\/?s={search_term_string}"},"query-input":{"@type":"PropertyValueSpecification","valueRequired":true,"valueName":"search_term_string"}}],"inLanguage":"de"},{"@type":"Organization","@id":"https:\/\/exceladvisor.org\/de\/#organization","name":"Excel Advisor","url":"https:\/\/exceladvisor.org\/de\/","logo":{"@type":"ImageObject","inLanguage":"de","@id":"https:\/\/exceladvisor.org\/de\/#\/schema\/logo\/image\/","url":"https:\/\/exceladvisor.org\/de\/wp-content\/uploads\/2023\/11\/exceladvisor.org_.png","contentUrl":"https:\/\/exceladvisor.org\/de\/wp-content\/uploads\/2023\/11\/exceladvisor.org_.png","width":105,"height":36,"caption":"Excel Advisor"},"image":{"@id":"https:\/\/exceladvisor.org\/de\/#\/schema\/logo\/image\/"}}]}},"yoast_meta":{"yoast_wpseo_title":"","yoast_wpseo_metadesc":"","yoast_wpseo_canonical":""},"_links":{"self":[{"href":"https:\/\/exceladvisor.org\/de\/wp-json\/wp\/v2\/pages\/3397","targetHints":{"allow":["GET"]}}],"collection":[{"href":"https:\/\/exceladvisor.org\/de\/wp-json\/wp\/v2\/pages"}],"about":[{"href":"https:\/\/exceladvisor.org\/de\/wp-json\/wp\/v2\/types\/page"}],"author":[{"embeddable":true,"href":"https:\/\/exceladvisor.org\/de\/wp-json\/wp\/v2\/users\/1"}],"replies":[{"embeddable":true,"href":"https:\/\/exceladvisor.org\/de\/wp-json\/wp\/v2\/comments?post=3397"}],"version-history":[{"count":1,"href":"https:\/\/exceladvisor.org\/de\/wp-json\/wp\/v2\/pages\/3397\/revisions"}],"predecessor-version":[{"id":3815,"href":"https:\/\/exceladvisor.org\/de\/wp-json\/wp\/v2\/pages\/3397\/revisions\/3815"}],"wp:attachment":[{"href":"https:\/\/exceladvisor.org\/de\/wp-json\/wp\/v2\/media?parent=3397"}],"curies":[{"name":"wp","href":"https:\/\/api.w.org\/{rel}","templated":true}]}}