{"id":3398,"date":"2023-10-29T06:05:26","date_gmt":"2023-10-29T06:05:26","guid":{"rendered":"https:\/\/exceladvisor.org\/de\/excel-standardmassig-auf-dem-mac\/"},"modified":"2023-12-03T11:21:56","modified_gmt":"2023-12-03T11:21:56","slug":"excel-standardmassig-auf-dem-mac","status":"publish","type":"page","link":"https:\/\/exceladvisor.org\/de\/excel-standardmassig-auf-dem-mac\/","title":{"rendered":"Wie kann ich excel auf dem mac als standard festlegen?"},"content":{"rendered":"<div class=\"excel-vor-dem-inhalt\" id=\"excel-3674119219\"><script type=\"text\/javascript\">\r\n\tatOptions = {\r\n\t\t'key' : 'c1158f160081d6540a8409e6925dab94',\r\n\t\t'format' : 'iframe',\r\n\t\t'height' : 250,\r\n\t\t'width' : 300,\r\n\t\t'params' : {}\r\n\t};\r\n<\/script>\r\n<script type=\"text\/javascript\" src=\"\/\/www.highperformanceformat.com\/c1158f160081d6540a8409e6925dab94\/invoke.js\"><\/script><\/div> <p>Wenn auf einem Mac Microsoft Excel installiert ist, m\u00fcssen Sie es nicht als Standard festlegen, da es die Standardanwendung zum \u00d6ffnen von Tabellenkalkulationsdateien im XLSX-Format ist. Wenn Sie jedoch immer noch Probleme beim \u00d6ffnen dieser Dateien mit Excel haben, zeige ich Ihnen in diesem kommenden Tutorial einfache Schritte, um Excel als Standard auf dem Mac festzulegen.<\/p><h2 class=\"wp-block-heading\"> Schritte, um Excel auf dem Mac als Standard festzulegen<\/h2><ol><li> Stellen Sie zun\u00e4chst sicher, dass Sie \u00fcber eine Excel-Arbeitsmappe im XLSX-Format verf\u00fcgen. <br><img loading=\"lazy\" decoding=\"async\" title=\"1-Excel-zu-XLSX\" src=\"https:\/\/exceladvisor.org\/wp-content\/uploads\/2023\/08\/1-excel-en-xlsx.png\" sizes=\"auto, \" srcset=\"\" alt=\"excel-in-xlsx\" width=\"261\" height=\"240\"><\/li><li> Klicken Sie anschlie\u00dfend mit der rechten Maustaste darauf und klicken Sie auf die Option \u201eInformationen abrufen\u201c. <br><img loading=\"lazy\" decoding=\"async\" title=\"2-Info-Option\" src=\"https:\/\/exceladvisor.org\/wp-content\/uploads\/2023\/08\/2-obtenir-loption-dinformations.png\" sizes=\"auto, \" srcset=\"\" alt=\"get-info-option\" width=\"333\" height=\"348\"><\/li><li> Gehen Sie dann im Dialogfeld \u201eInfo\u201c zum Dropdown-Men\u00fc \u201e\u00d6ffnen\u201c und w\u00e4hlen Sie \u201eMicrosoft Excel\u201c aus dem Dropdown-Men\u00fc aus. <br><img loading=\"lazy\" decoding=\"async\" title=\"3-w\u00e4hlen Sie-Microsoft-Excel\" src=\"https:\/\/exceladvisor.org\/wp-content\/uploads\/2023\/08\/3-selectionnez-microsoft-excel.png\" sizes=\"auto, \" srcset=\"\" alt=\"select-microsoft-excel\" width=\"333\" height=\"440\"><\/li><li> Klicken Sie dort auf die Schaltfl\u00e4che \u201eAlle \u00e4ndern\u201c, um diese Einstellung auf alle Dateien anzuwenden. <br><img loading=\"lazy\" decoding=\"async\" title=\"4-Klick-Alles-\u00c4ndern-Button\" src=\"https:\/\/exceladvisor.org\/wp-content\/uploads\/2023\/08\/4-cliquez-sur-le-bouton-tout-modifier.png\" sizes=\"auto, \" srcset=\"\" alt=\"click-change-all-button\" width=\"362\" height=\"155\"><\/li><li> Klicken Sie nun auf \u201eWeiter\u201c, um sich zu bewerben. <br><img loading=\"lazy\" decoding=\"async\" title=\"5-Klick-Weiter\" src=\"https:\/\/exceladvisor.org\/wp-content\/uploads\/2023\/08\/5-clic-continuer.png\" sizes=\"auto, \" srcset=\"\" alt=\"click-continue\" width=\"282\" height=\"278\"><\/li><li> Schlie\u00dfen Sie abschlie\u00dfend das \u201eInfo\u201c-Dialogfeld.<\/li><\/ol><p> Wenn Sie jetzt eine Datei mit denselben Erweiterungsdateien \u00f6ffnen, wird sie mit Microsoft Excel ge\u00f6ffnet.<\/p><h2 class=\"wp-block-heading\"> Excel standardm\u00e4\u00dfig f\u00fcr andere Formate<\/h2><p> Wenn Sie andere Formate wie (CSV, XLSB und andere) haben und Excel verwenden m\u00f6chten, verwenden Sie diese Dateien. <\/p><div class=\"wp-block-image\"><figure class=\"aligncenter size-full is-resized\"><img loading=\"lazy\" decoding=\"async\" class=\"wp-image-74932\" src=\"https:\/\/exceladvisor.org\/wp-content\/uploads\/2023\/08\/6-excel-dans-differents-formats.png\" sizes=\"auto, \" srcset=\"\" alt=\"Excel-in-verschiedenen-Formaten\" width=\"229\" height=\"278\"><\/figure><\/div><p> Befolgen Sie einfach die Schritte, die wir zuvor in diesem Artikel verwendet haben. Das bedeutet, dass Sie die Standardanwendung f\u00fcr jedes dieser Formate einzeln \u00e4ndern m\u00fcssen. Wenn Sie jedoch Excel auf Ihrem Mac installiert haben, m\u00fcssen Sie dies nicht tun, da Ihr Mac dies automatisch f\u00fcr Sie erledigt.<\/p><h2 class=\"wp-block-heading\"> \u00d6ffnen Sie eine Zahlendatei mit Excel<\/h2><p> Mac hat Numbers als Standardanwendung f\u00fcr Tabellenkalkulationen. <\/p><div class=\"wp-block-image\"><figure class=\"aligncenter size-full is-resized\"><img loading=\"lazy\" decoding=\"async\" class=\"wp-image-74933\" src=\"https:\/\/exceladvisor.org\/wp-content\/uploads\/2023\/08\/7-applications-de-tableur-par-defaut-sur-mac.png\" sizes=\"auto, \" srcset=\"\" alt=\"Standard-Tabellenkalkulations-Apps-in-Mac\" width=\"293\" height=\"128\"><\/figure><\/div><p> Und eines sollten Sie wissen: Die Numbers-App hat ein eigenes Dateiformat und es ist nicht m\u00f6glich, eine im \u201eNumbers\u201c-App-Format gespeicherte Tabellenkalkulationsdatei zu \u00f6ffnen. Wenn Sie Zahlen in Excel-Dateien f\u00fcr \u201eZahl\u201c bearbeiten, werden Sie in einem Dialogfeld gefragt, ob Sie es \u00f6ffnen m\u00f6chten. <\/p><div class=\"wp-block-image\"><figure class=\"aligncenter size-full is-resized\"><img loading=\"lazy\" decoding=\"async\" class=\"wp-image-74934\" src=\"https:\/\/exceladvisor.org\/wp-content\/uploads\/2023\/08\/8-boite-de-dialogue-sur-mac.png\" sizes=\"auto, \" srcset=\"\" alt=\"Dialogfeld auf dem Mac\" width=\"329\" height=\"348\"><\/figure><\/div><p> Wenn Sie jedoch auf \u201eJa\u201c klicken, wird Ihnen angezeigt, dass diese Datei besch\u00e4digt ist. <\/p><div class=\"wp-block-image\"><figure class=\"aligncenter size-full is-resized\"><img loading=\"lazy\" decoding=\"async\" class=\"wp-image-74935\" src=\"https:\/\/exceladvisor.org\/wp-content\/uploads\/2023\/08\/9-le-fichier-est-corrompu.png\" sizes=\"auto, \" srcset=\"\" alt=\"die Datei ist besch\u00e4digt\" width=\"311\" height=\"320\"><\/figure><\/div><div class=\"gb-container gb-container-4db6181c gb-container-mt\"> <a class=\"gb-button gb-button-c5897111 gb-button-text gb-button-mt-button\" href=\"https:\/\/exceladvisor.org\/de\/excel-fortschritt\/\">Erweiterte Excel-Tutorials<\/a><h2 class=\"gb-headline gb-headline-665e5f6b gb-headline-text gb-headline-mt-heading\"> Verwandte Tutorials <\/h2><div class=\"gb-grid-wrapper gb-grid-wrapper-a20baf7c gb-grid-wrapper-mt-grid\"><div class=\"gb-grid-column gb-grid-column-65ddf67e\"><div class=\"gb-container gb-container-65ddf67e\"><ul><li> <a href=\"https:\/\/exceladvisor.org\/de\/kamera-tool\/\">Excel-Kamera-Tool<\/a><\/li><li> <a href=\"https:\/\/exceladvisor.org\/de\/ziel-suchen\/\">Zielfinder in Excel<\/a><\/li><li> <a href=\"https:\/\/exceladvisor.org\/de\/uhrfenster\/\">Beobachtungsfenster in Excel<\/a><\/li><li> <a href=\"https:\/\/exceladvisor.org\/de\/excel-slicer\/\">Excel Slicer (vollst\u00e4ndige Anleitung)<\/a><\/li><li> <a href=\"https:\/\/exceladvisor.org\/de\/excel-sicherheitsmodus\/\">\u00d6ffnen Sie Excel im abgesicherten Modus<\/a><\/li><\/ul><\/div><\/div><\/div><\/div>","protected":false},"excerpt":{"rendered":"","protected":false},"author":1,"featured_media":0,"parent":0,"menu_order":0,"comment_status":"open","ping_status":"closed","template":"","meta":{"ub_ctt_via":"","footnotes":""},"class_list":["post-3398","page","type-page","status-publish","hentry"],"featured_image_src":null,"yoast_head":"<!-- This site is optimized with the Yoast SEO plugin v25.4 - https:\/\/yoast.com\/wordpress\/plugins\/seo\/ -->\n<title>Wie kann ich Excel auf dem Mac als Standard festlegen?<\/title>\n<meta name=\"description\" content=\"Auf dem Mac gibt es eine App namens Numbers zum Erstellen von Tabellenkalkulationen, aber wir werden lernen, wie man Excel als Standard einstellt.\" \/>\n<meta name=\"robots\" content=\"index, follow, max-snippet:-1, max-image-preview:large, max-video-preview:-1\" \/>\n<link rel=\"canonical\" href=\"https:\/\/exceladvisor.org\/de\/excel-standardmassig-auf-dem-mac\/\" \/>\n<meta property=\"og:locale\" content=\"de_DE\" \/>\n<meta property=\"og:type\" content=\"article\" \/>\n<meta property=\"og:title\" content=\"Wie kann ich Excel auf dem Mac als Standard festlegen?\" \/>\n<meta property=\"og:description\" content=\"Auf dem Mac gibt es eine App namens Numbers zum Erstellen von Tabellenkalkulationen, aber wir werden lernen, wie man Excel als Standard einstellt.\" \/>\n<meta property=\"og:url\" content=\"https:\/\/exceladvisor.org\/de\/excel-standardmassig-auf-dem-mac\/\" \/>\n<meta property=\"og:site_name\" content=\"Excel Advisor\" \/>\n<meta property=\"article:modified_time\" content=\"2023-12-03T11:21:56+00:00\" \/>\n<meta property=\"og:image\" content=\"https:\/\/exceladvisor.org\/wp-content\/uploads\/2023\/08\/1-excel-en-xlsx.png\" \/>\n<meta name=\"twitter:card\" content=\"summary_large_image\" \/>\n<meta name=\"twitter:label1\" content=\"Gesch\u00e4tzte Lesezeit\" \/>\n\t<meta name=\"twitter:data1\" content=\"2\u00a0Minuten\" \/>\n<script type=\"application\/ld+json\" class=\"yoast-schema-graph\">{\"@context\":\"https:\/\/schema.org\",\"@graph\":[{\"@type\":\"WebPage\",\"@id\":\"https:\/\/exceladvisor.org\/de\/excel-standardmassig-auf-dem-mac\/\",\"url\":\"https:\/\/exceladvisor.org\/de\/excel-standardmassig-auf-dem-mac\/\",\"name\":\"Wie kann ich Excel auf dem Mac als Standard festlegen?\",\"isPartOf\":{\"@id\":\"https:\/\/exceladvisor.org\/de\/#website\"},\"primaryImageOfPage\":{\"@id\":\"https:\/\/exceladvisor.org\/de\/excel-standardmassig-auf-dem-mac\/#primaryimage\"},\"image\":{\"@id\":\"https:\/\/exceladvisor.org\/de\/excel-standardmassig-auf-dem-mac\/#primaryimage\"},\"thumbnailUrl\":\"https:\/\/exceladvisor.org\/wp-content\/uploads\/2023\/08\/1-excel-en-xlsx.png\",\"datePublished\":\"2023-10-29T06:05:26+00:00\",\"dateModified\":\"2023-12-03T11:21:56+00:00\",\"description\":\"Auf dem Mac gibt es eine App namens Numbers zum Erstellen von Tabellenkalkulationen, aber wir werden lernen, wie man Excel als Standard einstellt.\",\"breadcrumb\":{\"@id\":\"https:\/\/exceladvisor.org\/de\/excel-standardmassig-auf-dem-mac\/#breadcrumb\"},\"inLanguage\":\"de\",\"potentialAction\":[{\"@type\":\"ReadAction\",\"target\":[\"https:\/\/exceladvisor.org\/de\/excel-standardmassig-auf-dem-mac\/\"]}]},{\"@type\":\"ImageObject\",\"inLanguage\":\"de\",\"@id\":\"https:\/\/exceladvisor.org\/de\/excel-standardmassig-auf-dem-mac\/#primaryimage\",\"url\":\"https:\/\/exceladvisor.org\/wp-content\/uploads\/2023\/08\/1-excel-en-xlsx.png\",\"contentUrl\":\"https:\/\/exceladvisor.org\/wp-content\/uploads\/2023\/08\/1-excel-en-xlsx.png\"},{\"@type\":\"BreadcrumbList\",\"@id\":\"https:\/\/exceladvisor.org\/de\/excel-standardmassig-auf-dem-mac\/#breadcrumb\",\"itemListElement\":[{\"@type\":\"ListItem\",\"position\":1,\"name\":\"Accueil\",\"item\":\"https:\/\/exceladvisor.org\/de\/\"},{\"@type\":\"ListItem\",\"position\":2,\"name\":\"Wie kann ich excel auf dem mac als standard festlegen?\"}]},{\"@type\":\"WebSite\",\"@id\":\"https:\/\/exceladvisor.org\/de\/#website\",\"url\":\"https:\/\/exceladvisor.org\/de\/\",\"name\":\"Excel Advisor\",\"description\":\"Ihr Leitfaden zur Datendominanz\",\"publisher\":{\"@id\":\"https:\/\/exceladvisor.org\/de\/#organization\"},\"potentialAction\":[{\"@type\":\"SearchAction\",\"target\":{\"@type\":\"EntryPoint\",\"urlTemplate\":\"https:\/\/exceladvisor.org\/de\/?s={search_term_string}\"},\"query-input\":{\"@type\":\"PropertyValueSpecification\",\"valueRequired\":true,\"valueName\":\"search_term_string\"}}],\"inLanguage\":\"de\"},{\"@type\":\"Organization\",\"@id\":\"https:\/\/exceladvisor.org\/de\/#organization\",\"name\":\"Excel Advisor\",\"url\":\"https:\/\/exceladvisor.org\/de\/\",\"logo\":{\"@type\":\"ImageObject\",\"inLanguage\":\"de\",\"@id\":\"https:\/\/exceladvisor.org\/de\/#\/schema\/logo\/image\/\",\"url\":\"https:\/\/exceladvisor.org\/de\/wp-content\/uploads\/2023\/11\/exceladvisor.org_.png\",\"contentUrl\":\"https:\/\/exceladvisor.org\/de\/wp-content\/uploads\/2023\/11\/exceladvisor.org_.png\",\"width\":105,\"height\":36,\"caption\":\"Excel Advisor\"},\"image\":{\"@id\":\"https:\/\/exceladvisor.org\/de\/#\/schema\/logo\/image\/\"}}]}<\/script>\n<!-- \/ Yoast SEO plugin. -->","yoast_head_json":{"title":"Wie kann ich Excel auf dem Mac als Standard festlegen?","description":"Auf dem Mac gibt es eine App namens Numbers zum Erstellen von Tabellenkalkulationen, aber wir werden lernen, wie man Excel als Standard einstellt.","robots":{"index":"index","follow":"follow","max-snippet":"max-snippet:-1","max-image-preview":"max-image-preview:large","max-video-preview":"max-video-preview:-1"},"canonical":"https:\/\/exceladvisor.org\/de\/excel-standardmassig-auf-dem-mac\/","og_locale":"de_DE","og_type":"article","og_title":"Wie kann ich Excel auf dem Mac als Standard festlegen?","og_description":"Auf dem Mac gibt es eine App namens Numbers zum Erstellen von Tabellenkalkulationen, aber wir werden lernen, wie man Excel als Standard einstellt.","og_url":"https:\/\/exceladvisor.org\/de\/excel-standardmassig-auf-dem-mac\/","og_site_name":"Excel Advisor","article_modified_time":"2023-12-03T11:21:56+00:00","og_image":[{"url":"https:\/\/exceladvisor.org\/wp-content\/uploads\/2023\/08\/1-excel-en-xlsx.png","type":"","width":"","height":""}],"twitter_card":"summary_large_image","twitter_misc":{"Gesch\u00e4tzte Lesezeit":"2\u00a0Minuten"},"schema":{"@context":"https:\/\/schema.org","@graph":[{"@type":"WebPage","@id":"https:\/\/exceladvisor.org\/de\/excel-standardmassig-auf-dem-mac\/","url":"https:\/\/exceladvisor.org\/de\/excel-standardmassig-auf-dem-mac\/","name":"Wie kann ich Excel auf dem Mac als Standard festlegen?","isPartOf":{"@id":"https:\/\/exceladvisor.org\/de\/#website"},"primaryImageOfPage":{"@id":"https:\/\/exceladvisor.org\/de\/excel-standardmassig-auf-dem-mac\/#primaryimage"},"image":{"@id":"https:\/\/exceladvisor.org\/de\/excel-standardmassig-auf-dem-mac\/#primaryimage"},"thumbnailUrl":"https:\/\/exceladvisor.org\/wp-content\/uploads\/2023\/08\/1-excel-en-xlsx.png","datePublished":"2023-10-29T06:05:26+00:00","dateModified":"2023-12-03T11:21:56+00:00","description":"Auf dem Mac gibt es eine App namens Numbers zum Erstellen von Tabellenkalkulationen, aber wir werden lernen, wie man Excel als Standard einstellt.","breadcrumb":{"@id":"https:\/\/exceladvisor.org\/de\/excel-standardmassig-auf-dem-mac\/#breadcrumb"},"inLanguage":"de","potentialAction":[{"@type":"ReadAction","target":["https:\/\/exceladvisor.org\/de\/excel-standardmassig-auf-dem-mac\/"]}]},{"@type":"ImageObject","inLanguage":"de","@id":"https:\/\/exceladvisor.org\/de\/excel-standardmassig-auf-dem-mac\/#primaryimage","url":"https:\/\/exceladvisor.org\/wp-content\/uploads\/2023\/08\/1-excel-en-xlsx.png","contentUrl":"https:\/\/exceladvisor.org\/wp-content\/uploads\/2023\/08\/1-excel-en-xlsx.png"},{"@type":"BreadcrumbList","@id":"https:\/\/exceladvisor.org\/de\/excel-standardmassig-auf-dem-mac\/#breadcrumb","itemListElement":[{"@type":"ListItem","position":1,"name":"Accueil","item":"https:\/\/exceladvisor.org\/de\/"},{"@type":"ListItem","position":2,"name":"Wie kann ich excel auf dem mac als standard festlegen?"}]},{"@type":"WebSite","@id":"https:\/\/exceladvisor.org\/de\/#website","url":"https:\/\/exceladvisor.org\/de\/","name":"Excel Advisor","description":"Ihr Leitfaden zur Datendominanz","publisher":{"@id":"https:\/\/exceladvisor.org\/de\/#organization"},"potentialAction":[{"@type":"SearchAction","target":{"@type":"EntryPoint","urlTemplate":"https:\/\/exceladvisor.org\/de\/?s={search_term_string}"},"query-input":{"@type":"PropertyValueSpecification","valueRequired":true,"valueName":"search_term_string"}}],"inLanguage":"de"},{"@type":"Organization","@id":"https:\/\/exceladvisor.org\/de\/#organization","name":"Excel Advisor","url":"https:\/\/exceladvisor.org\/de\/","logo":{"@type":"ImageObject","inLanguage":"de","@id":"https:\/\/exceladvisor.org\/de\/#\/schema\/logo\/image\/","url":"https:\/\/exceladvisor.org\/de\/wp-content\/uploads\/2023\/11\/exceladvisor.org_.png","contentUrl":"https:\/\/exceladvisor.org\/de\/wp-content\/uploads\/2023\/11\/exceladvisor.org_.png","width":105,"height":36,"caption":"Excel Advisor"},"image":{"@id":"https:\/\/exceladvisor.org\/de\/#\/schema\/logo\/image\/"}}]}},"yoast_meta":{"yoast_wpseo_title":"","yoast_wpseo_metadesc":"","yoast_wpseo_canonical":""},"_links":{"self":[{"href":"https:\/\/exceladvisor.org\/de\/wp-json\/wp\/v2\/pages\/3398","targetHints":{"allow":["GET"]}}],"collection":[{"href":"https:\/\/exceladvisor.org\/de\/wp-json\/wp\/v2\/pages"}],"about":[{"href":"https:\/\/exceladvisor.org\/de\/wp-json\/wp\/v2\/types\/page"}],"author":[{"embeddable":true,"href":"https:\/\/exceladvisor.org\/de\/wp-json\/wp\/v2\/users\/1"}],"replies":[{"embeddable":true,"href":"https:\/\/exceladvisor.org\/de\/wp-json\/wp\/v2\/comments?post=3398"}],"version-history":[{"count":1,"href":"https:\/\/exceladvisor.org\/de\/wp-json\/wp\/v2\/pages\/3398\/revisions"}],"predecessor-version":[{"id":4091,"href":"https:\/\/exceladvisor.org\/de\/wp-json\/wp\/v2\/pages\/3398\/revisions\/4091"}],"wp:attachment":[{"href":"https:\/\/exceladvisor.org\/de\/wp-json\/wp\/v2\/media?parent=3398"}],"curies":[{"name":"wp","href":"https:\/\/api.w.org\/{rel}","templated":true}]}}