{"id":3399,"date":"2023-10-29T05:45:34","date_gmt":"2023-10-29T05:45:34","guid":{"rendered":"https:\/\/exceladvisor.org\/de\/nach-farbe-filtern\/"},"modified":"2023-12-03T11:20:08","modified_gmt":"2023-12-03T11:20:08","slug":"nach-farbe-filtern","status":"publish","type":"page","link":"https:\/\/exceladvisor.org\/de\/nach-farbe-filtern\/","title":{"rendered":"Wie filtere ich in excel nach farbe?"},"content":{"rendered":"<div class=\"excel-vor-dem-inhalt\" id=\"excel-2974887331\"><script type=\"text\/javascript\">\r\n\tatOptions = {\r\n\t\t'key' : 'c1158f160081d6540a8409e6925dab94',\r\n\t\t'format' : 'iframe',\r\n\t\t'height' : 250,\r\n\t\t'width' : 300,\r\n\t\t'params' : {}\r\n\t};\r\n<\/script>\r\n<script type=\"text\/javascript\" src=\"\/\/www.highperformanceformat.com\/c1158f160081d6540a8409e6925dab94\/invoke.js\"><\/script><\/div> <p>Wenn Sie in Excel einen Filter auf eine Spalte anwenden, haben Sie die M\u00f6glichkeit, die Werte basierend auf der <a href=\"https:\/\/exceladvisor.org\/de\/zellfarbe\/\">Schriftfarbe und Hintergrundfarbe der Zelle<\/a> zu filtern. Diese Option ist bereits im Filter verf\u00fcgbar. Sie m\u00fcssen nichts daf\u00fcr aktivieren, sobald Sie einen Filter anwenden. <\/p><div class=\"wp-block-image\"><figure class=\"aligncenter size-full is-resized\"><img loading=\"lazy\" decoding=\"async\" class=\"wp-image-74956\" src=\"https:\/\/exceladvisor.org\/wp-content\/uploads\/2023\/08\/1-filtre-par-couleur.png\" sizes=\"auto, \" srcset=\"\" alt=\"Nach Farbe filtern\" width=\"584\" height=\"485\"><\/figure><\/div><h2 class=\"wp-block-heading\"> Schritte zum Filtern einer Spalte nach Farbe in Excel<\/h2><ol type=\"1\"><li> Wenden Sie zun\u00e4chst den Filter auf die Spalte an.<\/li><li> Klicken Sie anschlie\u00dfend auf das Filter-Dropdown-Men\u00fc.<\/li><li> Gehen Sie als N\u00e4chstes zur Option \u201eNach Farbe filtern\u201c.<\/li><li> W\u00e4hlen Sie am Ende die gew\u00fcnschte Farbe aus, um den Filter anzuwenden.<\/li><\/ol><p> Wie gesagt, Sie haben zwei M\u00f6glichkeiten, Farben zum Filtern von Werten zu verwenden:<\/p><ul><li> Nach Zellfarbe<\/li><li> Nach Schriftfarbe<\/li><\/ul><p> Im folgenden Beispiel haben wir die rote Schriftfarbe verwendet, um den Filter anzuwenden. Und es gibt Filterwerte, die Rot als Schriftfarbe haben. <\/p><div class=\"wp-block-image\"><figure class=\"aligncenter size-full is-resized\"><img loading=\"lazy\" decoding=\"async\" class=\"wp-image-74957\" src=\"https:\/\/exceladvisor.org\/wp-content\/uploads\/2023\/08\/2-polices-rouges-utilisees-pour-le-filtre.png\" sizes=\"auto, \" srcset=\"\" alt=\"Rote-Schriftart-die-f\u00fcr-den-Filter-verwendet-wird\" width=\"590\" height=\"471\"><\/figure><\/div><p> Ebenso k\u00f6nnen Sie nach Zellenfarbe filtern. Und im folgenden Beispiel haben wir die gelbe Zellenfarbe verwendet, um die Werte zu filtern. <\/p><div class=\"wp-block-image\"><figure class=\"aligncenter size-full is-resized\"><img loading=\"lazy\" decoding=\"async\" class=\"wp-image-74958\" src=\"https:\/\/exceladvisor.org\/wp-content\/uploads\/2023\/08\/3-filtres-bases-sur-la-couleur-des-cellules.png\" sizes=\"auto, \" srcset=\"\" alt=\"Filter basierend auf der Zellenfarbe\" width=\"604\" height=\"465\"><\/figure><\/div><p> Wenn Sie \u201eNach Farbe filtern\u201c \u00f6ffnen, haben Sie die M\u00f6glichkeit, Zellen zu filtern, f\u00fcr die Sie keine Zellenfarbe oder Schriftfarbe haben. <\/p><div class=\"wp-block-image\"><figure class=\"aligncenter size-full is-resized\"><img loading=\"lazy\" decoding=\"async\" class=\"wp-image-74959\" src=\"https:\/\/exceladvisor.org\/wp-content\/uploads\/2023\/08\/4-filtrer-les-cellules-sans-couleur.png\" sizes=\"auto, \" srcset=\"\" alt=\"Filter-farblose-Zellen\" width=\"153\" height=\"267\"><\/figure><\/div><h2 class=\"wp-block-heading\"> Filtern Sie nach Farbe \u00fcber das Kontextmen\u00fc<\/h2><p> Angenommen, Sie m\u00f6chten alle Zellen basierend auf der Zellenfarbe der ausgew\u00e4hlten Zelle filtern. <\/p><div class=\"wp-block-image\"><figure class=\"aligncenter size-full is-resized\"><img loading=\"lazy\" decoding=\"async\" class=\"wp-image-74960\" src=\"https:\/\/exceladvisor.org\/wp-content\/uploads\/2023\/08\/5-filtrer-par-menu-clic-droit.png\" sizes=\"auto, \" srcset=\"\" alt=\"Filtermen\u00fc per Rechtsklick aufrufen\" width=\"617\" height=\"457\"><\/figure><\/div><ol type=\"1\"><li> W\u00e4hlen Sie die Zelle aus.<\/li><li> Klicken Sie mit der rechten Maustaste darauf.<\/li><li> Gehen Sie zur Filteroption.<\/li><li> Klicken Sie auf \u201eNach Farbe der ausgew\u00e4hlten Zelle filtern\u201c. <\/li><\/ol><div class=\"wp-block-image\"><figure class=\"aligncenter size-full is-resized\"><img loading=\"lazy\" decoding=\"async\" class=\"wp-image-74961\" src=\"https:\/\/exceladvisor.org\/wp-content\/uploads\/2023\/08\/6-filtrer-par-couleur-selectionnee.png\" sizes=\"auto, \" srcset=\"\" alt=\"Nach ausgew\u00e4hlter Farbe filtern\" width=\"357\" height=\"161\"><\/figure><\/div><p> Ebenso k\u00f6nnen Sie Zellen basierend auf der Schriftfarbe der Zelle filtern. <\/p><div class=\"wp-block-image\"><figure class=\"aligncenter size-full is-resized\"><img loading=\"lazy\" decoding=\"async\" class=\"wp-image-74962\" src=\"https:\/\/exceladvisor.org\/wp-content\/uploads\/2023\/08\/7-filtres-bases-sur-la-couleur-de-la-police.png\" sizes=\"auto, \" srcset=\"\" alt=\"Filter basierend auf der Schriftfarbe\" width=\"627\" height=\"414\"><\/figure><\/div><p> Verwenden Sie \u201eNach Schriftfarbe der ausgew\u00e4hlten Zelle filtern\u201c. <\/p><div class=\"wp-block-image\"><figure class=\"aligncenter size-full is-resized\"><img loading=\"lazy\" decoding=\"async\" class=\"wp-image-74963\" src=\"https:\/\/exceladvisor.org\/wp-content\/uploads\/2023\/08\/8-filtrer-par-couleur-de-police-selectionnee.png\" sizes=\"auto, \" srcset=\"\" alt=\"Nach ausgew\u00e4hlter Schriftfarbe filtern\" width=\"318\" height=\"120\"><\/figure><\/div><h2 class=\"wp-block-heading\"> Kommentare<\/h2><ul><li> Sie k\u00f6nnen einen auf Zellenfarbe und Schriftfarbe basierenden Filter nicht gleichzeitig auf eine einzelne Farbe anwenden. Es kann jeweils nur ein Filtertyp verwendet werden.<\/li><li> Sie k\u00f6nnen einen Filter auf mehrere Spalten basierend auf Schriftart und Zellenfarbe anwenden. Beispielsweise k\u00f6nnen Sie eine Spalte nach der roten Schriftfarbe und die zweite Spalte nach der gelben Zellenfarbe filtern.<\/li><\/ul><div class=\"gb-container gb-container-4db6181c gb-container-mt\"> <a class=\"gb-button gb-button-c5897111 gb-button-text gb-button-mt-button\" href=\"https:\/\/exceladvisor.org\/de\/excel-fortschritt\/\">Erweiterte Excel-Tutorials<\/a><h2 class=\"gb-headline gb-headline-665e5f6b gb-headline-text gb-headline-mt-heading\"> Verwandte Tutorials <\/h2><div class=\"gb-grid-wrapper gb-grid-wrapper-a20baf7c gb-grid-wrapper-mt-grid\"><div class=\"gb-grid-column gb-grid-column-65ddf67e\"><div class=\"gb-container gb-container-65ddf67e\"><ul><li> <a href=\"https:\/\/exceladvisor.org\/de\/kontrollkastchen\/\">F\u00fcgen Sie ein Kontrollk\u00e4stchen in Excel ein<\/a><\/li><li> <a href=\"https:\/\/exceladvisor.org\/de\/zellen-zusammenfuhren-ohne-daten-zu-verlieren\/\">F\u00fchren Sie Zellen zusammen, ohne Daten in Excel zu verlieren<\/a><\/li><li> <a href=\"https:\/\/exceladvisor.org\/de\/spezielles-multiplizieren-einfugen\/\">Multiplizieren Sie in Excel mit \u201eInhalte einf\u00fcgen\u201c.<\/a><\/li><li> <a href=\"https:\/\/exceladvisor.org\/de\/fugen-sie-einen-barcode-hinzu\/\" data-wpil=\"url\">F\u00fcgen Sie einen Barcode in Excel hinzu<\/a><\/li><li> <a href=\"https:\/\/exceladvisor.org\/de\/standardschriftart\/\">\u00c4ndern Sie die Standardschriftart in Excel<\/a><\/li><\/ul><\/div><\/div><\/div><\/div>","protected":false},"excerpt":{"rendered":"","protected":false},"author":1,"featured_media":0,"parent":0,"menu_order":0,"comment_status":"open","ping_status":"closed","template":"","meta":{"ub_ctt_via":"","footnotes":""},"class_list":["post-3399","page","type-page","status-publish","hentry"],"featured_image_src":null,"yoast_head":"<!-- This site is optimized with the Yoast SEO plugin v25.4 - https:\/\/yoast.com\/wordpress\/plugins\/seo\/ -->\n<title>Wie filtere ich in Excel nach Farbe? (Tutorial 2023)<\/title>\n<meta name=\"description\" content=\"Wir untersuchen eine M\u00f6glichkeit, die Werte in der Spalte anhand der Schriftfarbe oder Zellenfarbe zu filtern.\" \/>\n<meta name=\"robots\" content=\"index, follow, max-snippet:-1, max-image-preview:large, max-video-preview:-1\" \/>\n<link rel=\"canonical\" href=\"https:\/\/exceladvisor.org\/de\/nach-farbe-filtern\/\" \/>\n<meta property=\"og:locale\" content=\"de_DE\" \/>\n<meta property=\"og:type\" content=\"article\" \/>\n<meta property=\"og:title\" content=\"Wie filtere ich in Excel nach Farbe? (Tutorial 2023)\" \/>\n<meta property=\"og:description\" content=\"Wir untersuchen eine M\u00f6glichkeit, die Werte in der Spalte anhand der Schriftfarbe oder Zellenfarbe zu filtern.\" \/>\n<meta property=\"og:url\" content=\"https:\/\/exceladvisor.org\/de\/nach-farbe-filtern\/\" \/>\n<meta property=\"og:site_name\" content=\"Excel Advisor\" \/>\n<meta property=\"article:modified_time\" content=\"2023-12-03T11:20:08+00:00\" \/>\n<meta property=\"og:image\" content=\"https:\/\/exceladvisor.org\/wp-content\/uploads\/2023\/08\/1-filtre-par-couleur.png\" \/>\n<meta name=\"twitter:card\" content=\"summary_large_image\" \/>\n<meta name=\"twitter:label1\" content=\"Gesch\u00e4tzte Lesezeit\" \/>\n\t<meta name=\"twitter:data1\" content=\"2\u00a0Minuten\" \/>\n<script type=\"application\/ld+json\" class=\"yoast-schema-graph\">{\"@context\":\"https:\/\/schema.org\",\"@graph\":[{\"@type\":\"WebPage\",\"@id\":\"https:\/\/exceladvisor.org\/de\/nach-farbe-filtern\/\",\"url\":\"https:\/\/exceladvisor.org\/de\/nach-farbe-filtern\/\",\"name\":\"Wie filtere ich in Excel nach Farbe? (Tutorial 2023)\",\"isPartOf\":{\"@id\":\"https:\/\/exceladvisor.org\/de\/#website\"},\"primaryImageOfPage\":{\"@id\":\"https:\/\/exceladvisor.org\/de\/nach-farbe-filtern\/#primaryimage\"},\"image\":{\"@id\":\"https:\/\/exceladvisor.org\/de\/nach-farbe-filtern\/#primaryimage\"},\"thumbnailUrl\":\"https:\/\/exceladvisor.org\/wp-content\/uploads\/2023\/08\/1-filtre-par-couleur.png\",\"datePublished\":\"2023-10-29T05:45:34+00:00\",\"dateModified\":\"2023-12-03T11:20:08+00:00\",\"description\":\"Wir untersuchen eine M\u00f6glichkeit, die Werte in der Spalte anhand der Schriftfarbe oder Zellenfarbe zu filtern.\",\"breadcrumb\":{\"@id\":\"https:\/\/exceladvisor.org\/de\/nach-farbe-filtern\/#breadcrumb\"},\"inLanguage\":\"de\",\"potentialAction\":[{\"@type\":\"ReadAction\",\"target\":[\"https:\/\/exceladvisor.org\/de\/nach-farbe-filtern\/\"]}]},{\"@type\":\"ImageObject\",\"inLanguage\":\"de\",\"@id\":\"https:\/\/exceladvisor.org\/de\/nach-farbe-filtern\/#primaryimage\",\"url\":\"https:\/\/exceladvisor.org\/wp-content\/uploads\/2023\/08\/1-filtre-par-couleur.png\",\"contentUrl\":\"https:\/\/exceladvisor.org\/wp-content\/uploads\/2023\/08\/1-filtre-par-couleur.png\"},{\"@type\":\"BreadcrumbList\",\"@id\":\"https:\/\/exceladvisor.org\/de\/nach-farbe-filtern\/#breadcrumb\",\"itemListElement\":[{\"@type\":\"ListItem\",\"position\":1,\"name\":\"Accueil\",\"item\":\"https:\/\/exceladvisor.org\/de\/\"},{\"@type\":\"ListItem\",\"position\":2,\"name\":\"Wie filtere ich in excel nach farbe?\"}]},{\"@type\":\"WebSite\",\"@id\":\"https:\/\/exceladvisor.org\/de\/#website\",\"url\":\"https:\/\/exceladvisor.org\/de\/\",\"name\":\"Excel Advisor\",\"description\":\"Ihr Leitfaden zur Datendominanz\",\"publisher\":{\"@id\":\"https:\/\/exceladvisor.org\/de\/#organization\"},\"potentialAction\":[{\"@type\":\"SearchAction\",\"target\":{\"@type\":\"EntryPoint\",\"urlTemplate\":\"https:\/\/exceladvisor.org\/de\/?s={search_term_string}\"},\"query-input\":{\"@type\":\"PropertyValueSpecification\",\"valueRequired\":true,\"valueName\":\"search_term_string\"}}],\"inLanguage\":\"de\"},{\"@type\":\"Organization\",\"@id\":\"https:\/\/exceladvisor.org\/de\/#organization\",\"name\":\"Excel Advisor\",\"url\":\"https:\/\/exceladvisor.org\/de\/\",\"logo\":{\"@type\":\"ImageObject\",\"inLanguage\":\"de\",\"@id\":\"https:\/\/exceladvisor.org\/de\/#\/schema\/logo\/image\/\",\"url\":\"https:\/\/exceladvisor.org\/de\/wp-content\/uploads\/2023\/11\/exceladvisor.org_.png\",\"contentUrl\":\"https:\/\/exceladvisor.org\/de\/wp-content\/uploads\/2023\/11\/exceladvisor.org_.png\",\"width\":105,\"height\":36,\"caption\":\"Excel Advisor\"},\"image\":{\"@id\":\"https:\/\/exceladvisor.org\/de\/#\/schema\/logo\/image\/\"}}]}<\/script>\n<!-- \/ Yoast SEO plugin. -->","yoast_head_json":{"title":"Wie filtere ich in Excel nach Farbe? (Tutorial 2023)","description":"Wir untersuchen eine M\u00f6glichkeit, die Werte in der Spalte anhand der Schriftfarbe oder Zellenfarbe zu filtern.","robots":{"index":"index","follow":"follow","max-snippet":"max-snippet:-1","max-image-preview":"max-image-preview:large","max-video-preview":"max-video-preview:-1"},"canonical":"https:\/\/exceladvisor.org\/de\/nach-farbe-filtern\/","og_locale":"de_DE","og_type":"article","og_title":"Wie filtere ich in Excel nach Farbe? (Tutorial 2023)","og_description":"Wir untersuchen eine M\u00f6glichkeit, die Werte in der Spalte anhand der Schriftfarbe oder Zellenfarbe zu filtern.","og_url":"https:\/\/exceladvisor.org\/de\/nach-farbe-filtern\/","og_site_name":"Excel Advisor","article_modified_time":"2023-12-03T11:20:08+00:00","og_image":[{"url":"https:\/\/exceladvisor.org\/wp-content\/uploads\/2023\/08\/1-filtre-par-couleur.png","type":"","width":"","height":""}],"twitter_card":"summary_large_image","twitter_misc":{"Gesch\u00e4tzte Lesezeit":"2\u00a0Minuten"},"schema":{"@context":"https:\/\/schema.org","@graph":[{"@type":"WebPage","@id":"https:\/\/exceladvisor.org\/de\/nach-farbe-filtern\/","url":"https:\/\/exceladvisor.org\/de\/nach-farbe-filtern\/","name":"Wie filtere ich in Excel nach Farbe? (Tutorial 2023)","isPartOf":{"@id":"https:\/\/exceladvisor.org\/de\/#website"},"primaryImageOfPage":{"@id":"https:\/\/exceladvisor.org\/de\/nach-farbe-filtern\/#primaryimage"},"image":{"@id":"https:\/\/exceladvisor.org\/de\/nach-farbe-filtern\/#primaryimage"},"thumbnailUrl":"https:\/\/exceladvisor.org\/wp-content\/uploads\/2023\/08\/1-filtre-par-couleur.png","datePublished":"2023-10-29T05:45:34+00:00","dateModified":"2023-12-03T11:20:08+00:00","description":"Wir untersuchen eine M\u00f6glichkeit, die Werte in der Spalte anhand der Schriftfarbe oder Zellenfarbe zu filtern.","breadcrumb":{"@id":"https:\/\/exceladvisor.org\/de\/nach-farbe-filtern\/#breadcrumb"},"inLanguage":"de","potentialAction":[{"@type":"ReadAction","target":["https:\/\/exceladvisor.org\/de\/nach-farbe-filtern\/"]}]},{"@type":"ImageObject","inLanguage":"de","@id":"https:\/\/exceladvisor.org\/de\/nach-farbe-filtern\/#primaryimage","url":"https:\/\/exceladvisor.org\/wp-content\/uploads\/2023\/08\/1-filtre-par-couleur.png","contentUrl":"https:\/\/exceladvisor.org\/wp-content\/uploads\/2023\/08\/1-filtre-par-couleur.png"},{"@type":"BreadcrumbList","@id":"https:\/\/exceladvisor.org\/de\/nach-farbe-filtern\/#breadcrumb","itemListElement":[{"@type":"ListItem","position":1,"name":"Accueil","item":"https:\/\/exceladvisor.org\/de\/"},{"@type":"ListItem","position":2,"name":"Wie filtere ich in excel nach farbe?"}]},{"@type":"WebSite","@id":"https:\/\/exceladvisor.org\/de\/#website","url":"https:\/\/exceladvisor.org\/de\/","name":"Excel Advisor","description":"Ihr Leitfaden zur Datendominanz","publisher":{"@id":"https:\/\/exceladvisor.org\/de\/#organization"},"potentialAction":[{"@type":"SearchAction","target":{"@type":"EntryPoint","urlTemplate":"https:\/\/exceladvisor.org\/de\/?s={search_term_string}"},"query-input":{"@type":"PropertyValueSpecification","valueRequired":true,"valueName":"search_term_string"}}],"inLanguage":"de"},{"@type":"Organization","@id":"https:\/\/exceladvisor.org\/de\/#organization","name":"Excel Advisor","url":"https:\/\/exceladvisor.org\/de\/","logo":{"@type":"ImageObject","inLanguage":"de","@id":"https:\/\/exceladvisor.org\/de\/#\/schema\/logo\/image\/","url":"https:\/\/exceladvisor.org\/de\/wp-content\/uploads\/2023\/11\/exceladvisor.org_.png","contentUrl":"https:\/\/exceladvisor.org\/de\/wp-content\/uploads\/2023\/11\/exceladvisor.org_.png","width":105,"height":36,"caption":"Excel Advisor"},"image":{"@id":"https:\/\/exceladvisor.org\/de\/#\/schema\/logo\/image\/"}}]}},"yoast_meta":{"yoast_wpseo_title":"","yoast_wpseo_metadesc":"","yoast_wpseo_canonical":""},"_links":{"self":[{"href":"https:\/\/exceladvisor.org\/de\/wp-json\/wp\/v2\/pages\/3399","targetHints":{"allow":["GET"]}}],"collection":[{"href":"https:\/\/exceladvisor.org\/de\/wp-json\/wp\/v2\/pages"}],"about":[{"href":"https:\/\/exceladvisor.org\/de\/wp-json\/wp\/v2\/types\/page"}],"author":[{"embeddable":true,"href":"https:\/\/exceladvisor.org\/de\/wp-json\/wp\/v2\/users\/1"}],"replies":[{"embeddable":true,"href":"https:\/\/exceladvisor.org\/de\/wp-json\/wp\/v2\/comments?post=3399"}],"version-history":[{"count":1,"href":"https:\/\/exceladvisor.org\/de\/wp-json\/wp\/v2\/pages\/3399\/revisions"}],"predecessor-version":[{"id":3988,"href":"https:\/\/exceladvisor.org\/de\/wp-json\/wp\/v2\/pages\/3399\/revisions\/3988"}],"wp:attachment":[{"href":"https:\/\/exceladvisor.org\/de\/wp-json\/wp\/v2\/media?parent=3399"}],"curies":[{"name":"wp","href":"https:\/\/api.w.org\/{rel}","templated":true}]}}