{"id":3400,"date":"2023-10-29T05:18:31","date_gmt":"2023-10-29T05:18:31","guid":{"rendered":"https:\/\/exceladvisor.org\/de\/markieren-sie-abwechselnde-zeilen\/"},"modified":"2023-12-03T11:22:12","modified_gmt":"2023-12-03T11:22:12","slug":"markieren-sie-abwechselnde-zeilen","status":"publish","type":"page","link":"https:\/\/exceladvisor.org\/de\/markieren-sie-abwechselnde-zeilen\/","title":{"rendered":"Wie kann man abwechselnde reihen mit einem farbton hervorheben?"},"content":{"rendered":"<div class=\"excel-vor-dem-inhalt\" id=\"excel-2230999364\"><script type=\"text\/javascript\">\r\n\tatOptions = {\r\n\t\t'key' : 'c1158f160081d6540a8409e6925dab94',\r\n\t\t'format' : 'iframe',\r\n\t\t'height' : 250,\r\n\t\t'width' : 300,\r\n\t\t'params' : {}\r\n\t};\r\n<\/script>\r\n<script type=\"text\/javascript\" src=\"\/\/www.highperformanceformat.com\/c1158f160081d6540a8409e6925dab94\/invoke.js\"><\/script><\/div> <p>Wenn Sie in Excel mit einer gro\u00dfen Datenmenge arbeiten, k\u00f6nnen Sie in diesem Fall zur besseren Darstellung und Verbesserung der Lesbarkeit alternative Zeilen mit einem Farbton hervorheben. Es macht jede Datenzeile deutlich und erleichtert Ihnen das Lesen. <\/p><div class=\"wp-block-image\"><figure class=\"aligncenter size-full is-resized\"><img loading=\"lazy\" decoding=\"async\" class=\"wp-image-74969\" src=\"https:\/\/exceladvisor.org\/wp-content\/uploads\/2023\/08\/1-mettre-en-surbrillance-des-rangees-alternees.png\" sizes=\"auto, \" srcset=\"\" alt=\"Markieren Sie alternative Zeilen\" width=\"812\" height=\"433\"><\/figure><\/div><p> In diesem Tutorial besprechen wir drei einfache Methoden, die Sie verwenden k\u00f6nnen.<\/p><h2 class=\"wp-block-heading\"> Verwenden Sie eine Excel-Tabelle, um alternative Zeilen in Excel hervorzuheben<\/h2><p> Die Verwendung einer Excel-Tabelle ist die beste und einfachste M\u00f6glichkeit, Farbmuster anzuwenden, um alternative Zeilen in Excel hervorzuheben.<\/p><ol><li> W\u00e4hlen Sie die Daten aus, auf die Sie es anwenden m\u00f6chten. <br><img loading=\"lazy\" decoding=\"async\" title=\"2-Daten ausw\u00e4hlen\" src=\"https:\/\/exceladvisor.org\/wp-content\/uploads\/2023\/08\/2-selectionner-les-donnees.png\" sizes=\"auto, \" srcset=\"\" alt=\"select-data\" width=\"540\" height=\"279\"><\/li><li> Gehen Sie anschlie\u00dfend zur Registerkarte \u201eEinf\u00fcgen\u201c und klicken Sie auf die Schaltfl\u00e4che \u201eTabelle\u201c. Sie k\u00f6nnen auch die Tastenkombination Strg + T verwenden. <br><img loading=\"lazy\" decoding=\"async\" title=\"Tabellenschaltfl\u00e4che mit 3 Klicks\" src=\"https:\/\/exceladvisor.org\/wp-content\/uploads\/2023\/08\/Bouton-de-tableau-a-3-clics.png\" sizes=\"auto, \" srcset=\"\" alt=\"click-table-button\" width=\"421\" height=\"304\"><\/li><li> Stellen Sie nun sicher, dass im Dialogfeld \u201eMeine Tabelle hat Kopfzeilen\u201c ein H\u00e4kchen gesetzt ist. <br><img loading=\"lazy\" decoding=\"async\" title=\"4-H\u00e4kchen-meine-Tabellen\u00fcberschriften\" src=\"https:\/\/exceladvisor.org\/wp-content\/uploads\/2023\/08\/4-cochez-mes-en-tetes-de-tableau.png\" sizes=\"auto, \" srcset=\"\" alt=\"check-mark-my-table-headers\" width=\"255\" height=\"158\"><\/li><li> Klicken Sie abschlie\u00dfend auf OK, um die Tabelle anzuwenden.<\/li><\/ol><p> Sobald Sie auf \u201eOK\u201c klicken, erhalten Sie einen Standardtabellenstil f\u00fcr Ihre Daten wie folgt. <\/p><div class=\"wp-block-image\"><figure class=\"aligncenter size-full is-resized\"><img loading=\"lazy\" decoding=\"async\" class=\"wp-image-74973\" src=\"https:\/\/exceladvisor.org\/wp-content\/uploads\/2023\/08\/5-styles-de-tableau-par-defaut.png\" sizes=\"auto, \" srcset=\"\" alt=\"Standardtabellenstil\" width=\"734\" height=\"308\"><\/figure><\/div><p> Sie k\u00f6nnen den Stil jedoch \u00e4ndern, wenn Sie nicht den Standardstil verwenden m\u00f6chten. Gehen Sie zur Registerkarte \u201eTabellendesign\u201c und \u00f6ffnen Sie dann \u201eTabellenstile\u201c. <\/p><div class=\"wp-block-image\"><figure class=\"aligncenter size-full is-resized\"><img loading=\"lazy\" decoding=\"async\" class=\"wp-image-74974\" src=\"https:\/\/exceladvisor.org\/wp-content\/uploads\/2023\/08\/6-onglet-de-conception-de-table.png\" sizes=\"auto, \" srcset=\"\" alt=\"Tischdesign-Registerkarte\" width=\"551\" height=\"321\"><\/figure><\/div><p> Unter den Stilen k\u00f6nnen Sie einen ausw\u00e4hlen oder einen Stil von Grund auf selbst erstellen. <\/p><div class=\"wp-block-image\"><figure class=\"aligncenter size-full is-resized\"><img loading=\"lazy\" decoding=\"async\" class=\"wp-image-74975\" src=\"https:\/\/exceladvisor.org\/wp-content\/uploads\/2023\/08\/7-Choisissez-parmi-plusieurs-modeles-de-table.png\" sizes=\"auto, \" srcset=\"\" alt=\"W\u00e4hlen Sie aus mehreren Tischmodellen\" width=\"566\" height=\"324\"><\/figure><\/div><h2 class=\"wp-block-heading\"> Verwenden Sie bedingte Formatierung, um Farbfelder auf alternative Zeilen anzuwenden<\/h2><p> Sie k\u00f6nnen in der bedingten Formatierung auch eine Formel verwenden, um auf jede Zeile im Datum ein Farbfeld anzuwenden. Mit dieser Methode haben Sie eine bessere Kontrolle und k\u00f6nnen individueller vorgehen.<\/p><ol><li> W\u00e4hlen Sie zun\u00e4chst die Daten aus, auf die Sie die Farbfelder anwenden m\u00f6chten. <br><img loading=\"lazy\" decoding=\"async\" title=\"8-Daten ausw\u00e4hlen, um Farbt\u00f6ne anzuwenden\" src=\"https:\/\/exceladvisor.org\/wp-content\/uploads\/2023\/08\/8-selectionner-des-donnees-pour-appliquer-des-nuances-de-couleur.png\" sizes=\"auto, \" srcset=\"\" alt=\"select-data-to-apply-color-shades\" width=\"537\" height=\"280\"><\/li><li> Gehen Sie anschlie\u00dfend zur Registerkarte \u201eStartseite\u201c und klicken Sie auf die Dropdown-Liste \u201eBedingte Formatierung\u201c. <br><img loading=\"lazy\" decoding=\"async\" title=\"Bedingte Formatierung in 9 Klicks\" src=\"https:\/\/exceladvisor.org\/wp-content\/uploads\/2023\/08\/9-cliquez-sur-la-mise-en-forme-conditionnelle.png\" sizes=\"auto, \" srcset=\"\" alt=\"click-on-conditional-formatting\" width=\"445\" height=\"232\"><\/li><li> Klicken Sie dort auf die neue Regel. <br><img loading=\"lazy\" decoding=\"async\" title=\"10-Klick-Neue-Regel\" src=\"https:\/\/exceladvisor.org\/wp-content\/uploads\/2023\/08\/10-clics-nouvelle-regle.png\" sizes=\"auto, \" srcset=\"\" alt=\"click-new-rule\" width=\"238\" height=\"434\"><\/li><li> Klicken Sie anschlie\u00dfend auf \u201eEine Formel verwenden, um zu bestimmen, welche Zelle formatiert werden soll\u201c. <br><img loading=\"lazy\" decoding=\"async\" title=\"11-Klick-verwenden-eine-Formel-zu-bestimmen, welche Zelle formatiert werden soll\" src=\"https:\/\/exceladvisor.org\/wp-content\/uploads\/2023\/08\/11-cliquez-sur-utiliser-une-formule-pour-determiner-quelle-cellule-formater.png\" sizes=\"auto, \" srcset=\"\" alt=\"click-on-use-a-formula-to-determine-which-cell-to-format\" width=\"538\" height=\"200\"><\/li><li> An dieser Stelle haben Sie eine Eingabeleiste zum Hinzuf\u00fcgen einer Formel, genau wie ich es unten habe. <br><img loading=\"lazy\" decoding=\"async\" title=\"Leiste mit 12 Formeln zum Hinzuf\u00fcgen einer Formel\" src=\"https:\/\/exceladvisor.org\/wp-content\/uploads\/2023\/08\/12-barre-de-formule-pour-ajouter-une-formule.png\" sizes=\"auto, \" srcset=\"\" alt=\"formula-bar-to-add-a- formula\" width=\"516\" height=\"344\"><\/li><\/ol><p> Jetzt m\u00fcssen Sie eine der folgenden Formeln eingeben:<\/p><ul><li class=\"formula\"> =ISEVEN(ROW()) \u2013 Ob Sie gerade Zeilen schattieren m\u00f6chten.<\/li><li class=\"formula\"> =ISODD(ROW()) \u2013 Ob Sie ungerade Zeilen schattieren m\u00f6chten. <\/li><\/ul><div class=\"wp-block-image\"><figure class=\"aligncenter size-full is-resized\"><img loading=\"lazy\" decoding=\"async\" class=\"wp-image-74981\" src=\"https:\/\/exceladvisor.org\/wp-content\/uploads\/2023\/08\/13-entrer-la-formule.png\" sizes=\"auto, \" srcset=\"\" alt=\"Geben Sie die Formel ein\" width=\"701\" height=\"118\"><\/figure><\/div><p> Klicken Sie anschlie\u00dfend auf die Schaltfl\u00e4che \u201eFormatieren\u201c, um zu entscheiden, welchen Farbton Sie jeder alternativen Zeile zuweisen m\u00f6chten, um sie hervorzuheben. <\/p><div class=\"wp-block-image\"><figure class=\"aligncenter size-full is-resized\"><img loading=\"lazy\" decoding=\"async\" class=\"wp-image-74982\" src=\"https:\/\/exceladvisor.org\/wp-content\/uploads\/2023\/08\/14-cliquez-sur-le-bouton-formater.png\" sizes=\"auto, \" srcset=\"\" alt=\"Klicken Sie auf die Schaltfl\u00e4che \u201eFormatieren\u201c.\" width=\"638\" height=\"236\"><\/figure><\/div><p> Klicken Sie abschlie\u00dfend auf OK, um die bedingte Formatierung anzuwenden. <\/p><div class=\"wp-block-image\"><figure class=\"aligncenter size-full is-resized\"><img loading=\"lazy\" decoding=\"async\" class=\"wp-image-74983\" src=\"https:\/\/exceladvisor.org\/wp-content\/uploads\/2023\/08\/15-appliquer-la-mise-en-forme-conditionnelle.png\" sizes=\"auto, \" srcset=\"\" alt=\"Wenden Sie eine bedingte Formatierung an\" width=\"708\" height=\"385\"><\/figure><\/div><h2 class=\"wp-block-heading\"> Verwenden Sie VBA-Code, um Farbe auf alternative Zeilen anzuwenden<\/h2><p> Sie wissen, wie man VBA in Excel verwendet; Sie k\u00f6nnen ein Makro verwenden, um auf jede alternative Zeile ein Farbfeld anzuwenden. W\u00e4hlen Sie einfach den Bereich aus und f\u00fchren Sie den folgenden Code aus. <\/p><div class=\"wp-block-image\"><figure class=\"aligncenter size-full is-resized\"><img loading=\"lazy\" decoding=\"async\" class=\"wp-image-74984\" src=\"https:\/\/exceladvisor.org\/wp-content\/uploads\/2023\/08\/16-code-vba-pour-appliquer-la-couleur.png\" sizes=\"auto, \" srcset=\"\" alt=\"VBA-Code zum Anwenden von Farbe\" width=\"612\" height=\"540\"><\/figure><\/div><pre class=\"wp-block-code\"> <code class=\"language-visual-basic\" lang=\"visual-basic\">Sub apply_shades_to_alternate_rows() Dim myRange As Range Dim i As Long Dim C1 As Long Dim C2 As Long 'define colors C1 = RGB(238, 238, 238) C2 = RGB(145, 196, 131) 'checks if a range is selected or not If TypeName(Selection) &lt;&gt; \"Range\" Then Exit Sub 'specify the range to the variable Set myRange = Selection 'end the code if only one row is selected If myRange.Rows.Count = 1 Then Exit Sub 'loop through each row one by one and color alternate rows with different color shade For i = 1 To myRange.Rows.Count If i Mod 2 = 0 Then myRange.Rows(i).Interior.Color = C2 'Even Row Shade Else myRange.Rows(i).Interior.Color = C1 'Odd Row Shade End If Next i End Sub<\/code><\/pre><p> <em>Quicklinks: <a href=\"https:\/\/exceladvisor.org\/de\/einfacher-visueller-editor\/\">Visual Basic Editor<\/a> \u2013 <a href=\"https:\/\/exceladvisor.org\/de\/ein-makro-ausfuhren-2\/\">VBA-Code ausf\u00fchren<\/a><\/em><\/p><div class=\"gb-container gb-container-4db6181c gb-container-mt\"> <a class=\"gb-button gb-button-c5897111 gb-button-text gb-button-mt-button\" href=\"https:\/\/exceladvisor.org\/de\/excel-fortschritt\/\">Erweiterte Excel-Tutorials<\/a><h2 class=\"gb-headline gb-headline-665e5f6b gb-headline-text gb-headline-mt-heading\"> Verwandte Tutorials <\/h2><div class=\"gb-grid-wrapper gb-grid-wrapper-a20baf7c gb-grid-wrapper-mt-grid\"><div class=\"gb-grid-column gb-grid-column-65ddf67e\"><div class=\"gb-container gb-container-65ddf67e\"><ul><li> <a href=\"https:\/\/exceladvisor.org\/de\/formeln-1\/\" data-wpil=\"url\">Formeln in bedingter Formatierung<\/a><\/li><li> <a href=\"https:\/\/exceladvisor.org\/de\/automatisch-formatieren\/\">Automatische Formatierungsoption in Excel<\/a><\/li><li> <a href=\"https:\/\/exceladvisor.org\/de\/icon-spiele\/\" data-wpil=\"url\">Symbols\u00e4tze in Excel verwenden (bedingte Formatierung)<\/a> <\/li><\/ul><\/div><\/div><div class=\"gb-grid-column gb-grid-column-50067b57\"><div class=\"gb-container gb-container-50067b57\"><ul><li> <a href=\"https:\/\/exceladvisor.org\/de\/beste-schriftarten\/\">Beste Schriftarten f\u00fcr Microsoft Excel<\/a><\/li><li> <a href=\"https:\/\/exceladvisor.org\/de\/nullen-ausblenden\/\">Nullwerte in Excel ausblenden<\/a><\/li><li> <a href=\"https:\/\/exceladvisor.org\/de\/a\/\" data-wpil=\"url\">Entfernen Sie die bedingte Formatierung in Excel<\/a><\/li><\/ul><\/div><\/div><\/div><\/div>","protected":false},"excerpt":{"rendered":"","protected":false},"author":1,"featured_media":0,"parent":0,"menu_order":0,"comment_status":"open","ping_status":"closed","template":"","meta":{"ub_ctt_via":"","footnotes":""},"class_list":["post-3400","page","type-page","status-publish","hentry"],"featured_image_src":null,"yoast_head":"<!-- This site is optimized with the Yoast SEO plugin v25.4 - https:\/\/yoast.com\/wordpress\/plugins\/seo\/ -->\n<title>Wie kann ich alternative Zeilen in Excel hervorheben?<\/title>\n<meta name=\"description\" content=\"In diesem Tutorial lernen wir, wie man abwechselnde Linien mit einem Farbfeld hervorhebt.\" \/>\n<meta name=\"robots\" content=\"index, follow, max-snippet:-1, max-image-preview:large, max-video-preview:-1\" \/>\n<link rel=\"canonical\" href=\"https:\/\/exceladvisor.org\/de\/markieren-sie-abwechselnde-zeilen\/\" \/>\n<meta property=\"og:locale\" content=\"de_DE\" \/>\n<meta property=\"og:type\" content=\"article\" \/>\n<meta property=\"og:title\" content=\"Wie kann ich alternative Zeilen in Excel hervorheben?\" \/>\n<meta property=\"og:description\" content=\"In diesem Tutorial lernen wir, wie man abwechselnde Linien mit einem Farbfeld hervorhebt.\" \/>\n<meta property=\"og:url\" content=\"https:\/\/exceladvisor.org\/de\/markieren-sie-abwechselnde-zeilen\/\" \/>\n<meta property=\"og:site_name\" content=\"Excel Advisor\" \/>\n<meta property=\"article:modified_time\" content=\"2023-12-03T11:22:12+00:00\" \/>\n<meta property=\"og:image\" content=\"https:\/\/exceladvisor.org\/wp-content\/uploads\/2023\/08\/1-mettre-en-surbrillance-des-rangees-alternees.png\" \/>\n<meta name=\"twitter:card\" content=\"summary_large_image\" \/>\n<meta name=\"twitter:label1\" content=\"Gesch\u00e4tzte Lesezeit\" \/>\n\t<meta name=\"twitter:data1\" content=\"3\u00a0Minuten\" \/>\n<script type=\"application\/ld+json\" class=\"yoast-schema-graph\">{\"@context\":\"https:\/\/schema.org\",\"@graph\":[{\"@type\":\"WebPage\",\"@id\":\"https:\/\/exceladvisor.org\/de\/markieren-sie-abwechselnde-zeilen\/\",\"url\":\"https:\/\/exceladvisor.org\/de\/markieren-sie-abwechselnde-zeilen\/\",\"name\":\"Wie kann ich alternative Zeilen in Excel hervorheben?\",\"isPartOf\":{\"@id\":\"https:\/\/exceladvisor.org\/de\/#website\"},\"primaryImageOfPage\":{\"@id\":\"https:\/\/exceladvisor.org\/de\/markieren-sie-abwechselnde-zeilen\/#primaryimage\"},\"image\":{\"@id\":\"https:\/\/exceladvisor.org\/de\/markieren-sie-abwechselnde-zeilen\/#primaryimage\"},\"thumbnailUrl\":\"https:\/\/exceladvisor.org\/wp-content\/uploads\/2023\/08\/1-mettre-en-surbrillance-des-rangees-alternees.png\",\"datePublished\":\"2023-10-29T05:18:31+00:00\",\"dateModified\":\"2023-12-03T11:22:12+00:00\",\"description\":\"In diesem Tutorial lernen wir, wie man abwechselnde Linien mit einem Farbfeld hervorhebt.\",\"breadcrumb\":{\"@id\":\"https:\/\/exceladvisor.org\/de\/markieren-sie-abwechselnde-zeilen\/#breadcrumb\"},\"inLanguage\":\"de\",\"potentialAction\":[{\"@type\":\"ReadAction\",\"target\":[\"https:\/\/exceladvisor.org\/de\/markieren-sie-abwechselnde-zeilen\/\"]}]},{\"@type\":\"ImageObject\",\"inLanguage\":\"de\",\"@id\":\"https:\/\/exceladvisor.org\/de\/markieren-sie-abwechselnde-zeilen\/#primaryimage\",\"url\":\"https:\/\/exceladvisor.org\/wp-content\/uploads\/2023\/08\/1-mettre-en-surbrillance-des-rangees-alternees.png\",\"contentUrl\":\"https:\/\/exceladvisor.org\/wp-content\/uploads\/2023\/08\/1-mettre-en-surbrillance-des-rangees-alternees.png\"},{\"@type\":\"BreadcrumbList\",\"@id\":\"https:\/\/exceladvisor.org\/de\/markieren-sie-abwechselnde-zeilen\/#breadcrumb\",\"itemListElement\":[{\"@type\":\"ListItem\",\"position\":1,\"name\":\"Accueil\",\"item\":\"https:\/\/exceladvisor.org\/de\/\"},{\"@type\":\"ListItem\",\"position\":2,\"name\":\"Wie kann man abwechselnde reihen mit einem farbton hervorheben?\"}]},{\"@type\":\"WebSite\",\"@id\":\"https:\/\/exceladvisor.org\/de\/#website\",\"url\":\"https:\/\/exceladvisor.org\/de\/\",\"name\":\"Excel Advisor\",\"description\":\"Ihr Leitfaden zur Datendominanz\",\"publisher\":{\"@id\":\"https:\/\/exceladvisor.org\/de\/#organization\"},\"potentialAction\":[{\"@type\":\"SearchAction\",\"target\":{\"@type\":\"EntryPoint\",\"urlTemplate\":\"https:\/\/exceladvisor.org\/de\/?s={search_term_string}\"},\"query-input\":{\"@type\":\"PropertyValueSpecification\",\"valueRequired\":true,\"valueName\":\"search_term_string\"}}],\"inLanguage\":\"de\"},{\"@type\":\"Organization\",\"@id\":\"https:\/\/exceladvisor.org\/de\/#organization\",\"name\":\"Excel Advisor\",\"url\":\"https:\/\/exceladvisor.org\/de\/\",\"logo\":{\"@type\":\"ImageObject\",\"inLanguage\":\"de\",\"@id\":\"https:\/\/exceladvisor.org\/de\/#\/schema\/logo\/image\/\",\"url\":\"https:\/\/exceladvisor.org\/de\/wp-content\/uploads\/2023\/11\/exceladvisor.org_.png\",\"contentUrl\":\"https:\/\/exceladvisor.org\/de\/wp-content\/uploads\/2023\/11\/exceladvisor.org_.png\",\"width\":105,\"height\":36,\"caption\":\"Excel Advisor\"},\"image\":{\"@id\":\"https:\/\/exceladvisor.org\/de\/#\/schema\/logo\/image\/\"}}]}<\/script>\n<!-- \/ Yoast SEO plugin. -->","yoast_head_json":{"title":"Wie kann ich alternative Zeilen in Excel hervorheben?","description":"In diesem Tutorial lernen wir, wie man abwechselnde Linien mit einem Farbfeld hervorhebt.","robots":{"index":"index","follow":"follow","max-snippet":"max-snippet:-1","max-image-preview":"max-image-preview:large","max-video-preview":"max-video-preview:-1"},"canonical":"https:\/\/exceladvisor.org\/de\/markieren-sie-abwechselnde-zeilen\/","og_locale":"de_DE","og_type":"article","og_title":"Wie kann ich alternative Zeilen in Excel hervorheben?","og_description":"In diesem Tutorial lernen wir, wie man abwechselnde Linien mit einem Farbfeld hervorhebt.","og_url":"https:\/\/exceladvisor.org\/de\/markieren-sie-abwechselnde-zeilen\/","og_site_name":"Excel Advisor","article_modified_time":"2023-12-03T11:22:12+00:00","og_image":[{"url":"https:\/\/exceladvisor.org\/wp-content\/uploads\/2023\/08\/1-mettre-en-surbrillance-des-rangees-alternees.png","type":"","width":"","height":""}],"twitter_card":"summary_large_image","twitter_misc":{"Gesch\u00e4tzte Lesezeit":"3\u00a0Minuten"},"schema":{"@context":"https:\/\/schema.org","@graph":[{"@type":"WebPage","@id":"https:\/\/exceladvisor.org\/de\/markieren-sie-abwechselnde-zeilen\/","url":"https:\/\/exceladvisor.org\/de\/markieren-sie-abwechselnde-zeilen\/","name":"Wie kann ich alternative Zeilen in Excel hervorheben?","isPartOf":{"@id":"https:\/\/exceladvisor.org\/de\/#website"},"primaryImageOfPage":{"@id":"https:\/\/exceladvisor.org\/de\/markieren-sie-abwechselnde-zeilen\/#primaryimage"},"image":{"@id":"https:\/\/exceladvisor.org\/de\/markieren-sie-abwechselnde-zeilen\/#primaryimage"},"thumbnailUrl":"https:\/\/exceladvisor.org\/wp-content\/uploads\/2023\/08\/1-mettre-en-surbrillance-des-rangees-alternees.png","datePublished":"2023-10-29T05:18:31+00:00","dateModified":"2023-12-03T11:22:12+00:00","description":"In diesem Tutorial lernen wir, wie man abwechselnde Linien mit einem Farbfeld hervorhebt.","breadcrumb":{"@id":"https:\/\/exceladvisor.org\/de\/markieren-sie-abwechselnde-zeilen\/#breadcrumb"},"inLanguage":"de","potentialAction":[{"@type":"ReadAction","target":["https:\/\/exceladvisor.org\/de\/markieren-sie-abwechselnde-zeilen\/"]}]},{"@type":"ImageObject","inLanguage":"de","@id":"https:\/\/exceladvisor.org\/de\/markieren-sie-abwechselnde-zeilen\/#primaryimage","url":"https:\/\/exceladvisor.org\/wp-content\/uploads\/2023\/08\/1-mettre-en-surbrillance-des-rangees-alternees.png","contentUrl":"https:\/\/exceladvisor.org\/wp-content\/uploads\/2023\/08\/1-mettre-en-surbrillance-des-rangees-alternees.png"},{"@type":"BreadcrumbList","@id":"https:\/\/exceladvisor.org\/de\/markieren-sie-abwechselnde-zeilen\/#breadcrumb","itemListElement":[{"@type":"ListItem","position":1,"name":"Accueil","item":"https:\/\/exceladvisor.org\/de\/"},{"@type":"ListItem","position":2,"name":"Wie kann man abwechselnde reihen mit einem farbton hervorheben?"}]},{"@type":"WebSite","@id":"https:\/\/exceladvisor.org\/de\/#website","url":"https:\/\/exceladvisor.org\/de\/","name":"Excel Advisor","description":"Ihr Leitfaden zur Datendominanz","publisher":{"@id":"https:\/\/exceladvisor.org\/de\/#organization"},"potentialAction":[{"@type":"SearchAction","target":{"@type":"EntryPoint","urlTemplate":"https:\/\/exceladvisor.org\/de\/?s={search_term_string}"},"query-input":{"@type":"PropertyValueSpecification","valueRequired":true,"valueName":"search_term_string"}}],"inLanguage":"de"},{"@type":"Organization","@id":"https:\/\/exceladvisor.org\/de\/#organization","name":"Excel Advisor","url":"https:\/\/exceladvisor.org\/de\/","logo":{"@type":"ImageObject","inLanguage":"de","@id":"https:\/\/exceladvisor.org\/de\/#\/schema\/logo\/image\/","url":"https:\/\/exceladvisor.org\/de\/wp-content\/uploads\/2023\/11\/exceladvisor.org_.png","contentUrl":"https:\/\/exceladvisor.org\/de\/wp-content\/uploads\/2023\/11\/exceladvisor.org_.png","width":105,"height":36,"caption":"Excel Advisor"},"image":{"@id":"https:\/\/exceladvisor.org\/de\/#\/schema\/logo\/image\/"}}]}},"yoast_meta":{"yoast_wpseo_title":"","yoast_wpseo_metadesc":"","yoast_wpseo_canonical":""},"_links":{"self":[{"href":"https:\/\/exceladvisor.org\/de\/wp-json\/wp\/v2\/pages\/3400","targetHints":{"allow":["GET"]}}],"collection":[{"href":"https:\/\/exceladvisor.org\/de\/wp-json\/wp\/v2\/pages"}],"about":[{"href":"https:\/\/exceladvisor.org\/de\/wp-json\/wp\/v2\/types\/page"}],"author":[{"embeddable":true,"href":"https:\/\/exceladvisor.org\/de\/wp-json\/wp\/v2\/users\/1"}],"replies":[{"embeddable":true,"href":"https:\/\/exceladvisor.org\/de\/wp-json\/wp\/v2\/comments?post=3400"}],"version-history":[{"count":1,"href":"https:\/\/exceladvisor.org\/de\/wp-json\/wp\/v2\/pages\/3400\/revisions"}],"predecessor-version":[{"id":4106,"href":"https:\/\/exceladvisor.org\/de\/wp-json\/wp\/v2\/pages\/3400\/revisions\/4106"}],"wp:attachment":[{"href":"https:\/\/exceladvisor.org\/de\/wp-json\/wp\/v2\/media?parent=3400"}],"curies":[{"name":"wp","href":"https:\/\/api.w.org\/{rel}","templated":true}]}}