{"id":3401,"date":"2023-10-29T05:12:25","date_gmt":"2023-10-29T05:12:25","guid":{"rendered":"https:\/\/exceladvisor.org\/de\/seitenausrichtung-andern\/"},"modified":"2023-12-03T11:13:45","modified_gmt":"2023-12-03T11:13:45","slug":"seitenausrichtung-andern","status":"publish","type":"page","link":"https:\/\/exceladvisor.org\/de\/seitenausrichtung-andern\/","title":{"rendered":"Wie \u00e4ndere ich die seitenausrichtung in excel?"},"content":{"rendered":"<div class=\"excel-vor-dem-inhalt\" id=\"excel-3536836032\"><script type=\"text\/javascript\">\r\n\tatOptions = {\r\n\t\t'key' : 'c1158f160081d6540a8409e6925dab94',\r\n\t\t'format' : 'iframe',\r\n\t\t'height' : 250,\r\n\t\t'width' : 300,\r\n\t\t'params' : {}\r\n\t};\r\n<\/script>\r\n<script type=\"text\/javascript\" src=\"\/\/www.highperformanceformat.com\/c1158f160081d6540a8409e6925dab94\/invoke.js\"><\/script><\/div> <p>In Excel gibt es zwei verschiedene Ausrichtungen (Hochformat oder Querformat), die Sie verwenden und je nach Bedarf \u00e4ndern k\u00f6nnen. In diesem Tutorial erfahren Sie, wie Sie die Seitenausrichtung in Excel \u00e4ndern. <\/p><div class=\"wp-block-image\"><figure class=\"aligncenter size-full is-resized\"><img loading=\"lazy\" decoding=\"async\" class=\"wp-image-74829\" src=\"https:\/\/exceladvisor.org\/wp-content\/uploads\/2023\/08\/1-changer-lorientation-des-pages.png\" sizes=\"auto, \" srcset=\"\" alt=\"Seitenausrichtung \u00e4ndern\" width=\"590\" height=\"264\"><\/figure><\/div><h2 class=\"wp-block-heading\"> Schritte zum \u00c4ndern der Seitenausrichtung<\/h2><ol><li> Gehen Sie zun\u00e4chst zur Registerkarte \u201eLayout\u201c. <br><img loading=\"lazy\" decoding=\"async\" title=\"2 Registerkarte \u201eSeitenlayout\u201c.\" src=\"https:\/\/exceladvisor.org\/wp-content\/uploads\/2023\/08\/onglet-mise-en-page-2-pages.png\" sizes=\"auto, \" srcset=\"\" alt=\"page-layout-tab\" width=\"434\" height=\"100\"><\/li><li> Dann haben Sie im Layout die Gruppe \u201eLayout\u201c und eine Ausrichtungsoption. <br><img loading=\"lazy\" decoding=\"async\" title=\"3-Orientierungs-Symbol\" src=\"https:\/\/exceladvisor.org\/wp-content\/uploads\/2023\/08\/3-icone-dorientation.png\" sizes=\"auto, \" srcset=\"\" alt=\"orientation-icon\" width=\"508\" height=\"130\"><\/li><li> Klicken Sie nun auf das Dropdown-Men\u00fc \u201eAusrichtung\u201c. <br><img loading=\"lazy\" decoding=\"async\" title=\"4-Wege-Dropdown-Liste\" src=\"https:\/\/exceladvisor.org\/wp-content\/uploads\/2023\/08\/4-menus-deroulants-dorientation.png\" sizes=\"auto, \" srcset=\"\" alt=\"orientation-drop-down\" width=\"508\" height=\"285\"><\/li><li> Klicken Sie abschlie\u00dfend auf und w\u00e4hlen Sie die Ausrichtung (Hochformat oder Querformat) aus, die Sie anwenden m\u00f6chten.<\/li><\/ol><p> Dies ist die einfachste M\u00f6glichkeit, die Ausrichtung einer Seite in Excel zu \u00e4ndern.<\/p><h2 class=\"wp-block-heading\"> \u00c4ndern Sie die Seitenausrichtung im Dialogfeld \u201eSeite einrichten\u201c.<\/h2><ol><li> Verwenden Sie zun\u00e4chst die Tastenkombination (Alt \u21e2 P \u21e2 S \u21e2 P), um das Layout-Dialogfeld zu \u00f6ffnen, oder klicken Sie auf den Abw\u00e4rtspfeil unten rechts in der Gruppe \u201eLayout\u201c. <br><img loading=\"lazy\" decoding=\"async\" title=\"5-seitige Konfigurationsgruppe\" src=\"https:\/\/exceladvisor.org\/wp-content\/uploads\/2023\/08\/Groupe-de-configuration-de-5-pages.png\" sizes=\"auto, \" srcset=\"\" alt=\"page-setup-group\" width=\"546\" height=\"166\"><\/li><li> Von dort aus k\u00f6nnen Sie im Dialogfeld \u201eSeite einrichten\u201c die Ausrichtung ausw\u00e4hlen. <br><img loading=\"lazy\" decoding=\"async\" title=\"6-Hochformat-Ausrichtung ausw\u00e4hlen\" src=\"https:\/\/exceladvisor.org\/wp-content\/uploads\/2023\/08\/6-selectionner-lorientation-portrait.png\" sizes=\"auto, \" srcset=\"\" alt=\"select-orientation-portrait\" width=\"528\" height=\"157\"><\/li><li> \u00c4ndern Sie nun die Ausrichtung wie gew\u00fcnscht. <br><img loading=\"lazy\" decoding=\"async\" title=\"7-Auswahl-Querformat-Ausrichtung\" src=\"https:\/\/exceladvisor.org\/wp-content\/uploads\/2023\/08\/7-selectionner-lorientation-paysage.png\" sizes=\"auto, \" srcset=\"\" alt=\"select-orientation-landscape\" width=\"525\" height=\"160\"><\/li><li> Klicken Sie abschlie\u00dfend auf \u201eOK\u201c, um den Antrag zu \u00fcbernehmen.<\/li><\/ol><h2 class=\"wp-block-heading\"> \u00c4ndern Sie die Seitenausrichtung in der Druckvorschau<\/h2><p> Sie k\u00f6nnen die Ausrichtung in der Druckvorschau \u00e4ndern.<\/p><ol type=\"1\"><li> Verwenden Sie die Tastenkombination (Strg + P), um die Druckvorschau zu \u00f6ffnen.<\/li><li> Klicken Sie auf das Dropdown-Men\u00fc \u201eAusrichtung\u201c.<\/li><li> W\u00e4hlen Sie die Ausrichtung (Hochformat und Querformat) aus der Liste aus.<\/li><li> Dadurch wird die Ausrichtung sofort ge\u00e4ndert. <\/li><\/ol><div class=\"wp-block-image\"><figure class=\"aligncenter size-full is-resized\"><img loading=\"lazy\" decoding=\"async\" class=\"wp-image-74836\" src=\"https:\/\/exceladvisor.org\/wp-content\/uploads\/2023\/08\/8-orientation-a-partir-de-lapercu-avant-impression.png\" sizes=\"auto, \" srcset=\"\" alt=\"Ausrichtung aus der Druckvorschau\" width=\"345\" height=\"282\"><\/figure><\/div><h2 class=\"wp-block-heading\"> Verwenden Sie VBA-Code<\/h2><p> Sie k\u00f6nnen die Ausrichtung auch mit VBA-Code \u00e4ndern. <\/p><div class=\"wp-block-image\"><figure class=\"aligncenter size-full is-resized\"><img loading=\"lazy\" decoding=\"async\" class=\"wp-image-74837\" src=\"https:\/\/exceladvisor.org\/wp-content\/uploads\/2023\/08\/9-orientation-du-changement-de-code-vba.png\" sizes=\"auto, \" srcset=\"\" alt=\"VBA-Code-\u00c4nderungsorientierung\" width=\"444\" height=\"238\"><\/figure><\/div><pre class=\"wp-block-code\"> <code class=\"language-visual-basic line-numbers\" lang=\"visual-basic\"><strong>Sub<\/strong> Macro1()   'Apply Portrait Orientation   ActiveSheet.PageSetup.Orientation = xlPortrait   'Apply Landscape Orientation   ActiveSheet.PageSetup.Orientation = xlLandscape <strong>End<\/strong> <strong>Sub<\/strong><\/code><\/pre><div class=\"gb-container gb-container-4db6181c gb-container-mt\"> <a class=\"gb-button gb-button-c5897111 gb-button-text gb-button-mt-button\" href=\"https:\/\/exceladvisor.org\/de\/excel-fortschritt\/\">Fortgeschrittenes Excel-Tutorial<\/a><h2 class=\"gb-headline gb-headline-665e5f6b gb-headline-text gb-headline-mt-heading\"> Verwandte Tutorials <\/h2><div class=\"gb-grid-wrapper gb-grid-wrapper-a20baf7c gb-grid-wrapper-mt-grid\"><div class=\"gb-grid-column gb-grid-column-65ddf67e\"><div class=\"gb-container gb-container-65ddf67e\"><ul><li> <a href=\"https:\/\/exceladvisor.org\/de\/titel-drucken\/\">Anwenden von Drucktiteln in Excel (Zeile 1 so einstellen, dass sie auf jeder Seite gedruckt wird)<\/a><\/li><li> <a href=\"https:\/\/exceladvisor.org\/de\/millimeterpapier\/\">Drucken Sie ein Millimeterpapier in Excel (quadratische Rastervorlage)<\/a><\/li><li> <a href=\"https:\/\/exceladvisor.org\/de\/seitenumbruch-entfernen\/\">Seitenumbruch in Excel entfernen<\/a><\/li><li> <a href=\"https:\/\/exceladvisor.org\/de\/druckbereich-festlegen\/\">Legen Sie den Druckbereich in Excel fest<\/a><\/li><li> <a href=\"https:\/\/exceladvisor.org\/de\/zentrieren-sie-das-arbeitsblatt-horizontal\/\">Zentrieren Sie ein Arbeitsblatt in Excel horizontal und vertikal<\/a><\/li><\/ul><\/div><\/div><\/div><\/div>","protected":false},"excerpt":{"rendered":"","protected":false},"author":1,"featured_media":0,"parent":0,"menu_order":0,"comment_status":"open","ping_status":"closed","template":"","meta":{"ub_ctt_via":"","footnotes":""},"class_list":["post-3401","page","type-page","status-publish","hentry"],"featured_image_src":null,"yoast_head":"<!-- This site is optimized with the Yoast SEO plugin v25.4 - https:\/\/yoast.com\/wordpress\/plugins\/seo\/ -->\n<title>Wie \u00e4ndere ich die Seitenausrichtung in Excel? Leitfaden 2023<\/title>\n<meta name=\"description\" content=\"In diesem Tutorial erfahren Sie, wie Sie die Seitenausrichtung in Excel mit zwei einfach zu befolgenden Methoden \u00e4ndern ...\" \/>\n<meta name=\"robots\" content=\"index, follow, max-snippet:-1, max-image-preview:large, max-video-preview:-1\" \/>\n<link rel=\"canonical\" href=\"https:\/\/exceladvisor.org\/de\/seitenausrichtung-andern\/\" \/>\n<meta property=\"og:locale\" content=\"de_DE\" \/>\n<meta property=\"og:type\" content=\"article\" \/>\n<meta property=\"og:title\" content=\"Wie \u00e4ndere ich die Seitenausrichtung in Excel? Leitfaden 2023\" \/>\n<meta property=\"og:description\" content=\"In diesem Tutorial erfahren Sie, wie Sie die Seitenausrichtung in Excel mit zwei einfach zu befolgenden Methoden \u00e4ndern ...\" \/>\n<meta property=\"og:url\" content=\"https:\/\/exceladvisor.org\/de\/seitenausrichtung-andern\/\" \/>\n<meta property=\"og:site_name\" content=\"Excel Advisor\" \/>\n<meta property=\"article:modified_time\" content=\"2023-12-03T11:13:45+00:00\" \/>\n<meta property=\"og:image\" content=\"https:\/\/exceladvisor.org\/wp-content\/uploads\/2023\/08\/1-changer-lorientation-des-pages.png\" \/>\n<meta name=\"twitter:card\" content=\"summary_large_image\" \/>\n<meta name=\"twitter:label1\" content=\"Gesch\u00e4tzte Lesezeit\" \/>\n\t<meta name=\"twitter:data1\" content=\"1\u00a0Minute\" \/>\n<script type=\"application\/ld+json\" class=\"yoast-schema-graph\">{\"@context\":\"https:\/\/schema.org\",\"@graph\":[{\"@type\":\"WebPage\",\"@id\":\"https:\/\/exceladvisor.org\/de\/seitenausrichtung-andern\/\",\"url\":\"https:\/\/exceladvisor.org\/de\/seitenausrichtung-andern\/\",\"name\":\"Wie \u00e4ndere ich die Seitenausrichtung in Excel? Leitfaden 2023\",\"isPartOf\":{\"@id\":\"https:\/\/exceladvisor.org\/de\/#website\"},\"primaryImageOfPage\":{\"@id\":\"https:\/\/exceladvisor.org\/de\/seitenausrichtung-andern\/#primaryimage\"},\"image\":{\"@id\":\"https:\/\/exceladvisor.org\/de\/seitenausrichtung-andern\/#primaryimage\"},\"thumbnailUrl\":\"https:\/\/exceladvisor.org\/wp-content\/uploads\/2023\/08\/1-changer-lorientation-des-pages.png\",\"datePublished\":\"2023-10-29T05:12:25+00:00\",\"dateModified\":\"2023-12-03T11:13:45+00:00\",\"description\":\"In diesem Tutorial erfahren Sie, wie Sie die Seitenausrichtung in Excel mit zwei einfach zu befolgenden Methoden \u00e4ndern ...\",\"breadcrumb\":{\"@id\":\"https:\/\/exceladvisor.org\/de\/seitenausrichtung-andern\/#breadcrumb\"},\"inLanguage\":\"de\",\"potentialAction\":[{\"@type\":\"ReadAction\",\"target\":[\"https:\/\/exceladvisor.org\/de\/seitenausrichtung-andern\/\"]}]},{\"@type\":\"ImageObject\",\"inLanguage\":\"de\",\"@id\":\"https:\/\/exceladvisor.org\/de\/seitenausrichtung-andern\/#primaryimage\",\"url\":\"https:\/\/exceladvisor.org\/wp-content\/uploads\/2023\/08\/1-changer-lorientation-des-pages.png\",\"contentUrl\":\"https:\/\/exceladvisor.org\/wp-content\/uploads\/2023\/08\/1-changer-lorientation-des-pages.png\"},{\"@type\":\"BreadcrumbList\",\"@id\":\"https:\/\/exceladvisor.org\/de\/seitenausrichtung-andern\/#breadcrumb\",\"itemListElement\":[{\"@type\":\"ListItem\",\"position\":1,\"name\":\"Accueil\",\"item\":\"https:\/\/exceladvisor.org\/de\/\"},{\"@type\":\"ListItem\",\"position\":2,\"name\":\"Wie \u00e4ndere ich die seitenausrichtung in excel?\"}]},{\"@type\":\"WebSite\",\"@id\":\"https:\/\/exceladvisor.org\/de\/#website\",\"url\":\"https:\/\/exceladvisor.org\/de\/\",\"name\":\"Excel Advisor\",\"description\":\"Ihr Leitfaden zur Datendominanz\",\"publisher\":{\"@id\":\"https:\/\/exceladvisor.org\/de\/#organization\"},\"potentialAction\":[{\"@type\":\"SearchAction\",\"target\":{\"@type\":\"EntryPoint\",\"urlTemplate\":\"https:\/\/exceladvisor.org\/de\/?s={search_term_string}\"},\"query-input\":{\"@type\":\"PropertyValueSpecification\",\"valueRequired\":true,\"valueName\":\"search_term_string\"}}],\"inLanguage\":\"de\"},{\"@type\":\"Organization\",\"@id\":\"https:\/\/exceladvisor.org\/de\/#organization\",\"name\":\"Excel Advisor\",\"url\":\"https:\/\/exceladvisor.org\/de\/\",\"logo\":{\"@type\":\"ImageObject\",\"inLanguage\":\"de\",\"@id\":\"https:\/\/exceladvisor.org\/de\/#\/schema\/logo\/image\/\",\"url\":\"https:\/\/exceladvisor.org\/de\/wp-content\/uploads\/2023\/11\/exceladvisor.org_.png\",\"contentUrl\":\"https:\/\/exceladvisor.org\/de\/wp-content\/uploads\/2023\/11\/exceladvisor.org_.png\",\"width\":105,\"height\":36,\"caption\":\"Excel Advisor\"},\"image\":{\"@id\":\"https:\/\/exceladvisor.org\/de\/#\/schema\/logo\/image\/\"}}]}<\/script>\n<!-- \/ Yoast SEO plugin. -->","yoast_head_json":{"title":"Wie \u00e4ndere ich die Seitenausrichtung in Excel? Leitfaden 2023","description":"In diesem Tutorial erfahren Sie, wie Sie die Seitenausrichtung in Excel mit zwei einfach zu befolgenden Methoden \u00e4ndern ...","robots":{"index":"index","follow":"follow","max-snippet":"max-snippet:-1","max-image-preview":"max-image-preview:large","max-video-preview":"max-video-preview:-1"},"canonical":"https:\/\/exceladvisor.org\/de\/seitenausrichtung-andern\/","og_locale":"de_DE","og_type":"article","og_title":"Wie \u00e4ndere ich die Seitenausrichtung in Excel? Leitfaden 2023","og_description":"In diesem Tutorial erfahren Sie, wie Sie die Seitenausrichtung in Excel mit zwei einfach zu befolgenden Methoden \u00e4ndern ...","og_url":"https:\/\/exceladvisor.org\/de\/seitenausrichtung-andern\/","og_site_name":"Excel Advisor","article_modified_time":"2023-12-03T11:13:45+00:00","og_image":[{"url":"https:\/\/exceladvisor.org\/wp-content\/uploads\/2023\/08\/1-changer-lorientation-des-pages.png","type":"","width":"","height":""}],"twitter_card":"summary_large_image","twitter_misc":{"Gesch\u00e4tzte Lesezeit":"1\u00a0Minute"},"schema":{"@context":"https:\/\/schema.org","@graph":[{"@type":"WebPage","@id":"https:\/\/exceladvisor.org\/de\/seitenausrichtung-andern\/","url":"https:\/\/exceladvisor.org\/de\/seitenausrichtung-andern\/","name":"Wie \u00e4ndere ich die Seitenausrichtung in Excel? Leitfaden 2023","isPartOf":{"@id":"https:\/\/exceladvisor.org\/de\/#website"},"primaryImageOfPage":{"@id":"https:\/\/exceladvisor.org\/de\/seitenausrichtung-andern\/#primaryimage"},"image":{"@id":"https:\/\/exceladvisor.org\/de\/seitenausrichtung-andern\/#primaryimage"},"thumbnailUrl":"https:\/\/exceladvisor.org\/wp-content\/uploads\/2023\/08\/1-changer-lorientation-des-pages.png","datePublished":"2023-10-29T05:12:25+00:00","dateModified":"2023-12-03T11:13:45+00:00","description":"In diesem Tutorial erfahren Sie, wie Sie die Seitenausrichtung in Excel mit zwei einfach zu befolgenden Methoden \u00e4ndern ...","breadcrumb":{"@id":"https:\/\/exceladvisor.org\/de\/seitenausrichtung-andern\/#breadcrumb"},"inLanguage":"de","potentialAction":[{"@type":"ReadAction","target":["https:\/\/exceladvisor.org\/de\/seitenausrichtung-andern\/"]}]},{"@type":"ImageObject","inLanguage":"de","@id":"https:\/\/exceladvisor.org\/de\/seitenausrichtung-andern\/#primaryimage","url":"https:\/\/exceladvisor.org\/wp-content\/uploads\/2023\/08\/1-changer-lorientation-des-pages.png","contentUrl":"https:\/\/exceladvisor.org\/wp-content\/uploads\/2023\/08\/1-changer-lorientation-des-pages.png"},{"@type":"BreadcrumbList","@id":"https:\/\/exceladvisor.org\/de\/seitenausrichtung-andern\/#breadcrumb","itemListElement":[{"@type":"ListItem","position":1,"name":"Accueil","item":"https:\/\/exceladvisor.org\/de\/"},{"@type":"ListItem","position":2,"name":"Wie \u00e4ndere ich die seitenausrichtung in excel?"}]},{"@type":"WebSite","@id":"https:\/\/exceladvisor.org\/de\/#website","url":"https:\/\/exceladvisor.org\/de\/","name":"Excel Advisor","description":"Ihr Leitfaden zur Datendominanz","publisher":{"@id":"https:\/\/exceladvisor.org\/de\/#organization"},"potentialAction":[{"@type":"SearchAction","target":{"@type":"EntryPoint","urlTemplate":"https:\/\/exceladvisor.org\/de\/?s={search_term_string}"},"query-input":{"@type":"PropertyValueSpecification","valueRequired":true,"valueName":"search_term_string"}}],"inLanguage":"de"},{"@type":"Organization","@id":"https:\/\/exceladvisor.org\/de\/#organization","name":"Excel Advisor","url":"https:\/\/exceladvisor.org\/de\/","logo":{"@type":"ImageObject","inLanguage":"de","@id":"https:\/\/exceladvisor.org\/de\/#\/schema\/logo\/image\/","url":"https:\/\/exceladvisor.org\/de\/wp-content\/uploads\/2023\/11\/exceladvisor.org_.png","contentUrl":"https:\/\/exceladvisor.org\/de\/wp-content\/uploads\/2023\/11\/exceladvisor.org_.png","width":105,"height":36,"caption":"Excel Advisor"},"image":{"@id":"https:\/\/exceladvisor.org\/de\/#\/schema\/logo\/image\/"}}]}},"yoast_meta":{"yoast_wpseo_title":"","yoast_wpseo_metadesc":"","yoast_wpseo_canonical":""},"_links":{"self":[{"href":"https:\/\/exceladvisor.org\/de\/wp-json\/wp\/v2\/pages\/3401","targetHints":{"allow":["GET"]}}],"collection":[{"href":"https:\/\/exceladvisor.org\/de\/wp-json\/wp\/v2\/pages"}],"about":[{"href":"https:\/\/exceladvisor.org\/de\/wp-json\/wp\/v2\/types\/page"}],"author":[{"embeddable":true,"href":"https:\/\/exceladvisor.org\/de\/wp-json\/wp\/v2\/users\/1"}],"replies":[{"embeddable":true,"href":"https:\/\/exceladvisor.org\/de\/wp-json\/wp\/v2\/comments?post=3401"}],"version-history":[{"count":1,"href":"https:\/\/exceladvisor.org\/de\/wp-json\/wp\/v2\/pages\/3401\/revisions"}],"predecessor-version":[{"id":3854,"href":"https:\/\/exceladvisor.org\/de\/wp-json\/wp\/v2\/pages\/3401\/revisions\/3854"}],"wp:attachment":[{"href":"https:\/\/exceladvisor.org\/de\/wp-json\/wp\/v2\/media?parent=3401"}],"curies":[{"name":"wp","href":"https:\/\/api.w.org\/{rel}","templated":true}]}}