{"id":3402,"date":"2023-10-29T04:55:26","date_gmt":"2023-10-29T04:55:26","guid":{"rendered":"https:\/\/exceladvisor.org\/de\/spaltennummern\/"},"modified":"2023-12-03T11:13:48","modified_gmt":"2023-12-03T11:13:48","slug":"spaltennummern","status":"publish","type":"page","link":"https:\/\/exceladvisor.org\/de\/spaltennummern\/","title":{"rendered":"Wie \u00e4ndere ich spaltenalphabete in zahlen?"},"content":{"rendered":"<div class=\"excel-vor-dem-inhalt\" id=\"excel-1795292124\"><script type=\"text\/javascript\">\r\n\tatOptions = {\r\n\t\t'key' : 'c1158f160081d6540a8409e6925dab94',\r\n\t\t'format' : 'iframe',\r\n\t\t'height' : 250,\r\n\t\t'width' : 300,\r\n\t\t'params' : {}\r\n\t};\r\n<\/script>\r\n<script type=\"text\/javascript\" src=\"\/\/www.highperformanceformat.com\/c1158f160081d6540a8409e6925dab94\/invoke.js\"><\/script><\/div> <p>In Excel haben Spalten als Identit\u00e4t Buchstaben, Sie k\u00f6nnen sie jedoch durch eine Zahl ersetzen. Das bedeutet, dass Sie f\u00fcr Spalte A Spalte 1 verwenden k\u00f6nnen. In diesem Tutorial lernen wir zwei verschiedene Verwendungsm\u00f6glichkeiten kennen.<\/p><ul><li> Erstellen Sie eine Kopfzeile mit einer Spaltennummer<\/li><li> \u00c4ndern Sie den Zellbezug auf R1C1, um Spaltennummern anzufordern <\/li><\/ul><div class=\"wp-block-image\"><figure class=\"aligncenter size-full is-resized\"><img loading=\"lazy\" decoding=\"async\" class=\"wp-image-74845\" src=\"https:\/\/exceladvisor.org\/wp-content\/uploads\/2023\/08\/1-utiliser-les-numeros-de-colonne.png\" sizes=\"auto, \" srcset=\"\" alt=\"Spaltennummern verwenden\" width=\"531\" height=\"306\"><\/figure><\/div><h2 class=\"wp-block-heading\"> Spaltenalphabete in Zahlen \u00e4ndern (R1C1)<\/h2><ol><li> Klicken Sie zun\u00e4chst auf die Registerkarte Datei. <br><img loading=\"lazy\" decoding=\"async\" title=\"Tab 2-Dateien\" src=\"https:\/\/exceladvisor.org\/wp-content\/uploads\/2023\/08\/2-onglet-fichier.png\" sizes=\"auto, \" srcset=\"\" alt=\"file-tab\" width=\"486\" height=\"235\"><\/li><li> Gehen Sie danach zu \u201eOptionen\u201c. <br><img loading=\"lazy\" decoding=\"async\" title=\"3 Optionen\" src=\"https:\/\/exceladvisor.org\/wp-content\/uploads\/2023\/08\/3-allez-dans-les-options.png\" sizes=\"auto, \" srcset=\"\" alt=\"go-to-options\" width=\"266\" height=\"236\"><\/li><li> Klicken Sie anschlie\u00dfend auf \u201eFormeln\u201c und \u00fcberpr\u00fcfen Sie dort den \u201eR1C1-Referenzstil\u201c. <br><img loading=\"lazy\" decoding=\"async\" title=\"4-tick-r1c1-Referenzstil\" src=\"https:\/\/exceladvisor.org\/wp-content\/uploads\/2023\/08\/4-cochez-le-style-de-reference-r1c1.png\" sizes=\"auto, \" srcset=\"\" alt=\"tick-r1c1-reference-style\" width=\"500\" height=\"315\"><\/li><li> Klicken Sie abschlie\u00dfend auf OK, um die Einstellungen zu \u00fcbernehmen. <br><img loading=\"lazy\" decoding=\"async\" title=\"5 Anwendungseinstellungen\" src=\"https:\/\/exceladvisor.org\/wp-content\/uploads\/2023\/08\/5-appliquer-les-parametres.png\" sizes=\"auto, \" srcset=\"\" alt=\"apply-settings\" width=\"378\" height=\"213\"><\/li><\/ol><p> Dadurch wird der Referenzstil f\u00fcr die gesamte Excel-Anwendung ge\u00e4ndert. Das bedeutet, dass Sie sich nun mit einer Zahl und nicht mit dem Alphabet auf eine Spalte beziehen m\u00fcssen. <\/p><div class=\"wp-block-image\"><figure class=\"aligncenter size-full is-resized\"><img loading=\"lazy\" decoding=\"async\" class=\"wp-image-74850\" src=\"https:\/\/exceladvisor.org\/wp-content\/uploads\/2023\/08\/6-styles-de-reference-pour-toute-lapplication-Excel.png\" sizes=\"auto, \" srcset=\"\" alt=\"Referenzstil f\u00fcr die gesamte Excel-Anwendung\" width=\"456\" height=\"134\"><\/figure><\/div><p> Sie sehen im obigen Beispiel, wo ich mich auf Zelle A1 beziehe, dass R[-1]C[-2] anstelle von A1 angezeigt wird. Das hei\u00dft, Sie beziehen sich auf die Zeile und die beiden Spalten dahinter.<\/p><p> <em>Mit diesem umfassenden Leitfaden zum <a href=\"https:\/\/exceladvisor.org\/de\/r1c1\/\">R1C1-Referenzstil<\/a> k\u00f6nnen Sie mehr dar\u00fcber erfahren.<\/em><\/p><h2 class=\"wp-block-heading\"> Erstellen Sie eine Kopfzeile mit Spaltennummern<\/h2><p> Diese Methode kann in verschiedenen Situationen eingesetzt werden, ist aber genauso effektiv wie die erste.<\/p><ol><li> <a href=\"https:\/\/exceladvisor.org\/de\/zelle-bearbeiten\/\">Bearbeiten Sie zun\u00e4chst Zelle<\/a> A1 und geben Sie \u201e=COLUMN()\u201c ein. <br><img loading=\"lazy\" decoding=\"async\" title=\"7-Kopfzeile mit Spaltennummern\" src=\"https:\/\/exceladvisor.org\/wp-content\/uploads\/2023\/08\/7-en-tete-avec-numeros-de-colonne.png\" sizes=\"auto, \" srcset=\"\" alt=\"header-with-column-numbers\" width=\"544\" height=\"114\"><\/li><li> Dr\u00fccken Sie anschlie\u00dfend die Eingabetaste, um die aktuelle Spaltennummer abzurufen. <br><img loading=\"lazy\" decoding=\"async\" title=\"8-get-aktuelle-Spaltennummer\" src=\"https:\/\/exceladvisor.org\/wp-content\/uploads\/2023\/08\/8-obtenir-le-numero-de-la-colonne-en-cours.png\" sizes=\"auto, \" srcset=\"\" alt=\"get-the-number-of-current-column\" width=\"544\" height=\"114\"><\/li><li> Verwenden Sie nun den F\u00fcllpunkt und <a href=\"https:\/\/exceladvisor.org\/de\/herunterrutschen\/\">erweitern Sie die Formel auf die Spalte, in<\/a> der Sie Spaltennummern haben m\u00f6chten. <br><img loading=\"lazy\" decoding=\"async\" title=\"Formelf\u00fcller mit 9 Griffen zum Erweitern\" src=\"https:\/\/exceladvisor.org\/wp-content\/uploads\/2023\/08\/9-poignee-de-remplissage-pour-etendre-la-formule.png\" sizes=\"auto, \" srcset=\"\" alt=\"fill-handle-to-extend-formula\" width=\"545\" height=\"144\"><\/li><li> Am Ende k\u00f6nnen Sie alle diese Formeln mithilfe der Tastenkombination in Werte umwandeln ( <a href=\"https:\/\/exceladvisor.org\/de\/kopieren-einfugen\/\">Strg + C zum Kopieren<\/a> und dann Alt \u2192 H \u2192 V \u2192 V dr\u00fccken, um <a href=\"https:\/\/exceladvisor.org\/de\/werte-einfugen\/\">die Werte einzuf\u00fcgen<\/a> ).<\/li><\/ol><p> Diese Methode funktioniert am besten, wenn Sie nicht den Zellbezug, sondern nur die Spaltennummer \u00e4ndern m\u00f6chten.<\/p><div class=\"gb-container gb-container-4db6181c gb-container-mt\"> <a class=\"gb-button gb-button-c5897111 gb-button-text gb-button-mt-button\" href=\"https:\/\/exceladvisor.org\/de\/excel-fortschritt\/\">Erweiterte Excel-Tutorials<\/a><h2 class=\"gb-headline gb-headline-665e5f6b gb-headline-text gb-headline-mt-heading\"> Verwandte Tutorials <\/h2><div class=\"gb-grid-wrapper gb-grid-wrapper-a20baf7c gb-grid-wrapper-mt-grid\"><div class=\"gb-grid-column gb-grid-column-65ddf67e\"><div class=\"gb-container gb-container-65ddf67e\"><ul><li> <a href=\"https:\/\/exceladvisor.org\/de\/schnelles-analysetool\/\">Schnellanalysetool in Excel<\/a><\/li><li> <a href=\"https:\/\/exceladvisor.org\/de\/mehrere-filter-anwenden\/\">Wenden Sie mehrere Filter auf Spalten an<\/a><\/li><li> <a href=\"https:\/\/exceladvisor.org\/de\/markieren-sie-die-oberen-und-unteren-werte\/\">Markieren Sie die oberen und unteren N-Werte in Excel<\/a><\/li><li> <a href=\"https:\/\/exceladvisor.org\/de\/kontrollkastchen\/\">F\u00fcgen Sie ein Kontrollk\u00e4stchen in Excel ein<\/a><\/li><li> <a href=\"https:\/\/exceladvisor.org\/de\/zellen-zusammenfuhren-ohne-daten-zu-verlieren\/\">F\u00fchren Sie Zellen zusammen, ohne Daten in Excel zu verlieren<\/a><\/li><\/ul><\/div><\/div><\/div><\/div>","protected":false},"excerpt":{"rendered":"","protected":false},"author":1,"featured_media":0,"parent":0,"menu_order":0,"comment_status":"open","ping_status":"closed","template":"","meta":{"ub_ctt_via":"","footnotes":""},"class_list":["post-3402","page","type-page","status-publish","hentry"],"featured_image_src":null,"yoast_head":"<!-- This site is optimized with the Yoast SEO plugin v25.4 - https:\/\/yoast.com\/wordpress\/plugins\/seo\/ -->\n<title>\u25b7 Wie \u00e4ndere ich Spaltenalphabete in Zahlen?<\/title>\n<meta name=\"description\" content=\"In diesem Tutorial lernen wir zwei verschiedene M\u00f6glichkeiten kennen, Spaltenalphabete in Zahlen als Kopfzeile zu \u00e4ndern.\" \/>\n<meta name=\"robots\" content=\"index, follow, max-snippet:-1, max-image-preview:large, max-video-preview:-1\" \/>\n<link rel=\"canonical\" href=\"https:\/\/exceladvisor.org\/de\/spaltennummern\/\" \/>\n<meta property=\"og:locale\" content=\"de_DE\" \/>\n<meta property=\"og:type\" content=\"article\" \/>\n<meta property=\"og:title\" content=\"\u25b7 Wie \u00e4ndere ich Spaltenalphabete in Zahlen?\" \/>\n<meta property=\"og:description\" content=\"In diesem Tutorial lernen wir zwei verschiedene M\u00f6glichkeiten kennen, Spaltenalphabete in Zahlen als Kopfzeile zu \u00e4ndern.\" \/>\n<meta property=\"og:url\" content=\"https:\/\/exceladvisor.org\/de\/spaltennummern\/\" \/>\n<meta property=\"og:site_name\" content=\"Excel Advisor\" \/>\n<meta property=\"article:modified_time\" content=\"2023-12-03T11:13:48+00:00\" \/>\n<meta property=\"og:image\" content=\"https:\/\/exceladvisor.org\/wp-content\/uploads\/2023\/08\/1-utiliser-les-numeros-de-colonne.png\" \/>\n<meta name=\"twitter:card\" content=\"summary_large_image\" \/>\n<meta name=\"twitter:label1\" content=\"Gesch\u00e4tzte Lesezeit\" \/>\n\t<meta name=\"twitter:data1\" content=\"2\u00a0Minuten\" \/>\n<script type=\"application\/ld+json\" class=\"yoast-schema-graph\">{\"@context\":\"https:\/\/schema.org\",\"@graph\":[{\"@type\":\"WebPage\",\"@id\":\"https:\/\/exceladvisor.org\/de\/spaltennummern\/\",\"url\":\"https:\/\/exceladvisor.org\/de\/spaltennummern\/\",\"name\":\"\u25b7 Wie \u00e4ndere ich Spaltenalphabete in Zahlen?\",\"isPartOf\":{\"@id\":\"https:\/\/exceladvisor.org\/de\/#website\"},\"primaryImageOfPage\":{\"@id\":\"https:\/\/exceladvisor.org\/de\/spaltennummern\/#primaryimage\"},\"image\":{\"@id\":\"https:\/\/exceladvisor.org\/de\/spaltennummern\/#primaryimage\"},\"thumbnailUrl\":\"https:\/\/exceladvisor.org\/wp-content\/uploads\/2023\/08\/1-utiliser-les-numeros-de-colonne.png\",\"datePublished\":\"2023-10-29T04:55:26+00:00\",\"dateModified\":\"2023-12-03T11:13:48+00:00\",\"description\":\"In diesem Tutorial lernen wir zwei verschiedene M\u00f6glichkeiten kennen, Spaltenalphabete in Zahlen als Kopfzeile zu \u00e4ndern.\",\"breadcrumb\":{\"@id\":\"https:\/\/exceladvisor.org\/de\/spaltennummern\/#breadcrumb\"},\"inLanguage\":\"de\",\"potentialAction\":[{\"@type\":\"ReadAction\",\"target\":[\"https:\/\/exceladvisor.org\/de\/spaltennummern\/\"]}]},{\"@type\":\"ImageObject\",\"inLanguage\":\"de\",\"@id\":\"https:\/\/exceladvisor.org\/de\/spaltennummern\/#primaryimage\",\"url\":\"https:\/\/exceladvisor.org\/wp-content\/uploads\/2023\/08\/1-utiliser-les-numeros-de-colonne.png\",\"contentUrl\":\"https:\/\/exceladvisor.org\/wp-content\/uploads\/2023\/08\/1-utiliser-les-numeros-de-colonne.png\"},{\"@type\":\"BreadcrumbList\",\"@id\":\"https:\/\/exceladvisor.org\/de\/spaltennummern\/#breadcrumb\",\"itemListElement\":[{\"@type\":\"ListItem\",\"position\":1,\"name\":\"Accueil\",\"item\":\"https:\/\/exceladvisor.org\/de\/\"},{\"@type\":\"ListItem\",\"position\":2,\"name\":\"Wie \u00e4ndere ich spaltenalphabete in zahlen?\"}]},{\"@type\":\"WebSite\",\"@id\":\"https:\/\/exceladvisor.org\/de\/#website\",\"url\":\"https:\/\/exceladvisor.org\/de\/\",\"name\":\"Excel Advisor\",\"description\":\"Ihr Leitfaden zur Datendominanz\",\"publisher\":{\"@id\":\"https:\/\/exceladvisor.org\/de\/#organization\"},\"potentialAction\":[{\"@type\":\"SearchAction\",\"target\":{\"@type\":\"EntryPoint\",\"urlTemplate\":\"https:\/\/exceladvisor.org\/de\/?s={search_term_string}\"},\"query-input\":{\"@type\":\"PropertyValueSpecification\",\"valueRequired\":true,\"valueName\":\"search_term_string\"}}],\"inLanguage\":\"de\"},{\"@type\":\"Organization\",\"@id\":\"https:\/\/exceladvisor.org\/de\/#organization\",\"name\":\"Excel Advisor\",\"url\":\"https:\/\/exceladvisor.org\/de\/\",\"logo\":{\"@type\":\"ImageObject\",\"inLanguage\":\"de\",\"@id\":\"https:\/\/exceladvisor.org\/de\/#\/schema\/logo\/image\/\",\"url\":\"https:\/\/exceladvisor.org\/de\/wp-content\/uploads\/2023\/11\/exceladvisor.org_.png\",\"contentUrl\":\"https:\/\/exceladvisor.org\/de\/wp-content\/uploads\/2023\/11\/exceladvisor.org_.png\",\"width\":105,\"height\":36,\"caption\":\"Excel Advisor\"},\"image\":{\"@id\":\"https:\/\/exceladvisor.org\/de\/#\/schema\/logo\/image\/\"}}]}<\/script>\n<!-- \/ Yoast SEO plugin. -->","yoast_head_json":{"title":"\u25b7 Wie \u00e4ndere ich Spaltenalphabete in Zahlen?","description":"In diesem Tutorial lernen wir zwei verschiedene M\u00f6glichkeiten kennen, Spaltenalphabete in Zahlen als Kopfzeile zu \u00e4ndern.","robots":{"index":"index","follow":"follow","max-snippet":"max-snippet:-1","max-image-preview":"max-image-preview:large","max-video-preview":"max-video-preview:-1"},"canonical":"https:\/\/exceladvisor.org\/de\/spaltennummern\/","og_locale":"de_DE","og_type":"article","og_title":"\u25b7 Wie \u00e4ndere ich Spaltenalphabete in Zahlen?","og_description":"In diesem Tutorial lernen wir zwei verschiedene M\u00f6glichkeiten kennen, Spaltenalphabete in Zahlen als Kopfzeile zu \u00e4ndern.","og_url":"https:\/\/exceladvisor.org\/de\/spaltennummern\/","og_site_name":"Excel Advisor","article_modified_time":"2023-12-03T11:13:48+00:00","og_image":[{"url":"https:\/\/exceladvisor.org\/wp-content\/uploads\/2023\/08\/1-utiliser-les-numeros-de-colonne.png","type":"","width":"","height":""}],"twitter_card":"summary_large_image","twitter_misc":{"Gesch\u00e4tzte Lesezeit":"2\u00a0Minuten"},"schema":{"@context":"https:\/\/schema.org","@graph":[{"@type":"WebPage","@id":"https:\/\/exceladvisor.org\/de\/spaltennummern\/","url":"https:\/\/exceladvisor.org\/de\/spaltennummern\/","name":"\u25b7 Wie \u00e4ndere ich Spaltenalphabete in Zahlen?","isPartOf":{"@id":"https:\/\/exceladvisor.org\/de\/#website"},"primaryImageOfPage":{"@id":"https:\/\/exceladvisor.org\/de\/spaltennummern\/#primaryimage"},"image":{"@id":"https:\/\/exceladvisor.org\/de\/spaltennummern\/#primaryimage"},"thumbnailUrl":"https:\/\/exceladvisor.org\/wp-content\/uploads\/2023\/08\/1-utiliser-les-numeros-de-colonne.png","datePublished":"2023-10-29T04:55:26+00:00","dateModified":"2023-12-03T11:13:48+00:00","description":"In diesem Tutorial lernen wir zwei verschiedene M\u00f6glichkeiten kennen, Spaltenalphabete in Zahlen als Kopfzeile zu \u00e4ndern.","breadcrumb":{"@id":"https:\/\/exceladvisor.org\/de\/spaltennummern\/#breadcrumb"},"inLanguage":"de","potentialAction":[{"@type":"ReadAction","target":["https:\/\/exceladvisor.org\/de\/spaltennummern\/"]}]},{"@type":"ImageObject","inLanguage":"de","@id":"https:\/\/exceladvisor.org\/de\/spaltennummern\/#primaryimage","url":"https:\/\/exceladvisor.org\/wp-content\/uploads\/2023\/08\/1-utiliser-les-numeros-de-colonne.png","contentUrl":"https:\/\/exceladvisor.org\/wp-content\/uploads\/2023\/08\/1-utiliser-les-numeros-de-colonne.png"},{"@type":"BreadcrumbList","@id":"https:\/\/exceladvisor.org\/de\/spaltennummern\/#breadcrumb","itemListElement":[{"@type":"ListItem","position":1,"name":"Accueil","item":"https:\/\/exceladvisor.org\/de\/"},{"@type":"ListItem","position":2,"name":"Wie \u00e4ndere ich spaltenalphabete in zahlen?"}]},{"@type":"WebSite","@id":"https:\/\/exceladvisor.org\/de\/#website","url":"https:\/\/exceladvisor.org\/de\/","name":"Excel Advisor","description":"Ihr Leitfaden zur Datendominanz","publisher":{"@id":"https:\/\/exceladvisor.org\/de\/#organization"},"potentialAction":[{"@type":"SearchAction","target":{"@type":"EntryPoint","urlTemplate":"https:\/\/exceladvisor.org\/de\/?s={search_term_string}"},"query-input":{"@type":"PropertyValueSpecification","valueRequired":true,"valueName":"search_term_string"}}],"inLanguage":"de"},{"@type":"Organization","@id":"https:\/\/exceladvisor.org\/de\/#organization","name":"Excel Advisor","url":"https:\/\/exceladvisor.org\/de\/","logo":{"@type":"ImageObject","inLanguage":"de","@id":"https:\/\/exceladvisor.org\/de\/#\/schema\/logo\/image\/","url":"https:\/\/exceladvisor.org\/de\/wp-content\/uploads\/2023\/11\/exceladvisor.org_.png","contentUrl":"https:\/\/exceladvisor.org\/de\/wp-content\/uploads\/2023\/11\/exceladvisor.org_.png","width":105,"height":36,"caption":"Excel Advisor"},"image":{"@id":"https:\/\/exceladvisor.org\/de\/#\/schema\/logo\/image\/"}}]}},"yoast_meta":{"yoast_wpseo_title":"","yoast_wpseo_metadesc":"","yoast_wpseo_canonical":""},"_links":{"self":[{"href":"https:\/\/exceladvisor.org\/de\/wp-json\/wp\/v2\/pages\/3402","targetHints":{"allow":["GET"]}}],"collection":[{"href":"https:\/\/exceladvisor.org\/de\/wp-json\/wp\/v2\/pages"}],"about":[{"href":"https:\/\/exceladvisor.org\/de\/wp-json\/wp\/v2\/types\/page"}],"author":[{"embeddable":true,"href":"https:\/\/exceladvisor.org\/de\/wp-json\/wp\/v2\/users\/1"}],"replies":[{"embeddable":true,"href":"https:\/\/exceladvisor.org\/de\/wp-json\/wp\/v2\/comments?post=3402"}],"version-history":[{"count":1,"href":"https:\/\/exceladvisor.org\/de\/wp-json\/wp\/v2\/pages\/3402\/revisions"}],"predecessor-version":[{"id":3859,"href":"https:\/\/exceladvisor.org\/de\/wp-json\/wp\/v2\/pages\/3402\/revisions\/3859"}],"wp:attachment":[{"href":"https:\/\/exceladvisor.org\/de\/wp-json\/wp\/v2\/media?parent=3402"}],"curies":[{"name":"wp","href":"https:\/\/api.w.org\/{rel}","templated":true}]}}