{"id":3403,"date":"2023-10-29T04:31:58","date_gmt":"2023-10-29T04:31:58","guid":{"rendered":"https:\/\/exceladvisor.org\/de\/leeren-sie-den-cache\/"},"modified":"2023-12-03T13:04:08","modified_gmt":"2023-12-03T13:04:08","slug":"leeren-sie-den-cache","status":"publish","type":"page","link":"https:\/\/exceladvisor.org\/de\/leeren-sie-den-cache\/","title":{"rendered":"Wie l\u00f6sche ich den cache in excel?"},"content":{"rendered":"<div class=\"excel-vor-dem-inhalt\" id=\"excel-2945847113\"><script type=\"text\/javascript\">\r\n\tatOptions = {\r\n\t\t'key' : 'c1158f160081d6540a8409e6925dab94',\r\n\t\t'format' : 'iframe',\r\n\t\t'height' : 250,\r\n\t\t'width' : 300,\r\n\t\t'params' : {}\r\n\t};\r\n<\/script>\r\n<script type=\"text\/javascript\" src=\"\/\/www.highperformanceformat.com\/c1158f160081d6540a8409e6925dab94\/invoke.js\"><\/script><\/div> <p>Microsoft Excel verwendet wie andere Anwendungen einen Cache, um tempor\u00e4re Daten f\u00fcr von Ihnen erstellte Dateien zu speichern. Manchmal verlangsamt das Caching Ihre Datei und belegt Speicherplatz auf Ihrem System. In dieser Situation k\u00f6nnen Sie den Cache von Excel leeren oder auch die Tage \u00e4ndern, an denen Dateien im Cache gespeichert werden sollen. <\/p><div class=\"wp-block-image\"><figure class=\"aligncenter size-full is-resized\"><img loading=\"lazy\" decoding=\"async\" class=\"wp-image-72372\" src=\"https:\/\/exceladvisor.org\/wp-content\/uploads\/2023\/08\/1-parametres-de-cache.png\" sizes=\"auto, \" srcset=\"\" alt=\"Cache-Einstellungen\" width=\"780\" height=\"165\"><\/figure><\/div><p> Es gibt zwei M\u00f6glichkeiten, den Cache zu leeren: Die erste besteht darin, die Microsoft Upload Center-Anwendung zu erstellen und zu verwenden, und die zweite darin, die Excel-Option zu verwenden.<\/p><h2 class=\"wp-block-heading\"> Schritte zum Leeren des Caches in Excel<\/h2><ol><li> Gehen Sie zun\u00e4chst zur Registerkarte \u201eDatei\u201c und \u00f6ffnen Sie die Excel-Optionen. <br><img loading=\"lazy\" decoding=\"async\" title=\"2-Optionen-Excel\" src=\"https:\/\/exceladvisor.org\/wp-content\/uploads\/2023\/08\/2-options-Excel.png\" sizes=\"auto, \" srcset=\"\" alt=\"excel-options\" width=\"319\" height=\"199\"><\/li><li> Gehen Sie von dort zur Speicheroption und scrollen Sie bis zum Ende des Dialogfelds. <br><img loading=\"lazy\" decoding=\"async\" title=\"3 Backup-Optionen\" src=\"https:\/\/exceladvisor.org\/wp-content\/uploads\/2023\/08\/3-options-de-sauvegarde.png\" sizes=\"auto, \" srcset=\"\" alt=\"save-option\" width=\"157\" height=\"371\"><\/li><li> Klicken Sie nun in den Cache-Einstellungen auf \u201eZwischengespeicherte Dateien l\u00f6schen\u201c. <br><img loading=\"lazy\" decoding=\"async\" title=\"4-zwischengespeicherte-Dateien l\u00f6schen\" src=\"https:\/\/exceladvisor.org\/wp-content\/uploads\/2023\/08\/4-supprimer-les-fichiers-en-cache.png\" sizes=\"auto, \" srcset=\"\" alt=\"delete-cached-files\" width=\"738\" height=\"166\"><\/li><li> Danach erhalten Sie ein Dialogfeld, in dem Sie best\u00e4tigen, ob Sie zwischengespeicherte Dateien l\u00f6schen m\u00f6chten. <br><img loading=\"lazy\" decoding=\"async\" title=\"5-best\u00e4tigen-l\u00f6schen-zwischengespeicherter-dateien\" src=\"https:\/\/exceladvisor.org\/wp-content\/uploads\/2023\/08\/5-confirmez-la-suppression-des-fichiers-en-cache.png\" sizes=\"auto, \" srcset=\"\" alt=\"confirm-delete-cached-files\" width=\"720\" height=\"416\"><\/li><li> Klicken Sie am Ende einfach auf \u201eZwischengespeicherte Dateien l\u00f6schen\u201c, um den Excel-Cache zu leeren.<\/li><\/ol><p> Zu diesem Zeitpunkt wurden alle zwischengespeicherten Excel-Dateien von Ihrem System gel\u00f6scht. Abgesehen davon gibt es in derselben Einstellungsgruppe noch einige andere Optionen, die Sie kennen sollten. <\/p><div class=\"wp-block-image\"><figure class=\"aligncenter size-full is-resized\"><img loading=\"lazy\" decoding=\"async\" class=\"wp-image-72377\" src=\"https:\/\/exceladvisor.org\/wp-content\/uploads\/2023\/08\/6-options-de-fichier-cache.png\" sizes=\"auto, \" srcset=\"\" alt=\"Cache-Dateioptionen\" width=\"639\" height=\"142\"><\/figure><\/div><ol type=\"1\"><li> <strong>Dateiaufbewahrungstage<\/strong> : Sie k\u00f6nnen die Einstellungen \u00e4ndern, um festzulegen, an welchen Tagen Office Ihre Dateien im Cache aufbewahren soll. Standardm\u00e4\u00dfig ist es 14, Sie k\u00f6nnen jedoch einen beliebigen Tag angeben.<\/li><li> <strong>Cache-Dateien beim Schlie\u00dfen l\u00f6schen<\/strong> : Dadurch werden Dateien aus dem Cache gel\u00f6scht, sobald Sie ihn schlie\u00dfen.<\/li><\/ol><h2 class=\"wp-block-heading\"> Verwenden des Office Upload Center zum Leeren des Caches<\/h2><p> Sie k\u00f6nnen auch das Office Upload Center verwenden, das im Office-Softwarepaket enthalten ist. Sobald Sie das Upload Center \u00f6ffnen, klicken Sie auf <strong><mark class=\"has-inline-color\" style=\"background-color: #fdde6c;\">Einstellungen \u21e2 Zwischengespeicherte Dateien l\u00f6schen \u21e2 Zwischengespeicherte Informationen l\u00f6schen<\/mark><\/strong> . <\/p><div class=\"wp-block-image\"><figure class=\"aligncenter size-full is-resized\"><img loading=\"lazy\" decoding=\"async\" class=\"wp-image-77259\" src=\"https:\/\/exceladvisor.org\/wp-content\/uploads\/2023\/08\/centre-de-telechargement-de-bureau-effacer-le-cache-1.png\" sizes=\"auto, \" srcset=\"\" alt=\"office-upload-center-clear-cache-1\" width=\"666\" height=\"489\"><\/figure><\/div><p> In Office 365 wurde das Office-Upload-Center entfernt und durch Dateien, die Aufmerksamkeit erfordern, ersetzt. Sie finden diese Option in<mark class=\"has-inline-color\" style=\"background-color: #eedc82;\"> <strong>Datei \u21e2 \u00d6ffnen \u21e2 Dateien, die Aufmerksamkeit erfordern<\/strong><\/mark> . <\/p><div class=\"wp-block-image\"><figure class=\"aligncenter size-full is-resized\"><img loading=\"lazy\" decoding=\"async\" class=\"wp-image-77262\" src=\"https:\/\/exceladvisor.org\/wp-content\/uploads\/2023\/08\/les-fichiers-necessitent-une-attention-vider-le-cache-excel.png\" sizes=\"auto, \" srcset=\"\" alt=\"Dateien-brauchen-Aufmerksamkeit-Clear-Excel-Cache\" width=\"527\" height=\"375\"><\/figure><\/div><div class=\"gb-container gb-container-4db6181c gb-container-mt\"> <a class=\"gb-button gb-button-c5897111 gb-button-text gb-button-mt-button\" href=\"https:\/\/exceladvisor.org\/de\/excel-fortschritt\/\">Erweiterte Excel-Tutorials<\/a><h2 class=\"gb-headline gb-headline-665e5f6b gb-headline-text gb-headline-mt-heading\"> Verwandte Tutorials <\/h2><div class=\"gb-grid-wrapper gb-grid-wrapper-a20baf7c gb-grid-wrapper-mt-grid\"><div class=\"gb-grid-column gb-grid-column-65ddf67e\"><div class=\"gb-container gb-container-65ddf67e\"><ul><li> <a href=\"https:\/\/exceladvisor.org\/de\/excel-slicer\/\">Excel Slicer (vollst\u00e4ndige Anleitung)<\/a><\/li><li> <a href=\"https:\/\/exceladvisor.org\/de\/excel-standardmassig-auf-dem-mac\/\">Machen Sie Excel auf dem Mac zum Standard<\/a><\/li><li> <a href=\"https:\/\/exceladvisor.org\/de\/excel-sicherheitsmodus\/\">\u00d6ffnen Sie Excel im abgesicherten Modus<\/a><\/li><li> <a href=\"https:\/\/exceladvisor.org\/de\/tolle-kunst\/\">Intelligente Kunst in Excel<\/a><\/li><li> <a href=\"https:\/\/exceladvisor.org\/de\/skriptlabor\/\">Skriptlabor in Excel<\/a><\/li><\/ul><\/div><\/div><\/div><\/div>","protected":false},"excerpt":{"rendered":"","protected":false},"author":1,"featured_media":0,"parent":0,"menu_order":0,"comment_status":"open","ping_status":"closed","template":"","meta":{"ub_ctt_via":"","footnotes":""},"class_list":["post-3403","page","type-page","status-publish","hentry"],"featured_image_src":null,"yoast_head":"<!-- This site is optimized with the Yoast SEO plugin v25.4 - https:\/\/yoast.com\/wordpress\/plugins\/seo\/ -->\n<title>Wie l\u00f6sche ich den Cache in Excel? (Tutorial 2023)<\/title>\n<meta name=\"description\" content=\"In diesem Tutorial sehen wir uns die einfachen Schritte zum Leeren des Caches in Excel an. (2 verschiedene Methoden)\" \/>\n<meta name=\"robots\" content=\"index, follow, max-snippet:-1, max-image-preview:large, max-video-preview:-1\" \/>\n<link rel=\"canonical\" href=\"https:\/\/exceladvisor.org\/de\/leeren-sie-den-cache\/\" \/>\n<meta property=\"og:locale\" content=\"de_DE\" \/>\n<meta property=\"og:type\" content=\"article\" \/>\n<meta property=\"og:title\" content=\"Wie l\u00f6sche ich den Cache in Excel? (Tutorial 2023)\" \/>\n<meta property=\"og:description\" content=\"In diesem Tutorial sehen wir uns die einfachen Schritte zum Leeren des Caches in Excel an. (2 verschiedene Methoden)\" \/>\n<meta property=\"og:url\" content=\"https:\/\/exceladvisor.org\/de\/leeren-sie-den-cache\/\" \/>\n<meta property=\"og:site_name\" content=\"Excel Advisor\" \/>\n<meta property=\"article:modified_time\" content=\"2023-12-03T13:04:08+00:00\" \/>\n<meta property=\"og:image\" content=\"https:\/\/exceladvisor.org\/wp-content\/uploads\/2023\/08\/1-parametres-de-cache.png\" \/>\n<meta name=\"twitter:card\" content=\"summary_large_image\" \/>\n<meta name=\"twitter:label1\" content=\"Gesch\u00e4tzte Lesezeit\" \/>\n\t<meta name=\"twitter:data1\" content=\"2\u00a0Minuten\" \/>\n<script type=\"application\/ld+json\" class=\"yoast-schema-graph\">{\"@context\":\"https:\/\/schema.org\",\"@graph\":[{\"@type\":\"WebPage\",\"@id\":\"https:\/\/exceladvisor.org\/de\/leeren-sie-den-cache\/\",\"url\":\"https:\/\/exceladvisor.org\/de\/leeren-sie-den-cache\/\",\"name\":\"Wie l\u00f6sche ich den Cache in Excel? (Tutorial 2023)\",\"isPartOf\":{\"@id\":\"https:\/\/exceladvisor.org\/de\/#website\"},\"primaryImageOfPage\":{\"@id\":\"https:\/\/exceladvisor.org\/de\/leeren-sie-den-cache\/#primaryimage\"},\"image\":{\"@id\":\"https:\/\/exceladvisor.org\/de\/leeren-sie-den-cache\/#primaryimage\"},\"thumbnailUrl\":\"https:\/\/exceladvisor.org\/wp-content\/uploads\/2023\/08\/1-parametres-de-cache.png\",\"datePublished\":\"2023-10-29T04:31:58+00:00\",\"dateModified\":\"2023-12-03T13:04:08+00:00\",\"description\":\"In diesem Tutorial sehen wir uns die einfachen Schritte zum Leeren des Caches in Excel an. (2 verschiedene Methoden)\",\"breadcrumb\":{\"@id\":\"https:\/\/exceladvisor.org\/de\/leeren-sie-den-cache\/#breadcrumb\"},\"inLanguage\":\"de\",\"potentialAction\":[{\"@type\":\"ReadAction\",\"target\":[\"https:\/\/exceladvisor.org\/de\/leeren-sie-den-cache\/\"]}]},{\"@type\":\"ImageObject\",\"inLanguage\":\"de\",\"@id\":\"https:\/\/exceladvisor.org\/de\/leeren-sie-den-cache\/#primaryimage\",\"url\":\"https:\/\/exceladvisor.org\/wp-content\/uploads\/2023\/08\/1-parametres-de-cache.png\",\"contentUrl\":\"https:\/\/exceladvisor.org\/wp-content\/uploads\/2023\/08\/1-parametres-de-cache.png\"},{\"@type\":\"BreadcrumbList\",\"@id\":\"https:\/\/exceladvisor.org\/de\/leeren-sie-den-cache\/#breadcrumb\",\"itemListElement\":[{\"@type\":\"ListItem\",\"position\":1,\"name\":\"Accueil\",\"item\":\"https:\/\/exceladvisor.org\/de\/\"},{\"@type\":\"ListItem\",\"position\":2,\"name\":\"Wie l\u00f6sche ich den cache in excel?\"}]},{\"@type\":\"WebSite\",\"@id\":\"https:\/\/exceladvisor.org\/de\/#website\",\"url\":\"https:\/\/exceladvisor.org\/de\/\",\"name\":\"Excel Advisor\",\"description\":\"Ihr Leitfaden zur Datendominanz\",\"publisher\":{\"@id\":\"https:\/\/exceladvisor.org\/de\/#organization\"},\"potentialAction\":[{\"@type\":\"SearchAction\",\"target\":{\"@type\":\"EntryPoint\",\"urlTemplate\":\"https:\/\/exceladvisor.org\/de\/?s={search_term_string}\"},\"query-input\":{\"@type\":\"PropertyValueSpecification\",\"valueRequired\":true,\"valueName\":\"search_term_string\"}}],\"inLanguage\":\"de\"},{\"@type\":\"Organization\",\"@id\":\"https:\/\/exceladvisor.org\/de\/#organization\",\"name\":\"Excel Advisor\",\"url\":\"https:\/\/exceladvisor.org\/de\/\",\"logo\":{\"@type\":\"ImageObject\",\"inLanguage\":\"de\",\"@id\":\"https:\/\/exceladvisor.org\/de\/#\/schema\/logo\/image\/\",\"url\":\"https:\/\/exceladvisor.org\/de\/wp-content\/uploads\/2023\/11\/exceladvisor.org_.png\",\"contentUrl\":\"https:\/\/exceladvisor.org\/de\/wp-content\/uploads\/2023\/11\/exceladvisor.org_.png\",\"width\":105,\"height\":36,\"caption\":\"Excel Advisor\"},\"image\":{\"@id\":\"https:\/\/exceladvisor.org\/de\/#\/schema\/logo\/image\/\"}}]}<\/script>\n<!-- \/ Yoast SEO plugin. -->","yoast_head_json":{"title":"Wie l\u00f6sche ich den Cache in Excel? (Tutorial 2023)","description":"In diesem Tutorial sehen wir uns die einfachen Schritte zum Leeren des Caches in Excel an. (2 verschiedene Methoden)","robots":{"index":"index","follow":"follow","max-snippet":"max-snippet:-1","max-image-preview":"max-image-preview:large","max-video-preview":"max-video-preview:-1"},"canonical":"https:\/\/exceladvisor.org\/de\/leeren-sie-den-cache\/","og_locale":"de_DE","og_type":"article","og_title":"Wie l\u00f6sche ich den Cache in Excel? (Tutorial 2023)","og_description":"In diesem Tutorial sehen wir uns die einfachen Schritte zum Leeren des Caches in Excel an. (2 verschiedene Methoden)","og_url":"https:\/\/exceladvisor.org\/de\/leeren-sie-den-cache\/","og_site_name":"Excel Advisor","article_modified_time":"2023-12-03T13:04:08+00:00","og_image":[{"url":"https:\/\/exceladvisor.org\/wp-content\/uploads\/2023\/08\/1-parametres-de-cache.png","type":"","width":"","height":""}],"twitter_card":"summary_large_image","twitter_misc":{"Gesch\u00e4tzte Lesezeit":"2\u00a0Minuten"},"schema":{"@context":"https:\/\/schema.org","@graph":[{"@type":"WebPage","@id":"https:\/\/exceladvisor.org\/de\/leeren-sie-den-cache\/","url":"https:\/\/exceladvisor.org\/de\/leeren-sie-den-cache\/","name":"Wie l\u00f6sche ich den Cache in Excel? (Tutorial 2023)","isPartOf":{"@id":"https:\/\/exceladvisor.org\/de\/#website"},"primaryImageOfPage":{"@id":"https:\/\/exceladvisor.org\/de\/leeren-sie-den-cache\/#primaryimage"},"image":{"@id":"https:\/\/exceladvisor.org\/de\/leeren-sie-den-cache\/#primaryimage"},"thumbnailUrl":"https:\/\/exceladvisor.org\/wp-content\/uploads\/2023\/08\/1-parametres-de-cache.png","datePublished":"2023-10-29T04:31:58+00:00","dateModified":"2023-12-03T13:04:08+00:00","description":"In diesem Tutorial sehen wir uns die einfachen Schritte zum Leeren des Caches in Excel an. (2 verschiedene Methoden)","breadcrumb":{"@id":"https:\/\/exceladvisor.org\/de\/leeren-sie-den-cache\/#breadcrumb"},"inLanguage":"de","potentialAction":[{"@type":"ReadAction","target":["https:\/\/exceladvisor.org\/de\/leeren-sie-den-cache\/"]}]},{"@type":"ImageObject","inLanguage":"de","@id":"https:\/\/exceladvisor.org\/de\/leeren-sie-den-cache\/#primaryimage","url":"https:\/\/exceladvisor.org\/wp-content\/uploads\/2023\/08\/1-parametres-de-cache.png","contentUrl":"https:\/\/exceladvisor.org\/wp-content\/uploads\/2023\/08\/1-parametres-de-cache.png"},{"@type":"BreadcrumbList","@id":"https:\/\/exceladvisor.org\/de\/leeren-sie-den-cache\/#breadcrumb","itemListElement":[{"@type":"ListItem","position":1,"name":"Accueil","item":"https:\/\/exceladvisor.org\/de\/"},{"@type":"ListItem","position":2,"name":"Wie l\u00f6sche ich den cache in excel?"}]},{"@type":"WebSite","@id":"https:\/\/exceladvisor.org\/de\/#website","url":"https:\/\/exceladvisor.org\/de\/","name":"Excel Advisor","description":"Ihr Leitfaden zur Datendominanz","publisher":{"@id":"https:\/\/exceladvisor.org\/de\/#organization"},"potentialAction":[{"@type":"SearchAction","target":{"@type":"EntryPoint","urlTemplate":"https:\/\/exceladvisor.org\/de\/?s={search_term_string}"},"query-input":{"@type":"PropertyValueSpecification","valueRequired":true,"valueName":"search_term_string"}}],"inLanguage":"de"},{"@type":"Organization","@id":"https:\/\/exceladvisor.org\/de\/#organization","name":"Excel Advisor","url":"https:\/\/exceladvisor.org\/de\/","logo":{"@type":"ImageObject","inLanguage":"de","@id":"https:\/\/exceladvisor.org\/de\/#\/schema\/logo\/image\/","url":"https:\/\/exceladvisor.org\/de\/wp-content\/uploads\/2023\/11\/exceladvisor.org_.png","contentUrl":"https:\/\/exceladvisor.org\/de\/wp-content\/uploads\/2023\/11\/exceladvisor.org_.png","width":105,"height":36,"caption":"Excel Advisor"},"image":{"@id":"https:\/\/exceladvisor.org\/de\/#\/schema\/logo\/image\/"}}]}},"yoast_meta":{"yoast_wpseo_title":"","yoast_wpseo_metadesc":"","yoast_wpseo_canonical":""},"_links":{"self":[{"href":"https:\/\/exceladvisor.org\/de\/wp-json\/wp\/v2\/pages\/3403","targetHints":{"allow":["GET"]}}],"collection":[{"href":"https:\/\/exceladvisor.org\/de\/wp-json\/wp\/v2\/pages"}],"about":[{"href":"https:\/\/exceladvisor.org\/de\/wp-json\/wp\/v2\/types\/page"}],"author":[{"embeddable":true,"href":"https:\/\/exceladvisor.org\/de\/wp-json\/wp\/v2\/users\/1"}],"replies":[{"embeddable":true,"href":"https:\/\/exceladvisor.org\/de\/wp-json\/wp\/v2\/comments?post=3403"}],"version-history":[{"count":1,"href":"https:\/\/exceladvisor.org\/de\/wp-json\/wp\/v2\/pages\/3403\/revisions"}],"predecessor-version":[{"id":4138,"href":"https:\/\/exceladvisor.org\/de\/wp-json\/wp\/v2\/pages\/3403\/revisions\/4138"}],"wp:attachment":[{"href":"https:\/\/exceladvisor.org\/de\/wp-json\/wp\/v2\/media?parent=3403"}],"curies":[{"name":"wp","href":"https:\/\/api.w.org\/{rel}","templated":true}]}}