{"id":3404,"date":"2023-10-29T04:20:39","date_gmt":"2023-10-29T04:20:39","guid":{"rendered":"https:\/\/exceladvisor.org\/de\/tolle-kunst\/"},"modified":"2023-12-03T13:05:10","modified_gmt":"2023-12-03T13:05:10","slug":"tolle-kunst","status":"publish","type":"page","link":"https:\/\/exceladvisor.org\/de\/tolle-kunst\/","title":{"rendered":"Wie verwende ich smart art in excel?"},"content":{"rendered":"<div class=\"excel-vor-dem-inhalt\" id=\"excel-2684197736\"><script type=\"text\/javascript\">\r\n\tatOptions = {\r\n\t\t'key' : 'c1158f160081d6540a8409e6925dab94',\r\n\t\t'format' : 'iframe',\r\n\t\t'height' : 250,\r\n\t\t'width' : 300,\r\n\t\t'params' : {}\r\n\t};\r\n<\/script>\r\n<script type=\"text\/javascript\" src=\"\/\/www.highperformanceformat.com\/c1158f160081d6540a8409e6925dab94\/invoke.js\"><\/script><\/div> <p>Smart Art ist eine Funktion in Excel, mit der Sie Ihre Informationen, Nachrichten und Ideen mithilfe visueller Grafiken effektiv darstellen k\u00f6nnen.<\/p><p> Mit Smart Art Graphics k\u00f6nnen Sie je nach Bedarf verschiedene Arten von Grafiken einf\u00fcgen und diesen Text und Bilder hinzuf\u00fcgen.<\/p><p> Smart Art Graphic kann zur Darstellung von Informationen in Form eines Flussdiagramms, Prozessablaufs, Listeninformationen, sich wiederholenden oder zyklischen Informationen, einer Matrix, Bildern usw. verwendet werden.<\/p><h2 class=\"wp-block-heading\"> Schritte zum Einf\u00fcgen von Smart Art-Grafiken<\/h2><ol><li> Gehen Sie zun\u00e4chst zur Registerkarte \u201eEinf\u00fcgen\u201c, klicken Sie dann auf das Symbol \u201eSmart Art\u201c unter der Gruppe \u201eIllustrationen\u201c und das Dialogfeld \u201eSmart Art Graphic\u201c wird ge\u00f6ffnet. <br><img loading=\"lazy\" decoding=\"async\" title=\"1-Smartart-Symbol\" src=\"https:\/\/exceladvisor.org\/wp-content\/uploads\/2023\/08\/1-icone-smartart.png\" sizes=\"auto, \" srcset=\"\" alt=\"smartart-icon\" width=\"496\" height=\"137\"><\/li><li> W\u00e4hlen Sie anschlie\u00dfend im linken Bereich des Dialogfelds die Grafikkategorie entsprechend Ihren Anforderungen aus, w\u00e4hlen Sie dann Grafikdesign und klicken Sie auf OK. <br><img loading=\"lazy\" decoding=\"async\" title=\"2-Smartart-Grafik-Dialogfeld\" src=\"https:\/\/exceladvisor.org\/wp-content\/uploads\/2023\/08\/2-boite-de-dialogue-graphique-smartart.png\" sizes=\"auto, \" srcset=\"\" alt=\"smartart-graphic-dialog-box\" width=\"597\" height=\"339\"><\/li><li> Sobald Sie auf \u201eOK\u201c klicken, steht Ihnen Ihr Grafikdesign zur Verf\u00fcgung, in das Sie Ihre Nachrichten, Bildunterschriften, Hervorhebungen usw. schreiben k\u00f6nnen. <br><img loading=\"lazy\" decoding=\"async\" title=\"3-Smartart-Grafikdesign\" src=\"https:\/\/exceladvisor.org\/wp-content\/uploads\/2023\/08\/3-conception-graphique-intelligente.png\" sizes=\"auto, \" srcset=\"\" alt=\"smartart-graphic-design\" width=\"460\" height=\"272\"><\/li><\/ol><h2 class=\"wp-block-heading\"> F\u00fcgen Sie Smart Art-Grafiken mit Bildoptionen ein<\/h2><p> Mit Smart Art k\u00f6nnen Sie auch Bilder hinzuf\u00fcgen. Wenn Sie die Bilder zusammen mit dem Text in der Smart Art-Grafik hinzuf\u00fcgen m\u00f6chten, k\u00f6nnen Sie dies tun, indem Sie einfach die folgenden Schritte ausf\u00fchren:<\/p><ol><li> Gehen Sie zun\u00e4chst zur Registerkarte \u201eEinf\u00fcgen\u201c, klicken Sie dann auf das Symbol \u201eSmart Art\u201c unter der Gruppe \u201eIllustrationen\u201c und das Dialogfeld \u201eSmart Art Graphic\u201c wird ge\u00f6ffnet. <br><img loading=\"lazy\" decoding=\"async\" title=\"4-Tab-Smartart-Symbol einf\u00fcgen\" src=\"https:\/\/exceladvisor.org\/wp-content\/uploads\/2023\/08\/4-inserer-licone-smartart-de-longlet.png\" sizes=\"auto, \" srcset=\"\" alt=\"insert-tab-smartart-icon\" width=\"463\" height=\"128\"><\/li><li> W\u00e4hlen Sie anschlie\u00dfend im linken Bereich des Dialogfelds die Grafikkategorie \u201eBild\u201c aus, w\u00e4hlen Sie dann \u201eGrafikdesign\u201c und klicken Sie auf \u201eOK\u201c. <br><img loading=\"lazy\" decoding=\"async\" title=\"5 Bildauswahlm\u00f6glichkeiten\" src=\"https:\/\/exceladvisor.org\/wp-content\/uploads\/2023\/08\/5-choisissez-loption-dimage.png\" sizes=\"auto, \" srcset=\"\" alt=\"choose-picture-option\" width=\"532\" height=\"302\"><\/li><li> An dieser Stelle erhalten Sie das Grafikdesign, mit dem Sie neben den Textoptionen auch Bilder hinzuf\u00fcgen k\u00f6nnen.<\/li><li> Klicken Sie nun auf das Bildsymbol, um das Bild aus Ihrem lokalen System, online oder aus in Excel integrierten Symbolen einzuf\u00fcgen. <br><img loading=\"lazy\" decoding=\"async\" title=\"6-Smartart-Design-mit-Bildeinf\u00fcgungsoptionen\" src=\"https:\/\/exceladvisor.org\/wp-content\/uploads\/2023\/08\/6-design-smartart-avec-options-dinsertion-dimage.png\" sizes=\"auto, \" srcset=\"\" alt=\"smartart-design-with-insert-picture-options\" width=\"449\" height=\"281\"><\/li><li> W\u00e4hlen Sie dort die Option aus, aus der Sie das Bild hinzuf\u00fcgen oder einf\u00fcgen m\u00f6chten. <br><img loading=\"lazy\" decoding=\"async\" title=\"7-Dialog zum Einf\u00fcgen von Bildern\" src=\"https:\/\/exceladvisor.org\/wp-content\/uploads\/2023\/08\/7-boite-de-dialogue-dinsertion-dimages.png\" sizes=\"auto, \" srcset=\"\" alt=\"insert-pictures-dialog-box\" width=\"523\" height=\"258\"><\/li><\/ol><p> Die hinzugef\u00fcgten Bilder werden in die Formen eingef\u00fcgt und sehen wie im Bild unten aus. <\/p><div class=\"wp-block-image\"><figure class=\"aligncenter size-full is-resized\"><img loading=\"lazy\" decoding=\"async\" class=\"wp-image-77374\" src=\"https:\/\/exceladvisor.org\/wp-content\/uploads\/2023\/08\/8-image-ajoutee-a-smartart.png\" sizes=\"auto, \" srcset=\"\" alt=\"Bild-zu-Smartart hinzugef\u00fcgt\" width=\"506\" height=\"299\"><\/figure><\/div><h2 class=\"wp-block-heading\"> Formatieren von Smart Art-Grafiken<\/h2><p> Mit Excel Smart Art k\u00f6nnen Sie auch Smart Art-Grafikdesigns formatieren. Sie k\u00f6nnen die Hintergrundfarbe formatieren, Formen hinzuf\u00fcgen, Formen entfernen und vieles mehr.<\/p><ol><li> W\u00e4hlen Sie zun\u00e4chst das vorhandene Grafikdesign aus und Sie gelangen zum Reiter \u201eSmart Art Design\u201c.<\/li><li> Klicken Sie anschlie\u00dfend auf die Registerkarte \u201eSmart Art Design\u201c und Sie finden mehrere Formatierungsoptionen zum Formatieren des vorhandenen Grafikdesigns. <br><img loading=\"lazy\" decoding=\"async\" title=\"9-smartart-design\" src=\"https:\/\/exceladvisor.org\/wp-content\/uploads\/2023\/08\/9-conception-intelligente.png\" sizes=\"auto, \" srcset=\"\" alt=\"smartart-design\" width=\"839\" height=\"383\"><\/li><li> Um nun die Hintergrundfarbe der K\u00e4stchen im Design zu \u00e4ndern, klicken Sie auf das Symbol \u201eFarben \u00e4ndern\u201c und w\u00e4hlen Sie aus der Dropdown-Liste eine Farbe aus. Die Farbe wird angewendet. <br><img loading=\"lazy\" decoding=\"async\" title=\"10-Farbwechsel-Symbol\" src=\"https:\/\/exceladvisor.org\/wp-content\/uploads\/2023\/08\/icone-10-couleurs-de-changement.png\" sizes=\"auto, \" srcset=\"\" alt=\"change-colors-icon\" width=\"729\" height=\"424\"><\/li><li> Um weitere Formen hinzuzuf\u00fcgen, w\u00e4hlen Sie die vorhandene Form aus, vor oder nach der Sie eine weitere Form hinzuf\u00fcgen m\u00f6chten, klicken Sie dann auf das Symbol \u201eForm hinzuf\u00fcgen\u201c und w\u00e4hlen Sie nach Bedarf \u201eForm danach oder davor hinzuf\u00fcgen\u201c aus. <br><img loading=\"lazy\" decoding=\"async\" title=\"11-Formen hinzuf\u00fcgen\" src=\"https:\/\/exceladvisor.org\/wp-content\/uploads\/2023\/08\/11-ajouter-des-formes.png\" sizes=\"auto, \" srcset=\"\" alt=\"add-shapes\" width=\"550\" height=\"424\"><\/li><li> Sobald Sie die Option ausgew\u00e4hlt haben (hier w\u00e4hlen wir \u201eForm hinzuf\u00fcgen nach\u201c), wird die Form direkt nach der von Ihnen ausgew\u00e4hlten Form hinzugef\u00fcgt. <br><img loading=\"lazy\" decoding=\"async\" title=\"12-Formular-zu-Smartart hinzugef\u00fcgt\" src=\"https:\/\/exceladvisor.org\/wp-content\/uploads\/2023\/08\/12-formes-ajoutees-au-smartart.png\" sizes=\"auto, \" srcset=\"\" alt=\"shape-added-to-the-smartart\" width=\"466\" height=\"285\"><\/li><li> Um die Position der Formen zu \u00e4ndern, klicken Sie auf \u201eNach oben\u201c oder \u201eRechts nach links\u201c. Um die Textformen zu entfernen, klicken Sie auf \u201eNach unten\u201c. <br><img loading=\"lazy\" decoding=\"async\" title=\"13-Move-Delete-Shapes\" src=\"https:\/\/exceladvisor.org\/wp-content\/uploads\/2023\/08\/13-deplacer-supprimer-des-formes.png\" sizes=\"auto, \" srcset=\"\" alt=\"move-delete-shapes\" width=\"566\" height=\"132\"><\/li><\/ol><p> Wenn Sie eine Form im Design verschieben, ihre Gr\u00f6\u00dfe \u00e4ndern oder sie anpassen, werden andere verf\u00fcgbare Formen entsprechend angepasst. Um andere Formen jedoch konstant\/fix zu machen, k\u00f6nnen Sie das Design in das Formenformat konvertieren, indem Sie auf \u201eIn Formen konvertieren\u201c klicken und dann das Design von Das Diagramm wird in das Formenformat konvertiert und gleichzeitig werden auch die Formatierungsoptionen ge\u00e4ndert. <\/p><div class=\"wp-block-image\"><figure class=\"aligncenter size-full is-resized\"><img loading=\"lazy\" decoding=\"async\" class=\"wp-image-77380\" src=\"https:\/\/exceladvisor.org\/wp-content\/uploads\/2023\/08\/14-convertir-en-formes.png\" sizes=\"auto, \" srcset=\"\" alt=\"in Formen umwandeln\" width=\"759\" height=\"391\"><\/figure><\/div><div class=\"gb-container gb-container-4db6181c gb-container-mt\"> <a class=\"gb-button gb-button-c5897111 gb-button-text gb-button-mt-button\" href=\"https:\/\/exceladvisor.org\/de\/excel-fortschritt\/\">Erweiterte Excel-Tutorials<\/a><h2 class=\"gb-headline gb-headline-665e5f6b gb-headline-text gb-headline-mt-heading\"> Verwandte Tutorials <\/h2><div class=\"gb-grid-wrapper gb-grid-wrapper-a20baf7c gb-grid-wrapper-mt-grid\"><div class=\"gb-grid-column gb-grid-column-65ddf67e\"><div class=\"gb-container gb-container-65ddf67e\"><ul><li> <a href=\"https:\/\/exceladvisor.org\/de\/kamera-tool\/\">Excel-Kamera-Tool<\/a><\/li><li> <a href=\"https:\/\/exceladvisor.org\/de\/ziel-suchen\/\">Zielfinder in Excel<\/a><\/li><li> <a href=\"https:\/\/exceladvisor.org\/de\/uhrfenster\/\">Beobachtungsfenster in Excel<\/a><\/li><li> <a href=\"https:\/\/exceladvisor.org\/de\/excel-slicer\/\">Excel Slicer (vollst\u00e4ndige Anleitung)<\/a><\/li><li> <a href=\"https:\/\/exceladvisor.org\/de\/excel-standardmassig-auf-dem-mac\/\">Machen Sie Excel auf dem Mac zum Standard<\/a><\/li><\/ul><\/div><\/div><\/div><\/div>","protected":false},"excerpt":{"rendered":"","protected":false},"author":1,"featured_media":0,"parent":0,"menu_order":0,"comment_status":"open","ping_status":"closed","template":"","meta":{"ub_ctt_via":"","footnotes":""},"class_list":["post-3404","page","type-page","status-publish","hentry"],"featured_image_src":null,"yoast_head":"<!-- This site is optimized with the Yoast SEO plugin v25.4 - https:\/\/yoast.com\/wordpress\/plugins\/seo\/ -->\n<title>Wie verwende ich Smart Art in Excel? (Leitfaden 2023)<\/title>\n<meta name=\"description\" content=\"Erfahren Sie, wie Sie clevere Grafiken in Excel einf\u00fcgen und diese verwenden, um dem Benutzer Daten auf wirkungsvolle Weise zu pr\u00e4sentieren ...\" \/>\n<meta name=\"robots\" content=\"index, follow, max-snippet:-1, max-image-preview:large, max-video-preview:-1\" \/>\n<link rel=\"canonical\" href=\"https:\/\/exceladvisor.org\/de\/tolle-kunst\/\" \/>\n<meta property=\"og:locale\" content=\"de_DE\" \/>\n<meta property=\"og:type\" content=\"article\" \/>\n<meta property=\"og:title\" content=\"Wie verwende ich Smart Art in Excel? (Leitfaden 2023)\" \/>\n<meta property=\"og:description\" content=\"Erfahren Sie, wie Sie clevere Grafiken in Excel einf\u00fcgen und diese verwenden, um dem Benutzer Daten auf wirkungsvolle Weise zu pr\u00e4sentieren ...\" \/>\n<meta property=\"og:url\" content=\"https:\/\/exceladvisor.org\/de\/tolle-kunst\/\" \/>\n<meta property=\"og:site_name\" content=\"Excel Advisor\" \/>\n<meta property=\"article:modified_time\" content=\"2023-12-03T13:05:10+00:00\" \/>\n<meta property=\"og:image\" content=\"https:\/\/exceladvisor.org\/wp-content\/uploads\/2023\/08\/1-icone-smartart.png\" \/>\n<meta name=\"twitter:card\" content=\"summary_large_image\" \/>\n<meta name=\"twitter:label1\" content=\"Gesch\u00e4tzte Lesezeit\" \/>\n\t<meta name=\"twitter:data1\" content=\"3\u00a0Minuten\" \/>\n<script type=\"application\/ld+json\" class=\"yoast-schema-graph\">{\"@context\":\"https:\/\/schema.org\",\"@graph\":[{\"@type\":\"WebPage\",\"@id\":\"https:\/\/exceladvisor.org\/de\/tolle-kunst\/\",\"url\":\"https:\/\/exceladvisor.org\/de\/tolle-kunst\/\",\"name\":\"Wie verwende ich Smart Art in Excel? (Leitfaden 2023)\",\"isPartOf\":{\"@id\":\"https:\/\/exceladvisor.org\/de\/#website\"},\"primaryImageOfPage\":{\"@id\":\"https:\/\/exceladvisor.org\/de\/tolle-kunst\/#primaryimage\"},\"image\":{\"@id\":\"https:\/\/exceladvisor.org\/de\/tolle-kunst\/#primaryimage\"},\"thumbnailUrl\":\"https:\/\/exceladvisor.org\/wp-content\/uploads\/2023\/08\/1-icone-smartart.png\",\"datePublished\":\"2023-10-29T04:20:39+00:00\",\"dateModified\":\"2023-12-03T13:05:10+00:00\",\"description\":\"Erfahren Sie, wie Sie clevere Grafiken in Excel einf\u00fcgen und diese verwenden, um dem Benutzer Daten auf wirkungsvolle Weise zu pr\u00e4sentieren ...\",\"breadcrumb\":{\"@id\":\"https:\/\/exceladvisor.org\/de\/tolle-kunst\/#breadcrumb\"},\"inLanguage\":\"de\",\"potentialAction\":[{\"@type\":\"ReadAction\",\"target\":[\"https:\/\/exceladvisor.org\/de\/tolle-kunst\/\"]}]},{\"@type\":\"ImageObject\",\"inLanguage\":\"de\",\"@id\":\"https:\/\/exceladvisor.org\/de\/tolle-kunst\/#primaryimage\",\"url\":\"https:\/\/exceladvisor.org\/wp-content\/uploads\/2023\/08\/1-icone-smartart.png\",\"contentUrl\":\"https:\/\/exceladvisor.org\/wp-content\/uploads\/2023\/08\/1-icone-smartart.png\"},{\"@type\":\"BreadcrumbList\",\"@id\":\"https:\/\/exceladvisor.org\/de\/tolle-kunst\/#breadcrumb\",\"itemListElement\":[{\"@type\":\"ListItem\",\"position\":1,\"name\":\"Accueil\",\"item\":\"https:\/\/exceladvisor.org\/de\/\"},{\"@type\":\"ListItem\",\"position\":2,\"name\":\"Wie verwende ich smart art in excel?\"}]},{\"@type\":\"WebSite\",\"@id\":\"https:\/\/exceladvisor.org\/de\/#website\",\"url\":\"https:\/\/exceladvisor.org\/de\/\",\"name\":\"Excel Advisor\",\"description\":\"Ihr Leitfaden zur Datendominanz\",\"publisher\":{\"@id\":\"https:\/\/exceladvisor.org\/de\/#organization\"},\"potentialAction\":[{\"@type\":\"SearchAction\",\"target\":{\"@type\":\"EntryPoint\",\"urlTemplate\":\"https:\/\/exceladvisor.org\/de\/?s={search_term_string}\"},\"query-input\":{\"@type\":\"PropertyValueSpecification\",\"valueRequired\":true,\"valueName\":\"search_term_string\"}}],\"inLanguage\":\"de\"},{\"@type\":\"Organization\",\"@id\":\"https:\/\/exceladvisor.org\/de\/#organization\",\"name\":\"Excel Advisor\",\"url\":\"https:\/\/exceladvisor.org\/de\/\",\"logo\":{\"@type\":\"ImageObject\",\"inLanguage\":\"de\",\"@id\":\"https:\/\/exceladvisor.org\/de\/#\/schema\/logo\/image\/\",\"url\":\"https:\/\/exceladvisor.org\/de\/wp-content\/uploads\/2023\/11\/exceladvisor.org_.png\",\"contentUrl\":\"https:\/\/exceladvisor.org\/de\/wp-content\/uploads\/2023\/11\/exceladvisor.org_.png\",\"width\":105,\"height\":36,\"caption\":\"Excel Advisor\"},\"image\":{\"@id\":\"https:\/\/exceladvisor.org\/de\/#\/schema\/logo\/image\/\"}}]}<\/script>\n<!-- \/ Yoast SEO plugin. -->","yoast_head_json":{"title":"Wie verwende ich Smart Art in Excel? (Leitfaden 2023)","description":"Erfahren Sie, wie Sie clevere Grafiken in Excel einf\u00fcgen und diese verwenden, um dem Benutzer Daten auf wirkungsvolle Weise zu pr\u00e4sentieren ...","robots":{"index":"index","follow":"follow","max-snippet":"max-snippet:-1","max-image-preview":"max-image-preview:large","max-video-preview":"max-video-preview:-1"},"canonical":"https:\/\/exceladvisor.org\/de\/tolle-kunst\/","og_locale":"de_DE","og_type":"article","og_title":"Wie verwende ich Smart Art in Excel? (Leitfaden 2023)","og_description":"Erfahren Sie, wie Sie clevere Grafiken in Excel einf\u00fcgen und diese verwenden, um dem Benutzer Daten auf wirkungsvolle Weise zu pr\u00e4sentieren ...","og_url":"https:\/\/exceladvisor.org\/de\/tolle-kunst\/","og_site_name":"Excel Advisor","article_modified_time":"2023-12-03T13:05:10+00:00","og_image":[{"url":"https:\/\/exceladvisor.org\/wp-content\/uploads\/2023\/08\/1-icone-smartart.png","type":"","width":"","height":""}],"twitter_card":"summary_large_image","twitter_misc":{"Gesch\u00e4tzte Lesezeit":"3\u00a0Minuten"},"schema":{"@context":"https:\/\/schema.org","@graph":[{"@type":"WebPage","@id":"https:\/\/exceladvisor.org\/de\/tolle-kunst\/","url":"https:\/\/exceladvisor.org\/de\/tolle-kunst\/","name":"Wie verwende ich Smart Art in Excel? (Leitfaden 2023)","isPartOf":{"@id":"https:\/\/exceladvisor.org\/de\/#website"},"primaryImageOfPage":{"@id":"https:\/\/exceladvisor.org\/de\/tolle-kunst\/#primaryimage"},"image":{"@id":"https:\/\/exceladvisor.org\/de\/tolle-kunst\/#primaryimage"},"thumbnailUrl":"https:\/\/exceladvisor.org\/wp-content\/uploads\/2023\/08\/1-icone-smartart.png","datePublished":"2023-10-29T04:20:39+00:00","dateModified":"2023-12-03T13:05:10+00:00","description":"Erfahren Sie, wie Sie clevere Grafiken in Excel einf\u00fcgen und diese verwenden, um dem Benutzer Daten auf wirkungsvolle Weise zu pr\u00e4sentieren ...","breadcrumb":{"@id":"https:\/\/exceladvisor.org\/de\/tolle-kunst\/#breadcrumb"},"inLanguage":"de","potentialAction":[{"@type":"ReadAction","target":["https:\/\/exceladvisor.org\/de\/tolle-kunst\/"]}]},{"@type":"ImageObject","inLanguage":"de","@id":"https:\/\/exceladvisor.org\/de\/tolle-kunst\/#primaryimage","url":"https:\/\/exceladvisor.org\/wp-content\/uploads\/2023\/08\/1-icone-smartart.png","contentUrl":"https:\/\/exceladvisor.org\/wp-content\/uploads\/2023\/08\/1-icone-smartart.png"},{"@type":"BreadcrumbList","@id":"https:\/\/exceladvisor.org\/de\/tolle-kunst\/#breadcrumb","itemListElement":[{"@type":"ListItem","position":1,"name":"Accueil","item":"https:\/\/exceladvisor.org\/de\/"},{"@type":"ListItem","position":2,"name":"Wie verwende ich smart art in excel?"}]},{"@type":"WebSite","@id":"https:\/\/exceladvisor.org\/de\/#website","url":"https:\/\/exceladvisor.org\/de\/","name":"Excel Advisor","description":"Ihr Leitfaden zur Datendominanz","publisher":{"@id":"https:\/\/exceladvisor.org\/de\/#organization"},"potentialAction":[{"@type":"SearchAction","target":{"@type":"EntryPoint","urlTemplate":"https:\/\/exceladvisor.org\/de\/?s={search_term_string}"},"query-input":{"@type":"PropertyValueSpecification","valueRequired":true,"valueName":"search_term_string"}}],"inLanguage":"de"},{"@type":"Organization","@id":"https:\/\/exceladvisor.org\/de\/#organization","name":"Excel Advisor","url":"https:\/\/exceladvisor.org\/de\/","logo":{"@type":"ImageObject","inLanguage":"de","@id":"https:\/\/exceladvisor.org\/de\/#\/schema\/logo\/image\/","url":"https:\/\/exceladvisor.org\/de\/wp-content\/uploads\/2023\/11\/exceladvisor.org_.png","contentUrl":"https:\/\/exceladvisor.org\/de\/wp-content\/uploads\/2023\/11\/exceladvisor.org_.png","width":105,"height":36,"caption":"Excel Advisor"},"image":{"@id":"https:\/\/exceladvisor.org\/de\/#\/schema\/logo\/image\/"}}]}},"yoast_meta":{"yoast_wpseo_title":"","yoast_wpseo_metadesc":"","yoast_wpseo_canonical":""},"_links":{"self":[{"href":"https:\/\/exceladvisor.org\/de\/wp-json\/wp\/v2\/pages\/3404","targetHints":{"allow":["GET"]}}],"collection":[{"href":"https:\/\/exceladvisor.org\/de\/wp-json\/wp\/v2\/pages"}],"about":[{"href":"https:\/\/exceladvisor.org\/de\/wp-json\/wp\/v2\/types\/page"}],"author":[{"embeddable":true,"href":"https:\/\/exceladvisor.org\/de\/wp-json\/wp\/v2\/users\/1"}],"replies":[{"embeddable":true,"href":"https:\/\/exceladvisor.org\/de\/wp-json\/wp\/v2\/comments?post=3404"}],"version-history":[{"count":1,"href":"https:\/\/exceladvisor.org\/de\/wp-json\/wp\/v2\/pages\/3404\/revisions"}],"predecessor-version":[{"id":4378,"href":"https:\/\/exceladvisor.org\/de\/wp-json\/wp\/v2\/pages\/3404\/revisions\/4378"}],"wp:attachment":[{"href":"https:\/\/exceladvisor.org\/de\/wp-json\/wp\/v2\/media?parent=3404"}],"curies":[{"name":"wp","href":"https:\/\/api.w.org\/{rel}","templated":true}]}}