{"id":3405,"date":"2023-10-29T04:01:00","date_gmt":"2023-10-29T04:01:00","guid":{"rendered":"https:\/\/exceladvisor.org\/de\/nullen-ausblenden\/"},"modified":"2023-12-03T13:05:33","modified_gmt":"2023-12-03T13:05:33","slug":"nullen-ausblenden","status":"publish","type":"page","link":"https:\/\/exceladvisor.org\/de\/nullen-ausblenden\/","title":{"rendered":"Wie verstecke ich nullwerte in excel?"},"content":{"rendered":"<div class=\"excel-vor-dem-inhalt\" id=\"excel-1095757852\"><script type=\"text\/javascript\">\r\n\tatOptions = {\r\n\t\t'key' : 'c1158f160081d6540a8409e6925dab94',\r\n\t\t'format' : 'iframe',\r\n\t\t'height' : 250,\r\n\t\t'width' : 300,\r\n\t\t'params' : {}\r\n\t};\r\n<\/script>\r\n<script type=\"text\/javascript\" src=\"\/\/www.highperformanceformat.com\/c1158f160081d6540a8409e6925dab94\/invoke.js\"><\/script><\/div> <p>In Excel k\u00f6nnen Benutzer Nullwerte im Datensatz ausblenden und Zellen leer machen, wenn sie in ihrem Datensatz keine Nullwerte anzeigen m\u00f6chten.<\/p><p> Und das nur im ausgew\u00e4hlten Zellbereich oder im gesamten Arbeitsblatt, denn Excel bietet mehrere M\u00f6glichkeiten, Nullwerte auszublenden.<\/p><p> In diesem Tutorial haben wir die verschiedenen M\u00f6glichkeiten zum Ausblenden von Nullwerten erkl\u00e4rt<\/p><h2 class=\"wp-block-heading\"> Schritte zum Ausblenden von Nullen im Arbeitsblatt mithilfe von Excel-Optionen<\/h2><p> Excel verf\u00fcgt \u00fcber eine integrierte Funktion, mit der Sie alle Nullwerte im gesamten Arbeitsblatt automatisch ausblenden k\u00f6nnen, indem Sie die folgenden Schritte ausf\u00fchren.<\/p><ol><li> \u00d6ffnen Sie zun\u00e4chst die Arbeitsmappe und wechseln Sie dann zur Registerkarte Datei. <br><img loading=\"lazy\" decoding=\"async\" title=\"1-Datei-Registerkarte\" src=\"https:\/\/exceladvisor.org\/wp-content\/uploads\/2023\/08\/1-onglet-fichier-2.png\" sizes=\"auto, \" srcset=\"\" alt=\"file-tab\" width=\"389\" height=\"160\"><\/li><li> Klicken Sie anschlie\u00dfend auf Optionen. <br><img loading=\"lazy\" decoding=\"async\" title=\"2-Optionen-Excel\" src=\"https:\/\/exceladvisor.org\/wp-content\/uploads\/2023\/08\/2-options-excel-2.png\" sizes=\"auto, \" srcset=\"\" alt=\"excel-options\" width=\"284\" height=\"200\"><\/li><li> Klicken Sie nun im linken Bereich auf \u201eErweitert\u201c und scrollen Sie dann nach unten zu \u201eOptionen f\u00fcr dieses Arbeitsblatt anzeigen\u201c.<\/li><li> Klicken Sie dort auf das Dropdown-Symbol und w\u00e4hlen Sie das Arbeitsblatt aus, in dem Sie alle Nullwerte ausblenden m\u00f6chten.<\/li><li> Deaktivieren Sie am Ende das Kontrollk\u00e4stchen \u201eEine Null in Zellen anzeigen, die einen Nullwert haben\u201c und klicken Sie auf \u201eOK\u201c. <br><img loading=\"lazy\" decoding=\"async\" title=\"3-Anzeigeoptionen-f\u00fcr-dieses-Arbeitsblatt\" src=\"https:\/\/exceladvisor.org\/wp-content\/uploads\/2023\/08\/3-options-daffichage-pour-cette-feuille-de-travail.png\" sizes=\"auto, \" srcset=\"\" alt=\"display-options-for-this-worksheet\" width=\"816\" height=\"462\"><\/li><li> Sobald Sie auf \u201eOK\u201c klicken, werden alle Nullwerte im Arbeitsblatt ausgeblendet und diese Zellen werden leer angezeigt. <br><img loading=\"lazy\" decoding=\"async\" title=\"4 versteckte Nullwerte\" src=\"https:\/\/exceladvisor.org\/wp-content\/uploads\/2023\/08\/4-valeurs-zero-cachees.png\" sizes=\"auto, \" srcset=\"\" alt=\"hidden-zero-values\" width=\"347\" height=\"266\"><\/li><\/ol><p> Wenn Sie nun irgendwo in diesem ausgew\u00e4hlten Arbeitsblatt den Nullwert eingeben, blendet Excel diesen Nullwert aus.<\/p><h2 class=\"wp-block-heading\"> Blenden Sie Nullwerte in ausgew\u00e4hlten Zellen aus, indem Sie Zellen formatieren<\/h2><ol><li> W\u00e4hlen Sie zun\u00e4chst die Zellen oder den Datenbereich aus, aus dem Sie Nullwerte ausblenden m\u00f6chten.<\/li><li> Klicken Sie anschlie\u00dfend mit der rechten Maustaste und klicken Sie auf die Option \u201eZellen formatieren\u201c. Daraufhin wird das Dialogfeld \u201eZellen formatieren\u201c ge\u00f6ffnet. <br><img loading=\"lazy\" decoding=\"async\" title=\"5-Zellen-Format\" src=\"https:\/\/exceladvisor.org\/wp-content\/uploads\/2023\/08\/5-cellules-de-format.png\" sizes=\"auto, \" srcset=\"\" alt=\"format-cells\" width=\"521\" height=\"476\"><\/li><li> Klicken Sie nun auf der Registerkarte \u201eZahl\u201c auf die Option \u201eBenutzerdefiniert\u201c, geben Sie dann den benutzerdefinierten Typ als <strong>0;-0;;@<\/strong> ein und klicken Sie auf \u201eOK\u201c. <br><img loading=\"lazy\" decoding=\"async\" title=\"6 benutzerdefinierte Typfelder\" src=\"https:\/\/exceladvisor.org\/wp-content\/uploads\/2023\/08\/6-champ-de-type-personnalise.png\" sizes=\"auto, \" srcset=\"\" alt=\"custom-type-field\" width=\"430\" height=\"401\"><\/li><li> Sobald Sie auf OK klicken, werden alle Nullwerte im ausgew\u00e4hlten Bereich ausgeblendet. <br><img loading=\"lazy\" decoding=\"async\" title=\"7-Nullwerte ausblenden\" src=\"https:\/\/exceladvisor.org\/wp-content\/uploads\/2023\/08\/7-masquer-les-valeurs-zero.png\" sizes=\"auto, \" srcset=\"\" alt=\"hide-zero-values\" width=\"340\" height=\"261\"><\/li><\/ol><p> Die oben verwendete benutzerdefinierte Formatierungszeichenfolge \u201e <strong>0;-0;;@<\/strong> \u201c besteht aus vier Teilen.<\/p><p class=\"mynote\"> Die erste 0 steht daf\u00fcr, dass positive Zahlen positive Werte unver\u00e4ndert anzeigen, der <sup>2.<\/sup> Teil -0 steht daf\u00fcr, dass negative Zahlen negative Werte unver\u00e4ndert anzeigen, der 3. Teil 0 fehlt, um Nullwerte auszublenden, und der 4. Teil @ besteht darin, den Text so anzuzeigen, wie er ist: <strong>&lt;Positive Zahlen&gt; ;&lt;Negative Zahlen&gt; ;&lt;Nullen&gt; ;&lt;Text&gt;<\/strong><\/p><h2 class=\"wp-block-heading\"> Blenden Sie Nullen in ausgew\u00e4hlten Zellen mithilfe der bedingten Formatierung aus<\/h2><ol><li> W\u00e4hlen Sie zun\u00e4chst die Zellen oder den Datenbereich aus, aus dem Sie Nullwerte ausblenden m\u00f6chten, gehen Sie zur Registerkarte \u201eStartseite\u201c und klicken Sie dann auf das Symbol \u201eBedingte Formatierung\u201c.<\/li><li> Klicken Sie anschlie\u00dfend auf die Option \u201eZellenregeln hervorheben\u201c und dann auf die Option \u201eGleich\u201c. <br><img loading=\"lazy\" decoding=\"async\" title=\"8-bedingte-Formatierung-ist gleich\" src=\"https:\/\/exceladvisor.org\/wp-content\/uploads\/2023\/08\/8-mise-en-forme-conditionnelle-egale-a.png\" sizes=\"auto, \" srcset=\"\" alt=\"conditional-formatting-equal-to\" width=\"704\" height=\"364\"><\/li><li> Geben Sie nun im Dialogfeld \u201eGleich\u201c im linken Feld (0) Null ein, klicken Sie dann auf das Dropdown-Men\u00fc rechts und w\u00e4hlen Sie \u201eBenutzerdefiniertes Format\u201c. <br><img loading=\"lazy\" decoding=\"async\" title=\"9-gleich-Dialog\" src=\"https:\/\/exceladvisor.org\/wp-content\/uploads\/2023\/08\/9-egal-a-la-boite-de-dialogue.png\" sizes=\"auto, \" srcset=\"\" alt=\"equal-to-dialog-box\" width=\"402\" height=\"170\"><\/li><li> Von hier aus \u00f6ffnet sich das Dialogfeld \u201eZellen formatieren\u201c. W\u00e4hlen Sie auf der Registerkarte \u201eSchriftart\u201c die Farbe Wei\u00df aus und klicken Sie auf \u201eOK\u201c. <br><img loading=\"lazy\" decoding=\"async\" title=\"Dialogfeld \u201e10-Zellen-Format\u201c.\" src=\"https:\/\/exceladvisor.org\/wp-content\/uploads\/2023\/08\/Boite-de-dialogue-Format-10-cellules.png\" sizes=\"auto, \" srcset=\"\" alt=\"format-cells-dialog-box\" width=\"482\" height=\"480\"><\/li><li> Sobald Sie auf \u201eOK\u201c klicken, wird die Schriftfarbe der Zellen, die den Wert Null enthalten, wei\u00df, wodurch die Zellen leer oder leer werden. <br><img loading=\"lazy\" decoding=\"async\" title=\"11-Null-versteckte-Werte\" src=\"https:\/\/exceladvisor.org\/wp-content\/uploads\/2023\/08\/11-valeurs-zero-masquees.png\" sizes=\"auto, \" srcset=\"\" alt=\"zero-values-hidden\" width=\"365\" height=\"280\"><\/li><\/ol><p class=\"mynote\"> Das Ausblenden von Nullwerten (0) bedeutet lediglich, den Wert in Zellen auszublenden, ohne sie zu l\u00f6schen. Nach dem Ausblenden des Werts enthalten die Zellen also einen Wert, auch wenn sie leer erscheinen.<\/p><div class=\"gb-container gb-container-4db6181c gb-container-mt\"> <a class=\"gb-button gb-button-c5897111 gb-button-text gb-button-mt-button\" href=\"https:\/\/exceladvisor.org\/de\/excel-fortschritt\/\">Erweiterte Excel-Tutorials<\/a><h2 class=\"gb-headline gb-headline-665e5f6b gb-headline-text gb-headline-mt-heading\"> Verwandte Tutorials <\/h2><div class=\"gb-grid-wrapper gb-grid-wrapper-a20baf7c gb-grid-wrapper-mt-grid\"><div class=\"gb-grid-column gb-grid-column-65ddf67e\"><div class=\"gb-container gb-container-65ddf67e\"><ul><li> <a href=\"https:\/\/exceladvisor.org\/de\/formeln-1\/\" data-wpil=\"url\">Formeln in bedingter Formatierung<\/a><\/li><li> <a href=\"https:\/\/exceladvisor.org\/de\/automatisch-formatieren\/\">Automatische Formatierungsoption in Excel<\/a><\/li><li> <a href=\"https:\/\/exceladvisor.org\/de\/markieren-sie-abwechselnde-zeilen\/\">Markieren Sie alternative Zeilen in Excel mit einem Farbfeld<\/a><\/li><li> <a href=\"https:\/\/exceladvisor.org\/de\/icon-spiele\/\" data-wpil=\"url\">Symbols\u00e4tze in Excel verwenden (bedingte Formatierung)<\/a><\/li><\/ul><\/div><\/div><\/div><\/div>","protected":false},"excerpt":{"rendered":"","protected":false},"author":1,"featured_media":0,"parent":0,"menu_order":0,"comment_status":"open","ping_status":"closed","template":"","meta":{"ub_ctt_via":"","footnotes":""},"class_list":["post-3405","page","type-page","status-publish","hentry"],"featured_image_src":null,"yoast_head":"<!-- This site is optimized with the Yoast SEO plugin v25.4 - https:\/\/yoast.com\/wordpress\/plugins\/seo\/ -->\n<title>Wie verstecke ich Nullen in Excel? (Leitfaden 2023)<\/title>\n<meta name=\"description\" content=\"In diesem leicht verst\u00e4ndlichen Tutorial erfahren Sie, wie Sie Nullen aus einer Zelle ausblenden, in der Sie nur Null als Wert haben \u2026\" \/>\n<meta name=\"robots\" content=\"index, follow, max-snippet:-1, max-image-preview:large, max-video-preview:-1\" \/>\n<link rel=\"canonical\" href=\"https:\/\/exceladvisor.org\/de\/nullen-ausblenden\/\" \/>\n<meta property=\"og:locale\" content=\"de_DE\" \/>\n<meta property=\"og:type\" content=\"article\" \/>\n<meta property=\"og:title\" content=\"Wie verstecke ich Nullen in Excel? (Leitfaden 2023)\" \/>\n<meta property=\"og:description\" content=\"In diesem leicht verst\u00e4ndlichen Tutorial erfahren Sie, wie Sie Nullen aus einer Zelle ausblenden, in der Sie nur Null als Wert haben \u2026\" \/>\n<meta property=\"og:url\" content=\"https:\/\/exceladvisor.org\/de\/nullen-ausblenden\/\" \/>\n<meta property=\"og:site_name\" content=\"Excel Advisor\" \/>\n<meta property=\"article:modified_time\" content=\"2023-12-03T13:05:33+00:00\" \/>\n<meta property=\"og:image\" content=\"https:\/\/exceladvisor.org\/wp-content\/uploads\/2023\/08\/1-onglet-fichier-2.png\" \/>\n<meta name=\"twitter:card\" content=\"summary_large_image\" \/>\n<meta name=\"twitter:label1\" content=\"Gesch\u00e4tzte Lesezeit\" \/>\n\t<meta name=\"twitter:data1\" content=\"3\u00a0Minuten\" \/>\n<script type=\"application\/ld+json\" class=\"yoast-schema-graph\">{\"@context\":\"https:\/\/schema.org\",\"@graph\":[{\"@type\":\"WebPage\",\"@id\":\"https:\/\/exceladvisor.org\/de\/nullen-ausblenden\/\",\"url\":\"https:\/\/exceladvisor.org\/de\/nullen-ausblenden\/\",\"name\":\"Wie verstecke ich Nullen in Excel? (Leitfaden 2023)\",\"isPartOf\":{\"@id\":\"https:\/\/exceladvisor.org\/de\/#website\"},\"primaryImageOfPage\":{\"@id\":\"https:\/\/exceladvisor.org\/de\/nullen-ausblenden\/#primaryimage\"},\"image\":{\"@id\":\"https:\/\/exceladvisor.org\/de\/nullen-ausblenden\/#primaryimage\"},\"thumbnailUrl\":\"https:\/\/exceladvisor.org\/wp-content\/uploads\/2023\/08\/1-onglet-fichier-2.png\",\"datePublished\":\"2023-10-29T04:01:00+00:00\",\"dateModified\":\"2023-12-03T13:05:33+00:00\",\"description\":\"In diesem leicht verst\u00e4ndlichen Tutorial erfahren Sie, wie Sie Nullen aus einer Zelle ausblenden, in der Sie nur Null als Wert haben \u2026\",\"breadcrumb\":{\"@id\":\"https:\/\/exceladvisor.org\/de\/nullen-ausblenden\/#breadcrumb\"},\"inLanguage\":\"de\",\"potentialAction\":[{\"@type\":\"ReadAction\",\"target\":[\"https:\/\/exceladvisor.org\/de\/nullen-ausblenden\/\"]}]},{\"@type\":\"ImageObject\",\"inLanguage\":\"de\",\"@id\":\"https:\/\/exceladvisor.org\/de\/nullen-ausblenden\/#primaryimage\",\"url\":\"https:\/\/exceladvisor.org\/wp-content\/uploads\/2023\/08\/1-onglet-fichier-2.png\",\"contentUrl\":\"https:\/\/exceladvisor.org\/wp-content\/uploads\/2023\/08\/1-onglet-fichier-2.png\"},{\"@type\":\"BreadcrumbList\",\"@id\":\"https:\/\/exceladvisor.org\/de\/nullen-ausblenden\/#breadcrumb\",\"itemListElement\":[{\"@type\":\"ListItem\",\"position\":1,\"name\":\"Accueil\",\"item\":\"https:\/\/exceladvisor.org\/de\/\"},{\"@type\":\"ListItem\",\"position\":2,\"name\":\"Wie verstecke ich nullwerte in excel?\"}]},{\"@type\":\"WebSite\",\"@id\":\"https:\/\/exceladvisor.org\/de\/#website\",\"url\":\"https:\/\/exceladvisor.org\/de\/\",\"name\":\"Excel Advisor\",\"description\":\"Ihr Leitfaden zur Datendominanz\",\"publisher\":{\"@id\":\"https:\/\/exceladvisor.org\/de\/#organization\"},\"potentialAction\":[{\"@type\":\"SearchAction\",\"target\":{\"@type\":\"EntryPoint\",\"urlTemplate\":\"https:\/\/exceladvisor.org\/de\/?s={search_term_string}\"},\"query-input\":{\"@type\":\"PropertyValueSpecification\",\"valueRequired\":true,\"valueName\":\"search_term_string\"}}],\"inLanguage\":\"de\"},{\"@type\":\"Organization\",\"@id\":\"https:\/\/exceladvisor.org\/de\/#organization\",\"name\":\"Excel Advisor\",\"url\":\"https:\/\/exceladvisor.org\/de\/\",\"logo\":{\"@type\":\"ImageObject\",\"inLanguage\":\"de\",\"@id\":\"https:\/\/exceladvisor.org\/de\/#\/schema\/logo\/image\/\",\"url\":\"https:\/\/exceladvisor.org\/de\/wp-content\/uploads\/2023\/11\/exceladvisor.org_.png\",\"contentUrl\":\"https:\/\/exceladvisor.org\/de\/wp-content\/uploads\/2023\/11\/exceladvisor.org_.png\",\"width\":105,\"height\":36,\"caption\":\"Excel Advisor\"},\"image\":{\"@id\":\"https:\/\/exceladvisor.org\/de\/#\/schema\/logo\/image\/\"}}]}<\/script>\n<!-- \/ Yoast SEO plugin. -->","yoast_head_json":{"title":"Wie verstecke ich Nullen in Excel? (Leitfaden 2023)","description":"In diesem leicht verst\u00e4ndlichen Tutorial erfahren Sie, wie Sie Nullen aus einer Zelle ausblenden, in der Sie nur Null als Wert haben \u2026","robots":{"index":"index","follow":"follow","max-snippet":"max-snippet:-1","max-image-preview":"max-image-preview:large","max-video-preview":"max-video-preview:-1"},"canonical":"https:\/\/exceladvisor.org\/de\/nullen-ausblenden\/","og_locale":"de_DE","og_type":"article","og_title":"Wie verstecke ich Nullen in Excel? (Leitfaden 2023)","og_description":"In diesem leicht verst\u00e4ndlichen Tutorial erfahren Sie, wie Sie Nullen aus einer Zelle ausblenden, in der Sie nur Null als Wert haben \u2026","og_url":"https:\/\/exceladvisor.org\/de\/nullen-ausblenden\/","og_site_name":"Excel Advisor","article_modified_time":"2023-12-03T13:05:33+00:00","og_image":[{"url":"https:\/\/exceladvisor.org\/wp-content\/uploads\/2023\/08\/1-onglet-fichier-2.png","type":"","width":"","height":""}],"twitter_card":"summary_large_image","twitter_misc":{"Gesch\u00e4tzte Lesezeit":"3\u00a0Minuten"},"schema":{"@context":"https:\/\/schema.org","@graph":[{"@type":"WebPage","@id":"https:\/\/exceladvisor.org\/de\/nullen-ausblenden\/","url":"https:\/\/exceladvisor.org\/de\/nullen-ausblenden\/","name":"Wie verstecke ich Nullen in Excel? (Leitfaden 2023)","isPartOf":{"@id":"https:\/\/exceladvisor.org\/de\/#website"},"primaryImageOfPage":{"@id":"https:\/\/exceladvisor.org\/de\/nullen-ausblenden\/#primaryimage"},"image":{"@id":"https:\/\/exceladvisor.org\/de\/nullen-ausblenden\/#primaryimage"},"thumbnailUrl":"https:\/\/exceladvisor.org\/wp-content\/uploads\/2023\/08\/1-onglet-fichier-2.png","datePublished":"2023-10-29T04:01:00+00:00","dateModified":"2023-12-03T13:05:33+00:00","description":"In diesem leicht verst\u00e4ndlichen Tutorial erfahren Sie, wie Sie Nullen aus einer Zelle ausblenden, in der Sie nur Null als Wert haben \u2026","breadcrumb":{"@id":"https:\/\/exceladvisor.org\/de\/nullen-ausblenden\/#breadcrumb"},"inLanguage":"de","potentialAction":[{"@type":"ReadAction","target":["https:\/\/exceladvisor.org\/de\/nullen-ausblenden\/"]}]},{"@type":"ImageObject","inLanguage":"de","@id":"https:\/\/exceladvisor.org\/de\/nullen-ausblenden\/#primaryimage","url":"https:\/\/exceladvisor.org\/wp-content\/uploads\/2023\/08\/1-onglet-fichier-2.png","contentUrl":"https:\/\/exceladvisor.org\/wp-content\/uploads\/2023\/08\/1-onglet-fichier-2.png"},{"@type":"BreadcrumbList","@id":"https:\/\/exceladvisor.org\/de\/nullen-ausblenden\/#breadcrumb","itemListElement":[{"@type":"ListItem","position":1,"name":"Accueil","item":"https:\/\/exceladvisor.org\/de\/"},{"@type":"ListItem","position":2,"name":"Wie verstecke ich nullwerte in excel?"}]},{"@type":"WebSite","@id":"https:\/\/exceladvisor.org\/de\/#website","url":"https:\/\/exceladvisor.org\/de\/","name":"Excel Advisor","description":"Ihr Leitfaden zur Datendominanz","publisher":{"@id":"https:\/\/exceladvisor.org\/de\/#organization"},"potentialAction":[{"@type":"SearchAction","target":{"@type":"EntryPoint","urlTemplate":"https:\/\/exceladvisor.org\/de\/?s={search_term_string}"},"query-input":{"@type":"PropertyValueSpecification","valueRequired":true,"valueName":"search_term_string"}}],"inLanguage":"de"},{"@type":"Organization","@id":"https:\/\/exceladvisor.org\/de\/#organization","name":"Excel Advisor","url":"https:\/\/exceladvisor.org\/de\/","logo":{"@type":"ImageObject","inLanguage":"de","@id":"https:\/\/exceladvisor.org\/de\/#\/schema\/logo\/image\/","url":"https:\/\/exceladvisor.org\/de\/wp-content\/uploads\/2023\/11\/exceladvisor.org_.png","contentUrl":"https:\/\/exceladvisor.org\/de\/wp-content\/uploads\/2023\/11\/exceladvisor.org_.png","width":105,"height":36,"caption":"Excel Advisor"},"image":{"@id":"https:\/\/exceladvisor.org\/de\/#\/schema\/logo\/image\/"}}]}},"yoast_meta":{"yoast_wpseo_title":"","yoast_wpseo_metadesc":"","yoast_wpseo_canonical":""},"_links":{"self":[{"href":"https:\/\/exceladvisor.org\/de\/wp-json\/wp\/v2\/pages\/3405","targetHints":{"allow":["GET"]}}],"collection":[{"href":"https:\/\/exceladvisor.org\/de\/wp-json\/wp\/v2\/pages"}],"about":[{"href":"https:\/\/exceladvisor.org\/de\/wp-json\/wp\/v2\/types\/page"}],"author":[{"embeddable":true,"href":"https:\/\/exceladvisor.org\/de\/wp-json\/wp\/v2\/users\/1"}],"replies":[{"embeddable":true,"href":"https:\/\/exceladvisor.org\/de\/wp-json\/wp\/v2\/comments?post=3405"}],"version-history":[{"count":1,"href":"https:\/\/exceladvisor.org\/de\/wp-json\/wp\/v2\/pages\/3405\/revisions"}],"predecessor-version":[{"id":4223,"href":"https:\/\/exceladvisor.org\/de\/wp-json\/wp\/v2\/pages\/3405\/revisions\/4223"}],"wp:attachment":[{"href":"https:\/\/exceladvisor.org\/de\/wp-json\/wp\/v2\/media?parent=3405"}],"curies":[{"name":"wp","href":"https:\/\/api.w.org\/{rel}","templated":true}]}}