{"id":3406,"date":"2023-10-29T03:47:35","date_gmt":"2023-10-29T03:47:35","guid":{"rendered":"https:\/\/exceladvisor.org\/de\/beste-schriftarten\/"},"modified":"2023-12-03T11:12:11","modified_gmt":"2023-12-03T11:12:11","slug":"beste-schriftarten","status":"publish","type":"page","link":"https:\/\/exceladvisor.org\/de\/beste-schriftarten\/","title":{"rendered":"Die 5 besten schriftarten f\u00fcr microsoft excel"},"content":{"rendered":"<div class=\"excel-vor-dem-inhalt\" id=\"excel-397491706\"><script type=\"text\/javascript\">\r\n\tatOptions = {\r\n\t\t'key' : 'c1158f160081d6540a8409e6925dab94',\r\n\t\t'format' : 'iframe',\r\n\t\t'height' : 250,\r\n\t\t'width' : 300,\r\n\t\t'params' : {}\r\n\t};\r\n<\/script>\r\n<script type=\"text\/javascript\" src=\"\/\/www.highperformanceformat.com\/c1158f160081d6540a8409e6925dab94\/invoke.js\"><\/script><\/div> <p>Wenn Sie in Excel mit Daten arbeiten, ist es wichtig, eine Schriftart zu verwenden, um diese Daten so darzustellen, dass der Benutzer sie verstehen kann. Die <a href=\"https:\/\/exceladvisor.org\/de\/standardschriftart\/\">Standardschriftart in Excel<\/a> ist Calibri mit einer Schriftgr\u00f6\u00dfe von 11, Sie k\u00f6nnen jedoch jede gew\u00fcnschte Schriftart verwenden.<\/p><p> In diesem Tutorial werde ich f\u00fcnf verschiedene Schriftarten vorstellen, die meiner Meinung nach einen guten Ersatz f\u00fcr die Standardschriftart darstellen.<\/p><h2 class=\"wp-block-heading\"> 1. Segoe-Benutzeroberfl\u00e4che<\/h2><p> Ich fand, dass Segoe UI ein perfekter Ersatz f\u00fcr Calibri ist. Diese Schriftart ist bereits in Windows installiert. M\u00f6glicherweise m\u00fcssen Sie es nur \u00fcber die Registerkarte \u201eStartseite\u201c \u21e2 \u201eSchriftart\u201c \u00e4ndern. <\/p><div class=\"wp-block-image\"><figure class=\"aligncenter size-full is-resized\"><img loading=\"lazy\" decoding=\"async\" class=\"wp-image-77602\" src=\"https:\/\/exceladvisor.org\/wp-content\/uploads\/2023\/08\/1-interface-utilisateur.png\" sizes=\"auto, \" srcset=\"\" alt=\"Segoe UI\" width=\"543\" height=\"334\"><\/figure><\/div><h2 class=\"wp-block-heading\"> 2. Tannengesetz<\/h2><p> Fira Code ist eine Google-Schriftart, die Sie <a href=\"https:\/\/fonts.google.com\/specimen\/Fira+Code\" target=\"_blank\" rel=\"noreferrer noopener nofollow\">herunterladen und auf Ihrem System installieren<\/a> k\u00f6nnen. Ich fand das n\u00fctzlich, wenn ich Zahlen pr\u00e4sentieren muss. Es ist etwas d\u00fcnn und erleichtert das Lesen. <\/p><div class=\"wp-block-image\"><figure class=\"aligncenter size-full is-resized\"><img loading=\"lazy\" decoding=\"async\" class=\"wp-image-77603\" src=\"https:\/\/exceladvisor.org\/wp-content\/uploads\/2023\/08\/2-fira-code.png\" sizes=\"auto, \" srcset=\"\" alt=\"Fira-Code\" width=\"562\" height=\"342\"><\/figure><\/div><h2 class=\"wp-block-heading\"> 3. Verdane<\/h2><p> Verdana ist eine in Windows vorinstallierte Schriftart und eine der am h\u00e4ufigsten verwendeten Schriftarten weltweit. Ich verwende diese Schriftart, wenn ich an gro\u00dfen Datens\u00e4tzen arbeite. Da es auf der ganzen Welt verwendet wird, ist seine Lesbarkeit erstaunlich und Sie k\u00f6nnen es auch in Berichten verwenden. <\/p><div class=\"wp-block-image\"><figure class=\"aligncenter size-full is-resized\"><img loading=\"lazy\" decoding=\"async\" class=\"wp-image-77604\" src=\"https:\/\/exceladvisor.org\/wp-content\/uploads\/2023\/08\/3-verdure.png\" sizes=\"auto, \" srcset=\"\" alt=\"verdane\" width=\"601\" height=\"323\"><\/figure><\/div><h2 class=\"wp-block-heading\"> 4. Helvetisch<\/h2><p> Helvetica ist auch eine vorinstallierte Schriftart in Windows und Sie k\u00f6nnen sie auch in Excel verwenden. Diese Schriftart eignet sich hervorragend f\u00fcr gro\u00dfe Datens\u00e4tze und insbesondere f\u00fcr Spalten\u00fcberschriften. <\/p><div class=\"wp-block-image\"><figure class=\"aligncenter size-full is-resized\"><img loading=\"lazy\" decoding=\"async\" class=\"wp-image-77605\" src=\"https:\/\/exceladvisor.org\/wp-content\/uploads\/2023\/08\/4-helvetiques.png\" sizes=\"auto, \" srcset=\"\" alt=\"schweizerisch\" width=\"609\" height=\"354\"><\/figure><\/div><h2 class=\"wp-block-heading\"> 5. Pro-Quellcode<\/h2><p> Source Code Pro ist auch eine Google-Schriftart, die Sie herunterladen und im System installieren m\u00fcssen. Es handelt sich um eine elegante Schriftart, die in Dashboards und Berichten verwendet werden kann, insbesondere wenn Sie eine gro\u00dfe Schriftgr\u00f6\u00dfe verwenden m\u00fcssen. <\/p><div class=\"wp-block-image\"><figure class=\"aligncenter size-full is-resized\"><img loading=\"lazy\" decoding=\"async\" class=\"wp-image-77606\" src=\"https:\/\/exceladvisor.org\/wp-content\/uploads\/2023\/08\/5-code-source-pro.png\" sizes=\"auto, \" srcset=\"\" alt=\"Code-Source-Pro\" width=\"627\" height=\"360\"><\/figure><\/div><div class=\"gb-container gb-container-6f14e053 gb-container-note\"><p class=\"gb-headline gb-headline-b900408c gb-headline-text\"> In dieser Liste habe ich nur serifenlose Schriftarten empfohlen. <a href=\"https:\/\/exceladvisor.org\/de\/excel-grundlagen\/\">Excel ist eine Tabellenkalkulation<\/a> und beim Arbeiten mit Daten sollte ein Schriftstil f\u00fcr den Benutzer leicht verst\u00e4ndlich sein.<\/p><\/div><div class=\"gb-container gb-container-4db6181c gb-container-mt\"> <a class=\"gb-button gb-button-c5897111 gb-button-text gb-button-mt-button\" href=\"https:\/\/exceladvisor.org\/de\/excel-fortschritt\/\">Erweiterte Excel-Tutorials<\/a><h2 class=\"gb-headline gb-headline-665e5f6b gb-headline-text gb-headline-mt-heading\"> Verwandte Tutorials <\/h2><div class=\"gb-grid-wrapper gb-grid-wrapper-a20baf7c gb-grid-wrapper-mt-grid\"><div class=\"gb-grid-column gb-grid-column-65ddf67e\"><div class=\"gb-container gb-container-65ddf67e\"><ul><li> <a href=\"https:\/\/exceladvisor.org\/de\/formeln-1\/\" data-wpil=\"url\">Formeln in bedingter Formatierung<\/a><\/li><li> <a href=\"https:\/\/exceladvisor.org\/de\/automatisch-formatieren\/\">Automatische Formatierungsoption in Excel<\/a><\/li><li> <a href=\"https:\/\/exceladvisor.org\/de\/markieren-sie-abwechselnde-zeilen\/\">Markieren Sie alternative Zeilen in Excel mit einem Farbfeld<\/a><\/li><li> <a href=\"https:\/\/exceladvisor.org\/de\/icon-spiele\/\" data-wpil=\"url\">Symbols\u00e4tze in Excel verwenden (bedingte Formatierung)<\/a><\/li><\/ul><\/div><\/div><\/div><\/div>","protected":false},"excerpt":{"rendered":"","protected":false},"author":1,"featured_media":0,"parent":0,"menu_order":0,"comment_status":"open","ping_status":"closed","template":"","meta":{"ub_ctt_via":"","footnotes":""},"class_list":["post-3406","page","type-page","status-publish","hentry"],"featured_image_src":null,"yoast_head":"<!-- This site is optimized with the Yoast SEO plugin v25.4 - https:\/\/yoast.com\/wordpress\/plugins\/seo\/ -->\n<title>\u25b7 Top 5 Schriftarten f\u00fcr Microsoft Excel im Jahr 2023<\/title>\n<meta name=\"description\" content=\"In diesem Tutorial haben wir die f\u00fcnf besten Schriftarten aufgelistet, die Sie in Microsoft Excel verwenden k\u00f6nnen.\" \/>\n<meta name=\"robots\" content=\"index, follow, max-snippet:-1, max-image-preview:large, max-video-preview:-1\" \/>\n<link rel=\"canonical\" href=\"https:\/\/exceladvisor.org\/de\/beste-schriftarten\/\" \/>\n<meta property=\"og:locale\" content=\"de_DE\" \/>\n<meta property=\"og:type\" content=\"article\" \/>\n<meta property=\"og:title\" content=\"\u25b7 Top 5 Schriftarten f\u00fcr Microsoft Excel im Jahr 2023\" \/>\n<meta property=\"og:description\" content=\"In diesem Tutorial haben wir die f\u00fcnf besten Schriftarten aufgelistet, die Sie in Microsoft Excel verwenden k\u00f6nnen.\" \/>\n<meta property=\"og:url\" content=\"https:\/\/exceladvisor.org\/de\/beste-schriftarten\/\" \/>\n<meta property=\"og:site_name\" content=\"Excel Advisor\" \/>\n<meta property=\"article:modified_time\" content=\"2023-12-03T11:12:11+00:00\" \/>\n<meta property=\"og:image\" content=\"https:\/\/exceladvisor.org\/wp-content\/uploads\/2023\/08\/1-interface-utilisateur.png\" \/>\n<meta name=\"twitter:card\" content=\"summary_large_image\" \/>\n<meta name=\"twitter:label1\" content=\"Gesch\u00e4tzte Lesezeit\" \/>\n\t<meta name=\"twitter:data1\" content=\"2\u00a0Minuten\" \/>\n<script type=\"application\/ld+json\" class=\"yoast-schema-graph\">{\"@context\":\"https:\/\/schema.org\",\"@graph\":[{\"@type\":\"WebPage\",\"@id\":\"https:\/\/exceladvisor.org\/de\/beste-schriftarten\/\",\"url\":\"https:\/\/exceladvisor.org\/de\/beste-schriftarten\/\",\"name\":\"\u25b7 Top 5 Schriftarten f\u00fcr Microsoft Excel im Jahr 2023\",\"isPartOf\":{\"@id\":\"https:\/\/exceladvisor.org\/de\/#website\"},\"primaryImageOfPage\":{\"@id\":\"https:\/\/exceladvisor.org\/de\/beste-schriftarten\/#primaryimage\"},\"image\":{\"@id\":\"https:\/\/exceladvisor.org\/de\/beste-schriftarten\/#primaryimage\"},\"thumbnailUrl\":\"https:\/\/exceladvisor.org\/wp-content\/uploads\/2023\/08\/1-interface-utilisateur.png\",\"datePublished\":\"2023-10-29T03:47:35+00:00\",\"dateModified\":\"2023-12-03T11:12:11+00:00\",\"description\":\"In diesem Tutorial haben wir die f\u00fcnf besten Schriftarten aufgelistet, die Sie in Microsoft Excel verwenden k\u00f6nnen.\",\"breadcrumb\":{\"@id\":\"https:\/\/exceladvisor.org\/de\/beste-schriftarten\/#breadcrumb\"},\"inLanguage\":\"de\",\"potentialAction\":[{\"@type\":\"ReadAction\",\"target\":[\"https:\/\/exceladvisor.org\/de\/beste-schriftarten\/\"]}]},{\"@type\":\"ImageObject\",\"inLanguage\":\"de\",\"@id\":\"https:\/\/exceladvisor.org\/de\/beste-schriftarten\/#primaryimage\",\"url\":\"https:\/\/exceladvisor.org\/wp-content\/uploads\/2023\/08\/1-interface-utilisateur.png\",\"contentUrl\":\"https:\/\/exceladvisor.org\/wp-content\/uploads\/2023\/08\/1-interface-utilisateur.png\"},{\"@type\":\"BreadcrumbList\",\"@id\":\"https:\/\/exceladvisor.org\/de\/beste-schriftarten\/#breadcrumb\",\"itemListElement\":[{\"@type\":\"ListItem\",\"position\":1,\"name\":\"Accueil\",\"item\":\"https:\/\/exceladvisor.org\/de\/\"},{\"@type\":\"ListItem\",\"position\":2,\"name\":\"Die 5 besten schriftarten f\u00fcr microsoft excel\"}]},{\"@type\":\"WebSite\",\"@id\":\"https:\/\/exceladvisor.org\/de\/#website\",\"url\":\"https:\/\/exceladvisor.org\/de\/\",\"name\":\"Excel Advisor\",\"description\":\"Ihr Leitfaden zur Datendominanz\",\"publisher\":{\"@id\":\"https:\/\/exceladvisor.org\/de\/#organization\"},\"potentialAction\":[{\"@type\":\"SearchAction\",\"target\":{\"@type\":\"EntryPoint\",\"urlTemplate\":\"https:\/\/exceladvisor.org\/de\/?s={search_term_string}\"},\"query-input\":{\"@type\":\"PropertyValueSpecification\",\"valueRequired\":true,\"valueName\":\"search_term_string\"}}],\"inLanguage\":\"de\"},{\"@type\":\"Organization\",\"@id\":\"https:\/\/exceladvisor.org\/de\/#organization\",\"name\":\"Excel Advisor\",\"url\":\"https:\/\/exceladvisor.org\/de\/\",\"logo\":{\"@type\":\"ImageObject\",\"inLanguage\":\"de\",\"@id\":\"https:\/\/exceladvisor.org\/de\/#\/schema\/logo\/image\/\",\"url\":\"https:\/\/exceladvisor.org\/de\/wp-content\/uploads\/2023\/11\/exceladvisor.org_.png\",\"contentUrl\":\"https:\/\/exceladvisor.org\/de\/wp-content\/uploads\/2023\/11\/exceladvisor.org_.png\",\"width\":105,\"height\":36,\"caption\":\"Excel Advisor\"},\"image\":{\"@id\":\"https:\/\/exceladvisor.org\/de\/#\/schema\/logo\/image\/\"}}]}<\/script>\n<!-- \/ Yoast SEO plugin. -->","yoast_head_json":{"title":"\u25b7 Top 5 Schriftarten f\u00fcr Microsoft Excel im Jahr 2023","description":"In diesem Tutorial haben wir die f\u00fcnf besten Schriftarten aufgelistet, die Sie in Microsoft Excel verwenden k\u00f6nnen.","robots":{"index":"index","follow":"follow","max-snippet":"max-snippet:-1","max-image-preview":"max-image-preview:large","max-video-preview":"max-video-preview:-1"},"canonical":"https:\/\/exceladvisor.org\/de\/beste-schriftarten\/","og_locale":"de_DE","og_type":"article","og_title":"\u25b7 Top 5 Schriftarten f\u00fcr Microsoft Excel im Jahr 2023","og_description":"In diesem Tutorial haben wir die f\u00fcnf besten Schriftarten aufgelistet, die Sie in Microsoft Excel verwenden k\u00f6nnen.","og_url":"https:\/\/exceladvisor.org\/de\/beste-schriftarten\/","og_site_name":"Excel Advisor","article_modified_time":"2023-12-03T11:12:11+00:00","og_image":[{"url":"https:\/\/exceladvisor.org\/wp-content\/uploads\/2023\/08\/1-interface-utilisateur.png","type":"","width":"","height":""}],"twitter_card":"summary_large_image","twitter_misc":{"Gesch\u00e4tzte Lesezeit":"2\u00a0Minuten"},"schema":{"@context":"https:\/\/schema.org","@graph":[{"@type":"WebPage","@id":"https:\/\/exceladvisor.org\/de\/beste-schriftarten\/","url":"https:\/\/exceladvisor.org\/de\/beste-schriftarten\/","name":"\u25b7 Top 5 Schriftarten f\u00fcr Microsoft Excel im Jahr 2023","isPartOf":{"@id":"https:\/\/exceladvisor.org\/de\/#website"},"primaryImageOfPage":{"@id":"https:\/\/exceladvisor.org\/de\/beste-schriftarten\/#primaryimage"},"image":{"@id":"https:\/\/exceladvisor.org\/de\/beste-schriftarten\/#primaryimage"},"thumbnailUrl":"https:\/\/exceladvisor.org\/wp-content\/uploads\/2023\/08\/1-interface-utilisateur.png","datePublished":"2023-10-29T03:47:35+00:00","dateModified":"2023-12-03T11:12:11+00:00","description":"In diesem Tutorial haben wir die f\u00fcnf besten Schriftarten aufgelistet, die Sie in Microsoft Excel verwenden k\u00f6nnen.","breadcrumb":{"@id":"https:\/\/exceladvisor.org\/de\/beste-schriftarten\/#breadcrumb"},"inLanguage":"de","potentialAction":[{"@type":"ReadAction","target":["https:\/\/exceladvisor.org\/de\/beste-schriftarten\/"]}]},{"@type":"ImageObject","inLanguage":"de","@id":"https:\/\/exceladvisor.org\/de\/beste-schriftarten\/#primaryimage","url":"https:\/\/exceladvisor.org\/wp-content\/uploads\/2023\/08\/1-interface-utilisateur.png","contentUrl":"https:\/\/exceladvisor.org\/wp-content\/uploads\/2023\/08\/1-interface-utilisateur.png"},{"@type":"BreadcrumbList","@id":"https:\/\/exceladvisor.org\/de\/beste-schriftarten\/#breadcrumb","itemListElement":[{"@type":"ListItem","position":1,"name":"Accueil","item":"https:\/\/exceladvisor.org\/de\/"},{"@type":"ListItem","position":2,"name":"Die 5 besten schriftarten f\u00fcr microsoft excel"}]},{"@type":"WebSite","@id":"https:\/\/exceladvisor.org\/de\/#website","url":"https:\/\/exceladvisor.org\/de\/","name":"Excel Advisor","description":"Ihr Leitfaden zur Datendominanz","publisher":{"@id":"https:\/\/exceladvisor.org\/de\/#organization"},"potentialAction":[{"@type":"SearchAction","target":{"@type":"EntryPoint","urlTemplate":"https:\/\/exceladvisor.org\/de\/?s={search_term_string}"},"query-input":{"@type":"PropertyValueSpecification","valueRequired":true,"valueName":"search_term_string"}}],"inLanguage":"de"},{"@type":"Organization","@id":"https:\/\/exceladvisor.org\/de\/#organization","name":"Excel Advisor","url":"https:\/\/exceladvisor.org\/de\/","logo":{"@type":"ImageObject","inLanguage":"de","@id":"https:\/\/exceladvisor.org\/de\/#\/schema\/logo\/image\/","url":"https:\/\/exceladvisor.org\/de\/wp-content\/uploads\/2023\/11\/exceladvisor.org_.png","contentUrl":"https:\/\/exceladvisor.org\/de\/wp-content\/uploads\/2023\/11\/exceladvisor.org_.png","width":105,"height":36,"caption":"Excel Advisor"},"image":{"@id":"https:\/\/exceladvisor.org\/de\/#\/schema\/logo\/image\/"}}]}},"yoast_meta":{"yoast_wpseo_title":"","yoast_wpseo_metadesc":"","yoast_wpseo_canonical":""},"_links":{"self":[{"href":"https:\/\/exceladvisor.org\/de\/wp-json\/wp\/v2\/pages\/3406","targetHints":{"allow":["GET"]}}],"collection":[{"href":"https:\/\/exceladvisor.org\/de\/wp-json\/wp\/v2\/pages"}],"about":[{"href":"https:\/\/exceladvisor.org\/de\/wp-json\/wp\/v2\/types\/page"}],"author":[{"embeddable":true,"href":"https:\/\/exceladvisor.org\/de\/wp-json\/wp\/v2\/users\/1"}],"replies":[{"embeddable":true,"href":"https:\/\/exceladvisor.org\/de\/wp-json\/wp\/v2\/comments?post=3406"}],"version-history":[{"count":1,"href":"https:\/\/exceladvisor.org\/de\/wp-json\/wp\/v2\/pages\/3406\/revisions"}],"predecessor-version":[{"id":3738,"href":"https:\/\/exceladvisor.org\/de\/wp-json\/wp\/v2\/pages\/3406\/revisions\/3738"}],"wp:attachment":[{"href":"https:\/\/exceladvisor.org\/de\/wp-json\/wp\/v2\/media?parent=3406"}],"curies":[{"name":"wp","href":"https:\/\/api.w.org\/{rel}","templated":true}]}}