{"id":3407,"date":"2023-10-29T03:25:02","date_gmt":"2023-10-29T03:25:02","guid":{"rendered":"https:\/\/exceladvisor.org\/de\/seitenrand\/"},"modified":"2023-12-03T11:13:40","modified_gmt":"2023-12-03T11:13:40","slug":"seitenrand","status":"publish","type":"page","link":"https:\/\/exceladvisor.org\/de\/seitenrand\/","title":{"rendered":"Wie \u00e4ndere ich den seitenrand in excel?"},"content":{"rendered":"<div class=\"excel-vor-dem-inhalt\" id=\"excel-1250576098\"><script type=\"text\/javascript\">\r\n\tatOptions = {\r\n\t\t'key' : 'c1158f160081d6540a8409e6925dab94',\r\n\t\t'format' : 'iframe',\r\n\t\t'height' : 250,\r\n\t\t'width' : 300,\r\n\t\t'params' : {}\r\n\t};\r\n<\/script>\r\n<script type=\"text\/javascript\" src=\"\/\/www.highperformanceformat.com\/c1158f160081d6540a8409e6925dab94\/invoke.js\"><\/script><\/div> <p>Wenn Sie in Excel einen Papierbericht drucken m\u00f6chten, k\u00f6nnen Sie die Seitenr\u00e4nder entsprechend Ihren Anforderungen \u00e4ndern. Standardm\u00e4\u00dfig betragen die R\u00e4nder links und rechts 1,78 cm und unten und oben 1,91 cm. <\/p><div class=\"wp-block-image\"><figure class=\"aligncenter size-full is-resized\"><img loading=\"lazy\" decoding=\"async\" class=\"wp-image-77636\" src=\"https:\/\/exceladvisor.org\/wp-content\/uploads\/2023\/08\/1-marge-de-page-dans-excel.png\" sizes=\"auto, \" srcset=\"\" alt=\"Seitenrand-in-Excel\" width=\"323\" height=\"465\"><\/figure><\/div><p> Sie k\u00f6nnen diese R\u00e4nder entsprechend Ihren Anforderungen \u00e4ndern. In diesem Tutorial schauen wir uns alle verschiedenen Optionen an und zeigen Ihnen, wie Sie in Excel die Seitenr\u00e4nder \u00e4ndern k\u00f6nnen.<\/p><h2 class=\"wp-block-heading\"> Seitenrand in Excel \u00e4ndern<\/h2><ol type=\"1\"><li> Gehen Sie zun\u00e4chst zur Registerkarte \u201eLayout\u201c.<\/li><li> Gehen Sie danach zur Gruppe der Seitenkonfigurationsoptionen.<\/li><li> Klicken Sie anschlie\u00dfend auf das Dropdown-Men\u00fc \u201eLayout\u201c.<\/li><li> W\u00e4hlen Sie abschlie\u00dfend die Seitenrandeinstellung aus, die Sie verwenden m\u00f6chten. <\/li><\/ol><div class=\"wp-block-image\"><figure class=\"aligncenter size-full is-resized\"><img loading=\"lazy\" decoding=\"async\" class=\"wp-image-77637\" src=\"https:\/\/exceladvisor.org\/wp-content\/uploads\/2023\/08\/2-modifier-la-marge-de-la-page.png\" sizes=\"auto, \" srcset=\"\" alt=\"Seitenrand \u00e4ndern\" width=\"550\" height=\"502\"><\/figure><\/div><p> Es gibt drei Hauptvoreinstellungen, die Sie verwenden k\u00f6nnen: Normal (Standard), Breit und Schmal.<\/p><h2 class=\"wp-block-heading\"> Benutzerdefinierte Seitenr\u00e4nder<\/h2><p> Sie k\u00f6nnen auch benutzerdefinierte Seitenrandwerte verwenden. Wenn Sie in der Dropdown-Liste \u201eLayout\u201c nach unten scrollen, klicken Sie auf die Option \u201eBenutzerdefinierter Rand\u201c und \u00f6ffnen Sie das Dialogfeld. Sie k\u00f6nnen auch die <a href=\"https:\/\/exceladvisor.org\/de\/tastaturkurzel\/\">Tastenkombination<\/a> Alt \u21e2 P \u21e2 M \u21e2 A verwenden. <\/p><div class=\"wp-block-image\"><figure class=\"aligncenter size-full is-resized\"><img loading=\"lazy\" decoding=\"async\" class=\"wp-image-77639\" src=\"https:\/\/exceladvisor.org\/wp-content\/uploads\/2023\/08\/3-marges-de-page-personnalisees.png\" sizes=\"auto, \" srcset=\"\" alt=\"benutzerdefinierte Seitenr\u00e4nder\" width=\"362\" height=\"527\"><\/figure><\/div><p> Im Dialogfeld k\u00f6nnen Sie die Seitenrandwerte \u00e4ndern und einen neuen festlegen. <\/p><div class=\"wp-block-image\"><figure class=\"aligncenter size-full is-resized\"><img loading=\"lazy\" decoding=\"async\" class=\"wp-image-77640\" src=\"https:\/\/exceladvisor.org\/wp-content\/uploads\/2023\/08\/Boite-de-dialogue-de-configuration-a-4-pages.png\" sizes=\"auto, \" srcset=\"\" alt=\"Layout-Dialog\" width=\"506\" height=\"488\"><\/figure><\/div><p> Sie k\u00f6nnen auch die <a href=\"https:\/\/exceladvisor.org\/de\/fugen-sie-eine-fusszeile-hinzu\/\">Kopf- und Fu\u00dfzeilenwerte<\/a> \u00e4ndern und den Inhalt <a href=\"https:\/\/exceladvisor.org\/de\/zentrieren-sie-das-arbeitsblatt-horizontal\/\">vertikal und horizontal<\/a> zentrieren.<\/p><h2 class=\"wp-block-heading\"> Passen Sie die R\u00e4nder im Druckvorschaufenster an<\/h2><p> Wenn Sie <a href=\"https:\/\/exceladvisor.org\/de\/druckvorschau-1\/\">die Druckvorschau<\/a> \u00f6ffnen, haben Sie auch die M\u00f6glichkeit, die R\u00e4nder zu \u00e4ndern. Scrollen Sie im Abschnitt \u201eEinstellungen\u201c nach unten und klicken Sie auf das Dropdown-Men\u00fc \u201eRand\u201c. <\/p><div class=\"wp-block-image\"><figure class=\"aligncenter size-full is-resized\"><img loading=\"lazy\" decoding=\"async\" class=\"wp-image-77641\" src=\"https:\/\/exceladvisor.org\/wp-content\/uploads\/2023\/08\/5-ajuster-les-marges.png\" sizes=\"auto, \" srcset=\"\" alt=\"R\u00e4nder anpassen\" width=\"248\" height=\"416\"><\/figure><\/div><p> Wenn Sie darauf klicken, werden Ihnen die Voreinstellungen und die Option \u201eBenutzerdefinierter Rand\u201c angezeigt. Au\u00dferdem k\u00f6nnen Sie die zuletzt verwendete Einstellung ausw\u00e4hlen. <\/p><div class=\"wp-block-image\"><figure class=\"aligncenter size-full is-resized\"><img loading=\"lazy\" decoding=\"async\" class=\"wp-image-77642\" src=\"https:\/\/exceladvisor.org\/wp-content\/uploads\/2023\/08\/6-marges-predefinies.png\" sizes=\"auto, \" srcset=\"\" alt=\"vordefinierte R\u00e4nder\" width=\"353\" height=\"524\"><\/figure><\/div><p> Dies ist die gleiche Liste von Optionen, die Sie auf der Registerkarte \u201eLayout\u201c des Men\u00fcbands haben.<\/p><h2 class=\"wp-block-heading\"> R\u00e4nder anzeigen und mit der Maus \u00e4ndern<\/h2><p> Sie k\u00f6nnen in der Druckvorschau auch die Option \u201eRand anzeigen\u201c verwenden, um die R\u00e4nder mit dem Mauszeiger zu \u00e4ndern. Unten rechts im Druckvorschaufenster befindet sich eine kleine Schaltfl\u00e4che. Klicken Sie darauf, um sie zu aktivieren. <\/p><div class=\"wp-block-image\"><figure class=\"aligncenter size-full is-resized\"><img loading=\"lazy\" decoding=\"async\" class=\"wp-image-77643\" src=\"https:\/\/exceladvisor.org\/wp-content\/uploads\/2023\/08\/7-afficher-la-copie-des-marges.png\" sizes=\"auto, \" srcset=\"\" alt=\"R\u00e4nder anzeigen -Kopieren\" width=\"402\" height=\"557\"><\/figure><\/div><p> Sobald Sie darauf klicken, erhalten Sie eine Vorschau aller R\u00e4nder der Seite und k\u00f6nnen diese mit dem Mauszeiger \u00e4ndern. <\/p><div class=\"wp-block-image\"><figure class=\"aligncenter size-full is-resized\"><img loading=\"lazy\" decoding=\"async\" class=\"wp-image-77644\" src=\"https:\/\/exceladvisor.org\/wp-content\/uploads\/2023\/08\/8-marges-dapercu-sur-la-page.png\" sizes=\"auto, \" srcset=\"\" alt=\"Vorschau-R\u00e4nder-auf-Seite\" width=\"408\" height=\"565\"><\/figure><\/div><p> Wenn Ihre Arbeitsmappe mehrere Arbeitsbl\u00e4tter enth\u00e4lt und Sie zum Drucken einen benutzerdefinierten Randwert verwenden m\u00f6chten, m\u00fcssen Sie ihn f\u00fcr jedes Blatt \u00e4ndern.<\/p><div class=\"gb-container gb-container-4db6181c gb-container-mt\"> <a class=\"gb-button gb-button-c5897111 gb-button-text gb-button-mt-button\" href=\"https:\/\/exceladvisor.org\/de\/excel-fortschritt\/\">Fortgeschrittenes Excel-Tutorial<\/a><h2 class=\"gb-headline gb-headline-665e5f6b gb-headline-text gb-headline-mt-heading\"> Verwandte Tutorials <\/h2><div class=\"gb-grid-wrapper gb-grid-wrapper-a20baf7c gb-grid-wrapper-mt-grid\"><div class=\"gb-grid-column gb-grid-column-65ddf67e\"><div class=\"gb-container gb-container-65ddf67e\"><ul><li> <a href=\"https:\/\/exceladvisor.org\/de\/titel-drucken\/\">Anwenden von Drucktiteln in Excel (Zeile 1 so einstellen, dass sie auf jeder Seite gedruckt wird)<\/a><\/li><li> <a href=\"https:\/\/exceladvisor.org\/de\/millimeterpapier\/\">Drucken Sie ein Millimeterpapier in Excel (quadratische Rastervorlage)<\/a><\/li><li> <a href=\"https:\/\/exceladvisor.org\/de\/seitenumbruch-entfernen\/\">Seitenumbruch in Excel entfernen<\/a><\/li><li> <a href=\"https:\/\/exceladvisor.org\/de\/druckbereich-festlegen\/\">Legen Sie den Druckbereich in Excel fest<\/a><\/li><li> <a href=\"https:\/\/exceladvisor.org\/de\/zentrieren-sie-das-arbeitsblatt-horizontal\/\">Zentrieren Sie ein Arbeitsblatt in Excel horizontal und vertikal<\/a><\/li><\/ul><\/div><\/div><\/div><\/div>","protected":false},"excerpt":{"rendered":"","protected":false},"author":1,"featured_media":0,"parent":0,"menu_order":0,"comment_status":"open","ping_status":"closed","template":"","meta":{"ub_ctt_via":"","footnotes":""},"class_list":["post-3407","page","type-page","status-publish","hentry"],"featured_image_src":null,"yoast_head":"<!-- This site is optimized with the Yoast SEO plugin v25.4 - https:\/\/yoast.com\/wordpress\/plugins\/seo\/ -->\n<title>Wie \u00e4ndere ich den Seitenrand in Excel?<\/title>\n<meta name=\"description\" content=\"In diesem leicht verst\u00e4ndlichen Tutorial erfahren Sie, wie Sie Seitenr\u00e4nder in Excel und alle damit verbundenen Optionen \u00e4ndern \u2026\" \/>\n<meta name=\"robots\" content=\"index, follow, max-snippet:-1, max-image-preview:large, max-video-preview:-1\" \/>\n<link rel=\"canonical\" href=\"https:\/\/exceladvisor.org\/de\/seitenrand\/\" \/>\n<meta property=\"og:locale\" content=\"de_DE\" \/>\n<meta property=\"og:type\" content=\"article\" \/>\n<meta property=\"og:title\" content=\"Wie \u00e4ndere ich den Seitenrand in Excel?\" \/>\n<meta property=\"og:description\" content=\"In diesem leicht verst\u00e4ndlichen Tutorial erfahren Sie, wie Sie Seitenr\u00e4nder in Excel und alle damit verbundenen Optionen \u00e4ndern \u2026\" \/>\n<meta property=\"og:url\" content=\"https:\/\/exceladvisor.org\/de\/seitenrand\/\" \/>\n<meta property=\"og:site_name\" content=\"Excel Advisor\" \/>\n<meta property=\"article:modified_time\" content=\"2023-12-03T11:13:40+00:00\" \/>\n<meta property=\"og:image\" content=\"https:\/\/exceladvisor.org\/wp-content\/uploads\/2023\/08\/1-marge-de-page-dans-excel.png\" \/>\n<meta name=\"twitter:card\" content=\"summary_large_image\" \/>\n<meta name=\"twitter:label1\" content=\"Gesch\u00e4tzte Lesezeit\" \/>\n\t<meta name=\"twitter:data1\" content=\"2\u00a0Minuten\" \/>\n<script type=\"application\/ld+json\" class=\"yoast-schema-graph\">{\"@context\":\"https:\/\/schema.org\",\"@graph\":[{\"@type\":\"WebPage\",\"@id\":\"https:\/\/exceladvisor.org\/de\/seitenrand\/\",\"url\":\"https:\/\/exceladvisor.org\/de\/seitenrand\/\",\"name\":\"Wie \u00e4ndere ich den Seitenrand in Excel?\",\"isPartOf\":{\"@id\":\"https:\/\/exceladvisor.org\/de\/#website\"},\"primaryImageOfPage\":{\"@id\":\"https:\/\/exceladvisor.org\/de\/seitenrand\/#primaryimage\"},\"image\":{\"@id\":\"https:\/\/exceladvisor.org\/de\/seitenrand\/#primaryimage\"},\"thumbnailUrl\":\"https:\/\/exceladvisor.org\/wp-content\/uploads\/2023\/08\/1-marge-de-page-dans-excel.png\",\"datePublished\":\"2023-10-29T03:25:02+00:00\",\"dateModified\":\"2023-12-03T11:13:40+00:00\",\"description\":\"In diesem leicht verst\u00e4ndlichen Tutorial erfahren Sie, wie Sie Seitenr\u00e4nder in Excel und alle damit verbundenen Optionen \u00e4ndern \u2026\",\"breadcrumb\":{\"@id\":\"https:\/\/exceladvisor.org\/de\/seitenrand\/#breadcrumb\"},\"inLanguage\":\"de\",\"potentialAction\":[{\"@type\":\"ReadAction\",\"target\":[\"https:\/\/exceladvisor.org\/de\/seitenrand\/\"]}]},{\"@type\":\"ImageObject\",\"inLanguage\":\"de\",\"@id\":\"https:\/\/exceladvisor.org\/de\/seitenrand\/#primaryimage\",\"url\":\"https:\/\/exceladvisor.org\/wp-content\/uploads\/2023\/08\/1-marge-de-page-dans-excel.png\",\"contentUrl\":\"https:\/\/exceladvisor.org\/wp-content\/uploads\/2023\/08\/1-marge-de-page-dans-excel.png\"},{\"@type\":\"BreadcrumbList\",\"@id\":\"https:\/\/exceladvisor.org\/de\/seitenrand\/#breadcrumb\",\"itemListElement\":[{\"@type\":\"ListItem\",\"position\":1,\"name\":\"Accueil\",\"item\":\"https:\/\/exceladvisor.org\/de\/\"},{\"@type\":\"ListItem\",\"position\":2,\"name\":\"Wie \u00e4ndere ich den seitenrand in excel?\"}]},{\"@type\":\"WebSite\",\"@id\":\"https:\/\/exceladvisor.org\/de\/#website\",\"url\":\"https:\/\/exceladvisor.org\/de\/\",\"name\":\"Excel Advisor\",\"description\":\"Ihr Leitfaden zur Datendominanz\",\"publisher\":{\"@id\":\"https:\/\/exceladvisor.org\/de\/#organization\"},\"potentialAction\":[{\"@type\":\"SearchAction\",\"target\":{\"@type\":\"EntryPoint\",\"urlTemplate\":\"https:\/\/exceladvisor.org\/de\/?s={search_term_string}\"},\"query-input\":{\"@type\":\"PropertyValueSpecification\",\"valueRequired\":true,\"valueName\":\"search_term_string\"}}],\"inLanguage\":\"de\"},{\"@type\":\"Organization\",\"@id\":\"https:\/\/exceladvisor.org\/de\/#organization\",\"name\":\"Excel Advisor\",\"url\":\"https:\/\/exceladvisor.org\/de\/\",\"logo\":{\"@type\":\"ImageObject\",\"inLanguage\":\"de\",\"@id\":\"https:\/\/exceladvisor.org\/de\/#\/schema\/logo\/image\/\",\"url\":\"https:\/\/exceladvisor.org\/de\/wp-content\/uploads\/2023\/11\/exceladvisor.org_.png\",\"contentUrl\":\"https:\/\/exceladvisor.org\/de\/wp-content\/uploads\/2023\/11\/exceladvisor.org_.png\",\"width\":105,\"height\":36,\"caption\":\"Excel Advisor\"},\"image\":{\"@id\":\"https:\/\/exceladvisor.org\/de\/#\/schema\/logo\/image\/\"}}]}<\/script>\n<!-- \/ Yoast SEO plugin. -->","yoast_head_json":{"title":"Wie \u00e4ndere ich den Seitenrand in Excel?","description":"In diesem leicht verst\u00e4ndlichen Tutorial erfahren Sie, wie Sie Seitenr\u00e4nder in Excel und alle damit verbundenen Optionen \u00e4ndern \u2026","robots":{"index":"index","follow":"follow","max-snippet":"max-snippet:-1","max-image-preview":"max-image-preview:large","max-video-preview":"max-video-preview:-1"},"canonical":"https:\/\/exceladvisor.org\/de\/seitenrand\/","og_locale":"de_DE","og_type":"article","og_title":"Wie \u00e4ndere ich den Seitenrand in Excel?","og_description":"In diesem leicht verst\u00e4ndlichen Tutorial erfahren Sie, wie Sie Seitenr\u00e4nder in Excel und alle damit verbundenen Optionen \u00e4ndern \u2026","og_url":"https:\/\/exceladvisor.org\/de\/seitenrand\/","og_site_name":"Excel Advisor","article_modified_time":"2023-12-03T11:13:40+00:00","og_image":[{"url":"https:\/\/exceladvisor.org\/wp-content\/uploads\/2023\/08\/1-marge-de-page-dans-excel.png","type":"","width":"","height":""}],"twitter_card":"summary_large_image","twitter_misc":{"Gesch\u00e4tzte Lesezeit":"2\u00a0Minuten"},"schema":{"@context":"https:\/\/schema.org","@graph":[{"@type":"WebPage","@id":"https:\/\/exceladvisor.org\/de\/seitenrand\/","url":"https:\/\/exceladvisor.org\/de\/seitenrand\/","name":"Wie \u00e4ndere ich den Seitenrand in Excel?","isPartOf":{"@id":"https:\/\/exceladvisor.org\/de\/#website"},"primaryImageOfPage":{"@id":"https:\/\/exceladvisor.org\/de\/seitenrand\/#primaryimage"},"image":{"@id":"https:\/\/exceladvisor.org\/de\/seitenrand\/#primaryimage"},"thumbnailUrl":"https:\/\/exceladvisor.org\/wp-content\/uploads\/2023\/08\/1-marge-de-page-dans-excel.png","datePublished":"2023-10-29T03:25:02+00:00","dateModified":"2023-12-03T11:13:40+00:00","description":"In diesem leicht verst\u00e4ndlichen Tutorial erfahren Sie, wie Sie Seitenr\u00e4nder in Excel und alle damit verbundenen Optionen \u00e4ndern \u2026","breadcrumb":{"@id":"https:\/\/exceladvisor.org\/de\/seitenrand\/#breadcrumb"},"inLanguage":"de","potentialAction":[{"@type":"ReadAction","target":["https:\/\/exceladvisor.org\/de\/seitenrand\/"]}]},{"@type":"ImageObject","inLanguage":"de","@id":"https:\/\/exceladvisor.org\/de\/seitenrand\/#primaryimage","url":"https:\/\/exceladvisor.org\/wp-content\/uploads\/2023\/08\/1-marge-de-page-dans-excel.png","contentUrl":"https:\/\/exceladvisor.org\/wp-content\/uploads\/2023\/08\/1-marge-de-page-dans-excel.png"},{"@type":"BreadcrumbList","@id":"https:\/\/exceladvisor.org\/de\/seitenrand\/#breadcrumb","itemListElement":[{"@type":"ListItem","position":1,"name":"Accueil","item":"https:\/\/exceladvisor.org\/de\/"},{"@type":"ListItem","position":2,"name":"Wie \u00e4ndere ich den seitenrand in excel?"}]},{"@type":"WebSite","@id":"https:\/\/exceladvisor.org\/de\/#website","url":"https:\/\/exceladvisor.org\/de\/","name":"Excel Advisor","description":"Ihr Leitfaden zur Datendominanz","publisher":{"@id":"https:\/\/exceladvisor.org\/de\/#organization"},"potentialAction":[{"@type":"SearchAction","target":{"@type":"EntryPoint","urlTemplate":"https:\/\/exceladvisor.org\/de\/?s={search_term_string}"},"query-input":{"@type":"PropertyValueSpecification","valueRequired":true,"valueName":"search_term_string"}}],"inLanguage":"de"},{"@type":"Organization","@id":"https:\/\/exceladvisor.org\/de\/#organization","name":"Excel Advisor","url":"https:\/\/exceladvisor.org\/de\/","logo":{"@type":"ImageObject","inLanguage":"de","@id":"https:\/\/exceladvisor.org\/de\/#\/schema\/logo\/image\/","url":"https:\/\/exceladvisor.org\/de\/wp-content\/uploads\/2023\/11\/exceladvisor.org_.png","contentUrl":"https:\/\/exceladvisor.org\/de\/wp-content\/uploads\/2023\/11\/exceladvisor.org_.png","width":105,"height":36,"caption":"Excel Advisor"},"image":{"@id":"https:\/\/exceladvisor.org\/de\/#\/schema\/logo\/image\/"}}]}},"yoast_meta":{"yoast_wpseo_title":"","yoast_wpseo_metadesc":"","yoast_wpseo_canonical":""},"_links":{"self":[{"href":"https:\/\/exceladvisor.org\/de\/wp-json\/wp\/v2\/pages\/3407","targetHints":{"allow":["GET"]}}],"collection":[{"href":"https:\/\/exceladvisor.org\/de\/wp-json\/wp\/v2\/pages"}],"about":[{"href":"https:\/\/exceladvisor.org\/de\/wp-json\/wp\/v2\/types\/page"}],"author":[{"embeddable":true,"href":"https:\/\/exceladvisor.org\/de\/wp-json\/wp\/v2\/users\/1"}],"replies":[{"embeddable":true,"href":"https:\/\/exceladvisor.org\/de\/wp-json\/wp\/v2\/comments?post=3407"}],"version-history":[{"count":1,"href":"https:\/\/exceladvisor.org\/de\/wp-json\/wp\/v2\/pages\/3407\/revisions"}],"predecessor-version":[{"id":3849,"href":"https:\/\/exceladvisor.org\/de\/wp-json\/wp\/v2\/pages\/3407\/revisions\/3849"}],"wp:attachment":[{"href":"https:\/\/exceladvisor.org\/de\/wp-json\/wp\/v2\/media?parent=3407"}],"curies":[{"name":"wp","href":"https:\/\/api.w.org\/{rel}","templated":true}]}}