{"id":3408,"date":"2023-10-28T03:16:17","date_gmt":"2023-10-28T03:16:17","guid":{"rendered":"https:\/\/exceladvisor.org\/de\/bindestriche-entfernen\/"},"modified":"2023-12-03T11:14:24","modified_gmt":"2023-12-03T11:14:24","slug":"bindestriche-entfernen","status":"publish","type":"page","link":"https:\/\/exceladvisor.org\/de\/bindestriche-entfernen\/","title":{"rendered":"Wie entferne ich bindestriche in excel?"},"content":{"rendered":"<div class=\"excel-vor-dem-inhalt\" id=\"excel-3851101843\"><script type=\"text\/javascript\">\r\n\tatOptions = {\r\n\t\t'key' : 'c1158f160081d6540a8409e6925dab94',\r\n\t\t'format' : 'iframe',\r\n\t\t'height' : 250,\r\n\t\t'width' : 300,\r\n\t\t'params' : {}\r\n\t};\r\n<\/script>\r\n<script type=\"text\/javascript\" src=\"\/\/www.highperformanceformat.com\/c1158f160081d6540a8409e6925dab94\/invoke.js\"><\/script><\/div> <p>Es gibt einige Datenformen, zwischen denen m\u00f6glicherweise Bindestriche stehen. Zum Beispiel eine SNN-Nummer, Daten und Mobiltelefonnummern. Nun gibt es in Excel mehrere M\u00f6glichkeiten mit Formeln, mit denen Sie diese Bindestriche aus diesen Werten entfernen k\u00f6nnen. <\/p><div class=\"wp-block-image\"><figure class=\"aligncenter size-full is-resized\"><img loading=\"lazy\" decoding=\"async\" class=\"wp-image-77759\" src=\"https:\/\/exceladvisor.org\/wp-content\/uploads\/2023\/08\/1-supprimer-les-tirets.png\" sizes=\"auto, \" srcset=\"\" alt=\"Bindestriche entfernen\" width=\"387\" height=\"362\"><\/figure><\/div><p> In diesem Tutorial werden wir uns verschiedene Methoden ansehen, mit denen wir Bindestriche aus Werten in Excel entfernen k\u00f6nnen.<\/p><h2 class=\"wp-block-heading\"> Bindestriche aus einer SSN (Sozialversicherungsnummer) entfernen<\/h2><ol type=\"1\"><li> Geben Sie zun\u00e4chst in Zelle B2 <strong>\u201eSUBSTITUTE(\u201c ein.<\/strong><\/li><li> Beziehen Sie sich anschlie\u00dfend im ersten Argument auf die Zelle, in der Sie die SSN haben.<\/li><li> Geben Sie als N\u00e4chstes einen Bindestrich mit doppelten Anf\u00fchrungszeichen ein.<\/li><li> Geben Sie nun f\u00fcr das dritte Argument einen leeren Wert in doppelte Anf\u00fchrungszeichen ein.<\/li><li> Geben Sie am Ende die schlie\u00dfenden Klammern ein und dr\u00fccken Sie die Eingabetaste, um das Ergebnis zu erhalten. <\/li><\/ol><div class=\"wp-block-image\"><figure class=\"aligncenter size-full is-resized\"><img loading=\"lazy\" decoding=\"async\" class=\"wp-image-77760\" src=\"https:\/\/exceladvisor.org\/wp-content\/uploads\/2023\/08\/2-supprimer-les-tirets-par-substitution.png\" sizes=\"auto, \" srcset=\"\" alt=\"Entfernen Sie Bindestriche durch Ersetzung\" width=\"491\" height=\"279\"><\/figure><\/div><pre class=\"wp-block-code\"> <code class=\"language-excel-formula\" lang=\"excel-formula\">=SUBSTITUTE(A1,\"-\",\"\")<\/code><\/pre><p> Sobald Sie die Formel eingeben, erhalten Sie einen Wert ohne Bindestriche in der Zelle<\/p><p> Ich empfehle Ihnen jedoch, das SSN-Format jedes Mal anzuwenden, wenn Sie die SSN in Excel eingeben. Dadurch werden dem Wert keine Bindestriche hinzugef\u00fcgt, es handelt sich jedoch um ein Format mit Bindestrichen.<\/p><p> Zellenformatoptionen \u21e2 Nummern \u21e2 Spezial \u21e2 Sozialversicherungsnummer. <\/p><div class=\"wp-block-image\"><figure class=\"aligncenter size-full is-resized\"><img loading=\"lazy\" decoding=\"async\" class=\"wp-image-77761\" src=\"https:\/\/exceladvisor.org\/wp-content\/uploads\/2023\/08\/Option-speciale-de-la-boite-de-dialogue-Format-3-cellules.png\" sizes=\"auto, \" srcset=\"\" alt=\"format-cells-dialog-box-special-option\" width=\"525\" height=\"520\"><\/figure><\/div><h2 class=\"wp-block-heading\"> Verwenden Sie \u201eSuchen und Ersetzen\u201c, um Bindestriche in Excel zu entfernen<\/h2><ol type=\"1\"><li> W\u00e4hlen Sie zun\u00e4chst den Zellbereich aus, aus dem Sie Bindestriche entfernen m\u00f6chten.<\/li><li> \u00d6ffnen Sie als N\u00e4chstes die Option <a href=\"https:\/\/exceladvisor.org\/de\/ersatz-finden\/\">\u201eSuchen und Ersetzen\u201c<\/a> mit der <a href=\"https:\/\/exceladvisor.org\/de\/finde-ersetzen-1\/\">Tastenkombination Strg + H.<\/a><\/li><li> Geben Sie anschlie\u00dfend einen Bindestrich in das Suchfeld ein.<\/li><li> Geben Sie jetzt nichts ein.<\/li><li> Klicken Sie abschlie\u00dfend auf \u201eAlle ersetzen\u201c. <\/li><\/ol><div class=\"wp-block-image\"><figure class=\"aligncenter size-full is-resized\"><img loading=\"lazy\" decoding=\"async\" class=\"wp-image-77762\" src=\"https:\/\/exceladvisor.org\/wp-content\/uploads\/2023\/08\/4-rechercher-et-remplacer-pour-supprimer-les-tirets.png\" sizes=\"auto, \" srcset=\"\" alt=\"Suchen und Ersetzen, um Bindestriche zu entfernen\" width=\"681\" height=\"299\"><\/figure><\/div><p> Sobald Sie auf die Schaltfl\u00e4che \u201eAlle ersetzen\u201c klicken, werden die Bindestriche aller ausgew\u00e4hlten Zellen ersetzt. Und wenn Sie keine Zellen ausw\u00e4hlen, werden die Bindestriche aus dem gesamten Arbeitsblatt entfernt. <\/p><div class=\"wp-block-image\"><figure class=\"aligncenter size-full is-resized\"><img loading=\"lazy\" decoding=\"async\" class=\"wp-image-77763\" src=\"https:\/\/exceladvisor.org\/wp-content\/uploads\/2023\/08\/5-remplacer-tout.png\" sizes=\"auto, \" srcset=\"\" alt=\"alles ersetzen\" width=\"692\" height=\"255\"><\/figure><\/div><p> Klicken Sie auf die Schaltfl\u00e4che \u201eOptionen\u201c und w\u00e4hlen Sie die Arbeitsmappe aus dem Dropdown-Men\u00fc \u201eIn\u201c aus, um die gepunkteten Linien aus der gesamten Arbeitsmappe zu entfernen.<\/p><h2 class=\"wp-block-heading\"> Verwenden Sie VBA-Codes, um alle Bindestriche zu entfernen<\/h2><p> Sie k\u00f6nnen auch VBA-Code ausf\u00fchren, um Bindestriche aus ausgew\u00e4hlten Zellen zu entfernen. Unten finden Sie den Code, den Sie verwenden k\u00f6nnen.<\/p><pre class=\"wp-block-code\"> <code class=\"language-visual-basic line-numbers\" lang=\"visual-basic\">Sub remove_dashes() Dim iCell As <strong>Range<\/strong> <strong>For<\/strong> Each iCell <strong>In<\/strong> <strong>Selection<\/strong> . <strong>Cells<\/strong>   iCell. <strong>Value<\/strong> = <strong>Replace<\/strong> (iCell, \"-\", \"\") <strong>Next<\/strong> iCell <strong>End<\/strong> Sub<\/code><\/pre><p> So verwenden Sie diesen Code: W\u00e4hlen Sie den Zellbereich oder eine einzelne Zelle aus und f\u00fchren Sie den Code aus.<\/p><p> Wenn Sie jedoch die Bindestriche entfernen und das Sozialversicherungsnummernformat auf die ausgew\u00e4hlten Zellen anwenden m\u00f6chten, k\u00f6nnen Sie anstelle des obigen Codes den folgenden Code verwenden.<\/p><pre class=\"wp-block-code\"> <code class=\"language-visual-basic line-numbers\" lang=\"visual-basic\">Sub remove_dashes() Dim iCell As <strong>Range<\/strong> <strong>For<\/strong> Each iCell <strong>In<\/strong> <strong>Selection<\/strong> . <strong>Cells<\/strong>   iCell. <strong>Value<\/strong> = <strong>Replace<\/strong> (iCell, \"-\", \"\")   iCell. <strong>NumberFormat<\/strong> = \"000-00-0000\" <strong>Next<\/strong> iCell <strong>End<\/strong> Sub<\/code><\/pre><p> Dadurch werden die Bindestriche aus der Zahl entfernt, aber auch das SSN-Format auf die Werte angewendet, wie Sie im folgenden Beispiel sehen k\u00f6nnen. <\/p><div class=\"wp-block-image\"><figure class=\"aligncenter size-full is-resized\"><img loading=\"lazy\" decoding=\"async\" class=\"wp-image-77764\" src=\"https:\/\/exceladvisor.org\/wp-content\/uploads\/2023\/08\/6-supprimer-le-tableau-de-bord-a-laide-de-vba.png\" sizes=\"auto, \" srcset=\"\" alt=\"L\u00f6schen Sie das Dashboard mit VBA\" width=\"453\" height=\"358\"><\/figure><\/div><div class=\"gb-container gb-container-4db6181c gb-container-mt\"> <a class=\"gb-button gb-button-c5897111 gb-button-text gb-button-mt-button\" href=\"https:\/\/exceladvisor.org\/de\/excel-fortschritt\/\">Erweiterte Excel-Tutorials<\/a><h2 class=\"gb-headline gb-headline-665e5f6b gb-headline-text gb-headline-mt-heading\"> Verwandte Tutorials <\/h2><div class=\"gb-grid-wrapper gb-grid-wrapper-a20baf7c gb-grid-wrapper-mt-grid\"><div class=\"gb-grid-column gb-grid-column-65ddf67e\"><div class=\"gb-container gb-container-65ddf67e\"><ul><li> <a href=\"https:\/\/exceladvisor.org\/de\/schnelles-analysetool\/\">Schnellanalysetool in Excel<\/a><\/li><li> <a href=\"https:\/\/exceladvisor.org\/de\/mehrere-filter-anwenden\/\">Wenden Sie mehrere Filter auf Spalten an<\/a><\/li><li> <a href=\"https:\/\/exceladvisor.org\/de\/markieren-sie-die-oberen-und-unteren-werte\/\">Markieren Sie die oberen und unteren N-Werte in Excel<\/a><\/li><li> <a href=\"https:\/\/exceladvisor.org\/de\/kontrollkastchen\/\">F\u00fcgen Sie ein Kontrollk\u00e4stchen in Excel ein<\/a><\/li><li> <a href=\"https:\/\/exceladvisor.org\/de\/zellen-zusammenfuhren-ohne-daten-zu-verlieren\/\">F\u00fchren Sie Zellen zusammen, ohne Daten in Excel zu verlieren<\/a><\/li><\/ul><\/div><\/div><\/div><\/div>","protected":false},"excerpt":{"rendered":"","protected":false},"author":1,"featured_media":0,"parent":0,"menu_order":0,"comment_status":"open","ping_status":"closed","template":"","meta":{"ub_ctt_via":"","footnotes":""},"class_list":["post-3408","page","type-page","status-publish","hentry"],"featured_image_src":null,"yoast_head":"<!-- This site is optimized with the Yoast SEO plugin v25.4 - https:\/\/yoast.com\/wordpress\/plugins\/seo\/ -->\n<title>Wie entferne ich Bindestriche in Excel? (Leitfaden 2023)<\/title>\n<meta name=\"robots\" content=\"index, follow, max-snippet:-1, max-image-preview:large, max-video-preview:-1\" \/>\n<link rel=\"canonical\" href=\"https:\/\/exceladvisor.org\/de\/bindestriche-entfernen\/\" \/>\n<meta property=\"og:locale\" content=\"de_DE\" \/>\n<meta property=\"og:type\" content=\"article\" \/>\n<meta property=\"og:title\" content=\"Wie entferne ich Bindestriche in Excel? (Leitfaden 2023)\" \/>\n<meta property=\"og:url\" content=\"https:\/\/exceladvisor.org\/de\/bindestriche-entfernen\/\" \/>\n<meta property=\"og:site_name\" content=\"Excel Advisor\" \/>\n<meta property=\"article:modified_time\" content=\"2023-12-03T11:14:24+00:00\" \/>\n<meta property=\"og:image\" content=\"https:\/\/exceladvisor.org\/wp-content\/uploads\/2023\/08\/1-supprimer-les-tirets.png\" \/>\n<meta name=\"twitter:card\" content=\"summary_large_image\" \/>\n<meta name=\"twitter:label1\" content=\"Gesch\u00e4tzte Lesezeit\" \/>\n\t<meta name=\"twitter:data1\" content=\"3\u00a0Minuten\" \/>\n<script type=\"application\/ld+json\" class=\"yoast-schema-graph\">{\"@context\":\"https:\/\/schema.org\",\"@graph\":[{\"@type\":\"WebPage\",\"@id\":\"https:\/\/exceladvisor.org\/de\/bindestriche-entfernen\/\",\"url\":\"https:\/\/exceladvisor.org\/de\/bindestriche-entfernen\/\",\"name\":\"Wie entferne ich Bindestriche in Excel? (Leitfaden 2023)\",\"isPartOf\":{\"@id\":\"https:\/\/exceladvisor.org\/de\/#website\"},\"primaryImageOfPage\":{\"@id\":\"https:\/\/exceladvisor.org\/de\/bindestriche-entfernen\/#primaryimage\"},\"image\":{\"@id\":\"https:\/\/exceladvisor.org\/de\/bindestriche-entfernen\/#primaryimage\"},\"thumbnailUrl\":\"https:\/\/exceladvisor.org\/wp-content\/uploads\/2023\/08\/1-supprimer-les-tirets.png\",\"datePublished\":\"2023-10-28T03:16:17+00:00\",\"dateModified\":\"2023-12-03T11:14:24+00:00\",\"breadcrumb\":{\"@id\":\"https:\/\/exceladvisor.org\/de\/bindestriche-entfernen\/#breadcrumb\"},\"inLanguage\":\"de\",\"potentialAction\":[{\"@type\":\"ReadAction\",\"target\":[\"https:\/\/exceladvisor.org\/de\/bindestriche-entfernen\/\"]}]},{\"@type\":\"ImageObject\",\"inLanguage\":\"de\",\"@id\":\"https:\/\/exceladvisor.org\/de\/bindestriche-entfernen\/#primaryimage\",\"url\":\"https:\/\/exceladvisor.org\/wp-content\/uploads\/2023\/08\/1-supprimer-les-tirets.png\",\"contentUrl\":\"https:\/\/exceladvisor.org\/wp-content\/uploads\/2023\/08\/1-supprimer-les-tirets.png\"},{\"@type\":\"BreadcrumbList\",\"@id\":\"https:\/\/exceladvisor.org\/de\/bindestriche-entfernen\/#breadcrumb\",\"itemListElement\":[{\"@type\":\"ListItem\",\"position\":1,\"name\":\"Accueil\",\"item\":\"https:\/\/exceladvisor.org\/de\/\"},{\"@type\":\"ListItem\",\"position\":2,\"name\":\"Wie entferne ich bindestriche in excel?\"}]},{\"@type\":\"WebSite\",\"@id\":\"https:\/\/exceladvisor.org\/de\/#website\",\"url\":\"https:\/\/exceladvisor.org\/de\/\",\"name\":\"Excel Advisor\",\"description\":\"Ihr Leitfaden zur Datendominanz\",\"publisher\":{\"@id\":\"https:\/\/exceladvisor.org\/de\/#organization\"},\"potentialAction\":[{\"@type\":\"SearchAction\",\"target\":{\"@type\":\"EntryPoint\",\"urlTemplate\":\"https:\/\/exceladvisor.org\/de\/?s={search_term_string}\"},\"query-input\":{\"@type\":\"PropertyValueSpecification\",\"valueRequired\":true,\"valueName\":\"search_term_string\"}}],\"inLanguage\":\"de\"},{\"@type\":\"Organization\",\"@id\":\"https:\/\/exceladvisor.org\/de\/#organization\",\"name\":\"Excel Advisor\",\"url\":\"https:\/\/exceladvisor.org\/de\/\",\"logo\":{\"@type\":\"ImageObject\",\"inLanguage\":\"de\",\"@id\":\"https:\/\/exceladvisor.org\/de\/#\/schema\/logo\/image\/\",\"url\":\"https:\/\/exceladvisor.org\/de\/wp-content\/uploads\/2023\/11\/exceladvisor.org_.png\",\"contentUrl\":\"https:\/\/exceladvisor.org\/de\/wp-content\/uploads\/2023\/11\/exceladvisor.org_.png\",\"width\":105,\"height\":36,\"caption\":\"Excel Advisor\"},\"image\":{\"@id\":\"https:\/\/exceladvisor.org\/de\/#\/schema\/logo\/image\/\"}}]}<\/script>\n<!-- \/ Yoast SEO plugin. -->","yoast_head_json":{"title":"Wie entferne ich Bindestriche in Excel? (Leitfaden 2023)","robots":{"index":"index","follow":"follow","max-snippet":"max-snippet:-1","max-image-preview":"max-image-preview:large","max-video-preview":"max-video-preview:-1"},"canonical":"https:\/\/exceladvisor.org\/de\/bindestriche-entfernen\/","og_locale":"de_DE","og_type":"article","og_title":"Wie entferne ich Bindestriche in Excel? (Leitfaden 2023)","og_url":"https:\/\/exceladvisor.org\/de\/bindestriche-entfernen\/","og_site_name":"Excel Advisor","article_modified_time":"2023-12-03T11:14:24+00:00","og_image":[{"url":"https:\/\/exceladvisor.org\/wp-content\/uploads\/2023\/08\/1-supprimer-les-tirets.png","type":"","width":"","height":""}],"twitter_card":"summary_large_image","twitter_misc":{"Gesch\u00e4tzte Lesezeit":"3\u00a0Minuten"},"schema":{"@context":"https:\/\/schema.org","@graph":[{"@type":"WebPage","@id":"https:\/\/exceladvisor.org\/de\/bindestriche-entfernen\/","url":"https:\/\/exceladvisor.org\/de\/bindestriche-entfernen\/","name":"Wie entferne ich Bindestriche in Excel? (Leitfaden 2023)","isPartOf":{"@id":"https:\/\/exceladvisor.org\/de\/#website"},"primaryImageOfPage":{"@id":"https:\/\/exceladvisor.org\/de\/bindestriche-entfernen\/#primaryimage"},"image":{"@id":"https:\/\/exceladvisor.org\/de\/bindestriche-entfernen\/#primaryimage"},"thumbnailUrl":"https:\/\/exceladvisor.org\/wp-content\/uploads\/2023\/08\/1-supprimer-les-tirets.png","datePublished":"2023-10-28T03:16:17+00:00","dateModified":"2023-12-03T11:14:24+00:00","breadcrumb":{"@id":"https:\/\/exceladvisor.org\/de\/bindestriche-entfernen\/#breadcrumb"},"inLanguage":"de","potentialAction":[{"@type":"ReadAction","target":["https:\/\/exceladvisor.org\/de\/bindestriche-entfernen\/"]}]},{"@type":"ImageObject","inLanguage":"de","@id":"https:\/\/exceladvisor.org\/de\/bindestriche-entfernen\/#primaryimage","url":"https:\/\/exceladvisor.org\/wp-content\/uploads\/2023\/08\/1-supprimer-les-tirets.png","contentUrl":"https:\/\/exceladvisor.org\/wp-content\/uploads\/2023\/08\/1-supprimer-les-tirets.png"},{"@type":"BreadcrumbList","@id":"https:\/\/exceladvisor.org\/de\/bindestriche-entfernen\/#breadcrumb","itemListElement":[{"@type":"ListItem","position":1,"name":"Accueil","item":"https:\/\/exceladvisor.org\/de\/"},{"@type":"ListItem","position":2,"name":"Wie entferne ich bindestriche in excel?"}]},{"@type":"WebSite","@id":"https:\/\/exceladvisor.org\/de\/#website","url":"https:\/\/exceladvisor.org\/de\/","name":"Excel Advisor","description":"Ihr Leitfaden zur Datendominanz","publisher":{"@id":"https:\/\/exceladvisor.org\/de\/#organization"},"potentialAction":[{"@type":"SearchAction","target":{"@type":"EntryPoint","urlTemplate":"https:\/\/exceladvisor.org\/de\/?s={search_term_string}"},"query-input":{"@type":"PropertyValueSpecification","valueRequired":true,"valueName":"search_term_string"}}],"inLanguage":"de"},{"@type":"Organization","@id":"https:\/\/exceladvisor.org\/de\/#organization","name":"Excel Advisor","url":"https:\/\/exceladvisor.org\/de\/","logo":{"@type":"ImageObject","inLanguage":"de","@id":"https:\/\/exceladvisor.org\/de\/#\/schema\/logo\/image\/","url":"https:\/\/exceladvisor.org\/de\/wp-content\/uploads\/2023\/11\/exceladvisor.org_.png","contentUrl":"https:\/\/exceladvisor.org\/de\/wp-content\/uploads\/2023\/11\/exceladvisor.org_.png","width":105,"height":36,"caption":"Excel Advisor"},"image":{"@id":"https:\/\/exceladvisor.org\/de\/#\/schema\/logo\/image\/"}}]}},"yoast_meta":{"yoast_wpseo_title":"","yoast_wpseo_metadesc":"","yoast_wpseo_canonical":""},"_links":{"self":[{"href":"https:\/\/exceladvisor.org\/de\/wp-json\/wp\/v2\/pages\/3408","targetHints":{"allow":["GET"]}}],"collection":[{"href":"https:\/\/exceladvisor.org\/de\/wp-json\/wp\/v2\/pages"}],"about":[{"href":"https:\/\/exceladvisor.org\/de\/wp-json\/wp\/v2\/types\/page"}],"author":[{"embeddable":true,"href":"https:\/\/exceladvisor.org\/de\/wp-json\/wp\/v2\/users\/1"}],"replies":[{"embeddable":true,"href":"https:\/\/exceladvisor.org\/de\/wp-json\/wp\/v2\/comments?post=3408"}],"version-history":[{"count":1,"href":"https:\/\/exceladvisor.org\/de\/wp-json\/wp\/v2\/pages\/3408\/revisions"}],"predecessor-version":[{"id":3907,"href":"https:\/\/exceladvisor.org\/de\/wp-json\/wp\/v2\/pages\/3408\/revisions\/3907"}],"wp:attachment":[{"href":"https:\/\/exceladvisor.org\/de\/wp-json\/wp\/v2\/media?parent=3408"}],"curies":[{"name":"wp","href":"https:\/\/api.w.org\/{rel}","templated":true}]}}