{"id":3409,"date":"2023-10-28T02:58:16","date_gmt":"2023-10-28T02:58:16","guid":{"rendered":"https:\/\/exceladvisor.org\/de\/zusammengefuhrte-zellen-finden\/"},"modified":"2023-12-03T11:20:15","modified_gmt":"2023-12-03T11:20:15","slug":"zusammengefuhrte-zellen-finden","status":"publish","type":"page","link":"https:\/\/exceladvisor.org\/de\/zusammengefuhrte-zellen-finden\/","title":{"rendered":"Wie finde ich verbundene zellen in excel?"},"content":{"rendered":"<div class=\"excel-vor-dem-inhalt\" id=\"excel-3354827985\"><script type=\"text\/javascript\">\r\n\tatOptions = {\r\n\t\t'key' : 'c1158f160081d6540a8409e6925dab94',\r\n\t\t'format' : 'iframe',\r\n\t\t'height' : 250,\r\n\t\t'width' : 300,\r\n\t\t'params' : {}\r\n\t};\r\n<\/script>\r\n<script type=\"text\/javascript\" src=\"\/\/www.highperformanceformat.com\/c1158f160081d6540a8409e6925dab94\/invoke.js\"><\/script><\/div> <p>H\u00e4ufig erhalten Sie Daten, die verbundene Zellen enthalten, was Sie daran hindert, bestimmte Aktivit\u00e4ten wie das Sortieren von Daten, die Verwendung von Verweisen auf verbundene Zellen in Formeln und die korrekte Verwendung der Filterauswahl durchzuf\u00fchren.<\/p><p> In diesem Fall m\u00fcssen Sie die zusammengef\u00fchrten Zellen finden, um die Gruppierung aufzuheben und anzupassen. Das Auffinden der zusammengef\u00fchrten Zellen nacheinander kann einige Zeit in Anspruch nehmen.<\/p><p> Aber lehnen Sie sich zur\u00fcck und entspannen Sie sich, Excel verf\u00fcgt \u00fcber die Funktionalit\u00e4t, alle zusammengef\u00fchrten Zellen auf einmal zu finden und hervorzuheben, um sie schnell anzuzeigen, bevor Sie die Gruppierung aufheben, und wir haben diese Funktionalit\u00e4t f\u00fcr Sie beschrieben.<\/p><h2 class=\"wp-block-heading\"> Schritte zum Suchen zusammengef\u00fchrter Zellen mithilfe von Suchen und Ersetzen<\/h2><ol><li> W\u00e4hlen Sie zun\u00e4chst den Zellbereich oder das gesamte Blatt aus, aus dem Sie die zusammengef\u00fchrten Zellen suchen m\u00f6chten.<\/li><li> Sobald der Bereich ausgew\u00e4hlt ist, gehen Sie zur Registerkarte \u201eStartseite\u201c und klicken Sie in der Gruppe \u201eBearbeiten\u201c auf das Symbol \u201eSuchen und Ersetzen\u201c und w\u00e4hlen Sie die Option \u201eErsetzen\u201c, um das Dialogfeld \u201eErsetzen\u201c zu \u00f6ffnen.<\/li><li> Oder dr\u00fccken Sie einfach die Tastenkombination \u201eStrg + H\u201c, um das Dialogfeld \u201eErsetzen\u201c zu \u00f6ffnen. <br><img loading=\"lazy\" decoding=\"async\" title=\"1-mal verwenden, suchen und ersetzen\" src=\"https:\/\/exceladvisor.org\/wp-content\/uploads\/2023\/08\/1-utiliser-rechercher-et-remplacer.png\" sizes=\"auto, \" srcset=\"\" alt=\"use-find-and-replace\" width=\"664\" height=\"363\"><\/li><li> Klicken Sie anschlie\u00dfend im Dialogfeld \u201eSuchen und Ersetzen\u201c auf die Option \u201eFormat\u201c. Das Dialogfeld \u201eFormat suchen\u201c wird ge\u00f6ffnet. <br><img loading=\"lazy\" decoding=\"async\" title=\"2-Klick-Formatierungsoption\" src=\"https:\/\/exceladvisor.org\/wp-content\/uploads\/2023\/08\/2-cliquez-sur-loption-de-format.png\" sizes=\"auto, \" srcset=\"\" alt=\"click-on-format-option\" width=\"468\" height=\"223\"><\/li><li> Gehen Sie im Dialogfeld \u201eFormat suchen\u201c zur Registerkarte \u201eAusrichtung\u201c, aktivieren Sie die Option \u201eZellen zusammenf\u00fchren\u201c und deaktivieren Sie die Optionen \u201eText umbrechen\u201c und \u201ePassend verkleinern\u201c korrekt, wie im Bild gezeigt, und klicken Sie dann auf \u201eOK\u201c. <br><img loading=\"lazy\" decoding=\"async\" title=\"Zusammengef\u00fchrte Zellen nur mit 3 H\u00e4kchen\" src=\"https:\/\/exceladvisor.org\/wp-content\/uploads\/2023\/08\/3-coches-uniquement-pour-les-cellules-fusionnees.png\" sizes=\"auto, \" srcset=\"\" alt=\"tickmark-only-merged-cells\" width=\"475\" height=\"335\"><\/li><li> Klicken Sie nun im Dialogfeld \u201eSuchen und Ersetzen\u201c auf \u201eAlle suchen\u201c und Sie erhalten alle unten aufgef\u00fchrten verbundenen Zellen im Dialogfeld. <br><img loading=\"lazy\" decoding=\"async\" title=\"Finden Sie alles mit 4 Klicks\" src=\"https:\/\/exceladvisor.org\/wp-content\/uploads\/2023\/08\/4-clics-pour-tout-trouver.png\" sizes=\"auto, \" srcset=\"\" alt=\"click-find-all\" width=\"468\" height=\"306\"><\/li><li> Klicken Sie nun auf eine beliebige Zelle im Dialogfeld \u201eSuchen und Ersetzen\u201c und w\u00e4hlen Sie alle aufgelisteten Zellen mit den Tasten \u201eStrg+A\u201c aus. Ihre zusammengef\u00fchrten Zellen in den Daten werden ausgew\u00e4hlt. <br><img loading=\"lazy\" decoding=\"async\" title=\"5-Alle-aufgelisteten-Zellen ausw\u00e4hlen\" src=\"https:\/\/exceladvisor.org\/wp-content\/uploads\/2023\/08\/5-selectionner-toutes-les-cellules-repertoriees.png\" sizes=\"auto, \" srcset=\"\" alt=\"select-all-listed-cells\" width=\"697\" height=\"386\"><\/li><li> Um die ausgew\u00e4hlten verbundenen Zellen hervorzuheben, gehen Sie zur Registerkarte \u201eStartseite\u201c und klicken Sie in der Gruppe \u201eSchriftart\u201c auf das Symbol \u201eF\u00fcllfarbe\u201c und w\u00e4hlen Sie die Farbe aus. Ihre verbundenen Zellen werden dann hervorgehoben und Sie k\u00f6nnen sie schnell anzeigen bevor man sie trennt.<\/li><li> Um die Gruppierung aufzuheben, klicken Sie am Ende einfach auf das Symbol \u201eZusammenf\u00fchren und zentrieren\u201c unter der Gruppe \u201eAusrichtung\u201c. Die Gruppierung aller zusammengef\u00fchrten Zellen wird dann aufgehoben. <br><img loading=\"lazy\" decoding=\"async\" title=\"6 verbundene Zellen hervorgehoben\" src=\"https:\/\/exceladvisor.org\/wp-content\/uploads\/2023\/08\/6-cellules-fusionnees-en-surbrillance.png\" sizes=\"auto, \" srcset=\"\" alt=\"highlight-merged-cells\" width=\"775\" height=\"429\"><\/li><\/ol><h2 class=\"wp-block-heading\"> Finden Sie zusammengef\u00fchrte Zellen mit VBA-Code<\/h2><p> Benutzer k\u00f6nnen auch VBA-Code verwenden, um verbundene Zellen zu finden und hervorzuheben.<\/p><pre class=\"wp-block-code\"> <code class=\"language-visual-basic line-numbers\" lang=\"visual-basic\">Sub find_merged_cells() Dim Cel As Range, Msg As String, Addr As String For Each Cel In ActiveSheet.UsedRange If Cel.MergeCells Then Cel.Interior.Color = 65535 End If Next End Sub<\/code><\/pre><div class=\"gb-container gb-container-4db6181c gb-container-mt\"> <a class=\"gb-button gb-button-c5897111 gb-button-text gb-button-mt-button\" href=\"https:\/\/exceladvisor.org\/de\/excel-fortschritt\/\">Erweiterte Excel-Tutorials<\/a><h2 class=\"gb-headline gb-headline-665e5f6b gb-headline-text gb-headline-mt-heading\"> Verwandte Tutorials <\/h2><div class=\"gb-grid-wrapper gb-grid-wrapper-a20baf7c gb-grid-wrapper-mt-grid\"><div class=\"gb-grid-column gb-grid-column-65ddf67e\"><div class=\"gb-container gb-container-65ddf67e\"><ul><li> <a href=\"https:\/\/exceladvisor.org\/de\/schnelles-analysetool\/\">Schnellanalysetool in Excel<\/a><\/li><li> <a href=\"https:\/\/exceladvisor.org\/de\/mehrere-filter-anwenden\/\">Wenden Sie mehrere Filter auf Spalten an<\/a><\/li><li> <a href=\"https:\/\/exceladvisor.org\/de\/markieren-sie-die-oberen-und-unteren-werte\/\">Markieren Sie die oberen und unteren N-Werte in Excel<\/a><\/li><li> <a href=\"https:\/\/exceladvisor.org\/de\/kontrollkastchen\/\">F\u00fcgen Sie ein Kontrollk\u00e4stchen in Excel ein<\/a><\/li><li> <a href=\"https:\/\/exceladvisor.org\/de\/zellen-zusammenfuhren-ohne-daten-zu-verlieren\/\">F\u00fchren Sie Zellen zusammen, ohne Daten in Excel zu verlieren<\/a><\/li><\/ul><\/div><\/div><\/div><\/div>","protected":false},"excerpt":{"rendered":"","protected":false},"author":1,"featured_media":0,"parent":0,"menu_order":0,"comment_status":"open","ping_status":"closed","template":"","meta":{"ub_ctt_via":"","footnotes":""},"class_list":["post-3409","page","type-page","status-publish","hentry"],"featured_image_src":null,"yoast_head":"<!-- This site is optimized with the Yoast SEO plugin v25.4 - https:\/\/yoast.com\/wordpress\/plugins\/seo\/ -->\n<title>2 M\u00f6glichkeiten, zusammengef\u00fchrte Zellen in Excel zu finden<\/title>\n<meta name=\"description\" content=\"In diesem Tutorial erfahren Sie, wie Sie zusammengef\u00fchrte Zellen in Excel auf zwei verschiedene Arten finden.\" \/>\n<meta name=\"robots\" content=\"index, follow, max-snippet:-1, max-image-preview:large, max-video-preview:-1\" \/>\n<link rel=\"canonical\" href=\"https:\/\/exceladvisor.org\/de\/zusammengefuhrte-zellen-finden\/\" \/>\n<meta property=\"og:locale\" content=\"de_DE\" \/>\n<meta property=\"og:type\" content=\"article\" \/>\n<meta property=\"og:title\" content=\"2 M\u00f6glichkeiten, zusammengef\u00fchrte Zellen in Excel zu finden\" \/>\n<meta property=\"og:description\" content=\"In diesem Tutorial erfahren Sie, wie Sie zusammengef\u00fchrte Zellen in Excel auf zwei verschiedene Arten finden.\" \/>\n<meta property=\"og:url\" content=\"https:\/\/exceladvisor.org\/de\/zusammengefuhrte-zellen-finden\/\" \/>\n<meta property=\"og:site_name\" content=\"Excel Advisor\" \/>\n<meta property=\"article:modified_time\" content=\"2023-12-03T11:20:15+00:00\" \/>\n<meta property=\"og:image\" content=\"https:\/\/exceladvisor.org\/wp-content\/uploads\/2023\/08\/1-utiliser-rechercher-et-remplacer.png\" \/>\n<meta name=\"twitter:card\" content=\"summary_large_image\" \/>\n<meta name=\"twitter:label1\" content=\"Gesch\u00e4tzte Lesezeit\" \/>\n\t<meta name=\"twitter:data1\" content=\"2\u00a0Minuten\" \/>\n<script type=\"application\/ld+json\" class=\"yoast-schema-graph\">{\"@context\":\"https:\/\/schema.org\",\"@graph\":[{\"@type\":\"WebPage\",\"@id\":\"https:\/\/exceladvisor.org\/de\/zusammengefuhrte-zellen-finden\/\",\"url\":\"https:\/\/exceladvisor.org\/de\/zusammengefuhrte-zellen-finden\/\",\"name\":\"2 M\u00f6glichkeiten, zusammengef\u00fchrte Zellen in Excel zu finden\",\"isPartOf\":{\"@id\":\"https:\/\/exceladvisor.org\/de\/#website\"},\"primaryImageOfPage\":{\"@id\":\"https:\/\/exceladvisor.org\/de\/zusammengefuhrte-zellen-finden\/#primaryimage\"},\"image\":{\"@id\":\"https:\/\/exceladvisor.org\/de\/zusammengefuhrte-zellen-finden\/#primaryimage\"},\"thumbnailUrl\":\"https:\/\/exceladvisor.org\/wp-content\/uploads\/2023\/08\/1-utiliser-rechercher-et-remplacer.png\",\"datePublished\":\"2023-10-28T02:58:16+00:00\",\"dateModified\":\"2023-12-03T11:20:15+00:00\",\"description\":\"In diesem Tutorial erfahren Sie, wie Sie zusammengef\u00fchrte Zellen in Excel auf zwei verschiedene Arten finden.\",\"breadcrumb\":{\"@id\":\"https:\/\/exceladvisor.org\/de\/zusammengefuhrte-zellen-finden\/#breadcrumb\"},\"inLanguage\":\"de\",\"potentialAction\":[{\"@type\":\"ReadAction\",\"target\":[\"https:\/\/exceladvisor.org\/de\/zusammengefuhrte-zellen-finden\/\"]}]},{\"@type\":\"ImageObject\",\"inLanguage\":\"de\",\"@id\":\"https:\/\/exceladvisor.org\/de\/zusammengefuhrte-zellen-finden\/#primaryimage\",\"url\":\"https:\/\/exceladvisor.org\/wp-content\/uploads\/2023\/08\/1-utiliser-rechercher-et-remplacer.png\",\"contentUrl\":\"https:\/\/exceladvisor.org\/wp-content\/uploads\/2023\/08\/1-utiliser-rechercher-et-remplacer.png\"},{\"@type\":\"BreadcrumbList\",\"@id\":\"https:\/\/exceladvisor.org\/de\/zusammengefuhrte-zellen-finden\/#breadcrumb\",\"itemListElement\":[{\"@type\":\"ListItem\",\"position\":1,\"name\":\"Accueil\",\"item\":\"https:\/\/exceladvisor.org\/de\/\"},{\"@type\":\"ListItem\",\"position\":2,\"name\":\"Wie finde ich verbundene zellen in excel?\"}]},{\"@type\":\"WebSite\",\"@id\":\"https:\/\/exceladvisor.org\/de\/#website\",\"url\":\"https:\/\/exceladvisor.org\/de\/\",\"name\":\"Excel Advisor\",\"description\":\"Ihr Leitfaden zur Datendominanz\",\"publisher\":{\"@id\":\"https:\/\/exceladvisor.org\/de\/#organization\"},\"potentialAction\":[{\"@type\":\"SearchAction\",\"target\":{\"@type\":\"EntryPoint\",\"urlTemplate\":\"https:\/\/exceladvisor.org\/de\/?s={search_term_string}\"},\"query-input\":{\"@type\":\"PropertyValueSpecification\",\"valueRequired\":true,\"valueName\":\"search_term_string\"}}],\"inLanguage\":\"de\"},{\"@type\":\"Organization\",\"@id\":\"https:\/\/exceladvisor.org\/de\/#organization\",\"name\":\"Excel Advisor\",\"url\":\"https:\/\/exceladvisor.org\/de\/\",\"logo\":{\"@type\":\"ImageObject\",\"inLanguage\":\"de\",\"@id\":\"https:\/\/exceladvisor.org\/de\/#\/schema\/logo\/image\/\",\"url\":\"https:\/\/exceladvisor.org\/de\/wp-content\/uploads\/2023\/11\/exceladvisor.org_.png\",\"contentUrl\":\"https:\/\/exceladvisor.org\/de\/wp-content\/uploads\/2023\/11\/exceladvisor.org_.png\",\"width\":105,\"height\":36,\"caption\":\"Excel Advisor\"},\"image\":{\"@id\":\"https:\/\/exceladvisor.org\/de\/#\/schema\/logo\/image\/\"}}]}<\/script>\n<!-- \/ Yoast SEO plugin. -->","yoast_head_json":{"title":"2 M\u00f6glichkeiten, zusammengef\u00fchrte Zellen in Excel zu finden","description":"In diesem Tutorial erfahren Sie, wie Sie zusammengef\u00fchrte Zellen in Excel auf zwei verschiedene Arten finden.","robots":{"index":"index","follow":"follow","max-snippet":"max-snippet:-1","max-image-preview":"max-image-preview:large","max-video-preview":"max-video-preview:-1"},"canonical":"https:\/\/exceladvisor.org\/de\/zusammengefuhrte-zellen-finden\/","og_locale":"de_DE","og_type":"article","og_title":"2 M\u00f6glichkeiten, zusammengef\u00fchrte Zellen in Excel zu finden","og_description":"In diesem Tutorial erfahren Sie, wie Sie zusammengef\u00fchrte Zellen in Excel auf zwei verschiedene Arten finden.","og_url":"https:\/\/exceladvisor.org\/de\/zusammengefuhrte-zellen-finden\/","og_site_name":"Excel Advisor","article_modified_time":"2023-12-03T11:20:15+00:00","og_image":[{"url":"https:\/\/exceladvisor.org\/wp-content\/uploads\/2023\/08\/1-utiliser-rechercher-et-remplacer.png","type":"","width":"","height":""}],"twitter_card":"summary_large_image","twitter_misc":{"Gesch\u00e4tzte Lesezeit":"2\u00a0Minuten"},"schema":{"@context":"https:\/\/schema.org","@graph":[{"@type":"WebPage","@id":"https:\/\/exceladvisor.org\/de\/zusammengefuhrte-zellen-finden\/","url":"https:\/\/exceladvisor.org\/de\/zusammengefuhrte-zellen-finden\/","name":"2 M\u00f6glichkeiten, zusammengef\u00fchrte Zellen in Excel zu finden","isPartOf":{"@id":"https:\/\/exceladvisor.org\/de\/#website"},"primaryImageOfPage":{"@id":"https:\/\/exceladvisor.org\/de\/zusammengefuhrte-zellen-finden\/#primaryimage"},"image":{"@id":"https:\/\/exceladvisor.org\/de\/zusammengefuhrte-zellen-finden\/#primaryimage"},"thumbnailUrl":"https:\/\/exceladvisor.org\/wp-content\/uploads\/2023\/08\/1-utiliser-rechercher-et-remplacer.png","datePublished":"2023-10-28T02:58:16+00:00","dateModified":"2023-12-03T11:20:15+00:00","description":"In diesem Tutorial erfahren Sie, wie Sie zusammengef\u00fchrte Zellen in Excel auf zwei verschiedene Arten finden.","breadcrumb":{"@id":"https:\/\/exceladvisor.org\/de\/zusammengefuhrte-zellen-finden\/#breadcrumb"},"inLanguage":"de","potentialAction":[{"@type":"ReadAction","target":["https:\/\/exceladvisor.org\/de\/zusammengefuhrte-zellen-finden\/"]}]},{"@type":"ImageObject","inLanguage":"de","@id":"https:\/\/exceladvisor.org\/de\/zusammengefuhrte-zellen-finden\/#primaryimage","url":"https:\/\/exceladvisor.org\/wp-content\/uploads\/2023\/08\/1-utiliser-rechercher-et-remplacer.png","contentUrl":"https:\/\/exceladvisor.org\/wp-content\/uploads\/2023\/08\/1-utiliser-rechercher-et-remplacer.png"},{"@type":"BreadcrumbList","@id":"https:\/\/exceladvisor.org\/de\/zusammengefuhrte-zellen-finden\/#breadcrumb","itemListElement":[{"@type":"ListItem","position":1,"name":"Accueil","item":"https:\/\/exceladvisor.org\/de\/"},{"@type":"ListItem","position":2,"name":"Wie finde ich verbundene zellen in excel?"}]},{"@type":"WebSite","@id":"https:\/\/exceladvisor.org\/de\/#website","url":"https:\/\/exceladvisor.org\/de\/","name":"Excel Advisor","description":"Ihr Leitfaden zur Datendominanz","publisher":{"@id":"https:\/\/exceladvisor.org\/de\/#organization"},"potentialAction":[{"@type":"SearchAction","target":{"@type":"EntryPoint","urlTemplate":"https:\/\/exceladvisor.org\/de\/?s={search_term_string}"},"query-input":{"@type":"PropertyValueSpecification","valueRequired":true,"valueName":"search_term_string"}}],"inLanguage":"de"},{"@type":"Organization","@id":"https:\/\/exceladvisor.org\/de\/#organization","name":"Excel Advisor","url":"https:\/\/exceladvisor.org\/de\/","logo":{"@type":"ImageObject","inLanguage":"de","@id":"https:\/\/exceladvisor.org\/de\/#\/schema\/logo\/image\/","url":"https:\/\/exceladvisor.org\/de\/wp-content\/uploads\/2023\/11\/exceladvisor.org_.png","contentUrl":"https:\/\/exceladvisor.org\/de\/wp-content\/uploads\/2023\/11\/exceladvisor.org_.png","width":105,"height":36,"caption":"Excel Advisor"},"image":{"@id":"https:\/\/exceladvisor.org\/de\/#\/schema\/logo\/image\/"}}]}},"yoast_meta":{"yoast_wpseo_title":"","yoast_wpseo_metadesc":"","yoast_wpseo_canonical":""},"_links":{"self":[{"href":"https:\/\/exceladvisor.org\/de\/wp-json\/wp\/v2\/pages\/3409","targetHints":{"allow":["GET"]}}],"collection":[{"href":"https:\/\/exceladvisor.org\/de\/wp-json\/wp\/v2\/pages"}],"about":[{"href":"https:\/\/exceladvisor.org\/de\/wp-json\/wp\/v2\/types\/page"}],"author":[{"embeddable":true,"href":"https:\/\/exceladvisor.org\/de\/wp-json\/wp\/v2\/users\/1"}],"replies":[{"embeddable":true,"href":"https:\/\/exceladvisor.org\/de\/wp-json\/wp\/v2\/comments?post=3409"}],"version-history":[{"count":1,"href":"https:\/\/exceladvisor.org\/de\/wp-json\/wp\/v2\/pages\/3409\/revisions"}],"predecessor-version":[{"id":3995,"href":"https:\/\/exceladvisor.org\/de\/wp-json\/wp\/v2\/pages\/3409\/revisions\/3995"}],"wp:attachment":[{"href":"https:\/\/exceladvisor.org\/de\/wp-json\/wp\/v2\/media?parent=3409"}],"curies":[{"name":"wp","href":"https:\/\/api.w.org\/{rel}","templated":true}]}}