{"id":3410,"date":"2023-10-28T02:40:46","date_gmt":"2023-10-28T02:40:46","guid":{"rendered":"https:\/\/exceladvisor.org\/de\/textdatei-offnen\/"},"modified":"2023-12-03T13:04:33","modified_gmt":"2023-12-03T13:04:33","slug":"textdatei-offnen","status":"publish","type":"page","link":"https:\/\/exceladvisor.org\/de\/textdatei-offnen\/","title":{"rendered":"Wie \u00f6ffne ich eine textdatei in excel? (.txt)"},"content":{"rendered":"<div class=\"excel-vor-dem-inhalt\" id=\"excel-3365876914\"><script type=\"text\/javascript\">\r\n\tatOptions = {\r\n\t\t'key' : 'c1158f160081d6540a8409e6925dab94',\r\n\t\t'format' : 'iframe',\r\n\t\t'height' : 250,\r\n\t\t'width' : 300,\r\n\t\t'params' : {}\r\n\t};\r\n<\/script>\r\n<script type=\"text\/javascript\" src=\"\/\/www.highperformanceformat.com\/c1158f160081d6540a8409e6925dab94\/invoke.js\"><\/script><\/div> <p>Um eine Textdatei in Excel zu \u00f6ffnen, k\u00f6nnen Sie sie einfach \u00fcber das \u00d6ffnen-Dialogfeld \u00f6ffnen. Sobald Sie es \u00f6ffnen, zeigt Ihnen Excel die Option \u201eText in Spalten\u201c an, mit der Sie Daten in das Arbeitsblatt importieren k\u00f6nnen. Wenn die Daten in Tabellenform vorliegen, sind nur wenige Klicks erforderlich, um sie zu Excel hinzuzuf\u00fcgen. <\/p><div class=\"wp-block-image\"><figure class=\"aligncenter size-full is-resized\"><img loading=\"lazy\" decoding=\"async\" class=\"wp-image-77769\" src=\"https:\/\/exceladvisor.org\/wp-content\/uploads\/2023\/08\/1-fichier-texte-ouvert-dans-excel.png\" sizes=\"auto, \" srcset=\"\" alt=\"\u00d6ffnen Sie eine Textdatei in Excel\" width=\"687\" height=\"506\"><\/figure><\/div><p> In diesem Tutorial betrachten wir die drei verschiedenen M\u00f6glichkeiten, eine Textdatei mit Excel zu \u00f6ffnen.<\/p><h2 class=\"wp-block-heading\"> Schritte zum \u00d6ffnen einer Textdatei in Excel<\/h2><ol><li> Gehen Sie zun\u00e4chst zur Registerkarte \u201eDatei\u201c, klicken Sie auf \u201e\u00d6ffnen\u201c und dann auf \u201eDurchsuchen\u201c. <br><img loading=\"lazy\" decoding=\"async\" title=\"Mit 2 Klicks \u00f6ffnen und durchsuchen\" src=\"https:\/\/exceladvisor.org\/wp-content\/uploads\/2023\/08\/2-cliquez-sur-ouvrir-et-parcourir.png\" sizes=\"auto, \" srcset=\"\" alt=\"click-open-and-browse\" width=\"436\" height=\"480\"><\/li><li> W\u00e4hlen Sie anschlie\u00dfend im Navigationsdialogfeld \u201eAlle Dateien\u201c aus dem Dropdown-Men\u00fc neben dem Dateinamen aus. <br><img loading=\"lazy\" decoding=\"async\" title=\"3-Alle-Dateien ausw\u00e4hlen\" src=\"https:\/\/exceladvisor.org\/wp-content\/uploads\/2023\/08\/3-selectionner-tous-les-fichiers.png\" sizes=\"auto, \" srcset=\"\" alt=\"select-all-files\" width=\"550\" height=\"95\"><\/li><li> Klicken Sie anschlie\u00dfend auf die Textdatei, die Sie \u00f6ffnen m\u00f6chten, und klicken Sie auf OK. <br><img loading=\"lazy\" decoding=\"async\" title=\"4-W\u00e4hlen Sie die Textdatei aus\" src=\"https:\/\/exceladvisor.org\/wp-content\/uploads\/2023\/08\/4-selectionnez-le-fichier-texte.png\" sizes=\"auto, \" srcset=\"\" alt=\"select-the-text-file\" width=\"436\" height=\"362\"><\/li><li> Sie haben das Dialogfeld \u201eText in Spalten umwandeln\u201c. Klicken Sie auf die Schaltfl\u00e4che \u201eWeiter\u201c, um mit dem n\u00e4chsten Schritt fortzufahren und ein H\u00e4kchen bei \u201eMeine Daten haben Kopfzeilen\u201c zu setzen. Wenn Ihre Daten bereits Header haben. <br><img loading=\"lazy\" decoding=\"async\" title=\"5 Dialog \u201eText in Spalten\u201c.\" src=\"https:\/\/exceladvisor.org\/wp-content\/uploads\/2023\/08\/5-boite-de-dialogue-de-texte-en-colonne.png\" sizes=\"auto, \" srcset=\"\" alt=\"text-to-column-dialog-box\" width=\"618\" height=\"442\"><\/li><li> Aktivieren Sie im n\u00e4chsten Schritt das Kontrollk\u00e4stchen \u201eTab\u201c und klicken Sie dann auf \u201eWeiter\u201c. <br><img loading=\"lazy\" decoding=\"async\" title=\"6-Check-Tab-and-Click-Next\" src=\"https:\/\/exceladvisor.org\/wp-content\/uploads\/2023\/08\/6-onglet-coche-et-cliquez-sur-suivant.png\" sizes=\"auto, \" srcset=\"\" alt=\"checkmark-tab-and-click-next\" width=\"528\" height=\"410\"><\/li><li> Klicken Sie abschlie\u00dfend auf \u201eFertig stellen\u201c, um die Daten in die Tabelle zu \u00fcbernehmen. <br><img loading=\"lazy\" decoding=\"async\" title=\"Mit 7 Klicks fertig\" src=\"https:\/\/exceladvisor.org\/wp-content\/uploads\/2023\/08\/Terminer-en-7-clics.png\" sizes=\"auto, \" srcset=\"\" alt=\"click-finish\" width=\"529\" height=\"408\"><\/li><\/ol><p> Sobald Sie auf \u201eFertig stellen\u201c klicken, werden die folgenden Daten im Blatt angezeigt: <\/p><div class=\"wp-block-image\"><figure class=\"aligncenter size-full is-resized\"><img loading=\"lazy\" decoding=\"async\" class=\"wp-image-77776\" src=\"https:\/\/exceladvisor.org\/wp-content\/uploads\/2023\/08\/8-donnees-ouvertes-dans-la-feuille.png\" sizes=\"auto, \" srcset=\"\" alt=\"Daten im Blatt \u00f6ffnen\" width=\"487\" height=\"425\"><\/figure><\/div><p> Sobald Sie eine Textdatei in Excel \u00f6ffnen, erhalten Sie zwar die Daten, die Textdatei wird jedoch nicht als Excel-Datei gespeichert. Speichern Sie es als Excel-Arbeitsmappe und gehen Sie zu Datei \u21e2 <a href=\"https:\/\/exceladvisor.org\/de\/speichern-als\/\">Speichern unter<\/a> .<\/p><h2 class=\"wp-block-heading\"> \u00d6ffnen Sie eine Textdatei in Excel mit Power Query<\/h2><ol><li> Gehen Sie zu Daten \u21e2 Aus Datei \u21e2 Aus Text\/CSV. <br><img loading=\"lazy\" decoding=\"async\" title=\"9-Textdatei-mit-Power-Abfrage \u00f6ffnen\" src=\"https:\/\/exceladvisor.org\/wp-content\/uploads\/2023\/08\/9-fichier-texte-ouvert-avec-requete-de-puissance.png\" sizes=\"auto, \" srcset=\"\" alt=\"open-text-file-with-power-query\" width=\"515\" height=\"482\"><\/li><li> W\u00e4hlen Sie die Datei aus, die Sie importieren m\u00f6chten, und klicken Sie auf die Schaltfl\u00e4che \u201eImportieren\u201c. <br><img loading=\"lazy\" decoding=\"async\" title=\"10-Datei ausw\u00e4hlen und importieren\" src=\"https:\/\/exceladvisor.org\/wp-content\/uploads\/2023\/08\/10-selectionner-le-fichier-et-importer.png\" sizes=\"auto, \" srcset=\"\" alt=\"select-file-and-import\" width=\"498\" height=\"245\"><\/li><li> Klicken Sie auf die Schaltfl\u00e4che \u201eLaden\u201c, um die Daten in die Tabelle zu laden. <br><img loading=\"lazy\" decoding=\"async\" title=\"11-Ladedatei\" src=\"https:\/\/exceladvisor.org\/wp-content\/uploads\/2023\/08\/11-charger-le-fichier.png\" sizes=\"auto, \" srcset=\"\" alt=\"load-the-file\" width=\"663\" height=\"308\"><\/li><li> Sie haben jetzt die Daten in der Tabelle. <br><img loading=\"lazy\" decoding=\"async\" title=\"12 Daten in ein Blatt geladen\" src=\"https:\/\/exceladvisor.org\/wp-content\/uploads\/2023\/08\/12-donnees-chargees-dans-la-feuille.png\" sizes=\"auto, \" srcset=\"\" alt=\"data-loaded-in-sheet\" width=\"530\" height=\"237\"><\/li><\/ol><p> Das Beste an der Verwendung von <a href=\"https:\/\/exceladvisor.org\/de\/leistungsanforderung\/\">Power Query<\/a> zum Importieren von Daten aus einer Textdatei ist, dass sie dynamisch ist. Wenn Sie die Daten in der Textdatei aktualisieren, k\u00f6nnen Sie sie einfach in Excel aktualisieren, indem Sie einfach auf die Schaltfl\u00e4che \u201eAktualisieren\u201c klicken.<\/p><h2 class=\"wp-block-heading\"> Kopieren Sie Daten aus einer Textdatei und f\u00fcgen Sie sie in eine Excel-Tabelle ein<\/h2><p> \u00d6ffnen Sie dazu die Textdatei und markieren Sie mit der Tastenkombination Strg + A alle Daten in der Textdatei. <\/p><div class=\"wp-block-image\"><figure class=\"aligncenter size-full is-resized\"><img loading=\"lazy\" decoding=\"async\" class=\"wp-image-77781\" src=\"https:\/\/exceladvisor.org\/wp-content\/uploads\/2023\/08\/13-copier-coller-des-donnees-du-texte-vers-excel.png\" sizes=\"auto, \" srcset=\"\" alt=\"Kopieren-Einf\u00fcgen-Daten-von-Text-nach-Excel\" width=\"674\" height=\"362\"><\/figure><\/div><p> Gehen Sie zur Tabelle, w\u00e4hlen Sie Zelle A1 aus und <a href=\"https:\/\/exceladvisor.org\/de\/kopieren-einfugen\/\">dr\u00fccken Sie Strg + V<\/a> , um die Daten dort einzuf\u00fcgen. <\/p><div class=\"wp-block-image\"><figure class=\"aligncenter size-full is-resized\"><img loading=\"lazy\" decoding=\"async\" class=\"wp-image-77782\" src=\"https:\/\/exceladvisor.org\/wp-content\/uploads\/2023\/08\/14-donnees-textuelles-collees-dans-la-feuille.png\" sizes=\"auto, \" srcset=\"\" alt=\"Text-Daten-in-Blatt eingef\u00fcgt\" width=\"513\" height=\"372\"><\/figure><\/div><div class=\"gb-container gb-container-4db6181c gb-container-mt\"> <a class=\"gb-button gb-button-c5897111 gb-button-text gb-button-mt-button\" href=\"https:\/\/exceladvisor.org\/de\/excel-fortschritt\/\">Erweiterte Excel-Tutorials<\/a><h2 class=\"gb-headline gb-headline-665e5f6b gb-headline-text gb-headline-mt-heading\"> Verwandte Tutorials <\/h2><div class=\"gb-grid-wrapper gb-grid-wrapper-a20baf7c gb-grid-wrapper-mt-grid\"><div class=\"gb-grid-column gb-grid-column-65ddf67e\"><div class=\"gb-container gb-container-65ddf67e\"><ul><li> <a href=\"https:\/\/exceladvisor.org\/de\/reparieren-sie-beschadigte-excel-dateien\/\">Besch\u00e4digte Excel-Datei reparieren<\/a><\/li><li> <a href=\"https:\/\/exceladvisor.org\/de\/nicht-gespeicherte-dateien-wiederherstellen\/\">Stellen Sie nicht gespeicherte Excel-Dateien wieder her, wenn Excel abst\u00fcrzt<\/a><\/li><li> <a href=\"https:\/\/exceladvisor.org\/de\/xlsx-in-csv\/\">Excel-Datei (Arbeitsmappe) im CSV-Format speichern (XLSX TO CSV)<\/a><\/li><li> <a href=\"https:\/\/exceladvisor.org\/de\/ausblenden-arbeitsmappe-anzeigen\/\">Eine Arbeitsmappe in Excel ein- und ausblenden<\/a><\/li><\/ul><\/div><\/div><\/div><\/div>","protected":false},"excerpt":{"rendered":"","protected":false},"author":1,"featured_media":0,"parent":0,"menu_order":0,"comment_status":"open","ping_status":"closed","template":"","meta":{"ub_ctt_via":"","footnotes":""},"class_list":["post-3410","page","type-page","status-publish","hentry"],"featured_image_src":null,"yoast_head":"<!-- This site is optimized with the Yoast SEO plugin v25.4 - https:\/\/yoast.com\/wordpress\/plugins\/seo\/ -->\n<title>Wie \u00f6ffne ich eine Textdatei in Excel? (.TXT)<\/title>\n<meta name=\"description\" content=\"Erfahren Sie, wie Sie eine Textdatei (.txt) in Excel \u00f6ffnen und die Daten aus dieser Datei in die Tabelle \u00fcbernehmen.\" \/>\n<meta name=\"robots\" content=\"index, follow, max-snippet:-1, max-image-preview:large, max-video-preview:-1\" \/>\n<link rel=\"canonical\" href=\"https:\/\/exceladvisor.org\/de\/textdatei-offnen\/\" \/>\n<meta property=\"og:locale\" content=\"de_DE\" \/>\n<meta property=\"og:type\" content=\"article\" \/>\n<meta property=\"og:title\" content=\"Wie \u00f6ffne ich eine Textdatei in Excel? (.TXT)\" \/>\n<meta property=\"og:description\" content=\"Erfahren Sie, wie Sie eine Textdatei (.txt) in Excel \u00f6ffnen und die Daten aus dieser Datei in die Tabelle \u00fcbernehmen.\" \/>\n<meta property=\"og:url\" content=\"https:\/\/exceladvisor.org\/de\/textdatei-offnen\/\" \/>\n<meta property=\"og:site_name\" content=\"Excel Advisor\" \/>\n<meta property=\"article:modified_time\" content=\"2023-12-03T13:04:33+00:00\" \/>\n<meta property=\"og:image\" content=\"https:\/\/exceladvisor.org\/wp-content\/uploads\/2023\/08\/1-fichier-texte-ouvert-dans-excel.png\" \/>\n<meta name=\"twitter:card\" content=\"summary_large_image\" \/>\n<meta name=\"twitter:label1\" content=\"Gesch\u00e4tzte Lesezeit\" \/>\n\t<meta name=\"twitter:data1\" content=\"2\u00a0Minuten\" \/>\n<script type=\"application\/ld+json\" class=\"yoast-schema-graph\">{\"@context\":\"https:\/\/schema.org\",\"@graph\":[{\"@type\":\"WebPage\",\"@id\":\"https:\/\/exceladvisor.org\/de\/textdatei-offnen\/\",\"url\":\"https:\/\/exceladvisor.org\/de\/textdatei-offnen\/\",\"name\":\"Wie \u00f6ffne ich eine Textdatei in Excel? (.TXT)\",\"isPartOf\":{\"@id\":\"https:\/\/exceladvisor.org\/de\/#website\"},\"primaryImageOfPage\":{\"@id\":\"https:\/\/exceladvisor.org\/de\/textdatei-offnen\/#primaryimage\"},\"image\":{\"@id\":\"https:\/\/exceladvisor.org\/de\/textdatei-offnen\/#primaryimage\"},\"thumbnailUrl\":\"https:\/\/exceladvisor.org\/wp-content\/uploads\/2023\/08\/1-fichier-texte-ouvert-dans-excel.png\",\"datePublished\":\"2023-10-28T02:40:46+00:00\",\"dateModified\":\"2023-12-03T13:04:33+00:00\",\"description\":\"Erfahren Sie, wie Sie eine Textdatei (.txt) in Excel \u00f6ffnen und die Daten aus dieser Datei in die Tabelle \u00fcbernehmen.\",\"breadcrumb\":{\"@id\":\"https:\/\/exceladvisor.org\/de\/textdatei-offnen\/#breadcrumb\"},\"inLanguage\":\"de\",\"potentialAction\":[{\"@type\":\"ReadAction\",\"target\":[\"https:\/\/exceladvisor.org\/de\/textdatei-offnen\/\"]}]},{\"@type\":\"ImageObject\",\"inLanguage\":\"de\",\"@id\":\"https:\/\/exceladvisor.org\/de\/textdatei-offnen\/#primaryimage\",\"url\":\"https:\/\/exceladvisor.org\/wp-content\/uploads\/2023\/08\/1-fichier-texte-ouvert-dans-excel.png\",\"contentUrl\":\"https:\/\/exceladvisor.org\/wp-content\/uploads\/2023\/08\/1-fichier-texte-ouvert-dans-excel.png\"},{\"@type\":\"BreadcrumbList\",\"@id\":\"https:\/\/exceladvisor.org\/de\/textdatei-offnen\/#breadcrumb\",\"itemListElement\":[{\"@type\":\"ListItem\",\"position\":1,\"name\":\"Accueil\",\"item\":\"https:\/\/exceladvisor.org\/de\/\"},{\"@type\":\"ListItem\",\"position\":2,\"name\":\"Wie \u00f6ffne ich eine textdatei in excel? (.txt)\"}]},{\"@type\":\"WebSite\",\"@id\":\"https:\/\/exceladvisor.org\/de\/#website\",\"url\":\"https:\/\/exceladvisor.org\/de\/\",\"name\":\"Excel Advisor\",\"description\":\"Ihr Leitfaden zur Datendominanz\",\"publisher\":{\"@id\":\"https:\/\/exceladvisor.org\/de\/#organization\"},\"potentialAction\":[{\"@type\":\"SearchAction\",\"target\":{\"@type\":\"EntryPoint\",\"urlTemplate\":\"https:\/\/exceladvisor.org\/de\/?s={search_term_string}\"},\"query-input\":{\"@type\":\"PropertyValueSpecification\",\"valueRequired\":true,\"valueName\":\"search_term_string\"}}],\"inLanguage\":\"de\"},{\"@type\":\"Organization\",\"@id\":\"https:\/\/exceladvisor.org\/de\/#organization\",\"name\":\"Excel Advisor\",\"url\":\"https:\/\/exceladvisor.org\/de\/\",\"logo\":{\"@type\":\"ImageObject\",\"inLanguage\":\"de\",\"@id\":\"https:\/\/exceladvisor.org\/de\/#\/schema\/logo\/image\/\",\"url\":\"https:\/\/exceladvisor.org\/de\/wp-content\/uploads\/2023\/11\/exceladvisor.org_.png\",\"contentUrl\":\"https:\/\/exceladvisor.org\/de\/wp-content\/uploads\/2023\/11\/exceladvisor.org_.png\",\"width\":105,\"height\":36,\"caption\":\"Excel Advisor\"},\"image\":{\"@id\":\"https:\/\/exceladvisor.org\/de\/#\/schema\/logo\/image\/\"}}]}<\/script>\n<!-- \/ Yoast SEO plugin. -->","yoast_head_json":{"title":"Wie \u00f6ffne ich eine Textdatei in Excel? (.TXT)","description":"Erfahren Sie, wie Sie eine Textdatei (.txt) in Excel \u00f6ffnen und die Daten aus dieser Datei in die Tabelle \u00fcbernehmen.","robots":{"index":"index","follow":"follow","max-snippet":"max-snippet:-1","max-image-preview":"max-image-preview:large","max-video-preview":"max-video-preview:-1"},"canonical":"https:\/\/exceladvisor.org\/de\/textdatei-offnen\/","og_locale":"de_DE","og_type":"article","og_title":"Wie \u00f6ffne ich eine Textdatei in Excel? (.TXT)","og_description":"Erfahren Sie, wie Sie eine Textdatei (.txt) in Excel \u00f6ffnen und die Daten aus dieser Datei in die Tabelle \u00fcbernehmen.","og_url":"https:\/\/exceladvisor.org\/de\/textdatei-offnen\/","og_site_name":"Excel Advisor","article_modified_time":"2023-12-03T13:04:33+00:00","og_image":[{"url":"https:\/\/exceladvisor.org\/wp-content\/uploads\/2023\/08\/1-fichier-texte-ouvert-dans-excel.png","type":"","width":"","height":""}],"twitter_card":"summary_large_image","twitter_misc":{"Gesch\u00e4tzte Lesezeit":"2\u00a0Minuten"},"schema":{"@context":"https:\/\/schema.org","@graph":[{"@type":"WebPage","@id":"https:\/\/exceladvisor.org\/de\/textdatei-offnen\/","url":"https:\/\/exceladvisor.org\/de\/textdatei-offnen\/","name":"Wie \u00f6ffne ich eine Textdatei in Excel? (.TXT)","isPartOf":{"@id":"https:\/\/exceladvisor.org\/de\/#website"},"primaryImageOfPage":{"@id":"https:\/\/exceladvisor.org\/de\/textdatei-offnen\/#primaryimage"},"image":{"@id":"https:\/\/exceladvisor.org\/de\/textdatei-offnen\/#primaryimage"},"thumbnailUrl":"https:\/\/exceladvisor.org\/wp-content\/uploads\/2023\/08\/1-fichier-texte-ouvert-dans-excel.png","datePublished":"2023-10-28T02:40:46+00:00","dateModified":"2023-12-03T13:04:33+00:00","description":"Erfahren Sie, wie Sie eine Textdatei (.txt) in Excel \u00f6ffnen und die Daten aus dieser Datei in die Tabelle \u00fcbernehmen.","breadcrumb":{"@id":"https:\/\/exceladvisor.org\/de\/textdatei-offnen\/#breadcrumb"},"inLanguage":"de","potentialAction":[{"@type":"ReadAction","target":["https:\/\/exceladvisor.org\/de\/textdatei-offnen\/"]}]},{"@type":"ImageObject","inLanguage":"de","@id":"https:\/\/exceladvisor.org\/de\/textdatei-offnen\/#primaryimage","url":"https:\/\/exceladvisor.org\/wp-content\/uploads\/2023\/08\/1-fichier-texte-ouvert-dans-excel.png","contentUrl":"https:\/\/exceladvisor.org\/wp-content\/uploads\/2023\/08\/1-fichier-texte-ouvert-dans-excel.png"},{"@type":"BreadcrumbList","@id":"https:\/\/exceladvisor.org\/de\/textdatei-offnen\/#breadcrumb","itemListElement":[{"@type":"ListItem","position":1,"name":"Accueil","item":"https:\/\/exceladvisor.org\/de\/"},{"@type":"ListItem","position":2,"name":"Wie \u00f6ffne ich eine textdatei in excel? (.txt)"}]},{"@type":"WebSite","@id":"https:\/\/exceladvisor.org\/de\/#website","url":"https:\/\/exceladvisor.org\/de\/","name":"Excel Advisor","description":"Ihr Leitfaden zur Datendominanz","publisher":{"@id":"https:\/\/exceladvisor.org\/de\/#organization"},"potentialAction":[{"@type":"SearchAction","target":{"@type":"EntryPoint","urlTemplate":"https:\/\/exceladvisor.org\/de\/?s={search_term_string}"},"query-input":{"@type":"PropertyValueSpecification","valueRequired":true,"valueName":"search_term_string"}}],"inLanguage":"de"},{"@type":"Organization","@id":"https:\/\/exceladvisor.org\/de\/#organization","name":"Excel Advisor","url":"https:\/\/exceladvisor.org\/de\/","logo":{"@type":"ImageObject","inLanguage":"de","@id":"https:\/\/exceladvisor.org\/de\/#\/schema\/logo\/image\/","url":"https:\/\/exceladvisor.org\/de\/wp-content\/uploads\/2023\/11\/exceladvisor.org_.png","contentUrl":"https:\/\/exceladvisor.org\/de\/wp-content\/uploads\/2023\/11\/exceladvisor.org_.png","width":105,"height":36,"caption":"Excel Advisor"},"image":{"@id":"https:\/\/exceladvisor.org\/de\/#\/schema\/logo\/image\/"}}]}},"yoast_meta":{"yoast_wpseo_title":"","yoast_wpseo_metadesc":"","yoast_wpseo_canonical":""},"_links":{"self":[{"href":"https:\/\/exceladvisor.org\/de\/wp-json\/wp\/v2\/pages\/3410","targetHints":{"allow":["GET"]}}],"collection":[{"href":"https:\/\/exceladvisor.org\/de\/wp-json\/wp\/v2\/pages"}],"about":[{"href":"https:\/\/exceladvisor.org\/de\/wp-json\/wp\/v2\/types\/page"}],"author":[{"embeddable":true,"href":"https:\/\/exceladvisor.org\/de\/wp-json\/wp\/v2\/users\/1"}],"replies":[{"embeddable":true,"href":"https:\/\/exceladvisor.org\/de\/wp-json\/wp\/v2\/comments?post=3410"}],"version-history":[{"count":1,"href":"https:\/\/exceladvisor.org\/de\/wp-json\/wp\/v2\/pages\/3410\/revisions"}],"predecessor-version":[{"id":4164,"href":"https:\/\/exceladvisor.org\/de\/wp-json\/wp\/v2\/pages\/3410\/revisions\/4164"}],"wp:attachment":[{"href":"https:\/\/exceladvisor.org\/de\/wp-json\/wp\/v2\/media?parent=3410"}],"curies":[{"name":"wp","href":"https:\/\/api.w.org\/{rel}","templated":true}]}}