{"id":3411,"date":"2023-10-28T02:23:25","date_gmt":"2023-10-28T02:23:25","guid":{"rendered":"https:\/\/exceladvisor.org\/de\/graue-zellen\/"},"modified":"2023-12-03T11:22:11","modified_gmt":"2023-12-03T11:22:11","slug":"graue-zellen","status":"publish","type":"page","link":"https:\/\/exceladvisor.org\/de\/graue-zellen\/","title":{"rendered":"Wie kann ich zellen in excel ausgrauen?"},"content":{"rendered":"<div class=\"excel-vor-dem-inhalt\" id=\"excel-3411966609\"><script type=\"text\/javascript\">\r\n\tatOptions = {\r\n\t\t'key' : 'c1158f160081d6540a8409e6925dab94',\r\n\t\t'format' : 'iframe',\r\n\t\t'height' : 250,\r\n\t\t'width' : 300,\r\n\t\t'params' : {}\r\n\t};\r\n<\/script>\r\n<script type=\"text\/javascript\" src=\"\/\/www.highperformanceformat.com\/c1158f160081d6540a8409e6925dab94\/invoke.js\"><\/script><\/div> <p>Wenn Sie einen Bericht oder Daten mit jemandem teilen, k\u00f6nnen Sie alle nicht verwendeten Zellen ausgrauen. Dies hilft dem Benutzer, sich nur auf den Teil der Tabelle zu konzentrieren, in dem wir Daten haben. <\/p><div class=\"wp-block-image\"><figure class=\"aligncenter size-full is-resized\"><img loading=\"lazy\" decoding=\"async\" class=\"wp-image-77730\" src=\"https:\/\/exceladvisor.org\/wp-content\/uploads\/2023\/08\/1-cellules-grisees.png\" sizes=\"auto, \" srcset=\"\" alt=\"graue Zellen\" width=\"583\" height=\"386\"><\/figure><\/div><p> In diesem Tutorial werden wir uns verschiedene M\u00f6glichkeiten ansehen, nicht verwendeten Zellen eine graue Farbe hinzuzuf\u00fcgen.<\/p><h2 class=\"wp-block-heading\"> Verwenden Sie die bedingte Formatierung, um nicht verwendete Zellen auszugrauen<\/h2><ol><li> W\u00e4hlen Sie zun\u00e4chst Zelle A1 aus und verwenden Sie die Tastenkombination Strg + A, um alle Zellen auszuw\u00e4hlen. <br><img loading=\"lazy\" decoding=\"async\" title=\"2-w\u00e4hlen-eine-zelle\" src=\"https:\/\/exceladvisor.org\/wp-content\/uploads\/2023\/08\/2-selectionner-une-cellule.png\" sizes=\"auto, \" srcset=\"\" alt=\"select-a-cell\" width=\"416\" height=\"277\"><\/li><li> Gehen Sie nun zur Registerkarte \u201eStartseite\u201c, klicken Sie auf \u201eBedingte Formatierung\u201c und w\u00e4hlen Sie dann die Option \u201eNeue Regel\u201c. <br><img loading=\"lazy\" decoding=\"async\" title=\"3-bedingte-Formatierung-neue-Regel\" src=\"https:\/\/exceladvisor.org\/wp-content\/uploads\/2023\/08\/3-nouvelle-regle-de-mise-en-forme-conditionnelle.png\" sizes=\"auto, \" srcset=\"\" alt=\"conditional-formatting-new-rule\" width=\"203\" height=\"343\"><\/li><li> Klicken Sie anschlie\u00dfend im Dialogfeld \u201eNeue Formatierungsregel\u201c auf \u201eEine Formel verwenden, um die zu formatierende Zelle zu bestimmen\u201c. <br><img loading=\"lazy\" decoding=\"async\" title=\"4-Neuer-Formatierungsdialog\" src=\"https:\/\/exceladvisor.org\/wp-content\/uploads\/2023\/08\/4-nouvelle-boite-de-dialogue-de-formatage.png\" sizes=\"auto, \" srcset=\"\" alt=\"new-formatting-dialog-box\" width=\"449\" height=\"324\"><\/li><li> Geben Sie von dort aus im Feld \u201eWerte formatieren, bei denen diese Formel wahr ist\u201c die Formel <code>=IF(A1=\"\",TRUE,FALSE).<br> <img loading=\"lazy\" decoding=\"async\" title=\"5-Geben Sie die Formel ein\" src=\"https:\/\/exceladvisor.org\/wp-content\/uploads\/2023\/08\/5-entrer-la-formule.png\" sizes=\"auto, \" srcset=\"\" alt=\"enter-the-formula\" width=\"533\" height=\"198\"><\/code><\/li><li> Klicken Sie anschlie\u00dfend auf die Schaltfl\u00e4che \u201eFormat\u201c, gehen Sie zur Registerkarte \u201eAusf\u00fcllen\u201c und w\u00e4hlen Sie die graue Farbe aus. <br><img loading=\"lazy\" decoding=\"async\" title=\"6-Klick-Formatierungsschaltfl\u00e4che\" src=\"https:\/\/exceladvisor.org\/wp-content\/uploads\/2023\/08\/Bouton-format-6-clics.png\" sizes=\"auto, \" srcset=\"\" alt=\"click-format-button\" width=\"541\" height=\"502\"><\/li><li> Klicken Sie auf OK, um die Option zu speichern. <br><img loading=\"lazy\" decoding=\"async\" title=\"7-OK-zum Speichern\" src=\"https:\/\/exceladvisor.org\/wp-content\/uploads\/2023\/08\/7-ok-pour-sauvegarder.png\" sizes=\"auto, \" srcset=\"\" alt=\"ok-to-save\" width=\"543\" height=\"204\"><code><\/code><\/li><\/ol><p> Dadurch werden alle Zellen in Ihrem Arbeitsblatt ausgegraut und sobald Sie einen Wert in eine Zelle eingeben, erh\u00e4lt diese automatisch die Zellenfarbe Wei\u00df. <\/p><div class=\"wp-block-image\"><figure class=\"aligncenter size-full is-resized\"><img loading=\"lazy\" decoding=\"async\" class=\"wp-image-77737\" src=\"https:\/\/exceladvisor.org\/wp-content\/uploads\/2023\/08\/8-toutes-les-cellules-grisees.png\" sizes=\"auto, \" srcset=\"\" alt=\"alle Zellen sind ausgegraut\" width=\"702\" height=\"437\"><\/figure><\/div><h2 class=\"wp-block-heading\"> Blenden Sie Zeilen und Spalten aus, um ungenutzte Bereiche auszugrauen<\/h2><p> Abgesehen von der oben genannten Methode blenden Sie einfach alle Abschnitte der Tabelle aus, in denen Sie keine Daten haben. Im folgenden Beispiel haben Sie Daten aus den Zellen A1 bis N13. <\/p><div class=\"wp-block-image\"><figure class=\"aligncenter size-full is-resized\"><img loading=\"lazy\" decoding=\"async\" class=\"wp-image-77738\" src=\"https:\/\/exceladvisor.org\/wp-content\/uploads\/2023\/08\/9-zones-grises-inutilisees.png\" sizes=\"auto, \" srcset=\"\" alt=\"Ungenutzte Bereiche werden ausgegraut\" width=\"645\" height=\"425\"><\/figure><\/div><p> W\u00e4hlen Sie alle Spalten nach Spalte N aus, klicken Sie mit der rechten Maustaste und klicken Sie auf die Option \u201eAusblenden\u201c. <\/p><div class=\"wp-block-image\"><figure class=\"aligncenter size-full is-resized\"><img loading=\"lazy\" decoding=\"async\" class=\"wp-image-77739\" src=\"https:\/\/exceladvisor.org\/wp-content\/uploads\/2023\/08\/10-selectionnez-loption-de-masquage.png\" sizes=\"auto, \" srcset=\"\" alt=\"Option zum Ausblenden ausw\u00e4hlen\" width=\"393\" height=\"476\"><\/figure><\/div><p> W\u00e4hlen Sie nun alle Zeilen nach Zeile 13 aus, klicken Sie mit der rechten Maustaste und w\u00e4hlen Sie dort die Option zum Ausblenden. <\/p><div class=\"wp-block-image\"><figure class=\"aligncenter size-full is-resized\"><img loading=\"lazy\" decoding=\"async\" class=\"wp-image-77740\" src=\"https:\/\/exceladvisor.org\/wp-content\/uploads\/2023\/08\/11-selectionner-les-lignes-et-masquer.png\" sizes=\"auto, \" srcset=\"\" alt=\"Zeilen ausw\u00e4hlen und ausblenden\" width=\"387\" height=\"446\"><\/figure><\/div><p> Sobald Sie dies tun, werden alle Zeilen unter Zeile 13 ausgeblendet und alle Bereiche ausgegraut, in denen Sie keine Daten haben. <\/p><div class=\"wp-block-image\"><figure class=\"aligncenter size-full is-resized\"><img loading=\"lazy\" decoding=\"async\" class=\"wp-image-77741\" src=\"https:\/\/exceladvisor.org\/wp-content\/uploads\/2023\/08\/12-lignes-masquees.png\" sizes=\"auto, \" srcset=\"\" alt=\"versteckte Linien\" width=\"677\" height=\"445\"><\/figure><\/div><h2 class=\"wp-block-heading\"> Verwenden Sie die Seitenumbruchanzeige, um Zellen auszugrauen<\/h2><p> Wenn Sie Ihre Excel-Umgebung nicht \u00e4ndern m\u00f6chten, k\u00f6nnen Sie die Seitenumbruchansicht verwenden, um alle ausgegrauten Zellen anzuzeigen, die nicht im Arbeitsblatt verwendet werden.<\/p><p> Gehen Sie zur Registerkarte \u201eAnsicht\u201c \u2192 \u201eArbeitsmappenansichten\u201c \u2192 \u201eSeitenumbruchvorschau\u201c. <\/p><div class=\"wp-block-image\"><figure class=\"aligncenter size-full is-resized\"><img loading=\"lazy\" decoding=\"async\" class=\"wp-image-77742\" src=\"https:\/\/exceladvisor.org\/wp-content\/uploads\/2023\/08\/Vue-de-saut-de-page-de-13-pages-pour-griser-les-cellules.png\" sizes=\"auto, \" srcset=\"\" alt=\"Seitenumbruchansicht f\u00fcr ausgegraute Zellen\" width=\"615\" height=\"241\"><\/figure><\/div><p> Danach m\u00fcssen Sie <a href=\"https:\/\/exceladvisor.org\/de\/hineinzoomen-herauszoomen\/\">die Zoomstufe auf 100 \u00e4ndern<\/a> , da Excel beim Wechsel zur Seitenumbruchansicht <a href=\"https:\/\/exceladvisor.org\/de\/zoomen\/\">die Zoomstufe auf 60 % \u00e4ndert<\/a> . <\/p><div class=\"wp-block-image\"><figure class=\"aligncenter size-full is-resized\"><img loading=\"lazy\" decoding=\"async\" class=\"wp-image-77743\" src=\"https:\/\/exceladvisor.org\/wp-content\/uploads\/2023\/08\/14-diminuer-le-niveau-de-zoom.png\" sizes=\"auto, \" srcset=\"\" alt=\"Zoomstufe verringern\" width=\"377\" height=\"236\"><\/figure><\/div><p> \u00c4ndern Sie die Zoomstufe auf 100 % und Sie erhalten eine Tabellenansicht wie diese. <\/p><div class=\"wp-block-image\"><figure class=\"aligncenter size-full is-resized\"><img loading=\"lazy\" decoding=\"async\" class=\"wp-image-77744\" src=\"https:\/\/exceladvisor.org\/wp-content\/uploads\/2023\/08\/15-changer-le-niveau-de-zoom-a-100.png\" sizes=\"auto, \" srcset=\"\" alt=\"Zoomstufe auf 100 % \u00e4ndern\" width=\"680\" height=\"423\"><\/figure><\/div><div class=\"gb-container gb-container-4db6181c gb-container-mt\"> <a class=\"gb-button gb-button-c5897111 gb-button-text gb-button-mt-button\" href=\"https:\/\/exceladvisor.org\/de\/excel-fortschritt\/\">Erweiterte Excel-Tutorials<\/a><h2 class=\"gb-headline gb-headline-665e5f6b gb-headline-text gb-headline-mt-heading\"> Verwandte Tutorials <\/h2><div class=\"gb-grid-wrapper gb-grid-wrapper-a20baf7c gb-grid-wrapper-mt-grid\"><div class=\"gb-grid-column gb-grid-column-65ddf67e\"><div class=\"gb-container gb-container-65ddf67e\"><ul><li> <a href=\"https:\/\/exceladvisor.org\/de\/zellen-zusammenfuhren-ohne-daten-zu-verlieren\/\">F\u00fchren Sie Zellen zusammen, ohne Daten in Excel zu verlieren<\/a><\/li><li> <a href=\"https:\/\/exceladvisor.org\/de\/spezielles-multiplizieren-einfugen\/\">Multiplizieren Sie in Excel mit \u201eInhalte einf\u00fcgen\u201c.<\/a><\/li><li> <a href=\"https:\/\/exceladvisor.org\/de\/fugen-sie-einen-barcode-hinzu\/\" data-wpil=\"url\">F\u00fcgen Sie einen Barcode in Excel hinzu<\/a><\/li><li> <a href=\"https:\/\/exceladvisor.org\/de\/standardschriftart\/\">\u00c4ndern Sie die Standardschriftart in Excel<\/a><\/li><li> <a href=\"https:\/\/exceladvisor.org\/de\/nach-farbe-filtern\/\">Filtern Sie nach Farbe in Excel<\/a><\/li><\/ul><\/div><\/div><\/div><\/div>","protected":false},"excerpt":{"rendered":"","protected":false},"author":1,"featured_media":0,"parent":0,"menu_order":0,"comment_status":"open","ping_status":"closed","template":"","meta":{"ub_ctt_via":"","footnotes":""},"class_list":["post-3411","page","type-page","status-publish","hentry"],"featured_image_src":null,"yoast_head":"<!-- This site is optimized with the Yoast SEO plugin v25.4 - https:\/\/yoast.com\/wordpress\/plugins\/seo\/ -->\n<title>Wie kann ich Zellen in Excel ausgrauen? (Tutorial 2023)<\/title>\n<meta name=\"description\" content=\"In diesem Tutorial erfahren Sie, wie Sie Zellen in Excel auf unterschiedliche Weise ausgrauen.\" \/>\n<meta name=\"robots\" content=\"index, follow, max-snippet:-1, max-image-preview:large, max-video-preview:-1\" \/>\n<link rel=\"canonical\" href=\"https:\/\/exceladvisor.org\/de\/graue-zellen\/\" \/>\n<meta property=\"og:locale\" content=\"de_DE\" \/>\n<meta property=\"og:type\" content=\"article\" \/>\n<meta property=\"og:title\" content=\"Wie kann ich Zellen in Excel ausgrauen? (Tutorial 2023)\" \/>\n<meta property=\"og:description\" content=\"In diesem Tutorial erfahren Sie, wie Sie Zellen in Excel auf unterschiedliche Weise ausgrauen.\" \/>\n<meta property=\"og:url\" content=\"https:\/\/exceladvisor.org\/de\/graue-zellen\/\" \/>\n<meta property=\"og:site_name\" content=\"Excel Advisor\" \/>\n<meta property=\"article:modified_time\" content=\"2023-12-03T11:22:11+00:00\" \/>\n<meta property=\"og:image\" content=\"https:\/\/exceladvisor.org\/wp-content\/uploads\/2023\/08\/1-cellules-grisees.png\" \/>\n<meta name=\"twitter:card\" content=\"summary_large_image\" \/>\n<meta name=\"twitter:label1\" content=\"Gesch\u00e4tzte Lesezeit\" \/>\n\t<meta name=\"twitter:data1\" content=\"2\u00a0Minuten\" \/>\n<script type=\"application\/ld+json\" class=\"yoast-schema-graph\">{\"@context\":\"https:\/\/schema.org\",\"@graph\":[{\"@type\":\"WebPage\",\"@id\":\"https:\/\/exceladvisor.org\/de\/graue-zellen\/\",\"url\":\"https:\/\/exceladvisor.org\/de\/graue-zellen\/\",\"name\":\"Wie kann ich Zellen in Excel ausgrauen? (Tutorial 2023)\",\"isPartOf\":{\"@id\":\"https:\/\/exceladvisor.org\/de\/#website\"},\"primaryImageOfPage\":{\"@id\":\"https:\/\/exceladvisor.org\/de\/graue-zellen\/#primaryimage\"},\"image\":{\"@id\":\"https:\/\/exceladvisor.org\/de\/graue-zellen\/#primaryimage\"},\"thumbnailUrl\":\"https:\/\/exceladvisor.org\/wp-content\/uploads\/2023\/08\/1-cellules-grisees.png\",\"datePublished\":\"2023-10-28T02:23:25+00:00\",\"dateModified\":\"2023-12-03T11:22:11+00:00\",\"description\":\"In diesem Tutorial erfahren Sie, wie Sie Zellen in Excel auf unterschiedliche Weise ausgrauen.\",\"breadcrumb\":{\"@id\":\"https:\/\/exceladvisor.org\/de\/graue-zellen\/#breadcrumb\"},\"inLanguage\":\"de\",\"potentialAction\":[{\"@type\":\"ReadAction\",\"target\":[\"https:\/\/exceladvisor.org\/de\/graue-zellen\/\"]}]},{\"@type\":\"ImageObject\",\"inLanguage\":\"de\",\"@id\":\"https:\/\/exceladvisor.org\/de\/graue-zellen\/#primaryimage\",\"url\":\"https:\/\/exceladvisor.org\/wp-content\/uploads\/2023\/08\/1-cellules-grisees.png\",\"contentUrl\":\"https:\/\/exceladvisor.org\/wp-content\/uploads\/2023\/08\/1-cellules-grisees.png\"},{\"@type\":\"BreadcrumbList\",\"@id\":\"https:\/\/exceladvisor.org\/de\/graue-zellen\/#breadcrumb\",\"itemListElement\":[{\"@type\":\"ListItem\",\"position\":1,\"name\":\"Accueil\",\"item\":\"https:\/\/exceladvisor.org\/de\/\"},{\"@type\":\"ListItem\",\"position\":2,\"name\":\"Wie kann ich zellen in excel ausgrauen?\"}]},{\"@type\":\"WebSite\",\"@id\":\"https:\/\/exceladvisor.org\/de\/#website\",\"url\":\"https:\/\/exceladvisor.org\/de\/\",\"name\":\"Excel Advisor\",\"description\":\"Ihr Leitfaden zur Datendominanz\",\"publisher\":{\"@id\":\"https:\/\/exceladvisor.org\/de\/#organization\"},\"potentialAction\":[{\"@type\":\"SearchAction\",\"target\":{\"@type\":\"EntryPoint\",\"urlTemplate\":\"https:\/\/exceladvisor.org\/de\/?s={search_term_string}\"},\"query-input\":{\"@type\":\"PropertyValueSpecification\",\"valueRequired\":true,\"valueName\":\"search_term_string\"}}],\"inLanguage\":\"de\"},{\"@type\":\"Organization\",\"@id\":\"https:\/\/exceladvisor.org\/de\/#organization\",\"name\":\"Excel Advisor\",\"url\":\"https:\/\/exceladvisor.org\/de\/\",\"logo\":{\"@type\":\"ImageObject\",\"inLanguage\":\"de\",\"@id\":\"https:\/\/exceladvisor.org\/de\/#\/schema\/logo\/image\/\",\"url\":\"https:\/\/exceladvisor.org\/de\/wp-content\/uploads\/2023\/11\/exceladvisor.org_.png\",\"contentUrl\":\"https:\/\/exceladvisor.org\/de\/wp-content\/uploads\/2023\/11\/exceladvisor.org_.png\",\"width\":105,\"height\":36,\"caption\":\"Excel Advisor\"},\"image\":{\"@id\":\"https:\/\/exceladvisor.org\/de\/#\/schema\/logo\/image\/\"}}]}<\/script>\n<!-- \/ Yoast SEO plugin. -->","yoast_head_json":{"title":"Wie kann ich Zellen in Excel ausgrauen? (Tutorial 2023)","description":"In diesem Tutorial erfahren Sie, wie Sie Zellen in Excel auf unterschiedliche Weise ausgrauen.","robots":{"index":"index","follow":"follow","max-snippet":"max-snippet:-1","max-image-preview":"max-image-preview:large","max-video-preview":"max-video-preview:-1"},"canonical":"https:\/\/exceladvisor.org\/de\/graue-zellen\/","og_locale":"de_DE","og_type":"article","og_title":"Wie kann ich Zellen in Excel ausgrauen? (Tutorial 2023)","og_description":"In diesem Tutorial erfahren Sie, wie Sie Zellen in Excel auf unterschiedliche Weise ausgrauen.","og_url":"https:\/\/exceladvisor.org\/de\/graue-zellen\/","og_site_name":"Excel Advisor","article_modified_time":"2023-12-03T11:22:11+00:00","og_image":[{"url":"https:\/\/exceladvisor.org\/wp-content\/uploads\/2023\/08\/1-cellules-grisees.png","type":"","width":"","height":""}],"twitter_card":"summary_large_image","twitter_misc":{"Gesch\u00e4tzte Lesezeit":"2\u00a0Minuten"},"schema":{"@context":"https:\/\/schema.org","@graph":[{"@type":"WebPage","@id":"https:\/\/exceladvisor.org\/de\/graue-zellen\/","url":"https:\/\/exceladvisor.org\/de\/graue-zellen\/","name":"Wie kann ich Zellen in Excel ausgrauen? (Tutorial 2023)","isPartOf":{"@id":"https:\/\/exceladvisor.org\/de\/#website"},"primaryImageOfPage":{"@id":"https:\/\/exceladvisor.org\/de\/graue-zellen\/#primaryimage"},"image":{"@id":"https:\/\/exceladvisor.org\/de\/graue-zellen\/#primaryimage"},"thumbnailUrl":"https:\/\/exceladvisor.org\/wp-content\/uploads\/2023\/08\/1-cellules-grisees.png","datePublished":"2023-10-28T02:23:25+00:00","dateModified":"2023-12-03T11:22:11+00:00","description":"In diesem Tutorial erfahren Sie, wie Sie Zellen in Excel auf unterschiedliche Weise ausgrauen.","breadcrumb":{"@id":"https:\/\/exceladvisor.org\/de\/graue-zellen\/#breadcrumb"},"inLanguage":"de","potentialAction":[{"@type":"ReadAction","target":["https:\/\/exceladvisor.org\/de\/graue-zellen\/"]}]},{"@type":"ImageObject","inLanguage":"de","@id":"https:\/\/exceladvisor.org\/de\/graue-zellen\/#primaryimage","url":"https:\/\/exceladvisor.org\/wp-content\/uploads\/2023\/08\/1-cellules-grisees.png","contentUrl":"https:\/\/exceladvisor.org\/wp-content\/uploads\/2023\/08\/1-cellules-grisees.png"},{"@type":"BreadcrumbList","@id":"https:\/\/exceladvisor.org\/de\/graue-zellen\/#breadcrumb","itemListElement":[{"@type":"ListItem","position":1,"name":"Accueil","item":"https:\/\/exceladvisor.org\/de\/"},{"@type":"ListItem","position":2,"name":"Wie kann ich zellen in excel ausgrauen?"}]},{"@type":"WebSite","@id":"https:\/\/exceladvisor.org\/de\/#website","url":"https:\/\/exceladvisor.org\/de\/","name":"Excel Advisor","description":"Ihr Leitfaden zur Datendominanz","publisher":{"@id":"https:\/\/exceladvisor.org\/de\/#organization"},"potentialAction":[{"@type":"SearchAction","target":{"@type":"EntryPoint","urlTemplate":"https:\/\/exceladvisor.org\/de\/?s={search_term_string}"},"query-input":{"@type":"PropertyValueSpecification","valueRequired":true,"valueName":"search_term_string"}}],"inLanguage":"de"},{"@type":"Organization","@id":"https:\/\/exceladvisor.org\/de\/#organization","name":"Excel Advisor","url":"https:\/\/exceladvisor.org\/de\/","logo":{"@type":"ImageObject","inLanguage":"de","@id":"https:\/\/exceladvisor.org\/de\/#\/schema\/logo\/image\/","url":"https:\/\/exceladvisor.org\/de\/wp-content\/uploads\/2023\/11\/exceladvisor.org_.png","contentUrl":"https:\/\/exceladvisor.org\/de\/wp-content\/uploads\/2023\/11\/exceladvisor.org_.png","width":105,"height":36,"caption":"Excel Advisor"},"image":{"@id":"https:\/\/exceladvisor.org\/de\/#\/schema\/logo\/image\/"}}]}},"yoast_meta":{"yoast_wpseo_title":"","yoast_wpseo_metadesc":"","yoast_wpseo_canonical":""},"_links":{"self":[{"href":"https:\/\/exceladvisor.org\/de\/wp-json\/wp\/v2\/pages\/3411","targetHints":{"allow":["GET"]}}],"collection":[{"href":"https:\/\/exceladvisor.org\/de\/wp-json\/wp\/v2\/pages"}],"about":[{"href":"https:\/\/exceladvisor.org\/de\/wp-json\/wp\/v2\/types\/page"}],"author":[{"embeddable":true,"href":"https:\/\/exceladvisor.org\/de\/wp-json\/wp\/v2\/users\/1"}],"replies":[{"embeddable":true,"href":"https:\/\/exceladvisor.org\/de\/wp-json\/wp\/v2\/comments?post=3411"}],"version-history":[{"count":1,"href":"https:\/\/exceladvisor.org\/de\/wp-json\/wp\/v2\/pages\/3411\/revisions"}],"predecessor-version":[{"id":4105,"href":"https:\/\/exceladvisor.org\/de\/wp-json\/wp\/v2\/pages\/3411\/revisions\/4105"}],"wp:attachment":[{"href":"https:\/\/exceladvisor.org\/de\/wp-json\/wp\/v2\/media?parent=3411"}],"curies":[{"name":"wp","href":"https:\/\/api.w.org\/{rel}","templated":true}]}}