{"id":3412,"date":"2023-10-28T02:08:06","date_gmt":"2023-10-28T02:08:06","guid":{"rendered":"https:\/\/exceladvisor.org\/de\/zellen-grosser-machen\/"},"modified":"2023-12-03T13:05:25","modified_gmt":"2023-12-03T13:05:25","slug":"zellen-grosser-machen","status":"publish","type":"page","link":"https:\/\/exceladvisor.org\/de\/zellen-grosser-machen\/","title":{"rendered":"Wie vergr\u00f6\u00dfert man zellen in excel?"},"content":{"rendered":"<div class=\"excel-vor-dem-inhalt\" id=\"excel-427183335\"><script type=\"text\/javascript\">\r\n\tatOptions = {\r\n\t\t'key' : 'c1158f160081d6540a8409e6925dab94',\r\n\t\t'format' : 'iframe',\r\n\t\t'height' : 250,\r\n\t\t'width' : 300,\r\n\t\t'params' : {}\r\n\t};\r\n<\/script>\r\n<script type=\"text\/javascript\" src=\"\/\/www.highperformanceformat.com\/c1158f160081d6540a8409e6925dab94\/invoke.js\"><\/script><\/div> <p>Wenn Sie die Arbeitsmappe \u00f6ffnen, finden Sie die Zellen immer in der Standardh\u00f6he und -breite vor und k\u00f6nnen bei Bedarf die Zellengr\u00f6\u00dfe anpassen.<\/p><p> Zellen sind Teil von Zeilen und Spalten. Wenn Sie also eine Zelle in einer Zeile und Spalte vergr\u00f6\u00dfern, werden auch andere Zellen in derselben Zeile und Spalte skaliert.<\/p><p> In diesem Tutorial haben wir einige sehr g\u00e4ngige Methoden zum Vergr\u00f6\u00dfern von Zellen erkl\u00e4rt.<\/p><h2 class=\"wp-block-heading\"> 1. Vergr\u00f6\u00dfern Sie die Zellen, indem Sie die Zeilenh\u00f6he und Spaltenbreite anpassen<\/h2><p> Sie k\u00f6nnen die Zellen vergr\u00f6\u00dfern, indem Sie die Zeilenh\u00f6he und Spaltenbreite erh\u00f6hen. Dazu m\u00fcssen Sie die folgenden Schritte ausf\u00fchren:<\/p><ol><li> W\u00e4hlen Sie zun\u00e4chst die Zellen aus, die Sie vergr\u00f6\u00dfern m\u00f6chten.<\/li><li> Gehen Sie nach der Auswahl zur Registerkarte \u201eStartseite\u201c, klicken Sie auf das Symbol \u201eFormat\u201c unter der Zellengruppe und dann im Dropdown-Men\u00fc auf \u201eZeilenh\u00f6he\u201c. <br><img loading=\"lazy\" decoding=\"async\" title=\"1-Home-Tab-Format-Symbol\" src=\"https:\/\/exceladvisor.org\/wp-content\/uploads\/2023\/08\/1-icone-de-format-donglet-daccueil.png\" sizes=\"auto, \" srcset=\"\" alt=\"home-tab-format-icon\" width=\"486\" height=\"366\"><\/li><li> Geben Sie anschlie\u00dfend die gew\u00fcnschte Zeilenh\u00f6he ein und klicken Sie auf OK. <br><img loading=\"lazy\" decoding=\"async\" title=\"2-Zeilenh\u00f6henwert eingeben\" src=\"https:\/\/exceladvisor.org\/wp-content\/uploads\/2023\/08\/2-entrez-la-valeur-de-hauteur-de-ligne.png\" sizes=\"auto, \" srcset=\"\" alt=\"enter-row-height-value\" width=\"396\" height=\"247\"><\/li><li> Zu diesem Zeitpunkt wurde die H\u00f6he der ausgew\u00e4hlten Zellen erh\u00f6ht. <br><img loading=\"lazy\" decoding=\"async\" title=\"3-Zellen-H\u00f6he erh\u00f6ht\" src=\"https:\/\/exceladvisor.org\/wp-content\/uploads\/2023\/08\/Hauteur-de-3-cellules-augmentee.png\" sizes=\"auto, \" srcset=\"\" alt=\"cells-height-increased\" width=\"241\" height=\"372\"><\/li><li> W\u00e4hlen Sie erneut die Zellen aus, gehen Sie zum Symbol \u201eFormat\u201c und klicken Sie dieses Mal im Dropdown-Men\u00fc auf \u201eSpaltenbreite\u201c. <br><img loading=\"lazy\" decoding=\"async\" title=\"4 Spaltenbreite ausw\u00e4hlen\" src=\"https:\/\/exceladvisor.org\/wp-content\/uploads\/2023\/08\/4-choisir-la-largeur-de-colonne.png\" sizes=\"auto, \" srcset=\"\" alt=\"choose-column-width\" width=\"492\" height=\"443\"><\/li><li> Geben Sie nun die Spaltenbreite nach Ihren W\u00fcnschen ein und klicken Sie auf OK. <br><img loading=\"lazy\" decoding=\"async\" title=\"5-Wert f\u00fcr die Spaltenbreite eingeben\" src=\"https:\/\/exceladvisor.org\/wp-content\/uploads\/2023\/08\/5-entrez-la-valeur-de-largeur-de-colonne.png\" sizes=\"auto, \" srcset=\"\" alt=\"enter-column-width-value\" width=\"356\" height=\"342\"><\/li><li> Zu diesem Zeitpunkt nahm die Breite der ausgew\u00e4hlten Zellen zu, wodurch die Gr\u00f6\u00dfe der ausgew\u00e4hlten Zellen zunahm. <br><img loading=\"lazy\" decoding=\"async\" title=\"6-fach vergr\u00f6\u00dfert\" src=\"https:\/\/exceladvisor.org\/wp-content\/uploads\/2023\/08\/6-largeurs-de-cellules-ont-ete-augmentees.png\" sizes=\"auto, \" srcset=\"\" alt=\"width-of-cells-got-increased\" width=\"356\" height=\"348\"><\/li><\/ol><p> Im obigen Beispiel haben wir die Zellen ausgew\u00e4hlt, die sich unter zwei Spalten (A und B) und in den Zeilen (1 bis 13) befinden, und die Zeilenh\u00f6he und Spaltenbreite mit 25 eingegeben, wodurch die Zellen vergr\u00f6\u00dfert wurden.<\/p><p> Sie k\u00f6nnen die Zeilenh\u00f6he auf bis zu 409 und die Spaltenbreite auf bis zu 255 erh\u00f6hen.<\/p><h2 class=\"wp-block-heading\"> 2. Vergr\u00f6\u00dfern Sie die Zellen mit der Funktion \u201eAutoFit\u201c f\u00fcr Zeilenh\u00f6he und Spaltenbreite<\/h2><p> Diese Option zur automatischen Anpassung wird verwendet, um die Zellengr\u00f6\u00dfe basierend auf den Zellenwerten anzupassen. Wenn Sie die Funktion zur automatischen Anpassung verwenden, werden Zellen basierend auf dem Zellenwert vergr\u00f6\u00dfert oder verkleinert.<\/p><ol><li> W\u00e4hlen Sie zun\u00e4chst die Zellen oder die gesamte Spalte aus, in denen die Zellwerte lang sind und\/oder sich \u00fcberlappen und\/oder teilweise ausgeblendet sind.<\/li><li> Gehen Sie nach der Auswahl zur Registerkarte \u201eStartseite\u201c, klicken Sie auf das Symbol \u201eFormat\u201c unter der Zellengruppe und dann im Dropdown-Men\u00fc auf \u201eZeilenh\u00f6he automatisch anpassen\u201c. <br><img loading=\"lazy\" decoding=\"async\" title=\"7-W\u00e4hlen Sie die automatische Anpassung der Zeilenh\u00f6he\" src=\"https:\/\/exceladvisor.org\/wp-content\/uploads\/2023\/08\/7-choisir-la-hauteur-de-ligne-dajustement-automatique.png\" sizes=\"auto, \" srcset=\"\" alt=\"choose-autofit-row-height\" width=\"528\" height=\"400\"><\/li><li> Sobald Sie auf \u201eZeilenh\u00f6he automatisch anpassen\u201c klicken, wird nur die H\u00f6he der Zellen erh\u00f6ht, in denen die Daten in den Zeilen verf\u00fcgbar und ausgeblendet sind. <br><img loading=\"lazy\" decoding=\"async\" title=\"8 Reihen mit erh\u00f6hter H\u00f6he\" src=\"https:\/\/exceladvisor.org\/wp-content\/uploads\/2023\/08\/Hauteur-de-8-rangees-augmentee.png\" sizes=\"auto, \" srcset=\"\" alt=\"row-height-increased\" width=\"258\" height=\"316\"><\/li><li> W\u00e4hlen Sie nun die Zellen oder Spalte erneut aus und gehen Sie zum Symbol \u201eFormat\u201c unter der Zellengruppe. Klicken Sie dieses Mal im Dropdown-Men\u00fc auf \u201eSpaltenbreite automatisch anpassen\u201c. <br><img loading=\"lazy\" decoding=\"async\" title=\"9-W\u00e4hlen Sie die automatische Anpassung der Spaltenbreite\" src=\"https:\/\/exceladvisor.org\/wp-content\/uploads\/2023\/08\/9-choisir-la-largeur-de-colonne-dajustement-automatique.png\" sizes=\"auto, \" srcset=\"\" alt=\"choose-autofit-column-width\" width=\"526\" height=\"398\"><\/li><li> An diesem Punkt wachsen alle Zellen in der Spalte auf die Gr\u00f6\u00dfe des l\u00e4ngsten Werts an, der in einer der ausgew\u00e4hlten Zellen in der Spalte vorhanden w\u00e4re. <br><img loading=\"lazy\" decoding=\"async\" title=\"10-fach vergr\u00f6\u00dfert\" src=\"https:\/\/exceladvisor.org\/wp-content\/uploads\/2023\/08\/10-augmentation-de-la-largeur-des-cellules.png\" sizes=\"auto, \" srcset=\"\" alt=\"increased-cells-width\" width=\"313\" height=\"287\"><\/li><\/ol><p> Im obigen Beispiel wurde bei der Verwendung von \u201eZeilenh\u00f6he automatisch anpassen\u201c nur eine Zelle vergr\u00f6\u00dfert, da nur diese Zelle den ausgeblendeten Wert und den in den Zeilen gespeicherten Wert hatte. Bei der Verwendung von \u201eSpaltenbreite automatisch anpassen\u201c wurden alle Zellen durch Erh\u00f6hen der Breite vergr\u00f6\u00dfert Zelle und die Breite wurde auf den l\u00e4ngsten Wert erh\u00f6ht.<\/p><h2 class=\"wp-block-heading\"> 3. Vergr\u00f6\u00dfern Sie Zellen mithilfe von Umbruchtext<\/h2><p> Zeilentext vergr\u00f6\u00dfert Zellen, indem er die Werte in den Zellen anpasst, indem er nur die H\u00f6he der Zelle erh\u00f6ht.<\/p><ol><li> W\u00e4hlen Sie zun\u00e4chst die Zellen oder die gesamte Spalte aus, in der Sie die Zellen mithilfe der Textumbruchfunktion vergr\u00f6\u00dfern m\u00f6chten.<\/li><li> Gehen Sie anschlie\u00dfend zur Registerkarte \u201eStartseite\u201c und klicken Sie unter dem Symbol \u201eAusrichtung\u201c auf das Symbol \u201eText umbrechen\u201c. <br><img loading=\"lazy\" decoding=\"async\" title=\"11-Umbruchtext-Symbol\" src=\"https:\/\/exceladvisor.org\/wp-content\/uploads\/2023\/08\/11-icone-de-texte-dhabillage.png\" sizes=\"auto, \" srcset=\"\" alt=\"wraptext-icon\" width=\"540\" height=\"352\"><\/li><li> Sobald Sie auf \u201eText umbrechen\u201c klicken, wird die H\u00f6he der Zellen erh\u00f6ht und der Wert in den Zellen wird angepasst und die Zellen werden gr\u00f6\u00dfer, mit Ausnahme der Zellen, die Werte in Zeilen haben, wie wir es in Zelle B2 haben . <br><img loading=\"lazy\" decoding=\"async\" title=\"12-Wraptext-applied\" src=\"https:\/\/exceladvisor.org\/wp-content\/uploads\/2023\/08\/12-wraptext-applique.png\" sizes=\"auto, \" srcset=\"\" alt=\"wraptext-applied\" width=\"255\" height=\"435\"><\/li><\/ol><h2 class=\"wp-block-heading\"> 4. Zellen mit der Maus vergr\u00f6\u00dfern<\/h2><p> Sie k\u00f6nnen die Zellen auch vergr\u00f6\u00dfern, indem Sie mit der Maus die Spaltenbreite und Zeilenh\u00f6he erh\u00f6hen, indem Sie den Cursor \u00fcber die R\u00e4nder der Spalten\u00fcberschriften und Zeilennummern platzieren. Mit der Maus k\u00f6nnen Sie die Breite und die Zeilen vergr\u00f6\u00dfern. <\/p><div class=\"wp-block-image\"><figure class=\"aligncenter size-full is-resized\"><img loading=\"lazy\" decoding=\"async\" class=\"wp-image-77414\" src=\"https:\/\/exceladvisor.org\/wp-content\/uploads\/2023\/08\/13-developper-la-largeur-de-colonne-et-la-hauteur-de-ligne.png\" sizes=\"auto, \" srcset=\"\" alt=\"Spaltenbreite und Zeilenh\u00f6he erweitern\" width=\"278\" height=\"269\"><\/figure><\/div><h2 class=\"wp-block-heading\"> 5. Vergr\u00f6\u00dfern Sie in Excel alle Zellen auf einmal<\/h2><p> Sie k\u00f6nnen alle Zellen in einem Arbeitsblatt vergr\u00f6\u00dfern, auch wenn diese Zellen keine Werte enthalten.<\/p><ol><li> Klicken Sie zun\u00e4chst auf die obere rechte Ecke des Arbeitsblatts, um alle Zellen gleichzeitig auszuw\u00e4hlen. <br><img loading=\"lazy\" decoding=\"async\" title=\"14 W\u00e4hlen Sie alle Zellen aus\" src=\"https:\/\/exceladvisor.org\/wp-content\/uploads\/2023\/08\/14-selectionner-toutes-les-cellules.png\" sizes=\"auto, \" srcset=\"\" alt=\"select-all-cells\" width=\"433\" height=\"274\"><\/li><li> Klicken Sie anschlie\u00dfend auf die Trennlinie zwischen den Spalten A und B und halten Sie die Maustaste gedr\u00fcckt. Halten Sie die Maus gedr\u00fcckt und vergr\u00f6\u00dfern Sie die Spaltenbreite (dadurch wird die Spaltenbreite der Arbeitsblattspalten vergr\u00f6\u00dfert). <br><img loading=\"lazy\" decoding=\"async\" title=\"15-Klick-Trennzeichen zwischen den Spalten\" src=\"https:\/\/exceladvisor.org\/wp-content\/uploads\/2023\/08\/15-clics-entre-les-separateurs-de-colonnes.png\" sizes=\"auto, \" srcset=\"\" alt=\"click-between-columns-divider\" width=\"340\" height=\"274\"><\/li><li> Klicken Sie anschlie\u00dfend auf die Trennlinie zwischen den Zeilen 1 und 2 und halten Sie die Maustaste gedr\u00fcckt. Halten Sie die Maus gedr\u00fcckt und erh\u00f6hen Sie die Zeilenh\u00f6he (dadurch wird die Zeilenh\u00f6he aller Zeilen im Arbeitsblatt erh\u00f6ht). <br><img loading=\"lazy\" decoding=\"async\" title=\"16-Klick-Trennzeichen zwischen den Zeilen\" src=\"https:\/\/exceladvisor.org\/wp-content\/uploads\/2023\/08\/Separateur-16-clics-entre-les-lignes.png\" sizes=\"auto, \" srcset=\"\" alt=\"click-between-rows-divider\" width=\"441\" height=\"299\"><\/li><li> Klicken Sie am Ende auf eine beliebige Stelle im Arbeitsblatt und <a href=\"https:\/\/exceladvisor.org\/de\/zellen-abwahlen\/\">deaktivieren Sie die Zellen<\/a> . <br><img loading=\"lazy\" decoding=\"async\" title=\"17 Zellen abw\u00e4hlen\" src=\"https:\/\/exceladvisor.org\/wp-content\/uploads\/2023\/08\/17-deselectionner-les-cellules.png\" sizes=\"auto, \" srcset=\"\" alt=\"deselect-the-cells\" width=\"491\" height=\"326\"><\/li><\/ol><h2 class=\"wp-block-heading\"> 6. Vergr\u00f6\u00dfern Sie Zellen mit <a href=\"https:\/\/exceladvisor.org\/de\/automatische-anpassung\/\">AutoFit-<\/a> <a href=\"https:\/\/exceladvisor.org\/de\/tastaturkurzel\/\">Tastaturk\u00fcrzeln<\/a><\/h2><ul><li> Um die Breite von Zellen (Spalten) automatisch anzupassen: Alt \u21e2 H \u21e2 O \u21e2 I.<\/li><li> Um die Zeilenh\u00f6he (Zeilen) automatisch anzupassen: Alt \u21e2 H \u21e2 O \u21e2 A.<\/li><li> Um die Zeilenh\u00f6he manuell einzugeben: Alt \u21e2 H \u21e2 O \u21e2 H.<\/li><li> Um die Spaltenbreite manuell einzugeben: Alt \u21e2 H \u21e2 O \u21e2 W.<\/li><\/ul><p> Sie k\u00f6nnen diese Tastenkombinationen f\u00fcr eine Zelle und f\u00fcr alle Zellen in einem Arbeitsblatt verwenden.<\/p><h2 class=\"wp-block-heading\"> 7. Erh\u00f6hen Sie die Schriftgr\u00f6\u00dfe, um die Zellen zu vergr\u00f6\u00dfern<\/h2><p> Wenn Sie die Zellengr\u00f6\u00dfe sofort erh\u00f6hen m\u00f6chten, k\u00f6nnen Sie einfach die Schriftgr\u00f6\u00dfe aller Zellen erh\u00f6hen. In Excel ist die <a href=\"https:\/\/exceladvisor.org\/de\/standardschriftart\/\">Standardschriftart<\/a> Calibri mit der Gr\u00f6\u00dfe 11. Und wenn Sie die Schriftgr\u00f6\u00dfe erh\u00f6hen, werden alle Zellen entsprechend der Schriftgr\u00f6\u00dfe vergr\u00f6\u00dfert.<\/p><ul><li> W\u00e4hlen Sie \u201eAlle Zellen\u201c aus.<\/li><li> Erh\u00f6hen Sie die Schriftgr\u00f6\u00dfe. <\/li><\/ul><div class=\"wp-block-image\"><figure class=\"aligncenter size-full is-resized\"><img loading=\"lazy\" decoding=\"async\" class=\"wp-image-77447\" src=\"https:\/\/exceladvisor.org\/wp-content\/uploads\/2023\/08\/18-augmenter-la-taille-de-la-police.png\" sizes=\"auto, \" srcset=\"\" alt=\"Schriftgr\u00f6\u00dfe vergr\u00f6\u00dfern\" width=\"549\" height=\"387\"><\/figure><\/div><h2 class=\"wp-block-heading\"> 8. Erh\u00f6hen Sie den Zoom, um die Zellen zu vergr\u00f6\u00dfern<\/h2><p> Wenn Sie nur m\u00f6chten, dass die Zellen zur besseren Ansicht gr\u00f6\u00dfer sind, k\u00f6nnen Sie die <a href=\"https:\/\/exceladvisor.org\/de\/hineinzoomen-herauszoomen\/\">Zoomstufe des Arbeitsblatts<\/a> erh\u00f6hen. Benutzen Sie einfach den Zoom-Scroll unten rechts im Excel-Fenster. <\/p><div class=\"wp-block-image\"><figure class=\"aligncenter size-full is-resized\"><img loading=\"lazy\" decoding=\"async\" class=\"wp-image-77448\" src=\"https:\/\/exceladvisor.org\/wp-content\/uploads\/2023\/08\/19-changer-le-niveau-de-zoom.png\" sizes=\"auto, \" srcset=\"\" alt=\"Zoomstufe \u00e4ndern\" width=\"552\" height=\"292\"><\/figure><\/div><p> Dadurch werden nur die Zellen im aktuellen Arbeitsblatt vergr\u00f6\u00dfert.<\/p><div class=\"gb-container gb-container-4db6181c gb-container-mt\"> <a class=\"gb-button gb-button-c5897111 gb-button-text gb-button-mt-button\" href=\"https:\/\/exceladvisor.org\/de\/excel-fortschritt\/\">Erweiterte Excel-Tutorials<\/a><h2 class=\"gb-headline gb-headline-665e5f6b gb-headline-text gb-headline-mt-heading\"> Verwandte Tutorials <\/h2><div class=\"gb-grid-wrapper gb-grid-wrapper-a20baf7c gb-grid-wrapper-mt-grid\"><div class=\"gb-grid-column gb-grid-column-50067b57\"><div class=\"gb-container gb-container-50067b57\"><ul><li> <a href=\"https:\/\/exceladvisor.org\/de\/benennen-sie-die-tabelle-um\/\">Benennen Sie eine Tabelle in Excel um<\/a><\/li><li> <a href=\"https:\/\/exceladvisor.org\/de\/spaltennummern\/\">Spaltennummern in Excel<\/a><\/li><li> <a href=\"https:\/\/exceladvisor.org\/de\/graue-zellen\/\">Graue Zellen in Excel<\/a><\/li><li> <a href=\"https:\/\/exceladvisor.org\/de\/bindestriche-entfernen\/\">Entfernen Sie Bindestriche in Excel<\/a><\/li><li> <a href=\"https:\/\/exceladvisor.org\/de\/zusammengefuhrte-zellen-finden\/\">Finden Sie verbundene Zellen in Excel<\/a><\/li><\/ul><\/div><\/div><\/div><\/div>","protected":false},"excerpt":{"rendered":"","protected":false},"author":1,"featured_media":0,"parent":0,"menu_order":0,"comment_status":"open","ping_status":"closed","template":"","meta":{"ub_ctt_via":"","footnotes":""},"class_list":["post-3412","page","type-page","status-publish","hentry"],"featured_image_src":null,"yoast_head":"<!-- This site is optimized with the Yoast SEO plugin v25.4 - https:\/\/yoast.com\/wordpress\/plugins\/seo\/ -->\n<title>Wie vergr\u00f6\u00dfert man Zellen in Excel?<\/title>\n<meta name=\"description\" content=\"In diesem Tutorial lernen wir, wie man Zellen in Excel mit 8 verschiedenen Methoden vergr\u00f6\u00dfert.\" \/>\n<meta name=\"robots\" content=\"index, follow, max-snippet:-1, max-image-preview:large, max-video-preview:-1\" \/>\n<link rel=\"canonical\" href=\"https:\/\/exceladvisor.org\/de\/zellen-grosser-machen\/\" \/>\n<meta property=\"og:locale\" content=\"de_DE\" \/>\n<meta property=\"og:type\" content=\"article\" \/>\n<meta property=\"og:title\" content=\"Wie vergr\u00f6\u00dfert man Zellen in Excel?\" \/>\n<meta property=\"og:description\" content=\"In diesem Tutorial lernen wir, wie man Zellen in Excel mit 8 verschiedenen Methoden vergr\u00f6\u00dfert.\" \/>\n<meta property=\"og:url\" content=\"https:\/\/exceladvisor.org\/de\/zellen-grosser-machen\/\" \/>\n<meta property=\"og:site_name\" content=\"Excel Advisor\" \/>\n<meta property=\"article:modified_time\" content=\"2023-12-03T13:05:25+00:00\" \/>\n<meta property=\"og:image\" content=\"https:\/\/exceladvisor.org\/wp-content\/uploads\/2023\/08\/1-icone-de-format-donglet-daccueil.png\" \/>\n<meta name=\"twitter:card\" content=\"summary_large_image\" \/>\n<meta name=\"twitter:label1\" content=\"Gesch\u00e4tzte Lesezeit\" \/>\n\t<meta name=\"twitter:data1\" content=\"5\u00a0Minuten\" \/>\n<script type=\"application\/ld+json\" class=\"yoast-schema-graph\">{\"@context\":\"https:\/\/schema.org\",\"@graph\":[{\"@type\":\"WebPage\",\"@id\":\"https:\/\/exceladvisor.org\/de\/zellen-grosser-machen\/\",\"url\":\"https:\/\/exceladvisor.org\/de\/zellen-grosser-machen\/\",\"name\":\"Wie vergr\u00f6\u00dfert man Zellen in Excel?\",\"isPartOf\":{\"@id\":\"https:\/\/exceladvisor.org\/de\/#website\"},\"primaryImageOfPage\":{\"@id\":\"https:\/\/exceladvisor.org\/de\/zellen-grosser-machen\/#primaryimage\"},\"image\":{\"@id\":\"https:\/\/exceladvisor.org\/de\/zellen-grosser-machen\/#primaryimage\"},\"thumbnailUrl\":\"https:\/\/exceladvisor.org\/wp-content\/uploads\/2023\/08\/1-icone-de-format-donglet-daccueil.png\",\"datePublished\":\"2023-10-28T02:08:06+00:00\",\"dateModified\":\"2023-12-03T13:05:25+00:00\",\"description\":\"In diesem Tutorial lernen wir, wie man Zellen in Excel mit 8 verschiedenen Methoden vergr\u00f6\u00dfert.\",\"breadcrumb\":{\"@id\":\"https:\/\/exceladvisor.org\/de\/zellen-grosser-machen\/#breadcrumb\"},\"inLanguage\":\"de\",\"potentialAction\":[{\"@type\":\"ReadAction\",\"target\":[\"https:\/\/exceladvisor.org\/de\/zellen-grosser-machen\/\"]}]},{\"@type\":\"ImageObject\",\"inLanguage\":\"de\",\"@id\":\"https:\/\/exceladvisor.org\/de\/zellen-grosser-machen\/#primaryimage\",\"url\":\"https:\/\/exceladvisor.org\/wp-content\/uploads\/2023\/08\/1-icone-de-format-donglet-daccueil.png\",\"contentUrl\":\"https:\/\/exceladvisor.org\/wp-content\/uploads\/2023\/08\/1-icone-de-format-donglet-daccueil.png\"},{\"@type\":\"BreadcrumbList\",\"@id\":\"https:\/\/exceladvisor.org\/de\/zellen-grosser-machen\/#breadcrumb\",\"itemListElement\":[{\"@type\":\"ListItem\",\"position\":1,\"name\":\"Accueil\",\"item\":\"https:\/\/exceladvisor.org\/de\/\"},{\"@type\":\"ListItem\",\"position\":2,\"name\":\"Wie vergr\u00f6\u00dfert man zellen in excel?\"}]},{\"@type\":\"WebSite\",\"@id\":\"https:\/\/exceladvisor.org\/de\/#website\",\"url\":\"https:\/\/exceladvisor.org\/de\/\",\"name\":\"Excel Advisor\",\"description\":\"Ihr Leitfaden zur Datendominanz\",\"publisher\":{\"@id\":\"https:\/\/exceladvisor.org\/de\/#organization\"},\"potentialAction\":[{\"@type\":\"SearchAction\",\"target\":{\"@type\":\"EntryPoint\",\"urlTemplate\":\"https:\/\/exceladvisor.org\/de\/?s={search_term_string}\"},\"query-input\":{\"@type\":\"PropertyValueSpecification\",\"valueRequired\":true,\"valueName\":\"search_term_string\"}}],\"inLanguage\":\"de\"},{\"@type\":\"Organization\",\"@id\":\"https:\/\/exceladvisor.org\/de\/#organization\",\"name\":\"Excel Advisor\",\"url\":\"https:\/\/exceladvisor.org\/de\/\",\"logo\":{\"@type\":\"ImageObject\",\"inLanguage\":\"de\",\"@id\":\"https:\/\/exceladvisor.org\/de\/#\/schema\/logo\/image\/\",\"url\":\"https:\/\/exceladvisor.org\/de\/wp-content\/uploads\/2023\/11\/exceladvisor.org_.png\",\"contentUrl\":\"https:\/\/exceladvisor.org\/de\/wp-content\/uploads\/2023\/11\/exceladvisor.org_.png\",\"width\":105,\"height\":36,\"caption\":\"Excel Advisor\"},\"image\":{\"@id\":\"https:\/\/exceladvisor.org\/de\/#\/schema\/logo\/image\/\"}}]}<\/script>\n<!-- \/ Yoast SEO plugin. -->","yoast_head_json":{"title":"Wie vergr\u00f6\u00dfert man Zellen in Excel?","description":"In diesem Tutorial lernen wir, wie man Zellen in Excel mit 8 verschiedenen Methoden vergr\u00f6\u00dfert.","robots":{"index":"index","follow":"follow","max-snippet":"max-snippet:-1","max-image-preview":"max-image-preview:large","max-video-preview":"max-video-preview:-1"},"canonical":"https:\/\/exceladvisor.org\/de\/zellen-grosser-machen\/","og_locale":"de_DE","og_type":"article","og_title":"Wie vergr\u00f6\u00dfert man Zellen in Excel?","og_description":"In diesem Tutorial lernen wir, wie man Zellen in Excel mit 8 verschiedenen Methoden vergr\u00f6\u00dfert.","og_url":"https:\/\/exceladvisor.org\/de\/zellen-grosser-machen\/","og_site_name":"Excel Advisor","article_modified_time":"2023-12-03T13:05:25+00:00","og_image":[{"url":"https:\/\/exceladvisor.org\/wp-content\/uploads\/2023\/08\/1-icone-de-format-donglet-daccueil.png","type":"","width":"","height":""}],"twitter_card":"summary_large_image","twitter_misc":{"Gesch\u00e4tzte Lesezeit":"5\u00a0Minuten"},"schema":{"@context":"https:\/\/schema.org","@graph":[{"@type":"WebPage","@id":"https:\/\/exceladvisor.org\/de\/zellen-grosser-machen\/","url":"https:\/\/exceladvisor.org\/de\/zellen-grosser-machen\/","name":"Wie vergr\u00f6\u00dfert man Zellen in Excel?","isPartOf":{"@id":"https:\/\/exceladvisor.org\/de\/#website"},"primaryImageOfPage":{"@id":"https:\/\/exceladvisor.org\/de\/zellen-grosser-machen\/#primaryimage"},"image":{"@id":"https:\/\/exceladvisor.org\/de\/zellen-grosser-machen\/#primaryimage"},"thumbnailUrl":"https:\/\/exceladvisor.org\/wp-content\/uploads\/2023\/08\/1-icone-de-format-donglet-daccueil.png","datePublished":"2023-10-28T02:08:06+00:00","dateModified":"2023-12-03T13:05:25+00:00","description":"In diesem Tutorial lernen wir, wie man Zellen in Excel mit 8 verschiedenen Methoden vergr\u00f6\u00dfert.","breadcrumb":{"@id":"https:\/\/exceladvisor.org\/de\/zellen-grosser-machen\/#breadcrumb"},"inLanguage":"de","potentialAction":[{"@type":"ReadAction","target":["https:\/\/exceladvisor.org\/de\/zellen-grosser-machen\/"]}]},{"@type":"ImageObject","inLanguage":"de","@id":"https:\/\/exceladvisor.org\/de\/zellen-grosser-machen\/#primaryimage","url":"https:\/\/exceladvisor.org\/wp-content\/uploads\/2023\/08\/1-icone-de-format-donglet-daccueil.png","contentUrl":"https:\/\/exceladvisor.org\/wp-content\/uploads\/2023\/08\/1-icone-de-format-donglet-daccueil.png"},{"@type":"BreadcrumbList","@id":"https:\/\/exceladvisor.org\/de\/zellen-grosser-machen\/#breadcrumb","itemListElement":[{"@type":"ListItem","position":1,"name":"Accueil","item":"https:\/\/exceladvisor.org\/de\/"},{"@type":"ListItem","position":2,"name":"Wie vergr\u00f6\u00dfert man zellen in excel?"}]},{"@type":"WebSite","@id":"https:\/\/exceladvisor.org\/de\/#website","url":"https:\/\/exceladvisor.org\/de\/","name":"Excel Advisor","description":"Ihr Leitfaden zur Datendominanz","publisher":{"@id":"https:\/\/exceladvisor.org\/de\/#organization"},"potentialAction":[{"@type":"SearchAction","target":{"@type":"EntryPoint","urlTemplate":"https:\/\/exceladvisor.org\/de\/?s={search_term_string}"},"query-input":{"@type":"PropertyValueSpecification","valueRequired":true,"valueName":"search_term_string"}}],"inLanguage":"de"},{"@type":"Organization","@id":"https:\/\/exceladvisor.org\/de\/#organization","name":"Excel Advisor","url":"https:\/\/exceladvisor.org\/de\/","logo":{"@type":"ImageObject","inLanguage":"de","@id":"https:\/\/exceladvisor.org\/de\/#\/schema\/logo\/image\/","url":"https:\/\/exceladvisor.org\/de\/wp-content\/uploads\/2023\/11\/exceladvisor.org_.png","contentUrl":"https:\/\/exceladvisor.org\/de\/wp-content\/uploads\/2023\/11\/exceladvisor.org_.png","width":105,"height":36,"caption":"Excel Advisor"},"image":{"@id":"https:\/\/exceladvisor.org\/de\/#\/schema\/logo\/image\/"}}]}},"yoast_meta":{"yoast_wpseo_title":"","yoast_wpseo_metadesc":"","yoast_wpseo_canonical":""},"_links":{"self":[{"href":"https:\/\/exceladvisor.org\/de\/wp-json\/wp\/v2\/pages\/3412","targetHints":{"allow":["GET"]}}],"collection":[{"href":"https:\/\/exceladvisor.org\/de\/wp-json\/wp\/v2\/pages"}],"about":[{"href":"https:\/\/exceladvisor.org\/de\/wp-json\/wp\/v2\/types\/page"}],"author":[{"embeddable":true,"href":"https:\/\/exceladvisor.org\/de\/wp-json\/wp\/v2\/users\/1"}],"replies":[{"embeddable":true,"href":"https:\/\/exceladvisor.org\/de\/wp-json\/wp\/v2\/comments?post=3412"}],"version-history":[{"count":1,"href":"https:\/\/exceladvisor.org\/de\/wp-json\/wp\/v2\/pages\/3412\/revisions"}],"predecessor-version":[{"id":4215,"href":"https:\/\/exceladvisor.org\/de\/wp-json\/wp\/v2\/pages\/3412\/revisions\/4215"}],"wp:attachment":[{"href":"https:\/\/exceladvisor.org\/de\/wp-json\/wp\/v2\/media?parent=3412"}],"curies":[{"name":"wp","href":"https:\/\/api.w.org\/{rel}","templated":true}]}}