{"id":3413,"date":"2023-10-28T01:54:46","date_gmt":"2023-10-28T01:54:46","guid":{"rendered":"https:\/\/exceladvisor.org\/de\/ziel-suchen\/"},"modified":"2023-12-03T13:04:49","modified_gmt":"2023-12-03T13:04:49","slug":"ziel-suchen","status":"publish","type":"page","link":"https:\/\/exceladvisor.org\/de\/ziel-suchen\/","title":{"rendered":"Wie verwende ich die zielsuche in excel?"},"content":{"rendered":"<div class=\"excel-vor-dem-inhalt\" id=\"excel-1388046031\"><script type=\"text\/javascript\">\r\n\tatOptions = {\r\n\t\t'key' : 'c1158f160081d6540a8409e6925dab94',\r\n\t\t'format' : 'iframe',\r\n\t\t'height' : 250,\r\n\t\t'width' : 300,\r\n\t\t'params' : {}\r\n\t};\r\n<\/script>\r\n<script type=\"text\/javascript\" src=\"\/\/www.highperformanceformat.com\/c1158f160081d6540a8409e6925dab94\/invoke.js\"><\/script><\/div> <p class=\"has-text-align-left\">In der High School habe ich mathematische Gleichungen gel\u00f6st, bei denen ich das Ergebnis der Gleichung, aber nicht den Eingabewert hatte. Wenn Sie also vorhaben, die gleiche Art von Problemen in Excel zu l\u00f6sen, steht Ihnen ein spezielles Tool zur Verf\u00fcgung, das Ihnen dabei helfen kann.<\/p><p> <strong>Zielsuche<\/strong><\/p><p> Die Grundidee besteht darin, den Eingabewert zu finden, den die Formel ben\u00f6tigt, um dieses Ergebnis zu erhalten. Einfach ausgedr\u00fcckt: Wenn Sie wissen, welchen tats\u00e4chlichen Ergebniswert Sie ben\u00f6tigen, k\u00f6nnen Sie die Zielsuche verwenden, um den besten Eingabewert zu finden, um diesen zu erhalten.<\/p><p> Zum Beispiel: Nehmen wir an, Sie m\u00fcssen sich Geld von Ihrem Freund leihen. Sie wissen, wie viel Geld Sie ben\u00f6tigen, wie lange Sie mit der Tilgung des Kredits brauchen m\u00f6chten und wie viel Sie jeden Monat zur\u00fcckzahlen k\u00f6nnen.<\/p><p> Mit der Zielsuche k\u00f6nnen Sie den Zinssatz berechnen, den Sie ben\u00f6tigen, um mit Ihrem Freund zusammenzukommen. Es gibt N komplexe Probleme, die Sie mit der Zielsuche l\u00f6sen k\u00f6nnen.<\/p><p> Heute erfahren Sie in diesem Artikel, wie Sie die Zielsuche in Excel verwenden, wie sie funktioniert und auf welche wichtigen Dinge Sie achten m\u00fcssen. Lass uns anfangen.<\/p><h2 id=\"tab-con-1\" class=\"wp-block-heading\"> So \u00f6ffnen Sie die Zielsuche<\/h2><p> Um ein Objektiv zu \u00f6ffnen, versuchen Sie es mit einer dieser beiden Methoden.<\/p><ul><li> Gehen Sie zur Registerkarte Daten \u2192 Hypothesenanalyse \u2192 Zielsuche. <\/li><\/ul><div class=\"wp-block-image\"><figure class=\"aligncenter\"><img decoding=\"async\" src=\"https:\/\/exceladvisor.org\/wp-content\/uploads\/2023\/08\/recherche-dobjectif-ouvert-dans-excel-1.png\" sizes=\"\" srcset=\"\" alt=\"\u00d6ffnen Sie die Zielsuche in Excel\"><\/figure><\/div><ul><li> Verwenden Sie die Tastenkombination Alt + T + G.<\/li><\/ul><p> Mit diesen Methoden k\u00f6nnen Sie die Zielsuche in den Microsoft Excel-Versionen 2007 bis 2016 aktivieren.<\/p><h2 id=\"tab-con-2\" class=\"wp-block-heading\"> Komponenten der Zielsuchfunktion<\/h2><p> Wenn Sie Goal Seek \u00f6ffnen, wird ein kleines Popup-Fenster zur Dateneingabe angezeigt. Im Wesentlichen besteht es aus drei erforderlichen Komponenten. <\/p><div class=\"wp-block-image\"><figure class=\"aligncenter\"><img decoding=\"async\" src=\"https:\/\/exceladvisor.org\/wp-content\/uploads\/2023\/08\/objectif-chercher-dans-excel-une-petite-fenetre-pop-up-1.png\" sizes=\"\" srcset=\"\" alt=\"Zielsuche in Excel ein kleines Popup-Fenster\"><\/figure><\/div><ol><li> Zelle festlegen: Zelle, in der Sie das gew\u00fcnschte Ergebnis erzielen m\u00f6chten. Stellen Sie sicher, dass die Zelle, auf die Sie sich hier beziehen, eine Formel enth\u00e4lt.<\/li><li> Zu Wert: Wert, den Sie als Ergebnis w\u00fcnschen.<\/li><li> Durch \u00c4ndern von Zellen: Die Zelle, in der die \u00c4nderung zum Ergebnis f\u00fchren soll, entspricht dem \u201eWert bei\u201c. Stellen Sie sicher, dass die Zelle, auf die Sie sich hier beziehen, in der Formel f\u00fcr die Zelle verwendet wird, auf die unter \u201eZelle definieren\u201c Bezug genommen wird.<\/li><\/ol><h2 id=\"tab-con-3\" class=\"wp-block-heading\"> L\u00f6sen Sie ein Problem in Excel mit der Zielsuche<\/h2><p> Stellen Sie sich vor, Sie arbeiten in einem Unternehmen, das versucht, eine Ausschreibung zu gewinnen, indem es den niedrigsten Preis anbietet.<\/p><p> Dazu m\u00fcssen Sie eine Preisstruktur vorbereiten, bei der Ihr Landepreis (f\u00fcr den Kunden) 1000 $ betragen sollte. W\u00e4hrend Ihr aktueller Endpreis 1089,9 $ betr\u00e4gt. <\/p><div class=\"wp-block-image\"><figure class=\"aligncenter\"><img decoding=\"async\" src=\"https:\/\/exceladvisor.org\/wp-content\/uploads\/2023\/08\/structure-de-prix-des-produits-pour-lutilisation-de-la-recherche-dobjectifs-dans-Excel-1.png\" sizes=\"\" srcset=\"\" alt=\"Produktpreisstruktur f\u00fcr die Verwendung der Zielsuche in Excel\"><\/figure><\/div><p> Wenn Sie dies manuell tun m\u00f6chten, haben Sie zwei M\u00f6glichkeiten.<\/p><ol><li> F\u00fchren Sie eine R\u00fcckrechnung durch, bei der Sie alle Steuern und Geb\u00fchren vom Landepreis (1.000 US-Dollar) abziehen m\u00fcssen, um den Grundpreis zu ermitteln.<\/li><li> Sie m\u00fcssen jedoch Ihren Grundpreis \u00e4ndern, um den gew\u00fcnschten Endpreis zu erhalten.<\/li><\/ol><p> Es ist nicht so einfach, wie es scheint, aber das Finden von Zielen kann hier den entscheidenden Unterschied machen.<\/p><p> <a href=\"https:\/\/exceladvisor.org\/wp-content\/uploads\/2023\/08\/recherche-dobjectif-dans-excel.zip\" rel=\"nofollow\">Laden Sie diese Datei hier herunter<\/a> und f\u00fchren Sie die folgenden Schritte aus.<\/p><ul><li> Wenn Sie die Zielsuche \u00f6ffnen, erhalten Sie ein Fenster wie dieses. <\/li><\/ul><div class=\"wp-block-image\"><figure class=\"aligncenter\"><img decoding=\"async\" src=\"https:\/\/exceladvisor.org\/wp-content\/uploads\/2023\/08\/utiliser-la-recherche-dobjectifs-dans-Excel-pour-calculer-le-nouveau-prix-final-1.png\" sizes=\"\" srcset=\"\" alt=\"Verwenden Sie die Zielsuche in Excel, um den neuen Endpreis zu berechnen\"><\/figure><\/div><ul><li> Jetzt m\u00fcssen Sie die folgenden Werte eingeben.<ol><li> Klicken Sie auf \u201eWert festlegen\u201c und verweisen Sie auf die Zelle mit einem Landepreis.<\/li><li> Klicken Sie auf \u201eBis Wert\u201c und geben Sie in der Zelle mit dem Zielpreis den gew\u00fcnschten Wert als Ergebnis ein.<\/li><li> Klicken Sie abschlie\u00dfend auf \u201eDurch Zellwechsel\u201c und verweisen Sie auf die Zelle mit einem Grundpreis. <\/li><\/ol><\/li><\/ul><div class=\"wp-block-image\"><figure class=\"aligncenter\"><img decoding=\"async\" src=\"https:\/\/exceladvisor.org\/wp-content\/uploads\/2023\/08\/specifier-les-valeurs-a-utiliser-la-recherche-dobjectifs-dans-Excel-1.png\" sizes=\"\" srcset=\"\" alt=\"Geben Sie Werte an, um die Zielsuche in Excel zu verwenden\"><\/figure><\/div><ul><li> OK klicken.<\/li><li> Goal Seek macht so etwas mit Ihrer Tabelle. <\/li><\/ul><div class=\"wp-block-image\"><figure class=\"aligncenter\"><img decoding=\"async\" src=\"https:\/\/exceladvisor.org\/wp-content\/uploads\/2023\/08\/utiliser-la-recherche-dobjectifs-dans-Excel-pour-calculer-le-prix-de-chargement-1.gif\" sizes=\"\" srcset=\"\" alt=\"Verwenden Sie die Zielsuche in Excel, um den Ladepreis zu berechnen\"><\/figure><\/div><h3 class=\"wp-block-heading\"> Wie es funktioniert<\/h3><p> Wenn Sie nun die Basispreiszelle \u00fcberpr\u00fcfen, wird ihr Wert auf 925 $ ge\u00e4ndert, und damit wird Ihr Landepreis auf 1000 $ ge\u00e4ndert. Ihre Basis wurde durch eine objektive Suche mithilfe einer <a href=\"https:\/\/www.meritnation.com\/ask-answer\/question\/how-to-use-hit-and-trial-method\/mensuration\/3630981\" target=\"_blank\" rel=\"noreferrer noopener\">Trial-and-Error-Methode<\/a> ver\u00e4ndert. Die objektive Suche ist jedoch recht schnell und Sie k\u00f6nnen nicht den gesamten Vorgang sehen.<\/p><h2 id=\"tab-con-4\" class=\"wp-block-heading\"> Wichtige Punkte zur Zielsuche<\/h2><p> Dies sind einige Punkte, die bei der Zielfindung beachtet werden sollten.<\/p><ol><li> Eine Zelle, die als Set-Zelle verwendet wird, muss eine Formel enthalten, die von der Zelle \u201eBeim Zellenwechsel\u201c abh\u00e4ngt.<\/li><li> Goal Seek verwendet die Iterationsmethode, um den Zielwert zu erreichen, den Sie unter \u201eTo Value\u201c angeben. Sie k\u00f6nnen die Iteration \u00fcber Datei-&gt;Optionen-&gt;Formeln anpassen (dies kann die Genauigkeit erh\u00f6hen).<\/li><li> Manchmal kann Excel nicht das gew\u00fcnschte Ergebnis liefern und zeigt die Meldung \u201eVielleicht wurde keine L\u00f6sung gefunden\u201c an. In diesem Fall k\u00f6nnen Sie einen Wert eingeben, der n\u00e4her an Ihrem Ergebnis liegt, und es erneut versuchen (999,95 $ statt 1000 $). \u00dcberpr\u00fcfen Sie auch unbedingt die beiden oben genannten Hinweise.<\/li><li> Die Zielsuche kann jeweils nur mit einem Zelleneingabewert funktionieren.<\/li><\/ol><h2 id=\"tab-con-5\" class=\"wp-block-heading\"> Verwenden der Zielsuche mit VBA-Code<\/h2><p> Sie k\u00f6nnen Ihren Kaffee genie\u00dfen, w\u00e4hrend Sie mit dem Zielfinder-Befehl von Excel arbeiten. Ich hoffe, es macht Ihnen nichts aus, wenn Sie mit VBA zus\u00e4tzliche Schokolade hinzuf\u00fcgen k\u00f6nnen. Ja, Sie haben Recht, Sie k\u00f6nnen die Zielsuche mit VBA verwenden.<\/p><p> expression.GoalSeek(Goal, ChangingCell)<\/p><ol><li> Ausdruck: Dies sollte eine Zelle sein, in der Sie das gew\u00fcnschte Ergebnis erzielen m\u00f6chten.<\/li><li> Ziel: das gew\u00fcnschte Ergebnis, das wir als Ergebnis zur\u00fcckgeben wollen.<\/li><li> Sich \u00e4ndernde Zelle: Zelle, in der \u00c4nderungen erforderlich sind, um den Ergebniswert zu erhalten.<\/li><\/ol><p> Hier ist ein Makrocode, den Sie verwenden k\u00f6nnen.<\/p><pre class=\"wp-block-code\"> <code class=\"language-visual-basic line-numbers\" lang=\"visual-basic\">Sub GoalSeekVBA() Rem: \/\/\/\/\/\/\/\/\/\/ Code by Exceladvisor.org Dim Target As Long On Error GoTo Errorhandler Target = InputBox(\"Enter the required value\", \"Enter Value\") Worksheets(\"Goal_Seek\").Activate With ActiveSheet.Range(\"C7\") .GoalSeek _ Goal:=Target, _ ChangingCell:=Range(\"C2\") End With Exit Sub Errorhandler: MsgBox (\"Sorry, value is not valid.\") End Sub<\/code><\/pre><p> <a href=\"https:\/\/exceladvisor.org\/wp-content\/uploads\/2023\/08\/recherche-dobjectif-dans-excel.zip\" rel=\"nofollow\"><strong>Beispieldatei<\/strong><\/a><\/p><h2 class=\"wp-block-heading\"> Abschluss<\/h2><p> Wie gesagt, wenn Sie versuchen, den Eingabewert mithilfe einer manuellen Methode zu ermitteln, m\u00fcssen Sie viel Zeit aufwenden oder eine Formel erstellen, um eine R\u00fcckberechnung durchzuf\u00fchren.<\/p><p> Mit Lens Search k\u00f6nnen Sie dies jedoch mit nur einem Klick tun. Es erledigt alle komplexen Berechnungen in Sekundenschnelle f\u00fcr Sie. Das Beste daran ist, dass Sie es auch mit VBA verwenden k\u00f6nnen. Und ich hoffe, dass dies Ihnen dabei hilft, Ihre Excel-Kenntnisse zu verbessern.<\/p><p class=\"qt-tip\"> <em><strong>Kurzer Hinweis<\/strong> : Dies ist einer dieser <a href=\"https:\/\/exceladvisor.org\/de\/beratung\/\" data-wpil=\"url\">Excel-Tipps<\/a> , die Ihnen dabei helfen k\u00f6nnen, Ihre <a href=\"https:\/\/exceladvisor.org\/de\/hervorragende-fahigkeiten\/\">Excel-Kenntnisse<\/a> zu verbessern.<\/em><\/p><div class=\"gb-container gb-container-4db6181c gb-container-mt\"> <a class=\"gb-button gb-button-c5897111 gb-button-text gb-button-mt-button\" href=\"https:\/\/exceladvisor.org\/de\/excel-fortschritt\/\">Erweiterte Excel-Tutorials<\/a><h2 class=\"gb-headline gb-headline-665e5f6b gb-headline-text gb-headline-mt-heading\"> Verwandte Tutorials <\/h2><div class=\"gb-grid-wrapper gb-grid-wrapper-a20baf7c gb-grid-wrapper-mt-grid\"><div class=\"gb-grid-column gb-grid-column-65ddf67e\"><div class=\"gb-container gb-container-65ddf67e\"><ul><li> <a href=\"https:\/\/exceladvisor.org\/de\/kamera-tool\/\">Excel-Kamera-Tool<\/a><\/li><li> <a href=\"https:\/\/exceladvisor.org\/de\/uhrfenster\/\">Beobachtungsfenster in Excel<\/a><\/li><li> <a href=\"https:\/\/exceladvisor.org\/de\/excel-slicer\/\">Excel Slicer (vollst\u00e4ndige Anleitung)<\/a><\/li><li> <a href=\"https:\/\/exceladvisor.org\/de\/excel-standardmassig-auf-dem-mac\/\">Machen Sie Excel auf dem Mac zum Standard<\/a><\/li><li> <a href=\"https:\/\/exceladvisor.org\/de\/excel-sicherheitsmodus\/\">\u00d6ffnen Sie Excel im abgesicherten Modus<\/a><\/li><\/ul><\/div><\/div><\/div><\/div>","protected":false},"excerpt":{"rendered":"","protected":false},"author":1,"featured_media":0,"parent":0,"menu_order":0,"comment_status":"open","ping_status":"closed","template":"","meta":{"ub_ctt_via":"","footnotes":""},"class_list":["post-3413","page","type-page","status-publish","hentry"],"featured_image_src":null,"yoast_head":"<!-- This site is optimized with the Yoast SEO plugin v25.4 - https:\/\/yoast.com\/wordpress\/plugins\/seo\/ -->\n<title>Wie verwende ich die Zielsuche in Excel? (Handbuch + VBA)<\/title>\n<meta name=\"description\" content=\"Wenn Sie den Ergebniswert kennen und den Eingabewert kennen m\u00f6chten, um dieses Ergebnis zu erhalten, verwenden Sie die Zielsuche in Excel.\" \/>\n<meta name=\"robots\" content=\"index, follow, max-snippet:-1, max-image-preview:large, max-video-preview:-1\" \/>\n<link rel=\"canonical\" href=\"https:\/\/exceladvisor.org\/de\/ziel-suchen\/\" \/>\n<meta property=\"og:locale\" content=\"de_DE\" \/>\n<meta property=\"og:type\" content=\"article\" \/>\n<meta property=\"og:title\" content=\"Wie verwende ich die Zielsuche in Excel? (Handbuch + VBA)\" \/>\n<meta property=\"og:description\" content=\"Wenn Sie den Ergebniswert kennen und den Eingabewert kennen m\u00f6chten, um dieses Ergebnis zu erhalten, verwenden Sie die Zielsuche in Excel.\" \/>\n<meta property=\"og:url\" content=\"https:\/\/exceladvisor.org\/de\/ziel-suchen\/\" \/>\n<meta property=\"og:site_name\" content=\"Excel Advisor\" \/>\n<meta property=\"article:modified_time\" content=\"2023-12-03T13:04:49+00:00\" \/>\n<meta property=\"og:image\" content=\"https:\/\/exceladvisor.org\/wp-content\/uploads\/2023\/08\/recherche-dobjectif-ouvert-dans-excel-1.png\" \/>\n<meta name=\"twitter:card\" content=\"summary_large_image\" \/>\n<meta name=\"twitter:label1\" content=\"Gesch\u00e4tzte Lesezeit\" \/>\n\t<meta name=\"twitter:data1\" content=\"5\u00a0Minuten\" \/>\n<script type=\"application\/ld+json\" class=\"yoast-schema-graph\">{\"@context\":\"https:\/\/schema.org\",\"@graph\":[{\"@type\":\"WebPage\",\"@id\":\"https:\/\/exceladvisor.org\/de\/ziel-suchen\/\",\"url\":\"https:\/\/exceladvisor.org\/de\/ziel-suchen\/\",\"name\":\"Wie verwende ich die Zielsuche in Excel? (Handbuch + VBA)\",\"isPartOf\":{\"@id\":\"https:\/\/exceladvisor.org\/de\/#website\"},\"primaryImageOfPage\":{\"@id\":\"https:\/\/exceladvisor.org\/de\/ziel-suchen\/#primaryimage\"},\"image\":{\"@id\":\"https:\/\/exceladvisor.org\/de\/ziel-suchen\/#primaryimage\"},\"thumbnailUrl\":\"https:\/\/exceladvisor.org\/wp-content\/uploads\/2023\/08\/recherche-dobjectif-ouvert-dans-excel-1.png\",\"datePublished\":\"2023-10-28T01:54:46+00:00\",\"dateModified\":\"2023-12-03T13:04:49+00:00\",\"description\":\"Wenn Sie den Ergebniswert kennen und den Eingabewert kennen m\u00f6chten, um dieses Ergebnis zu erhalten, verwenden Sie die Zielsuche in Excel.\",\"breadcrumb\":{\"@id\":\"https:\/\/exceladvisor.org\/de\/ziel-suchen\/#breadcrumb\"},\"inLanguage\":\"de\",\"potentialAction\":[{\"@type\":\"ReadAction\",\"target\":[\"https:\/\/exceladvisor.org\/de\/ziel-suchen\/\"]}]},{\"@type\":\"ImageObject\",\"inLanguage\":\"de\",\"@id\":\"https:\/\/exceladvisor.org\/de\/ziel-suchen\/#primaryimage\",\"url\":\"https:\/\/exceladvisor.org\/wp-content\/uploads\/2023\/08\/recherche-dobjectif-ouvert-dans-excel-1.png\",\"contentUrl\":\"https:\/\/exceladvisor.org\/wp-content\/uploads\/2023\/08\/recherche-dobjectif-ouvert-dans-excel-1.png\"},{\"@type\":\"BreadcrumbList\",\"@id\":\"https:\/\/exceladvisor.org\/de\/ziel-suchen\/#breadcrumb\",\"itemListElement\":[{\"@type\":\"ListItem\",\"position\":1,\"name\":\"Accueil\",\"item\":\"https:\/\/exceladvisor.org\/de\/\"},{\"@type\":\"ListItem\",\"position\":2,\"name\":\"Wie verwende ich die zielsuche in excel?\"}]},{\"@type\":\"WebSite\",\"@id\":\"https:\/\/exceladvisor.org\/de\/#website\",\"url\":\"https:\/\/exceladvisor.org\/de\/\",\"name\":\"Excel Advisor\",\"description\":\"Ihr Leitfaden zur Datendominanz\",\"publisher\":{\"@id\":\"https:\/\/exceladvisor.org\/de\/#organization\"},\"potentialAction\":[{\"@type\":\"SearchAction\",\"target\":{\"@type\":\"EntryPoint\",\"urlTemplate\":\"https:\/\/exceladvisor.org\/de\/?s={search_term_string}\"},\"query-input\":{\"@type\":\"PropertyValueSpecification\",\"valueRequired\":true,\"valueName\":\"search_term_string\"}}],\"inLanguage\":\"de\"},{\"@type\":\"Organization\",\"@id\":\"https:\/\/exceladvisor.org\/de\/#organization\",\"name\":\"Excel Advisor\",\"url\":\"https:\/\/exceladvisor.org\/de\/\",\"logo\":{\"@type\":\"ImageObject\",\"inLanguage\":\"de\",\"@id\":\"https:\/\/exceladvisor.org\/de\/#\/schema\/logo\/image\/\",\"url\":\"https:\/\/exceladvisor.org\/de\/wp-content\/uploads\/2023\/11\/exceladvisor.org_.png\",\"contentUrl\":\"https:\/\/exceladvisor.org\/de\/wp-content\/uploads\/2023\/11\/exceladvisor.org_.png\",\"width\":105,\"height\":36,\"caption\":\"Excel Advisor\"},\"image\":{\"@id\":\"https:\/\/exceladvisor.org\/de\/#\/schema\/logo\/image\/\"}}]}<\/script>\n<!-- \/ Yoast SEO plugin. -->","yoast_head_json":{"title":"Wie verwende ich die Zielsuche in Excel? (Handbuch + VBA)","description":"Wenn Sie den Ergebniswert kennen und den Eingabewert kennen m\u00f6chten, um dieses Ergebnis zu erhalten, verwenden Sie die Zielsuche in Excel.","robots":{"index":"index","follow":"follow","max-snippet":"max-snippet:-1","max-image-preview":"max-image-preview:large","max-video-preview":"max-video-preview:-1"},"canonical":"https:\/\/exceladvisor.org\/de\/ziel-suchen\/","og_locale":"de_DE","og_type":"article","og_title":"Wie verwende ich die Zielsuche in Excel? (Handbuch + VBA)","og_description":"Wenn Sie den Ergebniswert kennen und den Eingabewert kennen m\u00f6chten, um dieses Ergebnis zu erhalten, verwenden Sie die Zielsuche in Excel.","og_url":"https:\/\/exceladvisor.org\/de\/ziel-suchen\/","og_site_name":"Excel Advisor","article_modified_time":"2023-12-03T13:04:49+00:00","og_image":[{"url":"https:\/\/exceladvisor.org\/wp-content\/uploads\/2023\/08\/recherche-dobjectif-ouvert-dans-excel-1.png","type":"","width":"","height":""}],"twitter_card":"summary_large_image","twitter_misc":{"Gesch\u00e4tzte Lesezeit":"5\u00a0Minuten"},"schema":{"@context":"https:\/\/schema.org","@graph":[{"@type":"WebPage","@id":"https:\/\/exceladvisor.org\/de\/ziel-suchen\/","url":"https:\/\/exceladvisor.org\/de\/ziel-suchen\/","name":"Wie verwende ich die Zielsuche in Excel? (Handbuch + VBA)","isPartOf":{"@id":"https:\/\/exceladvisor.org\/de\/#website"},"primaryImageOfPage":{"@id":"https:\/\/exceladvisor.org\/de\/ziel-suchen\/#primaryimage"},"image":{"@id":"https:\/\/exceladvisor.org\/de\/ziel-suchen\/#primaryimage"},"thumbnailUrl":"https:\/\/exceladvisor.org\/wp-content\/uploads\/2023\/08\/recherche-dobjectif-ouvert-dans-excel-1.png","datePublished":"2023-10-28T01:54:46+00:00","dateModified":"2023-12-03T13:04:49+00:00","description":"Wenn Sie den Ergebniswert kennen und den Eingabewert kennen m\u00f6chten, um dieses Ergebnis zu erhalten, verwenden Sie die Zielsuche in Excel.","breadcrumb":{"@id":"https:\/\/exceladvisor.org\/de\/ziel-suchen\/#breadcrumb"},"inLanguage":"de","potentialAction":[{"@type":"ReadAction","target":["https:\/\/exceladvisor.org\/de\/ziel-suchen\/"]}]},{"@type":"ImageObject","inLanguage":"de","@id":"https:\/\/exceladvisor.org\/de\/ziel-suchen\/#primaryimage","url":"https:\/\/exceladvisor.org\/wp-content\/uploads\/2023\/08\/recherche-dobjectif-ouvert-dans-excel-1.png","contentUrl":"https:\/\/exceladvisor.org\/wp-content\/uploads\/2023\/08\/recherche-dobjectif-ouvert-dans-excel-1.png"},{"@type":"BreadcrumbList","@id":"https:\/\/exceladvisor.org\/de\/ziel-suchen\/#breadcrumb","itemListElement":[{"@type":"ListItem","position":1,"name":"Accueil","item":"https:\/\/exceladvisor.org\/de\/"},{"@type":"ListItem","position":2,"name":"Wie verwende ich die zielsuche in excel?"}]},{"@type":"WebSite","@id":"https:\/\/exceladvisor.org\/de\/#website","url":"https:\/\/exceladvisor.org\/de\/","name":"Excel Advisor","description":"Ihr Leitfaden zur Datendominanz","publisher":{"@id":"https:\/\/exceladvisor.org\/de\/#organization"},"potentialAction":[{"@type":"SearchAction","target":{"@type":"EntryPoint","urlTemplate":"https:\/\/exceladvisor.org\/de\/?s={search_term_string}"},"query-input":{"@type":"PropertyValueSpecification","valueRequired":true,"valueName":"search_term_string"}}],"inLanguage":"de"},{"@type":"Organization","@id":"https:\/\/exceladvisor.org\/de\/#organization","name":"Excel Advisor","url":"https:\/\/exceladvisor.org\/de\/","logo":{"@type":"ImageObject","inLanguage":"de","@id":"https:\/\/exceladvisor.org\/de\/#\/schema\/logo\/image\/","url":"https:\/\/exceladvisor.org\/de\/wp-content\/uploads\/2023\/11\/exceladvisor.org_.png","contentUrl":"https:\/\/exceladvisor.org\/de\/wp-content\/uploads\/2023\/11\/exceladvisor.org_.png","width":105,"height":36,"caption":"Excel Advisor"},"image":{"@id":"https:\/\/exceladvisor.org\/de\/#\/schema\/logo\/image\/"}}]}},"yoast_meta":{"yoast_wpseo_title":"","yoast_wpseo_metadesc":"","yoast_wpseo_canonical":""},"_links":{"self":[{"href":"https:\/\/exceladvisor.org\/de\/wp-json\/wp\/v2\/pages\/3413","targetHints":{"allow":["GET"]}}],"collection":[{"href":"https:\/\/exceladvisor.org\/de\/wp-json\/wp\/v2\/pages"}],"about":[{"href":"https:\/\/exceladvisor.org\/de\/wp-json\/wp\/v2\/types\/page"}],"author":[{"embeddable":true,"href":"https:\/\/exceladvisor.org\/de\/wp-json\/wp\/v2\/users\/1"}],"replies":[{"embeddable":true,"href":"https:\/\/exceladvisor.org\/de\/wp-json\/wp\/v2\/comments?post=3413"}],"version-history":[{"count":1,"href":"https:\/\/exceladvisor.org\/de\/wp-json\/wp\/v2\/pages\/3413\/revisions"}],"predecessor-version":[{"id":4357,"href":"https:\/\/exceladvisor.org\/de\/wp-json\/wp\/v2\/pages\/3413\/revisions\/4357"}],"wp:attachment":[{"href":"https:\/\/exceladvisor.org\/de\/wp-json\/wp\/v2\/media?parent=3413"}],"curies":[{"name":"wp","href":"https:\/\/api.w.org\/{rel}","templated":true}]}}