{"id":3414,"date":"2023-10-28T01:26:59","date_gmt":"2023-10-28T01:26:59","guid":{"rendered":"https:\/\/exceladvisor.org\/de\/markieren-sie-die-oberen-und-unteren-werte\/"},"modified":"2023-12-03T13:05:47","modified_gmt":"2023-12-03T13:05:47","slug":"markieren-sie-die-oberen-und-unteren-werte","status":"publish","type":"page","link":"https:\/\/exceladvisor.org\/de\/markieren-sie-die-oberen-und-unteren-werte\/","title":{"rendered":"Wie werden obere und untere n-werte hervorgehoben?"},"content":{"rendered":"<div class=\"excel-vor-dem-inhalt\" id=\"excel-2102308954\"><script type=\"text\/javascript\">\r\n\tatOptions = {\r\n\t\t'key' : 'c1158f160081d6540a8409e6925dab94',\r\n\t\t'format' : 'iframe',\r\n\t\t'height' : 250,\r\n\t\t'width' : 300,\r\n\t\t'params' : {}\r\n\t};\r\n<\/script>\r\n<script type=\"text\/javascript\" src=\"\/\/www.highperformanceformat.com\/c1158f160081d6540a8409e6925dab94\/invoke.js\"><\/script><\/div> <p>Der beste Weg, Werte von oben nach unten hervorzuheben, ist die Verwendung einer bedingten Formatierung. Es geht schnell und einfach und erfordert nur ein paar Klicks. Aber das Beste daran ist, dass Sie daf\u00fcr nicht einmal eine Formel schreiben m\u00fcssen.<\/p><p> Ich benutze es seit meinem ersten Job. Mein Chef rief mich an, wann immer ich einen Bericht vorlegte, und vers\u00e4umte es nicht, die oberen und unteren Werte hervorzuheben. Und wenn Sie es noch nicht verwenden, m\u00f6chte ich Ihnen erkl\u00e4ren, wie Sie es verwenden. <\/p><div class=\"wp-block-image\"><figure class=\"aligncenter\"><img loading=\"lazy\" decoding=\"async\" class=\"wp-image-10058\" src=\"https:\/\/exceladvisor.org\/wp-content\/uploads\/2023\/08\/comment-mettre-en-surbrillance-les-valeurs-n-superieures-inferieures-dans-le-tableau-de-donnees-Excel-1.png\" sizes=\"auto, \" srcset=\"\" alt=\"So markieren Sie die oberen und unteren n-Werte in einer Excel-Datentabelle\" width=\"202\" height=\"555\"><\/figure><\/div><p> Unten habe ich eine Tabelle mit Verk\u00e4ufen pro Tag und m\u00f6chte die Top 10 Tage mit den h\u00f6chsten Verk\u00e4ufen hervorheben (die Tabelle ist hier etwas lang).<\/p><h2 class=\"wp-block-heading\"> Markieren Sie die Top-10-Werte<\/h2><ul><li> W\u00e4hlen Sie zun\u00e4chst die Daten aus, aus denen Sie die h\u00f6chsten Werte hervorheben m\u00f6chten.<\/li><li> Gehen Sie zur Registerkarte \u201eStartseite\u201c -&gt; \u201eStile\u201c -&gt; \u201eBedingte Formatierung\u201c -&gt; \u201eOben\/Unten-Regeln\u201c -&gt; \u201eTop 10\u201c. <\/li><\/ul><div class=\"wp-block-image\"><figure class=\"aligncenter\"><img loading=\"lazy\" decoding=\"async\" class=\"wp-image-10056\" src=\"https:\/\/exceladvisor.org\/wp-content\/uploads\/2023\/08\/comment-mettre-en-surbrillance-les-n-valeurs-les-plus-basses-dans-la-regle-excel-top-botm-1.png\" sizes=\"auto, \" srcset=\"\" alt=\"So markieren Sie die niedrigsten n-Werte in der Excel-Top-Botm-Regel\" width=\"357\" height=\"412\"><\/figure><\/div><ul><li> Im Popup-Fenster m\u00fcssen Sie nun zwei Dinge angeben.<ol><li> Anzahl der hervorzuhebenden Werte ( <em>derzeit Top 10<\/em> ).<\/li><li> Formatierung zur Hervorhebung von Werten. <\/li><\/ol><\/li><\/ul><div class=\"wp-block-image\"><figure class=\"aligncenter\"><img loading=\"lazy\" decoding=\"async\" class=\"wp-image-10054\" src=\"https:\/\/exceladvisor.org\/wp-content\/uploads\/2023\/08\/comment-mettre-en-surbrillance-les-n-valeurs-superieures-inferieures-au-format-Excel-pour-mettre-en-surbrillance-les-cellules-1.png\" sizes=\"auto, \" srcset=\"\" alt=\"So markieren Sie die oberen und unteren n-Werte in einer Excel-Datentabelle\" width=\"307\" height=\"190\"><\/figure><\/div><ul><li> Klicken Sie anschlie\u00dfend auf OK. <\/li><\/ul><div class=\"wp-block-image\"><figure class=\"aligncenter\"><img loading=\"lazy\" decoding=\"async\" class=\"wp-image-10059\" src=\"https:\/\/exceladvisor.org\/wp-content\/uploads\/2023\/08\/comment-mettre-en-surbrillance-les-valeurs-n-superieures-inferieures-dans-Excel-avec-le-formatage-1.png\" sizes=\"auto, \" srcset=\"\" alt=\"So markieren Sie die oberen und unteren n-Werte in Excel mit Formatierung\" width=\"202\" height=\"555\"><\/figure><\/div><p> Die ersten 10 Werte der Daten werden sofort mit dem von Ihnen genannten Formatierungsstil hervorgehoben.<\/p><h2 class=\"wp-block-heading\"> Markieren Sie die letzten 10 Werte<\/h2><p> Um die letzten 10 Werte hervorzuheben, k\u00f6nnen Sie die gleichen Schritte ausf\u00fchren. Aber anstatt auf die Top 10 klicken Sie einfach auf die unteren 10, und der Rest ist derselbe.<\/p><ul><li> W\u00e4hlen Sie die Anzahl der hervorzuhebenden Werte aus.<\/li><li> Und das zu verwendende Format.<\/li><\/ul><h2 class=\"wp-block-heading\"> Was sonst? <\/h2><div class=\"wp-block-image\"><figure class=\"aligncenter\"><img loading=\"lazy\" decoding=\"async\" class=\"wp-image-10055\" src=\"https:\/\/exceladvisor.org\/wp-content\/uploads\/2023\/08\/comment-mettre-en-surbrillance-les-valeurs-n-superieures-inferieures-dans-Excel-autres-options-1.png\" sizes=\"auto, \" srcset=\"\" alt=\"So markieren Sie die oberen und unteren n-Werte in Excel mit anderen Optionen\" width=\"176\" height=\"266\"><\/figure><\/div><p> In der Option \u201eBedingte Formatierung oben\/unten\u201c-Regel stehen Ihnen weitere n\u00fctzliche Optionen zur Verf\u00fcgung.<\/p><ul><li> <strong>Top 10 %<\/strong> \u2013 Verwenden Sie diese Option, um die Top-Werte hervorzuheben, die 10 % der Daten entsprechen.<\/li><li> <strong>Untere 10 %<\/strong> \u2013 Markieren Sie die unteren Werte, die 10 % der Daten entsprechen.<\/li><li> <strong>\u00dcberdurchschnittlich<\/strong> \u2013 Um Werte hervorzuheben, die \u00fcber dem Durchschnittswert der Daten liegen.<\/li><li> <strong>Unter dem Durchschnitt<\/strong> \u2013 Verwenden Sie diese Option, um Werte hervorzuheben, die unter dem Durchschnittswert der Daten liegen.<\/li><\/ul><p> Wie ich bereits sagte, hebe ich in allen meinen Berichten die oberen und unteren Werte hervor. Und es hilft auch dem Gegen\u00fcber, sich einen schnellen \u00dcberblick zu verschaffen, selbst wenn es sich bei den Daten nur um eine Tabelle handelt.<\/p><div class=\"gb-container gb-container-4db6181c gb-container-mt\"> <a class=\"gb-button gb-button-c5897111 gb-button-text gb-button-mt-button\" href=\"https:\/\/exceladvisor.org\/de\/excel-fortschritt\/\">Erweiterte Excel-Tutorials<\/a><h2 class=\"gb-headline gb-headline-665e5f6b gb-headline-text gb-headline-mt-heading\"> Verwandte Tutorials <\/h2><div class=\"gb-grid-wrapper gb-grid-wrapper-a20baf7c gb-grid-wrapper-mt-grid\"><div class=\"gb-grid-column gb-grid-column-65ddf67e\"><div class=\"gb-container gb-container-65ddf67e\"><ul><li> <a href=\"https:\/\/exceladvisor.org\/de\/zellen-zusammenfuhren-ohne-daten-zu-verlieren\/\">F\u00fchren Sie Zellen zusammen, ohne Daten in Excel zu verlieren<\/a><\/li><li> <a href=\"https:\/\/exceladvisor.org\/de\/spezielles-multiplizieren-einfugen\/\">Multiplizieren Sie in Excel mit \u201eInhalte einf\u00fcgen\u201c.<\/a><\/li><li> <a href=\"https:\/\/exceladvisor.org\/de\/fugen-sie-einen-barcode-hinzu\/\" data-wpil=\"url\">F\u00fcgen Sie einen Barcode in Excel hinzu<\/a><\/li><li> <a href=\"https:\/\/exceladvisor.org\/de\/standardschriftart\/\">\u00c4ndern Sie die Standardschriftart in Excel<\/a><\/li><li> <a href=\"https:\/\/exceladvisor.org\/de\/nach-farbe-filtern\/\">Filtern Sie nach Farbe in Excel<\/a><\/li><\/ul><\/div><\/div><\/div><\/div>","protected":false},"excerpt":{"rendered":"","protected":false},"author":1,"featured_media":0,"parent":0,"menu_order":0,"comment_status":"open","ping_status":"closed","template":"","meta":{"ub_ctt_via":"","footnotes":""},"class_list":["post-3414","page","type-page","status-publish","hentry"],"featured_image_src":null,"yoast_head":"<!-- This site is optimized with the Yoast SEO plugin v25.4 - https:\/\/yoast.com\/wordpress\/plugins\/seo\/ -->\n<title>Markieren Sie die oberen und unteren N-Werte<\/title>\n<meta name=\"description\" content=\"In diesem Artikel erfahren Sie, wie Sie in Excel obere und untere Werte hervorheben.\" \/>\n<meta name=\"robots\" content=\"index, follow, max-snippet:-1, max-image-preview:large, max-video-preview:-1\" \/>\n<link rel=\"canonical\" href=\"https:\/\/exceladvisor.org\/de\/markieren-sie-die-oberen-und-unteren-werte\/\" \/>\n<meta property=\"og:locale\" content=\"de_DE\" \/>\n<meta property=\"og:type\" content=\"article\" \/>\n<meta property=\"og:title\" content=\"Markieren Sie die oberen und unteren N-Werte\" \/>\n<meta property=\"og:description\" content=\"In diesem Artikel erfahren Sie, wie Sie in Excel obere und untere Werte hervorheben.\" \/>\n<meta property=\"og:url\" content=\"https:\/\/exceladvisor.org\/de\/markieren-sie-die-oberen-und-unteren-werte\/\" \/>\n<meta property=\"og:site_name\" content=\"Excel Advisor\" \/>\n<meta property=\"article:modified_time\" content=\"2023-12-03T13:05:47+00:00\" \/>\n<meta property=\"og:image\" content=\"https:\/\/exceladvisor.org\/wp-content\/uploads\/2023\/08\/comment-mettre-en-surbrillance-les-valeurs-n-superieures-inferieures-dans-le-tableau-de-donnees-Excel-1.png\" \/>\n<meta name=\"twitter:card\" content=\"summary_large_image\" \/>\n<meta name=\"twitter:label1\" content=\"Gesch\u00e4tzte Lesezeit\" \/>\n\t<meta name=\"twitter:data1\" content=\"2\u00a0Minuten\" \/>\n<script type=\"application\/ld+json\" class=\"yoast-schema-graph\">{\"@context\":\"https:\/\/schema.org\",\"@graph\":[{\"@type\":\"WebPage\",\"@id\":\"https:\/\/exceladvisor.org\/de\/markieren-sie-die-oberen-und-unteren-werte\/\",\"url\":\"https:\/\/exceladvisor.org\/de\/markieren-sie-die-oberen-und-unteren-werte\/\",\"name\":\"Markieren Sie die oberen und unteren N-Werte\",\"isPartOf\":{\"@id\":\"https:\/\/exceladvisor.org\/de\/#website\"},\"primaryImageOfPage\":{\"@id\":\"https:\/\/exceladvisor.org\/de\/markieren-sie-die-oberen-und-unteren-werte\/#primaryimage\"},\"image\":{\"@id\":\"https:\/\/exceladvisor.org\/de\/markieren-sie-die-oberen-und-unteren-werte\/#primaryimage\"},\"thumbnailUrl\":\"https:\/\/exceladvisor.org\/wp-content\/uploads\/2023\/08\/comment-mettre-en-surbrillance-les-valeurs-n-superieures-inferieures-dans-le-tableau-de-donnees-Excel-1.png\",\"datePublished\":\"2023-10-28T01:26:59+00:00\",\"dateModified\":\"2023-12-03T13:05:47+00:00\",\"description\":\"In diesem Artikel erfahren Sie, wie Sie in Excel obere und untere Werte hervorheben.\",\"breadcrumb\":{\"@id\":\"https:\/\/exceladvisor.org\/de\/markieren-sie-die-oberen-und-unteren-werte\/#breadcrumb\"},\"inLanguage\":\"de\",\"potentialAction\":[{\"@type\":\"ReadAction\",\"target\":[\"https:\/\/exceladvisor.org\/de\/markieren-sie-die-oberen-und-unteren-werte\/\"]}]},{\"@type\":\"ImageObject\",\"inLanguage\":\"de\",\"@id\":\"https:\/\/exceladvisor.org\/de\/markieren-sie-die-oberen-und-unteren-werte\/#primaryimage\",\"url\":\"https:\/\/exceladvisor.org\/wp-content\/uploads\/2023\/08\/comment-mettre-en-surbrillance-les-valeurs-n-superieures-inferieures-dans-le-tableau-de-donnees-Excel-1.png\",\"contentUrl\":\"https:\/\/exceladvisor.org\/wp-content\/uploads\/2023\/08\/comment-mettre-en-surbrillance-les-valeurs-n-superieures-inferieures-dans-le-tableau-de-donnees-Excel-1.png\"},{\"@type\":\"BreadcrumbList\",\"@id\":\"https:\/\/exceladvisor.org\/de\/markieren-sie-die-oberen-und-unteren-werte\/#breadcrumb\",\"itemListElement\":[{\"@type\":\"ListItem\",\"position\":1,\"name\":\"Accueil\",\"item\":\"https:\/\/exceladvisor.org\/de\/\"},{\"@type\":\"ListItem\",\"position\":2,\"name\":\"Wie werden obere und untere n-werte hervorgehoben?\"}]},{\"@type\":\"WebSite\",\"@id\":\"https:\/\/exceladvisor.org\/de\/#website\",\"url\":\"https:\/\/exceladvisor.org\/de\/\",\"name\":\"Excel Advisor\",\"description\":\"Ihr Leitfaden zur Datendominanz\",\"publisher\":{\"@id\":\"https:\/\/exceladvisor.org\/de\/#organization\"},\"potentialAction\":[{\"@type\":\"SearchAction\",\"target\":{\"@type\":\"EntryPoint\",\"urlTemplate\":\"https:\/\/exceladvisor.org\/de\/?s={search_term_string}\"},\"query-input\":{\"@type\":\"PropertyValueSpecification\",\"valueRequired\":true,\"valueName\":\"search_term_string\"}}],\"inLanguage\":\"de\"},{\"@type\":\"Organization\",\"@id\":\"https:\/\/exceladvisor.org\/de\/#organization\",\"name\":\"Excel Advisor\",\"url\":\"https:\/\/exceladvisor.org\/de\/\",\"logo\":{\"@type\":\"ImageObject\",\"inLanguage\":\"de\",\"@id\":\"https:\/\/exceladvisor.org\/de\/#\/schema\/logo\/image\/\",\"url\":\"https:\/\/exceladvisor.org\/de\/wp-content\/uploads\/2023\/11\/exceladvisor.org_.png\",\"contentUrl\":\"https:\/\/exceladvisor.org\/de\/wp-content\/uploads\/2023\/11\/exceladvisor.org_.png\",\"width\":105,\"height\":36,\"caption\":\"Excel Advisor\"},\"image\":{\"@id\":\"https:\/\/exceladvisor.org\/de\/#\/schema\/logo\/image\/\"}}]}<\/script>\n<!-- \/ Yoast SEO plugin. -->","yoast_head_json":{"title":"Markieren Sie die oberen und unteren N-Werte","description":"In diesem Artikel erfahren Sie, wie Sie in Excel obere und untere Werte hervorheben.","robots":{"index":"index","follow":"follow","max-snippet":"max-snippet:-1","max-image-preview":"max-image-preview:large","max-video-preview":"max-video-preview:-1"},"canonical":"https:\/\/exceladvisor.org\/de\/markieren-sie-die-oberen-und-unteren-werte\/","og_locale":"de_DE","og_type":"article","og_title":"Markieren Sie die oberen und unteren N-Werte","og_description":"In diesem Artikel erfahren Sie, wie Sie in Excel obere und untere Werte hervorheben.","og_url":"https:\/\/exceladvisor.org\/de\/markieren-sie-die-oberen-und-unteren-werte\/","og_site_name":"Excel Advisor","article_modified_time":"2023-12-03T13:05:47+00:00","og_image":[{"url":"https:\/\/exceladvisor.org\/wp-content\/uploads\/2023\/08\/comment-mettre-en-surbrillance-les-valeurs-n-superieures-inferieures-dans-le-tableau-de-donnees-Excel-1.png","type":"","width":"","height":""}],"twitter_card":"summary_large_image","twitter_misc":{"Gesch\u00e4tzte Lesezeit":"2\u00a0Minuten"},"schema":{"@context":"https:\/\/schema.org","@graph":[{"@type":"WebPage","@id":"https:\/\/exceladvisor.org\/de\/markieren-sie-die-oberen-und-unteren-werte\/","url":"https:\/\/exceladvisor.org\/de\/markieren-sie-die-oberen-und-unteren-werte\/","name":"Markieren Sie die oberen und unteren N-Werte","isPartOf":{"@id":"https:\/\/exceladvisor.org\/de\/#website"},"primaryImageOfPage":{"@id":"https:\/\/exceladvisor.org\/de\/markieren-sie-die-oberen-und-unteren-werte\/#primaryimage"},"image":{"@id":"https:\/\/exceladvisor.org\/de\/markieren-sie-die-oberen-und-unteren-werte\/#primaryimage"},"thumbnailUrl":"https:\/\/exceladvisor.org\/wp-content\/uploads\/2023\/08\/comment-mettre-en-surbrillance-les-valeurs-n-superieures-inferieures-dans-le-tableau-de-donnees-Excel-1.png","datePublished":"2023-10-28T01:26:59+00:00","dateModified":"2023-12-03T13:05:47+00:00","description":"In diesem Artikel erfahren Sie, wie Sie in Excel obere und untere Werte hervorheben.","breadcrumb":{"@id":"https:\/\/exceladvisor.org\/de\/markieren-sie-die-oberen-und-unteren-werte\/#breadcrumb"},"inLanguage":"de","potentialAction":[{"@type":"ReadAction","target":["https:\/\/exceladvisor.org\/de\/markieren-sie-die-oberen-und-unteren-werte\/"]}]},{"@type":"ImageObject","inLanguage":"de","@id":"https:\/\/exceladvisor.org\/de\/markieren-sie-die-oberen-und-unteren-werte\/#primaryimage","url":"https:\/\/exceladvisor.org\/wp-content\/uploads\/2023\/08\/comment-mettre-en-surbrillance-les-valeurs-n-superieures-inferieures-dans-le-tableau-de-donnees-Excel-1.png","contentUrl":"https:\/\/exceladvisor.org\/wp-content\/uploads\/2023\/08\/comment-mettre-en-surbrillance-les-valeurs-n-superieures-inferieures-dans-le-tableau-de-donnees-Excel-1.png"},{"@type":"BreadcrumbList","@id":"https:\/\/exceladvisor.org\/de\/markieren-sie-die-oberen-und-unteren-werte\/#breadcrumb","itemListElement":[{"@type":"ListItem","position":1,"name":"Accueil","item":"https:\/\/exceladvisor.org\/de\/"},{"@type":"ListItem","position":2,"name":"Wie werden obere und untere n-werte hervorgehoben?"}]},{"@type":"WebSite","@id":"https:\/\/exceladvisor.org\/de\/#website","url":"https:\/\/exceladvisor.org\/de\/","name":"Excel Advisor","description":"Ihr Leitfaden zur Datendominanz","publisher":{"@id":"https:\/\/exceladvisor.org\/de\/#organization"},"potentialAction":[{"@type":"SearchAction","target":{"@type":"EntryPoint","urlTemplate":"https:\/\/exceladvisor.org\/de\/?s={search_term_string}"},"query-input":{"@type":"PropertyValueSpecification","valueRequired":true,"valueName":"search_term_string"}}],"inLanguage":"de"},{"@type":"Organization","@id":"https:\/\/exceladvisor.org\/de\/#organization","name":"Excel Advisor","url":"https:\/\/exceladvisor.org\/de\/","logo":{"@type":"ImageObject","inLanguage":"de","@id":"https:\/\/exceladvisor.org\/de\/#\/schema\/logo\/image\/","url":"https:\/\/exceladvisor.org\/de\/wp-content\/uploads\/2023\/11\/exceladvisor.org_.png","contentUrl":"https:\/\/exceladvisor.org\/de\/wp-content\/uploads\/2023\/11\/exceladvisor.org_.png","width":105,"height":36,"caption":"Excel Advisor"},"image":{"@id":"https:\/\/exceladvisor.org\/de\/#\/schema\/logo\/image\/"}}]}},"yoast_meta":{"yoast_wpseo_title":"","yoast_wpseo_metadesc":"","yoast_wpseo_canonical":""},"_links":{"self":[{"href":"https:\/\/exceladvisor.org\/de\/wp-json\/wp\/v2\/pages\/3414","targetHints":{"allow":["GET"]}}],"collection":[{"href":"https:\/\/exceladvisor.org\/de\/wp-json\/wp\/v2\/pages"}],"about":[{"href":"https:\/\/exceladvisor.org\/de\/wp-json\/wp\/v2\/types\/page"}],"author":[{"embeddable":true,"href":"https:\/\/exceladvisor.org\/de\/wp-json\/wp\/v2\/users\/1"}],"replies":[{"embeddable":true,"href":"https:\/\/exceladvisor.org\/de\/wp-json\/wp\/v2\/comments?post=3414"}],"version-history":[{"count":1,"href":"https:\/\/exceladvisor.org\/de\/wp-json\/wp\/v2\/pages\/3414\/revisions"}],"predecessor-version":[{"id":4415,"href":"https:\/\/exceladvisor.org\/de\/wp-json\/wp\/v2\/pages\/3414\/revisions\/4415"}],"wp:attachment":[{"href":"https:\/\/exceladvisor.org\/de\/wp-json\/wp\/v2\/media?parent=3414"}],"curies":[{"name":"wp","href":"https:\/\/api.w.org\/{rel}","templated":true}]}}