{"id":3415,"date":"2023-10-28T00:51:49","date_gmt":"2023-10-28T00:51:49","guid":{"rendered":"https:\/\/exceladvisor.org\/de\/personalisierte-listen\/"},"modified":"2023-12-03T11:19:38","modified_gmt":"2023-12-03T11:19:38","slug":"personalisierte-listen","status":"publish","type":"page","link":"https:\/\/exceladvisor.org\/de\/personalisierte-listen\/","title":{"rendered":"Wie erstelle ich eine benutzerdefinierte liste in excel?"},"content":{"rendered":"<div class=\"excel-vor-dem-inhalt\" id=\"excel-3593039152\"><script type=\"text\/javascript\">\r\n\tatOptions = {\r\n\t\t'key' : 'c1158f160081d6540a8409e6925dab94',\r\n\t\t'format' : 'iframe',\r\n\t\t'height' : 250,\r\n\t\t'width' : 300,\r\n\t\t'params' : {}\r\n\t};\r\n<\/script>\r\n<script type=\"text\/javascript\" src=\"\/\/www.highperformanceformat.com\/c1158f160081d6540a8409e6925dab94\/invoke.js\"><\/script><\/div> <p>Benutzerdefinierte Listen in Excel sind Listen, die Benutzer nach Bedarf erstellen und verwenden k\u00f6nnen, um Zellbereiche automatisch zu f\u00fcllen und Daten basierend auf diesen Listen zu sortieren. Die benutzerdefinierte Listenfunktion ist sehr n\u00fctzlich f\u00fcr Benutzer, die haupts\u00e4chlich mit \u00e4hnlichen Datens\u00e4tzen arbeiten.<\/p><p> Benutzer k\u00f6nnen ihre benutzerdefinierten Listen wie Mitarbeiternamen, Studentennamen, Kundennamen, Abteilungsnamen, Priorit\u00e4ten usw. erstellen, und Sie verwenden diese Listen, um den Datenbereich mithilfe von automatisch zu f\u00fcllen <strong>.<\/strong> <\/p><div class=\"wp-block-image\"><figure class=\"aligncenter size-full is-resized\"><img loading=\"lazy\" decoding=\"async\" class=\"wp-image-80406\" src=\"https:\/\/exceladvisor.org\/wp-content\/uploads\/2023\/08\/1-remplissage-automatique-a-laide-de-la-poignee-de-remplissage-min.gif\" sizes=\"auto, \" srcset=\"\" alt=\"automatisches Bef\u00fcllen \u00fcber den F\u00fcllgriff\" width=\"224\" height=\"353\"><\/figure><\/div><p> Excel verf\u00fcgt standardm\u00e4\u00dfig \u00fcber zwei integrierte vordefinierte benutzerdefinierte Listen mit Wochennamen und Monatsnamen.<\/p><p> Wenn Sie die Wochen- oder Monatsnamen in die Zellen eingeben m\u00f6chten, geben Sie einfach den Vornamen in die Zelle ein, z. B. \u201eSonntag\u201c oder \u201eSonntag\u201c f\u00fcr Wochennamen und \u201eJanuar\u201c oder \u201eJanuar\u201c f\u00fcr Monatsnamen.<\/p><p> Mithilfe des Ausf\u00fcllk\u00e4stchens k\u00f6nnen Sie Ruhetage oder Monatsnamen automatisch ausf\u00fcllen. <\/p><div class=\"wp-block-image\"><figure class=\"aligncenter size-full is-resized\"><img loading=\"lazy\" decoding=\"async\" class=\"wp-image-80407\" src=\"https:\/\/exceladvisor.org\/wp-content\/uploads\/2023\/08\/2-boite-de-dialogue-de-liste-personnalisee.png\" sizes=\"auto, \" srcset=\"\" alt=\"Benutzerdefinierter Listendialog\" width=\"540\" height=\"421\"><\/figure><\/div><h2 class=\"wp-block-heading\"> Schritte zum Erstellen benutzerdefinierter Listen in Excel<\/h2><p> Sie k\u00f6nnen Ihre eigenen benutzerdefinierten Listen erstellen, indem Sie die folgenden Schritte ausf\u00fchren:<\/p><ol><li> Gehen Sie zun\u00e4chst auf die Registerkarte \u201eDatei\u201c. <br><img loading=\"lazy\" decoding=\"async\" title=\"3-Datei-Men\u00fc\" src=\"https:\/\/exceladvisor.org\/wp-content\/uploads\/2023\/08\/Menu-3-fichiers.png\" sizes=\"auto, \" srcset=\"\" alt=\"file-menu\" width=\"437\" height=\"160\"><\/li><li> Klicken Sie dann auf \u201eOptionen\u201c, um das Dialogfeld \u201eExcel-Optionen\u201c zu \u00f6ffnen. <br><img loading=\"lazy\" decoding=\"async\" title=\"4 Excel-Optionen\" src=\"https:\/\/exceladvisor.org\/wp-content\/uploads\/2023\/08\/4-options-Excel.png\" sizes=\"auto, \" srcset=\"\" alt=\"excel-options\" width=\"132\" height=\"392\"><\/li><li> Klicken Sie anschlie\u00dfend auf \u201eErweitert\u201c, scrollen Sie dann in der rechten Bildlaufleiste nach unten zu \u201eAllgemein\u201c und klicken Sie dann auf die Option \u201eBenutzerdefinierte Listen bearbeiten\u201c. <br><img loading=\"lazy\" decoding=\"async\" title=\"Benutzerdefinierte Listen mit 5 Klicks bearbeiten\" src=\"https:\/\/exceladvisor.org\/wp-content\/uploads\/2023\/08\/5-clics-pour-modifier-les-listes-personnalisees.png\" sizes=\"auto, \" srcset=\"\" alt=\"click-edit-custom-lists\" width=\"562\" height=\"565\"><\/li><li> Sobald Sie auf \u201eBenutzerdefinierte Listen bearbeiten\u201c klicken, wird das Dialogfeld \u201eBenutzerdefinierte Listen\u201c ge\u00f6ffnet, in dem Sie die benutzerdefinierten Listen erstellen k\u00f6nnen.<\/li><li> Klicken Sie hier in das Feld \u201eZellenliste importieren\u201c und w\u00e4hlen Sie den aufgelisteten Bereich aus, wenn Sie bereits einen erstellt haben, oder geben Sie den Namen des \u201eNamensbereichs\u201c ein, falls dieser erstellt wurde, und klicken Sie dann auf die Schaltfl\u00e4che \u201eImportieren\u201c, um die Liste zu importieren.<\/li><li> Oder Sie k\u00f6nnen die Liste manuell im Feld \u201eListeneintrag\u201c eingeben.<\/li><li> Wenn Sie mit der Importliste oder manuellen Liste fertig sind, klicken Sie auf die Schaltfl\u00e4che \u201eHinzuf\u00fcgen\u201c und dann auf \u201eOK\u201c.<\/li><li> Jetzt haben Sie Ihre benutzerdefinierte Liste erstellt und sie wird nun in den integrierten benutzerdefinierten Listen angezeigt. <br><img loading=\"lazy\" decoding=\"async\" title=\"6-import-benutzerdefinierte-liste\" src=\"https:\/\/exceladvisor.org\/wp-content\/uploads\/2023\/08\/6-importer-une-liste-personnalisee.png\" sizes=\"auto, \" srcset=\"\" alt=\"import-custom-list\" width=\"520\" height=\"408\"><\/li><li> An diesem Punkt kann Ihre benutzerdefinierte Liste nun mit dem <a href=\"https:\/\/exceladvisor.org\/de\/fullgriff\/\">\u201eFill Handle\u201c<\/a> f\u00fcr die automatische Ausf\u00fcllung verwendet werden. <br><img loading=\"lazy\" decoding=\"async\" title=\"7-ready-custom-list-min.gif\" src=\"https:\/\/exceladvisor.org\/wp-content\/uploads\/2023\/08\/7-liste-personnalisee-prete-min.gif\" sizes=\"auto, \" srcset=\"\" alt=\"ready-custom-list\" width=\"206\" height=\"265\"><\/li><\/ol><h2 class=\"wp-block-heading\"> Sortieren Sie Daten mithilfe benutzerdefinierter Listen<\/h2><p> Normalerweise k\u00f6nnen Sie Daten alphabetisch von A bis Z oder Z bis A und numerisch in aufsteigender oder absteigender Reihenfolge sortieren.<\/p><p> Viele von uns wissen jedoch nicht, dass Sie Daten auch basierend auf Ihrer benutzerdefinierten Listenreihenfolge sortieren k\u00f6nnen.<\/p><p> Machen Sie sich mit der Funktion \u201eDaten mithilfe benutzerdefinierter Listen sortieren\u201c anhand der benutzerdefinierten Liste vertraut, die wir in den obigen Schritten erstellt haben.<\/p><ol><li> Navigieren Sie zun\u00e4chst zu einer beliebigen Zelle im Datensatz und klicken Sie auf die Registerkarte \u201eDaten\u201c. Klicken Sie dann im Men\u00fcband unter der Gruppe \u201eSortieren und Filtern\u201c auf das Symbol \u201eSortieren\u201c. <br><img loading=\"lazy\" decoding=\"async\" title=\"Sortiersymbol mit 8 Datenregisterkarten\" src=\"https:\/\/exceladvisor.org\/wp-content\/uploads\/2023\/08\/8-icone-de-tri-des-onglets-de-donnees.png\" sizes=\"auto, \" srcset=\"\" alt=\"data-tab-sort-icon\" width=\"655\" height=\"405\"><\/li><li> W\u00e4hlen Sie anschlie\u00dfend die Spalten\u00fcberschrift aus und w\u00e4hlen Sie sie im Feld \u201eSortieren nach\u201c aus.<\/li><li> Klicken Sie nun auf den Dropdown-Pfeil des Felds \u201eReihenfolge\u201c und dann auf \u201eBenutzerdefinierte Liste\u201c. W\u00e4hlen Sie dann die Liste aus, die Sie zum Sortieren der Daten verwenden m\u00f6chten, und klicken Sie auf \u201eOK\u201c. <br><img loading=\"lazy\" decoding=\"async\" title=\"9-Sortierungsdialog\" src=\"https:\/\/exceladvisor.org\/wp-content\/uploads\/2023\/08\/9-boite-de-dialogue-de-tri.png\" sizes=\"auto, \" srcset=\"\" alt=\"sort-dialog-box\" width=\"551\" height=\"259\"><\/li><li> Zu diesem Zeitpunkt werden Ihre Daten entsprechend der benutzerdefinierten Listenreihenfolge sortiert. <br><img loading=\"lazy\" decoding=\"async\" title=\"10 Daten, sortiert nach benutzerdefinierter Liste\" src=\"https:\/\/exceladvisor.org\/wp-content\/uploads\/2023\/08\/10-donnees-triees-par-liste-personnalisee.png\" sizes=\"auto, \" srcset=\"\" alt=\"sorted-data-per-custom-list\" width=\"421\" height=\"255\"><\/li><\/ol><p> Im Bild oben sehen Sie, dass die Daten nach der benutzerdefinierten Listenreihenfolge sortiert wurden, nicht alphabetisch von A bis Z oder Z bis A.<\/p><h2 class=\"wp-block-heading\"> L\u00f6schen oder l\u00f6schen Sie eine beliebige benutzerdefinierte Liste<\/h2><ol><li> Um die benutzerdefinierte Liste zu l\u00f6schen, \u00f6ffnen Sie das Dialogfeld \u201eBenutzerdefinierte Listen\u201c.<\/li><li> Klicken Sie anschlie\u00dfend auf die Liste, die Sie l\u00f6schen m\u00f6chten, dann auf die Schaltfl\u00e4che \u201eL\u00f6schen\u201c und am Ende auf OK. <\/li><\/ol><div class=\"wp-block-image\"><figure class=\"aligncenter size-full is-resized\"><img loading=\"lazy\" decoding=\"async\" class=\"wp-image-80416\" src=\"https:\/\/exceladvisor.org\/wp-content\/uploads\/2023\/08\/11-supprimer-la-liste-personnalisee.png\" sizes=\"auto, \" srcset=\"\" alt=\"Benutzerdefinierte Liste l\u00f6schen\" width=\"539\" height=\"404\"><\/figure><\/div><p class=\"grey-note\"> Sie k\u00f6nnen vordefinierte integrierte benutzerdefinierte Listen (Wochen- und Monatsnamen) in Excel nicht l\u00f6schen.<\/p><div class=\"gb-container gb-container-4db6181c gb-container-mt\"> <a class=\"gb-button gb-button-c5897111 gb-button-text gb-button-mt-button\" href=\"https:\/\/exceladvisor.org\/de\/excel-fortschritt\/\">Erweiterte Excel-Tutorials<\/a><h2 class=\"gb-headline gb-headline-665e5f6b gb-headline-text gb-headline-mt-heading\"> Verwandte Tutorials <\/h2><div class=\"gb-grid-wrapper gb-grid-wrapper-a20baf7c gb-grid-wrapper-mt-grid\"><div class=\"gb-grid-column gb-grid-column-65ddf67e\"><div class=\"gb-container gb-container-65ddf67e\"><ul><li> <a href=\"https:\/\/exceladvisor.org\/de\/kamera-tool\/\">Excel-Kamera-Tool<\/a><\/li><li> <a href=\"https:\/\/exceladvisor.org\/de\/ziel-suchen\/\">Zielfinder in Excel<\/a><\/li><li> <a href=\"https:\/\/exceladvisor.org\/de\/uhrfenster\/\">Beobachtungsfenster in Excel<\/a><\/li><li> <a href=\"https:\/\/exceladvisor.org\/de\/excel-slicer\/\">Excel Slicer (vollst\u00e4ndige Anleitung)<\/a><\/li><li> <a href=\"https:\/\/exceladvisor.org\/de\/excel-standardmassig-auf-dem-mac\/\">Machen Sie Excel auf dem Mac zum Standard<\/a><\/li><\/ul><\/div><\/div><\/div><\/div>","protected":false},"excerpt":{"rendered":"","protected":false},"author":1,"featured_media":0,"parent":0,"menu_order":0,"comment_status":"open","ping_status":"closed","template":"","meta":{"ub_ctt_via":"","footnotes":""},"class_list":["post-3415","page","type-page","status-publish","hentry"],"featured_image_src":null,"yoast_head":"<!-- This site is optimized with the Yoast SEO plugin v25.4 - https:\/\/yoast.com\/wordpress\/plugins\/seo\/ -->\n<title>Wie erstelle ich eine benutzerdefinierte Liste in Excel? (Leitfaden 2023)<\/title>\n<meta name=\"description\" content=\"Dieses Tutorial konzentriert sich auf die Erstellung einer benutzerdefinierten Liste in Excel, um die Dateneingabe zu beschleunigen.\" \/>\n<meta name=\"robots\" content=\"index, follow, max-snippet:-1, max-image-preview:large, max-video-preview:-1\" \/>\n<link rel=\"canonical\" href=\"https:\/\/exceladvisor.org\/de\/personalisierte-listen\/\" \/>\n<meta property=\"og:locale\" content=\"de_DE\" \/>\n<meta property=\"og:type\" content=\"article\" \/>\n<meta property=\"og:title\" content=\"Wie erstelle ich eine benutzerdefinierte Liste in Excel? (Leitfaden 2023)\" \/>\n<meta property=\"og:description\" content=\"Dieses Tutorial konzentriert sich auf die Erstellung einer benutzerdefinierten Liste in Excel, um die Dateneingabe zu beschleunigen.\" \/>\n<meta property=\"og:url\" content=\"https:\/\/exceladvisor.org\/de\/personalisierte-listen\/\" \/>\n<meta property=\"og:site_name\" content=\"Excel Advisor\" \/>\n<meta property=\"article:modified_time\" content=\"2023-12-03T11:19:38+00:00\" \/>\n<meta property=\"og:image\" content=\"https:\/\/exceladvisor.org\/wp-content\/uploads\/2023\/08\/1-remplissage-automatique-a-laide-de-la-poignee-de-remplissage-min.gif\" \/>\n<meta name=\"twitter:card\" content=\"summary_large_image\" \/>\n<meta name=\"twitter:label1\" content=\"Gesch\u00e4tzte Lesezeit\" \/>\n\t<meta name=\"twitter:data1\" content=\"3\u00a0Minuten\" \/>\n<script type=\"application\/ld+json\" class=\"yoast-schema-graph\">{\"@context\":\"https:\/\/schema.org\",\"@graph\":[{\"@type\":\"WebPage\",\"@id\":\"https:\/\/exceladvisor.org\/de\/personalisierte-listen\/\",\"url\":\"https:\/\/exceladvisor.org\/de\/personalisierte-listen\/\",\"name\":\"Wie erstelle ich eine benutzerdefinierte Liste in Excel? (Leitfaden 2023)\",\"isPartOf\":{\"@id\":\"https:\/\/exceladvisor.org\/de\/#website\"},\"primaryImageOfPage\":{\"@id\":\"https:\/\/exceladvisor.org\/de\/personalisierte-listen\/#primaryimage\"},\"image\":{\"@id\":\"https:\/\/exceladvisor.org\/de\/personalisierte-listen\/#primaryimage\"},\"thumbnailUrl\":\"https:\/\/exceladvisor.org\/wp-content\/uploads\/2023\/08\/1-remplissage-automatique-a-laide-de-la-poignee-de-remplissage-min.gif\",\"datePublished\":\"2023-10-28T00:51:49+00:00\",\"dateModified\":\"2023-12-03T11:19:38+00:00\",\"description\":\"Dieses Tutorial konzentriert sich auf die Erstellung einer benutzerdefinierten Liste in Excel, um die Dateneingabe zu beschleunigen.\",\"breadcrumb\":{\"@id\":\"https:\/\/exceladvisor.org\/de\/personalisierte-listen\/#breadcrumb\"},\"inLanguage\":\"de\",\"potentialAction\":[{\"@type\":\"ReadAction\",\"target\":[\"https:\/\/exceladvisor.org\/de\/personalisierte-listen\/\"]}]},{\"@type\":\"ImageObject\",\"inLanguage\":\"de\",\"@id\":\"https:\/\/exceladvisor.org\/de\/personalisierte-listen\/#primaryimage\",\"url\":\"https:\/\/exceladvisor.org\/wp-content\/uploads\/2023\/08\/1-remplissage-automatique-a-laide-de-la-poignee-de-remplissage-min.gif\",\"contentUrl\":\"https:\/\/exceladvisor.org\/wp-content\/uploads\/2023\/08\/1-remplissage-automatique-a-laide-de-la-poignee-de-remplissage-min.gif\"},{\"@type\":\"BreadcrumbList\",\"@id\":\"https:\/\/exceladvisor.org\/de\/personalisierte-listen\/#breadcrumb\",\"itemListElement\":[{\"@type\":\"ListItem\",\"position\":1,\"name\":\"Accueil\",\"item\":\"https:\/\/exceladvisor.org\/de\/\"},{\"@type\":\"ListItem\",\"position\":2,\"name\":\"Wie erstelle ich eine benutzerdefinierte liste in excel?\"}]},{\"@type\":\"WebSite\",\"@id\":\"https:\/\/exceladvisor.org\/de\/#website\",\"url\":\"https:\/\/exceladvisor.org\/de\/\",\"name\":\"Excel Advisor\",\"description\":\"Ihr Leitfaden zur Datendominanz\",\"publisher\":{\"@id\":\"https:\/\/exceladvisor.org\/de\/#organization\"},\"potentialAction\":[{\"@type\":\"SearchAction\",\"target\":{\"@type\":\"EntryPoint\",\"urlTemplate\":\"https:\/\/exceladvisor.org\/de\/?s={search_term_string}\"},\"query-input\":{\"@type\":\"PropertyValueSpecification\",\"valueRequired\":true,\"valueName\":\"search_term_string\"}}],\"inLanguage\":\"de\"},{\"@type\":\"Organization\",\"@id\":\"https:\/\/exceladvisor.org\/de\/#organization\",\"name\":\"Excel Advisor\",\"url\":\"https:\/\/exceladvisor.org\/de\/\",\"logo\":{\"@type\":\"ImageObject\",\"inLanguage\":\"de\",\"@id\":\"https:\/\/exceladvisor.org\/de\/#\/schema\/logo\/image\/\",\"url\":\"https:\/\/exceladvisor.org\/de\/wp-content\/uploads\/2023\/11\/exceladvisor.org_.png\",\"contentUrl\":\"https:\/\/exceladvisor.org\/de\/wp-content\/uploads\/2023\/11\/exceladvisor.org_.png\",\"width\":105,\"height\":36,\"caption\":\"Excel Advisor\"},\"image\":{\"@id\":\"https:\/\/exceladvisor.org\/de\/#\/schema\/logo\/image\/\"}}]}<\/script>\n<!-- \/ Yoast SEO plugin. -->","yoast_head_json":{"title":"Wie erstelle ich eine benutzerdefinierte Liste in Excel? (Leitfaden 2023)","description":"Dieses Tutorial konzentriert sich auf die Erstellung einer benutzerdefinierten Liste in Excel, um die Dateneingabe zu beschleunigen.","robots":{"index":"index","follow":"follow","max-snippet":"max-snippet:-1","max-image-preview":"max-image-preview:large","max-video-preview":"max-video-preview:-1"},"canonical":"https:\/\/exceladvisor.org\/de\/personalisierte-listen\/","og_locale":"de_DE","og_type":"article","og_title":"Wie erstelle ich eine benutzerdefinierte Liste in Excel? (Leitfaden 2023)","og_description":"Dieses Tutorial konzentriert sich auf die Erstellung einer benutzerdefinierten Liste in Excel, um die Dateneingabe zu beschleunigen.","og_url":"https:\/\/exceladvisor.org\/de\/personalisierte-listen\/","og_site_name":"Excel Advisor","article_modified_time":"2023-12-03T11:19:38+00:00","og_image":[{"url":"https:\/\/exceladvisor.org\/wp-content\/uploads\/2023\/08\/1-remplissage-automatique-a-laide-de-la-poignee-de-remplissage-min.gif","type":"","width":"","height":""}],"twitter_card":"summary_large_image","twitter_misc":{"Gesch\u00e4tzte Lesezeit":"3\u00a0Minuten"},"schema":{"@context":"https:\/\/schema.org","@graph":[{"@type":"WebPage","@id":"https:\/\/exceladvisor.org\/de\/personalisierte-listen\/","url":"https:\/\/exceladvisor.org\/de\/personalisierte-listen\/","name":"Wie erstelle ich eine benutzerdefinierte Liste in Excel? (Leitfaden 2023)","isPartOf":{"@id":"https:\/\/exceladvisor.org\/de\/#website"},"primaryImageOfPage":{"@id":"https:\/\/exceladvisor.org\/de\/personalisierte-listen\/#primaryimage"},"image":{"@id":"https:\/\/exceladvisor.org\/de\/personalisierte-listen\/#primaryimage"},"thumbnailUrl":"https:\/\/exceladvisor.org\/wp-content\/uploads\/2023\/08\/1-remplissage-automatique-a-laide-de-la-poignee-de-remplissage-min.gif","datePublished":"2023-10-28T00:51:49+00:00","dateModified":"2023-12-03T11:19:38+00:00","description":"Dieses Tutorial konzentriert sich auf die Erstellung einer benutzerdefinierten Liste in Excel, um die Dateneingabe zu beschleunigen.","breadcrumb":{"@id":"https:\/\/exceladvisor.org\/de\/personalisierte-listen\/#breadcrumb"},"inLanguage":"de","potentialAction":[{"@type":"ReadAction","target":["https:\/\/exceladvisor.org\/de\/personalisierte-listen\/"]}]},{"@type":"ImageObject","inLanguage":"de","@id":"https:\/\/exceladvisor.org\/de\/personalisierte-listen\/#primaryimage","url":"https:\/\/exceladvisor.org\/wp-content\/uploads\/2023\/08\/1-remplissage-automatique-a-laide-de-la-poignee-de-remplissage-min.gif","contentUrl":"https:\/\/exceladvisor.org\/wp-content\/uploads\/2023\/08\/1-remplissage-automatique-a-laide-de-la-poignee-de-remplissage-min.gif"},{"@type":"BreadcrumbList","@id":"https:\/\/exceladvisor.org\/de\/personalisierte-listen\/#breadcrumb","itemListElement":[{"@type":"ListItem","position":1,"name":"Accueil","item":"https:\/\/exceladvisor.org\/de\/"},{"@type":"ListItem","position":2,"name":"Wie erstelle ich eine benutzerdefinierte liste in excel?"}]},{"@type":"WebSite","@id":"https:\/\/exceladvisor.org\/de\/#website","url":"https:\/\/exceladvisor.org\/de\/","name":"Excel Advisor","description":"Ihr Leitfaden zur Datendominanz","publisher":{"@id":"https:\/\/exceladvisor.org\/de\/#organization"},"potentialAction":[{"@type":"SearchAction","target":{"@type":"EntryPoint","urlTemplate":"https:\/\/exceladvisor.org\/de\/?s={search_term_string}"},"query-input":{"@type":"PropertyValueSpecification","valueRequired":true,"valueName":"search_term_string"}}],"inLanguage":"de"},{"@type":"Organization","@id":"https:\/\/exceladvisor.org\/de\/#organization","name":"Excel Advisor","url":"https:\/\/exceladvisor.org\/de\/","logo":{"@type":"ImageObject","inLanguage":"de","@id":"https:\/\/exceladvisor.org\/de\/#\/schema\/logo\/image\/","url":"https:\/\/exceladvisor.org\/de\/wp-content\/uploads\/2023\/11\/exceladvisor.org_.png","contentUrl":"https:\/\/exceladvisor.org\/de\/wp-content\/uploads\/2023\/11\/exceladvisor.org_.png","width":105,"height":36,"caption":"Excel Advisor"},"image":{"@id":"https:\/\/exceladvisor.org\/de\/#\/schema\/logo\/image\/"}}]}},"yoast_meta":{"yoast_wpseo_title":"","yoast_wpseo_metadesc":"","yoast_wpseo_canonical":""},"_links":{"self":[{"href":"https:\/\/exceladvisor.org\/de\/wp-json\/wp\/v2\/pages\/3415","targetHints":{"allow":["GET"]}}],"collection":[{"href":"https:\/\/exceladvisor.org\/de\/wp-json\/wp\/v2\/pages"}],"about":[{"href":"https:\/\/exceladvisor.org\/de\/wp-json\/wp\/v2\/types\/page"}],"author":[{"embeddable":true,"href":"https:\/\/exceladvisor.org\/de\/wp-json\/wp\/v2\/users\/1"}],"replies":[{"embeddable":true,"href":"https:\/\/exceladvisor.org\/de\/wp-json\/wp\/v2\/comments?post=3415"}],"version-history":[{"count":1,"href":"https:\/\/exceladvisor.org\/de\/wp-json\/wp\/v2\/pages\/3415\/revisions"}],"predecessor-version":[{"id":3952,"href":"https:\/\/exceladvisor.org\/de\/wp-json\/wp\/v2\/pages\/3415\/revisions\/3952"}],"wp:attachment":[{"href":"https:\/\/exceladvisor.org\/de\/wp-json\/wp\/v2\/media?parent=3415"}],"curies":[{"name":"wp","href":"https:\/\/api.w.org\/{rel}","templated":true}]}}