{"id":3416,"date":"2023-10-27T23:50:11","date_gmt":"2023-10-27T23:50:11","guid":{"rendered":"https:\/\/exceladvisor.org\/de\/ein-bild-einfugen\/"},"modified":"2023-12-03T11:12:34","modified_gmt":"2023-12-03T11:12:34","slug":"ein-bild-einfugen","status":"publish","type":"page","link":"https:\/\/exceladvisor.org\/de\/ein-bild-einfugen\/","title":{"rendered":"F\u00fcgen sie ein bild in eine zelle in excel ein"},"content":{"rendered":"<div class=\"excel-vor-dem-inhalt\" id=\"excel-3490890633\"><script type=\"text\/javascript\">\r\n\tatOptions = {\r\n\t\t'key' : 'c1158f160081d6540a8409e6925dab94',\r\n\t\t'format' : 'iframe',\r\n\t\t'height' : 250,\r\n\t\t'width' : 300,\r\n\t\t'params' : {}\r\n\t};\r\n<\/script>\r\n<script type=\"text\/javascript\" src=\"\/\/www.highperformanceformat.com\/c1158f160081d6540a8409e6925dab94\/invoke.js\"><\/script><\/div> <p>Wie jeder wei\u00df, wird Excel haupts\u00e4chlich zum Arbeiten mit Zahlen und Textdaten verwendet, Excel verf\u00fcgt jedoch auch \u00fcber die M\u00f6glichkeit, Bilder in Zellen einzuf\u00fcgen. Das Einf\u00fcgen des Bildes in eine Zelle ist eine sehr einfache Aufgabe und Sie k\u00f6nnen das Bild von Ihrem lokalen System oder online einf\u00fcgen.<\/p><p> Manchmal befinden Sie sich in einer Situation, in der Sie in einer Organisation arbeiten und Bilder und Daten einbinden m\u00f6chten, um den referenzierten Daten visuelle Elemente bereitzustellen.<\/p><p> Angenommen, Sie arbeiten in einem Produktherstellungsunternehmen, wo Sie Ihre Produktdetails in Excel pflegen m\u00fcssen und auch die Referenzbilder dieser Produkte hinzuf\u00fcgen m\u00f6chten; Dort k\u00f6nnen Sie die Excel-Funktion zum Einf\u00fcgen von Bildern nutzen.<\/p><p> Es gibt viele Arten von Organisationen, bei denen Sie diese Funktion immer ben\u00f6tigen, z. B. f\u00fcr Immobilien, Logos oder Geb\u00e4udedesigns und vieles mehr, um die Referenzbilder mit den Daten anzuzeigen.<\/p><h2 class=\"wp-block-heading\"> Schritte zum Einf\u00fcgen eines Bildes in eine Zelle<\/h2><ol><li> Gehen Sie zun\u00e4chst zur Registerkarte \u201eEinf\u00fcgen\u201c im Men\u00fcband und klicken Sie dann auf das Symbol \u201eBilder\u201c unter der Gruppe \u201eIllustrationen\u201c.<\/li><li> Sobald Sie auf \u201eBilder\u201c klicken, \u00f6ffnet sich das Dropdown-Feld, in dem Sie ausw\u00e4hlen k\u00f6nnen, wo Sie ein Bild von Ihrem lokalen System oder online einf\u00fcgen m\u00f6chten.<\/li><li> Klicken Sie anschlie\u00dfend auf \u201eDieses Ger\u00e4t\u201c, um das Bild Ihres lokalen oder verbundenen Systems einzuf\u00fcgen, oder klicken Sie auf \u201eOnline-Bilder\u201c, wenn Sie das Bild online einf\u00fcgen m\u00f6chten. <br><img loading=\"lazy\" decoding=\"async\" title=\"1-Bild-in-Excel einf\u00fcgen\" src=\"https:\/\/exceladvisor.org\/wp-content\/uploads\/2023\/08\/1-insertion-dimage-dans-excel.png\" sizes=\"auto, \" srcset=\"\" alt=\"insert-picture-in-excel\" width=\"414\" height=\"207\"><\/li><li> Suchen Sie hier das Bild, das Sie einf\u00fcgen m\u00f6chten, w\u00e4hlen Sie es aus und klicken Sie auf die Schaltfl\u00e4che \u201eEinf\u00fcgen\u201c. <br><img loading=\"lazy\" decoding=\"async\" title=\"2-w\u00e4hle-das-Foto\" src=\"https:\/\/exceladvisor.org\/wp-content\/uploads\/2023\/08\/2-choisir-limage.png\" sizes=\"auto, \" srcset=\"\" alt=\"choose-the-picture\" width=\"648\" height=\"407\"><\/li><li> Sobald Sie auf \u201eEinf\u00fcgen\u201c klicken, wird das Bild in die Tabelle eingef\u00fcgt.<\/li><li> Platzieren Sie nun Ihren Mauszeiger \u00fcber einem beliebigen runden Rand und ziehen Sie dann das Bild und verkleinern Sie es, um die Gr\u00f6\u00dfe so zu \u00e4ndern, dass es in eine Zelle passt. <br><img loading=\"lazy\" decoding=\"async\" title=\"3-Bildgr\u00f6\u00dfe \u00e4ndern\" src=\"https:\/\/exceladvisor.org\/wp-content\/uploads\/2023\/08\/3-redimensionner-limage.png\" sizes=\"auto, \" srcset=\"\" alt=\"resize-the-image\" width=\"582\" height=\"157\"><\/li><li> Halten Sie nach der Gr\u00f6\u00dfen\u00e4nderung mit der Maus einen der R\u00e4nder gedr\u00fcckt und ziehen Sie das Bild in die Zelle, in der Sie es platzieren m\u00f6chten. <br><img loading=\"lazy\" decoding=\"async\" title=\"4. Ziehen Sie das Bild\" src=\"https:\/\/exceladvisor.org\/wp-content\/uploads\/2023\/08\/4-faites-glisser-limage.png\" sizes=\"auto, \" srcset=\"\" alt=\"drag-the-image\" width=\"491\" height=\"173\"><\/li><\/ol><h2 class=\"wp-block-heading\"> Bild in Zelle sperren<\/h2><p> Das Bild wird standardm\u00e4\u00dfig nicht fixiert oder bleibt an seinem Platz, nachdem wir es den jeweiligen Zellen zugewiesen haben. Das bedeutet, dass das Bild bei der Gr\u00f6\u00dfen\u00e4nderung der Zelle frei an einen anderen Ort verschoben werden kann.<\/p><p> Nachdem wir das Bild platziert haben, m\u00fcssen wir es also sperren, damit das Bild in der Zelle eingebettet ist und nicht von seinem Platz verschoben wird. F\u00fchren Sie dazu nach dem Einf\u00fcgen des Bildes die folgenden Schritte aus.<\/p><ol><li> Klicken Sie zun\u00e4chst mit der rechten Maustaste auf das Bild\/Bild und Sie \u00f6ffnen die Dropdown-Liste.<\/li><li> W\u00e4hlen Sie anschlie\u00dfend die Option \u201eGr\u00f6\u00dfe und Eigenschaften\u201c. <br><img loading=\"lazy\" decoding=\"async\" title=\"5-Gr\u00f6\u00dfen-und-Eigenschaften-Option\" src=\"https:\/\/exceladvisor.org\/wp-content\/uploads\/2023\/08\/5-options-de-taille-et-de-proprietes.png\" sizes=\"auto, \" srcset=\"\" alt=\"size-and-properties-option\" width=\"651\" height=\"374\"><\/li><li> W\u00e4hlen Sie nun die Option \u201eVerschieben und Gr\u00f6\u00dfe mit Zellen\u201c, damit es an diese Zelle gebunden und nur innerhalb der Zelle verschoben werden kann. <br><img loading=\"lazy\" decoding=\"async\" title=\"6-Bewegung-und-Gr\u00f6\u00dfe-mit-Zellen\" src=\"https:\/\/exceladvisor.org\/wp-content\/uploads\/2023\/08\/6-deplacer-et-dimensionner-avec-des-cellules.png\" sizes=\"auto, \" srcset=\"\" alt=\"move-and-size-with-cells\" width=\"746\" height=\"501\"><\/li><\/ol><p> Jetzt wird dieses Bild nur noch mit der Bewegung der Zelle verschoben; Nachdem ich beispielsweise die Zeile zwischen den Spalten \u201eB\u201c und \u201eC\u201c eingef\u00fcgt habe, hat sich das Bild mit der Bewegung der Zelle nach rechts verschoben.<\/p><p> Als ich die Gr\u00f6\u00dfe der Zelle \u00e4nderte, passte sich das Bild entsprechend an und bewegte sich nicht aus der Zelle heraus. <\/p><div class=\"wp-block-image\"><figure class=\"aligncenter size-full is-resized\"><img loading=\"lazy\" decoding=\"async\" class=\"wp-image-79183\" src=\"https:\/\/exceladvisor.org\/wp-content\/uploads\/2023\/08\/7-image-enfermee-dans-une-cellule.png\" sizes=\"auto, \" srcset=\"\" alt=\"Bild in Zelle gesperrt\" width=\"538\" height=\"125\"><\/figure><\/div><div class=\"gb-container gb-container-4db6181c gb-container-mt\"> <a class=\"gb-button gb-button-c5897111 gb-button-text gb-button-mt-button\" href=\"https:\/\/exceladvisor.org\/de\/excel-fortschritt\/\">Erweiterte Excel-Tutorials<\/a><h2 class=\"gb-headline gb-headline-665e5f6b gb-headline-text gb-headline-mt-heading\"> Verwandte Tutorials <\/h2><div class=\"gb-grid-wrapper gb-grid-wrapper-a20baf7c gb-grid-wrapper-mt-grid\"><div class=\"gb-grid-column gb-grid-column-65ddf67e\"><div class=\"gb-container gb-container-65ddf67e\"><ul><li> <a href=\"https:\/\/exceladvisor.org\/de\/kamera-tool\/\">Excel-Kamera-Tool<\/a><\/li><li> <a href=\"https:\/\/exceladvisor.org\/de\/ziel-suchen\/\">Zielfinder in Excel<\/a><\/li><li> <a href=\"https:\/\/exceladvisor.org\/de\/uhrfenster\/\">Beobachtungsfenster in Excel<\/a><\/li><li> <a href=\"https:\/\/exceladvisor.org\/de\/excel-slicer\/\">Excel Slicer (vollst\u00e4ndige Anleitung)<\/a><\/li><li> <a href=\"https:\/\/exceladvisor.org\/de\/excel-standardmassig-auf-dem-mac\/\">Machen Sie Excel auf dem Mac zum Standard<\/a><\/li><\/ul><\/div><\/div><\/div><\/div>","protected":false},"excerpt":{"rendered":"","protected":false},"author":1,"featured_media":0,"parent":0,"menu_order":0,"comment_status":"open","ping_status":"closed","template":"","meta":{"ub_ctt_via":"","footnotes":""},"class_list":["post-3416","page","type-page","status-publish","hentry"],"featured_image_src":null,"yoast_head":"<!-- This site is optimized with the Yoast SEO plugin v25.4 - https:\/\/yoast.com\/wordpress\/plugins\/seo\/ -->\n<title>Wie f\u00fcge ich ein Bild in eine Zelle in Excel ein?<\/title>\n<meta name=\"robots\" content=\"index, follow, max-snippet:-1, max-image-preview:large, max-video-preview:-1\" \/>\n<link rel=\"canonical\" href=\"https:\/\/exceladvisor.org\/de\/ein-bild-einfugen\/\" \/>\n<meta property=\"og:locale\" content=\"de_DE\" \/>\n<meta property=\"og:type\" content=\"article\" \/>\n<meta property=\"og:title\" content=\"Wie f\u00fcge ich ein Bild in eine Zelle in Excel ein?\" \/>\n<meta property=\"og:url\" content=\"https:\/\/exceladvisor.org\/de\/ein-bild-einfugen\/\" \/>\n<meta property=\"og:site_name\" content=\"Excel Advisor\" \/>\n<meta property=\"article:modified_time\" content=\"2023-12-03T11:12:34+00:00\" \/>\n<meta property=\"og:image\" content=\"https:\/\/exceladvisor.org\/wp-content\/uploads\/2023\/08\/1-insertion-dimage-dans-excel.png\" \/>\n<meta name=\"twitter:card\" content=\"summary_large_image\" \/>\n<meta name=\"twitter:label1\" content=\"Gesch\u00e4tzte Lesezeit\" \/>\n\t<meta name=\"twitter:data1\" content=\"3\u00a0Minuten\" \/>\n<script type=\"application\/ld+json\" class=\"yoast-schema-graph\">{\"@context\":\"https:\/\/schema.org\",\"@graph\":[{\"@type\":\"WebPage\",\"@id\":\"https:\/\/exceladvisor.org\/de\/ein-bild-einfugen\/\",\"url\":\"https:\/\/exceladvisor.org\/de\/ein-bild-einfugen\/\",\"name\":\"Wie f\u00fcge ich ein Bild in eine Zelle in Excel ein?\",\"isPartOf\":{\"@id\":\"https:\/\/exceladvisor.org\/de\/#website\"},\"primaryImageOfPage\":{\"@id\":\"https:\/\/exceladvisor.org\/de\/ein-bild-einfugen\/#primaryimage\"},\"image\":{\"@id\":\"https:\/\/exceladvisor.org\/de\/ein-bild-einfugen\/#primaryimage\"},\"thumbnailUrl\":\"https:\/\/exceladvisor.org\/wp-content\/uploads\/2023\/08\/1-insertion-dimage-dans-excel.png\",\"datePublished\":\"2023-10-27T23:50:11+00:00\",\"dateModified\":\"2023-12-03T11:12:34+00:00\",\"breadcrumb\":{\"@id\":\"https:\/\/exceladvisor.org\/de\/ein-bild-einfugen\/#breadcrumb\"},\"inLanguage\":\"de\",\"potentialAction\":[{\"@type\":\"ReadAction\",\"target\":[\"https:\/\/exceladvisor.org\/de\/ein-bild-einfugen\/\"]}]},{\"@type\":\"ImageObject\",\"inLanguage\":\"de\",\"@id\":\"https:\/\/exceladvisor.org\/de\/ein-bild-einfugen\/#primaryimage\",\"url\":\"https:\/\/exceladvisor.org\/wp-content\/uploads\/2023\/08\/1-insertion-dimage-dans-excel.png\",\"contentUrl\":\"https:\/\/exceladvisor.org\/wp-content\/uploads\/2023\/08\/1-insertion-dimage-dans-excel.png\"},{\"@type\":\"BreadcrumbList\",\"@id\":\"https:\/\/exceladvisor.org\/de\/ein-bild-einfugen\/#breadcrumb\",\"itemListElement\":[{\"@type\":\"ListItem\",\"position\":1,\"name\":\"Accueil\",\"item\":\"https:\/\/exceladvisor.org\/de\/\"},{\"@type\":\"ListItem\",\"position\":2,\"name\":\"F\u00fcgen sie ein bild in eine zelle in excel ein\"}]},{\"@type\":\"WebSite\",\"@id\":\"https:\/\/exceladvisor.org\/de\/#website\",\"url\":\"https:\/\/exceladvisor.org\/de\/\",\"name\":\"Excel Advisor\",\"description\":\"Ihr Leitfaden zur Datendominanz\",\"publisher\":{\"@id\":\"https:\/\/exceladvisor.org\/de\/#organization\"},\"potentialAction\":[{\"@type\":\"SearchAction\",\"target\":{\"@type\":\"EntryPoint\",\"urlTemplate\":\"https:\/\/exceladvisor.org\/de\/?s={search_term_string}\"},\"query-input\":{\"@type\":\"PropertyValueSpecification\",\"valueRequired\":true,\"valueName\":\"search_term_string\"}}],\"inLanguage\":\"de\"},{\"@type\":\"Organization\",\"@id\":\"https:\/\/exceladvisor.org\/de\/#organization\",\"name\":\"Excel Advisor\",\"url\":\"https:\/\/exceladvisor.org\/de\/\",\"logo\":{\"@type\":\"ImageObject\",\"inLanguage\":\"de\",\"@id\":\"https:\/\/exceladvisor.org\/de\/#\/schema\/logo\/image\/\",\"url\":\"https:\/\/exceladvisor.org\/de\/wp-content\/uploads\/2023\/11\/exceladvisor.org_.png\",\"contentUrl\":\"https:\/\/exceladvisor.org\/de\/wp-content\/uploads\/2023\/11\/exceladvisor.org_.png\",\"width\":105,\"height\":36,\"caption\":\"Excel Advisor\"},\"image\":{\"@id\":\"https:\/\/exceladvisor.org\/de\/#\/schema\/logo\/image\/\"}}]}<\/script>\n<!-- \/ Yoast SEO plugin. -->","yoast_head_json":{"title":"Wie f\u00fcge ich ein Bild in eine Zelle in Excel ein?","robots":{"index":"index","follow":"follow","max-snippet":"max-snippet:-1","max-image-preview":"max-image-preview:large","max-video-preview":"max-video-preview:-1"},"canonical":"https:\/\/exceladvisor.org\/de\/ein-bild-einfugen\/","og_locale":"de_DE","og_type":"article","og_title":"Wie f\u00fcge ich ein Bild in eine Zelle in Excel ein?","og_url":"https:\/\/exceladvisor.org\/de\/ein-bild-einfugen\/","og_site_name":"Excel Advisor","article_modified_time":"2023-12-03T11:12:34+00:00","og_image":[{"url":"https:\/\/exceladvisor.org\/wp-content\/uploads\/2023\/08\/1-insertion-dimage-dans-excel.png","type":"","width":"","height":""}],"twitter_card":"summary_large_image","twitter_misc":{"Gesch\u00e4tzte Lesezeit":"3\u00a0Minuten"},"schema":{"@context":"https:\/\/schema.org","@graph":[{"@type":"WebPage","@id":"https:\/\/exceladvisor.org\/de\/ein-bild-einfugen\/","url":"https:\/\/exceladvisor.org\/de\/ein-bild-einfugen\/","name":"Wie f\u00fcge ich ein Bild in eine Zelle in Excel ein?","isPartOf":{"@id":"https:\/\/exceladvisor.org\/de\/#website"},"primaryImageOfPage":{"@id":"https:\/\/exceladvisor.org\/de\/ein-bild-einfugen\/#primaryimage"},"image":{"@id":"https:\/\/exceladvisor.org\/de\/ein-bild-einfugen\/#primaryimage"},"thumbnailUrl":"https:\/\/exceladvisor.org\/wp-content\/uploads\/2023\/08\/1-insertion-dimage-dans-excel.png","datePublished":"2023-10-27T23:50:11+00:00","dateModified":"2023-12-03T11:12:34+00:00","breadcrumb":{"@id":"https:\/\/exceladvisor.org\/de\/ein-bild-einfugen\/#breadcrumb"},"inLanguage":"de","potentialAction":[{"@type":"ReadAction","target":["https:\/\/exceladvisor.org\/de\/ein-bild-einfugen\/"]}]},{"@type":"ImageObject","inLanguage":"de","@id":"https:\/\/exceladvisor.org\/de\/ein-bild-einfugen\/#primaryimage","url":"https:\/\/exceladvisor.org\/wp-content\/uploads\/2023\/08\/1-insertion-dimage-dans-excel.png","contentUrl":"https:\/\/exceladvisor.org\/wp-content\/uploads\/2023\/08\/1-insertion-dimage-dans-excel.png"},{"@type":"BreadcrumbList","@id":"https:\/\/exceladvisor.org\/de\/ein-bild-einfugen\/#breadcrumb","itemListElement":[{"@type":"ListItem","position":1,"name":"Accueil","item":"https:\/\/exceladvisor.org\/de\/"},{"@type":"ListItem","position":2,"name":"F\u00fcgen sie ein bild in eine zelle in excel ein"}]},{"@type":"WebSite","@id":"https:\/\/exceladvisor.org\/de\/#website","url":"https:\/\/exceladvisor.org\/de\/","name":"Excel Advisor","description":"Ihr Leitfaden zur Datendominanz","publisher":{"@id":"https:\/\/exceladvisor.org\/de\/#organization"},"potentialAction":[{"@type":"SearchAction","target":{"@type":"EntryPoint","urlTemplate":"https:\/\/exceladvisor.org\/de\/?s={search_term_string}"},"query-input":{"@type":"PropertyValueSpecification","valueRequired":true,"valueName":"search_term_string"}}],"inLanguage":"de"},{"@type":"Organization","@id":"https:\/\/exceladvisor.org\/de\/#organization","name":"Excel Advisor","url":"https:\/\/exceladvisor.org\/de\/","logo":{"@type":"ImageObject","inLanguage":"de","@id":"https:\/\/exceladvisor.org\/de\/#\/schema\/logo\/image\/","url":"https:\/\/exceladvisor.org\/de\/wp-content\/uploads\/2023\/11\/exceladvisor.org_.png","contentUrl":"https:\/\/exceladvisor.org\/de\/wp-content\/uploads\/2023\/11\/exceladvisor.org_.png","width":105,"height":36,"caption":"Excel Advisor"},"image":{"@id":"https:\/\/exceladvisor.org\/de\/#\/schema\/logo\/image\/"}}]}},"yoast_meta":{"yoast_wpseo_title":"","yoast_wpseo_metadesc":"","yoast_wpseo_canonical":""},"_links":{"self":[{"href":"https:\/\/exceladvisor.org\/de\/wp-json\/wp\/v2\/pages\/3416","targetHints":{"allow":["GET"]}}],"collection":[{"href":"https:\/\/exceladvisor.org\/de\/wp-json\/wp\/v2\/pages"}],"about":[{"href":"https:\/\/exceladvisor.org\/de\/wp-json\/wp\/v2\/types\/page"}],"author":[{"embeddable":true,"href":"https:\/\/exceladvisor.org\/de\/wp-json\/wp\/v2\/users\/1"}],"replies":[{"embeddable":true,"href":"https:\/\/exceladvisor.org\/de\/wp-json\/wp\/v2\/comments?post=3416"}],"version-history":[{"count":1,"href":"https:\/\/exceladvisor.org\/de\/wp-json\/wp\/v2\/pages\/3416\/revisions"}],"predecessor-version":[{"id":3769,"href":"https:\/\/exceladvisor.org\/de\/wp-json\/wp\/v2\/pages\/3416\/revisions\/3769"}],"wp:attachment":[{"href":"https:\/\/exceladvisor.org\/de\/wp-json\/wp\/v2\/media?parent=3416"}],"curies":[{"name":"wp","href":"https:\/\/api.w.org\/{rel}","templated":true}]}}