{"id":3417,"date":"2023-10-27T23:44:57","date_gmt":"2023-10-27T23:44:57","guid":{"rendered":"https:\/\/exceladvisor.org\/de\/namensbereich-finden\/"},"modified":"2023-12-03T11:20:13","modified_gmt":"2023-12-03T11:20:13","slug":"namensbereich-finden","status":"publish","type":"page","link":"https:\/\/exceladvisor.org\/de\/namensbereich-finden\/","title":{"rendered":"Wie finde ich einen namensbereich in excel?"},"content":{"rendered":"<div class=\"excel-vor-dem-inhalt\" id=\"excel-1809820409\"><script type=\"text\/javascript\">\r\n\tatOptions = {\r\n\t\t'key' : 'c1158f160081d6540a8409e6925dab94',\r\n\t\t'format' : 'iframe',\r\n\t\t'height' : 250,\r\n\t\t'width' : 300,\r\n\t\t'params' : {}\r\n\t};\r\n<\/script>\r\n<script type=\"text\/javascript\" src=\"\/\/www.highperformanceformat.com\/c1158f160081d6540a8409e6925dab94\/invoke.js\"><\/script><\/div> <p>In Excel ist die Benennung eines Zellbereichs die einfachste und schnellste M\u00f6glichkeit, in der Formel auf diese Zellen zu verweisen. Sie k\u00f6nnen im Arbeitsblatt mehrere Namensbereiche erstellen und diese beim Anwenden der Formel als Zellreferenz verwenden.<\/p><p> Wenn die Arbeitsmappe jedoch mehrere benannte Bereiche enth\u00e4lt, kann es manchmal schwierig sein, sich die Namen und Speicherorte der Namensbereiche zu merken.<\/p><p> In diesem Tutorial zeigen wir Ihnen, wie Sie die Namensbereiche in der aktuellen Arbeitsmappe finden.<\/p><h2 class=\"wp-block-heading\"> Schritte zum Finden des Namensbereichs mit dem Namensmanager<\/h2><p> Die am besten empfohlene Methode zum Auffinden aller Namensbereiche in der gesamten Arbeitsmappe ist die Verwendung des \u201eNamensmanagers\u201c. Von hier aus k\u00f6nnen Sie auch die relativen Zellen eines beliebigen benannten Bereichs bearbeiten und den Namen eines beliebigen benannten Bereichs \u00e4ndern, indem Sie die folgenden Schritte ausf\u00fchren:<\/p><ol><li> Gehen Sie zun\u00e4chst zur Registerkarte \u201eFormeln\u201c und klicken Sie dann auf das Symbol \u201eNamensmanager\u201c unter der Gruppe \u201eDefinierte Namen\u201c.<\/li><li> Oder halten Sie zun\u00e4chst die \u201eStrg\u201c-Taste gedr\u00fcckt und dr\u00fccken Sie dann die \u201eF3\u201c-Taste. <br><img loading=\"lazy\" decoding=\"async\" title=\"-Name-Manager-Symbol\" src=\"https:\/\/exceladvisor.org\/wp-content\/uploads\/2023\/08\/1-icone-de-gestionnaire-de-noms.png\" sizes=\"auto, \" srcset=\"\" alt=\"name-manager-icon\" width=\"726\" height=\"132\"><\/li><li> An dieser Stelle wird das Dialogfeld \u201eNamensmanager\u201c ge\u00f6ffnet.<\/li><li> Darin finden Sie unter dem Reiter \u201eName\u201c alle Namensbereiche mit ihren Namen und unter dem Reiter \u201eReferenz\u201c den Ort (Blattname) inklusive des ihnen zugeordneten Zellbereichs.<\/li><li> Doppelklicken Sie von dort aus auf einen der Namensbereiche, die Sie bearbeiten m\u00f6chten, oder navigieren Sie zu den entsprechenden Zellen f\u00fcr diesen Namensbereich. <br><img loading=\"lazy\" decoding=\"async\" title=\"-manager-name-dialog\" src=\"https:\/\/exceladvisor.org\/wp-content\/uploads\/2023\/08\/Boite-de-dialogue-du-gestionnaire-de-2-noms.png\" sizes=\"auto, \" srcset=\"\" alt=\"name-manager-dialog-box\" width=\"517\" height=\"405\"><\/li><li> Sobald Sie auf den einzelnen Namensbereich doppelklicken, wird das Dialogfeld f\u00fcr diesen Namensbereich ge\u00f6ffnet, wie im Bild unten gezeigt.<\/li><li> Um nun den Namen dieses Namensbereichs zu \u00e4ndern, gehen Sie zum Feld \u201eName\u201c, l\u00f6schen Sie den vorhandenen Namen und f\u00fcgen Sie den neuen Namen hinzu. Dr\u00fccken Sie dann \u201eOK\u201c.<\/li><li> Um auf die referenzierten Zellen zuzugreifen, klicken Sie auf die letzte der angegebenen Referenzen und Sie gelangen zu den referenzierten Zellen. <br><img loading=\"lazy\" decoding=\"async\" title=\"-Dialog zum Bearbeiten des Namensbereichs\" src=\"https:\/\/exceladvisor.org\/wp-content\/uploads\/2023\/08\/3-boite-de-dialogue-de-modification-de-la-plage-de-noms.png\" sizes=\"auto, \" srcset=\"\" alt=\"edit-name-range-dialog-box\" width=\"299\" height=\"227\"><\/li><li> Von hier aus k\u00f6nnen Sie den Zellbereich erneut ausw\u00e4hlen und der Bereich wird aktualisiert.<\/li><li> Sie k\u00f6nnen es im Feld \u201eBezieht sich auf\u201c im Dialogfeld sehen und dann auf \u201eOK\u201c klicken. <br><img loading=\"lazy\" decoding=\"async\" title=\"-Bereich erneut ausw\u00e4hlen\" src=\"https:\/\/exceladvisor.org\/wp-content\/uploads\/2023\/08\/4-reselectionner-la-gamme.png\" sizes=\"auto, \" srcset=\"\" alt=\"reselect-the-range\" width=\"446\" height=\"276\"><\/li><\/ol><h2 class=\"wp-block-heading\"> Suchen Sie den Namensbereich mithilfe der Option \u201eGehe zu\u201c.<\/h2><ol><li> Gehen Sie zun\u00e4chst zur Registerkarte \u201eHome\u201c, klicken Sie dann auf das Symbol \u201eSuchen und Ausw\u00e4hlen\u201c und dann auf die Option \u201eGOTO\u201c, um das Dialogfeld \u201eGOTO\u201c zu \u00f6ffnen.<\/li><li> Oder dr\u00fccken Sie einfach die Tastenkombination \u201eStrg + G\u201c und das Dialogfeld \u201eGOTO\u201c wird ge\u00f6ffnet. <br><img loading=\"lazy\" decoding=\"async\" title=\"-Gehe zur Option\" src=\"https:\/\/exceladvisor.org\/wp-content\/uploads\/2023\/08\/5-aller-a-loption.png\" sizes=\"auto, \" srcset=\"\" alt=\"go-to-option\" width=\"653\" height=\"277\"><\/li><li> Hier im \u201eGOTO\u201c-Dialogfeld finden Sie alle Namensbereiche Ihrer Arbeitsmappe. <br><img loading=\"lazy\" decoding=\"async\" title=\"-Gehen Sie zum Dialogfeld\" src=\"https:\/\/exceladvisor.org\/wp-content\/uploads\/2023\/08\/6-aller-a-la-boite-de-dialogue.png\" sizes=\"auto, \" srcset=\"\" alt=\"go-to-dialog-box\" width=\"329\" height=\"270\"><\/li><\/ol><h2 class=\"wp-block-heading\"> Finden Sie den Namensbereich, indem Sie herauszoomen<\/h2><p> Um die Namensbereiche im aktuellen Arbeitsblatt zu finden, verkleinern Sie das Arbeitsblatt einfach auf 30&nbsp;%. Die Namen der Namensbereiche werden dann in den entsprechenden Zellen hervorgehoben. <\/p><div class=\"wp-block-image\"><figure class=\"aligncenter size-full\"><img loading=\"lazy\" decoding=\"async\" class=\"wp-image-82876\" src=\"https:\/\/exceladvisor.org\/wp-content\/uploads\/2023\/08\/7-dezoomer.png\" sizes=\"auto, \" srcset=\"\" alt=\"Rauszoomen\" width=\"424\" height=\"83\"><\/figure><\/div><p> Im Bild unten ist das Arbeitsblatt auf 30 % vergr\u00f6\u00dfert und Sie k\u00f6nnen sehen, dass im aktuellen Arbeitsblatt zwei separate Namensbereiche definiert sind, in denen die Namen hervorgehoben sind. <\/p><div class=\"wp-block-image\"><figure class=\"aligncenter size-full is-resized\"><img loading=\"lazy\" decoding=\"async\" class=\"wp-image-82877\" src=\"https:\/\/exceladvisor.org\/wp-content\/uploads\/2023\/08\/8-plages-de-noms-en-surbrillance.png\" sizes=\"auto, \" srcset=\"\" alt=\"hervorgehobene Namensbereiche\" width=\"472\" height=\"253\"><\/figure><\/div><h2 class=\"wp-block-heading\"> Finden Sie den Namensbereich im Namensfeld<\/h2><p> Sie finden die Namensbereiche auch im \u201eNamensfeld\u201c oben links in der Tabelle. Um zu den entsprechenden Zellen im Namensbereich zu navigieren, klicken Sie einfach darauf. <\/p><div class=\"wp-block-image\"><figure class=\"aligncenter size-full is-resized\"><img loading=\"lazy\" decoding=\"async\" class=\"wp-image-82878\" src=\"https:\/\/exceladvisor.org\/wp-content\/uploads\/2023\/08\/boite-a-9-noms.png\" sizes=\"auto, \" srcset=\"\" alt=\"Boxname\" width=\"223\" height=\"393\"><\/figure><\/div><div class=\"gb-container gb-container-4db6181c gb-container-mt\"> <a class=\"gb-button gb-button-c5897111 gb-button-text gb-button-mt-button\" href=\"https:\/\/exceladvisor.org\/de\/excel-fortschritt\/\">Erweiterte Excel-Tutorials<\/a><h2 class=\"gb-headline gb-headline-665e5f6b gb-headline-text gb-headline-mt-heading\"> Verwandte Tutorials <\/h2><div class=\"gb-grid-wrapper gb-grid-wrapper-a20baf7c gb-grid-wrapper-mt-grid\"><div class=\"gb-grid-column gb-grid-column-65ddf67e\"><div class=\"gb-container gb-container-65ddf67e\"><ul><li> <a href=\"https:\/\/exceladvisor.org\/de\/schnelles-analysetool\/\">Schnellanalysetool in Excel<\/a><\/li><li> <a href=\"https:\/\/exceladvisor.org\/de\/mehrere-filter-anwenden\/\">Wenden Sie mehrere Filter auf Spalten an<\/a><\/li><li> <a href=\"https:\/\/exceladvisor.org\/de\/markieren-sie-die-oberen-und-unteren-werte\/\">Markieren Sie die oberen und unteren N-Werte in Excel<\/a><\/li><li> <a href=\"https:\/\/exceladvisor.org\/de\/kontrollkastchen\/\">F\u00fcgen Sie ein Kontrollk\u00e4stchen in Excel ein<\/a><\/li><li> <a href=\"https:\/\/exceladvisor.org\/de\/zellen-zusammenfuhren-ohne-daten-zu-verlieren\/\">F\u00fchren Sie Zellen zusammen, ohne Daten in Excel zu verlieren<\/a><\/li><\/ul><\/div><\/div><\/div><\/div>","protected":false},"excerpt":{"rendered":"","protected":false},"author":1,"featured_media":0,"parent":0,"menu_order":0,"comment_status":"open","ping_status":"closed","template":"","meta":{"ub_ctt_via":"","footnotes":""},"class_list":["post-3417","page","type-page","status-publish","hentry"],"featured_image_src":null,"yoast_head":"<!-- This site is optimized with the Yoast SEO plugin v25.4 - https:\/\/yoast.com\/wordpress\/plugins\/seo\/ -->\n<title>Wie finde ich einen Namensbereich in Excel?<\/title>\n<meta name=\"description\" content=\"Diese Kurzanleitung hilft Ihnen, einen benannten Bereich in Excel zu finden. Wir werden es in leicht verst\u00e4ndlichen Schritten besprechen.\" \/>\n<meta name=\"robots\" content=\"index, follow, max-snippet:-1, max-image-preview:large, max-video-preview:-1\" \/>\n<link rel=\"canonical\" href=\"https:\/\/exceladvisor.org\/de\/namensbereich-finden\/\" \/>\n<meta property=\"og:locale\" content=\"de_DE\" \/>\n<meta property=\"og:type\" content=\"article\" \/>\n<meta property=\"og:title\" content=\"Wie finde ich einen Namensbereich in Excel?\" \/>\n<meta property=\"og:description\" content=\"Diese Kurzanleitung hilft Ihnen, einen benannten Bereich in Excel zu finden. Wir werden es in leicht verst\u00e4ndlichen Schritten besprechen.\" \/>\n<meta property=\"og:url\" content=\"https:\/\/exceladvisor.org\/de\/namensbereich-finden\/\" \/>\n<meta property=\"og:site_name\" content=\"Excel Advisor\" \/>\n<meta property=\"article:modified_time\" content=\"2023-12-03T11:20:13+00:00\" \/>\n<meta property=\"og:image\" content=\"https:\/\/exceladvisor.org\/wp-content\/uploads\/2023\/08\/1-icone-de-gestionnaire-de-noms.png\" \/>\n<meta name=\"twitter:card\" content=\"summary_large_image\" \/>\n<meta name=\"twitter:label1\" content=\"Gesch\u00e4tzte Lesezeit\" \/>\n\t<meta name=\"twitter:data1\" content=\"3\u00a0Minuten\" \/>\n<script type=\"application\/ld+json\" class=\"yoast-schema-graph\">{\"@context\":\"https:\/\/schema.org\",\"@graph\":[{\"@type\":\"WebPage\",\"@id\":\"https:\/\/exceladvisor.org\/de\/namensbereich-finden\/\",\"url\":\"https:\/\/exceladvisor.org\/de\/namensbereich-finden\/\",\"name\":\"Wie finde ich einen Namensbereich in Excel?\",\"isPartOf\":{\"@id\":\"https:\/\/exceladvisor.org\/de\/#website\"},\"primaryImageOfPage\":{\"@id\":\"https:\/\/exceladvisor.org\/de\/namensbereich-finden\/#primaryimage\"},\"image\":{\"@id\":\"https:\/\/exceladvisor.org\/de\/namensbereich-finden\/#primaryimage\"},\"thumbnailUrl\":\"https:\/\/exceladvisor.org\/wp-content\/uploads\/2023\/08\/1-icone-de-gestionnaire-de-noms.png\",\"datePublished\":\"2023-10-27T23:44:57+00:00\",\"dateModified\":\"2023-12-03T11:20:13+00:00\",\"description\":\"Diese Kurzanleitung hilft Ihnen, einen benannten Bereich in Excel zu finden. Wir werden es in leicht verst\u00e4ndlichen Schritten besprechen.\",\"breadcrumb\":{\"@id\":\"https:\/\/exceladvisor.org\/de\/namensbereich-finden\/#breadcrumb\"},\"inLanguage\":\"de\",\"potentialAction\":[{\"@type\":\"ReadAction\",\"target\":[\"https:\/\/exceladvisor.org\/de\/namensbereich-finden\/\"]}]},{\"@type\":\"ImageObject\",\"inLanguage\":\"de\",\"@id\":\"https:\/\/exceladvisor.org\/de\/namensbereich-finden\/#primaryimage\",\"url\":\"https:\/\/exceladvisor.org\/wp-content\/uploads\/2023\/08\/1-icone-de-gestionnaire-de-noms.png\",\"contentUrl\":\"https:\/\/exceladvisor.org\/wp-content\/uploads\/2023\/08\/1-icone-de-gestionnaire-de-noms.png\"},{\"@type\":\"BreadcrumbList\",\"@id\":\"https:\/\/exceladvisor.org\/de\/namensbereich-finden\/#breadcrumb\",\"itemListElement\":[{\"@type\":\"ListItem\",\"position\":1,\"name\":\"Accueil\",\"item\":\"https:\/\/exceladvisor.org\/de\/\"},{\"@type\":\"ListItem\",\"position\":2,\"name\":\"Wie finde ich einen namensbereich in excel?\"}]},{\"@type\":\"WebSite\",\"@id\":\"https:\/\/exceladvisor.org\/de\/#website\",\"url\":\"https:\/\/exceladvisor.org\/de\/\",\"name\":\"Excel Advisor\",\"description\":\"Ihr Leitfaden zur Datendominanz\",\"publisher\":{\"@id\":\"https:\/\/exceladvisor.org\/de\/#organization\"},\"potentialAction\":[{\"@type\":\"SearchAction\",\"target\":{\"@type\":\"EntryPoint\",\"urlTemplate\":\"https:\/\/exceladvisor.org\/de\/?s={search_term_string}\"},\"query-input\":{\"@type\":\"PropertyValueSpecification\",\"valueRequired\":true,\"valueName\":\"search_term_string\"}}],\"inLanguage\":\"de\"},{\"@type\":\"Organization\",\"@id\":\"https:\/\/exceladvisor.org\/de\/#organization\",\"name\":\"Excel Advisor\",\"url\":\"https:\/\/exceladvisor.org\/de\/\",\"logo\":{\"@type\":\"ImageObject\",\"inLanguage\":\"de\",\"@id\":\"https:\/\/exceladvisor.org\/de\/#\/schema\/logo\/image\/\",\"url\":\"https:\/\/exceladvisor.org\/de\/wp-content\/uploads\/2023\/11\/exceladvisor.org_.png\",\"contentUrl\":\"https:\/\/exceladvisor.org\/de\/wp-content\/uploads\/2023\/11\/exceladvisor.org_.png\",\"width\":105,\"height\":36,\"caption\":\"Excel Advisor\"},\"image\":{\"@id\":\"https:\/\/exceladvisor.org\/de\/#\/schema\/logo\/image\/\"}}]}<\/script>\n<!-- \/ Yoast SEO plugin. -->","yoast_head_json":{"title":"Wie finde ich einen Namensbereich in Excel?","description":"Diese Kurzanleitung hilft Ihnen, einen benannten Bereich in Excel zu finden. Wir werden es in leicht verst\u00e4ndlichen Schritten besprechen.","robots":{"index":"index","follow":"follow","max-snippet":"max-snippet:-1","max-image-preview":"max-image-preview:large","max-video-preview":"max-video-preview:-1"},"canonical":"https:\/\/exceladvisor.org\/de\/namensbereich-finden\/","og_locale":"de_DE","og_type":"article","og_title":"Wie finde ich einen Namensbereich in Excel?","og_description":"Diese Kurzanleitung hilft Ihnen, einen benannten Bereich in Excel zu finden. Wir werden es in leicht verst\u00e4ndlichen Schritten besprechen.","og_url":"https:\/\/exceladvisor.org\/de\/namensbereich-finden\/","og_site_name":"Excel Advisor","article_modified_time":"2023-12-03T11:20:13+00:00","og_image":[{"url":"https:\/\/exceladvisor.org\/wp-content\/uploads\/2023\/08\/1-icone-de-gestionnaire-de-noms.png","type":"","width":"","height":""}],"twitter_card":"summary_large_image","twitter_misc":{"Gesch\u00e4tzte Lesezeit":"3\u00a0Minuten"},"schema":{"@context":"https:\/\/schema.org","@graph":[{"@type":"WebPage","@id":"https:\/\/exceladvisor.org\/de\/namensbereich-finden\/","url":"https:\/\/exceladvisor.org\/de\/namensbereich-finden\/","name":"Wie finde ich einen Namensbereich in Excel?","isPartOf":{"@id":"https:\/\/exceladvisor.org\/de\/#website"},"primaryImageOfPage":{"@id":"https:\/\/exceladvisor.org\/de\/namensbereich-finden\/#primaryimage"},"image":{"@id":"https:\/\/exceladvisor.org\/de\/namensbereich-finden\/#primaryimage"},"thumbnailUrl":"https:\/\/exceladvisor.org\/wp-content\/uploads\/2023\/08\/1-icone-de-gestionnaire-de-noms.png","datePublished":"2023-10-27T23:44:57+00:00","dateModified":"2023-12-03T11:20:13+00:00","description":"Diese Kurzanleitung hilft Ihnen, einen benannten Bereich in Excel zu finden. Wir werden es in leicht verst\u00e4ndlichen Schritten besprechen.","breadcrumb":{"@id":"https:\/\/exceladvisor.org\/de\/namensbereich-finden\/#breadcrumb"},"inLanguage":"de","potentialAction":[{"@type":"ReadAction","target":["https:\/\/exceladvisor.org\/de\/namensbereich-finden\/"]}]},{"@type":"ImageObject","inLanguage":"de","@id":"https:\/\/exceladvisor.org\/de\/namensbereich-finden\/#primaryimage","url":"https:\/\/exceladvisor.org\/wp-content\/uploads\/2023\/08\/1-icone-de-gestionnaire-de-noms.png","contentUrl":"https:\/\/exceladvisor.org\/wp-content\/uploads\/2023\/08\/1-icone-de-gestionnaire-de-noms.png"},{"@type":"BreadcrumbList","@id":"https:\/\/exceladvisor.org\/de\/namensbereich-finden\/#breadcrumb","itemListElement":[{"@type":"ListItem","position":1,"name":"Accueil","item":"https:\/\/exceladvisor.org\/de\/"},{"@type":"ListItem","position":2,"name":"Wie finde ich einen namensbereich in excel?"}]},{"@type":"WebSite","@id":"https:\/\/exceladvisor.org\/de\/#website","url":"https:\/\/exceladvisor.org\/de\/","name":"Excel Advisor","description":"Ihr Leitfaden zur Datendominanz","publisher":{"@id":"https:\/\/exceladvisor.org\/de\/#organization"},"potentialAction":[{"@type":"SearchAction","target":{"@type":"EntryPoint","urlTemplate":"https:\/\/exceladvisor.org\/de\/?s={search_term_string}"},"query-input":{"@type":"PropertyValueSpecification","valueRequired":true,"valueName":"search_term_string"}}],"inLanguage":"de"},{"@type":"Organization","@id":"https:\/\/exceladvisor.org\/de\/#organization","name":"Excel Advisor","url":"https:\/\/exceladvisor.org\/de\/","logo":{"@type":"ImageObject","inLanguage":"de","@id":"https:\/\/exceladvisor.org\/de\/#\/schema\/logo\/image\/","url":"https:\/\/exceladvisor.org\/de\/wp-content\/uploads\/2023\/11\/exceladvisor.org_.png","contentUrl":"https:\/\/exceladvisor.org\/de\/wp-content\/uploads\/2023\/11\/exceladvisor.org_.png","width":105,"height":36,"caption":"Excel Advisor"},"image":{"@id":"https:\/\/exceladvisor.org\/de\/#\/schema\/logo\/image\/"}}]}},"yoast_meta":{"yoast_wpseo_title":"","yoast_wpseo_metadesc":"","yoast_wpseo_canonical":""},"_links":{"self":[{"href":"https:\/\/exceladvisor.org\/de\/wp-json\/wp\/v2\/pages\/3417","targetHints":{"allow":["GET"]}}],"collection":[{"href":"https:\/\/exceladvisor.org\/de\/wp-json\/wp\/v2\/pages"}],"about":[{"href":"https:\/\/exceladvisor.org\/de\/wp-json\/wp\/v2\/types\/page"}],"author":[{"embeddable":true,"href":"https:\/\/exceladvisor.org\/de\/wp-json\/wp\/v2\/users\/1"}],"replies":[{"embeddable":true,"href":"https:\/\/exceladvisor.org\/de\/wp-json\/wp\/v2\/comments?post=3417"}],"version-history":[{"count":1,"href":"https:\/\/exceladvisor.org\/de\/wp-json\/wp\/v2\/pages\/3417\/revisions"}],"predecessor-version":[{"id":3993,"href":"https:\/\/exceladvisor.org\/de\/wp-json\/wp\/v2\/pages\/3417\/revisions\/3993"}],"wp:attachment":[{"href":"https:\/\/exceladvisor.org\/de\/wp-json\/wp\/v2\/media?parent=3417"}],"curies":[{"name":"wp","href":"https:\/\/api.w.org\/{rel}","templated":true}]}}