{"id":3418,"date":"2023-10-27T23:22:27","date_gmt":"2023-10-27T23:22:27","guid":{"rendered":"https:\/\/exceladvisor.org\/de\/schreibgeschutzt\/"},"modified":"2023-12-03T13:04:22","modified_gmt":"2023-12-03T13:04:22","slug":"schreibgeschutzt","status":"publish","type":"page","link":"https:\/\/exceladvisor.org\/de\/schreibgeschutzt\/","title":{"rendered":"Wie mache ich excel schreibgesch\u00fctzt?"},"content":{"rendered":"<div class=\"excel-vor-dem-inhalt\" id=\"excel-1584621606\"><script type=\"text\/javascript\">\r\n\tatOptions = {\r\n\t\t'key' : 'c1158f160081d6540a8409e6925dab94',\r\n\t\t'format' : 'iframe',\r\n\t\t'height' : 250,\r\n\t\t'width' : 300,\r\n\t\t'params' : {}\r\n\t};\r\n<\/script>\r\n<script type=\"text\/javascript\" src=\"\/\/www.highperformanceformat.com\/c1158f160081d6540a8409e6925dab94\/invoke.js\"><\/script><\/div> <p>Manchmal m\u00f6chten Benutzer den Standardmodus der Arbeitsmappe auf schreibgesch\u00fctzt festlegen, um zu verhindern, dass Benutzer versehentlich oder absichtlich Daten \u00e4ndern.<\/p><p> Benutzer bereiten den Arbeitsmappenmodus normalerweise nur dann vor, wenn die Daten zu viele Formeln oder Berechnungen enthalten, und sie m\u00f6chten dies nicht vermasseln.<\/p><p> In diesem Tutorial zeigen wir Ihnen verschiedene M\u00f6glichkeiten, nur den Standard-Excel-Arbeitsmappenmodus vorzubereiten, und Sie k\u00f6nnen eine davon nach Ihren W\u00fcnschen ausw\u00e4hlen.<\/p><h2 id=\"h-make-workbook-ready-only-using-save-as\" class=\"wp-block-heading\"> Bereiten Sie die Arbeitsmappe nur mit \u201eSpeichern unter\u201c vor<\/h2><ol><li> Gehen Sie zun\u00e4chst zur Registerkarte \u201eDatei\u201c und klicken Sie dann auf \u201eSpeichern unter\u201c, um die Arbeitsmappe im schreibgesch\u00fctzten Modus zu speichern. <br><img loading=\"lazy\" decoding=\"async\" title=\"1-Speichern-unter-Option\" src=\"https:\/\/exceladvisor.org\/wp-content\/uploads\/2023\/08\/1-enregistrer-en-tant-quoption.png\" sizes=\"auto, \" srcset=\"\" alt=\"save-as-option\" width=\"130\" height=\"367\"><\/li><li> W\u00e4hlen Sie anschlie\u00dfend den Speicherort aus, klicken Sie auf die Schaltfl\u00e4che \u201eExtras\u201c und w\u00e4hlen Sie dann \u201eAllgemeine Optionen\u201c aus dem Dropdown-Men\u00fc. <br><img loading=\"lazy\" decoding=\"async\" title=\"2-w\u00e4hlen-allgemeine-Optionen\" src=\"https:\/\/exceladvisor.org\/wp-content\/uploads\/2023\/08\/2-choisir-les-options-generales.png\" sizes=\"auto, \" srcset=\"\" alt=\"choose-general-options\" width=\"674\" height=\"251\"><br><br><\/li><li> Legen Sie nun im Feld \u201eZu \u00e4nderndes Passwort\u201c das Passwort fest, w\u00e4hlen Sie dann die Option \u201eNur Lesen empfohlen\u201c und klicken Sie auf \u201eOK\u201c. <br><img loading=\"lazy\" decoding=\"async\" title=\"3-Geben Sie das zu \u00e4ndernde Passwort ein\" src=\"https:\/\/exceladvisor.org\/wp-content\/uploads\/2023\/08\/3-entrez-le-mot-de-passe-pour-modifier.png\" sizes=\"auto, \" srcset=\"\" alt=\"enter-password-to-modify\" width=\"305\" height=\"206\"><\/li><li> Lassen Sie das Feld \u201eZu \u00e4nderndes Passwort\u201c leer, wenn Sie kein Passwort festlegen und Benutzern nur empfehlen m\u00f6chten, die Datei im schreibgesch\u00fctzten Modus zu \u00f6ffnen. <br><img loading=\"lazy\" decoding=\"async\" title=\"4-H\u00e4kchen-schreibgesch\u00fctzt-empfohlen\" src=\"https:\/\/exceladvisor.org\/wp-content\/uploads\/2023\/08\/4-coches-lecture-seule-recommandee.png\" sizes=\"auto, \" srcset=\"\" alt=\"tickmark-read-only-recommended\" width=\"305\" height=\"209\"><\/li><li> Sobald dies erledigt ist, erhalten Benutzer zusammen mit dem Passwort das Meldungsfeld zur Eingabe des Passworts, wenn sie im Bearbeitungsmodus \u00f6ffnen m\u00f6chten oder auf \u201eSchreibgesch\u00fctzt\u201c klicken, um im Nur-Ansicht-Modus zu \u00f6ffnen. <br><img loading=\"lazy\" decoding=\"async\" title=\"Zum \u00d6ffnen im Bearbeitungsmodus sind 5 Passw\u00f6rter erforderlich\" src=\"https:\/\/exceladvisor.org\/wp-content\/uploads\/2023\/08\/5-mot-de-passe-requis-pour-ouvrir-en-mode-edition.png\" sizes=\"auto, \" srcset=\"\" alt=\"password-required-to-open-in-edit-mode\" width=\"332\" height=\"173\"><\/li><\/ol><h2 id=\"h-make-workbook-ready-only-using-info-option\" class=\"wp-block-heading\"> Machen Sie die Arbeitsmappe nur mit der Info-Option bereit<\/h2><ol><li> Gehen Sie zun\u00e4chst auf die Registerkarte \u201eDatei\u201c. <br><img loading=\"lazy\" decoding=\"async\" title=\"Tab 6-Gehe zu Datei\" src=\"https:\/\/exceladvisor.org\/wp-content\/uploads\/2023\/08\/6-aller-a-longlet-fichier.png\" sizes=\"auto, \" srcset=\"\" alt=\"go-to-file-tab\" width=\"329\" height=\"179\"><\/li><li> Klicken Sie anschlie\u00dfend auf die Option \u201eInfo\u201c, dann auf \u201eArbeitsmappe sch\u00fctzen\u201c und w\u00e4hlen Sie dann die Option \u201eImmer schreibgesch\u00fctzt \u00f6ffnen\u201c. <br><img loading=\"lazy\" decoding=\"async\" title=\"7-w\u00e4hlen-immer-\u00f6ffnen-schreibgesch\u00fctzt\" src=\"https:\/\/exceladvisor.org\/wp-content\/uploads\/2023\/08\/7-choisissez-toujours-ouvert-en-lecture-seule.png\" sizes=\"auto, \" srcset=\"\" alt=\"choose-always-open-read-only\" width=\"540\" height=\"381\"><\/li><li> Jetzt wurde der Standardmodus der Arbeitsmappe auf \u201eschreibgesch\u00fctzt\u201c ge\u00e4ndert und jeder, der diese Datei \u00f6ffnet, erh\u00e4lt die Meldung \u201e\u00d6ffnen Sie die Datei im schreibgesch\u00fctzten Modus, wie vom Autor gew\u00fcnscht, oder im bearbeitbaren Modus, wenn Sie die Arbeitsmappe \u00f6ffnen.\u201c<\/li><li> Klicken Sie auf \u201eJa\u201c und es wird im schreibgesch\u00fctzten Modus ge\u00f6ffnet. Klicken Sie andernfalls auf \u201eNein\u201c, wenn Sie es im bearbeitbaren Modus \u00f6ffnen m\u00f6chten. <br><img loading=\"lazy\" decoding=\"async\" title=\"8-W\u00e4hlen Sie \u201eJa, um es im schreibgesch\u00fctzten Modus zu \u00f6ffnen\u201c.\" src=\"https:\/\/exceladvisor.org\/wp-content\/uploads\/2023\/08\/8-choisissez-oui-pour-ouvrir-en-mode-lecture-seule.png\" sizes=\"auto, \" srcset=\"\" alt=\"choose-yes-to-open-in-read-only-mode\" width=\"664\" height=\"118\"><\/li><\/ol><h2 id=\"h-make-workbook-to-ready-only-mode-using-toggle-read-only\" class=\"wp-block-heading\"> Versetzen Sie die Arbeitsmappe nur in den Bereitschaftsmodus, indem Sie den schreibgesch\u00fctzten Schalter verwenden<\/h2><p> Der Wechsel zum schreibgesch\u00fctzten Modus ist die beste und schnellste M\u00f6glichkeit, die Arbeitsmappe jederzeit in den schreibgesch\u00fctzten Modus und den bearbeitbaren Modus zu schalten, ohne eine Kopie dieser Arbeitsmappe zu erstellen.<\/p><ol><li> Klicken Sie zun\u00e4chst auf das \u201ePfeil\u201c-Zeichen in der \u201eSchnellzugriffsleiste\u201c und w\u00e4hlen Sie \u201eWeitere Befehle\u201c aus dem Dropdown-Men\u00fc. <br><img loading=\"lazy\" decoding=\"async\" title=\"Option f\u00fcr 9 weitere Bestellungen\" src=\"https:\/\/exceladvisor.org\/wp-content\/uploads\/2023\/08\/9-options-de-commandes-supplementaires.png\" sizes=\"auto, \" srcset=\"\" alt=\"more-commands-option\" width=\"281\" height=\"389\"><\/li><li> W\u00e4hlen Sie anschlie\u00dfend im Feld \u201eBefehle ausw\u00e4hlen aus\u201c die Option \u201eBefehle nicht im Men\u00fcband\u201c aus.<\/li><li> Scrollen Sie nun nach unten und klicken Sie auf die Option \u201eZu schreibgesch\u00fctzt wechseln\u201c. Klicken Sie dann auf \u201eHinzuf\u00fcgen\u201c, um sie zur \u201eSymbolleiste f\u00fcr den Schnellzugriff\u201c hinzuzuf\u00fcgen.<\/li><li> Wenn Sie fertig sind, klicken Sie auf OK. <br><img loading=\"lazy\" decoding=\"async\" title=\"10-add-toggle-read-only-in-toolbar\" src=\"https:\/\/exceladvisor.org\/wp-content\/uploads\/2023\/08\/10-ajouter-une-bascule-en-lecture-seule-dans-la-barre-doutils.png\" sizes=\"auto, \" srcset=\"\" alt=\"add-toggle-read-only-in-toolbar\" width=\"664\" height=\"547\"><\/li><li> Zu diesem Zeitpunkt wurde die Schaltfl\u00e4che \u201eSchreibgesch\u00fctzt umschalten\u201c zur \u201eSymbolleiste f\u00fcr den Schnellzugriff\u201c hinzugef\u00fcgt.<\/li><li> Um nun den schreibgesch\u00fctzten Modus zu aktivieren, klicken Sie auf die Schaltfl\u00e4che \u201eZu schreibgesch\u00fctzt wechseln\u201c und der Arbeitsmappenmodus wird in den schreibgesch\u00fctzten Modus ge\u00e4ndert.<\/li><li> Um den Bearbeitungsmodus wieder zu aktivieren, klicken Sie erneut auf die Schaltfl\u00e4che \u201eZur schreibgesch\u00fctzten Anzeige wechseln\u201c. <br><img loading=\"lazy\" decoding=\"async\" title=\"11 schreibgesch\u00fctzte Umschalttasten\" src=\"https:\/\/exceladvisor.org\/wp-content\/uploads\/2023\/08\/11-basculer-le-bouton-de-lecture-seule.png\" sizes=\"auto, \" srcset=\"\" alt=\"toggle-read-only-button\" width=\"326\" height=\"172\"><\/li><\/ol><p class=\"qt-tip\"> <strong>Hinweis:<\/strong> Wenn Sie die Arbeitsmappe nicht gespeichert haben, werden Sie von Excel aufgefordert, alle bereits vorgenommenen \u00c4nderungen zu speichern, bevor Sie den schreibgesch\u00fctzten Modus aktivieren. <\/p><div class=\"wp-block-image\"><figure class=\"aligncenter size-full is-resized\"><img loading=\"lazy\" decoding=\"async\" class=\"wp-image-84807\" src=\"https:\/\/exceladvisor.org\/wp-content\/uploads\/2023\/08\/12-enregistrer-les-modifications.png\" sizes=\"auto, \" srcset=\"\" alt=\"\u00c4nderungen speichern\" width=\"390\" height=\"133\"><\/figure><\/div><h2 id=\"h-remove-read-only-mode-of-the-file\" class=\"wp-block-heading\"> Entfernen Sie den schreibgesch\u00fctzten Modus aus der Datei<\/h2><p> Um den schreibgesch\u00fctzten Modus aus der Arbeitsmappe zu entfernen und sie wieder bearbeitbar zu machen, m\u00fcssen Sie mit \u201eSpeichern unter\u201c eine neue Kopie der Arbeitsmappe erstellen und beim Speichern der neuen Kopie das Kontrollk\u00e4stchen \u201eEmpfohlener schreibgesch\u00fctzter Modus\u201c deaktivieren \u00bbDialogfeld \u201eAllgemeine Optionen\u201c. <\/p><div class=\"wp-block-image\"><figure class=\"aligncenter size-full is-resized\"><img loading=\"lazy\" decoding=\"async\" class=\"wp-image-84808\" src=\"https:\/\/exceladvisor.org\/wp-content\/uploads\/2023\/08\/13-supprimer-le-mode-lecture-seule.png\" sizes=\"auto, \" srcset=\"\" alt=\"Entfernen Sie den schreibgesch\u00fctzten Modus\" width=\"658\" height=\"346\"><\/figure><\/div><div class=\"gb-container gb-container-4db6181c gb-container-mt\"> <a class=\"gb-button gb-button-c5897111 gb-button-text gb-button-mt-button\" href=\"https:\/\/exceladvisor.org\/de\/excel-fortschritt\/\">Erweiterte Excel-Tutorials<\/a><h2 class=\"gb-headline gb-headline-665e5f6b gb-headline-text gb-headline-mt-heading\"> Verwandte Tutorials <\/h2><div class=\"gb-grid-wrapper gb-grid-wrapper-a20baf7c gb-grid-wrapper-mt-grid\"><div class=\"gb-grid-column gb-grid-column-65ddf67e\"><div class=\"gb-container gb-container-65ddf67e\"><ul><li> <a href=\"https:\/\/exceladvisor.org\/de\/kamera-tool\/\">Excel-Kamera-Tool<\/a><\/li><li> <a href=\"https:\/\/exceladvisor.org\/de\/uhrfenster\/\">Beobachtungsfenster in Excel<\/a><\/li><li> <a href=\"https:\/\/exceladvisor.org\/de\/excel-slicer\/\">Excel Slicer (vollst\u00e4ndige Anleitung)<\/a><\/li><li> <a href=\"https:\/\/exceladvisor.org\/de\/excel-standardmassig-auf-dem-mac\/\">Machen Sie Excel auf dem Mac zum Standard<\/a><\/li><\/ul><\/div><\/div><\/div><\/div>","protected":false},"excerpt":{"rendered":"","protected":false},"author":1,"featured_media":0,"parent":0,"menu_order":0,"comment_status":"open","ping_status":"closed","template":"","meta":{"ub_ctt_via":"","footnotes":""},"class_list":["post-3418","page","type-page","status-publish","hentry"],"featured_image_src":null,"yoast_head":"<!-- This site is optimized with the Yoast SEO plugin v25.4 - https:\/\/yoast.com\/wordpress\/plugins\/seo\/ -->\n<title>3 M\u00f6glichkeiten zum Erstellen schreibgesch\u00fctzter Dateien in Excel<\/title>\n<meta name=\"robots\" content=\"index, follow, max-snippet:-1, max-image-preview:large, max-video-preview:-1\" \/>\n<link rel=\"canonical\" href=\"https:\/\/exceladvisor.org\/de\/schreibgeschutzt\/\" \/>\n<meta property=\"og:locale\" content=\"de_DE\" \/>\n<meta property=\"og:type\" content=\"article\" \/>\n<meta property=\"og:title\" content=\"3 M\u00f6glichkeiten zum Erstellen schreibgesch\u00fctzter Dateien in Excel\" \/>\n<meta property=\"og:url\" content=\"https:\/\/exceladvisor.org\/de\/schreibgeschutzt\/\" \/>\n<meta property=\"og:site_name\" content=\"Excel Advisor\" \/>\n<meta property=\"article:modified_time\" content=\"2023-12-03T13:04:22+00:00\" \/>\n<meta property=\"og:image\" content=\"https:\/\/exceladvisor.org\/wp-content\/uploads\/2023\/08\/1-enregistrer-en-tant-quoption.png\" \/>\n<meta name=\"twitter:card\" content=\"summary_large_image\" \/>\n<meta name=\"twitter:label1\" content=\"Gesch\u00e4tzte Lesezeit\" \/>\n\t<meta name=\"twitter:data1\" content=\"3\u00a0Minuten\" \/>\n<script type=\"application\/ld+json\" class=\"yoast-schema-graph\">{\"@context\":\"https:\/\/schema.org\",\"@graph\":[{\"@type\":\"WebPage\",\"@id\":\"https:\/\/exceladvisor.org\/de\/schreibgeschutzt\/\",\"url\":\"https:\/\/exceladvisor.org\/de\/schreibgeschutzt\/\",\"name\":\"3 M\u00f6glichkeiten zum Erstellen schreibgesch\u00fctzter Dateien in Excel\",\"isPartOf\":{\"@id\":\"https:\/\/exceladvisor.org\/de\/#website\"},\"primaryImageOfPage\":{\"@id\":\"https:\/\/exceladvisor.org\/de\/schreibgeschutzt\/#primaryimage\"},\"image\":{\"@id\":\"https:\/\/exceladvisor.org\/de\/schreibgeschutzt\/#primaryimage\"},\"thumbnailUrl\":\"https:\/\/exceladvisor.org\/wp-content\/uploads\/2023\/08\/1-enregistrer-en-tant-quoption.png\",\"datePublished\":\"2023-10-27T23:22:27+00:00\",\"dateModified\":\"2023-12-03T13:04:22+00:00\",\"breadcrumb\":{\"@id\":\"https:\/\/exceladvisor.org\/de\/schreibgeschutzt\/#breadcrumb\"},\"inLanguage\":\"de\",\"potentialAction\":[{\"@type\":\"ReadAction\",\"target\":[\"https:\/\/exceladvisor.org\/de\/schreibgeschutzt\/\"]}]},{\"@type\":\"ImageObject\",\"inLanguage\":\"de\",\"@id\":\"https:\/\/exceladvisor.org\/de\/schreibgeschutzt\/#primaryimage\",\"url\":\"https:\/\/exceladvisor.org\/wp-content\/uploads\/2023\/08\/1-enregistrer-en-tant-quoption.png\",\"contentUrl\":\"https:\/\/exceladvisor.org\/wp-content\/uploads\/2023\/08\/1-enregistrer-en-tant-quoption.png\"},{\"@type\":\"BreadcrumbList\",\"@id\":\"https:\/\/exceladvisor.org\/de\/schreibgeschutzt\/#breadcrumb\",\"itemListElement\":[{\"@type\":\"ListItem\",\"position\":1,\"name\":\"Accueil\",\"item\":\"https:\/\/exceladvisor.org\/de\/\"},{\"@type\":\"ListItem\",\"position\":2,\"name\":\"Wie mache ich excel schreibgesch\u00fctzt?\"}]},{\"@type\":\"WebSite\",\"@id\":\"https:\/\/exceladvisor.org\/de\/#website\",\"url\":\"https:\/\/exceladvisor.org\/de\/\",\"name\":\"Excel Advisor\",\"description\":\"Ihr Leitfaden zur Datendominanz\",\"publisher\":{\"@id\":\"https:\/\/exceladvisor.org\/de\/#organization\"},\"potentialAction\":[{\"@type\":\"SearchAction\",\"target\":{\"@type\":\"EntryPoint\",\"urlTemplate\":\"https:\/\/exceladvisor.org\/de\/?s={search_term_string}\"},\"query-input\":{\"@type\":\"PropertyValueSpecification\",\"valueRequired\":true,\"valueName\":\"search_term_string\"}}],\"inLanguage\":\"de\"},{\"@type\":\"Organization\",\"@id\":\"https:\/\/exceladvisor.org\/de\/#organization\",\"name\":\"Excel Advisor\",\"url\":\"https:\/\/exceladvisor.org\/de\/\",\"logo\":{\"@type\":\"ImageObject\",\"inLanguage\":\"de\",\"@id\":\"https:\/\/exceladvisor.org\/de\/#\/schema\/logo\/image\/\",\"url\":\"https:\/\/exceladvisor.org\/de\/wp-content\/uploads\/2023\/11\/exceladvisor.org_.png\",\"contentUrl\":\"https:\/\/exceladvisor.org\/de\/wp-content\/uploads\/2023\/11\/exceladvisor.org_.png\",\"width\":105,\"height\":36,\"caption\":\"Excel Advisor\"},\"image\":{\"@id\":\"https:\/\/exceladvisor.org\/de\/#\/schema\/logo\/image\/\"}}]}<\/script>\n<!-- \/ Yoast SEO plugin. -->","yoast_head_json":{"title":"3 M\u00f6glichkeiten zum Erstellen schreibgesch\u00fctzter Dateien in Excel","robots":{"index":"index","follow":"follow","max-snippet":"max-snippet:-1","max-image-preview":"max-image-preview:large","max-video-preview":"max-video-preview:-1"},"canonical":"https:\/\/exceladvisor.org\/de\/schreibgeschutzt\/","og_locale":"de_DE","og_type":"article","og_title":"3 M\u00f6glichkeiten zum Erstellen schreibgesch\u00fctzter Dateien in Excel","og_url":"https:\/\/exceladvisor.org\/de\/schreibgeschutzt\/","og_site_name":"Excel Advisor","article_modified_time":"2023-12-03T13:04:22+00:00","og_image":[{"url":"https:\/\/exceladvisor.org\/wp-content\/uploads\/2023\/08\/1-enregistrer-en-tant-quoption.png","type":"","width":"","height":""}],"twitter_card":"summary_large_image","twitter_misc":{"Gesch\u00e4tzte Lesezeit":"3\u00a0Minuten"},"schema":{"@context":"https:\/\/schema.org","@graph":[{"@type":"WebPage","@id":"https:\/\/exceladvisor.org\/de\/schreibgeschutzt\/","url":"https:\/\/exceladvisor.org\/de\/schreibgeschutzt\/","name":"3 M\u00f6glichkeiten zum Erstellen schreibgesch\u00fctzter Dateien in Excel","isPartOf":{"@id":"https:\/\/exceladvisor.org\/de\/#website"},"primaryImageOfPage":{"@id":"https:\/\/exceladvisor.org\/de\/schreibgeschutzt\/#primaryimage"},"image":{"@id":"https:\/\/exceladvisor.org\/de\/schreibgeschutzt\/#primaryimage"},"thumbnailUrl":"https:\/\/exceladvisor.org\/wp-content\/uploads\/2023\/08\/1-enregistrer-en-tant-quoption.png","datePublished":"2023-10-27T23:22:27+00:00","dateModified":"2023-12-03T13:04:22+00:00","breadcrumb":{"@id":"https:\/\/exceladvisor.org\/de\/schreibgeschutzt\/#breadcrumb"},"inLanguage":"de","potentialAction":[{"@type":"ReadAction","target":["https:\/\/exceladvisor.org\/de\/schreibgeschutzt\/"]}]},{"@type":"ImageObject","inLanguage":"de","@id":"https:\/\/exceladvisor.org\/de\/schreibgeschutzt\/#primaryimage","url":"https:\/\/exceladvisor.org\/wp-content\/uploads\/2023\/08\/1-enregistrer-en-tant-quoption.png","contentUrl":"https:\/\/exceladvisor.org\/wp-content\/uploads\/2023\/08\/1-enregistrer-en-tant-quoption.png"},{"@type":"BreadcrumbList","@id":"https:\/\/exceladvisor.org\/de\/schreibgeschutzt\/#breadcrumb","itemListElement":[{"@type":"ListItem","position":1,"name":"Accueil","item":"https:\/\/exceladvisor.org\/de\/"},{"@type":"ListItem","position":2,"name":"Wie mache ich excel schreibgesch\u00fctzt?"}]},{"@type":"WebSite","@id":"https:\/\/exceladvisor.org\/de\/#website","url":"https:\/\/exceladvisor.org\/de\/","name":"Excel Advisor","description":"Ihr Leitfaden zur Datendominanz","publisher":{"@id":"https:\/\/exceladvisor.org\/de\/#organization"},"potentialAction":[{"@type":"SearchAction","target":{"@type":"EntryPoint","urlTemplate":"https:\/\/exceladvisor.org\/de\/?s={search_term_string}"},"query-input":{"@type":"PropertyValueSpecification","valueRequired":true,"valueName":"search_term_string"}}],"inLanguage":"de"},{"@type":"Organization","@id":"https:\/\/exceladvisor.org\/de\/#organization","name":"Excel Advisor","url":"https:\/\/exceladvisor.org\/de\/","logo":{"@type":"ImageObject","inLanguage":"de","@id":"https:\/\/exceladvisor.org\/de\/#\/schema\/logo\/image\/","url":"https:\/\/exceladvisor.org\/de\/wp-content\/uploads\/2023\/11\/exceladvisor.org_.png","contentUrl":"https:\/\/exceladvisor.org\/de\/wp-content\/uploads\/2023\/11\/exceladvisor.org_.png","width":105,"height":36,"caption":"Excel Advisor"},"image":{"@id":"https:\/\/exceladvisor.org\/de\/#\/schema\/logo\/image\/"}}]}},"yoast_meta":{"yoast_wpseo_title":"","yoast_wpseo_metadesc":"","yoast_wpseo_canonical":""},"_links":{"self":[{"href":"https:\/\/exceladvisor.org\/de\/wp-json\/wp\/v2\/pages\/3418","targetHints":{"allow":["GET"]}}],"collection":[{"href":"https:\/\/exceladvisor.org\/de\/wp-json\/wp\/v2\/pages"}],"about":[{"href":"https:\/\/exceladvisor.org\/de\/wp-json\/wp\/v2\/types\/page"}],"author":[{"embeddable":true,"href":"https:\/\/exceladvisor.org\/de\/wp-json\/wp\/v2\/users\/1"}],"replies":[{"embeddable":true,"href":"https:\/\/exceladvisor.org\/de\/wp-json\/wp\/v2\/comments?post=3418"}],"version-history":[{"count":1,"href":"https:\/\/exceladvisor.org\/de\/wp-json\/wp\/v2\/pages\/3418\/revisions"}],"predecessor-version":[{"id":4152,"href":"https:\/\/exceladvisor.org\/de\/wp-json\/wp\/v2\/pages\/3418\/revisions\/4152"}],"wp:attachment":[{"href":"https:\/\/exceladvisor.org\/de\/wp-json\/wp\/v2\/media?parent=3418"}],"curies":[{"name":"wp","href":"https:\/\/api.w.org\/{rel}","templated":true}]}}