{"id":3419,"date":"2023-10-27T23:10:54","date_gmt":"2023-10-27T23:10:54","guid":{"rendered":"https:\/\/exceladvisor.org\/de\/deaktivieren-sie-die-automatische-speicherung\/"},"modified":"2023-12-03T11:14:20","modified_gmt":"2023-12-03T11:14:20","slug":"deaktivieren-sie-die-automatische-speicherung","status":"publish","type":"page","link":"https:\/\/exceladvisor.org\/de\/deaktivieren-sie-die-automatische-speicherung\/","title":{"rendered":"Wie deaktiviere ich die automatische speicherung in excel?"},"content":{"rendered":"<div class=\"excel-vor-dem-inhalt\" id=\"excel-1660579172\"><script type=\"text\/javascript\">\r\n\tatOptions = {\r\n\t\t'key' : 'c1158f160081d6540a8409e6925dab94',\r\n\t\t'format' : 'iframe',\r\n\t\t'height' : 250,\r\n\t\t'width' : 300,\r\n\t\t'params' : {}\r\n\t};\r\n<\/script>\r\n<script type=\"text\/javascript\" src=\"\/\/www.highperformanceformat.com\/c1158f160081d6540a8409e6925dab94\/invoke.js\"><\/script><\/div> <p>AutoSave ist eine neue Funktion, die Microsoft in allen Office-Anwendungen, einschlie\u00dflich Excel, eingef\u00fchrt hat. Es funktioniert mit OneDrive und SharePoint, um Ihre Dateien in regelm\u00e4\u00dfigen Abst\u00e4nden automatisch zu speichern. Es gibt also immer eine R\u00fcckseite der Datei. <\/p><div class=\"wp-block-image\"><figure class=\"aligncenter size-full is-resized\"><img loading=\"lazy\" decoding=\"async\" class=\"wp-image-85885\" src=\"https:\/\/exceladvisor.org\/wp-content\/uploads\/2023\/08\/1-desactiver-la-fonction-de-sauvegarde-automatique.png\" sizes=\"auto, \" srcset=\"\" alt=\"Deaktivieren Sie die Funktion zum automatischen Speichern\" width=\"476\" height=\"220\"><\/figure><\/div><p> Und wenn Sie es deaktivieren m\u00f6chten, k\u00f6nnen Sie das tun.<\/p><h2 class=\"wp-block-heading\"> Deaktivieren Sie AutoSave in den Excel-Optionen<\/h2><ol><li> Gehen Sie zun\u00e4chst zur Registerkarte \u201eDatei\u201c und dann zu \u201eOptionen\u201c, um <a href=\"https:\/\/exceladvisor.org\/de\/optionen\/\">die Excel-Optionen<\/a> zu \u00f6ffnen.<\/li><li> Klicken Sie anschlie\u00dfend auf der rechten Seite auf die Registerkarte Speichern.<\/li><li> Deaktivieren Sie unter der \u00dcberschrift \u201eArbeitsmappen speichern\u201c die Option \u201eIn der Cloud gespeicherte Dateien standardm\u00e4\u00dfig automatisch in Excel speichern\u201c.<\/li><li> Klicken Sie abschlie\u00dfend auf OK, um die Einstellungen zu speichern. <\/li><\/ol><div class=\"wp-block-image\"><figure class=\"aligncenter size-full is-resized\"><img loading=\"lazy\" decoding=\"async\" class=\"wp-image-85886\" src=\"https:\/\/exceladvisor.org\/wp-content\/uploads\/2023\/08\/2-options-de-sauvegarde-automatique-a-partir-dExcel.png\" sizes=\"auto, \" srcset=\"\" alt=\"Autosave-Optionen von Excel\" width=\"750\" height=\"460\"><\/figure><\/div><p> Sobald Sie diese Einstellungen speichern, beendet Excel die automatische Speicherung f\u00fcr die neue Datei, die Sie auf OneDrive speichern.<\/p><p> Bei Dateien, die vor dieser Einstellung in OneDrive gespeichert wurden, ist AutoSave jedoch weiterhin aktiviert und Sie m\u00fcssen es \u00fcber die Schaltfl\u00e4che \u201eAutoSave\u201c in der <a href=\"https:\/\/exceladvisor.org\/de\/schnellzugriffsleiste\/\">Symbolleiste f\u00fcr den Schnellzugriff<\/a> deaktivieren.<\/p><h2 class=\"wp-block-heading\"> Deaktivieren Sie die automatische Speicherung, ohne sie auszuschalten!<\/h2><p> AutoSave ist eine fantastische Funktion, die Ihnen beim Speichern von Dateien hilft. Und ich empfehle Ihnen, anstatt es in den Excel-Optionen zu deaktivieren, die Umschalttaste in der Symbolleiste f\u00fcr den Schnellzugriff zu verwenden, um es zu aktivieren und zu deaktivieren. <\/p><div class=\"wp-block-image\"><figure class=\"aligncenter size-full is-resized\"><img loading=\"lazy\" decoding=\"async\" class=\"wp-image-85887\" src=\"https:\/\/exceladvisor.org\/wp-content\/uploads\/2023\/08\/3-desactiver-la-sauvegarde-automatique-sans-la-desactiver.png\" sizes=\"auto, \" srcset=\"\" alt=\"Automatisches Speichern deaktivieren, ohne es auszuschalten\" width=\"682\" height=\"175\"><\/figure><\/div><div class=\"gb-container gb-container-4db6181c gb-container-mt\"> <a class=\"gb-button gb-button-c5897111 gb-button-text gb-button-mt-button\" href=\"https:\/\/exceladvisor.org\/de\/excel-fortschritt\/\">Erweiterte Excel-Tutorials<\/a><h2 class=\"gb-headline gb-headline-665e5f6b gb-headline-text gb-headline-mt-heading\"> Verwandte Tutorials <\/h2><div class=\"gb-grid-wrapper gb-grid-wrapper-a20baf7c gb-grid-wrapper-mt-grid\"><div class=\"gb-grid-column gb-grid-column-65ddf67e\"><div class=\"gb-container gb-container-65ddf67e\"><ul><li> <a href=\"https:\/\/exceladvisor.org\/de\/kamera-tool\/\">Excel-Kamera-Tool<\/a><\/li><li> <a href=\"https:\/\/exceladvisor.org\/de\/ziel-suchen\/\">Zielfinder in Excel<\/a><\/li><li> <a href=\"https:\/\/exceladvisor.org\/de\/uhrfenster\/\">Beobachtungsfenster in Excel<\/a><\/li><li> <a href=\"https:\/\/exceladvisor.org\/de\/excel-slicer\/\">Excel Slicer (vollst\u00e4ndige Anleitung)<\/a><\/li><li> <a href=\"https:\/\/exceladvisor.org\/de\/excel-standardmassig-auf-dem-mac\/\">Machen Sie Excel auf dem Mac zum Standard<\/a><\/li><\/ul><\/div><\/div><\/div><\/div>","protected":false},"excerpt":{"rendered":"","protected":false},"author":1,"featured_media":0,"parent":0,"menu_order":0,"comment_status":"open","ping_status":"closed","template":"","meta":{"ub_ctt_via":"","footnotes":""},"class_list":["post-3419","page","type-page","status-publish","hentry"],"featured_image_src":null,"yoast_head":"<!-- This site is optimized with the Yoast SEO plugin v25.4 - https:\/\/yoast.com\/wordpress\/plugins\/seo\/ -->\n<title>Wie deaktiviere ich die automatische Speicherung in Excel?<\/title>\n<meta name=\"description\" content=\"Dies ist ein fortgeschrittenes Excel-Tutorial, das Ihnen hilft, zu lernen, wie Sie die Option zum automatischen Speichern aktivieren und deaktivieren.\" \/>\n<meta name=\"robots\" content=\"index, follow, max-snippet:-1, max-image-preview:large, max-video-preview:-1\" \/>\n<link rel=\"canonical\" href=\"https:\/\/exceladvisor.org\/de\/deaktivieren-sie-die-automatische-speicherung\/\" \/>\n<meta property=\"og:locale\" content=\"de_DE\" \/>\n<meta property=\"og:type\" content=\"article\" \/>\n<meta property=\"og:title\" content=\"Wie deaktiviere ich die automatische Speicherung in Excel?\" \/>\n<meta property=\"og:description\" content=\"Dies ist ein fortgeschrittenes Excel-Tutorial, das Ihnen hilft, zu lernen, wie Sie die Option zum automatischen Speichern aktivieren und deaktivieren.\" \/>\n<meta property=\"og:url\" content=\"https:\/\/exceladvisor.org\/de\/deaktivieren-sie-die-automatische-speicherung\/\" \/>\n<meta property=\"og:site_name\" content=\"Excel Advisor\" \/>\n<meta property=\"article:modified_time\" content=\"2023-12-03T11:14:20+00:00\" \/>\n<meta property=\"og:image\" content=\"https:\/\/exceladvisor.org\/wp-content\/uploads\/2023\/08\/1-desactiver-la-fonction-de-sauvegarde-automatique.png\" \/>\n<meta name=\"twitter:card\" content=\"summary_large_image\" \/>\n<meta name=\"twitter:label1\" content=\"Gesch\u00e4tzte Lesezeit\" \/>\n\t<meta name=\"twitter:data1\" content=\"1\u00a0Minute\" \/>\n<script type=\"application\/ld+json\" class=\"yoast-schema-graph\">{\"@context\":\"https:\/\/schema.org\",\"@graph\":[{\"@type\":\"WebPage\",\"@id\":\"https:\/\/exceladvisor.org\/de\/deaktivieren-sie-die-automatische-speicherung\/\",\"url\":\"https:\/\/exceladvisor.org\/de\/deaktivieren-sie-die-automatische-speicherung\/\",\"name\":\"Wie deaktiviere ich die automatische Speicherung in Excel?\",\"isPartOf\":{\"@id\":\"https:\/\/exceladvisor.org\/de\/#website\"},\"primaryImageOfPage\":{\"@id\":\"https:\/\/exceladvisor.org\/de\/deaktivieren-sie-die-automatische-speicherung\/#primaryimage\"},\"image\":{\"@id\":\"https:\/\/exceladvisor.org\/de\/deaktivieren-sie-die-automatische-speicherung\/#primaryimage\"},\"thumbnailUrl\":\"https:\/\/exceladvisor.org\/wp-content\/uploads\/2023\/08\/1-desactiver-la-fonction-de-sauvegarde-automatique.png\",\"datePublished\":\"2023-10-27T23:10:54+00:00\",\"dateModified\":\"2023-12-03T11:14:20+00:00\",\"description\":\"Dies ist ein fortgeschrittenes Excel-Tutorial, das Ihnen hilft, zu lernen, wie Sie die Option zum automatischen Speichern aktivieren und deaktivieren.\",\"breadcrumb\":{\"@id\":\"https:\/\/exceladvisor.org\/de\/deaktivieren-sie-die-automatische-speicherung\/#breadcrumb\"},\"inLanguage\":\"de\",\"potentialAction\":[{\"@type\":\"ReadAction\",\"target\":[\"https:\/\/exceladvisor.org\/de\/deaktivieren-sie-die-automatische-speicherung\/\"]}]},{\"@type\":\"ImageObject\",\"inLanguage\":\"de\",\"@id\":\"https:\/\/exceladvisor.org\/de\/deaktivieren-sie-die-automatische-speicherung\/#primaryimage\",\"url\":\"https:\/\/exceladvisor.org\/wp-content\/uploads\/2023\/08\/1-desactiver-la-fonction-de-sauvegarde-automatique.png\",\"contentUrl\":\"https:\/\/exceladvisor.org\/wp-content\/uploads\/2023\/08\/1-desactiver-la-fonction-de-sauvegarde-automatique.png\"},{\"@type\":\"BreadcrumbList\",\"@id\":\"https:\/\/exceladvisor.org\/de\/deaktivieren-sie-die-automatische-speicherung\/#breadcrumb\",\"itemListElement\":[{\"@type\":\"ListItem\",\"position\":1,\"name\":\"Accueil\",\"item\":\"https:\/\/exceladvisor.org\/de\/\"},{\"@type\":\"ListItem\",\"position\":2,\"name\":\"Wie deaktiviere ich die automatische speicherung in excel?\"}]},{\"@type\":\"WebSite\",\"@id\":\"https:\/\/exceladvisor.org\/de\/#website\",\"url\":\"https:\/\/exceladvisor.org\/de\/\",\"name\":\"Excel Advisor\",\"description\":\"Ihr Leitfaden zur Datendominanz\",\"publisher\":{\"@id\":\"https:\/\/exceladvisor.org\/de\/#organization\"},\"potentialAction\":[{\"@type\":\"SearchAction\",\"target\":{\"@type\":\"EntryPoint\",\"urlTemplate\":\"https:\/\/exceladvisor.org\/de\/?s={search_term_string}\"},\"query-input\":{\"@type\":\"PropertyValueSpecification\",\"valueRequired\":true,\"valueName\":\"search_term_string\"}}],\"inLanguage\":\"de\"},{\"@type\":\"Organization\",\"@id\":\"https:\/\/exceladvisor.org\/de\/#organization\",\"name\":\"Excel Advisor\",\"url\":\"https:\/\/exceladvisor.org\/de\/\",\"logo\":{\"@type\":\"ImageObject\",\"inLanguage\":\"de\",\"@id\":\"https:\/\/exceladvisor.org\/de\/#\/schema\/logo\/image\/\",\"url\":\"https:\/\/exceladvisor.org\/de\/wp-content\/uploads\/2023\/11\/exceladvisor.org_.png\",\"contentUrl\":\"https:\/\/exceladvisor.org\/de\/wp-content\/uploads\/2023\/11\/exceladvisor.org_.png\",\"width\":105,\"height\":36,\"caption\":\"Excel Advisor\"},\"image\":{\"@id\":\"https:\/\/exceladvisor.org\/de\/#\/schema\/logo\/image\/\"}}]}<\/script>\n<!-- \/ Yoast SEO plugin. -->","yoast_head_json":{"title":"Wie deaktiviere ich die automatische Speicherung in Excel?","description":"Dies ist ein fortgeschrittenes Excel-Tutorial, das Ihnen hilft, zu lernen, wie Sie die Option zum automatischen Speichern aktivieren und deaktivieren.","robots":{"index":"index","follow":"follow","max-snippet":"max-snippet:-1","max-image-preview":"max-image-preview:large","max-video-preview":"max-video-preview:-1"},"canonical":"https:\/\/exceladvisor.org\/de\/deaktivieren-sie-die-automatische-speicherung\/","og_locale":"de_DE","og_type":"article","og_title":"Wie deaktiviere ich die automatische Speicherung in Excel?","og_description":"Dies ist ein fortgeschrittenes Excel-Tutorial, das Ihnen hilft, zu lernen, wie Sie die Option zum automatischen Speichern aktivieren und deaktivieren.","og_url":"https:\/\/exceladvisor.org\/de\/deaktivieren-sie-die-automatische-speicherung\/","og_site_name":"Excel Advisor","article_modified_time":"2023-12-03T11:14:20+00:00","og_image":[{"url":"https:\/\/exceladvisor.org\/wp-content\/uploads\/2023\/08\/1-desactiver-la-fonction-de-sauvegarde-automatique.png","type":"","width":"","height":""}],"twitter_card":"summary_large_image","twitter_misc":{"Gesch\u00e4tzte Lesezeit":"1\u00a0Minute"},"schema":{"@context":"https:\/\/schema.org","@graph":[{"@type":"WebPage","@id":"https:\/\/exceladvisor.org\/de\/deaktivieren-sie-die-automatische-speicherung\/","url":"https:\/\/exceladvisor.org\/de\/deaktivieren-sie-die-automatische-speicherung\/","name":"Wie deaktiviere ich die automatische Speicherung in Excel?","isPartOf":{"@id":"https:\/\/exceladvisor.org\/de\/#website"},"primaryImageOfPage":{"@id":"https:\/\/exceladvisor.org\/de\/deaktivieren-sie-die-automatische-speicherung\/#primaryimage"},"image":{"@id":"https:\/\/exceladvisor.org\/de\/deaktivieren-sie-die-automatische-speicherung\/#primaryimage"},"thumbnailUrl":"https:\/\/exceladvisor.org\/wp-content\/uploads\/2023\/08\/1-desactiver-la-fonction-de-sauvegarde-automatique.png","datePublished":"2023-10-27T23:10:54+00:00","dateModified":"2023-12-03T11:14:20+00:00","description":"Dies ist ein fortgeschrittenes Excel-Tutorial, das Ihnen hilft, zu lernen, wie Sie die Option zum automatischen Speichern aktivieren und deaktivieren.","breadcrumb":{"@id":"https:\/\/exceladvisor.org\/de\/deaktivieren-sie-die-automatische-speicherung\/#breadcrumb"},"inLanguage":"de","potentialAction":[{"@type":"ReadAction","target":["https:\/\/exceladvisor.org\/de\/deaktivieren-sie-die-automatische-speicherung\/"]}]},{"@type":"ImageObject","inLanguage":"de","@id":"https:\/\/exceladvisor.org\/de\/deaktivieren-sie-die-automatische-speicherung\/#primaryimage","url":"https:\/\/exceladvisor.org\/wp-content\/uploads\/2023\/08\/1-desactiver-la-fonction-de-sauvegarde-automatique.png","contentUrl":"https:\/\/exceladvisor.org\/wp-content\/uploads\/2023\/08\/1-desactiver-la-fonction-de-sauvegarde-automatique.png"},{"@type":"BreadcrumbList","@id":"https:\/\/exceladvisor.org\/de\/deaktivieren-sie-die-automatische-speicherung\/#breadcrumb","itemListElement":[{"@type":"ListItem","position":1,"name":"Accueil","item":"https:\/\/exceladvisor.org\/de\/"},{"@type":"ListItem","position":2,"name":"Wie deaktiviere ich die automatische speicherung in excel?"}]},{"@type":"WebSite","@id":"https:\/\/exceladvisor.org\/de\/#website","url":"https:\/\/exceladvisor.org\/de\/","name":"Excel Advisor","description":"Ihr Leitfaden zur Datendominanz","publisher":{"@id":"https:\/\/exceladvisor.org\/de\/#organization"},"potentialAction":[{"@type":"SearchAction","target":{"@type":"EntryPoint","urlTemplate":"https:\/\/exceladvisor.org\/de\/?s={search_term_string}"},"query-input":{"@type":"PropertyValueSpecification","valueRequired":true,"valueName":"search_term_string"}}],"inLanguage":"de"},{"@type":"Organization","@id":"https:\/\/exceladvisor.org\/de\/#organization","name":"Excel Advisor","url":"https:\/\/exceladvisor.org\/de\/","logo":{"@type":"ImageObject","inLanguage":"de","@id":"https:\/\/exceladvisor.org\/de\/#\/schema\/logo\/image\/","url":"https:\/\/exceladvisor.org\/de\/wp-content\/uploads\/2023\/11\/exceladvisor.org_.png","contentUrl":"https:\/\/exceladvisor.org\/de\/wp-content\/uploads\/2023\/11\/exceladvisor.org_.png","width":105,"height":36,"caption":"Excel Advisor"},"image":{"@id":"https:\/\/exceladvisor.org\/de\/#\/schema\/logo\/image\/"}}]}},"yoast_meta":{"yoast_wpseo_title":"","yoast_wpseo_metadesc":"","yoast_wpseo_canonical":""},"_links":{"self":[{"href":"https:\/\/exceladvisor.org\/de\/wp-json\/wp\/v2\/pages\/3419","targetHints":{"allow":["GET"]}}],"collection":[{"href":"https:\/\/exceladvisor.org\/de\/wp-json\/wp\/v2\/pages"}],"about":[{"href":"https:\/\/exceladvisor.org\/de\/wp-json\/wp\/v2\/types\/page"}],"author":[{"embeddable":true,"href":"https:\/\/exceladvisor.org\/de\/wp-json\/wp\/v2\/users\/1"}],"replies":[{"embeddable":true,"href":"https:\/\/exceladvisor.org\/de\/wp-json\/wp\/v2\/comments?post=3419"}],"version-history":[{"count":1,"href":"https:\/\/exceladvisor.org\/de\/wp-json\/wp\/v2\/pages\/3419\/revisions"}],"predecessor-version":[{"id":3902,"href":"https:\/\/exceladvisor.org\/de\/wp-json\/wp\/v2\/pages\/3419\/revisions\/3902"}],"wp:attachment":[{"href":"https:\/\/exceladvisor.org\/de\/wp-json\/wp\/v2\/media?parent=3419"}],"curies":[{"name":"wp","href":"https:\/\/api.w.org\/{rel}","templated":true}]}}