{"id":3422,"date":"2023-10-27T19:06:55","date_gmt":"2023-10-27T19:06:55","guid":{"rendered":"https:\/\/exceladvisor.org\/de\/personendiagramm\/"},"modified":"2023-12-03T11:20:29","modified_gmt":"2023-12-03T11:20:29","slug":"personendiagramm","status":"publish","type":"page","link":"https:\/\/exceladvisor.org\/de\/personendiagramm\/","title":{"rendered":"Wie f\u00fcge ich ein personendiagramm in excel ein?"},"content":{"rendered":"<div class=\"excel-vor-dem-inhalt\" id=\"excel-2177094093\"><script type=\"text\/javascript\">\r\n\tatOptions = {\r\n\t\t'key' : 'c1158f160081d6540a8409e6925dab94',\r\n\t\t'format' : 'iframe',\r\n\t\t'height' : 250,\r\n\t\t'width' : 300,\r\n\t\t'params' : {}\r\n\t};\r\n<\/script>\r\n<script type=\"text\/javascript\" src=\"\/\/www.highperformanceformat.com\/c1158f160081d6540a8409e6925dab94\/invoke.js\"><\/script><\/div> <p>Ich war schon immer von Infografiken und geschichtenbasierten Bildern fasziniert. So etwas hilft mir, eine Geschichte mit Daten zu erz\u00e4hlen. Ein <a style=\"outline: none;\" href=\"https:\/\/exceladvisor.org\/de\/piktogramm\/\">Piktogramm ist ein hervorragendes Beispiel<\/a> . Aber abgesehen davon gibt es in Excel ein Diagramm, das den meisten von uns nicht bekannt ist.<\/p><p> Es hei\u00dft: <strong>People Graph<\/strong> <\/p><div class=\"wp-block-image\"><figure class=\"aligncenter\"><img decoding=\"async\" src=\"https:\/\/exceladvisor.org\/wp-content\/uploads\/2023\/08\/inserer-un-graphique-de-personnes-dans-excel-min-1.png\" sizes=\"\" srcset=\"\" alt=\"F\u00fcgen Sie ein Personendiagramm in Excel ein\"><\/figure><\/div><p> Es wurde erstmals mit Microsoft Excel 2013 eingef\u00fchrt, um Menschen bei der Erstellung von Infografiken zu unterst\u00fctzen. In einem Personendiagramm haben wir anstelle einer S\u00e4ule, eines Balkens oder einer Linie Symbole zur Darstellung der Daten. Und es sieht gut und professionell aus.<\/p><p> Heute m\u00f6chte ich in diesem Artikel einfache Schritte zum Einf\u00fcgen eines Personendiagramms in Excel und die Option, die wir damit verwenden k\u00f6nnen, vorstellen. Also lasst uns anfangen.<\/p><h2 class=\"wp-block-heading\"> 7 Schritte zum Einf\u00fcgen eines Personendiagramms in Excel<\/h2><p> Das Erstellen eines Personendiagramms in Excel ist einfach und unkompliziert, wir brauchen nur ein paar Klicks. Hier ist die Datentabelle, die ich hier verwende. Sie k\u00f6nnen sie hier herunterladen, um sie mitzuverfolgen. <\/p><div class=\"wp-block-image\"><figure class=\"aligncenter\"><img decoding=\"async\" src=\"https:\/\/exceladvisor.org\/wp-content\/uploads\/2023\/08\/donnees-pour-inserer-un-graphique-de-personnes-dans-excel-min-1.png\" sizes=\"\" srcset=\"\" alt=\"Daten zum Einf\u00fcgen eines Personendiagramms in Excel\"><\/figure><\/div><ol><li> Gehen Sie zun\u00e4chst zur Registerkarte \u201eEinf\u00fcgen\u201c -&gt; \u201eAdd-Ins\u201c -&gt; klicken Sie auf die kleine gr\u00fcne Schaltfl\u00e4che. <br><img decoding=\"async\" title=\"Gehen Sie zur Registerkarte \u201eEinf\u00fcgen\u201c, um ein Personendiagramm in Excel einzuf\u00fcgen\" src=\"https:\/\/exceladvisor.org\/wp-content\/uploads\/2023\/08\/allez-a-longlet-inserer-pour-inserer-un-graphique-de-personnes-dans-excel-min-1.png\" sizes=\"\" srcset=\"\" alt=\"go to insert tab to insert a people graph in excel\"><\/li><li> Es wird ein Personendiagramm mit Dummy-Daten eingef\u00fcgt. <br><img decoding=\"async\" title=\"Personendiagramm in Excel-Min einf\u00fcgen\" src=\"https:\/\/exceladvisor.org\/wp-content\/uploads\/2023\/08\/inserer-un-graphique-de-personnes-dans-excel-min-1.png\" sizes=\"\" srcset=\"\" alt=\"insert a people graph in excel\"><\/li><li> Ihr n\u00e4chster Schritt besteht nun darin, die Daten mit dem Diagramm zu verbinden. <br><img decoding=\"async\" title=\"zwei-symbole-zum-einf\u00fcgen-eines-personendiagramms-in-excel-min\" src=\"https:\/\/exceladvisor.org\/wp-content\/uploads\/2023\/08\/deux-icones-pour-inserer-un-graphique-de-personnes-dans-excel-min-1.png\" sizes=\"\" srcset=\"\" alt=\"two icons to insert a people graph in excel\"><\/li><li> Klicken Sie auf das Datensymbol und dann auf die Schaltfl\u00e4che \u201eDaten ausw\u00e4hlen\u201c. <br><img decoding=\"async\" title=\"W\u00e4hlen Sie Ihre Daten aus, um ein Personendiagramm in Excel einzuf\u00fcgen. Min. 1\" src=\"https:\/\/exceladvisor.org\/wp-content\/uploads\/2023\/08\/selectionnez-vos-donnees-pour-inserer-un-graphique-de-personnes-dans-excel-min-1.png\" sizes=\"\" srcset=\"\" alt=\"select your data to insert a people graph in excel\"><\/li><li> W\u00e4hlen Sie nun die Datentabelle aus und klicken Sie auf die Schaltfl\u00e4che Erstellen. <br><img decoding=\"async\" title=\"Klicken Sie auf \u201eErstellen\u201c, um ein Personendiagramm in Excel-Min einzuf\u00fcgen\" src=\"https:\/\/exceladvisor.org\/wp-content\/uploads\/2023\/08\/cliquez-sur-creer-pour-inserer-un-graphique-de-personnes-dans-excel-min-1.png\" sizes=\"\" srcset=\"\" alt=\"click on create to insert a people graph in excel\"><\/li><li> Das letzte, was \u00fcberhaupt ben\u00f6tigt wird, ist ein Titel f\u00fcr Ihr Diagramm.<\/li><li> Klicken Sie erneut auf das Datensymbol und \u00e4ndern Sie den Standardtitel in den gew\u00fcnschten Titel. <br><img decoding=\"async\" title=\"Geben Sie den Titel ein, um ein Personendiagramm in Excel einzuf\u00fcgen\" src=\"https:\/\/exceladvisor.org\/wp-content\/uploads\/2023\/08\/entrez-le-titre-pour-inserer-un-graphique-de-personnes-dans-Excel-min-1.png\" sizes=\"\" srcset=\"\" alt=\"\"><\/li><\/ol><p> Gl\u00fcckwunsch! Ihre erste Infografik ist bereit, ihre Geschichte zu erz\u00e4hlen. Es ist ein stolzer Moment. <\/p><div class=\"wp-block-image\"><figure class=\"aligncenter\"><img decoding=\"async\" src=\"https:\/\/exceladvisor.org\/wp-content\/uploads\/2023\/08\/pret-a-utiliser-le-graphique-des-personnes-dans-excel-min-1.png\" sizes=\"\" srcset=\"\" alt=\"Gebrauchsfertiges Personendiagramm in Excel\"><\/figure><\/div><h2 class=\"wp-block-heading\"> Personalisierung und andere Optionen<\/h2><p> Wie gesagt, es ist einfach, ein Personendiagramm einzuf\u00fcgen. Es gibt jedoch einige Anpassungsoptionen, die danach durchgef\u00fchrt werden k\u00f6nnen.<\/p><h3 class=\"wp-block-heading\"> 1.ChartType<\/h3><p> Es gibt drei Arten vordefinierter Diagramme, die wir verwenden k\u00f6nnen. Klicken Sie auf die Einstellungsschaltfl\u00e4che und w\u00e4hlen Sie den gew\u00fcnschten Typ aus. <\/p><div class=\"wp-block-image\"><figure class=\"aligncenter\"><img decoding=\"async\" src=\"https:\/\/exceladvisor.org\/wp-content\/uploads\/2023\/08\/changer-le-type-dans-le-graphique-des-personnes-dans-excel-min-1.png\" sizes=\"\" srcset=\"\" alt=\"Typ im Personendiagramm in Excel \u00e4ndern\"><\/figure><\/div><h3 class=\"wp-block-heading\"> 2. Thema<\/h3><p> Wir k\u00f6nnen auch verschiedene Themen f\u00fcr unser Diagramm verwenden. Es gibt 7 vordefinierte Themen, die wir verwenden k\u00f6nnen. Klicken Sie auf die Einstellungsschaltfl\u00e4che und w\u00e4hlen Sie den gew\u00fcnschten Typ aus. <\/p><div class=\"wp-block-image\"><figure class=\"aligncenter\"><img decoding=\"async\" src=\"https:\/\/exceladvisor.org\/wp-content\/uploads\/2023\/08\/changer-le-theme-dans-le-graphique-des-personnes-dans-excel-min-1.png\" sizes=\"\" srcset=\"\" alt=\"Thema im Personendiagramm in Excel \u00e4ndern\"><\/figure><\/div><h3 class=\"wp-block-heading\"> 3.Form (Symbol)<\/h3><p> Wir k\u00f6nnen nicht f\u00fcr alle Datentypen ein einziges Formular verwenden. Deshalb stehen uns 12 verschiedene Formen zur Auswahl. Klicken Sie auf die Einstellungsschaltfl\u00e4che und w\u00e4hlen Sie die gew\u00fcnschte Form aus. <\/p><div class=\"wp-block-image\"><figure class=\"aligncenter\"><img decoding=\"async\" src=\"https:\/\/exceladvisor.org\/wp-content\/uploads\/2023\/08\/changer-les-icones-dans-le-graphique-des-personnes-dans-excel-min-1.png\" sizes=\"\" srcset=\"\" alt=\"Symbole im Personendiagramm in Excel \u00e4ndern\"><\/figure><\/div><h3 class=\"wp-block-heading\"> 4. Als Bild speichern<\/h3><p> Es besteht die M\u00f6glichkeit, es als Bild zu speichern. Damit k\u00f6nnen wir es in PowerPoint weiter verwenden, per E-Mail versenden, ins Internet hochladen usw.<\/p><h3 class=\"wp-block-heading\"> 5.Mehr<\/h3><ul><li> Wenn Sie einen Wert in den Quelldaten aktualisieren, m\u00fcssen Sie unbedingt einmal auf das Diagramm klicken, um es zu aktualisieren.<\/li><li> Sie k\u00f6nnen es auch per Kopieren und Einf\u00fcgen als Bild in die Tabelle einf\u00fcgen.<\/li><\/ul><h2 class=\"wp-block-heading\"> Abschluss<\/h2><p> Infografiken eignen sich hervorragend, um Daten anschaulich darzustellen. Und ich finde, dass das Erstellen eines Personendiagramms in Excel wirklich Spa\u00df macht.<\/p><p> Sie k\u00f6nnen es auch in Ihren Dashboards und Vorlagen verwenden, um ihnen ein eindrucksvolles Aussehen zu verleihen und um Daten effektiv f\u00fcr andere verst\u00e4ndlich zu machen. Ich bin sicher, dass Sie dieses Diagramm n\u00fctzlich fanden und es Ihnen bei Ihrer Arbeit helfen wird.<\/p><p> Jetzt sag mir eins.<\/p><p> <span style=\"color: #ea493f;\">Haben Sie das schon einmal probiert?<\/span> Und glauben Sie, dass wir es in unseren Dashboards verwenden k\u00f6nnen?<\/p><p> Bitte teilen Sie Ihre Gedanken im Kommentarbereich mit, ich w\u00fcrde mich freuen, von Ihnen zu h\u00f6ren. Und vergessen Sie nicht, diesen Tipp mit Ihren Freunden zu teilen.<\/p><h2 class=\"wp-block-heading\"> Weitere Charting-Tipps und Tutorials<\/h2><ul><li> <a style=\"outline: none;\" href=\"https:\/\/exceladvisor.org\/de\/fugen-sie-eine-horizontale-linie-hinzu\/\">So f\u00fcgen Sie einem Diagramm in Excel eine horizontale Linie hinzu<\/a><\/li><li> <a style=\"outline: none;\" href=\"https:\/\/exceladvisor.org\/de\/fugen-sie-eine-vertikale-linie-hinzu\/\">So f\u00fcgen Sie einem Diagramm in Excel eine vertikale Linie hinzu<\/a><\/li><li> <a style=\"outline: none;\" href=\"https:\/\/exceladvisor.org\/de\/schwarzes-brett\/\">So erstellen Sie ein Bullet-Diagramm in Excel<\/a><\/li><li> <a style=\"outline: none;\" href=\"https:\/\/exceladvisor.org\/de\/dynamischer-diagrammbereich\/\">So erstellen Sie einen dynamischen Diagrammbereich in Excel<\/a><\/li><li> <a style=\"outline: none;\" href=\"https:\/\/exceladvisor.org\/de\/dynamischer-diagrammtitel\/\">So erstellen Sie einen dynamischen Diagrammtitel in Excel<\/a><\/li><\/ul>","protected":false},"excerpt":{"rendered":"","protected":false},"author":1,"featured_media":0,"parent":0,"menu_order":0,"comment_status":"open","ping_status":"closed","template":"","meta":{"ub_ctt_via":"","footnotes":""},"class_list":["post-3422","page","type-page","status-publish","hentry"],"featured_image_src":null,"yoast_head":"<!-- This site is optimized with the Yoast SEO plugin v25.4 - https:\/\/yoast.com\/wordpress\/plugins\/seo\/ -->\n<title>Wie f\u00fcge ich ein Personendiagramm in Excel ein?<\/title>\n<meta name=\"description\" content=\"Erfahren Sie, wie Sie ein Personendiagramm in Excel einf\u00fcgen. Eine Schritt-f\u00fcr-Schritt-Anleitung finden Sie hier.\" \/>\n<meta name=\"robots\" content=\"index, follow, max-snippet:-1, max-image-preview:large, max-video-preview:-1\" \/>\n<link rel=\"canonical\" href=\"https:\/\/exceladvisor.org\/de\/personendiagramm\/\" \/>\n<meta property=\"og:locale\" content=\"de_DE\" \/>\n<meta property=\"og:type\" content=\"article\" \/>\n<meta property=\"og:title\" content=\"Wie f\u00fcge ich ein Personendiagramm in Excel ein?\" \/>\n<meta property=\"og:description\" content=\"Erfahren Sie, wie Sie ein Personendiagramm in Excel einf\u00fcgen. Eine Schritt-f\u00fcr-Schritt-Anleitung finden Sie hier.\" \/>\n<meta property=\"og:url\" content=\"https:\/\/exceladvisor.org\/de\/personendiagramm\/\" \/>\n<meta property=\"og:site_name\" content=\"Excel Advisor\" \/>\n<meta property=\"article:modified_time\" content=\"2023-12-03T11:20:29+00:00\" \/>\n<meta property=\"og:image\" content=\"https:\/\/exceladvisor.org\/wp-content\/uploads\/2023\/08\/inserer-un-graphique-de-personnes-dans-excel-min-1.png\" \/>\n<meta name=\"twitter:card\" content=\"summary_large_image\" \/>\n<meta name=\"twitter:label1\" content=\"Gesch\u00e4tzte Lesezeit\" \/>\n\t<meta name=\"twitter:data1\" content=\"3\u00a0Minuten\" \/>\n<script type=\"application\/ld+json\" class=\"yoast-schema-graph\">{\"@context\":\"https:\/\/schema.org\",\"@graph\":[{\"@type\":\"WebPage\",\"@id\":\"https:\/\/exceladvisor.org\/de\/personendiagramm\/\",\"url\":\"https:\/\/exceladvisor.org\/de\/personendiagramm\/\",\"name\":\"Wie f\u00fcge ich ein Personendiagramm in Excel ein?\",\"isPartOf\":{\"@id\":\"https:\/\/exceladvisor.org\/de\/#website\"},\"primaryImageOfPage\":{\"@id\":\"https:\/\/exceladvisor.org\/de\/personendiagramm\/#primaryimage\"},\"image\":{\"@id\":\"https:\/\/exceladvisor.org\/de\/personendiagramm\/#primaryimage\"},\"thumbnailUrl\":\"https:\/\/exceladvisor.org\/wp-content\/uploads\/2023\/08\/inserer-un-graphique-de-personnes-dans-excel-min-1.png\",\"datePublished\":\"2023-10-27T19:06:55+00:00\",\"dateModified\":\"2023-12-03T11:20:29+00:00\",\"description\":\"Erfahren Sie, wie Sie ein Personendiagramm in Excel einf\u00fcgen. Eine Schritt-f\u00fcr-Schritt-Anleitung finden Sie hier.\",\"breadcrumb\":{\"@id\":\"https:\/\/exceladvisor.org\/de\/personendiagramm\/#breadcrumb\"},\"inLanguage\":\"de\",\"potentialAction\":[{\"@type\":\"ReadAction\",\"target\":[\"https:\/\/exceladvisor.org\/de\/personendiagramm\/\"]}]},{\"@type\":\"ImageObject\",\"inLanguage\":\"de\",\"@id\":\"https:\/\/exceladvisor.org\/de\/personendiagramm\/#primaryimage\",\"url\":\"https:\/\/exceladvisor.org\/wp-content\/uploads\/2023\/08\/inserer-un-graphique-de-personnes-dans-excel-min-1.png\",\"contentUrl\":\"https:\/\/exceladvisor.org\/wp-content\/uploads\/2023\/08\/inserer-un-graphique-de-personnes-dans-excel-min-1.png\"},{\"@type\":\"BreadcrumbList\",\"@id\":\"https:\/\/exceladvisor.org\/de\/personendiagramm\/#breadcrumb\",\"itemListElement\":[{\"@type\":\"ListItem\",\"position\":1,\"name\":\"Accueil\",\"item\":\"https:\/\/exceladvisor.org\/de\/\"},{\"@type\":\"ListItem\",\"position\":2,\"name\":\"Wie f\u00fcge ich ein personendiagramm in excel ein?\"}]},{\"@type\":\"WebSite\",\"@id\":\"https:\/\/exceladvisor.org\/de\/#website\",\"url\":\"https:\/\/exceladvisor.org\/de\/\",\"name\":\"Excel Advisor\",\"description\":\"Ihr Leitfaden zur Datendominanz\",\"publisher\":{\"@id\":\"https:\/\/exceladvisor.org\/de\/#organization\"},\"potentialAction\":[{\"@type\":\"SearchAction\",\"target\":{\"@type\":\"EntryPoint\",\"urlTemplate\":\"https:\/\/exceladvisor.org\/de\/?s={search_term_string}\"},\"query-input\":{\"@type\":\"PropertyValueSpecification\",\"valueRequired\":true,\"valueName\":\"search_term_string\"}}],\"inLanguage\":\"de\"},{\"@type\":\"Organization\",\"@id\":\"https:\/\/exceladvisor.org\/de\/#organization\",\"name\":\"Excel Advisor\",\"url\":\"https:\/\/exceladvisor.org\/de\/\",\"logo\":{\"@type\":\"ImageObject\",\"inLanguage\":\"de\",\"@id\":\"https:\/\/exceladvisor.org\/de\/#\/schema\/logo\/image\/\",\"url\":\"https:\/\/exceladvisor.org\/de\/wp-content\/uploads\/2023\/11\/exceladvisor.org_.png\",\"contentUrl\":\"https:\/\/exceladvisor.org\/de\/wp-content\/uploads\/2023\/11\/exceladvisor.org_.png\",\"width\":105,\"height\":36,\"caption\":\"Excel Advisor\"},\"image\":{\"@id\":\"https:\/\/exceladvisor.org\/de\/#\/schema\/logo\/image\/\"}}]}<\/script>\n<!-- \/ Yoast SEO plugin. -->","yoast_head_json":{"title":"Wie f\u00fcge ich ein Personendiagramm in Excel ein?","description":"Erfahren Sie, wie Sie ein Personendiagramm in Excel einf\u00fcgen. Eine Schritt-f\u00fcr-Schritt-Anleitung finden Sie hier.","robots":{"index":"index","follow":"follow","max-snippet":"max-snippet:-1","max-image-preview":"max-image-preview:large","max-video-preview":"max-video-preview:-1"},"canonical":"https:\/\/exceladvisor.org\/de\/personendiagramm\/","og_locale":"de_DE","og_type":"article","og_title":"Wie f\u00fcge ich ein Personendiagramm in Excel ein?","og_description":"Erfahren Sie, wie Sie ein Personendiagramm in Excel einf\u00fcgen. Eine Schritt-f\u00fcr-Schritt-Anleitung finden Sie hier.","og_url":"https:\/\/exceladvisor.org\/de\/personendiagramm\/","og_site_name":"Excel Advisor","article_modified_time":"2023-12-03T11:20:29+00:00","og_image":[{"url":"https:\/\/exceladvisor.org\/wp-content\/uploads\/2023\/08\/inserer-un-graphique-de-personnes-dans-excel-min-1.png","type":"","width":"","height":""}],"twitter_card":"summary_large_image","twitter_misc":{"Gesch\u00e4tzte Lesezeit":"3\u00a0Minuten"},"schema":{"@context":"https:\/\/schema.org","@graph":[{"@type":"WebPage","@id":"https:\/\/exceladvisor.org\/de\/personendiagramm\/","url":"https:\/\/exceladvisor.org\/de\/personendiagramm\/","name":"Wie f\u00fcge ich ein Personendiagramm in Excel ein?","isPartOf":{"@id":"https:\/\/exceladvisor.org\/de\/#website"},"primaryImageOfPage":{"@id":"https:\/\/exceladvisor.org\/de\/personendiagramm\/#primaryimage"},"image":{"@id":"https:\/\/exceladvisor.org\/de\/personendiagramm\/#primaryimage"},"thumbnailUrl":"https:\/\/exceladvisor.org\/wp-content\/uploads\/2023\/08\/inserer-un-graphique-de-personnes-dans-excel-min-1.png","datePublished":"2023-10-27T19:06:55+00:00","dateModified":"2023-12-03T11:20:29+00:00","description":"Erfahren Sie, wie Sie ein Personendiagramm in Excel einf\u00fcgen. Eine Schritt-f\u00fcr-Schritt-Anleitung finden Sie hier.","breadcrumb":{"@id":"https:\/\/exceladvisor.org\/de\/personendiagramm\/#breadcrumb"},"inLanguage":"de","potentialAction":[{"@type":"ReadAction","target":["https:\/\/exceladvisor.org\/de\/personendiagramm\/"]}]},{"@type":"ImageObject","inLanguage":"de","@id":"https:\/\/exceladvisor.org\/de\/personendiagramm\/#primaryimage","url":"https:\/\/exceladvisor.org\/wp-content\/uploads\/2023\/08\/inserer-un-graphique-de-personnes-dans-excel-min-1.png","contentUrl":"https:\/\/exceladvisor.org\/wp-content\/uploads\/2023\/08\/inserer-un-graphique-de-personnes-dans-excel-min-1.png"},{"@type":"BreadcrumbList","@id":"https:\/\/exceladvisor.org\/de\/personendiagramm\/#breadcrumb","itemListElement":[{"@type":"ListItem","position":1,"name":"Accueil","item":"https:\/\/exceladvisor.org\/de\/"},{"@type":"ListItem","position":2,"name":"Wie f\u00fcge ich ein personendiagramm in excel ein?"}]},{"@type":"WebSite","@id":"https:\/\/exceladvisor.org\/de\/#website","url":"https:\/\/exceladvisor.org\/de\/","name":"Excel Advisor","description":"Ihr Leitfaden zur Datendominanz","publisher":{"@id":"https:\/\/exceladvisor.org\/de\/#organization"},"potentialAction":[{"@type":"SearchAction","target":{"@type":"EntryPoint","urlTemplate":"https:\/\/exceladvisor.org\/de\/?s={search_term_string}"},"query-input":{"@type":"PropertyValueSpecification","valueRequired":true,"valueName":"search_term_string"}}],"inLanguage":"de"},{"@type":"Organization","@id":"https:\/\/exceladvisor.org\/de\/#organization","name":"Excel Advisor","url":"https:\/\/exceladvisor.org\/de\/","logo":{"@type":"ImageObject","inLanguage":"de","@id":"https:\/\/exceladvisor.org\/de\/#\/schema\/logo\/image\/","url":"https:\/\/exceladvisor.org\/de\/wp-content\/uploads\/2023\/11\/exceladvisor.org_.png","contentUrl":"https:\/\/exceladvisor.org\/de\/wp-content\/uploads\/2023\/11\/exceladvisor.org_.png","width":105,"height":36,"caption":"Excel Advisor"},"image":{"@id":"https:\/\/exceladvisor.org\/de\/#\/schema\/logo\/image\/"}}]}},"yoast_meta":{"yoast_wpseo_title":"","yoast_wpseo_metadesc":"","yoast_wpseo_canonical":""},"_links":{"self":[{"href":"https:\/\/exceladvisor.org\/de\/wp-json\/wp\/v2\/pages\/3422","targetHints":{"allow":["GET"]}}],"collection":[{"href":"https:\/\/exceladvisor.org\/de\/wp-json\/wp\/v2\/pages"}],"about":[{"href":"https:\/\/exceladvisor.org\/de\/wp-json\/wp\/v2\/types\/page"}],"author":[{"embeddable":true,"href":"https:\/\/exceladvisor.org\/de\/wp-json\/wp\/v2\/users\/1"}],"replies":[{"embeddable":true,"href":"https:\/\/exceladvisor.org\/de\/wp-json\/wp\/v2\/comments?post=3422"}],"version-history":[{"count":1,"href":"https:\/\/exceladvisor.org\/de\/wp-json\/wp\/v2\/pages\/3422\/revisions"}],"predecessor-version":[{"id":4010,"href":"https:\/\/exceladvisor.org\/de\/wp-json\/wp\/v2\/pages\/3422\/revisions\/4010"}],"wp:attachment":[{"href":"https:\/\/exceladvisor.org\/de\/wp-json\/wp\/v2\/media?parent=3422"}],"curies":[{"name":"wp","href":"https:\/\/api.w.org\/{rel}","templated":true}]}}