{"id":3423,"date":"2023-10-27T17:17:39","date_gmt":"2023-10-27T17:17:39","guid":{"rendered":"https:\/\/exceladvisor.org\/de\/erweiterte-grafik\/"},"modified":"2023-12-03T11:12:56","modified_gmt":"2023-12-03T11:12:56","slug":"erweiterte-grafik","status":"publish","type":"page","link":"https:\/\/exceladvisor.org\/de\/erweiterte-grafik\/","title":{"rendered":"Top 10 der erweiterten excel-tabellen und -diagramme"},"content":{"rendered":"<div class=\"excel-vor-dem-inhalt\" id=\"excel-3694326075\"><script type=\"text\/javascript\">\r\n\tatOptions = {\r\n\t\t'key' : 'c1158f160081d6540a8409e6925dab94',\r\n\t\t'format' : 'iframe',\r\n\t\t'height' : 250,\r\n\t\t'width' : 300,\r\n\t\t'params' : {}\r\n\t};\r\n<\/script>\r\n<script type=\"text\/javascript\" src=\"\/\/www.highperformanceformat.com\/c1158f160081d6540a8409e6925dab94\/invoke.js\"><\/script><\/div> <p class=\"has-text-align-left\">Diagramme sind einer der wichtigsten Bestandteile von Microsoft Excel. Dies hilft uns, unsere Daten verst\u00e4ndlich darzustellen. In Excel verf\u00fcgen wir \u00fcber verschiedene Arten von Tabellen und Diagrammen, um unsere Daten auf unterschiedliche Weise darzustellen.<\/p><p> Es gibt sogar viele erweiterte Diagramme und Grafiken, die wir in Excel erstellen k\u00f6nnen, indem wir kleine \u00c4nderungen an den Standarddiagrammen vornehmen. Die schlechte Nachricht ist, dass sich die meisten Excel-Benutzer nicht viel mit Diagrammtechniken befassen. Aber Sie k\u00f6nnen lernen, wie Sie all diese Grafiken mit etwas mehr Aufwand erstellen.<\/p><p> Der Vorteil der Verwendung erweiterter Diagramme in Excel besteht darin, dass sie sich auf einen bestimmten Datentyp konzentrieren und ihn verst\u00e4ndlicher machen. Heute habe ich in diesem Artikel eine Liste der Top 10 der erweiterten Excel-Tabellen und -Diagramme nur f\u00fcr Sie.<\/p><p> Und diese Diagramme k\u00f6nnen Ihnen helfen, ein Diagrammexperte zu werden, und Sie k\u00f6nnen \u00fcber Nacht in Ihrem B\u00fcro zur Diagrammsensation werden. Deshalb ist dies Teil unserer Liste <a style=\"outline: none;\" href=\"https:\/\/exceladvisor.org\/de\/hervorragende-fahigkeiten\/\">fortgeschrittener Excel-Kenntnisse<\/a> .<\/p><p class=\"qt-tip\"> <strong>Hinweis:<\/strong> F\u00fcr jedes Diagramm gibt es eine detaillierte Schritt-f\u00fcr-Schritt-Anleitung, in der Sie sehen und erfahren, wie Sie es erstellen. Sie k\u00f6nnen <strong><a style=\"outline: none;\" href=\"https:\/\/exceladvisor.org\/wp-content\/uploads\/2023\/11\/graphiques-excel-avances.zip\" rel=\"nofollow\" data-wpel-link=\"internal\">hier auch alle Vorlagen herunterladen, um mehr zu erfahren<\/a><\/strong> .<\/p><h2 class=\"wp-block-heading\"> Was ist eine erweiterte Excel-Tabelle oder ein erweitertes Excel-Diagramm?<\/h2><p> Ein erweitertes Excel-Diagramm oder Diagramm ist ein Diagramm, das einem bestimmten Zweck dient oder Daten auf eine bestimmte Art und Weise f\u00fcr einen bestimmten Zweck darstellt. In Excel kann ein erweitertes Diagramm unter Verwendung der bereits in Excel vorhandenen Basisdiagramme, von Grund auf oder mithilfe vordefinierter Vorlagen und Add-Ins erstellt werden.<\/p><h2 class=\"wp-block-heading\"> 10 erweiterte Excel-Tabellen und Diagramme<\/h2><p> Nachfolgend finden Sie eine Liste der wichtigsten erweiterten Tabellen und Diagramme, die in diesem Handbuch behandelt werden.<\/p><h3 class=\"wp-block-heading\"> 1. <a style=\"outline: none;\" href=\"https:\/\/exceladvisor.org\/de\/tabelle-der-schritte\/\" data-wpel-link=\"internal\">Stufentabelle<\/a><\/h3><p id=\"tab-con-14\"> Ein Stufendiagramm ist eine erweiterte Version eines Liniendiagramms. Es ist ideal, wenn Sie in unregelm\u00e4\u00dfigen Abst\u00e4nden vorgenommene \u00c4nderungen anzeigen m\u00f6chten. Im Gegensatz zum Liniendiagramm werden Datenpunkte nicht \u00fcber eine Kurzstreckenlinie miteinander verbunden. Es verwendet vertikale und horizontale Linien, um Datenpunkte zu verbinden. <\/p><div class=\"wp-block-image\"><figure class=\"aligncenter\"><img decoding=\"async\" src=\"https:\/\/exceladvisor.org\/wp-content\/uploads\/2023\/08\/graphiques-excel-avances-etape-min-2.png\" sizes=\"\" srcset=\"\" alt=\"\"><\/figure><\/div><h4 id=\"tab-con-0\" class=\"wp-block-heading\"> <span style=\"font-weight: normal;\">Vorteile des Stufendiagramms<\/span><\/h4><ol><li> Dies hilft dabei, den genauen Zeitpunkt der \u00c4nderung anzuzeigen.<\/li><li> Gibt den tats\u00e4chlichen Trend der Daten im gesamten Zeitraum an.<\/li><li> In einem Liniendiagramm ist es nicht m\u00f6glich, den konstanten Zeitraum anzuzeigen, aber im Stufendiagramm k\u00f6nnen Sie ihn anzeigen.<\/li><li> Zeigt Ihnen die tats\u00e4chliche Anzahl der \u00c4nderungen an, die w\u00e4hrend eines Zeitraums aufgetreten sind.<\/li><\/ol><h3 class=\"wp-block-heading\"> 2. <a style=\"outline: none;\" href=\"https:\/\/exceladvisor.org\/de\/meilensteindiagramm\/\" data-wpel-link=\"internal\">Stufentisch<\/a><\/h3><p> Ein Meilensteindiagramm wird auch als Zeitleistendiagramm bezeichnet. Es ist eines der beliebtesten Diagramme von Projektmanagern und hilft ihnen, den Fortschritt ihres Projekts einfach zu verfolgen. Es ist wie ein Moment, in dem jeder Schritt des Projekts mit dem Fertigstellungsdatum festgehalten wird.<\/p><blockquote class=\"wp-block-quote\"><p> <span style=\"font-family: Georgia,serif;\">Meilensteine sind Werkzeuge, die im Projektmanagement verwendet werden, um bestimmte Punkte im Projektplan zu markieren. Diese Punkte k\u00f6nnen Anker signalisieren, wie unter anderem ein Projektstart- und -enddatum, die Notwendigkeit einer externen \u00dcberpr\u00fcfung oder die \u00dcberpr\u00fcfung von Eingaben und Budget. \u2013Wikipedia<\/span> <\/p><\/blockquote><div class=\"wp-block-image\"><figure class=\"aligncenter\"><img decoding=\"async\" title=\"Advanced-Excel-Charts-Meilenstein-Min\" src=\"https:\/\/exceladvisor.org\/wp-content\/uploads\/2023\/08\/graphiques-excel-avances-etape-min-3.png\" sizes=\"\" srcset=\"\" alt=\"advanced-excel-charts-milestone\"><\/figure><\/div><h4 id=\"tab-con-2\" class=\"wp-block-heading\"> <span style=\"font-weight: normal;\">Vorteile des Stufendiagramms<\/span><\/h4><ol><li> Es ist einfach zu erstellen und leicht verst\u00e4ndlich.<\/li><li> Sie haben alle wichtigen Informationen in einem Diagramm.<\/li><\/ol><h3 class=\"wp-block-heading\"> 3. <a href=\"https:\/\/exceladvisor.org\/de\/waffelgrafik\/\" data-wpel-link=\"internal\">Waffeldiagramm<\/a><\/h3><p> Ein Waffeldiagramm ist eher ein quadratisches Kreisdiagramm. Es ist ein Stapel aus 100 kleinen Quadraten, wobei ein Quadrat 1 % des Gesamtwerts darstellt. Ich bin sicher, Sie haben es in den Dashboards und Diagrammen von Nachrichtenartikeln gesehen. Und um es zu erstellen, m\u00fcssen wir eine bedingte Formatierung verwenden. <\/p><div class=\"wp-block-image\"><figure class=\"aligncenter\"><img decoding=\"async\" src=\"https:\/\/exceladvisor.org\/wp-content\/uploads\/2023\/08\/gaufre-de-graphiques-excel-avances-1.gif\" sizes=\"\" srcset=\"\" alt=\"\"><\/figure><\/div><h4 id=\"tab-con-3\" class=\"wp-block-heading\"> <span style=\"font-weight: normal;\">Vorteile von gepr\u00e4gten Grafiken<\/span><\/h4><ol><li> Ideal f\u00fcr Einzelpunkt-Ziel versus Leistung.<\/li><li> Einfach zu erstellen und f\u00fcr den Benutzer einfach zu verstehen.<\/li><\/ol><h3 class=\"wp-block-heading\"> 4. <a style=\"outline: none;\" href=\"https:\/\/exceladvisor.org\/de\/tornado-diagramm\/\" data-wpel-link=\"internal\">Tornado-Karte<\/a><\/h3><p> Wenn es darum geht, zu zeigen, wie verschiedene Dinge miteinander verglichen werden, kann Ihnen das Tornado-Diagramm hilfreich sein. Es sieht aus wie ein echter Tornado, bei dem die gr\u00f6\u00dferen Objekte oben und die kleineren unten liegen. Und jedes Element hat ein Gegenelement zum Vergleich. <\/p><div class=\"wp-block-image\"><figure class=\"aligncenter\"><img decoding=\"async\" src=\"https:\/\/exceladvisor.org\/wp-content\/uploads\/2023\/08\/graphiques-excel-avances-tornade-min-1.png\" sizes=\"\" srcset=\"\" alt=\"\"><\/figure><\/div><h4 id=\"tab-con-4\" class=\"wp-block-heading\"> <span style=\"font-weight: normal;\">Vorteile von Tornado Chart<\/span><\/h4><ol><li> Es kann problemlos Elemente f\u00fcr zwei verschiedene Zeitr\u00e4ume vergleichen.<\/li><li> Bestimmen Sie auch die oberen und unteren Elemente.<\/li><\/ol><h3 class=\"wp-block-heading\"> 5. <a style=\"outline: none;\" href=\"https:\/\/exceladvisor.org\/de\/gantt-diagramm\/\" data-wpel-link=\"internal\">Gantt-Diagramm<\/a><\/h3><p> Das Gantt-Diagramm ist eines der n\u00fctzlichsten Diagramme f\u00fcr Projektmanager. Dies kann uns helfen, den Fortschritt des Projekts zu verfolgen. Im Gegensatz zu einem Meilensteindiagramm kann ein Gantt-Diagramm abgeschlossene Tage, \u00fcberf\u00e4llige Tage, ausstehende Tage, Gesamttage usw. verfolgen. Kurz gesagt, es handelt sich um ein komplettes Board zur Verfolgung Ihrer Projekte mit allen wichtigen Details, die jeder ben\u00f6tigt. <\/p><div class=\"wp-block-image\"><figure class=\"aligncenter\"><img decoding=\"async\" src=\"https:\/\/exceladvisor.org\/wp-content\/uploads\/2023\/08\/graphiques-excel-avances-gantt-min-1.png\" sizes=\"\" srcset=\"\" alt=\"\"><\/figure><\/div><h4 id=\"tab-con-5\" class=\"wp-block-heading\"> <span style=\"font-weight: normal;\">Vorteile des Gantt-Diagramms<\/span><\/h4><ol><li> Es handelt sich um eine vollst\u00e4ndige Tabelle mit allen Details zur Verfolgung eines Projekts.<\/li><li> Dies erleichtert die Entscheidungsfindung und erm\u00f6glicht es uns, unseren Projektplan regelm\u00e4\u00dfig zu \u00fcberpr\u00fcfen, um Konflikte oder andere Probleme zu lokalisieren.<\/li><\/ol><h3 class=\"wp-block-heading\"> 6. <a style=\"outline: none;\" href=\"https:\/\/exceladvisor.org\/de\/schwarzes-brett\/\" data-wpel-link=\"internal\">Bulletboard<\/a><\/h3><p> Ein Bullet-Diagramm ist wie ein S\u00e4ulendiagramm, aber statt mehrerer S\u00e4ulen haben wir nur eine. Dies kann uns helfen, ein einzelnes Ziel im Vergleich zum Erreichen zu verfolgen. Ein Bullet-Diagramm besteht aus drei Hauptkomponenten:<\/p><ol><li> Eine Zielmarkierung zur Darstellung des Ziels.<\/li><li> Ein Leistungsbalken zur Darstellung des tats\u00e4chlichen Werts.<\/li><li> Ein Vergleichsbereich f\u00fcr das Farbthema. <\/li><\/ol><div class=\"wp-block-image\"><figure class=\"aligncenter\"><img decoding=\"async\" src=\"https:\/\/exceladvisor.org\/wp-content\/uploads\/2023\/08\/graphiques-excel-avances-puce-1.png\" sizes=\"\" srcset=\"\" alt=\"Advanced-Excel-Grafikchips\"><\/figure><\/div><h4 id=\"tab-con-6\" class=\"wp-block-heading\"> <span style=\"font-weight: normal;\">Vorteile des Bullet-Charts<\/span><\/h4><ol><li> Bestes Diagramm zum Verfolgen eines Einzelpunktziels im Vergleich zum Erreichen.<\/li><li> Es wird verwendet, um Armaturenbrett-Anzeigen und Messger\u00e4te zu ersetzen.<\/li><\/ol><h3 class=\"wp-block-heading\"> 7. <a style=\"outline: none;\" href=\"https:\/\/exceladvisor.org\/de\/thermometertabelle\/\" data-wpel-link=\"internal\">Thermometerdiagramm<\/a><\/h3><p> Ein Thermometerdiagramm ist ein weiteres n\u00fctzliches Diagramm zur Verfolgung eines Einzelpunktziels im Vergleich zum Erreichen und kann uns dabei helfen, unsere Daten auf verst\u00e4ndliche Weise darzustellen. Es sieht aus wie ein Thermometer, bei dem die gesamte Tafel das Ziel darstellt und der ausgef\u00fcllte Teil die Leistung darstellt. Der abgeschlossene Teil erh\u00f6ht sich mit zunehmendem Erfolg. <\/p><div class=\"wp-block-image\"><figure class=\"aligncenter\"><img decoding=\"async\" src=\"https:\/\/exceladvisor.org\/wp-content\/uploads\/2023\/08\/thermometre-graphique-excel-avance-1.gif\" sizes=\"\" srcset=\"\" alt=\"\"><\/figure><\/div><h4 id=\"tab-con-7\" class=\"wp-block-heading\"> <span style=\"font-weight: normal;\">Vorteile der Thermometertabelle<\/span><\/h4><ol><li> Es ist einfach zu verstehen und leicht zu erstellen.<\/li><li> Dies ist ein perfektes Diagramm zur Verwendung in Dashboards.<\/li><\/ol><h3 class=\"wp-block-heading\"> 8. <a style=\"outline: none;\" href=\"https:\/\/exceladvisor.org\/de\/tachometer\/\" data-wpil=\"url\" data-wpel-link=\"internal\">Tachometer<\/a><\/h3><p> So etwas k\u00f6nnen Sie in Ihrem Alltag finden [sehen Sie sich einfach den TACHOMETER in Ihrem Auto an]. Es wird auch als Messdiagramm bezeichnet. <\/p><div class=\"wp-block-image\"><figure class=\"aligncenter\"><img decoding=\"async\" src=\"https:\/\/exceladvisor.org\/wp-content\/uploads\/2023\/08\/etapes-simples-pour-creer-un-indicateur-de-vitesse-dans-excel.png\" sizes=\"\" srcset=\"\" alt=\"\"><\/figure><\/div><h4 id=\"tab-con-8\" class=\"wp-block-heading\"> <span style=\"font-weight: normal;\">Vorteile von Speed-o-Meter<\/span><\/h4><ol><li> Es kann Ihnen dabei helfen, aktuelle Daten in Ihrem Dashboard und Ihren KPIs darzustellen.<\/li><li> Es ist einfach zu erstellen und f\u00fcr Benutzer leicht zu verstehen.<\/li><\/ol><h3 class=\"wp-block-heading\"> 9. <a style=\"outline: none;\" href=\"https:\/\/exceladvisor.org\/de\/pyramidendiagramm\/\" data-wpel-link=\"internal\">Alterspyramide<\/a><\/h3><p> Ein demografisches Diagramm ist ein zweiseitiges Balkendiagramm, das uns hilft, die Bev\u00f6lkerung verschiedener Altersgruppen und Geschlechter zu vergleichen. <\/p><div class=\"wp-block-image\"><figure class=\"aligncenter\"><img decoding=\"async\" src=\"https:\/\/exceladvisor.org\/wp-content\/uploads\/2023\/08\/graphiques-excel-avances-pyramide-des-ages-1.gif\" sizes=\"\" srcset=\"\" alt=\"\"><\/figure><\/div><h4 id=\"tab-con-9\" class=\"wp-block-heading\"> <span style=\"font-weight: normal;\">Vorteile der Alterspyramide<\/span><\/h4><ol><li> Durch den Vergleich zweier Elemente k\u00f6nnen Sie leicht erkennen, welche Gruppe w\u00e4chst.<\/li><li> Wir k\u00f6nnen es auch verwenden, um Artikel f\u00fcr zwei verschiedene Zeitr\u00e4ume zu vergleichen.<\/li><\/ol><h3 class=\"wp-block-heading\"> 10. <a style=\"outline: none;\" href=\"https:\/\/exceladvisor.org\/de\/piktogramm\/\" data-wpel-link=\"internal\">Piktogramm<\/a><\/h3><p> Ein Piktogramm ist keine eigenst\u00e4ndige Grafikart. Durch die Erstellung eines Piktogramms k\u00f6nnen wir ein Bild in einer Grafik verwenden, um es ansehnlicher zu machen. So wie wir in der folgenden Tabelle ein Symbol verwendet haben, um die Anzahl der Mitarbeiter in einem Unternehmen in verschiedenen Altersgruppen darzustellen. <\/p><div class=\"wp-block-image\"><figure class=\"aligncenter\"><img decoding=\"async\" src=\"https:\/\/exceladvisor.org\/wp-content\/uploads\/2023\/08\/pictogramme-de-graphiques-excel-avance.gif\" sizes=\"\" srcset=\"\" alt=\"Erweitertes Excel-Diagramm-Piktogramm\"><\/figure><\/div><h4 class=\"wp-block-heading\"> <span style=\"font-weight: normal;\">Vorteile des Piktogramms<\/span><\/h4><ol><li> Durch die Verwendung eines Bildes in einem Diagramm wird dieses aussagekr\u00e4ftiger.<\/li><li> Dies hilft uns, unsere Mapping-F\u00e4higkeiten auf ein ganz neues Niveau zu heben.<\/li><\/ol><h2 class=\"wp-block-heading\"> Abschluss<\/h2><p> Fortgeschrittene Diagrammtechniken geh\u00f6ren zu den Dingen, die Experten von Excel-Neulingen unterscheiden.<\/p><p> Wie ich bereits sagte, werden Ihre Daten durch die Verwendung erweiterter Excel-Diagramme fokussierter und leichter verst\u00e4ndlich. Sie k\u00f6nnen sie auch in Ihren Dashboards und Vorlagen verwenden, um sie effektiver zu gestalten.<\/p><p> Ich hoffe, dass die Liste der Diagramme, die ich mit Ihnen geteilt habe, Ihnen dabei helfen wird, das Zeichnen von Diagrammen zu verbessern, aber jetzt m\u00fcssen Sie mir noch etwas sagen.<\/p><p style=\"font-size: 26px;\"> <em>Haben Sie ein weiteres Diagramm, das Sie bei Ihrer Arbeit h\u00e4ufig verwenden?<\/em><\/p><p> Teilen Sie es mir im Kommentarbereich mit, ich w\u00fcrde mich freuen, von Ihnen zu h\u00f6ren, und vergessen Sie nicht, diese Liste mit Ihren Freunden zu teilen. Ich bin mir sicher, dass sie es zu sch\u00e4tzen wissen werden.<\/p>","protected":false},"excerpt":{"rendered":"","protected":false},"author":1,"featured_media":0,"parent":0,"menu_order":0,"comment_status":"open","ping_status":"closed","template":"","meta":{"ub_ctt_via":"","footnotes":""},"class_list":["post-3423","page","type-page","status-publish","hentry"],"featured_image_src":null,"yoast_head":"<!-- This site is optimized with the Yoast SEO plugin v25.4 - https:\/\/yoast.com\/wordpress\/plugins\/seo\/ -->\n<title>Die 10 FORTGESCHRITTENEN Excel-Tabellen und -Diagramme (kostenlos 2023)<\/title>\n<meta name=\"description\" content=\"Diese erweiterten Excel-Diagramme werden Ihnen helfen, in Ihrem B\u00fcro zur Chart-Sensation zu werden.\" \/>\n<meta name=\"robots\" content=\"index, follow, max-snippet:-1, max-image-preview:large, max-video-preview:-1\" \/>\n<link rel=\"canonical\" href=\"https:\/\/exceladvisor.org\/de\/erweiterte-grafik\/\" \/>\n<meta property=\"og:locale\" content=\"de_DE\" \/>\n<meta property=\"og:type\" content=\"article\" \/>\n<meta property=\"og:title\" content=\"Die 10 FORTGESCHRITTENEN Excel-Tabellen und -Diagramme (kostenlos 2023)\" \/>\n<meta property=\"og:description\" content=\"Diese erweiterten Excel-Diagramme werden Ihnen helfen, in Ihrem B\u00fcro zur Chart-Sensation zu werden.\" \/>\n<meta property=\"og:url\" content=\"https:\/\/exceladvisor.org\/de\/erweiterte-grafik\/\" \/>\n<meta property=\"og:site_name\" content=\"Excel Advisor\" \/>\n<meta property=\"article:modified_time\" content=\"2023-12-03T11:12:56+00:00\" \/>\n<meta property=\"og:image\" content=\"https:\/\/exceladvisor.org\/wp-content\/uploads\/2023\/08\/graphiques-excel-avances-etape-min-2.png\" \/>\n<meta name=\"twitter:card\" content=\"summary_large_image\" \/>\n<meta name=\"twitter:label1\" content=\"Gesch\u00e4tzte Lesezeit\" \/>\n\t<meta name=\"twitter:data1\" content=\"6\u00a0Minuten\" \/>\n<script type=\"application\/ld+json\" class=\"yoast-schema-graph\">{\"@context\":\"https:\/\/schema.org\",\"@graph\":[{\"@type\":\"WebPage\",\"@id\":\"https:\/\/exceladvisor.org\/de\/erweiterte-grafik\/\",\"url\":\"https:\/\/exceladvisor.org\/de\/erweiterte-grafik\/\",\"name\":\"Die 10 FORTGESCHRITTENEN Excel-Tabellen und -Diagramme (kostenlos 2023)\",\"isPartOf\":{\"@id\":\"https:\/\/exceladvisor.org\/de\/#website\"},\"primaryImageOfPage\":{\"@id\":\"https:\/\/exceladvisor.org\/de\/erweiterte-grafik\/#primaryimage\"},\"image\":{\"@id\":\"https:\/\/exceladvisor.org\/de\/erweiterte-grafik\/#primaryimage\"},\"thumbnailUrl\":\"https:\/\/exceladvisor.org\/wp-content\/uploads\/2023\/08\/graphiques-excel-avances-etape-min-2.png\",\"datePublished\":\"2023-10-27T17:17:39+00:00\",\"dateModified\":\"2023-12-03T11:12:56+00:00\",\"description\":\"Diese erweiterten Excel-Diagramme werden Ihnen helfen, in Ihrem B\u00fcro zur Chart-Sensation zu werden.\",\"breadcrumb\":{\"@id\":\"https:\/\/exceladvisor.org\/de\/erweiterte-grafik\/#breadcrumb\"},\"inLanguage\":\"de\",\"potentialAction\":[{\"@type\":\"ReadAction\",\"target\":[\"https:\/\/exceladvisor.org\/de\/erweiterte-grafik\/\"]}]},{\"@type\":\"ImageObject\",\"inLanguage\":\"de\",\"@id\":\"https:\/\/exceladvisor.org\/de\/erweiterte-grafik\/#primaryimage\",\"url\":\"https:\/\/exceladvisor.org\/wp-content\/uploads\/2023\/08\/graphiques-excel-avances-etape-min-2.png\",\"contentUrl\":\"https:\/\/exceladvisor.org\/wp-content\/uploads\/2023\/08\/graphiques-excel-avances-etape-min-2.png\"},{\"@type\":\"BreadcrumbList\",\"@id\":\"https:\/\/exceladvisor.org\/de\/erweiterte-grafik\/#breadcrumb\",\"itemListElement\":[{\"@type\":\"ListItem\",\"position\":1,\"name\":\"Accueil\",\"item\":\"https:\/\/exceladvisor.org\/de\/\"},{\"@type\":\"ListItem\",\"position\":2,\"name\":\"Top 10 der erweiterten excel-tabellen und -diagramme\"}]},{\"@type\":\"WebSite\",\"@id\":\"https:\/\/exceladvisor.org\/de\/#website\",\"url\":\"https:\/\/exceladvisor.org\/de\/\",\"name\":\"Excel Advisor\",\"description\":\"Ihr Leitfaden zur Datendominanz\",\"publisher\":{\"@id\":\"https:\/\/exceladvisor.org\/de\/#organization\"},\"potentialAction\":[{\"@type\":\"SearchAction\",\"target\":{\"@type\":\"EntryPoint\",\"urlTemplate\":\"https:\/\/exceladvisor.org\/de\/?s={search_term_string}\"},\"query-input\":{\"@type\":\"PropertyValueSpecification\",\"valueRequired\":true,\"valueName\":\"search_term_string\"}}],\"inLanguage\":\"de\"},{\"@type\":\"Organization\",\"@id\":\"https:\/\/exceladvisor.org\/de\/#organization\",\"name\":\"Excel Advisor\",\"url\":\"https:\/\/exceladvisor.org\/de\/\",\"logo\":{\"@type\":\"ImageObject\",\"inLanguage\":\"de\",\"@id\":\"https:\/\/exceladvisor.org\/de\/#\/schema\/logo\/image\/\",\"url\":\"https:\/\/exceladvisor.org\/de\/wp-content\/uploads\/2023\/11\/exceladvisor.org_.png\",\"contentUrl\":\"https:\/\/exceladvisor.org\/de\/wp-content\/uploads\/2023\/11\/exceladvisor.org_.png\",\"width\":105,\"height\":36,\"caption\":\"Excel Advisor\"},\"image\":{\"@id\":\"https:\/\/exceladvisor.org\/de\/#\/schema\/logo\/image\/\"}}]}<\/script>\n<!-- \/ Yoast SEO plugin. -->","yoast_head_json":{"title":"Die 10 FORTGESCHRITTENEN Excel-Tabellen und -Diagramme (kostenlos 2023)","description":"Diese erweiterten Excel-Diagramme werden Ihnen helfen, in Ihrem B\u00fcro zur Chart-Sensation zu werden.","robots":{"index":"index","follow":"follow","max-snippet":"max-snippet:-1","max-image-preview":"max-image-preview:large","max-video-preview":"max-video-preview:-1"},"canonical":"https:\/\/exceladvisor.org\/de\/erweiterte-grafik\/","og_locale":"de_DE","og_type":"article","og_title":"Die 10 FORTGESCHRITTENEN Excel-Tabellen und -Diagramme (kostenlos 2023)","og_description":"Diese erweiterten Excel-Diagramme werden Ihnen helfen, in Ihrem B\u00fcro zur Chart-Sensation zu werden.","og_url":"https:\/\/exceladvisor.org\/de\/erweiterte-grafik\/","og_site_name":"Excel Advisor","article_modified_time":"2023-12-03T11:12:56+00:00","og_image":[{"url":"https:\/\/exceladvisor.org\/wp-content\/uploads\/2023\/08\/graphiques-excel-avances-etape-min-2.png","type":"","width":"","height":""}],"twitter_card":"summary_large_image","twitter_misc":{"Gesch\u00e4tzte Lesezeit":"6\u00a0Minuten"},"schema":{"@context":"https:\/\/schema.org","@graph":[{"@type":"WebPage","@id":"https:\/\/exceladvisor.org\/de\/erweiterte-grafik\/","url":"https:\/\/exceladvisor.org\/de\/erweiterte-grafik\/","name":"Die 10 FORTGESCHRITTENEN Excel-Tabellen und -Diagramme (kostenlos 2023)","isPartOf":{"@id":"https:\/\/exceladvisor.org\/de\/#website"},"primaryImageOfPage":{"@id":"https:\/\/exceladvisor.org\/de\/erweiterte-grafik\/#primaryimage"},"image":{"@id":"https:\/\/exceladvisor.org\/de\/erweiterte-grafik\/#primaryimage"},"thumbnailUrl":"https:\/\/exceladvisor.org\/wp-content\/uploads\/2023\/08\/graphiques-excel-avances-etape-min-2.png","datePublished":"2023-10-27T17:17:39+00:00","dateModified":"2023-12-03T11:12:56+00:00","description":"Diese erweiterten Excel-Diagramme werden Ihnen helfen, in Ihrem B\u00fcro zur Chart-Sensation zu werden.","breadcrumb":{"@id":"https:\/\/exceladvisor.org\/de\/erweiterte-grafik\/#breadcrumb"},"inLanguage":"de","potentialAction":[{"@type":"ReadAction","target":["https:\/\/exceladvisor.org\/de\/erweiterte-grafik\/"]}]},{"@type":"ImageObject","inLanguage":"de","@id":"https:\/\/exceladvisor.org\/de\/erweiterte-grafik\/#primaryimage","url":"https:\/\/exceladvisor.org\/wp-content\/uploads\/2023\/08\/graphiques-excel-avances-etape-min-2.png","contentUrl":"https:\/\/exceladvisor.org\/wp-content\/uploads\/2023\/08\/graphiques-excel-avances-etape-min-2.png"},{"@type":"BreadcrumbList","@id":"https:\/\/exceladvisor.org\/de\/erweiterte-grafik\/#breadcrumb","itemListElement":[{"@type":"ListItem","position":1,"name":"Accueil","item":"https:\/\/exceladvisor.org\/de\/"},{"@type":"ListItem","position":2,"name":"Top 10 der erweiterten excel-tabellen und -diagramme"}]},{"@type":"WebSite","@id":"https:\/\/exceladvisor.org\/de\/#website","url":"https:\/\/exceladvisor.org\/de\/","name":"Excel Advisor","description":"Ihr Leitfaden zur Datendominanz","publisher":{"@id":"https:\/\/exceladvisor.org\/de\/#organization"},"potentialAction":[{"@type":"SearchAction","target":{"@type":"EntryPoint","urlTemplate":"https:\/\/exceladvisor.org\/de\/?s={search_term_string}"},"query-input":{"@type":"PropertyValueSpecification","valueRequired":true,"valueName":"search_term_string"}}],"inLanguage":"de"},{"@type":"Organization","@id":"https:\/\/exceladvisor.org\/de\/#organization","name":"Excel Advisor","url":"https:\/\/exceladvisor.org\/de\/","logo":{"@type":"ImageObject","inLanguage":"de","@id":"https:\/\/exceladvisor.org\/de\/#\/schema\/logo\/image\/","url":"https:\/\/exceladvisor.org\/de\/wp-content\/uploads\/2023\/11\/exceladvisor.org_.png","contentUrl":"https:\/\/exceladvisor.org\/de\/wp-content\/uploads\/2023\/11\/exceladvisor.org_.png","width":105,"height":36,"caption":"Excel Advisor"},"image":{"@id":"https:\/\/exceladvisor.org\/de\/#\/schema\/logo\/image\/"}}]}},"yoast_meta":{"yoast_wpseo_title":"","yoast_wpseo_metadesc":"","yoast_wpseo_canonical":""},"_links":{"self":[{"href":"https:\/\/exceladvisor.org\/de\/wp-json\/wp\/v2\/pages\/3423","targetHints":{"allow":["GET"]}}],"collection":[{"href":"https:\/\/exceladvisor.org\/de\/wp-json\/wp\/v2\/pages"}],"about":[{"href":"https:\/\/exceladvisor.org\/de\/wp-json\/wp\/v2\/types\/page"}],"author":[{"embeddable":true,"href":"https:\/\/exceladvisor.org\/de\/wp-json\/wp\/v2\/users\/1"}],"replies":[{"embeddable":true,"href":"https:\/\/exceladvisor.org\/de\/wp-json\/wp\/v2\/comments?post=3423"}],"version-history":[{"count":1,"href":"https:\/\/exceladvisor.org\/de\/wp-json\/wp\/v2\/pages\/3423\/revisions"}],"predecessor-version":[{"id":3797,"href":"https:\/\/exceladvisor.org\/de\/wp-json\/wp\/v2\/pages\/3423\/revisions\/3797"}],"wp:attachment":[{"href":"https:\/\/exceladvisor.org\/de\/wp-json\/wp\/v2\/media?parent=3423"}],"curies":[{"name":"wp","href":"https:\/\/api.w.org\/{rel}","templated":true}]}}